{"id":30008,"date":"2021-11-22T09:15:48","date_gmt":"2021-11-22T08:15:48","guid":{"rendered":"https:\/\/sha.de\/contacto-2021"},"modified":"2025-07-03T12:07:55","modified_gmt":"2025-07-03T10:07:55","slug":"contacto-2021","status":"publish","type":"page","link":"https:\/\/sha.de\/es\/contacto-2021","title":{"rendered":"Contacte con nosotros"},"content":{"rendered":"<div id='av_section_1' class='avia-section main_color pt-default pb-default avia-no-border-styling avia-bg-style-scroll  avia-builder-el-0  el_before_av_section  avia-builder-el-first   container_wrap fullsize' style=' '  ><div class='container' ><main  role=\"main\" itemprop=\"mainContentOfPage\"  class='template-page content  av-content-full alpha units'><div class='post-entry post-entry-type-page post-entry-30008'><div class='entry-content-wrapper clearfix'>\n<div class=\"flex_column av_one_third  flex_column_div av-zero-column-padding first       avia-builder-el-1  el_before_av_two_third  avia-builder-el-first  \"><p>\n\t\t\t<div id=\"av-k1kquvev\" class=\"headline-column flex_column av_one_full flex_column_div first \">\n\t\t\t\t<div class=\"headline-wrap is-outside align-left sub-bottom\">\n\t\t\t\t\t<h1 class=\"headline-content headline-primary\">Contacte con nosotros<\/h1>\n\t\t\t\t\t<h3 class=\"headline-content headline-secondary\">\u00bfPreguntas, peticiones, sugerencias? <\/h3>\n\t\t\t\t<\/div>\n\t\t\t<\/div><br \/>\n<section  class='av_textblock_section av-k2ughukz-8c8af540cf2947d5fca1ff805c8e6ba7 '   itemscope=\"itemscope\" itemtype=\"https:\/\/schema.org\/CreativeWork\" ><div class='avia_textblock'  itemprop=\"text\" ><p>\u00bfLe gustar\u00eda conocer SHA y nuestros proyectos arquitect\u00f3nicos? \u00bfTiene alguna pregunta, petici\u00f3n o sugerencia sobre nuestra oficina? \u00a1Esperamos su llamada o correo electr\u00f3nico! No dude en concertar una cita directamente. Estamos a su disposici\u00f3n personalmente en Dortmund y Berl\u00edn.<\/p>\n<p>Desde la idea inicial hasta la finalizaci\u00f3n: con Scheffler Helbich Architekten, su proyecto de construcci\u00f3n estar\u00e1 en las mejores manos.<\/p>\n<\/div><\/section><br \/>\n<div class=\"locations-list\">\n\t\t\t<div class=\"locations-list-entry\">\n\t\t\t<span class=\"locations-list-title\">Contacte con nosotros Dortmund<\/span>\n\t\t\t<div class=\"locations-list-line\"><span class=\"contact-pre\">T<\/span> <a href=\"tel:492314420200\">+49 (231) 44 20 20 0<\/a><\/div>\n\t\t\t\n\t\t\t\n\t\t\t<div class=\"locations-list-line\"><span class=\"contact-pre\">M<\/span> <a href=\"javascript:secureDecryptAndNavigate('hp8x3m5t172OsaSQ9z1LV45G5thQ6Rkx+mMeu+hJl2ZpwiQaofXjX+LcMBbsWypT+LZft2NInC1Bi5RCus9hZIoe', '7fb6b0a631c756e2798c0419dd401ac6392a180022e45865affe1bd81a905598')\">info@sha.de<\/a><\/div>\n\t\t<\/div>\n\t\t\t<div class=\"locations-list-entry\">\n\t\t\t<span class=\"locations-list-title\">Contacte con nosotros Berlin<\/span>\n\t\t\t<div class=\"locations-list-line\"><span class=\"contact-pre\">T<\/span> <a href=\"tel:493023327570\">+49 (30) 23 32 75 70<\/a><\/div>\n\t\t\t\n\t\t\t\n\t\t\t<div class=\"locations-list-line\"><span class=\"contact-pre\">M<\/span> <a href=\"javascript:secureDecryptAndNavigate('kfpX2R5xemhtX1dQAvLSH0rw\/D5cOiWDghrpzabyTcjBiL0D3LY9LFuKHXsxoDiT01tvADIIdzseODhR1R+zqwDHE3I=', '7fb6b0a631c756e2798c0419dd401ac6392a180022e45865affe1bd81a905598')\">berlin@sha.de<\/a><\/div>\n\t\t<\/div>\n\t<\/div>\n<\/p><\/div><div class=\"flex_column av_two_third  flex_column_div av-zero-column-padding  bg-grey   img-right   avia-builder-el-5  el_after_av_one_third  avia-builder-el-last  \"><\/div><\/div><\/div><\/main><!-- close content main element --><\/div><\/div><div id='av_section_2' class='avia-section main_color pt-large pb-default avia-no-border-styling avia-bg-style-scroll  avia-builder-el-7  el_after_av_section  el_before_av_section   container_wrap fullsize' style=' '  ><div class='container' ><div class='template-page content  av-content-full alpha units'><div class='post-entry post-entry-type-page post-entry-30008'><div class='entry-content-wrapper clearfix'>\n\n\t\t\t<div id=\"av-9vsu36\" class=\"headline-column flex_column av_one_full flex_column_div first \">\n\t\t\t\t<div class=\"headline-wrap is-outside align-left sub-bottom\">\n\t\t\t\t\t<h2 class=\"headline-content headline-primary\">Puede encontrarnos aqu\u00ed.<\/h2>\n\t\t\t\t\t<h3 class=\"headline-content headline-secondary\">SHA en Dortmund, SHA en Berl\u00edn.<\/h3>\n\t\t\t\t<\/div>\n\t\t\t<\/div>\n<div class=\"flex_column av_one_full  flex_column_div av-zero-column-padding first bg-default   img-left   avia-builder-el-9  el_after_pixel_sc_headline  avia-builder-el-last  \"><style type=\"text\/css\" data-created_by=\"avia_inline_auto\" id=\"style-css-av-kwdan4mx-7bac6ed6e55a79a28056deabadc8a8c2\">\n#top .hr.hr-invisible.av-kwdan4mx-7bac6ed6e55a79a28056deabadc8a8c2{\nheight:20px;\n}\n<\/style>\n<div  class='hr av-kwdan4mx-7bac6ed6e55a79a28056deabadc8a8c2 hr-invisible  avia-builder-el-10  avia-builder-el-no-sibling '><span class='hr-inner '><span class=\"hr-inner-style\"><\/span><\/span><\/div><\/div>\n<\/p>\n<\/div><\/div><\/div><!-- close content main div --><\/div><\/div><div id='av_section_3' class='avia-section main_color pt-default pb-default avia-no-border-styling avia-bg-style-scroll  avia-builder-el-11  el_after_av_section  el_before_av_section  standorte-map-section  container_wrap fullsize' style=' '  ><div class='container' ><div class='template-page content  av-content-full alpha units'><div class='post-entry post-entry-type-page post-entry-30008'><div class='entry-content-wrapper clearfix'>\n<div class=\"flex_column av_one_full  flex_column_div av-zero-column-padding first bg-grey   img-left   avia-builder-el-12  avia-builder-el-no-sibling  \"><div class=\"location\"><div class=\"av_one_third flex_column location-column location-card first\"><article id=\"\" class=\"card-entry person-entry location-entry   text-align-left     \">\n\t<div class=\"card-entry__inner\">\n\t\t\n\t\n\t\t<article id=\"\" class=\"card-entry person-entry location-entry   text-align-left     \">\n\t<div class=\"card-entry__inner\">\n\t\t\n\t<div class=\"card-entry__media media-type-\">\n\t\t<div class=\"card-entry__media-inner\">\n\t\t\t\t\t\t\t\t\t\t\t\t<img decoding=\"async\" src=\"https:\/\/sha.de\/wp-content\/uploads\/706x313_PhoenixWERK-706x313.jpg\" \/>\n\t\t\t\t\t\t\t\t\t<\/div>\n\t<\/div>\n\n\t<div class=\"card_entry__content-wrap\">\n\t\t\t\t\t<div class=\"card-entry__heading\">\n\t<div class=\"card-entry__heading-inner\">\n\n\n\t\t\t\n\t\t\t\n\t\t\t\n\t\t\t\t\t\t\t<h3 class=\"card-entry__headline company-name \">\n\t\t\t\t\tSHA Scheffler Helbich Architekten GmbH\n\t\t\t\t<\/h3>\n\t\t\t\n\t\t\t\t\t\t\t<span class=\"card-entry__subheadline company-add person-job \">\n\t\t\t\t\tSede central\n\t\t\t\t<\/span>\n\t\t\t\n\t\t\n\t<\/div>\n<\/div>\n\t\t\t\t\t<div class=\"card-entry__content content-type-default\">\n\t\t<div class=\"card-entry__content-inner\">\n\t\t\t<p class=\"card-entry__contents\">\n\t\t\t\t\t\t\t\t\t\t\t\t\t\t\t\t\t\t\t\t\t\t<span class=\"content-phone\"><span class=\"contact-pre\">T<\/span> <a href=\"tel:+492314420200\">+49 (231) 44 20 20 0<\/a><\/span>\n\t\t\t\t\t\t\t\t\t\t\t\t\t\t\t\t\t\t\t\t\t\t\t\t<span class=\"content-mail\"><br\/><span class=\"contact-pre\">E<\/span>  <a href=\"javascript:secureDecryptAndNavigate('iKFS3\/SL\/Z4OUm5wt1y33L1cG6Qlm8KTj16Ty9XLhih\/ru1PKzHcTAiqWulP0GEDQcK\/3kU2eEwckAa\/cDZyXEVT', '7fb6b0a631c756e2798c0419dd401ac6392a180022e45865affe1bd81a905598')\">info@sha.de<\/a><\/span>\n\t\t\t\t\t\t\t\t\t\t\t\t\t\t\t\t\t\t<\/p>\n\t\t<\/div>\n\t<\/div>\n\t<\/div>\n\n\t<\/div>\n<\/article>\n\n\t\n\t<\/div>\n<\/article>\n<\/div><div class=\"av_one_third flex_column location-column location-routes routes flex-grow\"><h4 class=\"routes-title\">Enfoque Scheffler Helbich Arquitectos Dortmund<\/h4>\n\n<div class=\"routes-notices\">\n            <div class=\"route-notice car\">\n            <span class=\"route-notice-title car\">Acceso en coche I Aparcamiento de varias plantas PhoenixWERK<\/span>\n            <p class=\"route-notice-text\">Como visitante de PhoenixWERK, le invitamos a utilizar el aparcamiento de varias plantas asociado, situado justo al lado de los edificios de oficinas. Para encontrarnos, introduzca la siguiente direcci\u00f3n en la barra de navegaci\u00f3n: Hochofenstra\u00dfe 49, 44263 Dortmund.<\/p>\n        <\/div>\n                <div class=\"route-notice public\">\n            <span class=\"route-notice-title public\">Viaje en transporte p\u00fablico  <\/span>\n            <p class=\"route-notice-text\">Si se desplaza a Scheffler Helbich Architekten a pie o en transporte p\u00fablico, utilice la direcci\u00f3n Phoenixplatz 3, 44263 Dortmund. Varias paradas de autob\u00fas y las estaciones de S-Bahn y U-Bahn de H\u00f6rde se encuentran a poca distancia de nuestra oficina.<\/p>\n        <\/div>\n    <\/div>\n\n    <script type=\"text\/javascript\">\n        function goGmap(dest, atts = '') {\n            \/\/start = document.getElementById('saddr').value;\n            \/\/url = 'https:\/\/www.google.com\/maps\/dir\/?api=1&origin=' + start + '&destination=' + dest + atts;\n\t\t\turl = 'https:\/\/www.google.com\/maps\/dir\/?api=1&origin=&destination=' + dest + atts;\n            window.open(url, '_blank').focus();\n        }\n    <\/script>\n    <form class=\"routes-planner avia-button-wrap theme-fill\">\n        <h5 class=\"routes-title\">Calcular ruta ahora<\/h5>\n        <!-- <input id=\"saddr\" class=\"inputbox start-address\" type=\"text\" placeholder=\"Adresse eingeben\" name=\"saddr\" value=\"\" style=\"visibility:hidden;\"> -->\n                    <a onclick=\"goGmap('Hochofenstra\u00dfe 49 44263 Dortmund', '&travelmode=driving');\" class=\"avia-button avia-size-small avia-position-left color-ci-black hover-yellow\"><span>Ruta en coche<\/span><\/a>\n                    <a onclick=\"goGmap('Phoenixplatz 3 44263 Dortmund', '&travelmode=transit');\" class=\"avia-button avia-size-small avia-position-left color-ci-black hover-yellow\"><span>Ruta en transporte p\u00fablico<\/span><\/a>\n            <\/form>\n<\/div><div class=\"av_one_third flex_column location-column location-map flex-grow\"> <div class=\"brlbs-cmpnt-container brlbs-cmpnt-content-blocker brlbs-cmpnt-with-individual-styles\" data-borlabs-cookie-content-blocker-id=\"google-maps\" data-borlabs-cookie-content=\"PGlmcmFtZQoJCQkJCQkJICB3aWR0aD0iMTAwJSIKCQkJCQkJCSAgaGVpZ2h0PSIxMDAlIgoJCQkJCQkJICBzdHlsZT0iYm9yZGVyOjFweCBzb2xpZCAjY2ZjZmNmOyIKCQkJCQkJCSAgbG9hZGluZz0ibGF6eSIKCQkJCQkJCSAgYWxsb3dmdWxsc2NyZWVuCgkJCQkJCQkgIHJlZmVycmVycG9saWN5PSJuby1yZWZlcnJlci13aGVuLWRvd25ncmFkZSIKCQkJCQkJCSAgc3JjPSJodHRwczovL3d3dy5nb29nbGUuY29tL21hcHMvZW1iZWQvdjEvcGxhY2U\/a2V5PUFJemFTeUJ6X2gyWUxfWE54ZmFKV2pCMUZ4a0hNM3M2dWpCd0dYbyZxPVNIQSBTY2hlZmZsZXIgSGVsYmljaCBBcmNoaXRla3RlbiBHbWJIIFBob2VuaXhwbGF0eiAzIDQ0MjYzIERvcnRtdW5kIgoJCQkJCQk+CgkJCQkJCTwvaWZyYW1lPg==\"><div class=\"brlbs-cmpnt-cb-preset-b brlbs-cmpnt-cb-google-maps\"> <div class=\"brlbs-cmpnt-cb-thumbnail\" style=\"background-image: url('https:\/\/sha.de\/wp-content\/uploads\/borlabs-cookie\/1\/brlbs-cb-google-maps-main.png')\"><\/div> <div class=\"brlbs-cmpnt-cb-main\"> <div class=\"brlbs-cmpnt-cb-content\"> <p class=\"brlbs-cmpnt-cb-description\">Est\u00e1s viendo un contenido de marcador de posici\u00f3n de <strong>Google Maps<\/strong>. Para acceder al contenido real, haz clic en el siguiente bot\u00f3n. Ten en cuenta que al hacerlo compartir\u00e1s datos con terceros proveedores.<\/p> <a class=\"brlbs-cmpnt-cb-provider-toggle\" href=\"#\" data-borlabs-cookie-show-provider-information role=\"button\">M\u00e1s informaci\u00f3n<\/a> <\/div> <div class=\"brlbs-cmpnt-cb-buttons\"> <a class=\"brlbs-cmpnt-cb-btn\" href=\"#\" data-borlabs-cookie-unblock role=\"button\">Desbloquear contenido<\/a> <a class=\"brlbs-cmpnt-cb-btn\" href=\"#\" data-borlabs-cookie-accept-service role=\"button\" style=\"display: inherit\">Aceptar el servicio requerido y desbloquear los contenidos<\/a> <\/div> <\/div> <\/div><\/div><\/div><\/div><\/div>\n\n<\/div><\/div><\/div><!-- close content main div --><\/div><\/div><div id='av_section_4' class='avia-section main_color pt-default pb-default avia-no-border-styling avia-bg-style-scroll  avia-builder-el-14  el_after_av_section  avia-builder-el-last  standorte-map-section  container_wrap fullsize' style=' '  ><div class='container' ><div class='template-page content  av-content-full alpha units'><div class='post-entry post-entry-type-page post-entry-30008'><div class='entry-content-wrapper clearfix'>\n<div class=\"flex_column av_one_full  flex_column_div av-zero-column-padding first bg-grey   img-left   avia-builder-el-15  avia-builder-el-no-sibling  \"><div class=\"location\"><div class=\"av_one_third flex_column location-column location-card first\"><article id=\"\" class=\"card-entry person-entry location-entry   text-align-left     \">\n\t<div class=\"card-entry__inner\">\n\t\t\n\t\n\t\t<article id=\"\" class=\"card-entry person-entry location-entry   text-align-left     \">\n\t<div class=\"card-entry__inner\">\n\t\t\n\t<div class=\"card-entry__media media-type-\">\n\t\t<div class=\"card-entry__media-inner\">\n\t\t\t\t\t\t\t\t\t\t\t\t<img decoding=\"async\" src=\"https:\/\/sha.de\/wp-content\/uploads\/bearbeitet_Innenansicht-706x313.jpg\" \/>\n\t\t\t\t\t\t\t\t\t<\/div>\n\t<\/div>\n\n\t<div class=\"card_entry__content-wrap\">\n\t\t\t\t\t<div class=\"card-entry__heading\">\n\t<div class=\"card-entry__heading-inner\">\n\n\n\t\t\t\n\t\t\t\n\t\t\t\n\t\t\t\t\t\t\t<h3 class=\"card-entry__headline company-name \">\n\t\t\t\t\tSHA Scheffler Helbich Architekten GmbH\n\t\t\t\t<\/h3>\n\t\t\t\n\t\t\t\t\t\t\t<span class=\"card-entry__subheadline company-add person-job \">\n\t\t\t\t\tSucursal de Berl\u00edn\n\t\t\t\t<\/span>\n\t\t\t\n\t\t\n\t<\/div>\n<\/div>\n\t\t\t\t\t<div class=\"card-entry__content content-type-default\">\n\t\t<div class=\"card-entry__content-inner\">\n\t\t\t<p class=\"card-entry__contents\">\n\t\t\t\t\t\t\t\t\t\t\t\t\t\t\t\t\t\t\t\t\t\t<span class=\"content-phone\"><span class=\"contact-pre\">T<\/span> <a href=\"tel:+493023327570\">+49 (30) 23 32 75 70<\/a><\/span>\n\t\t\t\t\t\t\t\t\t\t\t\t\t\t\t\t\t\t\t\t\t\t\t\t<span class=\"content-mail\"><br\/><span class=\"contact-pre\">E<\/span>  <a href=\"javascript:secureDecryptAndNavigate('lDhzaeNf\/vMTT2j4oPAWqSHYUTpjLqlLc+LZ8UzOB4jeJ+O2iyRB61TjkL9t0IUt3kjHg1z2Wl2NOb+UrhXEWVsbbEs=', '7fb6b0a631c756e2798c0419dd401ac6392a180022e45865affe1bd81a905598')\">berlin@sha.de<\/a><\/span>\n\t\t\t\t\t\t\t\t\t\t\t\t\t\t\t\t\t\t<\/p>\n\t\t<\/div>\n\t<\/div>\n\t<\/div>\n\n\t<\/div>\n<\/article>\n\n\t\n\t<\/div>\n<\/article>\n<\/div><div class=\"av_one_third flex_column location-column location-routes routes flex-grow\"><h4 class=\"routes-title\">Enfoque Scheffler Helbich Arquitectos Berl\u00edn<\/h4>\n\n<div class=\"routes-notices\">\n            <div class=\"route-notice car\">\n            <span class=\"route-notice-title car\">Llegada en coche<\/span>\n            <p class=\"route-notice-text\">Nuestro estudio en Berl\u00edn se encuentra en Kreuzberg, cerca del canal Landwehr.<\/p>\n        <\/div>\n                <div class=\"route-notice public\">\n            <span class=\"route-notice-title public\">Viaje en transporte p\u00fablico  <\/span>\n            <p class=\"route-notice-text\">La oficina de SHA en Berl\u00edn cuenta con excelentes conexiones de transporte p\u00fablico. La estaci\u00f3n de metro de Kottbusser Tor se encuentra en las inmediaciones.<\/p>\n        <\/div>\n    <\/div>\n\n    <script type=\"text\/javascript\">\n        function goGmap(dest, atts = '') {\n            \/\/start = document.getElementById('saddr').value;\n            \/\/url = 'https:\/\/www.google.com\/maps\/dir\/?api=1&origin=' + start + '&destination=' + dest + atts;\n\t\t\turl = 'https:\/\/www.google.com\/maps\/dir\/?api=1&origin=&destination=' + dest + atts;\n            window.open(url, '_blank').focus();\n        }\n    <\/script>\n    <form class=\"routes-planner avia-button-wrap theme-fill\">\n        <h5 class=\"routes-title\">Calcular ruta ahora<\/h5>\n        <!-- <input id=\"saddr\" class=\"inputbox start-address\" type=\"text\" placeholder=\"Adresse eingeben\" name=\"saddr\" value=\"\" style=\"visibility:hidden;\"> -->\n                    <a onclick=\"goGmap('Erkelenzdamm 59-61 10999 Berl\u00edn', '&travelmode=driving');\" class=\"avia-button avia-size-small avia-position-left color-ci-black hover-yellow\"><span>Ruta en coche<\/span><\/a>\n                    <a onclick=\"goGmap('Erkelenzdamm 59-61 10999 Berl\u00edn', '&travelmode=transit');\" class=\"avia-button avia-size-small avia-position-left color-ci-black hover-yellow\"><span>Ruta en transporte p\u00fablico<\/span><\/a>\n            <\/form>\n<\/div><div class=\"av_one_third flex_column location-column location-map flex-grow\"> <div class=\"brlbs-cmpnt-container brlbs-cmpnt-content-blocker brlbs-cmpnt-with-individual-styles\" data-borlabs-cookie-content-blocker-id=\"google-maps\" data-borlabs-cookie-content=\"PGlmcmFtZQoJCQkJCQkJICB3aWR0aD0iMTAwJSIKCQkJCQkJCSAgaGVpZ2h0PSIxMDAlIgoJCQkJCQkJICBzdHlsZT0iYm9yZGVyOjFweCBzb2xpZCAjY2ZjZmNmOyIKCQkJCQkJCSAgbG9hZGluZz0ibGF6eSIKCQkJCQkJCSAgYWxsb3dmdWxsc2NyZWVuCgkJCQkJCQkgIHJlZmVycmVycG9saWN5PSJuby1yZWZlcnJlci13aGVuLWRvd25ncmFkZSIKCQkJCQkJCSAgc3JjPSJodHRwczovL3d3dy5nb29nbGUuY29tL21hcHMvZW1iZWQvdjEvcGxhY2U\/a2V5PUFJemFTeUJ6X2gyWUxfWE54ZmFKV2pCMUZ4a0hNM3M2dWpCd0dYbyZxPVNIQSBTY2hlZmZsZXIgSGVsYmljaCBBcmNoaXRla3RlbiBHbWJIIEJlcmzDrW4gRXJrZWxlbnpkYW1tICA1OS02MSAxMDk5OSBCZXJsaW4iCgkJCQkJCT4KCQkJCQkJPC9pZnJhbWU+\"><div class=\"brlbs-cmpnt-cb-preset-b brlbs-cmpnt-cb-google-maps\"> <div class=\"brlbs-cmpnt-cb-thumbnail\" style=\"background-image: url('https:\/\/sha.de\/wp-content\/uploads\/borlabs-cookie\/1\/brlbs-cb-google-maps-main.png')\"><\/div> <div class=\"brlbs-cmpnt-cb-main\"> <div class=\"brlbs-cmpnt-cb-content\"> <p class=\"brlbs-cmpnt-cb-description\">Est\u00e1s viendo un contenido de marcador de posici\u00f3n de <strong>Google Maps<\/strong>. Para acceder al contenido real, haz clic en el siguiente bot\u00f3n. Ten en cuenta que al hacerlo compartir\u00e1s datos con terceros proveedores.<\/p> <a class=\"brlbs-cmpnt-cb-provider-toggle\" href=\"#\" data-borlabs-cookie-show-provider-information role=\"button\">M\u00e1s informaci\u00f3n<\/a> <\/div> <div class=\"brlbs-cmpnt-cb-buttons\"> <a class=\"brlbs-cmpnt-cb-btn\" href=\"#\" data-borlabs-cookie-unblock role=\"button\">Desbloquear contenido<\/a> <a class=\"brlbs-cmpnt-cb-btn\" href=\"#\" data-borlabs-cookie-accept-service role=\"button\" style=\"display: inherit\">Aceptar el servicio requerido y desbloquear los contenidos<\/a> <\/div> <\/div> <\/div><\/div><\/div><\/div><\/div>\n\n","protected":false},"excerpt":{"rendered":"","protected":false},"author":1,"featured_media":0,"parent":0,"menu_order":23,"comment_status":"closed","ping_status":"closed","template":"","meta":{"_acf_changed":false,"content-type":"","footnotes":""},"class_list":["post-30008","page","type-page","status-publish","hentry"],"acf":[],"yoast_head":"<!-- This site is optimized with the Yoast SEO plugin v27.4 - https:\/\/yoast.com\/product\/yoast-seo-wordpress\/ -->\n<title>contacto y c\u00f3mo llegar | SHA Scheffler Helbich Architekten GmbH<\/title>\n<meta name=\"description\" content=\"\u00bfLe gustar\u00eda conocer SHA y nuestros proyectos arquitect\u00f3nicos? \u00bfTiene alguna pregunta, petici\u00f3n o sugerencia? Esperamos su llamada o correo electr\u00f3nico.\" \/>\n<meta name=\"robots\" content=\"index, follow, max-snippet:-1, max-image-preview:large, max-video-preview:-1\" \/>\n<link rel=\"canonical\" href=\"https:\/\/sha.de\/es\/contacto-2021\" \/>\n<meta property=\"og:locale\" content=\"es_ES\" \/>\n<meta property=\"og:type\" content=\"article\" \/>\n<meta property=\"og:title\" content=\"contacto y c\u00f3mo llegar | SHA Scheffler Helbich Architekten GmbH\" \/>\n<meta property=\"og:description\" content=\"\u00bfLe gustar\u00eda conocer SHA y nuestros proyectos arquitect\u00f3nicos? \u00bfTiene alguna pregunta, petici\u00f3n o sugerencia? Esperamos su llamada o correo electr\u00f3nico.\" \/>\n<meta property=\"og:url\" content=\"https:\/\/sha.de\/es\/contacto-2021\" \/>\n<meta property=\"og:site_name\" content=\"SHA Scheffler Helbich Architekten GmbH\" \/>\n<meta property=\"article:modified_time\" content=\"2025-07-03T10:07:55+00:00\" \/>\n<meta name=\"twitter:card\" content=\"summary_large_image\" \/>\n<meta name=\"twitter:label1\" content=\"Tiempo de lectura\" \/>\n\t<meta name=\"twitter:data1\" content=\"3 minutos\" \/>\n<script type=\"application\/ld+json\" class=\"yoast-schema-graph\">{\"@context\":\"https:\\\/\\\/schema.org\",\"@graph\":[{\"@type\":\"WebPage\",\"@id\":\"https:\\\/\\\/sha.de\\\/es\\\/contacto-2021\",\"url\":\"https:\\\/\\\/sha.de\\\/es\\\/contacto-2021\",\"name\":\"contacto y c\u00f3mo llegar | SHA Scheffler Helbich Architekten GmbH\",\"isPartOf\":{\"@id\":\"https:\\\/\\\/sha.de\\\/es#website\"},\"datePublished\":\"2021-11-22T08:15:48+00:00\",\"dateModified\":\"2025-07-03T10:07:55+00:00\",\"description\":\"\u00bfLe gustar\u00eda conocer SHA y nuestros proyectos arquitect\u00f3nicos? \u00bfTiene alguna pregunta, petici\u00f3n o sugerencia? Esperamos su llamada o correo electr\u00f3nico.\",\"breadcrumb\":{\"@id\":\"https:\\\/\\\/sha.de\\\/es\\\/contacto-2021#breadcrumb\"},\"inLanguage\":\"es\",\"potentialAction\":[{\"@type\":\"ReadAction\",\"target\":[\"https:\\\/\\\/sha.de\\\/es\\\/contacto-2021\"]}]},{\"@type\":\"BreadcrumbList\",\"@id\":\"https:\\\/\\\/sha.de\\\/es\\\/contacto-2021#breadcrumb\",\"itemListElement\":[{\"@type\":\"ListItem\",\"position\":1,\"name\":\"Startseite\",\"item\":\"https:\\\/\\\/sha.de\\\/es\"},{\"@type\":\"ListItem\",\"position\":2,\"name\":\"Contacte con nosotros\"}]},{\"@type\":\"WebSite\",\"@id\":\"https:\\\/\\\/sha.de\\\/es#website\",\"url\":\"https:\\\/\\\/sha.de\\\/es\",\"name\":\"SHA Scheffler Helbich Architekten GmbH\",\"description\":\"\",\"potentialAction\":[{\"@type\":\"SearchAction\",\"target\":{\"@type\":\"EntryPoint\",\"urlTemplate\":\"https:\\\/\\\/sha.de\\\/es?s={search_term_string}\"},\"query-input\":{\"@type\":\"PropertyValueSpecification\",\"valueRequired\":true,\"valueName\":\"search_term_string\"}}],\"inLanguage\":\"es\"}]}<\/script>\n<!-- \/ Yoast SEO plugin. -->","yoast_head_json":{"title":"contacto y c\u00f3mo llegar | SHA Scheffler Helbich Architekten GmbH","description":"\u00bfLe gustar\u00eda conocer SHA y nuestros proyectos arquitect\u00f3nicos? \u00bfTiene alguna pregunta, petici\u00f3n o sugerencia? Esperamos su llamada o correo electr\u00f3nico.","robots":{"index":"index","follow":"follow","max-snippet":"max-snippet:-1","max-image-preview":"max-image-preview:large","max-video-preview":"max-video-preview:-1"},"canonical":"https:\/\/sha.de\/es\/contacto-2021","og_locale":"es_ES","og_type":"article","og_title":"contacto y c\u00f3mo llegar | SHA Scheffler Helbich Architekten GmbH","og_description":"\u00bfLe gustar\u00eda conocer SHA y nuestros proyectos arquitect\u00f3nicos? \u00bfTiene alguna pregunta, petici\u00f3n o sugerencia? Esperamos su llamada o correo electr\u00f3nico.","og_url":"https:\/\/sha.de\/es\/contacto-2021","og_site_name":"SHA Scheffler Helbich Architekten GmbH","article_modified_time":"2025-07-03T10:07:55+00:00","twitter_card":"summary_large_image","twitter_misc":{"Tiempo de lectura":"3 minutos"},"schema":{"@context":"https:\/\/schema.org","@graph":[{"@type":"WebPage","@id":"https:\/\/sha.de\/es\/contacto-2021","url":"https:\/\/sha.de\/es\/contacto-2021","name":"contacto y c\u00f3mo llegar | SHA Scheffler Helbich Architekten GmbH","isPartOf":{"@id":"https:\/\/sha.de\/es#website"},"datePublished":"2021-11-22T08:15:48+00:00","dateModified":"2025-07-03T10:07:55+00:00","description":"\u00bfLe gustar\u00eda conocer SHA y nuestros proyectos arquitect\u00f3nicos? \u00bfTiene alguna pregunta, petici\u00f3n o sugerencia? Esperamos su llamada o correo electr\u00f3nico.","breadcrumb":{"@id":"https:\/\/sha.de\/es\/contacto-2021#breadcrumb"},"inLanguage":"es","potentialAction":[{"@type":"ReadAction","target":["https:\/\/sha.de\/es\/contacto-2021"]}]},{"@type":"BreadcrumbList","@id":"https:\/\/sha.de\/es\/contacto-2021#breadcrumb","itemListElement":[{"@type":"ListItem","position":1,"name":"Startseite","item":"https:\/\/sha.de\/es"},{"@type":"ListItem","position":2,"name":"Contacte con nosotros"}]},{"@type":"WebSite","@id":"https:\/\/sha.de\/es#website","url":"https:\/\/sha.de\/es","name":"SHA Scheffler Helbich Architekten GmbH","description":"","potentialAction":[{"@type":"SearchAction","target":{"@type":"EntryPoint","urlTemplate":"https:\/\/sha.de\/es?s={search_term_string}"},"query-input":{"@type":"PropertyValueSpecification","valueRequired":true,"valueName":"search_term_string"}}],"inLanguage":"es"}]}},"_links":{"self":[{"href":"https:\/\/sha.de\/es\/wp-json\/wp\/v2\/pages\/30008","targetHints":{"allow":["GET"]}}],"collection":[{"href":"https:\/\/sha.de\/es\/wp-json\/wp\/v2\/pages"}],"about":[{"href":"https:\/\/sha.de\/es\/wp-json\/wp\/v2\/types\/page"}],"author":[{"embeddable":true,"href":"https:\/\/sha.de\/es\/wp-json\/wp\/v2\/users\/1"}],"replies":[{"embeddable":true,"href":"https:\/\/sha.de\/es\/wp-json\/wp\/v2\/comments?post=30008"}],"version-history":[{"count":5,"href":"https:\/\/sha.de\/es\/wp-json\/wp\/v2\/pages\/30008\/revisions"}],"predecessor-version":[{"id":53428,"href":"https:\/\/sha.de\/es\/wp-json\/wp\/v2\/pages\/30008\/revisions\/53428"}],"wp:attachment":[{"href":"https:\/\/sha.de\/es\/wp-json\/wp\/v2\/media?parent=30008"}],"curies":[{"name":"wp","href":"https:\/\/api.w.org\/{rel}","templated":true}]}}