{"id":30028,"date":"2020-02-14T15:51:57","date_gmt":"2020-02-14T14:51:57","guid":{"rendered":"https:\/\/sha.de\/pie-de-imprenta"},"modified":"2025-08-21T14:36:14","modified_gmt":"2025-08-21T12:36:14","slug":"pie-de-imprenta","status":"publish","type":"page","link":"https:\/\/sha.de\/es\/pie-de-imprenta","title":{"rendered":"Pie de imprenta"},"content":{"rendered":"<div id='av_section_1' class='avia-section main_color pt-default pb-default avia-no-border-styling avia-bg-style-scroll  avia-builder-el-0  avia-builder-el-no-sibling   container_wrap fullsize' style=' '  ><div class='container' ><main  role=\"main\" itemprop=\"mainContentOfPage\"  class='template-page content  av-content-full alpha units'><div class='post-entry post-entry-type-page post-entry-30028'><div class='entry-content-wrapper clearfix'>\n\n\t\t\t<div id=\"av-k1kquvev\" class=\"headline-column flex_column av_one_full flex_column_div first \">\n\t\t\t\t<div class=\"headline-wrap is-outside align-left sub-bottom\">\n\t\t\t\t\t<h1 class=\"headline-content headline-primary\">Pie de imprenta<\/h1>\n\t\t\t\t\t\n\t\t\t\t<\/div>\n\t\t\t<\/div>\n<div class=\"flex_column av_one_half  flex_column_div av-zero-column-padding first       avia-builder-el-2  el_after_pixel_sc_headline  el_before_av_one_half  \"><section  class='av_textblock_section av-k2ughukz-d00ac973f1450f786abb9503c7a6e401 '   itemscope=\"itemscope\" itemtype=\"https:\/\/schema.org\/CreativeWork\" ><div class='avia_textblock'  itemprop=\"text\" ><div id=\"footerAddress\">\n<p>SHA Scheffler Helbich Architekten GmbH<br \/>\nPhoenixplatz 3<br \/>\n44263 Dortmund<\/p>\n<\/div>\n<h3>Contacto:<\/h3>\n<p><a href=\"tel:+492314420200\" target=\"_blank\" rel=\"nofollow\">+49 (231) 44 20 20 0<\/a><br \/>\n<a href=\"javascript:secureDecryptAndNavigate('0MDoMxqtTeUdAfBLx7rhNk1+2jTvKIDkCdscG7rC79wBwlGSHD6F9l9g6R5+f8\/cgImLmjQ7ORT2\/28\/oAYSxVF5', '7fb6b0a631c756e2798c0419dd401ac6392a180022e45865affe1bd81a905598')\">info@sha.de<\/a><\/p>\n<h3>N\u00famero de identificaci\u00f3n fiscal:<\/h3>\n<p>NIF IVA DE 184104694<br \/>\nRegistro mercantil: Juzgado municipal de Dortmund HRB 12501<\/p>\n<h3>Responsable del contenido:<\/h3>\n<p>Christoph Helbich<br \/>\nSHA Scheffler Helbich Architekten GmbH<br \/>\nPhoenixplatz 3<br \/>\n44263 Dortmund<\/p>\n<h3>Gesti\u00f3n:<\/h3>\n<p>Christoph Helbich, Dipl.-Ing. Arquitecto BDA<br \/>\nAKNW A 35017, socio gerente<\/p>\n<p>Jens Beele, ingeniero civil diplomado<br \/>\nDirector General<\/p>\n<p>Birgit Helbich, Dipl.-Ing. Arquitecta<br \/>\nAKNW A 35585 Accionista<\/p>\n<p>Volker Kaminsky, Dipl.-Ing. Arquitecto<br \/>\nAKNW A 24833, signatario autorizado<\/p>\n<p>Marc Horstmeier, Dipl.-Ing. Arquitecto<br \/>\nAKNW A 103235, signatario autorizado<\/p>\n<h3>Normativa profesional para arquitectos:<\/h3>\n<p>Como arquitectos, se nos aplican las siguientes normas profesionales:<\/p>\n<p>Ley de la C\u00e1mara de la Construcci\u00f3n NRW BauKaG NW<br \/>\nReglamento de aplicaci\u00f3n DVO BauKaG NW<br \/>\nEstatutos de la C\u00e1mara de Arquitectos de Renania del Norte-Westfalia<\/p>\n<p>Puede acceder a la normativa profesional mencionada a trav\u00e9s de la p\u00e1gina web de la C\u00e1mara de Arquitectos de Renania del Norte-Westfalia AKNW.<\/p>\n<h3>Membres\u00edas y asociaciones:<\/h3>\n<p>C\u00e1mara de Arquitectos de Renania del Norte-Westfalia<br \/>\nZollhof 1<br \/>\n40221 D\u00fcsseldorf<\/p>\n<p>Asociaci\u00f3n de Arquitectos Alemanes BDA<br \/>\nK\u00f6penicker Stra\u00dfe 48\/49<br \/>\n10179 Berl\u00edn<\/p>\n<p>Asociaci\u00f3n Federal de J\u00f3venes Empresarios de ASU e.V.<br \/>\nReichsstr. 17<br \/>\n14052 Berl\u00edn<\/p>\n<\/div><\/section><\/div><div class=\"flex_column av_one_half  flex_column_div av-zero-column-padding        avia-builder-el-4  el_after_av_one_half  avia-builder-el-last  \"><section  class='av_textblock_section av-k42l35bm-0a73745d535d67060b168ff7834bcc77 '   itemscope=\"itemscope\" itemtype=\"https:\/\/schema.org\/CreativeWork\" ><div class='avia_textblock'  itemprop=\"text\" ><h3>Resoluci\u00f3n de litigios<\/h3>\n<p>No estamos dispuestos ni obligados a participar en un procedimiento de resoluci\u00f3n de litigios ante una junta de arbitraje de consumo.<\/p>\n<h3>Responsabilidad de los enlaces<\/h3>\n<p>Este sitio web contiene enlaces a otros sitios web. SHA no se hace responsable del contenido de los sitios web enlazados, ya sea de forma activa o pasiva. Nuestro sitio web contiene enlaces a sitios web externos de terceros sobre cuyo contenido no tenemos ninguna influencia. Por lo tanto, no podemos aceptar ninguna responsabilidad por estos contenidos de terceros. El respectivo proveedor u operador de las p\u00e1ginas es siempre responsable del contenido de las p\u00e1ginas enlazadas. Las p\u00e1ginas enlazadas se comprobaron en el momento de enlazarlas para detectar posibles infracciones legales. Los contenidos ilegales no eran reconocibles en el momento del enlace. Sin embargo, la vigilancia permanente del contenido de las p\u00e1ginas enlazadas no es razonable sin pruebas concretas de una infracci\u00f3n. Si tenemos conocimiento de alguna infracci\u00f3n legal, eliminaremos dichos enlaces inmediatamente.<\/p>\n<h3>Derechos de autor<\/h3>\n<p>El contenido y las obras creadas por los operadores del sitio en estas p\u00e1ginas est\u00e1n sujetos a la legislaci\u00f3n alemana sobre derechos de autor. La reproducci\u00f3n, edici\u00f3n, distribuci\u00f3n y cualquier tipo de utilizaci\u00f3n fuera de los l\u00edmites de la ley de propiedad intelectual requieren el consentimiento por escrito del autor o creador respectivo. Las descargas y copias de este sitio s\u00f3lo est\u00e1n permitidas para uso privado y no comercial.<br \/>\nEn la medida en que el contenido de este sitio no haya sido creado por el operador, se respetan los derechos de autor de terceros. En particular, los contenidos de terceros est\u00e1n etiquetados como tales. Si a pesar de ello tuviera conocimiento de una infracci\u00f3n de los derechos de autor, le rogamos que nos lo comunique. Si tenemos conocimiento de alguna infracci\u00f3n legal, eliminaremos dicho contenido inmediatamente.<\/p>\n<\/div><\/section><\/div>\n","protected":false},"excerpt":{"rendered":"","protected":false},"author":1,"featured_media":0,"parent":0,"menu_order":26,"comment_status":"closed","ping_status":"closed","template":"","meta":{"_acf_changed":false,"content-type":"","footnotes":""},"class_list":["post-30028","page","type-page","status-publish","hentry"],"acf":[],"yoast_head":"<!-- This site is optimized with the Yoast SEO plugin v27.4 - https:\/\/yoast.com\/product\/yoast-seo-wordpress\/ -->\n<title>Pie de imprenta - SHA Scheffler Helbich Architekten GmbH<\/title>\n<meta name=\"robots\" content=\"index, follow, max-snippet:-1, max-image-preview:large, max-video-preview:-1\" \/>\n<link rel=\"canonical\" href=\"https:\/\/sha.de\/es\/pie-de-imprenta\" \/>\n<meta property=\"og:locale\" content=\"es_ES\" \/>\n<meta property=\"og:type\" content=\"article\" \/>\n<meta property=\"og:title\" content=\"Pie de imprenta - SHA Scheffler Helbich Architekten GmbH\" \/>\n<meta property=\"og:url\" content=\"https:\/\/sha.de\/es\/pie-de-imprenta\" \/>\n<meta property=\"og:site_name\" content=\"SHA Scheffler Helbich Architekten GmbH\" \/>\n<meta property=\"article:modified_time\" content=\"2025-08-21T12:36:14+00:00\" \/>\n<meta name=\"twitter:card\" content=\"summary_large_image\" \/>\n<meta name=\"twitter:label1\" content=\"Tiempo de lectura\" \/>\n\t<meta name=\"twitter:data1\" content=\"3 minutos\" \/>\n<script type=\"application\/ld+json\" class=\"yoast-schema-graph\">{\"@context\":\"https:\\\/\\\/schema.org\",\"@graph\":[{\"@type\":\"WebPage\",\"@id\":\"https:\\\/\\\/sha.de\\\/es\\\/pie-de-imprenta\",\"url\":\"https:\\\/\\\/sha.de\\\/es\\\/pie-de-imprenta\",\"name\":\"Pie de imprenta - SHA Scheffler Helbich Architekten GmbH\",\"isPartOf\":{\"@id\":\"https:\\\/\\\/sha.de\\\/es#website\"},\"datePublished\":\"2020-02-14T14:51:57+00:00\",\"dateModified\":\"2025-08-21T12:36:14+00:00\",\"breadcrumb\":{\"@id\":\"https:\\\/\\\/sha.de\\\/es\\\/pie-de-imprenta#breadcrumb\"},\"inLanguage\":\"es\",\"potentialAction\":[{\"@type\":\"ReadAction\",\"target\":[\"https:\\\/\\\/sha.de\\\/es\\\/pie-de-imprenta\"]}]},{\"@type\":\"BreadcrumbList\",\"@id\":\"https:\\\/\\\/sha.de\\\/es\\\/pie-de-imprenta#breadcrumb\",\"itemListElement\":[{\"@type\":\"ListItem\",\"position\":1,\"name\":\"Startseite\",\"item\":\"https:\\\/\\\/sha.de\\\/es\"},{\"@type\":\"ListItem\",\"position\":2,\"name\":\"Pie de imprenta\"}]},{\"@type\":\"WebSite\",\"@id\":\"https:\\\/\\\/sha.de\\\/es#website\",\"url\":\"https:\\\/\\\/sha.de\\\/es\",\"name\":\"SHA Scheffler Helbich Architekten GmbH\",\"description\":\"\",\"potentialAction\":[{\"@type\":\"SearchAction\",\"target\":{\"@type\":\"EntryPoint\",\"urlTemplate\":\"https:\\\/\\\/sha.de\\\/es?s={search_term_string}\"},\"query-input\":{\"@type\":\"PropertyValueSpecification\",\"valueRequired\":true,\"valueName\":\"search_term_string\"}}],\"inLanguage\":\"es\"}]}<\/script>\n<!-- \/ Yoast SEO plugin. -->","yoast_head_json":{"title":"Pie de imprenta - SHA Scheffler Helbich Architekten GmbH","robots":{"index":"index","follow":"follow","max-snippet":"max-snippet:-1","max-image-preview":"max-image-preview:large","max-video-preview":"max-video-preview:-1"},"canonical":"https:\/\/sha.de\/es\/pie-de-imprenta","og_locale":"es_ES","og_type":"article","og_title":"Pie de imprenta - SHA Scheffler Helbich Architekten GmbH","og_url":"https:\/\/sha.de\/es\/pie-de-imprenta","og_site_name":"SHA Scheffler Helbich Architekten GmbH","article_modified_time":"2025-08-21T12:36:14+00:00","twitter_card":"summary_large_image","twitter_misc":{"Tiempo de lectura":"3 minutos"},"schema":{"@context":"https:\/\/schema.org","@graph":[{"@type":"WebPage","@id":"https:\/\/sha.de\/es\/pie-de-imprenta","url":"https:\/\/sha.de\/es\/pie-de-imprenta","name":"Pie de imprenta - SHA Scheffler Helbich Architekten GmbH","isPartOf":{"@id":"https:\/\/sha.de\/es#website"},"datePublished":"2020-02-14T14:51:57+00:00","dateModified":"2025-08-21T12:36:14+00:00","breadcrumb":{"@id":"https:\/\/sha.de\/es\/pie-de-imprenta#breadcrumb"},"inLanguage":"es","potentialAction":[{"@type":"ReadAction","target":["https:\/\/sha.de\/es\/pie-de-imprenta"]}]},{"@type":"BreadcrumbList","@id":"https:\/\/sha.de\/es\/pie-de-imprenta#breadcrumb","itemListElement":[{"@type":"ListItem","position":1,"name":"Startseite","item":"https:\/\/sha.de\/es"},{"@type":"ListItem","position":2,"name":"Pie de imprenta"}]},{"@type":"WebSite","@id":"https:\/\/sha.de\/es#website","url":"https:\/\/sha.de\/es","name":"SHA Scheffler Helbich Architekten GmbH","description":"","potentialAction":[{"@type":"SearchAction","target":{"@type":"EntryPoint","urlTemplate":"https:\/\/sha.de\/es?s={search_term_string}"},"query-input":{"@type":"PropertyValueSpecification","valueRequired":true,"valueName":"search_term_string"}}],"inLanguage":"es"}]}},"_links":{"self":[{"href":"https:\/\/sha.de\/es\/wp-json\/wp\/v2\/pages\/30028","targetHints":{"allow":["GET"]}}],"collection":[{"href":"https:\/\/sha.de\/es\/wp-json\/wp\/v2\/pages"}],"about":[{"href":"https:\/\/sha.de\/es\/wp-json\/wp\/v2\/types\/page"}],"author":[{"embeddable":true,"href":"https:\/\/sha.de\/es\/wp-json\/wp\/v2\/users\/1"}],"replies":[{"embeddable":true,"href":"https:\/\/sha.de\/es\/wp-json\/wp\/v2\/comments?post=30028"}],"version-history":[{"count":7,"href":"https:\/\/sha.de\/es\/wp-json\/wp\/v2\/pages\/30028\/revisions"}],"predecessor-version":[{"id":54566,"href":"https:\/\/sha.de\/es\/wp-json\/wp\/v2\/pages\/30028\/revisions\/54566"}],"wp:attachment":[{"href":"https:\/\/sha.de\/es\/wp-json\/wp\/v2\/media?parent=30028"}],"curies":[{"name":"wp","href":"https:\/\/api.w.org\/{rel}","templated":true}]}}