{"id":30262,"date":"2023-03-21T08:12:32","date_gmt":"2023-03-21T07:12:32","guid":{"rendered":"https:\/\/sha.de\/responsabilidad"},"modified":"2024-08-28T14:59:32","modified_gmt":"2024-08-28T12:59:32","slug":"responsabilidad","status":"publish","type":"page","link":"https:\/\/sha.de\/es\/responsabilidad","title":{"rendered":"Responsabilidad"},"content":{"rendered":"<div id='av_section_1' class='avia-section main_color pt-default pb-default avia-no-border-styling avia-bg-style-scroll  avia-builder-el-0  el_before_av_section  avia-builder-el-first  verantwortung-intro  container_wrap fullsize' style=' '  ><div class='container' ><main  role=\"main\" itemprop=\"mainContentOfPage\"  class='template-page content  av-content-full alpha units'><div class='post-entry post-entry-type-page post-entry-30262'><div class='entry-content-wrapper clearfix'>\n<div class=\"flex_column av_two_third  flex_column_div av-zero-column-padding first       avia-builder-el-1  el_before_av_one_third  avia-builder-el-first  \"><p>\n\t\t\t<div id=\"av-1778rfs\" class=\"headline-column flex_column av_one_full flex_column_div first \">\n\t\t\t\t<div class=\"headline-wrap is-outside align-left sub-bottom\">\n\t\t\t\t\t<h1 class=\"headline-content headline-primary\">Asumimos la responsabilidad  <\/h1>\n\t\t\t\t\t<h3 class=\"headline-content headline-secondary\">Compromiso hol\u00edstico con el medio ambiente y la sociedad<\/h3>\n\t\t\t\t<\/div>\n\t\t\t<\/div><br \/>\n<br \/>\n<section  class='av_textblock_section av-lfhx8c2w-465137514c56e234f15c9600686128e0 '   itemscope=\"itemscope\" itemtype=\"https:\/\/schema.org\/CreativeWork\" ><div class='avia_textblock'  itemprop=\"text\" ><p>\u00a1Juntos queremos dar forma a nuestro medio ambiente y responsabilizarnos de \u00e9l! Nos comprometemos a garantizar que nuestras acciones personales, nuestro trabajo en y como oficina y nuestro compromiso social tengan una influencia positiva en los colegas, los socios de planificaci\u00f3n y los clientes, el entorno natural y construido y la sociedad.<\/p>\n<p>Examinamos nuestro trabajo desde un punto de vista arquitect\u00f3nico, social, ecol\u00f3gico y econ\u00f3mico e intentamos as\u00ed configurar y promover positivamente el bien com\u00fan y la democracia, la arquitectura y el urbanismo, la justicia social y el crecimiento econ\u00f3mico, as\u00ed como la conciencia ecol\u00f3gica y la neutralidad clim\u00e1tica.<\/p>\n<\/div><\/section><br \/>\n<br \/>\n<section  class='av_textblock_section av-2gjeo8-e6849e66f7d7d7a03a1d3cfd943eab31 '   itemscope=\"itemscope\" itemtype=\"https:\/\/schema.org\/CreativeWork\" ><div class='avia_textblock'  itemprop=\"text\" ><p>El compromiso social, ecol\u00f3gico y arquitect\u00f3nico, as\u00ed como la acci\u00f3n econ\u00f3mica, no deben surgir \u00fanicamente de la caridad, sino que se basan en la firme convicci\u00f3n de que s\u00f3lo as\u00ed nuestro planeta, nuestra sociedad, nosotros como oficina y cada individuo personalmente podremos beneficiarnos y desarrollarnos positivamente.<\/p>\n<p>Nuestro objetivo es desarrollar soluciones sostenibles para los retos de nuestro tiempo. De este modo, queremos asegurarnos de que nuestros proyectos y soluciones no s\u00f3lo sean ecol\u00f3gica y socialmente compatibles, sino tambi\u00e9n econ\u00f3micamente viables y preparados para el futuro. Asumimos nuestra responsabilidad y actuamos activamente para forjar un futuro sostenible para todos.<\/p>\n<\/div><\/section><br \/>\n<\/p><\/div><div class=\"flex_column av_one_third  flex_column_div av-zero-column-padding        avia-builder-el-8  el_after_av_two_third  avia-builder-el-last  \"><div  class='avia-image-container  av-styling-    avia-builder-el-9  avia-builder-el-no-sibling  verantwortung-kreis avia-align-center'  itemprop=\"image\" itemscope=\"itemscope\" itemtype=\"https:\/\/schema.org\/ImageObject\"  ><div class='avia-image-container-inner'><div class='avia-image-overlay-wrap'><a href='caja de luz' class='avia_image'  ><img class='avia_image ' src='https:\/\/sha.de\/wp-content\/uploads\/kreis-verantwortung_sp.png' alt='' title='Kreis Verantwortung | SHA Scheffler Helbich Architekten'  itemprop=\"thumbnailUrl\"  \/><\/a><\/div><\/div><\/div><\/div>\n\n<\/div><\/div><\/main><!-- close content main element --><\/div><\/div><div id='av_section_2' class='avia-section alternate_color pt-large pb-large avia-no-border-styling avia-bg-style-scroll  avia-builder-el-10  el_after_av_section  el_before_av_one_full   container_wrap fullsize' style=' '  ><div class='container' ><div class='template-page content  av-content-full alpha units'><div class='post-entry post-entry-type-page post-entry-30262'><div class='entry-content-wrapper clearfix'>\n<div class=\"flex_column av_one_third  flex_column_div av-zero-column-padding first       avia-builder-el-11  el_before_av_two_third  avia-builder-el-first  \"><p>\n\t\t\t<div id=\"av-lfhx7azr\" class=\"headline-column flex_column av_one_full flex_column_div first \">\n\t\t\t\t<div class=\"headline-wrap is-outside align-left sub-bottom\">\n\t\t\t\t\t<h2 class=\"headline-content headline-primary\"><span style=&quot;font-weight: 300;&quot;>Nuestra visi\u00f3n<\/span> <br \/>por un mundo mejor<\/h2>\n\t\t\t\t\t<h3 class=\"headline-content headline-secondary\">17 Objetivos de Desarrollo Sostenible<\/h3>\n\t\t\t\t<\/div>\n\t\t\t<\/div><br \/>\n<section  class='av_textblock_section av-lfhx8i21-2a484ee4a1d3c7e013f8192a5a55bcd7 '   itemscope=\"itemscope\" itemtype=\"https:\/\/schema.org\/CreativeWork\" ><div class='avia_textblock'  itemprop=\"text\" ><p>Tenemos en cuenta los objetivos de sostenibilidad de la ONU y asumimos nuestra responsabilidad aplicando el mayor n\u00famero posible de medidas de construcci\u00f3n sostenible en nuestros proyectos.<\/p>\n<p>Un compromiso hol\u00edstico y la sostenibilidad en la arquitectura no s\u00f3lo contribuyen a mejorar el medio ambiente, sino que tambi\u00e9n pueden ayudar a mejorar la calidad de vida de las personas y reducir los costes con el paso del tiempo.<\/p>\n<p>Esto significa que tenemos en cuenta los requisitos de eficiencia energ\u00e9tica, utilizaci\u00f3n de recursos y uso de materiales de construcci\u00f3n sostenibles a la hora de planificar y dise\u00f1ar nuestros proyectos de construcci\u00f3n.<\/p>\n<\/div><\/section><\/p><\/div><div class=\"flex_column av_two_third  flex_column_div av-zero-column-padding        avia-builder-el-14  el_after_av_one_third  avia-builder-el-last  \"><\/div>\n<\/div><\/div><\/div><!-- close content main div --><\/div><\/div><div id='after_section_2' class='main_color av_default_container_wrap container_wrap fullsize' style=' '  ><div class='container' ><div class='template-page content  av-content-full alpha units'><div class='post-entry post-entry-type-page post-entry-30262'><div class='entry-content-wrapper clearfix'>\n<div class=\"flex_column av_one_full  flex_column_div av-zero-column-padding first bg-default   img-left   avia-builder-el-16  el_after_av_section  el_before_av_codeblock  avia-builder-el-first  \"><div  class='avia-image-container  av-styling-    avia-builder-el-17  avia-builder-el-no-sibling  avia-align-center'  itemprop=\"image\" itemscope=\"itemscope\" itemtype=\"https:\/\/schema.org\/ImageObject\"  ><div class='avia-image-container-inner'><div class='avia-image-overlay-wrap'><img class='avia_image' src='https:\/\/sha.de\/wp-content\/uploads\/SHA_Pikto_Nachhaltigkeit_sp.jpg' alt='' title='231102_Pikto Nachhaltigkeit' height=\"2140\" width=\"2560\"  itemprop=\"thumbnailUrl\"  \/><\/div><\/div><\/div><\/div>\n\n<div  class='hr av-km52ko-3d141b2593b484a588be51625b3226b9 hr-default  avia-builder-el-19  el_after_av_codeblock  el_before_av_codeblock '><span class='hr-inner '><span class=\"hr-inner-style\"><\/span><\/span><\/div>\n\n\n\t\t\t<div id=\"av-lp123ael\" class=\"headline-column flex_column av_one_full flex_column_div first \">\n\t\t\t\t<div class=\"headline-wrap is-outside align-left sub-bottom\">\n\t\t\t\t\t<h1 class=\"headline-content headline-primary\">Concepto de energ\u00eda y sostenibilidad<\/h1>\n\t\t\t\t\t<h3 class=\"headline-content headline-secondary\">C\u00f3mo integramos los ODS en nuestra planificaci\u00f3n<\/h3>\n\t\t\t\t<\/div>\n\t\t\t<\/div>\n<div class=\"flex_column av_one_half  flex_column_div av-zero-column-padding first bg-default   img-left   avia-builder-el-22  el_after_pixel_sc_headline  el_before_av_one_half  \"><section  class='av_textblock_section av-lp15ppgc-152068c2c2a64d140961b23f79d17a57 '   itemscope=\"itemscope\" itemtype=\"https:\/\/schema.org\/CreativeWork\" ><div class='avia_textblock'  itemprop=\"text\" ><p>Con este ejemplo, mostramos c\u00f3mo un concepto de edificio puede ser extremadamente sostenible en t\u00e9rminos de todos los ODS. El mayor componente son los \u00e1rboles viejos, que pueden fijar una cantidad especialmente grande de CO2 debido a su edad y tama\u00f1o, pero sobre todo proporcionan un clima interno equilibrado y una protecci\u00f3n solar natural. Los aparcamientos se construyen en lugares reconvertidos y conservan el terreno. Se ha previsto que todos los espacios abiertos sean permeables y que el agua de lluvia se quede en la propiedad, de modo que el barrio pueda considerarse un importante bloque de construcci\u00f3n en t\u00e9rminos de ciudad esponja. Adem\u00e1s, se instalar\u00e1n cisternas para garantizar el uso de aguas grises para las zonas sanitarias y el riego de las zonas de tejado. El edificio principal se est\u00e1 construyendo como un edificio h\u00edbrido, con un dise\u00f1o que aprovecha las ventajas de los respectivos componentes: Se utiliza una estructura primaria de hormig\u00f3n con una alta proporci\u00f3n de hormig\u00f3n ecol\u00f3gico y reciclado para crear amplios vanos en las dos plantas base. Los pisos superiores aprovechan las ventajas de la madera como material de construcci\u00f3n renovable, con su escaso peso propio y la posibilidad de crear todas las estructuras de habitaciones necesarias con luces m\u00e1s reducidas. Ambos m\u00e9todos de construcci\u00f3n pueden realizarse seg\u00fan el principio \u00abde la cuna a la cuna\u00bb como completamente y sin mezclas deconstruibles y reciclables.<\/p>\n<\/div><\/section><\/div><div class=\"flex_column av_one_half  flex_column_div av-zero-column-padding  bg-default   img-left   avia-builder-el-24  el_after_av_one_half  el_before_av_hr  \"><section  class='av_textblock_section av-lp15qbkc-8c1aeee5e2e9c2210c4764c3671f2d03 '   itemscope=\"itemscope\" itemtype=\"https:\/\/schema.org\/CreativeWork\" ><div class='avia_textblock'  itemprop=\"text\" ><p>Por supuesto, el edificio est\u00e1 planificado seg\u00fan la norma KfW40-NH, de modo que el consumo tambi\u00e9n se minimiza durante el funcionamiento. La temperatura del caudal puede optimizarse tanto en invierno como en verano utilizando intercambiadores de calor geot\u00e9rmicos. Los m\u00f3dulos fotovoltaicos del aparcamiento de varias plantas proporcionan protecci\u00f3n solar y, junto con los m\u00f3dulos de la fachada del aparcamiento de varias plantas y los m\u00f3dulos del tejado del edificio principal, constituyen un componente importante de la generaci\u00f3n de energ\u00eda sostenible. Los excedentes de verano pueden almacenarse en un dep\u00f3sito de hielo bajo el edificio y utilizarse como energ\u00eda de calefacci\u00f3n en invierno. Todas las fachadas pueden utilizarse para la ventilaci\u00f3n individual y natural, que tambi\u00e9n se utiliza autom\u00e1ticamente para la refrigeraci\u00f3n nocturna. De este modo, se puede garantizar una climatizaci\u00f3n \u00f3ptima sin necesidad de un funcionamiento exclusivamente mec\u00e1nico. En la fase posterior de aplicaci\u00f3n, se utilizar\u00edan simulaciones para demostrar c\u00f3mo se puede optimizar a\u00fan m\u00e1s la entrada de luz y calor a trav\u00e9s de la fachada. Los tejados aterrazados del edificio principal se dise\u00f1ar\u00e1n como tejados verdes intensivos con zonas de recreo para los empleados. Esto favorece la interacci\u00f3n social, as\u00ed como la mejora del microclima y la fijaci\u00f3n del polvo.<\/p>\n<\/div><\/section><\/div><\/p>\n<div  class='hr av-11689fs-7a38d752081b36257053ce714d60aa3d hr-default  avia-builder-el-26  el_after_av_one_half  el_before_av_codeblock '><span class='hr-inner '><span class=\"hr-inner-style\"><\/span><\/span><\/div>\n\n<\/div><\/div><\/div><!-- close content main div --><\/div><\/div><div id='av_section_3' class='avia-section main_color pt-default pb-default avia-no-border-styling avia-bg-style-scroll  avia-builder-el-28  el_after_av_codeblock  el_before_av_section  info  container_wrap fullsize' style=' '  ><div class='container' ><div class='template-page content  av-content-full alpha units'><div class='post-entry post-entry-type-page post-entry-30262'><div class='entry-content-wrapper clearfix'>\n<div class=\"flex_column av_one_third  flex_column_div av-zero-column-padding first       avia-builder-el-29  el_before_av_one_third  avia-builder-el-first  \"><article id=\"av-jzcg9m2c\" class=\"card-entry text-align-left   has-button\">\n\t<div class=\"card-entry__inner\">\n\t\t\n\t\t\t<div class=\"card-entry__media media-type-image\">\n\t<div class=\"card-entry__media-inner\">\n\t\t\t\t\t\t\t<div class=\"card-entry__action\">\n\t<div class=\"card-entry__action-inner\">\n\t\t<div class=\"card-entry__button-wrap avia-button-wrap avia-button-left \">\n\t\t\t<a class=\"card-entry__button avia-button avia-color-ci-black hover-yellow avia-size-small avia-position-left\" href=\"https:\/\/sha.de\/buero\/sha-damals-heute\" target=\"_self\">\n\t\t\t\t<span class=\"button-icon\"><i class=\"icon-arrow_next\"><\/i><\/span>\n\t\t\t\t<span class=\"button-text\">Saber m\u00e1s<\/span>\n\t\t\t<\/a>\n\t\t<\/div>\n\t<\/div>\n<\/div>\n\t\t\t\t\t<a class=\"card-entry__link\" href=\"https:\/\/sha.de\/buero\/sha-damals-heute\" target=\"_self\">\t\t\t<img decoding=\"async\" src=\"https:\/\/sha.de\/wp-content\/uploads\/verantwortung-klimaneutral.jpg\" alt=\"\">\n\t\t<\/a>\t<\/div>\n<\/div>\n\t\n\t\t\t<div class=\"card-entry__heading\">\n\t<div class=\"card-entry__heading-inner\">\n\n\t\t\n\t\t\t\n\t\t\t\t\t\t\t<h3 class=\"card-entry__headline  h3-\">\n\t\t\t\t\tSostenible y <strong>neutro para el clima<\/strong>\n\t\t\t\t<\/h3>\n\t\t\t\n\t\t\t\t\t\t\t<p class=\"card-entry__subheadline  -\">\n\t\t\t\t\tConstruir para el futuro: la arquitectura ante el cambio clim\u00e1tico\n\t\t\t\t<\/p>\n\t\t\t\n\t\t\n\t<\/div>\n<\/div>\n\t\n\t\n\t<\/div>\n<\/article><\/div><div class=\"flex_column av_one_third  flex_column_div av-zero-column-padding        avia-builder-el-31  el_after_av_one_third  el_before_av_one_third  \"><article id=\"av-jzcg9m2c-7\" class=\"card-entry text-align-left   has-button\">\n\t<div class=\"card-entry__inner\">\n\t\t\n\t\t\t<div class=\"card-entry__media media-type-image\">\n\t<div class=\"card-entry__media-inner\">\n\t\t\t\t\t\t\t<div class=\"card-entry__action\">\n\t<div class=\"card-entry__action-inner\">\n\t\t<div class=\"card-entry__button-wrap avia-button-wrap avia-button-left \">\n\t\t\t<a class=\"card-entry__button avia-button avia-color-ci-black hover-yellow avia-size-small avia-position-left\" href=\"https:\/\/sha.de\/buero\/geschaeftsleitung\" target=\"_self\">\n\t\t\t\t<span class=\"button-icon\"><i class=\"icon-arrow_next\"><\/i><\/span>\n\t\t\t\t<span class=\"button-text\">Saber m\u00e1s<\/span>\n\t\t\t<\/a>\n\t\t<\/div>\n\t<\/div>\n<\/div>\n\t\t\t\t\t<a class=\"card-entry__link\" href=\"https:\/\/sha.de\/buero\/geschaeftsleitung\" target=\"_self\">\t\t\t<img decoding=\"async\" src=\"https:\/\/sha.de\/wp-content\/uploads\/verantwortung-gebaeudezertifizierung.jpg\" alt=\"\">\n\t\t<\/a>\t<\/div>\n<\/div>\n\t\n\t\t\t<div class=\"card-entry__heading\">\n\t<div class=\"card-entry__heading-inner\">\n\n\t\t\n\t\t\t\n\t\t\t\t\t\t\t<h3 class=\"card-entry__headline  h3-\">\n\t\t\t\t\tCertificaci\u00f3n de <strong>edificios<\/strong>\n\t\t\t\t<\/h3>\n\t\t\t\n\t\t\t\t\t\t\t<p class=\"card-entry__subheadline  -\">\n\t\t\t\t\tLe apoyamos con nuestro asesoramiento sobre la certificaci\u00f3n de edificios.\n\t\t\t\t<\/p>\n\t\t\t\n\t\t\n\t<\/div>\n<\/div>\n\t\n\t\n\t<\/div>\n<\/article><\/div><div class=\"flex_column av_one_third  flex_column_div av-zero-column-padding        avia-builder-el-33  el_after_av_one_third  avia-builder-el-last  \"><article id=\"av-jzcg9m2c-5\" class=\"card-entry text-align-left   has-button\">\n\t<div class=\"card-entry__inner\">\n\t\t\n\t\t\t<div class=\"card-entry__media media-type-image\">\n\t<div class=\"card-entry__media-inner\">\n\t\t\t\t\t\t\t<div class=\"card-entry__action\">\n\t<div class=\"card-entry__action-inner\">\n\t\t<div class=\"card-entry__button-wrap avia-button-wrap avia-button-left \">\n\t\t\t<a class=\"card-entry__button avia-button avia-color-ci-black hover-yellow avia-size-small avia-position-left\" href=\"https:\/\/sha.de\/kontakt\" target=\"_self\">\n\t\t\t\t<span class=\"button-icon\"><i class=\"icon-arrow_next\"><\/i><\/span>\n\t\t\t\t<span class=\"button-text\">Saber m\u00e1s<\/span>\n\t\t\t<\/a>\n\t\t<\/div>\n\t<\/div>\n<\/div>\n\t\t\t\t\t<a class=\"card-entry__link\" href=\"https:\/\/sha.de\/kontakt\" target=\"_self\">\t\t\t<img decoding=\"async\" src=\"https:\/\/sha.de\/wp-content\/uploads\/verantwortung-footprint.jpg\" alt=\"\">\n\t\t<\/a>\t<\/div>\n<\/div>\n\t\n\t\t\t<div class=\"card-entry__heading\">\n\t<div class=\"card-entry__heading-inner\">\n\n\t\t\n\t\t\t\n\t\t\t\t\t\t\t<h3 class=\"card-entry__headline  h3-\">\n\t\t\t\t\tNuestra  <strong><sub>Huella de CO2<\/sub><\/strong>\n\t\t\t\t<\/h3>\n\t\t\t\n\t\t\t\t\t\t\t<p class=\"card-entry__subheadline  -\">\n\t\t\t\t\tC\u00f3mo promovemos la concienciaci\u00f3n sobre la sostenibilidad en nuestra empresa.\n\t\t\t\t<\/p>\n\t\t\t\n\t\t\n\t<\/div>\n<\/div>\n\t\n\t\n\t<\/div>\n<\/article><\/div>\n\n<\/div><\/div><\/div><!-- close content main div --><\/div><\/div><div id='av_section_4' class='avia-section main_color pt-large pb-large avia-no-border-styling avia-bg-style-scroll  avia-builder-el-35  el_after_av_section  avia-builder-el-last   container_wrap fullsize' style=' '  ><div class='container' ><div class='template-page content  av-content-full alpha units'><div class='post-entry post-entry-type-page post-entry-30262'><div class='entry-content-wrapper clearfix'>\n<div class=\"flex_column av_one_third  flex_column_div av-zero-column-padding first       avia-builder-el-36  el_before_av_one_third  avia-builder-el-first  \"><p>\n\t\t\t<div id=\"av-lfi0foot\" class=\"headline-column flex_column av_one_full flex_column_div first \">\n\t\t\t\t<div class=\"headline-wrap is-outside align-left sub-bottom\">\n\t\t\t\t\t<h2 class=\"headline-content headline-primary\"><span style=&quot;font-weight:300; &quot;>Nuestras<\/span> afiliaciones<\/h2>\n\t\t\t\t\t<h3 class=\"headline-content headline-secondary\">Por la sostenibilidad en la industria de la construcci\u00f3n<\/h3>\n\t\t\t\t<\/div>\n\t\t\t<\/div><br \/>\n<section  class='av_textblock_section av-lfi0f9vv-2dd71b5577aba58827776b32a006c4e7 '   itemscope=\"itemscope\" itemtype=\"https:\/\/schema.org\/CreativeWork\" ><div class='avia_textblock'  itemprop=\"text\" ><p>Como parte de las renombradas organizaciones DGNB y GGBA, estamos comprometidos con las pr\u00e1cticas de construcci\u00f3n sostenibles y respetuosas con el medio ambiente. Juntos, nos esforzamos por contribuir a un futuro mejor.<\/p>\n<\/div><\/section><\/p><\/div><div class=\"flex_column av_one_third  flex_column_div av-zero-column-padding        avia-builder-el-39  el_after_av_one_third  avia-builder-el-last  \"><div  class='avia-image-container  av-styling-    avia-builder-el-40  avia-builder-el-no-sibling  avia-align-center'  itemprop=\"image\" itemscope=\"itemscope\" itemtype=\"https:\/\/schema.org\/ImageObject\"  ><div class='avia-image-container-inner'><div class='avia-image-overlay-wrap'><a href='caja de luz' class='avia_image'  ><img class='avia_image ' src='https:\/\/sha.de\/wp-content\/uploads\/verantwortung-dgnb.png' alt='' title='Mitglied der DGNB'  itemprop=\"thumbnailUrl\"  \/><\/a><\/div><\/div><\/div><\/div>\n\n","protected":false},"excerpt":{"rendered":"","protected":false},"author":1,"featured_media":0,"parent":0,"menu_order":8,"comment_status":"closed","ping_status":"closed","template":"","meta":{"_acf_changed":false,"content-type":"","footnotes":""},"class_list":["post-30262","page","type-page","status-publish","hentry"],"acf":[],"yoast_head":"<!-- This site is optimized with the Yoast SEO plugin v27.4 - https:\/\/yoast.com\/product\/yoast-seo-wordpress\/ -->\n<title>Arquitectos en Dortmund | SHA Scheffler Helbich Architekten GmbH<\/title>\n<meta name=\"description\" content=\"Sus arquitectos de Dortmund y Berl\u00edn con servicios personalizados y una s\u00f3lida experiencia. Asesoramiento \u2713 Concepto \u2713 Planificaci\u00f3n \u2713 Realizaci\u00f3n \u2713 Asistencia posterior \u2713\" \/>\n<meta name=\"robots\" content=\"index, follow, max-snippet:-1, max-image-preview:large, max-video-preview:-1\" \/>\n<link rel=\"canonical\" href=\"https:\/\/sha.de\/es\/responsabilidad\" \/>\n<meta property=\"og:locale\" content=\"es_ES\" \/>\n<meta property=\"og:type\" content=\"article\" \/>\n<meta property=\"og:title\" content=\"Arquitectos en Dortmund | SHA Scheffler Helbich Architekten GmbH\" \/>\n<meta property=\"og:description\" content=\"Sus arquitectos de Dortmund y Berl\u00edn con servicios personalizados y una s\u00f3lida experiencia. Asesoramiento \u2713 Concepto \u2713 Planificaci\u00f3n \u2713 Realizaci\u00f3n \u2713 Asistencia posterior \u2713\" \/>\n<meta property=\"og:url\" content=\"https:\/\/sha.de\/es\/responsabilidad\" \/>\n<meta property=\"og:site_name\" content=\"SHA Scheffler Helbich Architekten GmbH\" \/>\n<meta property=\"article:modified_time\" content=\"2024-08-28T12:59:32+00:00\" \/>\n<meta name=\"twitter:card\" content=\"summary_large_image\" \/>\n<meta name=\"twitter:label1\" content=\"Tiempo de lectura\" \/>\n\t<meta name=\"twitter:data1\" content=\"23 minutos\" \/>\n<script type=\"application\/ld+json\" class=\"yoast-schema-graph\">{\"@context\":\"https:\\\/\\\/schema.org\",\"@graph\":[{\"@type\":\"WebPage\",\"@id\":\"https:\\\/\\\/sha.de\\\/es\\\/responsabilidad\",\"url\":\"https:\\\/\\\/sha.de\\\/es\\\/responsabilidad\",\"name\":\"Arquitectos en Dortmund | SHA Scheffler Helbich Architekten GmbH\",\"isPartOf\":{\"@id\":\"https:\\\/\\\/sha.de\\\/es#website\"},\"datePublished\":\"2023-03-21T07:12:32+00:00\",\"dateModified\":\"2024-08-28T12:59:32+00:00\",\"description\":\"Sus arquitectos de Dortmund y Berl\u00edn con servicios personalizados y una s\u00f3lida experiencia. Asesoramiento \u2713 Concepto \u2713 Planificaci\u00f3n \u2713 Realizaci\u00f3n \u2713 Asistencia posterior \u2713\",\"breadcrumb\":{\"@id\":\"https:\\\/\\\/sha.de\\\/es\\\/responsabilidad#breadcrumb\"},\"inLanguage\":\"es\",\"potentialAction\":[{\"@type\":\"ReadAction\",\"target\":[\"https:\\\/\\\/sha.de\\\/es\\\/responsabilidad\"]}]},{\"@type\":\"BreadcrumbList\",\"@id\":\"https:\\\/\\\/sha.de\\\/es\\\/responsabilidad#breadcrumb\",\"itemListElement\":[{\"@type\":\"ListItem\",\"position\":1,\"name\":\"Startseite\",\"item\":\"https:\\\/\\\/sha.de\\\/es\"},{\"@type\":\"ListItem\",\"position\":2,\"name\":\"Responsabilidad\"}]},{\"@type\":\"WebSite\",\"@id\":\"https:\\\/\\\/sha.de\\\/es#website\",\"url\":\"https:\\\/\\\/sha.de\\\/es\",\"name\":\"SHA Scheffler Helbich Architekten GmbH\",\"description\":\"\",\"potentialAction\":[{\"@type\":\"SearchAction\",\"target\":{\"@type\":\"EntryPoint\",\"urlTemplate\":\"https:\\\/\\\/sha.de\\\/es?s={search_term_string}\"},\"query-input\":{\"@type\":\"PropertyValueSpecification\",\"valueRequired\":true,\"valueName\":\"search_term_string\"}}],\"inLanguage\":\"es\"}]}<\/script>\n<!-- \/ Yoast SEO plugin. -->","yoast_head_json":{"title":"Arquitectos en Dortmund | SHA Scheffler Helbich Architekten GmbH","description":"Sus arquitectos de Dortmund y Berl\u00edn con servicios personalizados y una s\u00f3lida experiencia. Asesoramiento \u2713 Concepto \u2713 Planificaci\u00f3n \u2713 Realizaci\u00f3n \u2713 Asistencia posterior \u2713","robots":{"index":"index","follow":"follow","max-snippet":"max-snippet:-1","max-image-preview":"max-image-preview:large","max-video-preview":"max-video-preview:-1"},"canonical":"https:\/\/sha.de\/es\/responsabilidad","og_locale":"es_ES","og_type":"article","og_title":"Arquitectos en Dortmund | SHA Scheffler Helbich Architekten GmbH","og_description":"Sus arquitectos de Dortmund y Berl\u00edn con servicios personalizados y una s\u00f3lida experiencia. Asesoramiento \u2713 Concepto \u2713 Planificaci\u00f3n \u2713 Realizaci\u00f3n \u2713 Asistencia posterior \u2713","og_url":"https:\/\/sha.de\/es\/responsabilidad","og_site_name":"SHA Scheffler Helbich Architekten GmbH","article_modified_time":"2024-08-28T12:59:32+00:00","twitter_card":"summary_large_image","twitter_misc":{"Tiempo de lectura":"23 minutos"},"schema":{"@context":"https:\/\/schema.org","@graph":[{"@type":"WebPage","@id":"https:\/\/sha.de\/es\/responsabilidad","url":"https:\/\/sha.de\/es\/responsabilidad","name":"Arquitectos en Dortmund | SHA Scheffler Helbich Architekten GmbH","isPartOf":{"@id":"https:\/\/sha.de\/es#website"},"datePublished":"2023-03-21T07:12:32+00:00","dateModified":"2024-08-28T12:59:32+00:00","description":"Sus arquitectos de Dortmund y Berl\u00edn con servicios personalizados y una s\u00f3lida experiencia. Asesoramiento \u2713 Concepto \u2713 Planificaci\u00f3n \u2713 Realizaci\u00f3n \u2713 Asistencia posterior \u2713","breadcrumb":{"@id":"https:\/\/sha.de\/es\/responsabilidad#breadcrumb"},"inLanguage":"es","potentialAction":[{"@type":"ReadAction","target":["https:\/\/sha.de\/es\/responsabilidad"]}]},{"@type":"BreadcrumbList","@id":"https:\/\/sha.de\/es\/responsabilidad#breadcrumb","itemListElement":[{"@type":"ListItem","position":1,"name":"Startseite","item":"https:\/\/sha.de\/es"},{"@type":"ListItem","position":2,"name":"Responsabilidad"}]},{"@type":"WebSite","@id":"https:\/\/sha.de\/es#website","url":"https:\/\/sha.de\/es","name":"SHA Scheffler Helbich Architekten GmbH","description":"","potentialAction":[{"@type":"SearchAction","target":{"@type":"EntryPoint","urlTemplate":"https:\/\/sha.de\/es?s={search_term_string}"},"query-input":{"@type":"PropertyValueSpecification","valueRequired":true,"valueName":"search_term_string"}}],"inLanguage":"es"}]}},"_links":{"self":[{"href":"https:\/\/sha.de\/es\/wp-json\/wp\/v2\/pages\/30262","targetHints":{"allow":["GET"]}}],"collection":[{"href":"https:\/\/sha.de\/es\/wp-json\/wp\/v2\/pages"}],"about":[{"href":"https:\/\/sha.de\/es\/wp-json\/wp\/v2\/types\/page"}],"author":[{"embeddable":true,"href":"https:\/\/sha.de\/es\/wp-json\/wp\/v2\/users\/1"}],"replies":[{"embeddable":true,"href":"https:\/\/sha.de\/es\/wp-json\/wp\/v2\/comments?post=30262"}],"version-history":[{"count":2,"href":"https:\/\/sha.de\/es\/wp-json\/wp\/v2\/pages\/30262\/revisions"}],"predecessor-version":[{"id":37582,"href":"https:\/\/sha.de\/es\/wp-json\/wp\/v2\/pages\/30262\/revisions\/37582"}],"wp:attachment":[{"href":"https:\/\/sha.de\/es\/wp-json\/wp\/v2\/media?parent=30262"}],"curies":[{"name":"wp","href":"https:\/\/api.w.org\/{rel}","templated":true}]}}