{"id":37825,"date":"2020-02-06T07:34:43","date_gmt":"2020-02-06T06:34:43","guid":{"rendered":"https:\/\/sha.de\/servicios\/cuidado-posterior"},"modified":"2024-08-28T15:00:04","modified_gmt":"2024-08-28T13:00:04","slug":"cuidado-posterior","status":"publish","type":"page","link":"https:\/\/sha.de\/es\/servicios\/cuidado-posterior","title":{"rendered":"Cuidado posterior"},"content":{"rendered":"<div id='av_section_1' class='avia-section main_color pt-default pb-default avia-no-border-styling avia-bg-style-scroll  avia-builder-el-0  el_before_av_section  avia-builder-el-first   container_wrap fullsize' style=' '  ><div class='container' ><main  role=\"main\" itemprop=\"mainContentOfPage\"  class='template-page content  av-content-full alpha units'><div class='post-entry post-entry-type-page post-entry-37825'><div class='entry-content-wrapper clearfix'>\n\n\t\t\t<div id=\"av-k55bagx6\" class=\"headline-column flex_column av_one_full flex_column_div first \">\n\t\t\t\t<div class=\"headline-wrap is-outside align-left sub-bottom\">\n\t\t\t\t\t<h1 class=\"headline-content headline-primary\">Revisi\u00f3n y cuidados posteriores<\/h1>\n\t\t\t\t\t<h3 class=\"headline-content headline-secondary\">Su socio de la A a la Z<\/h3>\n\t\t\t\t<\/div>\n\t\t\t<\/div>\n<div class=\"flex_column av_two_third  flex_column_div av-zero-column-padding first bg-default  service img-left   avia-builder-el-2  el_after_pixel_sc_headline  el_before_av_one_third  w-1023-half \" style=\"background-image: url(https:\/\/sha.de\/wp-content\/uploads\/020-SHA-Dortmund-August-2022-GF-scaled-e1723542417517.jpg); background-position: center center; background-repeat: no-repeat; background-size: cover; \"><\/div><div class=\"flex_column av_one_third  flex_column_div av-zero-column-padding  bg-default border-bottom   img-left   avia-builder-el-3  el_after_av_two_third  avia-builder-el-last  w-1023-full w-1023-ctm \"><section  class='av_textblock_section av-k55baqys-574ab31680f910a237e7ede106711d9f '   itemscope=\"itemscope\" itemtype=\"https:\/\/schema.org\/CreativeWork\" ><div class='avia_textblock'  itemprop=\"text\" ><h3>Mantenemos el di\u00e1logo<\/h3>\n<p>Nuestro trabajo no termina cuando entregamos las llaves. \u00bfVa todo seg\u00fan sus deseos? \u00bfResult\u00f3 todo como hab\u00eda imaginado? En el SHA, volvemos a reunirnos a m\u00e1s tardar seis meses despu\u00e9s de la puesta en marcha y evaluamos retrospectivamente si nuestro proyecto de construcci\u00f3n conjunta se ha realizado a satisfacci\u00f3n de todos.<\/p>\n<p>Si no es as\u00ed, \u00a1h\u00e1ganoslo saber! Si es as\u00ed, \u00a1h\u00e1ganoslo saber! Agradecemos sus comentarios sinceros. Para nosotros es a la vez un incentivo y una motivaci\u00f3n para futuros proyectos.<\/p>\n<\/div><\/section><\/div><\/div><\/div><\/main><!-- close content main element --><\/div><\/div><div id='av_section_2' class='avia-section main_color pt-default pb-default avia-no-border-styling avia-bg-style-scroll  avia-builder-el-5  el_after_av_section  el_before_av_section   av-desktop-hide av-medium-hide av-small-hide av-mini-hide container_wrap fullsize' style=' '  ><div class='container' ><div class='template-page content  av-content-full alpha units'><div class='post-entry post-entry-type-page post-entry-37825'><div class='entry-content-wrapper clearfix'>\n<div class=\"flex_column av_one_third  flex_column_div av-zero-column-padding first bg-default border-bottom   img-left   avia-builder-el-6  el_before_av_one_third  avia-builder-el-first  \"><section  class='av_textblock_section av-k55baqys-9-4c20cb2ab722c4c625da88e31e2a79a5 '   itemscope=\"itemscope\" itemtype=\"https:\/\/schema.org\/CreativeWork\" ><div class='avia_textblock'  itemprop=\"text\" ><h3>Fijar el rumbo: Desarrollo del proyecto<\/h3>\n<p>Las decisiones clave de un proyecto se toman en las fases iniciales. En este sentido, el desarrollo temprano del proyecto determina todos los costes posteriores. La iniciaci\u00f3n del proyecto reviste aqu\u00ed una especial importancia.<\/p>\n<p>Aqu\u00ed es donde la idea, la ubicaci\u00f3n y el capital se unen por primera vez. Se sopesan las oportunidades desde una perspectiva empresarial, de planificaci\u00f3n y pol\u00edtica y se analiza su competitividad. Se analizan y cuantifican los aspectos de compatibilidad medioambiental, la salvaguarda o generaci\u00f3n de puestos de trabajo y el riesgo potencial de una medida. Estaremos encantados de apoyarle en su proyecto. P\u00f3ngase en contacto con nosotros y benef\u00edciese de nuestra experiencia espec\u00edfica en el sector.<\/p>\n<\/div><\/section><\/div><div class=\"flex_column av_one_third  flex_column_div av-zero-column-padding  bg-default  fill img-left   avia-builder-el-8  el_after_av_one_third  el_before_av_one_third  \" style=\"background-image: url(https:\/\/sha.de\/wp-content\/uploads\/philosophie_langfristigkeit.jpg); background-position: center center; background-repeat: no-repeat; background-size: cover; \"><\/div><div class=\"flex_column av_one_third  flex_column_div av-zero-column-padding  bg-default  fill img-left icon-left  avia-builder-el-9  el_after_av_one_third  avia-builder-el-last  \" style=\"background-image: url(https:\/\/sha.de\/wp-content\/uploads\/leistungen_analyse_konzept.jpg); background-position: center center; background-repeat: no-repeat; background-size: cover; \"><\/div>\n<\/p>\n<\/div><\/div><\/div><!-- close content main div --><\/div><\/div><div id='av_section_3' class='avia-section main_color pt-default pb-default avia-no-border-styling avia-bg-style-scroll  avia-builder-el-10  el_after_av_section  el_before_av_section   av-desktop-hide av-medium-hide av-small-hide av-mini-hide container_wrap fullsize' style=' '  ><div class='container' ><div class='template-page content  av-content-full alpha units'><div class='post-entry post-entry-type-page post-entry-37825'><div class='entry-content-wrapper clearfix'>\n<div class=\"flex_column av_one_third  flex_column_div av-zero-column-padding first bg-default  fill img-left icon-left  avia-builder-el-11  el_before_av_one_third  avia-builder-el-first  \" style=\"background-image: url(https:\/\/sha.de\/wp-content\/uploads\/auszeichnung_hausamsee.jpg); background-position: center center; background-repeat: no-repeat; background-size: cover; \"><\/div><div class=\"flex_column av_one_third  flex_column_div av-zero-column-padding  bg-default border-bottom   img-left   avia-builder-el-12  el_after_av_one_third  el_before_av_one_third  \"><section  class='av_textblock_section av-k55baqys-6-2201cada4e51a6b2c48b894346007508 '   itemscope=\"itemscope\" itemtype=\"https:\/\/schema.org\/CreativeWork\" ><div class='avia_textblock'  itemprop=\"text\" ><h3>Procedimientos y competiciones del VOF:<br \/>\nLa lucha por la mejor soluci\u00f3n<\/h3>\n<p>Comprendemos que no siempre es f\u00e1cil elegir al arquitecto adecuado. Por eso siempre nos enfrentamos a la competencia y as\u00ed demostramos que pensamos conceptual, funcional y econ\u00f3micamente en inter\u00e9s del cliente y buscamos su beneficio.<\/p>\n<p>Con su proyecto, siempre debe tener la exigencia de que s\u00f3lo se plantee la mejor soluci\u00f3n para usted.<\/p>\n<p>Por tanto, la decisi\u00f3n l\u00f3gica es buscar esta soluci\u00f3n en el concurso y competir por el mejor resultado en t\u00e9rminos de proyecto. Estaremos encantados de asesorarle.<\/p>\n<\/div><\/section><\/div><div class=\"flex_column av_one_third  flex_column_div av-zero-column-padding  bg-default border-bottom   img-left   avia-builder-el-14  el_after_av_one_third  avia-builder-el-last  \"><section  class='av_textblock_section av-k55baqys-1-5559a95b6f073edc9fbdf2054bce7627 '   itemscope=\"itemscope\" itemtype=\"https:\/\/schema.org\/CreativeWork\" ><div class='avia_textblock'  itemprop=\"text\" ><h3>Herramientas de planificaci\u00f3n: simulaci\u00f3n y modelizaci\u00f3n<\/h3>\n<p>Adem\u00e1s de la funcionalidad y la rentabilidad, la arquitectura es siempre una cuesti\u00f3n de calidad espacial y f\u00edsica. Esto puede comprobarse perfectamente en las primeras fases de planificaci\u00f3n en representaciones espaciales como la simulaci\u00f3n en 3D y el modelo arquitect\u00f3nico cl\u00e1sico.<\/p>\n<p>Adem\u00e1s de los planos y las cifras, ambos tipos de visualizaci\u00f3n se cuentan entre las herramientas m\u00e1s importantes para proporcionar a los clientes, los planificadores especializados, las autoridades locales y las autoridades de homologaci\u00f3n una comprensi\u00f3n a\u00fan mejor del proyecto. De este modo, todas las cuestiones de planificaci\u00f3n espacial-arquitect\u00f3nica y urban\u00edstica, as\u00ed como aspectos t\u00e9cnicos como la luz solar y el sombreado, pueden responderse claramente en una fase temprana.<\/p>\n<\/div><\/section><\/div>\n\n<\/div><\/div><\/div><!-- close content main div --><\/div><\/div><div id='av_section_4' class='avia-section main_color pt-large pb-large avia-no-border-styling avia-bg-style-scroll  avia-builder-el-16  el_after_av_section  avia-builder-el-last   container_wrap fullsize' style=' '  ><div class='container' ><div class='template-page content  av-content-full alpha units'><div class='post-entry post-entry-type-page post-entry-37825'><div class='entry-content-wrapper clearfix'>\n\n\t\t\t<div id=\"av-k55bagx6-12\" class=\"headline-column flex_column av_one_full flex_column_div first \">\n\t\t\t\t<div class=\"headline-wrap is-outside align-center sub-bottom\">\n\t\t\t\t\t<h2 class=\"headline-content headline-primary\">Otros servicios de nuestra cartera<\/h2>\n\t\t\t\t\t<h3 class=\"headline-content headline-secondary\">Nuestra amplia gama de servicios<\/h3>\n\t\t\t\t<\/div>\n\t\t\t<\/div>\n<ul class=\"icon-row leistungen \">\n\t<li class=\"icon-row__entry beratung\">\n\t\t<a class=\"icon-row__entry-link\" href=\"https:\/\/sha.de\/leistungen\/beratung\">\n\t\t\t<div class=\"icon-row__entry-image\">\n\t\t\t\t<div class=\"entry-image-svg\"><\/div>\n\t\t\t\t<!-- <div class=\"entry-image-hover\"><\/div> -->\n\t\t\t<\/div>\n\t\t\t<div class=\"icon-row__entry-text\">Asesoramiento<\/div>\n\t\t<\/a>\n\t<\/li>\n\t<li class=\"icon-row__entry konzept\">\n\t\t<a class=\"icon-row__entry-link\" href=\"https:\/\/sha.de\/leistungen\/analyse-und-konzept\">\n\t\t\t<div class=\"icon-row__entry-image\">\n\t\t\t\t<div class=\"entry-image-svg\"><\/div>\n\t\t\t\t<!-- <div class=\"entry-image-hover\"><\/div> -->\n\t\t\t<\/div>\n\t\t\t<div class=\"icon-row__entry-text\">An\u00e1lise e conceito<\/div>\n\t\t<\/a>\n\t<\/li>\n\t<li class=\"icon-row__entry planung\">\n\t\t<a class=\"icon-row__entry-link\" href=\"https:\/\/sha.de\/leistungen\/planung-und-koordination\">\n\t\t\t<div class=\"icon-row__entry-image\">\n\t\t\t\t<div class=\"entry-image-svg\"><\/div>\n\t\t\t\t<!-- <div class=\"entry-image-hover\"><\/div> -->\n\t\t\t<\/div>\n\t\t\t<div class=\"icon-row__entry-text\">Planeamento e coordena\u00e7\u00e3o<\/div>\n\t\t<\/a>\n\t<\/li>\n\t<li class=\"icon-row__entry realisierung\">\n\t\t<a class=\"icon-row__entry-link\" href=\"https:\/\/sha.de\/leistungen\/realisierung\">\n\t\t\t<div class=\"icon-row__entry-image\">\n\t\t\t\t<div class=\"entry-image-svg\"><\/div>\n\t\t\t\t<!-- <div class=\"entry-image-hover\"><\/div> -->\n\t\t\t<\/div>\n\t\t\t<div class=\"icon-row__entry-text\">Realizaci\u00f3n<\/div>\n\t\t<\/a>\n\t<\/li>\n\t<li class=\"icon-row__entry nachbetreuung\">\n\t\t<a class=\"icon-row__entry-link\" href=\"https:\/\/sha.de\/leistungen\/nachbetreuung\">\n\t\t\t<div class=\"icon-row__entry-image\">\n\t\t\t\t<div class=\"entry-image-svg\"><\/div>\n\t\t\t\t<!-- <div class=\"entry-image-hover\"><\/div> -->\n\t\t\t<\/div>\n\t\t\t<div class=\"icon-row__entry-text\">Cuidado posterior<\/div>\n\t\t<\/a>\n\t<\/li>\n<\/ul>\n\n\n","protected":false},"excerpt":{"rendered":"","protected":false},"author":1,"featured_media":0,"parent":30201,"menu_order":5,"comment_status":"closed","ping_status":"closed","template":"","meta":{"_acf_changed":false,"content-type":"","footnotes":""},"class_list":["post-37825","page","type-page","status-publish","hentry"],"acf":[],"yoast_head":"<!-- This site is optimized with the Yoast SEO plugin v27.4 - https:\/\/yoast.com\/product\/yoast-seo-wordpress\/ -->\n<title>Seguimiento de su proyecto de construcci\u00f3n | SHA Architekten<\/title>\n<meta name=\"description\" content=\"Tambi\u00e9n estamos a su lado despu\u00e9s de la finalizaci\u00f3n. Nos aseguramos de que su proyecto de construcci\u00f3n cumpla sus expectativas. Sus comentarios conforman nuestro trabajo y perfecci\u00f3n futuros.\" \/>\n<meta name=\"robots\" content=\"index, follow, max-snippet:-1, max-image-preview:large, max-video-preview:-1\" \/>\n<link rel=\"canonical\" href=\"https:\/\/sha.de\/es\/servicios\/cuidado-posterior\" \/>\n<meta property=\"og:locale\" content=\"es_ES\" \/>\n<meta property=\"og:type\" content=\"article\" \/>\n<meta property=\"og:title\" content=\"Seguimiento de su proyecto de construcci\u00f3n | SHA Architekten\" \/>\n<meta property=\"og:description\" content=\"Tambi\u00e9n estamos a su lado despu\u00e9s de la finalizaci\u00f3n. Nos aseguramos de que su proyecto de construcci\u00f3n cumpla sus expectativas. Sus comentarios conforman nuestro trabajo y perfecci\u00f3n futuros.\" \/>\n<meta property=\"og:url\" content=\"https:\/\/sha.de\/es\/servicios\/cuidado-posterior\" \/>\n<meta property=\"og:site_name\" content=\"SHA Scheffler Helbich Architekten GmbH\" \/>\n<meta property=\"article:modified_time\" content=\"2024-08-28T13:00:04+00:00\" \/>\n<meta name=\"twitter:card\" content=\"summary_large_image\" \/>\n<meta name=\"twitter:label1\" content=\"Tiempo de lectura\" \/>\n\t<meta name=\"twitter:data1\" content=\"11 minutos\" \/>\n<script type=\"application\/ld+json\" class=\"yoast-schema-graph\">{\"@context\":\"https:\\\/\\\/schema.org\",\"@graph\":[{\"@type\":\"WebPage\",\"@id\":\"https:\\\/\\\/sha.de\\\/es\\\/servicios\\\/cuidado-posterior\",\"url\":\"https:\\\/\\\/sha.de\\\/es\\\/servicios\\\/cuidado-posterior\",\"name\":\"Seguimiento de su proyecto de construcci\u00f3n | SHA Architekten\",\"isPartOf\":{\"@id\":\"https:\\\/\\\/sha.de\\\/es#website\"},\"datePublished\":\"2020-02-06T06:34:43+00:00\",\"dateModified\":\"2024-08-28T13:00:04+00:00\",\"description\":\"Tambi\u00e9n estamos a su lado despu\u00e9s de la finalizaci\u00f3n. Nos aseguramos de que su proyecto de construcci\u00f3n cumpla sus expectativas. Sus comentarios conforman nuestro trabajo y perfecci\u00f3n futuros.\",\"breadcrumb\":{\"@id\":\"https:\\\/\\\/sha.de\\\/es\\\/servicios\\\/cuidado-posterior#breadcrumb\"},\"inLanguage\":\"es\",\"potentialAction\":[{\"@type\":\"ReadAction\",\"target\":[\"https:\\\/\\\/sha.de\\\/es\\\/servicios\\\/cuidado-posterior\"]}]},{\"@type\":\"BreadcrumbList\",\"@id\":\"https:\\\/\\\/sha.de\\\/es\\\/servicios\\\/cuidado-posterior#breadcrumb\",\"itemListElement\":[{\"@type\":\"ListItem\",\"position\":1,\"name\":\"Startseite\",\"item\":\"https:\\\/\\\/sha.de\\\/es\"},{\"@type\":\"ListItem\",\"position\":2,\"name\":\"Servicios\",\"item\":\"https:\\\/\\\/sha.de\\\/es\\\/servicios\"},{\"@type\":\"ListItem\",\"position\":3,\"name\":\"Cuidado posterior\"}]},{\"@type\":\"WebSite\",\"@id\":\"https:\\\/\\\/sha.de\\\/es#website\",\"url\":\"https:\\\/\\\/sha.de\\\/es\",\"name\":\"SHA Scheffler Helbich Architekten GmbH\",\"description\":\"\",\"potentialAction\":[{\"@type\":\"SearchAction\",\"target\":{\"@type\":\"EntryPoint\",\"urlTemplate\":\"https:\\\/\\\/sha.de\\\/es?s={search_term_string}\"},\"query-input\":{\"@type\":\"PropertyValueSpecification\",\"valueRequired\":true,\"valueName\":\"search_term_string\"}}],\"inLanguage\":\"es\"}]}<\/script>\n<!-- \/ Yoast SEO plugin. -->","yoast_head_json":{"title":"Seguimiento de su proyecto de construcci\u00f3n | SHA Architekten","description":"Tambi\u00e9n estamos a su lado despu\u00e9s de la finalizaci\u00f3n. Nos aseguramos de que su proyecto de construcci\u00f3n cumpla sus expectativas. Sus comentarios conforman nuestro trabajo y perfecci\u00f3n futuros.","robots":{"index":"index","follow":"follow","max-snippet":"max-snippet:-1","max-image-preview":"max-image-preview:large","max-video-preview":"max-video-preview:-1"},"canonical":"https:\/\/sha.de\/es\/servicios\/cuidado-posterior","og_locale":"es_ES","og_type":"article","og_title":"Seguimiento de su proyecto de construcci\u00f3n | SHA Architekten","og_description":"Tambi\u00e9n estamos a su lado despu\u00e9s de la finalizaci\u00f3n. Nos aseguramos de que su proyecto de construcci\u00f3n cumpla sus expectativas. Sus comentarios conforman nuestro trabajo y perfecci\u00f3n futuros.","og_url":"https:\/\/sha.de\/es\/servicios\/cuidado-posterior","og_site_name":"SHA Scheffler Helbich Architekten GmbH","article_modified_time":"2024-08-28T13:00:04+00:00","twitter_card":"summary_large_image","twitter_misc":{"Tiempo de lectura":"11 minutos"},"schema":{"@context":"https:\/\/schema.org","@graph":[{"@type":"WebPage","@id":"https:\/\/sha.de\/es\/servicios\/cuidado-posterior","url":"https:\/\/sha.de\/es\/servicios\/cuidado-posterior","name":"Seguimiento de su proyecto de construcci\u00f3n | SHA Architekten","isPartOf":{"@id":"https:\/\/sha.de\/es#website"},"datePublished":"2020-02-06T06:34:43+00:00","dateModified":"2024-08-28T13:00:04+00:00","description":"Tambi\u00e9n estamos a su lado despu\u00e9s de la finalizaci\u00f3n. Nos aseguramos de que su proyecto de construcci\u00f3n cumpla sus expectativas. Sus comentarios conforman nuestro trabajo y perfecci\u00f3n futuros.","breadcrumb":{"@id":"https:\/\/sha.de\/es\/servicios\/cuidado-posterior#breadcrumb"},"inLanguage":"es","potentialAction":[{"@type":"ReadAction","target":["https:\/\/sha.de\/es\/servicios\/cuidado-posterior"]}]},{"@type":"BreadcrumbList","@id":"https:\/\/sha.de\/es\/servicios\/cuidado-posterior#breadcrumb","itemListElement":[{"@type":"ListItem","position":1,"name":"Startseite","item":"https:\/\/sha.de\/es"},{"@type":"ListItem","position":2,"name":"Servicios","item":"https:\/\/sha.de\/es\/servicios"},{"@type":"ListItem","position":3,"name":"Cuidado posterior"}]},{"@type":"WebSite","@id":"https:\/\/sha.de\/es#website","url":"https:\/\/sha.de\/es","name":"SHA Scheffler Helbich Architekten GmbH","description":"","potentialAction":[{"@type":"SearchAction","target":{"@type":"EntryPoint","urlTemplate":"https:\/\/sha.de\/es?s={search_term_string}"},"query-input":{"@type":"PropertyValueSpecification","valueRequired":true,"valueName":"search_term_string"}}],"inLanguage":"es"}]}},"_links":{"self":[{"href":"https:\/\/sha.de\/es\/wp-json\/wp\/v2\/pages\/37825","targetHints":{"allow":["GET"]}}],"collection":[{"href":"https:\/\/sha.de\/es\/wp-json\/wp\/v2\/pages"}],"about":[{"href":"https:\/\/sha.de\/es\/wp-json\/wp\/v2\/types\/page"}],"author":[{"embeddable":true,"href":"https:\/\/sha.de\/es\/wp-json\/wp\/v2\/users\/1"}],"replies":[{"embeddable":true,"href":"https:\/\/sha.de\/es\/wp-json\/wp\/v2\/comments?post=37825"}],"version-history":[{"count":1,"href":"https:\/\/sha.de\/es\/wp-json\/wp\/v2\/pages\/37825\/revisions"}],"predecessor-version":[{"id":37828,"href":"https:\/\/sha.de\/es\/wp-json\/wp\/v2\/pages\/37825\/revisions\/37828"}],"up":[{"embeddable":true,"href":"https:\/\/sha.de\/es\/wp-json\/wp\/v2\/pages\/30201"}],"wp:attachment":[{"href":"https:\/\/sha.de\/es\/wp-json\/wp\/v2\/media?parent=37825"}],"curies":[{"name":"wp","href":"https:\/\/api.w.org\/{rel}","templated":true}]}}