{"id":38041,"date":"2019-09-04T15:44:47","date_gmt":"2019-09-04T13:44:47","guid":{"rendered":"https:\/\/sha.de\/experiencia\/industria-y-comercio"},"modified":"2024-08-28T15:00:38","modified_gmt":"2024-08-28T13:00:38","slug":"industria-y-comercio","status":"publish","type":"page","link":"https:\/\/sha.de\/es\/experiencia\/industria-y-comercio","title":{"rendered":"Industria y comercio"},"content":{"rendered":"<div id='av_section_1' class='avia-section main_color pt-default pb-default avia-no-border-styling avia-bg-style-scroll  avia-builder-el-0  el_before_av_section  avia-builder-el-first   container_wrap fullsize' style=' '  ><div class='container' ><main  role=\"main\" itemprop=\"mainContentOfPage\"  class='template-page content  av-content-full alpha units'><div class='post-entry post-entry-type-page post-entry-38041'><div class='entry-content-wrapper clearfix'>\n\n\t\t\t<div id=\"av-jzds8r2e\" class=\"headline-column flex_column av_one_full flex_column_div first \">\n\t\t\t\t<div class=\"headline-wrap is-outside align-center sub-bottom\">\n\t\t\t\t\t<h1 class=\"headline-content headline-primary\">Su estudio de arquitectura para la industria y el comercio<\/h1>\n\t\t\t\t\t<h2 class=\"headline-content headline-secondary\">Planificamos para usted - en toda Alemania<\/h2>\n\t\t\t\t<\/div>\n\t\t\t<\/div>\n<div class=\"flex_column av_one_third  flex_column_div av-zero-column-padding first       avia-builder-el-2  el_after_pixel_sc_headline  el_before_av_one_third  \"><section  class='av_textblock_section av-jzdsin8c-a444a21066dcbb0cc2fccc3f54730a9c '   itemscope=\"itemscope\" itemtype=\"https:\/\/schema.org\/CreativeWork\" ><div class='avia_textblock'  itemprop=\"text\" ><p>Especialmente en el \u00e1mbito de la construcci\u00f3n industrial y comercial, la buena arquitectura se basa en la funci\u00f3n que debe cumplir. Con nuestra experiencia espec\u00edfica en el sector, SHA es su socio si desea optimizar los flujos de materiales y mercanc\u00edas o gestionar los flujos de clientes, por ejemplo en inmuebles comerciales, naves de producci\u00f3n o log\u00edstica.<\/p>\n<p>Es importante que comprendamos e interioricemos su empresa, sus procesos y requisitos. Si lo conseguimos, al final el resultado hablar\u00e1 por s\u00ed solo.<\/p>\n<\/div><\/section><\/div><div class=\"flex_column av_one_third  flex_column_div av-zero-column-padding        avia-builder-el-4  el_after_av_one_third  el_before_av_one_third  \"><section  class='av_textblock_section av-jzdsin8c-10-451ffa6183933067f0c8f49c0fee01ab '   itemscope=\"itemscope\" itemtype=\"https:\/\/schema.org\/CreativeWork\" ><div class='avia_textblock'  itemprop=\"text\" ><p>Como estudio de arquitectura para edificios industriales y comerciales, estamos a su lado para la planificaci\u00f3n de reformas, ampliaciones o nuevas construcciones. Debido a los elevados requisitos funcionales, siempre planificamos desde dentro hacia fuera y desarrollamos soluciones personalizadas junto con usted.<\/p>\n<p>Nuestros arquitectos industriales tienen en cuenta las especificidades espaciales para optimizar la configuraci\u00f3n del edificio. El cumplimiento de las normas de calidad y seguridad m\u00e1s estrictas siempre tiene prioridad. El resultado es un logrado equilibrio entre econom\u00eda, funcionalidad y est\u00e9tica.<\/p>\n<\/div><\/section><\/div><div class=\"flex_column av_one_third  flex_column_div av-zero-column-padding        avia-builder-el-6  el_after_av_one_third  el_before_av_one_full  \"><section  class='av_textblock_section av-jzdsin8c-8-3f1e9640f80872d7c931926e74ee8e19 '   itemscope=\"itemscope\" itemtype=\"https:\/\/schema.org\/CreativeWork\" ><div class='avia_textblock'  itemprop=\"text\" ><p>En todos los proyectos, nuestros clientes se benefician de la interacci\u00f3n entre nuestro estudio de arquitectura y nuestros socios de toda la vida. Recibir\u00e1 un concepto individualizado y optimizado en todos los aspectos, que pondremos en pr\u00e1ctica para usted hasta su finalizaci\u00f3n con la m\u00e1xima transparencia de plazos y costes. P\u00f3ngase en contacto con nosotros y benef\u00edciese de los m\u00e1s de 90 a\u00f1os de experiencia de nuestro estudio de arquitectura.<\/p>\n<\/div><\/section><\/div><div class=\"flex_column av_one_full  flex_column_div av-zero-column-padding first bg-default   img-left icon-left  avia-builder-el-8  el_after_av_one_third  avia-builder-el-last  column-top-margin\"><div class=\"slickgallery \">\n\t<div class=\"pixel-slide-wrap\">\n\t\t<div class=\"pixel-slide\" style=\"display: block; width: 100%; float: left;\">\n\t\t\t\t\n\t\t\t\t\t\t\t\t\t\t\t\t\t\n\t\t\t\t\t<div class=\"pixel-slide__image-wrap slide-1\">\n\t\t\t\t\t\t\t<div class=\"pixel-slide__image \"><a href=\"https:\/\/sha.de\/wp-content\/uploads\/CE648_349-1274x850.jpg\" rel=\"lightbox\"><img decoding=\"async\" src=\"https:\/\/sha.de\/wp-content\/uploads\/CE648_349-706x368.jpg\" alt=\"Zentrallager Verwaltung Kassel Jordan | Projekte im Industrie- und Logistikbau\" title=\"Zentrallager Verwaltung Kassel Jordan | Projekte im Industrie- und Logistikbau\"><\/a><\/div>\n\t\t\t\t\t<\/div>\n\t\t\t\t\n\t\t\t\t\t\t\t\t\t\t\t\t\t\n\t\t\t\t\t<div class=\"pixel-slide__image-wrap slide-2\">\n\t\t\t\t\t\t\t<div class=\"pixel-slide__image \"><a href=\"https:\/\/sha.de\/wp-content\/uploads\/Murdotec_innen_Full-11a-1280x512.jpg\" rel=\"lightbox\"><img decoding=\"async\" src=\"https:\/\/sha.de\/wp-content\/uploads\/Murdotec_innen_Full-11a-706x368.jpg\" alt=\"Murdotec Produktionsstandort in Dortmund | Projekte im Industrie- und Logistikbau\" title=\"Murdotec Produktionsstandort in Dortmund | Projekte im Industrie- und Logistikbau\"><\/a><\/div>\n\t\t\t\t\t<\/div>\n\t\t\t\t\n\t\t\t\t\t\t\t\t\t\t\t\t\t\n\t\t\t\t\t<div class=\"pixel-slide__image-wrap slide-3\">\n\t\t\t\t\t\t\t<div class=\"pixel-slide__image \"><a href=\"https:\/\/sha.de\/wp-content\/uploads\/CE648_301-1275x850.jpg\" rel=\"lightbox\"><img decoding=\"async\" src=\"https:\/\/sha.de\/wp-content\/uploads\/CE648_301-706x368.jpg\" alt=\"Zentrallager Verwaltung Kassel Jordan | Projekte im Industrie- und Logistikbau\" title=\"Zentrallager Verwaltung Kassel Jordan | Projekte im Industrie- und Logistikbau\"><\/a><\/div>\n\t\t\t\t\t<\/div>\n\t\t\t\t\n\t\t\t\t\t\t\t\t\t\t\t\t\t\n\t\t\t\t\t<div class=\"pixel-slide__image-wrap slide-4\">\n\t\t\t\t\t\t\t<div class=\"pixel-slide__image \"><a href=\"https:\/\/sha.de\/wp-content\/uploads\/Murtfeldt-CE-11-1266x850.jpg\" rel=\"lightbox\"><img decoding=\"async\" src=\"https:\/\/sha.de\/wp-content\/uploads\/Murtfeldt-CE-11-706x368.jpg\" alt=\"Murdotec Produktionsstandort in Dortmund | Projekte im Industrie- und Logistikbau\" title=\"Murdotec Produktionsstandort in Dortmund | Projekte im Industrie- und Logistikbau\"><\/a><\/div>\n\t\t\t\t\t<\/div>\n\t\t\t\t\n\t\t\t\t\t\t\t\t\t\t\t\t\t\n\t\t\t\t\t<div class=\"pixel-slide__image-wrap slide-5\">\n\t\t\t\t\t\t\t<div class=\"pixel-slide__image \"><a href=\"https:\/\/sha.de\/wp-content\/uploads\/Rewe-Hamm-vcube-1280x640.jpg\" rel=\"lightbox\"><img decoding=\"async\" src=\"https:\/\/sha.de\/wp-content\/uploads\/Rewe-Hamm-vcube-706x368.jpg\" alt=\"Rewe Hamm | SHA Scheffler Helbich Architekten\" title=\"Rewe Hamm | SHA Scheffler Helbich Architekten\"><\/a><\/div>\n\t\t\t\t\t<\/div>\n\t\t\t\t\n\t\t\t\t\t\t\t\t\t\t\t\t\t\n\t\t\t\t\t<div class=\"pixel-slide__image-wrap slide-6\">\n\t\t\t\t\t\t\t<div class=\"pixel-slide__image \"><a href=\"https:\/\/sha.de\/wp-content\/uploads\/CE648_154-1248x850.jpg\" rel=\"lightbox\"><img decoding=\"async\" src=\"https:\/\/sha.de\/wp-content\/uploads\/CE648_154-706x368.jpg\" alt=\"Zentrallager Verwaltung Kassel Jordan | Projekte im Industrie- und Logistikbau\" title=\"Zentrallager Verwaltung Kassel Jordan | Projekte im Industrie- und Logistikbau\"><\/a><\/div>\n\t\t\t\t\t<\/div>\n\t\t\t\t\t\t<\/div>\n\t<\/div>\n<\/div><\/div><\/div><\/div><\/main><!-- close content main element --><\/div><\/div><div id='av_section_2' class='avia-section main_color pt-large pb-large avia-no-border-styling avia-bg-style-scroll  avia-builder-el-10  el_after_av_section  el_before_av_section   container_wrap fullsize' style=' '  ><div class='container' ><div class='template-page content  av-content-full alpha units'><div class='post-entry post-entry-type-page post-entry-38041'><div class='entry-content-wrapper clearfix'>\n\n\t\t\t<div id=\"av-jzds8r2e-12\" class=\"headline-column flex_column av_one_full flex_column_div first \">\n\t\t\t\t<div class=\"headline-wrap is-outside align-center sub-bottom\">\n\t\t\t\t\t<h2 class=\"headline-content headline-primary\">Servicios relacionados con la arquitectura industrial<\/h2>\n\t\t\t\t\t<h3 class=\"headline-content headline-secondary\">Nuestra amplia gama de servicios<\/h3>\n\t\t\t\t<\/div>\n\t\t\t<\/div>\n<div class=\"flex_column av_one_full  flex_column_div av-zero-column-padding first       avia-builder-el-12  el_after_pixel_sc_headline  avia-builder-el-last  \"><ul class=\"icon-row leistungen \">\n\t<li class=\"icon-row__entry beratung\">\n\t\t<a class=\"icon-row__entry-link\" href=\"https:\/\/sha.de\/leistungen\/beratung\">\n\t\t\t<div class=\"icon-row__entry-image\">\n\t\t\t\t<div class=\"entry-image-svg\"><\/div>\n\t\t\t\t<!-- <div class=\"entry-image-hover\"><\/div> -->\n\t\t\t<\/div>\n\t\t\t<div class=\"icon-row__entry-text\">Asesoramiento<\/div>\n\t\t<\/a>\n\t<\/li>\n\t<li class=\"icon-row__entry konzept\">\n\t\t<a class=\"icon-row__entry-link\" href=\"https:\/\/sha.de\/leistungen\/analyse-und-konzept\">\n\t\t\t<div class=\"icon-row__entry-image\">\n\t\t\t\t<div class=\"entry-image-svg\"><\/div>\n\t\t\t\t<!-- <div class=\"entry-image-hover\"><\/div> -->\n\t\t\t<\/div>\n\t\t\t<div class=\"icon-row__entry-text\">An\u00e1lise e conceito<\/div>\n\t\t<\/a>\n\t<\/li>\n\t<li class=\"icon-row__entry planung\">\n\t\t<a class=\"icon-row__entry-link\" href=\"https:\/\/sha.de\/leistungen\/planung-und-koordination\">\n\t\t\t<div class=\"icon-row__entry-image\">\n\t\t\t\t<div class=\"entry-image-svg\"><\/div>\n\t\t\t\t<!-- <div class=\"entry-image-hover\"><\/div> -->\n\t\t\t<\/div>\n\t\t\t<div class=\"icon-row__entry-text\">Planeamento e coordena\u00e7\u00e3o<\/div>\n\t\t<\/a>\n\t<\/li>\n\t<li class=\"icon-row__entry realisierung\">\n\t\t<a class=\"icon-row__entry-link\" href=\"https:\/\/sha.de\/leistungen\/realisierung\">\n\t\t\t<div class=\"icon-row__entry-image\">\n\t\t\t\t<div class=\"entry-image-svg\"><\/div>\n\t\t\t\t<!-- <div class=\"entry-image-hover\"><\/div> -->\n\t\t\t<\/div>\n\t\t\t<div class=\"icon-row__entry-text\">Realizaci\u00f3n<\/div>\n\t\t<\/a>\n\t<\/li>\n\t<li class=\"icon-row__entry nachbetreuung\">\n\t\t<a class=\"icon-row__entry-link\" href=\"https:\/\/sha.de\/leistungen\/nachbetreuung\">\n\t\t\t<div class=\"icon-row__entry-image\">\n\t\t\t\t<div class=\"entry-image-svg\"><\/div>\n\t\t\t\t<!-- <div class=\"entry-image-hover\"><\/div> -->\n\t\t\t<\/div>\n\t\t\t<div class=\"icon-row__entry-text\">Cuidado posterior<\/div>\n\t\t<\/a>\n\t<\/li>\n<\/ul><\/div><\/div><\/div><\/div><!-- close content main div --><\/div><\/div><div id='av_section_3' class='avia-section main_color pt-default pb-default avia-no-border-styling avia-bg-style-scroll  avia-builder-el-14  el_after_av_section  avia-builder-el-last  referenzen-row  container_wrap fullsize' style=' '  ><div class='container' ><div class='template-page content  av-content-full alpha units'><div class='post-entry post-entry-type-page post-entry-38041'><div class='entry-content-wrapper clearfix'>\n\n\t\t\t<div id=\"av-jzds8r2e-6\" class=\"headline-column flex_column av_one_full flex_column_div first \">\n\t\t\t\t<div class=\"headline-wrap is-outside align-center sub-bottom\">\n\t\t\t\t\t<h2 class=\"headline-content headline-primary\">Referencias seleccionadas<\/h2>\n\t\t\t\t\t<h3 class=\"headline-content headline-secondary\">Nuestros proyectos en la industria y el comercio<\/h3>\n\t\t\t\t<\/div>\n\t\t\t<\/div>\n<div class=\"flex_column av_one_third  flex_column_div av-zero-column-padding first       avia-builder-el-16  el_after_pixel_sc_headline  el_before_av_one_third  \"><article id=\"\" class=\"card-entry referenz-entry static-button   text-align-left has-link   heading-link  has-button \">\n\t<div class=\"card-entry__inner\">\n\t\t\n\t\n\t\t<div class=\"card-entry__media media-type-\">\n\t<div class=\"card-entry__media-inner\">\n\n\t\t<div class=\"card_entry__referenz\">\n\t\t\t<div class=\"card_entry__referenz-inner\">\n\t\t\t\t\t\t\t\t\t<div class=\"card-entry__heading\">\n\t<div class=\"card-entry__heading-inner\">\n\n\n\t\t\t\n\t\t\t\n\t\t\t<a class=\"card-entry__link\" href=\"https:\/\/sha.de\/projekte\/industrie-logistik\/neubau-zentrallager-jordan-in-kassel\" target=\"_self\">\n\t\t\t\t\t\t\t<h3 class=\"card-entry__headline  \">\n\t\t\t\t\tZentrallager Jordan in Kassel\n\t\t\t\t<\/h3>\n\t\t\t\n\t\t\t\n\t\t<\/a>\n\t<\/div>\n<\/div>\n\t\t\t\t\t\t\t<\/div>\n\t\t<\/div>\n\n\t\t\t\t\t<div class=\"card-entry__action\">\n\t<div class=\"card-entry__action-inner\">\n\t\t<div class=\"card-entry__button-wrap avia-button-wrap avia-button-right theme-fill\">\n\t\t\t\t\t\t\t<a class=\"card-entry__button avia-button avia-button color-ci-black hover-yellow avia-size-small  avia-position-right\" href=\"https:\/\/sha.de\/projekte\/industrie-logistik\/neubau-zentrallager-jordan-in-kassel\" target=\"\">\n\t\t\t\t\t<span class=\"button-icon\"><i class=\"icon-arrow_next\"><\/i><\/span><span class=\"button-text\">Seguir leyendo<\/span>\n\t\t\t\t<\/a>\n\t\t\t\t\t<\/div>\n\t<\/div>\n<\/div>\n\t\t\n\t\t\t\t\t<a href=\"https:\/\/sha.de\/projekte\/industrie-logistik\/neubau-zentrallager-jordan-in-kassel\" class=\"slide-image\" title=\"\"><img decoding=\"async\" src=\"https:\/\/sha.de\/wp-content\/uploads\/CE648_349-706x564.jpg\" \/><\/a>\n\t\t\t<\/div>\n<\/div>\n\n\t\n\t<\/div>\n<\/article><\/div><div class=\"flex_column av_one_third  flex_column_div av-zero-column-padding        avia-builder-el-18  el_after_av_one_third  el_before_av_one_third  \"><article id=\"\" class=\"card-entry referenz-entry static-button   text-align-left has-link   heading-link  has-button \">\n\t<div class=\"card-entry__inner\">\n\t\t\n\t\n\t\t<div class=\"card-entry__media media-type-\">\n\t<div class=\"card-entry__media-inner\">\n\n\t\t<div class=\"card_entry__referenz\">\n\t\t\t<div class=\"card_entry__referenz-inner\">\n\t\t\t\t\t\t\t\t\t<div class=\"card-entry__heading\">\n\t<div class=\"card-entry__heading-inner\">\n\n\n\t\t\t\n\t\t\t\n\t\t\t<a class=\"card-entry__link\" href=\"https:\/\/sha.de\/projekte\/mobilitaet-verkehr\/flughafen-dortmund\" target=\"_self\">\n\t\t\t\t\t\t\t<h3 class=\"card-entry__headline  \">\n\t\t\t\t\tFlughafen Dortmund\n\t\t\t\t<\/h3>\n\t\t\t\n\t\t\t\n\t\t<\/a>\n\t<\/div>\n<\/div>\n\t\t\t\t\t\t\t<\/div>\n\t\t<\/div>\n\n\t\t\t\t\t<div class=\"card-entry__action\">\n\t<div class=\"card-entry__action-inner\">\n\t\t<div class=\"card-entry__button-wrap avia-button-wrap avia-button-right theme-fill\">\n\t\t\t\t\t\t\t<a class=\"card-entry__button avia-button avia-button color-ci-black hover-yellow avia-size-small  avia-position-right\" href=\"https:\/\/sha.de\/projekte\/mobilitaet-verkehr\/flughafen-dortmund\" target=\"\">\n\t\t\t\t\t<span class=\"button-icon\"><i class=\"icon-arrow_next\"><\/i><\/span><span class=\"button-text\">Seguir leyendo<\/span>\n\t\t\t\t<\/a>\n\t\t\t\t\t<\/div>\n\t<\/div>\n<\/div>\n\t\t\n\t\t\t\t\t<a href=\"https:\/\/sha.de\/projekte\/mobilitaet-verkehr\/flughafen-dortmund\" class=\"slide-image\" title=\"\"><img decoding=\"async\" src=\"https:\/\/sha.de\/wp-content\/uploads\/Flughafen-Dortmund-Blick-aus-dem-Hangar-1-706x564.jpg\" \/><\/a>\n\t\t\t<\/div>\n<\/div>\n\n\t\n\t<\/div>\n<\/article><\/div><div class=\"flex_column av_one_third  flex_column_div av-zero-column-padding        avia-builder-el-20  el_after_av_one_third  el_before_av_one_full  \"><article id=\"\" class=\"card-entry referenz-entry static-button   text-align-left has-link   heading-link  has-button \">\n\t<div class=\"card-entry__inner\">\n\t\t\n\t\n\t\t<div class=\"card-entry__media media-type-\">\n\t<div class=\"card-entry__media-inner\">\n\n\t\t<div class=\"card_entry__referenz\">\n\t\t\t<div class=\"card_entry__referenz-inner\">\n\t\t\t\t\t\t\t\t\t<div class=\"card-entry__heading\">\n\t<div class=\"card-entry__heading-inner\">\n\n\n\t\t\t\n\t\t\t\n\t\t\t<a class=\"card-entry__link\" href=\"https:\/\/sha.de\/projekte\/industrie-logistik\/revitalisierung-schokoladenfabrik-murdotec-kunststoffe-gmbh-co-kg\" target=\"_self\">\n\t\t\t\t\t\t\t<h3 class=\"card-entry__headline  \">\n\t\t\t\t\tRevitalisierung der Schokoladenfabrik in Dortmund Brackel: Murdotec Kunststoffe GmbH & Co. KG\n\t\t\t\t<\/h3>\n\t\t\t\n\t\t\t\n\t\t<\/a>\n\t<\/div>\n<\/div>\n\t\t\t\t\t\t\t<\/div>\n\t\t<\/div>\n\n\t\t\t\t\t<div class=\"card-entry__action\">\n\t<div class=\"card-entry__action-inner\">\n\t\t<div class=\"card-entry__button-wrap avia-button-wrap avia-button-right theme-fill\">\n\t\t\t\t\t\t\t<a class=\"card-entry__button avia-button avia-button color-ci-black hover-yellow avia-size-small  avia-position-right\" href=\"https:\/\/sha.de\/projekte\/industrie-logistik\/revitalisierung-schokoladenfabrik-murdotec-kunststoffe-gmbh-co-kg\" target=\"\">\n\t\t\t\t\t<span class=\"button-icon\"><i class=\"icon-arrow_next\"><\/i><\/span><span class=\"button-text\">Seguir leyendo<\/span>\n\t\t\t\t<\/a>\n\t\t\t\t\t<\/div>\n\t<\/div>\n<\/div>\n\t\t\n\t\t\t\t\t<a href=\"https:\/\/sha.de\/projekte\/industrie-logistik\/revitalisierung-schokoladenfabrik-murdotec-kunststoffe-gmbh-co-kg\" class=\"slide-image\" title=\"\"><img decoding=\"async\" src=\"https:\/\/sha.de\/wp-content\/uploads\/Murdotec-Kunststoffe-CE-2017-2-706x564.jpg\" \/><\/a>\n\t\t\t<\/div>\n<\/div>\n\n\t\n\t<\/div>\n<\/article><\/div><div class=\"flex_column av_one_full  flex_column_div av-zero-column-padding first       avia-builder-el-22  el_after_av_one_third  avia-builder-el-last  column-top-margin\"><div class='avia-button-wrap theme-fill avia-button-right  avia-builder-el-23  avia-builder-el-no-sibling  inline'><a href='https:\/\/sha.de\/?page_id=3887'  class='avia-button  color-ci-black hover-yellow  avia-icon_select-no avia-size-small avia-position-right'   ><span class='avia_iconbox_title' >Todas las referencias<\/span><\/a><\/div><\/div>\n<\/p>\n","protected":false},"excerpt":{"rendered":"","protected":false},"author":2,"featured_media":0,"parent":30156,"menu_order":3,"comment_status":"closed","ping_status":"closed","template":"","meta":{"_acf_changed":false,"content-type":"","footnotes":""},"class_list":["post-38041","page","type-page","status-publish","hentry"],"acf":[],"yoast_head":"<!-- This site is optimized with the Yoast SEO plugin v27.1.1 - https:\/\/yoast.com\/product\/yoast-seo-wordpress\/ -->\n<title>Arquitectos industriales para proyectos a gran escala y construcci\u00f3n comercial | SHA<\/title>\n<meta name=\"description\" content=\"Arquitectos experimentados para la industria y el comercio - en toda Alemania \u25ba Asesoramiento, concepci\u00f3n, planificaci\u00f3n, realizaci\u00f3n y asistencia posterior \u2713 \u00a1Cons\u00faltenos ahora!\" \/>\n<meta name=\"robots\" content=\"index, follow, max-snippet:-1, max-image-preview:large, max-video-preview:-1\" \/>\n<link rel=\"canonical\" href=\"https:\/\/sha.de\/es\/experiencia\/industria-y-comercio\" \/>\n<meta property=\"og:locale\" content=\"es_ES\" \/>\n<meta property=\"og:type\" content=\"article\" \/>\n<meta property=\"og:title\" content=\"Arquitectos industriales para proyectos a gran escala y construcci\u00f3n comercial | SHA\" \/>\n<meta property=\"og:description\" content=\"Arquitectos experimentados para la industria y el comercio - en toda Alemania \u25ba Asesoramiento, concepci\u00f3n, planificaci\u00f3n, realizaci\u00f3n y asistencia posterior \u2713 \u00a1Cons\u00faltenos ahora!\" \/>\n<meta property=\"og:url\" content=\"https:\/\/sha.de\/es\/experiencia\/industria-y-comercio\" \/>\n<meta property=\"og:site_name\" content=\"SHA Scheffler Helbich Architekten GmbH\" \/>\n<meta property=\"article:modified_time\" content=\"2024-08-28T13:00:38+00:00\" \/>\n<meta name=\"twitter:card\" content=\"summary_large_image\" \/>\n<meta name=\"twitter:label1\" content=\"Tiempo de lectura\" \/>\n\t<meta name=\"twitter:data1\" content=\"10 minutos\" \/>\n<script type=\"application\/ld+json\" class=\"yoast-schema-graph\">{\"@context\":\"https:\/\/schema.org\",\"@graph\":[{\"@type\":\"WebPage\",\"@id\":\"https:\/\/sha.de\/es\/experiencia\/industria-y-comercio\",\"url\":\"https:\/\/sha.de\/es\/experiencia\/industria-y-comercio\",\"name\":\"Arquitectos industriales para proyectos a gran escala y construcci\u00f3n comercial | SHA\",\"isPartOf\":{\"@id\":\"https:\/\/sha.de\/es#website\"},\"datePublished\":\"2019-09-04T13:44:47+00:00\",\"dateModified\":\"2024-08-28T13:00:38+00:00\",\"description\":\"Arquitectos experimentados para la industria y el comercio - en toda Alemania \u25ba Asesoramiento, concepci\u00f3n, planificaci\u00f3n, realizaci\u00f3n y asistencia posterior \u2713 \u00a1Cons\u00faltenos ahora!\",\"breadcrumb\":{\"@id\":\"https:\/\/sha.de\/es\/experiencia\/industria-y-comercio#breadcrumb\"},\"inLanguage\":\"es\",\"potentialAction\":[{\"@type\":\"ReadAction\",\"target\":[\"https:\/\/sha.de\/es\/experiencia\/industria-y-comercio\"]}]},{\"@type\":\"BreadcrumbList\",\"@id\":\"https:\/\/sha.de\/es\/experiencia\/industria-y-comercio#breadcrumb\",\"itemListElement\":[{\"@type\":\"ListItem\",\"position\":1,\"name\":\"Startseite\",\"item\":\"https:\/\/sha.de\/es\"},{\"@type\":\"ListItem\",\"position\":2,\"name\":\"Experiencia\",\"item\":\"https:\/\/sha.de\/es\/experiencia\"},{\"@type\":\"ListItem\",\"position\":3,\"name\":\"Industria y comercio\"}]},{\"@type\":\"WebSite\",\"@id\":\"https:\/\/sha.de\/es#website\",\"url\":\"https:\/\/sha.de\/es\",\"name\":\"SHA Scheffler Helbich Architekten GmbH\",\"description\":\"\",\"potentialAction\":[{\"@type\":\"SearchAction\",\"target\":{\"@type\":\"EntryPoint\",\"urlTemplate\":\"https:\/\/sha.de\/es?s={search_term_string}\"},\"query-input\":{\"@type\":\"PropertyValueSpecification\",\"valueRequired\":true,\"valueName\":\"search_term_string\"}}],\"inLanguage\":\"es\"}]}<\/script>\n<!-- \/ Yoast SEO plugin. -->","yoast_head_json":{"title":"Arquitectos industriales para proyectos a gran escala y construcci\u00f3n comercial | SHA","description":"Arquitectos experimentados para la industria y el comercio - en toda Alemania \u25ba Asesoramiento, concepci\u00f3n, planificaci\u00f3n, realizaci\u00f3n y asistencia posterior \u2713 \u00a1Cons\u00faltenos ahora!","robots":{"index":"index","follow":"follow","max-snippet":"max-snippet:-1","max-image-preview":"max-image-preview:large","max-video-preview":"max-video-preview:-1"},"canonical":"https:\/\/sha.de\/es\/experiencia\/industria-y-comercio","og_locale":"es_ES","og_type":"article","og_title":"Arquitectos industriales para proyectos a gran escala y construcci\u00f3n comercial | SHA","og_description":"Arquitectos experimentados para la industria y el comercio - en toda Alemania \u25ba Asesoramiento, concepci\u00f3n, planificaci\u00f3n, realizaci\u00f3n y asistencia posterior \u2713 \u00a1Cons\u00faltenos ahora!","og_url":"https:\/\/sha.de\/es\/experiencia\/industria-y-comercio","og_site_name":"SHA Scheffler Helbich Architekten GmbH","article_modified_time":"2024-08-28T13:00:38+00:00","twitter_card":"summary_large_image","twitter_misc":{"Tiempo de lectura":"10 minutos"},"schema":{"@context":"https:\/\/schema.org","@graph":[{"@type":"WebPage","@id":"https:\/\/sha.de\/es\/experiencia\/industria-y-comercio","url":"https:\/\/sha.de\/es\/experiencia\/industria-y-comercio","name":"Arquitectos industriales para proyectos a gran escala y construcci\u00f3n comercial | SHA","isPartOf":{"@id":"https:\/\/sha.de\/es#website"},"datePublished":"2019-09-04T13:44:47+00:00","dateModified":"2024-08-28T13:00:38+00:00","description":"Arquitectos experimentados para la industria y el comercio - en toda Alemania \u25ba Asesoramiento, concepci\u00f3n, planificaci\u00f3n, realizaci\u00f3n y asistencia posterior \u2713 \u00a1Cons\u00faltenos ahora!","breadcrumb":{"@id":"https:\/\/sha.de\/es\/experiencia\/industria-y-comercio#breadcrumb"},"inLanguage":"es","potentialAction":[{"@type":"ReadAction","target":["https:\/\/sha.de\/es\/experiencia\/industria-y-comercio"]}]},{"@type":"BreadcrumbList","@id":"https:\/\/sha.de\/es\/experiencia\/industria-y-comercio#breadcrumb","itemListElement":[{"@type":"ListItem","position":1,"name":"Startseite","item":"https:\/\/sha.de\/es"},{"@type":"ListItem","position":2,"name":"Experiencia","item":"https:\/\/sha.de\/es\/experiencia"},{"@type":"ListItem","position":3,"name":"Industria y comercio"}]},{"@type":"WebSite","@id":"https:\/\/sha.de\/es#website","url":"https:\/\/sha.de\/es","name":"SHA Scheffler Helbich Architekten GmbH","description":"","potentialAction":[{"@type":"SearchAction","target":{"@type":"EntryPoint","urlTemplate":"https:\/\/sha.de\/es?s={search_term_string}"},"query-input":{"@type":"PropertyValueSpecification","valueRequired":true,"valueName":"search_term_string"}}],"inLanguage":"es"}]}},"_links":{"self":[{"href":"https:\/\/sha.de\/es\/wp-json\/wp\/v2\/pages\/38041","targetHints":{"allow":["GET"]}}],"collection":[{"href":"https:\/\/sha.de\/es\/wp-json\/wp\/v2\/pages"}],"about":[{"href":"https:\/\/sha.de\/es\/wp-json\/wp\/v2\/types\/page"}],"author":[{"embeddable":true,"href":"https:\/\/sha.de\/es\/wp-json\/wp\/v2\/users\/2"}],"replies":[{"embeddable":true,"href":"https:\/\/sha.de\/es\/wp-json\/wp\/v2\/comments?post=38041"}],"version-history":[{"count":1,"href":"https:\/\/sha.de\/es\/wp-json\/wp\/v2\/pages\/38041\/revisions"}],"predecessor-version":[{"id":38048,"href":"https:\/\/sha.de\/es\/wp-json\/wp\/v2\/pages\/38041\/revisions\/38048"}],"up":[{"embeddable":true,"href":"https:\/\/sha.de\/es\/wp-json\/wp\/v2\/pages\/30156"}],"wp:attachment":[{"href":"https:\/\/sha.de\/es\/wp-json\/wp\/v2\/media?parent=38041"}],"curies":[{"name":"wp","href":"https:\/\/api.w.org\/{rel}","templated":true}]}}