{"id":38200,"date":"2019-04-03T11:54:02","date_gmt":"2019-04-03T09:54:02","guid":{"rendered":"https:\/\/sha.de\/servicios\/analisis-y-concepto"},"modified":"2024-08-28T15:00:58","modified_gmt":"2024-08-28T13:00:58","slug":"analisis-y-concepto","status":"publish","type":"page","link":"https:\/\/sha.de\/es\/servicios\/analisis-y-concepto","title":{"rendered":"An\u00e1lisis y concepto"},"content":{"rendered":"<div id='av_section_1' class='avia-section main_color pt-default pb-default avia-no-border-styling avia-bg-style-scroll  avia-builder-el-0  el_before_av_section  avia-builder-el-first   container_wrap fullsize' style=' '  ><div class='container' ><main  role=\"main\" itemprop=\"mainContentOfPage\"  class='template-page content  av-content-full alpha units'><div class='post-entry post-entry-type-page post-entry-38200'><div class='entry-content-wrapper clearfix'>\n\n\t\t\t<div id=\"av-k55bagx6\" class=\"headline-column flex_column av_one_full flex_column_div first \">\n\t\t\t\t<div class=\"headline-wrap is-outside align-left sub-bottom\">\n\t\t\t\t\t<h1 class=\"headline-content headline-primary\">An\u00e1lisis y concepto<\/h1>\n\t\t\t\t\t<h3 class=\"headline-content headline-secondary\">Su socio de la A a la Z<\/h3>\n\t\t\t\t<\/div>\n\t\t\t<\/div>\n<div class=\"flex_column av_two_third  flex_column_div av-zero-column-padding first bg-default  service img-left   avia-builder-el-2  el_after_pixel_sc_headline  el_before_av_one_third  w-1023-half \" style=\"background-image: url(https:\/\/sha.de\/wp-content\/uploads\/Leistungen_Analyse-und-Konzept.jpg); background-position: center left; background-repeat: no-repeat; background-size: cover; \"><\/div><div class=\"flex_column av_one_third  flex_column_div av-zero-column-padding  bg-default border-bottom   img-left   avia-builder-el-3  el_after_av_two_third  avia-builder-el-last  w-1023-half \"><section  class='av_textblock_section av-k55baqys-76fd3ab987b8edeb983c11dbb0a25821 '   itemscope=\"itemscope\" itemtype=\"https:\/\/schema.org\/CreativeWork\" ><div class='avia_textblock'  itemprop=\"text\" ><h3>Fases de trabajo 1-2:<br \/>\nEstudios de concepto y viabilidad<\/h3>\n<p>Antes de empezar a dibujar, hay que aclarar la tarea. Le apoyamos en el desarrollo y la formulaci\u00f3n de esta tarea y le asesoramos sobre el alcance previsto de los servicios. Trabajamos con usted para determinar qu\u00e9 planificadores especializados se necesitan en cada fase de planificaci\u00f3n para cada tarea espec\u00edfica y le sugerimos los colegas adecuados. El dise\u00f1o preliminar es un concepto con bocetos, cifras iniciales y una estimaci\u00f3n de costes (a\u00fan aproximada). Se aclaran las cuestiones jur\u00eddicas b\u00e1sicas.<\/p>\n<p>En esta primera fase, se analiza la viabilidad general utilizando diversos conceptos. A menudo hay varias soluciones posibles, que comparamos con usted y para las que aclaramos junto a usted las ventajas y los inconvenientes.<\/p>\n<\/div><\/section><\/div>\n\n<\/div><\/div><\/main><!-- close content main element --><\/div><\/div><div id='av_section_2' class='avia-section main_color pt-default pb-default avia-no-border-styling avia-bg-style-scroll  avia-builder-el-5  el_after_av_section  el_before_av_section   container_wrap fullsize' style=' '  ><div class='container' ><div class='template-page content  av-content-full alpha units'><div class='post-entry post-entry-type-page post-entry-38200'><div class='entry-content-wrapper clearfix'>\n<div class=\"flex_column av_one_third  flex_column_div av-zero-column-padding first bg-default border-bottom   img-left   avia-builder-el-6  el_before_av_one_third  avia-builder-el-first  w-1023-half \"><section  class='av_textblock_section av-k55baqys-9-4c20cb2ab722c4c625da88e31e2a79a5 '   itemscope=\"itemscope\" itemtype=\"https:\/\/schema.org\/CreativeWork\" ><div class='avia_textblock'  itemprop=\"text\" ><h3>Fijar el rumbo: Desarrollo del proyecto<\/h3>\n<p>Las decisiones clave de un proyecto se toman en las fases iniciales. En este sentido, el desarrollo temprano del proyecto determina todos los costes posteriores. La iniciaci\u00f3n del proyecto reviste aqu\u00ed una especial importancia.<\/p>\n<p>Aqu\u00ed es donde la idea, la ubicaci\u00f3n y el capital se unen por primera vez. Se sopesan las oportunidades desde una perspectiva empresarial, de planificaci\u00f3n y pol\u00edtica y se analiza su competitividad. Se analizan y cuantifican los aspectos de compatibilidad medioambiental, la salvaguarda o generaci\u00f3n de puestos de trabajo y el riesgo potencial de una medida. Estaremos encantados de apoyarle en su proyecto. P\u00f3ngase en contacto con nosotros y benef\u00edciese de nuestra experiencia espec\u00edfica en el sector.<\/p>\n<\/div><\/section><\/div><div class=\"flex_column av_one_third  flex_column_div av-zero-column-padding  bg-default  fill img-left   avia-builder-el-8  el_after_av_one_third  el_before_av_one_third  w-1023-half \" style=\"background-image: url(https:\/\/sha.de\/wp-content\/uploads\/buero2-F\u00fcllfoto.jpg); background-position: center center; background-repeat: no-repeat; background-size: cover; \"><\/div><div class=\"flex_column av_one_third  flex_column_div av-zero-column-padding  bg-default  fill img-left   avia-builder-el-9  el_after_av_one_third  avia-builder-el-last  w-1023-full w-1023-ctm \" style=\"background-image: url(https:\/\/sha.de\/wp-content\/uploads\/auszeichnung_hausamsee.jpg); background-position: center center; background-repeat: no-repeat; background-size: cover; \"><\/div>\n\n<\/div><\/div><\/div><!-- close content main div --><\/div><\/div><div id='av_section_3' class='avia-section main_color pt-default pb-default avia-no-border-styling avia-bg-style-scroll  avia-builder-el-10  el_after_av_section  el_before_av_section   container_wrap fullsize' style=' '  ><div class='container' ><div class='template-page content  av-content-full alpha units'><div class='post-entry post-entry-type-page post-entry-38200'><div class='entry-content-wrapper clearfix'>\n<div class=\"flex_column av_one_third  flex_column_div av-zero-column-padding first bg-default  fill img-left   avia-builder-el-11  el_before_av_one_third  avia-builder-el-first  w-1023-half \" style=\"background-image: url(https:\/\/sha.de\/wp-content\/uploads\/leistungen_analyse_konzept.jpg); background-position: center center; background-repeat: no-repeat; background-size: cover; \"><\/div><div class=\"flex_column av_one_third  flex_column_div av-zero-column-padding  bg-default border-bottom   img-left   avia-builder-el-12  el_after_av_one_third  el_before_av_one_third  w-1023-half \"><section  class='av_textblock_section av-k55baqys-6-c72792b2a4a5e6b7582428995e54cc67 '   itemscope=\"itemscope\" itemtype=\"https:\/\/schema.org\/CreativeWork\" ><div class='avia_textblock'  itemprop=\"text\" ><h3>Procedimiento VgV y concursos:<br \/>\nLa lucha por la mejor soluci\u00f3n<\/h3>\n<p>Con su proyecto, tiene la exigencia de que s\u00f3lo la mejor soluci\u00f3n se ponga en cuesti\u00f3n para usted. Por eso siempre nos enfrentamos a la competencia y as\u00ed demostramos que pensamos conceptual, funcional y econ\u00f3micamente en inter\u00e9s del cliente y buscamos su beneficio. SHA Scheffler Helbich Architekten tambi\u00e9n aporta regularmente sus muchos a\u00f1os de experiencia en procedimientos y manifestaciones de inter\u00e9s de VgV.<\/p>\n<p>S\u00f3lo queremos una cosa: el resultado \u00f3ptimo en t\u00e9rminos de proyecto.<\/p>\n<\/div><\/section><\/div><div class=\"flex_column av_one_third  flex_column_div av-zero-column-padding  bg-default border-bottom   img-left   avia-builder-el-14  el_after_av_one_third  avia-builder-el-last  w-1023-full w-1023-ctm \"><section  class='av_textblock_section av-k55baqys-1-5559a95b6f073edc9fbdf2054bce7627 '   itemscope=\"itemscope\" itemtype=\"https:\/\/schema.org\/CreativeWork\" ><div class='avia_textblock'  itemprop=\"text\" ><h3>Herramientas de planificaci\u00f3n: simulaci\u00f3n y modelizaci\u00f3n<\/h3>\n<p>Adem\u00e1s de la funcionalidad y la rentabilidad, la arquitectura es siempre una cuesti\u00f3n de calidad espacial y f\u00edsica. Esto puede comprobarse perfectamente en las primeras fases de planificaci\u00f3n en representaciones espaciales como la simulaci\u00f3n en 3D y el modelo arquitect\u00f3nico cl\u00e1sico.<\/p>\n<p>Adem\u00e1s de los planos y las cifras, ambos tipos de visualizaci\u00f3n se cuentan entre las herramientas m\u00e1s importantes para proporcionar a los clientes, los planificadores especializados, las autoridades locales y las autoridades de homologaci\u00f3n una comprensi\u00f3n a\u00fan mejor del proyecto. De este modo, todas las cuestiones de planificaci\u00f3n espacial-arquitect\u00f3nica y urban\u00edstica, as\u00ed como aspectos t\u00e9cnicos como la luz solar y el sombreado, pueden responderse claramente en una fase temprana.<\/p>\n<\/div><\/section><\/div>\n\n<\/div><\/div><\/div><!-- close content main div --><\/div><\/div><div id='av_section_4' class='avia-section main_color pt-large pb-large avia-no-border-styling avia-bg-style-scroll  avia-builder-el-16  el_after_av_section  avia-builder-el-last   container_wrap fullsize' style=' '  ><div class='container' ><div class='template-page content  av-content-full alpha units'><div class='post-entry post-entry-type-page post-entry-38200'><div class='entry-content-wrapper clearfix'>\n\n\t\t\t<div id=\"av-k55bagx6-12\" class=\"headline-column flex_column av_one_full flex_column_div first \">\n\t\t\t\t<div class=\"headline-wrap is-outside align-center sub-bottom\">\n\t\t\t\t\t<h2 class=\"headline-content headline-primary\">Otros servicios de nuestra cartera<\/h2>\n\t\t\t\t\t<h3 class=\"headline-content headline-secondary\">Nuestra amplia gama de servicios<\/h3>\n\t\t\t\t<\/div>\n\t\t\t<\/div>\n<ul class=\"icon-row leistungen \">\n\t<li class=\"icon-row__entry beratung\">\n\t\t<a class=\"icon-row__entry-link\" href=\"https:\/\/sha.de\/leistungen\/beratung\">\n\t\t\t<div class=\"icon-row__entry-image\">\n\t\t\t\t<div class=\"entry-image-svg\"><\/div>\n\t\t\t\t<!-- <div class=\"entry-image-hover\"><\/div> -->\n\t\t\t<\/div>\n\t\t\t<div class=\"icon-row__entry-text\">Asesoramiento<\/div>\n\t\t<\/a>\n\t<\/li>\n\t<li class=\"icon-row__entry konzept\">\n\t\t<a class=\"icon-row__entry-link\" href=\"https:\/\/sha.de\/leistungen\/analyse-und-konzept\">\n\t\t\t<div class=\"icon-row__entry-image\">\n\t\t\t\t<div class=\"entry-image-svg\"><\/div>\n\t\t\t\t<!-- <div class=\"entry-image-hover\"><\/div> -->\n\t\t\t<\/div>\n\t\t\t<div class=\"icon-row__entry-text\">An\u00e1lise e conceito<\/div>\n\t\t<\/a>\n\t<\/li>\n\t<li class=\"icon-row__entry planung\">\n\t\t<a class=\"icon-row__entry-link\" href=\"https:\/\/sha.de\/leistungen\/planung-und-koordination\">\n\t\t\t<div class=\"icon-row__entry-image\">\n\t\t\t\t<div class=\"entry-image-svg\"><\/div>\n\t\t\t\t<!-- <div class=\"entry-image-hover\"><\/div> -->\n\t\t\t<\/div>\n\t\t\t<div class=\"icon-row__entry-text\">Planeamento e coordena\u00e7\u00e3o<\/div>\n\t\t<\/a>\n\t<\/li>\n\t<li class=\"icon-row__entry realisierung\">\n\t\t<a class=\"icon-row__entry-link\" href=\"https:\/\/sha.de\/leistungen\/realisierung\">\n\t\t\t<div class=\"icon-row__entry-image\">\n\t\t\t\t<div class=\"entry-image-svg\"><\/div>\n\t\t\t\t<!-- <div class=\"entry-image-hover\"><\/div> -->\n\t\t\t<\/div>\n\t\t\t<div class=\"icon-row__entry-text\">Realizaci\u00f3n<\/div>\n\t\t<\/a>\n\t<\/li>\n\t<li class=\"icon-row__entry nachbetreuung\">\n\t\t<a class=\"icon-row__entry-link\" href=\"https:\/\/sha.de\/leistungen\/nachbetreuung\">\n\t\t\t<div class=\"icon-row__entry-image\">\n\t\t\t\t<div class=\"entry-image-svg\"><\/div>\n\t\t\t\t<!-- <div class=\"entry-image-hover\"><\/div> -->\n\t\t\t<\/div>\n\t\t\t<div class=\"icon-row__entry-text\">Cuidado posterior<\/div>\n\t\t<\/a>\n\t<\/li>\n<\/ul>\n\n\n","protected":false},"excerpt":{"rendered":"","protected":false},"author":1,"featured_media":0,"parent":30201,"menu_order":2,"comment_status":"closed","ping_status":"closed","template":"","meta":{"_acf_changed":false,"content-type":"","footnotes":""},"class_list":["post-38200","page","type-page","status-publish","hentry"],"acf":[],"yoast_head":"<!-- This site is optimized with the Yoast SEO plugin v27.4 - https:\/\/yoast.com\/product\/yoast-seo-wordpress\/ -->\n<title>Su concepto arquitect\u00f3nico a medida | SHA Architekten<\/title>\n<meta name=\"description\" content=\"Como arquitectos, convencemos con an\u00e1lisis &amp; conceptos. Planificaci\u00f3n y coordinaci\u00f3n \u2713 Desarrollo del proyecto \u2713 Simulaci\u00f3n 3D \u2713 Realizaci\u00f3n \u2713 Asistencia posterior\" \/>\n<meta name=\"robots\" content=\"index, follow, max-snippet:-1, max-image-preview:large, max-video-preview:-1\" \/>\n<link rel=\"canonical\" href=\"https:\/\/sha.de\/es\/servicios\/analisis-y-concepto\" \/>\n<meta property=\"og:locale\" content=\"es_ES\" \/>\n<meta property=\"og:type\" content=\"article\" \/>\n<meta property=\"og:title\" content=\"Su concepto arquitect\u00f3nico a medida | SHA Architekten\" \/>\n<meta property=\"og:description\" content=\"Como arquitectos, convencemos con an\u00e1lisis &amp; conceptos. Planificaci\u00f3n y coordinaci\u00f3n \u2713 Desarrollo del proyecto \u2713 Simulaci\u00f3n 3D \u2713 Realizaci\u00f3n \u2713 Asistencia posterior\" \/>\n<meta property=\"og:url\" content=\"https:\/\/sha.de\/es\/servicios\/analisis-y-concepto\" \/>\n<meta property=\"og:site_name\" content=\"SHA Scheffler Helbich Architekten GmbH\" \/>\n<meta property=\"article:modified_time\" content=\"2024-08-28T13:00:58+00:00\" \/>\n<meta name=\"twitter:card\" content=\"summary_large_image\" \/>\n<meta name=\"twitter:label1\" content=\"Tiempo de lectura\" \/>\n\t<meta name=\"twitter:data1\" content=\"11 minutos\" \/>\n<script type=\"application\/ld+json\" class=\"yoast-schema-graph\">{\"@context\":\"https:\\\/\\\/schema.org\",\"@graph\":[{\"@type\":\"WebPage\",\"@id\":\"https:\\\/\\\/sha.de\\\/es\\\/servicios\\\/analisis-y-concepto\",\"url\":\"https:\\\/\\\/sha.de\\\/es\\\/servicios\\\/analisis-y-concepto\",\"name\":\"Su concepto arquitect\u00f3nico a medida | SHA Architekten\",\"isPartOf\":{\"@id\":\"https:\\\/\\\/sha.de\\\/es#website\"},\"datePublished\":\"2019-04-03T09:54:02+00:00\",\"dateModified\":\"2024-08-28T13:00:58+00:00\",\"description\":\"Como arquitectos, convencemos con an\u00e1lisis & conceptos. Planificaci\u00f3n y coordinaci\u00f3n \u2713 Desarrollo del proyecto \u2713 Simulaci\u00f3n 3D \u2713 Realizaci\u00f3n \u2713 Asistencia posterior\",\"breadcrumb\":{\"@id\":\"https:\\\/\\\/sha.de\\\/es\\\/servicios\\\/analisis-y-concepto#breadcrumb\"},\"inLanguage\":\"es\",\"potentialAction\":[{\"@type\":\"ReadAction\",\"target\":[\"https:\\\/\\\/sha.de\\\/es\\\/servicios\\\/analisis-y-concepto\"]}]},{\"@type\":\"BreadcrumbList\",\"@id\":\"https:\\\/\\\/sha.de\\\/es\\\/servicios\\\/analisis-y-concepto#breadcrumb\",\"itemListElement\":[{\"@type\":\"ListItem\",\"position\":1,\"name\":\"Startseite\",\"item\":\"https:\\\/\\\/sha.de\\\/es\"},{\"@type\":\"ListItem\",\"position\":2,\"name\":\"Servicios\",\"item\":\"https:\\\/\\\/sha.de\\\/es\\\/servicios\"},{\"@type\":\"ListItem\",\"position\":3,\"name\":\"An\u00e1lisis y concepto\"}]},{\"@type\":\"WebSite\",\"@id\":\"https:\\\/\\\/sha.de\\\/es#website\",\"url\":\"https:\\\/\\\/sha.de\\\/es\",\"name\":\"SHA Scheffler Helbich Architekten GmbH\",\"description\":\"\",\"potentialAction\":[{\"@type\":\"SearchAction\",\"target\":{\"@type\":\"EntryPoint\",\"urlTemplate\":\"https:\\\/\\\/sha.de\\\/es?s={search_term_string}\"},\"query-input\":{\"@type\":\"PropertyValueSpecification\",\"valueRequired\":true,\"valueName\":\"search_term_string\"}}],\"inLanguage\":\"es\"}]}<\/script>\n<!-- \/ Yoast SEO plugin. -->","yoast_head_json":{"title":"Su concepto arquitect\u00f3nico a medida | SHA Architekten","description":"Como arquitectos, convencemos con an\u00e1lisis & conceptos. Planificaci\u00f3n y coordinaci\u00f3n \u2713 Desarrollo del proyecto \u2713 Simulaci\u00f3n 3D \u2713 Realizaci\u00f3n \u2713 Asistencia posterior","robots":{"index":"index","follow":"follow","max-snippet":"max-snippet:-1","max-image-preview":"max-image-preview:large","max-video-preview":"max-video-preview:-1"},"canonical":"https:\/\/sha.de\/es\/servicios\/analisis-y-concepto","og_locale":"es_ES","og_type":"article","og_title":"Su concepto arquitect\u00f3nico a medida | SHA Architekten","og_description":"Como arquitectos, convencemos con an\u00e1lisis & conceptos. Planificaci\u00f3n y coordinaci\u00f3n \u2713 Desarrollo del proyecto \u2713 Simulaci\u00f3n 3D \u2713 Realizaci\u00f3n \u2713 Asistencia posterior","og_url":"https:\/\/sha.de\/es\/servicios\/analisis-y-concepto","og_site_name":"SHA Scheffler Helbich Architekten GmbH","article_modified_time":"2024-08-28T13:00:58+00:00","twitter_card":"summary_large_image","twitter_misc":{"Tiempo de lectura":"11 minutos"},"schema":{"@context":"https:\/\/schema.org","@graph":[{"@type":"WebPage","@id":"https:\/\/sha.de\/es\/servicios\/analisis-y-concepto","url":"https:\/\/sha.de\/es\/servicios\/analisis-y-concepto","name":"Su concepto arquitect\u00f3nico a medida | SHA Architekten","isPartOf":{"@id":"https:\/\/sha.de\/es#website"},"datePublished":"2019-04-03T09:54:02+00:00","dateModified":"2024-08-28T13:00:58+00:00","description":"Como arquitectos, convencemos con an\u00e1lisis & conceptos. Planificaci\u00f3n y coordinaci\u00f3n \u2713 Desarrollo del proyecto \u2713 Simulaci\u00f3n 3D \u2713 Realizaci\u00f3n \u2713 Asistencia posterior","breadcrumb":{"@id":"https:\/\/sha.de\/es\/servicios\/analisis-y-concepto#breadcrumb"},"inLanguage":"es","potentialAction":[{"@type":"ReadAction","target":["https:\/\/sha.de\/es\/servicios\/analisis-y-concepto"]}]},{"@type":"BreadcrumbList","@id":"https:\/\/sha.de\/es\/servicios\/analisis-y-concepto#breadcrumb","itemListElement":[{"@type":"ListItem","position":1,"name":"Startseite","item":"https:\/\/sha.de\/es"},{"@type":"ListItem","position":2,"name":"Servicios","item":"https:\/\/sha.de\/es\/servicios"},{"@type":"ListItem","position":3,"name":"An\u00e1lisis y concepto"}]},{"@type":"WebSite","@id":"https:\/\/sha.de\/es#website","url":"https:\/\/sha.de\/es","name":"SHA Scheffler Helbich Architekten GmbH","description":"","potentialAction":[{"@type":"SearchAction","target":{"@type":"EntryPoint","urlTemplate":"https:\/\/sha.de\/es?s={search_term_string}"},"query-input":{"@type":"PropertyValueSpecification","valueRequired":true,"valueName":"search_term_string"}}],"inLanguage":"es"}]}},"_links":{"self":[{"href":"https:\/\/sha.de\/es\/wp-json\/wp\/v2\/pages\/38200","targetHints":{"allow":["GET"]}}],"collection":[{"href":"https:\/\/sha.de\/es\/wp-json\/wp\/v2\/pages"}],"about":[{"href":"https:\/\/sha.de\/es\/wp-json\/wp\/v2\/types\/page"}],"author":[{"embeddable":true,"href":"https:\/\/sha.de\/es\/wp-json\/wp\/v2\/users\/1"}],"replies":[{"embeddable":true,"href":"https:\/\/sha.de\/es\/wp-json\/wp\/v2\/comments?post=38200"}],"version-history":[{"count":1,"href":"https:\/\/sha.de\/es\/wp-json\/wp\/v2\/pages\/38200\/revisions"}],"predecessor-version":[{"id":38208,"href":"https:\/\/sha.de\/es\/wp-json\/wp\/v2\/pages\/38200\/revisions\/38208"}],"up":[{"embeddable":true,"href":"https:\/\/sha.de\/es\/wp-json\/wp\/v2\/pages\/30201"}],"wp:attachment":[{"href":"https:\/\/sha.de\/es\/wp-json\/wp\/v2\/media?parent=38200"}],"curies":[{"name":"wp","href":"https:\/\/api.w.org\/{rel}","templated":true}]}}