{"id":38273,"date":"2019-10-07T09:13:56","date_gmt":"2019-10-07T07:13:56","guid":{"rendered":"https:\/\/sha.de\/carrera-profesional\/vacantes"},"modified":"2024-09-19T15:26:43","modified_gmt":"2024-09-19T13:26:43","slug":"vacantes","status":"publish","type":"page","link":"https:\/\/sha.de\/es\/carrera-profesional\/vacantes","title":{"rendered":"Vacantes"},"content":{"rendered":"<div id='av_section_1' class='avia-section main_color pt-default pb-default avia-no-border-styling avia-bg-style-scroll  avia-builder-el-0  avia-builder-el-no-sibling   container_wrap fullsize' style=' '  ><div class='container' ><main  role=\"main\" itemprop=\"mainContentOfPage\"  class='template-page content  av-content-full alpha units'><div class='post-entry post-entry-type-page post-entry-38273'><div class='entry-content-wrapper clearfix'>\n\n\t\t\t<div id=\"av-k1g2vf5m\" class=\"headline-column flex_column av_one_full flex_column_div first \">\n\t\t\t\t<div class=\"headline-wrap is-outside align-left sub-bottom\">\n\t\t\t\t\t<h1 class=\"headline-content headline-primary\"><strong>\u00bfBusca<\/strong> un reto <strong>?<\/strong><\/h1>\n\t\t\t\t\t<h3 class=\"headline-content headline-secondary\">Nuestras vacantes actuales<\/h3>\n\t\t\t\t<\/div>\n\t\t\t<\/div>\n<div class=\"flex_column av_one_third  flex_column_div av-zero-column-padding first       avia-builder-el-2  el_after_pixel_sc_headline  el_before_av_one_third  \"><section  class='av_textblock_section av-k1g2wero-fe61446603507e4bc085f1c602a33e68 '   itemscope=\"itemscope\" itemtype=\"https:\/\/schema.org\/CreativeWork\" ><div class='avia_textblock'  itemprop=\"text\" ><p>Estamos encantados de que est\u00e9 aqu\u00ed y de que le interese trabajar en nuestro estudio de arquitectura. Somos el lugar adecuado para usted si busca un trabajo variado, tiene una actitud positiva, mantiene la cabeza fr\u00eda en tiempos turbulentos, valora su desarrollo personal y profesional y disfruta responsabiliz\u00e1ndose de sus propios proyectos.<\/p>\n<\/div><\/section><\/div><div class=\"flex_column av_one_third  flex_column_div av-zero-column-padding  bg-default      avia-builder-el-4  el_after_av_one_third  el_before_av_one_third  \"><section  class='av_textblock_section av-k41gdgql-28f790d0b2b992bc79143248ec5d204a '   itemscope=\"itemscope\" itemtype=\"https:\/\/schema.org\/CreativeWork\" ><div class='avia_textblock'  itemprop=\"text\" ><p>Nuestro trabajo se caracteriza por jerarqu\u00edas planas, r\u00e1pidos procesos de toma de decisiones y una interacci\u00f3n respetuosa entre nosotros. Si cree que usted y SHA encajan bien y le gusta trabajar en un equipo joven en la realizaci\u00f3n de proyectos de construcci\u00f3n en toda Alemania, esperamos recibir su solicitud detallada para uno de los puestos indicados.<\/p>\n<\/div><\/section><\/div><div class=\"flex_column av_one_third  flex_column_div av-zero-column-padding  bg-default      avia-builder-el-6  el_after_av_one_third  el_before_pixel_sc_jobsgrid  \"><section  class='av_textblock_section av-k41h1ilt-5687ad1451d7cf4f8132ea409e2e2406 '   itemscope=\"itemscope\" itemtype=\"https:\/\/schema.org\/CreativeWork\" ><div class='avia_textblock'  itemprop=\"text\" ><p>Estamos deseando recibir sus documentos y conocerle. Si no ve aqu\u00ed un puesto adecuado, no hay problema: siempre nos interesan <a href=\"https:\/\/sha.de\/es\/carrera-profesional\/solicitud-no-solicitada\">las candidaturas espont\u00e1neas<\/a>.<\/p>\n<\/div><\/section><\/div>\t\n\n","protected":false},"excerpt":{"rendered":"","protected":false},"author":1,"featured_media":0,"parent":30075,"menu_order":2,"comment_status":"closed","ping_status":"closed","template":"","meta":{"_acf_changed":false,"content-type":"","footnotes":""},"class_list":["post-38273","page","type-page","status-publish","hentry"],"acf":[],"yoast_head":"<!-- This site is optimized with the Yoast SEO plugin v27.4 - https:\/\/yoast.com\/product\/yoast-seo-wordpress\/ -->\n<title>Vacantes | SHA Scheffler Helbich Architekten GmbH<\/title>\n<meta name=\"description\" content=\"\u00bfEst\u00e1 buscando nuevos retos? Eche un vistazo a nuestras vacantes actuales y pase a formar parte de nuestro equipo de arquitectos.\" \/>\n<meta name=\"robots\" content=\"index, follow, max-snippet:-1, max-image-preview:large, max-video-preview:-1\" \/>\n<link rel=\"canonical\" href=\"https:\/\/sha.de\/es\/carrera-profesional\/vacantes\" \/>\n<meta property=\"og:locale\" content=\"es_ES\" \/>\n<meta property=\"og:type\" content=\"article\" \/>\n<meta property=\"og:title\" content=\"Vacantes | SHA Scheffler Helbich Architekten GmbH\" \/>\n<meta property=\"og:description\" content=\"\u00bfEst\u00e1 buscando nuevos retos? Eche un vistazo a nuestras vacantes actuales y pase a formar parte de nuestro equipo de arquitectos.\" \/>\n<meta property=\"og:url\" content=\"https:\/\/sha.de\/es\/carrera-profesional\/vacantes\" \/>\n<meta property=\"og:site_name\" content=\"SHA Scheffler Helbich Architekten GmbH\" \/>\n<meta property=\"article:modified_time\" content=\"2024-09-19T13:26:43+00:00\" \/>\n<meta name=\"twitter:card\" content=\"summary_large_image\" \/>\n<meta name=\"twitter:label1\" content=\"Tiempo de lectura\" \/>\n\t<meta name=\"twitter:data1\" content=\"2 minutos\" \/>\n<script type=\"application\/ld+json\" class=\"yoast-schema-graph\">{\"@context\":\"https:\\\/\\\/schema.org\",\"@graph\":[{\"@type\":\"WebPage\",\"@id\":\"https:\\\/\\\/sha.de\\\/es\\\/carrera-profesional\\\/vacantes\",\"url\":\"https:\\\/\\\/sha.de\\\/es\\\/carrera-profesional\\\/vacantes\",\"name\":\"Vacantes | SHA Scheffler Helbich Architekten GmbH\",\"isPartOf\":{\"@id\":\"https:\\\/\\\/sha.de\\\/es#website\"},\"datePublished\":\"2019-10-07T07:13:56+00:00\",\"dateModified\":\"2024-09-19T13:26:43+00:00\",\"description\":\"\u00bfEst\u00e1 buscando nuevos retos? Eche un vistazo a nuestras vacantes actuales y pase a formar parte de nuestro equipo de arquitectos.\",\"breadcrumb\":{\"@id\":\"https:\\\/\\\/sha.de\\\/es\\\/carrera-profesional\\\/vacantes#breadcrumb\"},\"inLanguage\":\"es\",\"potentialAction\":[{\"@type\":\"ReadAction\",\"target\":[\"https:\\\/\\\/sha.de\\\/es\\\/carrera-profesional\\\/vacantes\"]}]},{\"@type\":\"BreadcrumbList\",\"@id\":\"https:\\\/\\\/sha.de\\\/es\\\/carrera-profesional\\\/vacantes#breadcrumb\",\"itemListElement\":[{\"@type\":\"ListItem\",\"position\":1,\"name\":\"Startseite\",\"item\":\"https:\\\/\\\/sha.de\\\/es\"},{\"@type\":\"ListItem\",\"position\":2,\"name\":\"Carrera profesional\",\"item\":\"https:\\\/\\\/sha.de\\\/es\\\/carrera-profesional\"},{\"@type\":\"ListItem\",\"position\":3,\"name\":\"Vacantes\"}]},{\"@type\":\"WebSite\",\"@id\":\"https:\\\/\\\/sha.de\\\/es#website\",\"url\":\"https:\\\/\\\/sha.de\\\/es\",\"name\":\"SHA Scheffler Helbich Architekten GmbH\",\"description\":\"\",\"potentialAction\":[{\"@type\":\"SearchAction\",\"target\":{\"@type\":\"EntryPoint\",\"urlTemplate\":\"https:\\\/\\\/sha.de\\\/es?s={search_term_string}\"},\"query-input\":{\"@type\":\"PropertyValueSpecification\",\"valueRequired\":true,\"valueName\":\"search_term_string\"}}],\"inLanguage\":\"es\"}]}<\/script>\n<!-- \/ Yoast SEO plugin. -->","yoast_head_json":{"title":"Vacantes | SHA Scheffler Helbich Architekten GmbH","description":"\u00bfEst\u00e1 buscando nuevos retos? Eche un vistazo a nuestras vacantes actuales y pase a formar parte de nuestro equipo de arquitectos.","robots":{"index":"index","follow":"follow","max-snippet":"max-snippet:-1","max-image-preview":"max-image-preview:large","max-video-preview":"max-video-preview:-1"},"canonical":"https:\/\/sha.de\/es\/carrera-profesional\/vacantes","og_locale":"es_ES","og_type":"article","og_title":"Vacantes | SHA Scheffler Helbich Architekten GmbH","og_description":"\u00bfEst\u00e1 buscando nuevos retos? Eche un vistazo a nuestras vacantes actuales y pase a formar parte de nuestro equipo de arquitectos.","og_url":"https:\/\/sha.de\/es\/carrera-profesional\/vacantes","og_site_name":"SHA Scheffler Helbich Architekten GmbH","article_modified_time":"2024-09-19T13:26:43+00:00","twitter_card":"summary_large_image","twitter_misc":{"Tiempo de lectura":"2 minutos"},"schema":{"@context":"https:\/\/schema.org","@graph":[{"@type":"WebPage","@id":"https:\/\/sha.de\/es\/carrera-profesional\/vacantes","url":"https:\/\/sha.de\/es\/carrera-profesional\/vacantes","name":"Vacantes | SHA Scheffler Helbich Architekten GmbH","isPartOf":{"@id":"https:\/\/sha.de\/es#website"},"datePublished":"2019-10-07T07:13:56+00:00","dateModified":"2024-09-19T13:26:43+00:00","description":"\u00bfEst\u00e1 buscando nuevos retos? Eche un vistazo a nuestras vacantes actuales y pase a formar parte de nuestro equipo de arquitectos.","breadcrumb":{"@id":"https:\/\/sha.de\/es\/carrera-profesional\/vacantes#breadcrumb"},"inLanguage":"es","potentialAction":[{"@type":"ReadAction","target":["https:\/\/sha.de\/es\/carrera-profesional\/vacantes"]}]},{"@type":"BreadcrumbList","@id":"https:\/\/sha.de\/es\/carrera-profesional\/vacantes#breadcrumb","itemListElement":[{"@type":"ListItem","position":1,"name":"Startseite","item":"https:\/\/sha.de\/es"},{"@type":"ListItem","position":2,"name":"Carrera profesional","item":"https:\/\/sha.de\/es\/carrera-profesional"},{"@type":"ListItem","position":3,"name":"Vacantes"}]},{"@type":"WebSite","@id":"https:\/\/sha.de\/es#website","url":"https:\/\/sha.de\/es","name":"SHA Scheffler Helbich Architekten GmbH","description":"","potentialAction":[{"@type":"SearchAction","target":{"@type":"EntryPoint","urlTemplate":"https:\/\/sha.de\/es?s={search_term_string}"},"query-input":{"@type":"PropertyValueSpecification","valueRequired":true,"valueName":"search_term_string"}}],"inLanguage":"es"}]}},"_links":{"self":[{"href":"https:\/\/sha.de\/es\/wp-json\/wp\/v2\/pages\/38273","targetHints":{"allow":["GET"]}}],"collection":[{"href":"https:\/\/sha.de\/es\/wp-json\/wp\/v2\/pages"}],"about":[{"href":"https:\/\/sha.de\/es\/wp-json\/wp\/v2\/types\/page"}],"author":[{"embeddable":true,"href":"https:\/\/sha.de\/es\/wp-json\/wp\/v2\/users\/1"}],"replies":[{"embeddable":true,"href":"https:\/\/sha.de\/es\/wp-json\/wp\/v2\/comments?post=38273"}],"version-history":[{"count":5,"href":"https:\/\/sha.de\/es\/wp-json\/wp\/v2\/pages\/38273\/revisions"}],"predecessor-version":[{"id":46164,"href":"https:\/\/sha.de\/es\/wp-json\/wp\/v2\/pages\/38273\/revisions\/46164"}],"up":[{"embeddable":true,"href":"https:\/\/sha.de\/es\/wp-json\/wp\/v2\/pages\/30075"}],"wp:attachment":[{"href":"https:\/\/sha.de\/es\/wp-json\/wp\/v2\/media?parent=38273"}],"curies":[{"name":"wp","href":"https:\/\/api.w.org\/{rel}","templated":true}]}}