{"id":38291,"date":"2019-11-19T12:10:03","date_gmt":"2019-11-19T11:10:03","guid":{"rendered":"https:\/\/sha.de\/nuestra-oficina\/premios-y-honores"},"modified":"2024-08-29T13:32:09","modified_gmt":"2024-08-29T11:32:09","slug":"premios-y-honores","status":"publish","type":"page","link":"https:\/\/sha.de\/es\/nuestra-oficina\/premios-y-honores","title":{"rendered":"Premios y honores"},"content":{"rendered":"<div id='av_section_1' class='avia-section main_color pt-default pb-large avia-no-border-styling avia-bg-style-scroll  avia-builder-el-0  el_before_av_section  avia-builder-el-first   container_wrap fullsize' style=' '  ><div class='container' ><main  role=\"main\" itemprop=\"mainContentOfPage\"  class='template-page content  av-content-full alpha units'><div class='post-entry post-entry-type-page post-entry-38291'><div class='entry-content-wrapper clearfix'>\n<div class=\"flex_column av_one_full  flex_column_div av-zero-column-padding first       avia-builder-el-1  avia-builder-el-no-sibling  \"><p>\n\t\t\t<div id=\"av-k35rc5fq\" class=\"headline-column flex_column av_one_full flex_column_div first \">\n\t\t\t\t<div class=\"headline-wrap is-outside align-center sub-bottom\">\n\t\t\t\t\t<h1 class=\"headline-content headline-primary\">Premios y honores  <\/h1>\n\t\t\t\t\t<h3 class=\"headline-content headline-secondary\">Apreciaci\u00f3n de nuestro trabajo<\/h3>\n\t\t\t\t<\/div>\n\t\t\t<\/div><br \/>\n<section  class='av_textblock_section av-k35rco19-37913d5f5a385e5ff345d216d320dccf '   itemscope=\"itemscope\" itemtype=\"https:\/\/schema.org\/CreativeWork\" ><div class='avia_textblock'  itemprop=\"text\" ><p style=\"text-align: center; max-width: 1000px; margin: 0 auto;\">Existe un gran n\u00famero de galardones y premios de arquitectura que se conceden a arquitectos individuales o a estudios de arquitectura.<br \/>\nSHA tambi\u00e9n ha sido nominada y galardonada en repetidas ocasiones en el pasado. <\/p>\n<\/div><\/section><\/p><\/div>\n\n<\/div><\/div><\/main><!-- close content main element --><\/div><\/div><div id='av_section_2' class='avia-section main_color pt-default pb-default avia-no-border-styling avia-bg-style-scroll  avia-builder-el-4  el_after_av_section  el_before_av_section   container_wrap fullsize' style=' '  ><div class='container' ><div class='template-page content  av-content-full alpha units'><div class='post-entry post-entry-type-page post-entry-38291'><div class='entry-content-wrapper clearfix'>\n<div class=\"flex_column av_one_third  flex_column_div av-zero-column-padding first       avia-builder-el-5  el_before_av_one_third  avia-builder-el-first  \"><div  class='avia-image-container  av-styling-    avia-builder-el-6  avia-builder-el-no-sibling  video avia-align-center'  itemprop=\"image\" itemscope=\"itemscope\" itemtype=\"https:\/\/schema.org\/ImageObject\"  ><div class='avia-image-container-inner'><div class='avia-image-overlay-wrap'><a href='https:\/\/www.youtube.com\/watch?v=rLvljSF5hHk' class='avia_image'  ><img class='avia_image ' src='https:\/\/sha.de\/wp-content\/uploads\/auszeichnung_phoenixwerk_2020.jpg' alt='' title='Auszeichnung Phoenixwerk 2020'  itemprop=\"thumbnailUrl\"  \/><\/a><\/div><\/div><\/div><\/div><div class=\"flex_column av_one_third  flex_column_div av-zero-column-padding        avia-builder-el-7  el_after_av_one_third  el_before_av_one_third  \"><section  class='av_textblock_section av-k35rkyu0-dc492dd514eaac47601742c3445c6104 '   itemscope=\"itemscope\" itemtype=\"https:\/\/schema.org\/CreativeWork\" ><div class='avia_textblock'  itemprop=\"text\" ><h2>Premio Hamm Unna de Arquitectura de Dortmund 2020<\/h2>\n<p>El <a href=\"https:\/\/sha.de\/es\/proyectos\/oficina-y-administracion\/innovador-espacio-de-trabajo-en-phoenix-west-en-dortmund-horde\">complejo de oficinas PhoenixWERK<\/a>, proyectado, realizado y desde la primavera de 2020 nueva sede empresarial de SHA Scheffler Helbich Architekten GmbH, ha recibido el codiciado <a href=\"https:\/\/www.bda-nrw.de\/2020\/11\/der-architekturpreis-dortmund-hamm-unna-2020-ist-entschieden\/\" target=\"_blank\" rel=\"noopener nofollow\">\u00abPremio de Arquitectura Dortmund Hamm Unna 2020\u00bb<\/a> junto con otros dos proyectos. Un total de 27 proyectos de la regi\u00f3n participaron en el concurso y fueron criticados por el jurado.<\/p>\n<p>\u00abEstamos muy orgullosos\u00bb, afirma Christoph Helbich, socio gerente de SHA. \u00abEs una gran confirmaci\u00f3n de nuestro trabajo\u00bb, a\u00f1ade la socia Birgit Helbich. Junto con Immira Grundst\u00fcckverwaltung, la pareja es la constructora de los dos primeros componentes.<\/p>\n<\/div><\/section><\/div><div class=\"flex_column av_one_third  flex_column_div av-zero-column-padding        avia-builder-el-9  el_after_av_one_third  avia-builder-el-last  \"><p><section  class='av_textblock_section av-k35rkyu0-25-e52a57d7f98d5446f95ce8abd25c9b80 '   itemscope=\"itemscope\" itemtype=\"https:\/\/schema.org\/CreativeWork\" ><div class='avia_textblock'  itemprop=\"text\" ><p>A largo plazo, se construir\u00e1n otras tres secciones de edificios en el emplazamiento. As\u00ed se completar\u00e1 el barrio en funci\u00f3n de la demanda.<\/p>\n<p>La valoraci\u00f3n del jurado sobre el PhoenixWERK fue la siguiente:<\/p>\n<p><em>\u00abLos bordes espaciales existentes se complementan en un dise\u00f1o urbano sorprendente. El espacio as\u00ed creado hace justicia al nuevo uso y permite reconocer la historia de la zona. El lenguaje de dise\u00f1o de la arquitectura industrial tambi\u00e9n se recoge en los materiales y la fachada. Estas cualidades contin\u00faan en los planos de planta y en los detalles del interior\u00bb.<\/em><\/p>\n<\/div><\/section><br \/>\n\n<style type=\"text\/css\" data-created_by=\"avia_inline_auto\" id=\"style-css-av-kk5d1izk-c6f28bb6a0267652848472c9e85dc5fe\">\n#top .hr.hr-invisible.av-kk5d1izk-c6f28bb6a0267652848472c9e85dc5fe{\nheight:40px;\n}\n<\/style>\n<div  class='hr av-kk5d1izk-c6f28bb6a0267652848472c9e85dc5fe hr-invisible  avia-builder-el-11  el_after_av_textblock  el_before_av_button '><span class='hr-inner '><span class=\"hr-inner-style\"><\/span><\/span><\/div><br \/>\n<div class='avia-button-wrap theme-fill avia-button-right  avia-builder-el-12  el_after_av_hr  avia-builder-el-last  inline'><a href='https:\/\/sha.de\/es\/news\/premio-de-arquitectura-para-el-phoenixwerk'  class='avia-button  color-ci-black hover-yellow  avia-icon_select-no avia-size-small avia-position-right'   ><span class='avia_iconbox_title' >Saber m\u00e1s<\/span><\/a><\/div><\/p><\/div><\/div><\/div><\/div><!-- close content main div --><\/div><\/div><div id='av_section_3' class='avia-section main_color pt-default pb-default avia-no-border-styling avia-bg-style-scroll  avia-builder-el-13  el_after_av_section  el_before_av_section  auszeichnung  container_wrap fullsize' style=' '  ><div class='container' ><div class='template-page content  av-content-full alpha units'><div class='post-entry post-entry-type-page post-entry-38291'><div class='entry-content-wrapper clearfix'>\n<div class=\"flex_column av_one_half  flex_column_div av-zero-column-padding first       avia-builder-el-14  el_before_av_one_half  avia-builder-el-first  \"><section  class='av_textblock_section av-k35rkyu0-23-e2a9711cd2c7013d9ed721f3cda96ada '   itemscope=\"itemscope\" itemtype=\"https:\/\/schema.org\/CreativeWork\" ><div class='avia_textblock'  itemprop=\"text\" ><h2>3er puesto en el Premio Image Film 2016<\/h2>\n<p>En la actualidad, tanto las grandes como las peque\u00f1as empresas de todos los sectores y \u00e1mbitos -incluido el SHA- cuentan con una pel\u00edcula corporativa. \u00abSus arquitectos en el comercio de materiales de construcci\u00f3n\u00bb, el nombre de la pel\u00edcula de imagen lo dice todo. Demuestra la pericia y los muchos a\u00f1os de experiencia de SHA en el comercio de materiales de construcci\u00f3n. Los propietarios de edificios hablan de la planificaci\u00f3n y realizaci\u00f3n de sus proyectos desde su punto de vista. Esto deja claro lo importante que es para SHA el contacto personal con los clientes y su satisfacci\u00f3n. En la 3\u00aa edici\u00f3n del REVIER MANAGER IMAGEFILM-AWARD, las empresas con sede en la regi\u00f3n del Ruhr tuvieron la oportunidad de presentar sus clips y someterlos a la evaluaci\u00f3n de un jurado profesional de expertos. Los lectores de REVIER MANAGER tambi\u00e9n votaron por su favorito. Nuestra pel\u00edcula qued\u00f3 en 3er lugar. Es bueno saberlo: De la realizaci\u00f3n t\u00e9cnica y del concepto de apoyo se encarg\u00f3 tambi\u00e9n una oficina de la regi\u00f3n del Ruhr, Filmproduktion \u00fcberRot de Dortmund.<\/p>\n<\/div><\/section><\/div><div class=\"flex_column av_one_half  flex_column_div av-zero-column-padding        avia-builder-el-16  el_after_av_one_half  avia-builder-el-last  \"><div  class='avia-image-container  av-styling-    avia-builder-el-17  avia-builder-el-no-sibling  video avia-align-center'  itemprop=\"image\" itemscope=\"itemscope\" itemtype=\"https:\/\/schema.org\/ImageObject\"  ><div class='avia-image-container-inner'><div class='avia-image-overlay-wrap'><a href='https:\/\/www.youtube.com\/watch?v=RF8obWWImuc' class='avia_image'  ><img class='avia_image ' src='https:\/\/sha.de\/wp-content\/uploads\/sha_imagefilm_award.jpg' alt='' title='Planung und Realisierung im Handel und Gewerbe | SHA Scheffler Helbich Architekten'  itemprop=\"thumbnailUrl\"  \/><\/a><\/div><\/div><\/div><\/div>\n<\/p>\n<\/div><\/div><\/div><!-- close content main div --><\/div><\/div><div id='av_section_4' class='avia-section main_color pt-default pb-default avia-no-border-styling avia-bg-style-scroll  avia-builder-el-18  el_after_av_section  el_before_av_section  auszeichnung  container_wrap fullsize' style=' '  ><div class='container' ><div class='template-page content  av-content-full alpha units'><div class='post-entry post-entry-type-page post-entry-38291'><div class='entry-content-wrapper clearfix'>\n<div class=\"flex_column av_one_third  flex_column_div av-zero-column-padding first       avia-builder-el-19  el_before_av_one_third  avia-builder-el-first  \"><div  class='avia-image-container  av-styling-    avia-builder-el-20  avia-builder-el-no-sibling  avia-align-center'  itemprop=\"image\" itemscope=\"itemscope\" itemtype=\"https:\/\/schema.org\/ImageObject\"  ><div class='avia-image-container-inner'><div class='avia-image-overlay-wrap'><img class='avia_image' src='https:\/\/sha.de\/wp-content\/uploads\/Haus-am-See-CE-8-706x564.jpg' alt='' title='Haus Helbich, SHA Scheffler Helbich Architekten Dortmund' height=\"564\" width=\"706\"  itemprop=\"thumbnailUrl\"  \/><\/div><\/div><\/div><\/div><div class=\"flex_column av_one_third  flex_column_div av-zero-column-padding        avia-builder-el-21  el_after_av_one_third  el_before_av_one_third  \"><section  class='av_textblock_section av-k35rkyu0-20-40d692414bd5a8afa01c86d38599fbba '   itemscope=\"itemscope\" itemtype=\"https:\/\/schema.org\/CreativeWork\" ><div class='avia_textblock'  itemprop=\"text\" ><h2>Premio BDA 2010: Haus am See<\/h2>\n<p>SHA recibieron el primer premio de la Asociaci\u00f3n de Arquitectos Alemanes (BDA) en 2010 por la <span style=\"text-decoration: underline;\"><a href=\"https:\/\/sha.de\/es\/proyectos\/alojamiento-gastronomia\/dortmund-haus-am-see\">\u00abHaus am See\u00bb en Dortmund<\/a><\/span> Kirchh\u00f6rde fue galardonada. En presencia del alcalde Ullrich Sierau, Birgit y Christoph Helbich aceptaron el premio de manos de su colega Bruno Brandi, de Hamburgo, en el Ayuntamiento de Dortmund.<\/p>\n<h4>Explicaci\u00f3n del jurado:<\/h4>\n<p>\u00abLa casa unifamiliar est\u00e1 situada en un t\u00edpico entorno suburbano. En medio de edificios residenciales similares orientados hacia la calle y completados con un jard\u00edn trasero, el arquitecto ha logrado crear un estilo arquitect\u00f3nico especial. La casa y el garaje forman un cubo cuidadosamente medido y proporcionalmente relacionado para formar una entrada espacialmente definida. En un principio, el edificio residencial parece herm\u00e9tico: dos muros enlucidos (que dan a la calle y al vecino), que s\u00f3lo se abren a trav\u00e9s de estrechas bandas de ventanas, y una estrecha secci\u00f3n de muro forman el armaz\u00f3n estructural del edificio en una larga planta rectangular.<\/p>\n<\/div><\/section><\/div><div class=\"flex_column av_one_third  flex_column_div av-zero-column-padding        avia-builder-el-23  el_after_av_one_third  avia-builder-el-last  \"><section  class='av_textblock_section av-k35rkyu0-13-8417a754fbe74038a93a21d1c217610a '   itemscope=\"itemscope\" itemtype=\"https:\/\/schema.org\/CreativeWork\" ><div class='avia_textblock'  itemprop=\"text\" ><p>En medio, sin embargo, la superficie mural de la casa se disuelve por completo mediante una construcci\u00f3n de acero y cristal. Las superficies casi cerradas de las paredes y el efecto de relieve de los profundos huecos de las ventanas y el ritmo entrecortado de los elementos verticales de acero crean un encanto peculiar, un tanto tecnoide.<\/p>\n<p>El edificio saca una ventaja muy especial de la amplia apertura de la fachada trasera: el gran sal\u00f3n, que est\u00e1 h\u00e1bilmente conectado con la cocina en torno al n\u00facleo de acceso, y los dormitorios de la primera planta, a los que se accede por un pasillo compartido, se abren a un jard\u00edn de aspecto natural con \u00e1rboles y acceso directo a un peque\u00f1o lago. No hab\u00eda mejor manera de sacar provecho de esta fant\u00e1stica situaci\u00f3n\u00bb.<\/p>\n<\/div><\/section><\/div><\/div><\/div><\/div><!-- close content main div --><\/div><\/div><div id='av_section_5' class='avia-section main_color pt-default pb-default avia-no-border-styling avia-bg-style-scroll  avia-builder-el-25  el_after_av_section  el_before_av_section  auszeichnung  container_wrap fullsize' style=' '  ><div class='container' ><div class='template-page content  av-content-full alpha units'><div class='post-entry post-entry-type-page post-entry-38291'><div class='entry-content-wrapper clearfix'>\n<div class=\"flex_column av_one_third  flex_column_div av-zero-column-padding first       avia-builder-el-26  el_before_av_one_third  avia-builder-el-first  \"><div  class='avia-image-container  av-styling-    avia-builder-el-27  avia-builder-el-no-sibling  avia-align-center'  itemprop=\"image\" itemscope=\"itemscope\" itemtype=\"https:\/\/schema.org\/ImageObject\"  ><div class='avia-image-container-inner'><div class='avia-image-overlay-wrap'><img class='avia_image' src='https:\/\/sha.de\/wp-content\/uploads\/auszeichnung_uniporlogo.jpg' alt='' title='Auszeichnung Uniporlogo' height=\"89\" width=\"287\"  itemprop=\"thumbnailUrl\"  \/><\/div><\/div><\/div><\/div><div class=\"flex_column av_one_third  flex_column_div av-zero-column-padding        avia-builder-el-28  el_after_av_one_third  el_before_av_one_third  \"><section  class='av_textblock_section av-k35rkyu0-11-529c3f592dd3440a503c0d8b38508bb7 '   itemscope=\"itemscope\" itemtype=\"https:\/\/schema.org\/CreativeWork\" ><div class='avia_textblock'  itemprop=\"text\" ><h2>Premio UNIPOR 2009: Haus am See \u00abEn armon\u00eda con la naturaleza<\/h2>\n<p>En la feria \u00abBau 2009\u00bb de M\u00fanich, SHA recibi\u00f3 el primer premio de UNIPOR-Ziegel Marketing GmbH por la <a href=\"https:\/\/sha.de\/es\/proyectos\/alojamiento-gastronomia\/dortmund-haus-am-see\">\u00abHaus am See\u00bb de Dortmund Kirchh\u00f6rde<\/a>. Birgit y Christoph Helbich recogieron el premio en nombre de la oficina entre los aplausos de los visitantes de la feria.<\/p>\n<p>Bajo el lema \u00abEn armon\u00eda con la naturaleza\u00bb, el jurado premi\u00f3 el dise\u00f1o por \u00absu sofisticaci\u00f3n arquitect\u00f3nica\u00bb y su m\u00e9todo de construcci\u00f3n respetuoso con el medio ambiente: \u00abEl uso econ\u00f3mico de la energ\u00eda se consigue por medios arquitect\u00f3nicos como la compacidad, la zonificaci\u00f3n y la orientaci\u00f3n\u00bb, de modo que se pudo prescindir de elaborados componentes de alta tecnolog\u00eda: una soluci\u00f3n arquitect\u00f3nica ecol\u00f3gica por excelencia.<\/p>\n<\/div><\/section><\/div><div class=\"flex_column av_one_third  flex_column_div av-zero-column-padding        avia-builder-el-30  el_after_av_one_third  avia-builder-el-last  \"><div  class='avia-image-container  av-styling-    avia-builder-el-31  avia-builder-el-no-sibling  avia-align-center'  itemprop=\"image\" itemscope=\"itemscope\" itemtype=\"https:\/\/schema.org\/ImageObject\"  ><div class='avia-image-container-inner'><div class='avia-image-overlay-wrap'><img class='avia_image' src='https:\/\/sha.de\/wp-content\/uploads\/auszeichnung_hausamsee-706x564.jpg' alt='' title='Auszeichnung Hausamsee' height=\"564\" width=\"706\"  itemprop=\"thumbnailUrl\"  \/><\/div><\/div><\/div><\/div><\/div><\/div><\/div><!-- close content main div --><\/div><\/div><div id='av_section_6' class='avia-section main_color pt-default pb-default avia-no-border-styling avia-bg-style-scroll  avia-builder-el-32  el_after_av_section  avia-builder-el-last  auszeichnung  container_wrap fullsize' style=' '  ><div class='container' ><div class='template-page content  av-content-full alpha units'><div class='post-entry post-entry-type-page post-entry-38291'><div class='entry-content-wrapper clearfix'>\n<div class=\"flex_column av_one_third  flex_column_div av-zero-column-padding first       avia-builder-el-33  el_before_av_one_third  avia-builder-el-first  \"><div  class='avia-image-container  av-styling-    avia-builder-el-34  avia-builder-el-no-sibling  avia-align-center'  itemprop=\"image\" itemscope=\"itemscope\" itemtype=\"https:\/\/schema.org\/ImageObject\"  ><div class='avia-image-container-inner'><div class='avia-image-overlay-wrap'><img class='avia_image' src='https:\/\/sha.de\/wp-content\/uploads\/auszeichnung_dsplogo.jpg' alt='' title='Auszeichnung Dsplogo' height=\"195\" width=\"390\"  itemprop=\"thumbnailUrl\"  \/><\/div><\/div><\/div><\/div><div class=\"flex_column av_one_third  flex_column_div av-zero-column-padding        avia-builder-el-35  el_after_av_one_third  el_before_av_one_third  \"><section  class='av_textblock_section av-k35rkyu0-6-beba41c5781509602f5cff9153778c47 '   itemscope=\"itemscope\" itemtype=\"https:\/\/schema.org\/CreativeWork\" ><div class='avia_textblock'  itemprop=\"text\" ><h2>Premio Alem\u00e1n de Desarrollo Urbano 2018 por \u00abPHOENIX &#8211; Un nuevo paisaje urbano\u00bb<\/h2>\n<p>Por cierto: El proyecto <a href=\"https:\/\/www.dortmund.de\/media\/p\/stadtplanungs_und_bauordnungsamt\/stadtplanung_bauordnung_downloads\/stadtplanung_dl\/PHOENIX_Dokumentation.pdf\" target=\"_blank\" rel=\"noopener nofollow\">\u00abPHOENIX &#8211; Un nuevo paisaje urbano en Dortmund\u00bb<\/a> del Ayuntamiento de Dortmund ha sido galardonado con el Premio Alem\u00e1n de Desarrollo Urbano 2018. Est\u00e1 organizado por la Academia Alemana de Planificaci\u00f3n Urbana y Regional (DASL) y patrocinado por la Fundaci\u00f3n W\u00fcstenrot, y sirve para promover una cultura de planificaci\u00f3n y desarrollo urbano con visi\u00f3n de futuro. La tr\u00edada PHOENIX West &#8211; H\u00f6rde-Zentrum &#8211; Phoenix See se considera un exitoso proyecto de cambio estructural.<\/p>\n<p>SHA se enorgullece de formar parte de uno de los mayores proyectos recientes de reconversi\u00f3n en Dortmund y en el estado de Renania del Norte-Westfalia con la realizaci\u00f3n del PhoenixWERK.<\/p>\n<\/div><\/section><\/div><div class=\"flex_column av_one_third  flex_column_div av-zero-column-padding        avia-builder-el-37  el_after_av_one_third  avia-builder-el-last  \"><div  class='avia-image-container  av-styling-    avia-builder-el-38  avia-builder-el-no-sibling  avia-align-center'  itemprop=\"image\" itemscope=\"itemscope\" itemtype=\"https:\/\/schema.org\/ImageObject\"  ><div class='avia-image-container-inner'><div class='avia-image-overlay-wrap'><img class='avia_image' src='https:\/\/sha.de\/wp-content\/uploads\/referenze_phoenixwerk_gallery_03-706x564.jpg' alt='' title='Referenze Phoenixwerk Gallery 03' height=\"564\" width=\"706\"  itemprop=\"thumbnailUrl\"  \/><\/div><\/div><\/div><\/div>\n<\/p>\n","protected":false},"excerpt":{"rendered":"","protected":false},"author":1,"featured_media":0,"parent":30203,"menu_order":2,"comment_status":"closed","ping_status":"closed","template":"","meta":{"_acf_changed":false,"content-type":"","footnotes":""},"class_list":["post-38291","page","type-page","status-publish","hentry"],"acf":[],"yoast_head":"<!-- This site is optimized with the Yoast SEO plugin v27.4 - https:\/\/yoast.com\/product\/yoast-seo-wordpress\/ -->\n<title>Premios y honores | SHA Scheffler Helbich Architekten GmbH<\/title>\n<meta name=\"description\" content=\"Estamos orgullosos de haber recibido numerosos galardones y premios de arquitectura. Premio BDA 2019 \u2713 Premio alem\u00e1n de urbanismo 2018 \u2713 Premio UNIPOR 2009 \u2713\" \/>\n<meta name=\"robots\" content=\"index, follow, max-snippet:-1, max-image-preview:large, max-video-preview:-1\" \/>\n<link rel=\"canonical\" href=\"https:\/\/sha.de\/es\/nuestra-oficina\/premios-y-honores\" \/>\n<meta property=\"og:locale\" content=\"es_ES\" \/>\n<meta property=\"og:type\" content=\"article\" \/>\n<meta property=\"og:title\" content=\"Premios y honores | SHA Scheffler Helbich Architekten GmbH\" \/>\n<meta property=\"og:description\" content=\"Estamos orgullosos de haber recibido numerosos galardones y premios de arquitectura. Premio BDA 2019 \u2713 Premio alem\u00e1n de urbanismo 2018 \u2713 Premio UNIPOR 2009 \u2713\" \/>\n<meta property=\"og:url\" content=\"https:\/\/sha.de\/es\/nuestra-oficina\/premios-y-honores\" \/>\n<meta property=\"og:site_name\" content=\"SHA Scheffler Helbich Architekten GmbH\" \/>\n<meta property=\"article:modified_time\" content=\"2024-08-29T11:32:09+00:00\" \/>\n<meta name=\"twitter:card\" content=\"summary_large_image\" \/>\n<meta name=\"twitter:label1\" content=\"Tiempo de lectura\" \/>\n\t<meta name=\"twitter:data1\" content=\"23 minutos\" \/>\n<script type=\"application\/ld+json\" class=\"yoast-schema-graph\">{\"@context\":\"https:\\\/\\\/schema.org\",\"@graph\":[{\"@type\":\"WebPage\",\"@id\":\"https:\\\/\\\/sha.de\\\/es\\\/nuestra-oficina\\\/premios-y-honores\",\"url\":\"https:\\\/\\\/sha.de\\\/es\\\/nuestra-oficina\\\/premios-y-honores\",\"name\":\"Premios y honores | SHA Scheffler Helbich Architekten GmbH\",\"isPartOf\":{\"@id\":\"https:\\\/\\\/sha.de\\\/es#website\"},\"datePublished\":\"2019-11-19T11:10:03+00:00\",\"dateModified\":\"2024-08-29T11:32:09+00:00\",\"description\":\"Estamos orgullosos de haber recibido numerosos galardones y premios de arquitectura. Premio BDA 2019 \u2713 Premio alem\u00e1n de urbanismo 2018 \u2713 Premio UNIPOR 2009 \u2713\",\"breadcrumb\":{\"@id\":\"https:\\\/\\\/sha.de\\\/es\\\/nuestra-oficina\\\/premios-y-honores#breadcrumb\"},\"inLanguage\":\"es\",\"potentialAction\":[{\"@type\":\"ReadAction\",\"target\":[\"https:\\\/\\\/sha.de\\\/es\\\/nuestra-oficina\\\/premios-y-honores\"]}]},{\"@type\":\"BreadcrumbList\",\"@id\":\"https:\\\/\\\/sha.de\\\/es\\\/nuestra-oficina\\\/premios-y-honores#breadcrumb\",\"itemListElement\":[{\"@type\":\"ListItem\",\"position\":1,\"name\":\"Startseite\",\"item\":\"https:\\\/\\\/sha.de\\\/es\"},{\"@type\":\"ListItem\",\"position\":2,\"name\":\"Nuestra oficina\",\"item\":\"https:\\\/\\\/sha.de\\\/es\\\/nuestra-oficina\"},{\"@type\":\"ListItem\",\"position\":3,\"name\":\"Premios y honores\"}]},{\"@type\":\"WebSite\",\"@id\":\"https:\\\/\\\/sha.de\\\/es#website\",\"url\":\"https:\\\/\\\/sha.de\\\/es\",\"name\":\"SHA Scheffler Helbich Architekten GmbH\",\"description\":\"\",\"potentialAction\":[{\"@type\":\"SearchAction\",\"target\":{\"@type\":\"EntryPoint\",\"urlTemplate\":\"https:\\\/\\\/sha.de\\\/es?s={search_term_string}\"},\"query-input\":{\"@type\":\"PropertyValueSpecification\",\"valueRequired\":true,\"valueName\":\"search_term_string\"}}],\"inLanguage\":\"es\"}]}<\/script>\n<!-- \/ Yoast SEO plugin. -->","yoast_head_json":{"title":"Premios y honores | SHA Scheffler Helbich Architekten GmbH","description":"Estamos orgullosos de haber recibido numerosos galardones y premios de arquitectura. Premio BDA 2019 \u2713 Premio alem\u00e1n de urbanismo 2018 \u2713 Premio UNIPOR 2009 \u2713","robots":{"index":"index","follow":"follow","max-snippet":"max-snippet:-1","max-image-preview":"max-image-preview:large","max-video-preview":"max-video-preview:-1"},"canonical":"https:\/\/sha.de\/es\/nuestra-oficina\/premios-y-honores","og_locale":"es_ES","og_type":"article","og_title":"Premios y honores | SHA Scheffler Helbich Architekten GmbH","og_description":"Estamos orgullosos de haber recibido numerosos galardones y premios de arquitectura. Premio BDA 2019 \u2713 Premio alem\u00e1n de urbanismo 2018 \u2713 Premio UNIPOR 2009 \u2713","og_url":"https:\/\/sha.de\/es\/nuestra-oficina\/premios-y-honores","og_site_name":"SHA Scheffler Helbich Architekten GmbH","article_modified_time":"2024-08-29T11:32:09+00:00","twitter_card":"summary_large_image","twitter_misc":{"Tiempo de lectura":"23 minutos"},"schema":{"@context":"https:\/\/schema.org","@graph":[{"@type":"WebPage","@id":"https:\/\/sha.de\/es\/nuestra-oficina\/premios-y-honores","url":"https:\/\/sha.de\/es\/nuestra-oficina\/premios-y-honores","name":"Premios y honores | SHA Scheffler Helbich Architekten GmbH","isPartOf":{"@id":"https:\/\/sha.de\/es#website"},"datePublished":"2019-11-19T11:10:03+00:00","dateModified":"2024-08-29T11:32:09+00:00","description":"Estamos orgullosos de haber recibido numerosos galardones y premios de arquitectura. Premio BDA 2019 \u2713 Premio alem\u00e1n de urbanismo 2018 \u2713 Premio UNIPOR 2009 \u2713","breadcrumb":{"@id":"https:\/\/sha.de\/es\/nuestra-oficina\/premios-y-honores#breadcrumb"},"inLanguage":"es","potentialAction":[{"@type":"ReadAction","target":["https:\/\/sha.de\/es\/nuestra-oficina\/premios-y-honores"]}]},{"@type":"BreadcrumbList","@id":"https:\/\/sha.de\/es\/nuestra-oficina\/premios-y-honores#breadcrumb","itemListElement":[{"@type":"ListItem","position":1,"name":"Startseite","item":"https:\/\/sha.de\/es"},{"@type":"ListItem","position":2,"name":"Nuestra oficina","item":"https:\/\/sha.de\/es\/nuestra-oficina"},{"@type":"ListItem","position":3,"name":"Premios y honores"}]},{"@type":"WebSite","@id":"https:\/\/sha.de\/es#website","url":"https:\/\/sha.de\/es","name":"SHA Scheffler Helbich Architekten GmbH","description":"","potentialAction":[{"@type":"SearchAction","target":{"@type":"EntryPoint","urlTemplate":"https:\/\/sha.de\/es?s={search_term_string}"},"query-input":{"@type":"PropertyValueSpecification","valueRequired":true,"valueName":"search_term_string"}}],"inLanguage":"es"}]}},"_links":{"self":[{"href":"https:\/\/sha.de\/es\/wp-json\/wp\/v2\/pages\/38291","targetHints":{"allow":["GET"]}}],"collection":[{"href":"https:\/\/sha.de\/es\/wp-json\/wp\/v2\/pages"}],"about":[{"href":"https:\/\/sha.de\/es\/wp-json\/wp\/v2\/types\/page"}],"author":[{"embeddable":true,"href":"https:\/\/sha.de\/es\/wp-json\/wp\/v2\/users\/1"}],"replies":[{"embeddable":true,"href":"https:\/\/sha.de\/es\/wp-json\/wp\/v2\/comments?post=38291"}],"version-history":[{"count":18,"href":"https:\/\/sha.de\/es\/wp-json\/wp\/v2\/pages\/38291\/revisions"}],"predecessor-version":[{"id":42891,"href":"https:\/\/sha.de\/es\/wp-json\/wp\/v2\/pages\/38291\/revisions\/42891"}],"up":[{"embeddable":true,"href":"https:\/\/sha.de\/es\/wp-json\/wp\/v2\/pages\/30203"}],"wp:attachment":[{"href":"https:\/\/sha.de\/es\/wp-json\/wp\/v2\/media?parent=38291"}],"curies":[{"name":"wp","href":"https:\/\/api.w.org\/{rel}","templated":true}]}}