{"id":38536,"date":"2019-11-11T14:48:39","date_gmt":"2019-11-11T13:48:39","guid":{"rendered":"https:\/\/sha.de\/carrera-profesional\/solicitud-no-solicitada"},"modified":"2024-08-28T15:01:43","modified_gmt":"2024-08-28T13:01:43","slug":"solicitud-no-solicitada","status":"publish","type":"page","link":"https:\/\/sha.de\/es\/carrera-profesional\/solicitud-no-solicitada","title":{"rendered":"Solicitud no solicitada"},"content":{"rendered":"<div id='av_section_1' class='avia-section main_color pt-default pb-default avia-no-border-styling avia-bg-style-scroll  avia-builder-el-0  avia-builder-el-no-sibling   container_wrap fullsize' style=' '  ><div class='container' ><main  role=\"main\" itemprop=\"mainContentOfPage\"  class='template-page content  av-content-full alpha units'><div class='post-entry post-entry-type-page post-entry-38536'><div class='entry-content-wrapper clearfix'>\n\n\t\t\t<div id=\"av-k1g2vf5m\" class=\"headline-column flex_column av_one_full flex_column_div first \">\n\t\t\t\t<div class=\"headline-wrap is-outside align-left sub-bottom\">\n\t\t\t\t\t<h1 class=\"headline-content headline-primary\"><strong>Env\u00edenos<\/strong> ahora su <strong>solicitud<\/strong> especulativa <strong>.<\/strong><\/h1>\n\t\t\t\t\t<h3 class=\"headline-content headline-secondary\">Dortmund.&lt;br \/&gt;\nBerl\u00edn. <\/h3>\n\t\t\t\t<\/div>\n\t\t\t<\/div>\n<div class=\"flex_column av_one_third  flex_column_div av-zero-column-padding first       avia-builder-el-2  el_after_pixel_sc_headline  el_before_av_one_third  \"><section  class='av_textblock_section av-k1g2wero-fe61446603507e4bc085f1c602a33e68 '   itemscope=\"itemscope\" itemtype=\"https:\/\/schema.org\/CreativeWork\" ><div class='avia_textblock'  itemprop=\"text\" ><p>\u00bfHa echado un vistazo a nuestras vacantes, pero desafortunadamente no ha encontrado la adecuada para usted? \u00a1No hay problema! Somos un estudio de arquitectura en constante crecimiento con una orientaci\u00f3n vers\u00e1til. Por eso estamos siempre a la b\u00fasqueda de las mejores mentes para que nos ayuden a alcanzar nuestros objetivos. \u00bfEdad, sexo, t\u00edtulo? \u00a1Conv\u00e9nzanos con sus servicios!<\/p>\n<p>Somos el lugar adecuado para usted si busca un trabajo variado, tiene una actitud positiva, mantiene la cabeza fr\u00eda en tiempos turbulentos, valora su desarrollo personal y profesional y disfruta responsabiliz\u00e1ndose de sus propios proyectos.<\/p>\n<\/div><\/section><\/div><div class=\"flex_column av_one_third  flex_column_div av-zero-column-padding  bg-default      avia-builder-el-4  el_after_av_one_third  el_before_av_one_third  \"><section  class='av_textblock_section av-k41grct3-280455cb34662e89d911927dd71d3c2b '   itemscope=\"itemscope\" itemtype=\"https:\/\/schema.org\/CreativeWork\" ><div class='avia_textblock'  itemprop=\"text\" ><p>Nuestro trabajo se caracteriza por jerarqu\u00edas planas, procesos de toma de decisiones r\u00e1pidos y una interacci\u00f3n respetuosa entre nosotros.<\/p>\n<p>Si cree que usted y SHA encajan bien y le gusta trabajar en un equipo joven en la realizaci\u00f3n de proyectos de construcci\u00f3n en toda Alemania, estaremos encantados de recibir su solicitud informativa no solicitada.<\/p>\n<p>Por favor, env\u00edenos sus documentos relevantes en un documento PDF hasta un m\u00e1ximo de. 15 MB por correo electr\u00f3nico a <a href=\"javascript:secureDecryptAndNavigate('VdS7+3z9hrtwar+iYfdQOxfE+PEC3ieR6\/Sh3wcNwgQRpmoHx9mRclXzZeSr9m1dTKps\/e2UlMJEPTlaQqm7Ta4=', '7fb6b0a631c756e2798c0419dd401ac6392a180022e45865affe1bd81a905598')\">job@sha.de<\/a>.<\/p>\n<\/div><\/section><\/div><div class=\"flex_column av_one_third  flex_column_div av-zero-column-padding        avia-builder-el-6  el_after_av_one_third  el_before_av_one_full  \"><section  class='av_textblock_section av-k1g2wero-1-cc2210e8223e719df18a1b54ce60eaf6 '   itemscope=\"itemscope\" itemtype=\"https:\/\/schema.org\/CreativeWork\" ><div class='avia_textblock'  itemprop=\"text\" ><p>Y eso deber\u00eda incluirse:<\/p>\n<ul>\n<li>Carta de presentaci\u00f3n con su motivaci\u00f3n (de cambio): \u00bfPor qu\u00e9 quiere unirse al CSA?<\/li>\n<li>Certificados y pruebas de sus actividades anteriores<\/li>\n<li>Indique sus expectativas salariales brutas<\/li>\n<li>Especificaci\u00f3n de la pr\u00f3xima fecha de inicio posible<\/li>\n<\/ul>\n<p>Estamos deseando escuchar lo que tenga que decirnos y nos pondremos en contacto con usted lo antes posible.<\/p>\n<\/div><\/section><\/div><div class=\"flex_column av_one_full  flex_column_div av-zero-column-padding first       avia-builder-el-8  el_after_av_one_third  avia-builder-el-last  column-top-margin\"><div  class='avia-image-container  av-styling-    avia-builder-el-9  avia-builder-el-no-sibling  avia-align-center'  itemprop=\"image\" itemscope=\"itemscope\" itemtype=\"https:\/\/schema.org\/ImageObject\"  ><div class='avia-image-container-inner'><div class='avia-image-overlay-wrap'><img class='avia_image' src='https:\/\/sha.de\/wp-content\/uploads\/kopfbild_2.jpg' alt='' title='Kopfbild 2' height=\"263\" width=\"1592\"  itemprop=\"thumbnailUrl\"  \/><\/div><\/div><\/div><\/div>\n","protected":false},"excerpt":{"rendered":"","protected":false},"author":1,"featured_media":0,"parent":30075,"menu_order":1,"comment_status":"closed","ping_status":"closed","template":"","meta":{"_acf_changed":false,"content-type":"","footnotes":""},"class_list":["post-38536","page","type-page","status-publish","hentry"],"acf":[],"yoast_head":"<!-- This site is optimized with the Yoast SEO plugin v27.4 - https:\/\/yoast.com\/product\/yoast-seo-wordpress\/ -->\n<title>Solicitud no solicitada | SHA Scheffler Helbich Architekten GmbH<\/title>\n<meta name=\"description\" content=\"\u00bfHa echado un vistazo a nuestras vacantes, pero lamentablemente no ha encontrado la adecuada para usted? Esperamos recibir su candidatura espont\u00e1nea.\" \/>\n<meta name=\"robots\" content=\"index, follow, max-snippet:-1, max-image-preview:large, max-video-preview:-1\" \/>\n<link rel=\"canonical\" href=\"https:\/\/sha.de\/es\/carrera-profesional\/solicitud-no-solicitada\" \/>\n<meta property=\"og:locale\" content=\"es_ES\" \/>\n<meta property=\"og:type\" content=\"article\" \/>\n<meta property=\"og:title\" content=\"Solicitud no solicitada | SHA Scheffler Helbich Architekten GmbH\" \/>\n<meta property=\"og:description\" content=\"\u00bfHa echado un vistazo a nuestras vacantes, pero lamentablemente no ha encontrado la adecuada para usted? Esperamos recibir su candidatura espont\u00e1nea.\" \/>\n<meta property=\"og:url\" content=\"https:\/\/sha.de\/es\/carrera-profesional\/solicitud-no-solicitada\" \/>\n<meta property=\"og:site_name\" content=\"SHA Scheffler Helbich Architekten GmbH\" \/>\n<meta property=\"article:modified_time\" content=\"2024-08-28T13:01:43+00:00\" \/>\n<meta name=\"twitter:card\" content=\"summary_large_image\" \/>\n<meta name=\"twitter:label1\" content=\"Tiempo de lectura\" \/>\n\t<meta name=\"twitter:data1\" content=\"5 minutos\" \/>\n<script type=\"application\/ld+json\" class=\"yoast-schema-graph\">{\"@context\":\"https:\\\/\\\/schema.org\",\"@graph\":[{\"@type\":\"WebPage\",\"@id\":\"https:\\\/\\\/sha.de\\\/es\\\/carrera-profesional\\\/solicitud-no-solicitada\",\"url\":\"https:\\\/\\\/sha.de\\\/es\\\/carrera-profesional\\\/solicitud-no-solicitada\",\"name\":\"Solicitud no solicitada | SHA Scheffler Helbich Architekten GmbH\",\"isPartOf\":{\"@id\":\"https:\\\/\\\/sha.de\\\/es#website\"},\"datePublished\":\"2019-11-11T13:48:39+00:00\",\"dateModified\":\"2024-08-28T13:01:43+00:00\",\"description\":\"\u00bfHa echado un vistazo a nuestras vacantes, pero lamentablemente no ha encontrado la adecuada para usted? Esperamos recibir su candidatura espont\u00e1nea.\",\"breadcrumb\":{\"@id\":\"https:\\\/\\\/sha.de\\\/es\\\/carrera-profesional\\\/solicitud-no-solicitada#breadcrumb\"},\"inLanguage\":\"es\",\"potentialAction\":[{\"@type\":\"ReadAction\",\"target\":[\"https:\\\/\\\/sha.de\\\/es\\\/carrera-profesional\\\/solicitud-no-solicitada\"]}]},{\"@type\":\"BreadcrumbList\",\"@id\":\"https:\\\/\\\/sha.de\\\/es\\\/carrera-profesional\\\/solicitud-no-solicitada#breadcrumb\",\"itemListElement\":[{\"@type\":\"ListItem\",\"position\":1,\"name\":\"Startseite\",\"item\":\"https:\\\/\\\/sha.de\\\/es\"},{\"@type\":\"ListItem\",\"position\":2,\"name\":\"Carrera profesional\",\"item\":\"https:\\\/\\\/sha.de\\\/es\\\/carrera-profesional\"},{\"@type\":\"ListItem\",\"position\":3,\"name\":\"Solicitud no solicitada\"}]},{\"@type\":\"WebSite\",\"@id\":\"https:\\\/\\\/sha.de\\\/es#website\",\"url\":\"https:\\\/\\\/sha.de\\\/es\",\"name\":\"SHA Scheffler Helbich Architekten GmbH\",\"description\":\"\",\"potentialAction\":[{\"@type\":\"SearchAction\",\"target\":{\"@type\":\"EntryPoint\",\"urlTemplate\":\"https:\\\/\\\/sha.de\\\/es?s={search_term_string}\"},\"query-input\":{\"@type\":\"PropertyValueSpecification\",\"valueRequired\":true,\"valueName\":\"search_term_string\"}}],\"inLanguage\":\"es\"}]}<\/script>\n<!-- \/ Yoast SEO plugin. -->","yoast_head_json":{"title":"Solicitud no solicitada | SHA Scheffler Helbich Architekten GmbH","description":"\u00bfHa echado un vistazo a nuestras vacantes, pero lamentablemente no ha encontrado la adecuada para usted? Esperamos recibir su candidatura espont\u00e1nea.","robots":{"index":"index","follow":"follow","max-snippet":"max-snippet:-1","max-image-preview":"max-image-preview:large","max-video-preview":"max-video-preview:-1"},"canonical":"https:\/\/sha.de\/es\/carrera-profesional\/solicitud-no-solicitada","og_locale":"es_ES","og_type":"article","og_title":"Solicitud no solicitada | SHA Scheffler Helbich Architekten GmbH","og_description":"\u00bfHa echado un vistazo a nuestras vacantes, pero lamentablemente no ha encontrado la adecuada para usted? Esperamos recibir su candidatura espont\u00e1nea.","og_url":"https:\/\/sha.de\/es\/carrera-profesional\/solicitud-no-solicitada","og_site_name":"SHA Scheffler Helbich Architekten GmbH","article_modified_time":"2024-08-28T13:01:43+00:00","twitter_card":"summary_large_image","twitter_misc":{"Tiempo de lectura":"5 minutos"},"schema":{"@context":"https:\/\/schema.org","@graph":[{"@type":"WebPage","@id":"https:\/\/sha.de\/es\/carrera-profesional\/solicitud-no-solicitada","url":"https:\/\/sha.de\/es\/carrera-profesional\/solicitud-no-solicitada","name":"Solicitud no solicitada | SHA Scheffler Helbich Architekten GmbH","isPartOf":{"@id":"https:\/\/sha.de\/es#website"},"datePublished":"2019-11-11T13:48:39+00:00","dateModified":"2024-08-28T13:01:43+00:00","description":"\u00bfHa echado un vistazo a nuestras vacantes, pero lamentablemente no ha encontrado la adecuada para usted? Esperamos recibir su candidatura espont\u00e1nea.","breadcrumb":{"@id":"https:\/\/sha.de\/es\/carrera-profesional\/solicitud-no-solicitada#breadcrumb"},"inLanguage":"es","potentialAction":[{"@type":"ReadAction","target":["https:\/\/sha.de\/es\/carrera-profesional\/solicitud-no-solicitada"]}]},{"@type":"BreadcrumbList","@id":"https:\/\/sha.de\/es\/carrera-profesional\/solicitud-no-solicitada#breadcrumb","itemListElement":[{"@type":"ListItem","position":1,"name":"Startseite","item":"https:\/\/sha.de\/es"},{"@type":"ListItem","position":2,"name":"Carrera profesional","item":"https:\/\/sha.de\/es\/carrera-profesional"},{"@type":"ListItem","position":3,"name":"Solicitud no solicitada"}]},{"@type":"WebSite","@id":"https:\/\/sha.de\/es#website","url":"https:\/\/sha.de\/es","name":"SHA Scheffler Helbich Architekten GmbH","description":"","potentialAction":[{"@type":"SearchAction","target":{"@type":"EntryPoint","urlTemplate":"https:\/\/sha.de\/es?s={search_term_string}"},"query-input":{"@type":"PropertyValueSpecification","valueRequired":true,"valueName":"search_term_string"}}],"inLanguage":"es"}]}},"_links":{"self":[{"href":"https:\/\/sha.de\/es\/wp-json\/wp\/v2\/pages\/38536","targetHints":{"allow":["GET"]}}],"collection":[{"href":"https:\/\/sha.de\/es\/wp-json\/wp\/v2\/pages"}],"about":[{"href":"https:\/\/sha.de\/es\/wp-json\/wp\/v2\/types\/page"}],"author":[{"embeddable":true,"href":"https:\/\/sha.de\/es\/wp-json\/wp\/v2\/users\/1"}],"replies":[{"embeddable":true,"href":"https:\/\/sha.de\/es\/wp-json\/wp\/v2\/comments?post=38536"}],"version-history":[{"count":10,"href":"https:\/\/sha.de\/es\/wp-json\/wp\/v2\/pages\/38536\/revisions"}],"predecessor-version":[{"id":38579,"href":"https:\/\/sha.de\/es\/wp-json\/wp\/v2\/pages\/38536\/revisions\/38579"}],"up":[{"embeddable":true,"href":"https:\/\/sha.de\/es\/wp-json\/wp\/v2\/pages\/30075"}],"wp:attachment":[{"href":"https:\/\/sha.de\/es\/wp-json\/wp\/v2\/media?parent=38536"}],"curies":[{"name":"wp","href":"https:\/\/api.w.org\/{rel}","templated":true}]}}