{"id":38609,"date":"2020-01-13T07:54:21","date_gmt":"2020-01-13T06:54:21","guid":{"rendered":"https:\/\/sha.de\/servicios\/asesoramiento"},"modified":"2024-08-28T15:01:49","modified_gmt":"2024-08-28T13:01:49","slug":"asesoramiento","status":"publish","type":"page","link":"https:\/\/sha.de\/es\/servicios\/asesoramiento","title":{"rendered":"Asesoramiento"},"content":{"rendered":"<div id='av_section_1' class='avia-section main_color pt-default pb-default avia-no-border-styling avia-bg-style-scroll  avia-builder-el-0  el_before_av_section  avia-builder-el-first   container_wrap fullsize' style=' '  ><div class='container' ><main  role=\"main\" itemprop=\"mainContentOfPage\"  class='template-page content  av-content-full alpha units'><div class='post-entry post-entry-type-page post-entry-38609'><div class='entry-content-wrapper clearfix'>\n\n\t\t\t<div id=\"av-k55bagx6\" class=\"headline-column flex_column av_one_full flex_column_div first \">\n\t\t\t\t<div class=\"headline-wrap is-outside align-left sub-bottom\">\n\t\t\t\t\t<h1 class=\"headline-content headline-primary\">Asesoramiento<\/h1>\n\t\t\t\t\t<h3 class=\"headline-content headline-secondary\">Su socio de la A a la Z<\/h3>\n\t\t\t\t<\/div>\n\t\t\t<\/div>\n<div class=\"flex_column av_two_third  flex_column_div av-zero-column-padding first bg-default  service img-left   avia-builder-el-2  el_after_pixel_sc_headline  el_before_av_one_third  w-1023-half \" style=\"background-image: url(https:\/\/sha.de\/wp-content\/uploads\/065-Moods-SHA-Dortmund-Juli-2021-web-2.jpg); background-position: center right; background-repeat: no-repeat; background-size: cover; \"><\/div><div class=\"flex_column av_one_third  flex_column_div av-zero-column-padding  bg-default border-bottom   img-left   avia-builder-el-3  el_after_av_two_third  avia-builder-el-last  w-1023-half \"><section  class='av_textblock_section av-k55baqys-76fd3ab987b8edeb983c11dbb0a25821 '   itemscope=\"itemscope\" itemtype=\"https:\/\/schema.org\/CreativeWork\" ><div class='avia_textblock'  itemprop=\"text\" ><h3>Consultor\u00eda antes del inicio del proyecto<\/h3>\n<p>La planificaci\u00f3n de un proyecto de construcci\u00f3n comienza mucho antes de que el arquitecto trace la primera l\u00ednea: Como especialistas de todo el proyecto, le asesoramos en todos los aspectos de la construcci\u00f3n. Le ayudamos a desarrollar las condiciones marco y las tareas mucho antes de que comience la planificaci\u00f3n. Junto con usted, sentamos las bases de un proyecto exitoso asesor\u00e1ndole en la fase inicial y sopesando las opciones b\u00e1sicas de desarrollo: \u00bfEs posible el nuevo uso en un edificio existente con o sin reconversi\u00f3n? \u00bfNecesita un edificio adicional o nuevo? \u00bfC\u00f3mo es la cuesti\u00f3n de un terreno adecuado y qu\u00e9 restricciones debidas a leyes, reglamentos y estatutos hay que respetar? \u00bfQu\u00e9 decisiones son relevantes para los costes o el tiempo de construcci\u00f3n?<\/p>\n<\/div><\/section><\/div>\n\n<\/div><\/div><\/main><!-- close content main element --><\/div><\/div><div id='av_section_2' class='avia-section main_color pt-default pb-default avia-no-border-styling avia-bg-style-scroll  avia-builder-el-5  el_after_av_section  el_before_av_section   container_wrap fullsize' style=' '  ><div class='container' ><div class='template-page content  av-content-full alpha units'><div class='post-entry post-entry-type-page post-entry-38609'><div class='entry-content-wrapper clearfix'>\n<div class=\"flex_column av_one_third  flex_column_div av-zero-column-padding first bg-default border-bottom   img-left   avia-builder-el-6  el_before_av_one_third  avia-builder-el-first  w-1023-half \"><section  class='av_textblock_section av-k55baqys-9-4c20cb2ab722c4c625da88e31e2a79a5 '   itemscope=\"itemscope\" itemtype=\"https:\/\/schema.org\/CreativeWork\" ><div class='avia_textblock'  itemprop=\"text\" ><h3>Evaluaci\u00f3n de las necesidades espec\u00edficas del sector<\/h3>\n<p>Construir rara vez es un fin en s\u00ed mismo. En la mayor\u00eda de los casos, la construcci\u00f3n es el resultado de la optimizaci\u00f3n del proceso. La atenci\u00f3n se centra siempre en la cuesti\u00f3n de qu\u00e9 medidas pueden apoyar o simplificar eficazmente los procesos empresariales relevantes de la empresa.  <\/p>\n<p>La comprensi\u00f3n de la cartera existente y el conocimiento de las oportunidades de desarrollo son dos factores clave para evaluar correctamente las necesidades de una empresa. Le asesoramos y le ayudamos a determinar sus necesidades con nuestra experiencia espec\u00edfica en el sector.<\/p>\n<\/div><\/section><\/div><div class=\"flex_column av_one_third  flex_column_div av-zero-column-padding  bg-default  fill img-left   avia-builder-el-8  el_after_av_one_third  el_before_av_one_third  w-1023-half \" style=\"background-image: url(https:\/\/sha.de\/wp-content\/uploads\/060-Moods-SHA-Dortmund-Juli-2021-706x368.jpg); background-position: center center; background-repeat: no-repeat; background-size: cover; \"><\/div><div class=\"flex_column av_one_third  flex_column_div av-zero-column-padding  bg-default  fill img-left   avia-builder-el-9  el_after_av_one_third  avia-builder-el-last  w-1023-full w-1023-ml-off w-1023-ctm \" style=\"background-image: url(https:\/\/sha.de\/wp-content\/uploads\/Stadteingang-blau-706x564.jpg); background-position: center center; background-repeat: no-repeat; background-size: cover; \"><\/div><\/div><\/div><\/div><!-- close content main div --><\/div><\/div><div id='av_section_3' class='avia-section main_color pt-default pb-default avia-no-border-styling avia-bg-style-scroll  avia-builder-el-10  el_after_av_section  el_before_av_section   container_wrap fullsize' style=' '  ><div class='container' ><div class='template-page content  av-content-full alpha units'><div class='post-entry post-entry-type-page post-entry-38609'><div class='entry-content-wrapper clearfix'>\n<div class=\"flex_column av_one_third  flex_column_div av-zero-column-padding first bg-default  fill img-left   avia-builder-el-11  el_before_av_one_third  avia-builder-el-first  w-1023-half \" style=\"background-image: url(https:\/\/sha.de\/wp-content\/uploads\/massstab_srgb-F\u00fcllfoto-706x564.jpg); background-position: center center; background-repeat: no-repeat; background-size: cover; \"><\/div><div class=\"flex_column av_one_third  flex_column_div av-zero-column-padding  bg-default border-bottom   img-left   avia-builder-el-12  el_after_av_one_third  el_before_av_one_third  w-1023-half \"><section  class='av_textblock_section av-k55baqys-6-2201cada4e51a6b2c48b894346007508 '   itemscope=\"itemscope\" itemtype=\"https:\/\/schema.org\/CreativeWork\" ><div class='avia_textblock'  itemprop=\"text\" ><h3>Programa de salas y funciones:<br \/>\nElaboraci\u00f3n de un organigrama<\/h3>\n<p>El motivo de un proyecto de construcci\u00f3n suele ser una necesaria reestructuraci\u00f3n espacial y una reorganizaci\u00f3n de las funciones existentes. Bas\u00e1ndonos en su pliego de condiciones y en nuestro an\u00e1lisis, desarrollamos para usted programas de habitaciones y funcionales coordinados que combinan las necesidades de los usuarios de forma econ\u00f3mica y arquitect\u00f3nica.  <\/p>\n<p>Llegados a este punto, ya podemos ofrecerle unas previsiones de costes iniciales y aproximadas basadas en las cifras de metros cuadrados disponibles.<\/p>\n<\/div><\/section><\/div><div class=\"flex_column av_one_third  flex_column_div av-zero-column-padding  bg-default border-bottom   img-left   avia-builder-el-14  el_after_av_one_third  avia-builder-el-last  w-1023-full w-1023-ctm \"><section  class='av_textblock_section av-k55baqys-1-5559a95b6f073edc9fbdf2054bce7627 '   itemscope=\"itemscope\" itemtype=\"https:\/\/schema.org\/CreativeWork\" ><div class='avia_textblock'  itemprop=\"text\" ><h3>An\u00e1lisis de la propiedad:<br \/>\nFactores de localizaci\u00f3n y el loci del genio<\/h3>\n<p>Elegir la ubicaci\u00f3n adecuada es uno de los factores de \u00e9xito m\u00e1s importantes desde el punto de vista log\u00edstico y econ\u00f3mico. En la mayor\u00eda de los casos, la disposici\u00f3n, la orientaci\u00f3n y la conexi\u00f3n de la propiedad son los factores externos que influyen en la estructura posterior del edificio. Ya es necesario comprobar si los procesos internos del edificio pueden situarse en la parcela. Al mismo tiempo, las condiciones existentes del suelo y las aguas subterr\u00e1neas deben tenerse en cuenta en una fase temprana para garantizar la seguridad de los costes y los plazos durante la fase de planificaci\u00f3n y realizaci\u00f3n. Le asesoramos y apoyamos en la b\u00fasqueda de un lugar adecuado.<\/p>\n<\/div><\/section><\/div>\n<\/p>\n<\/div><\/div><\/div><!-- close content main div --><\/div><\/div><div id='av_section_4' class='avia-section main_color pt-large pb-large avia-no-border-styling avia-bg-style-scroll  avia-builder-el-16  el_after_av_section  avia-builder-el-last   container_wrap fullsize' style=' '  ><div class='container' ><div class='template-page content  av-content-full alpha units'><div class='post-entry post-entry-type-page post-entry-38609'><div class='entry-content-wrapper clearfix'>\n\n\t\t\t<div id=\"av-k55bagx6-12\" class=\"headline-column flex_column av_one_full flex_column_div first \">\n\t\t\t\t<div class=\"headline-wrap is-outside align-center sub-bottom\">\n\t\t\t\t\t<h2 class=\"headline-content headline-primary\">Otros servicios de nuestra cartera<\/h2>\n\t\t\t\t\t<h3 class=\"headline-content headline-secondary\">Nuestra amplia gama de servicios<\/h3>\n\t\t\t\t<\/div>\n\t\t\t<\/div>\n<ul class=\"icon-row leistungen \">\n\t<li class=\"icon-row__entry beratung\">\n\t\t<a class=\"icon-row__entry-link\" href=\"https:\/\/sha.de\/leistungen\/beratung\">\n\t\t\t<div class=\"icon-row__entry-image\">\n\t\t\t\t<div class=\"entry-image-svg\"><\/div>\n\t\t\t\t<!-- <div class=\"entry-image-hover\"><\/div> -->\n\t\t\t<\/div>\n\t\t\t<div class=\"icon-row__entry-text\">Asesoramiento<\/div>\n\t\t<\/a>\n\t<\/li>\n\t<li class=\"icon-row__entry konzept\">\n\t\t<a class=\"icon-row__entry-link\" href=\"https:\/\/sha.de\/leistungen\/analyse-und-konzept\">\n\t\t\t<div class=\"icon-row__entry-image\">\n\t\t\t\t<div class=\"entry-image-svg\"><\/div>\n\t\t\t\t<!-- <div class=\"entry-image-hover\"><\/div> -->\n\t\t\t<\/div>\n\t\t\t<div class=\"icon-row__entry-text\">An\u00e1lise e conceito<\/div>\n\t\t<\/a>\n\t<\/li>\n\t<li class=\"icon-row__entry planung\">\n\t\t<a class=\"icon-row__entry-link\" href=\"https:\/\/sha.de\/leistungen\/planung-und-koordination\">\n\t\t\t<div class=\"icon-row__entry-image\">\n\t\t\t\t<div class=\"entry-image-svg\"><\/div>\n\t\t\t\t<!-- <div class=\"entry-image-hover\"><\/div> -->\n\t\t\t<\/div>\n\t\t\t<div class=\"icon-row__entry-text\">Planeamento e coordena\u00e7\u00e3o<\/div>\n\t\t<\/a>\n\t<\/li>\n\t<li class=\"icon-row__entry realisierung\">\n\t\t<a class=\"icon-row__entry-link\" href=\"https:\/\/sha.de\/leistungen\/realisierung\">\n\t\t\t<div class=\"icon-row__entry-image\">\n\t\t\t\t<div class=\"entry-image-svg\"><\/div>\n\t\t\t\t<!-- <div class=\"entry-image-hover\"><\/div> -->\n\t\t\t<\/div>\n\t\t\t<div class=\"icon-row__entry-text\">Realizaci\u00f3n<\/div>\n\t\t<\/a>\n\t<\/li>\n\t<li class=\"icon-row__entry nachbetreuung\">\n\t\t<a class=\"icon-row__entry-link\" href=\"https:\/\/sha.de\/leistungen\/nachbetreuung\">\n\t\t\t<div class=\"icon-row__entry-image\">\n\t\t\t\t<div class=\"entry-image-svg\"><\/div>\n\t\t\t\t<!-- <div class=\"entry-image-hover\"><\/div> -->\n\t\t\t<\/div>\n\t\t\t<div class=\"icon-row__entry-text\">Cuidado posterior<\/div>\n\t\t<\/a>\n\t<\/li>\n<\/ul>\n\n\n","protected":false},"excerpt":{"rendered":"","protected":false},"author":1,"featured_media":0,"parent":30201,"menu_order":1,"comment_status":"closed","ping_status":"closed","template":"","meta":{"_acf_changed":false,"content-type":"","footnotes":""},"class_list":["post-38609","page","type-page","status-publish","hentry"],"acf":[],"yoast_head":"<!-- This site is optimized with the Yoast SEO plugin v27.4 - https:\/\/yoast.com\/product\/yoast-seo-wordpress\/ -->\n<title>Consultor\u00eda integral de arquitectura | SHA Architekten<\/title>\n<meta name=\"description\" content=\"Desde el inicio del proyecto hasta la asistencia posterior: SHA ofrece determinaci\u00f3n espec\u00edfica para el sector, programa espacial detallado y an\u00e1lisis precisos de las propiedades \u27a7 P\u00f3ngase en contacto con nosotros ahora\" \/>\n<meta name=\"robots\" content=\"index, follow, max-snippet:-1, max-image-preview:large, max-video-preview:-1\" \/>\n<link rel=\"canonical\" href=\"https:\/\/sha.de\/es\/servicios\/asesoramiento\" \/>\n<meta property=\"og:locale\" content=\"es_ES\" \/>\n<meta property=\"og:type\" content=\"article\" \/>\n<meta property=\"og:title\" content=\"Consultor\u00eda integral de arquitectura | SHA Architekten\" \/>\n<meta property=\"og:description\" content=\"Desde el inicio del proyecto hasta la asistencia posterior: SHA ofrece determinaci\u00f3n espec\u00edfica para el sector, programa espacial detallado y an\u00e1lisis precisos de las propiedades \u27a7 P\u00f3ngase en contacto con nosotros ahora\" \/>\n<meta property=\"og:url\" content=\"https:\/\/sha.de\/es\/servicios\/asesoramiento\" \/>\n<meta property=\"og:site_name\" content=\"SHA Scheffler Helbich Architekten GmbH\" \/>\n<meta property=\"article:modified_time\" content=\"2024-08-28T13:01:49+00:00\" \/>\n<meta name=\"twitter:card\" content=\"summary_large_image\" \/>\n<meta name=\"twitter:label1\" content=\"Tiempo de lectura\" \/>\n\t<meta name=\"twitter:data1\" content=\"11 minutos\" \/>\n<script type=\"application\/ld+json\" class=\"yoast-schema-graph\">{\"@context\":\"https:\\\/\\\/schema.org\",\"@graph\":[{\"@type\":\"WebPage\",\"@id\":\"https:\\\/\\\/sha.de\\\/es\\\/servicios\\\/asesoramiento\",\"url\":\"https:\\\/\\\/sha.de\\\/es\\\/servicios\\\/asesoramiento\",\"name\":\"Consultor\u00eda integral de arquitectura | SHA Architekten\",\"isPartOf\":{\"@id\":\"https:\\\/\\\/sha.de\\\/es#website\"},\"datePublished\":\"2020-01-13T06:54:21+00:00\",\"dateModified\":\"2024-08-28T13:01:49+00:00\",\"description\":\"Desde el inicio del proyecto hasta la asistencia posterior: SHA ofrece determinaci\u00f3n espec\u00edfica para el sector, programa espacial detallado y an\u00e1lisis precisos de las propiedades \u27a7 P\u00f3ngase en contacto con nosotros ahora\",\"breadcrumb\":{\"@id\":\"https:\\\/\\\/sha.de\\\/es\\\/servicios\\\/asesoramiento#breadcrumb\"},\"inLanguage\":\"es\",\"potentialAction\":[{\"@type\":\"ReadAction\",\"target\":[\"https:\\\/\\\/sha.de\\\/es\\\/servicios\\\/asesoramiento\"]}]},{\"@type\":\"BreadcrumbList\",\"@id\":\"https:\\\/\\\/sha.de\\\/es\\\/servicios\\\/asesoramiento#breadcrumb\",\"itemListElement\":[{\"@type\":\"ListItem\",\"position\":1,\"name\":\"Startseite\",\"item\":\"https:\\\/\\\/sha.de\\\/es\"},{\"@type\":\"ListItem\",\"position\":2,\"name\":\"Servicios\",\"item\":\"https:\\\/\\\/sha.de\\\/es\\\/servicios\"},{\"@type\":\"ListItem\",\"position\":3,\"name\":\"Asesoramiento\"}]},{\"@type\":\"WebSite\",\"@id\":\"https:\\\/\\\/sha.de\\\/es#website\",\"url\":\"https:\\\/\\\/sha.de\\\/es\",\"name\":\"SHA Scheffler Helbich Architekten GmbH\",\"description\":\"\",\"potentialAction\":[{\"@type\":\"SearchAction\",\"target\":{\"@type\":\"EntryPoint\",\"urlTemplate\":\"https:\\\/\\\/sha.de\\\/es?s={search_term_string}\"},\"query-input\":{\"@type\":\"PropertyValueSpecification\",\"valueRequired\":true,\"valueName\":\"search_term_string\"}}],\"inLanguage\":\"es\"}]}<\/script>\n<!-- \/ Yoast SEO plugin. -->","yoast_head_json":{"title":"Consultor\u00eda integral de arquitectura | SHA Architekten","description":"Desde el inicio del proyecto hasta la asistencia posterior: SHA ofrece determinaci\u00f3n espec\u00edfica para el sector, programa espacial detallado y an\u00e1lisis precisos de las propiedades \u27a7 P\u00f3ngase en contacto con nosotros ahora","robots":{"index":"index","follow":"follow","max-snippet":"max-snippet:-1","max-image-preview":"max-image-preview:large","max-video-preview":"max-video-preview:-1"},"canonical":"https:\/\/sha.de\/es\/servicios\/asesoramiento","og_locale":"es_ES","og_type":"article","og_title":"Consultor\u00eda integral de arquitectura | SHA Architekten","og_description":"Desde el inicio del proyecto hasta la asistencia posterior: SHA ofrece determinaci\u00f3n espec\u00edfica para el sector, programa espacial detallado y an\u00e1lisis precisos de las propiedades \u27a7 P\u00f3ngase en contacto con nosotros ahora","og_url":"https:\/\/sha.de\/es\/servicios\/asesoramiento","og_site_name":"SHA Scheffler Helbich Architekten GmbH","article_modified_time":"2024-08-28T13:01:49+00:00","twitter_card":"summary_large_image","twitter_misc":{"Tiempo de lectura":"11 minutos"},"schema":{"@context":"https:\/\/schema.org","@graph":[{"@type":"WebPage","@id":"https:\/\/sha.de\/es\/servicios\/asesoramiento","url":"https:\/\/sha.de\/es\/servicios\/asesoramiento","name":"Consultor\u00eda integral de arquitectura | SHA Architekten","isPartOf":{"@id":"https:\/\/sha.de\/es#website"},"datePublished":"2020-01-13T06:54:21+00:00","dateModified":"2024-08-28T13:01:49+00:00","description":"Desde el inicio del proyecto hasta la asistencia posterior: SHA ofrece determinaci\u00f3n espec\u00edfica para el sector, programa espacial detallado y an\u00e1lisis precisos de las propiedades \u27a7 P\u00f3ngase en contacto con nosotros ahora","breadcrumb":{"@id":"https:\/\/sha.de\/es\/servicios\/asesoramiento#breadcrumb"},"inLanguage":"es","potentialAction":[{"@type":"ReadAction","target":["https:\/\/sha.de\/es\/servicios\/asesoramiento"]}]},{"@type":"BreadcrumbList","@id":"https:\/\/sha.de\/es\/servicios\/asesoramiento#breadcrumb","itemListElement":[{"@type":"ListItem","position":1,"name":"Startseite","item":"https:\/\/sha.de\/es"},{"@type":"ListItem","position":2,"name":"Servicios","item":"https:\/\/sha.de\/es\/servicios"},{"@type":"ListItem","position":3,"name":"Asesoramiento"}]},{"@type":"WebSite","@id":"https:\/\/sha.de\/es#website","url":"https:\/\/sha.de\/es","name":"SHA Scheffler Helbich Architekten GmbH","description":"","potentialAction":[{"@type":"SearchAction","target":{"@type":"EntryPoint","urlTemplate":"https:\/\/sha.de\/es?s={search_term_string}"},"query-input":{"@type":"PropertyValueSpecification","valueRequired":true,"valueName":"search_term_string"}}],"inLanguage":"es"}]}},"_links":{"self":[{"href":"https:\/\/sha.de\/es\/wp-json\/wp\/v2\/pages\/38609","targetHints":{"allow":["GET"]}}],"collection":[{"href":"https:\/\/sha.de\/es\/wp-json\/wp\/v2\/pages"}],"about":[{"href":"https:\/\/sha.de\/es\/wp-json\/wp\/v2\/types\/page"}],"author":[{"embeddable":true,"href":"https:\/\/sha.de\/es\/wp-json\/wp\/v2\/users\/1"}],"replies":[{"embeddable":true,"href":"https:\/\/sha.de\/es\/wp-json\/wp\/v2\/comments?post=38609"}],"version-history":[{"count":1,"href":"https:\/\/sha.de\/es\/wp-json\/wp\/v2\/pages\/38609\/revisions"}],"predecessor-version":[{"id":38614,"href":"https:\/\/sha.de\/es\/wp-json\/wp\/v2\/pages\/38609\/revisions\/38614"}],"up":[{"embeddable":true,"href":"https:\/\/sha.de\/es\/wp-json\/wp\/v2\/pages\/30201"}],"wp:attachment":[{"href":"https:\/\/sha.de\/es\/wp-json\/wp\/v2\/media?parent=38609"}],"curies":[{"name":"wp","href":"https:\/\/api.w.org\/{rel}","templated":true}]}}