{"id":38615,"date":"2020-01-15T14:15:52","date_gmt":"2020-01-15T13:15:52","guid":{"rendered":"https:\/\/sha.de\/nuestra-oficina\/sha-antes-y-ahora"},"modified":"2026-01-23T10:26:52","modified_gmt":"2026-01-23T09:26:52","slug":"sha-antes-y-ahora","status":"publish","type":"page","link":"https:\/\/sha.de\/es\/nuestra-oficina\/sha-antes-y-ahora","title":{"rendered":"SHA antes y ahora"},"content":{"rendered":"<div id='av_section_1' class='avia-section main_color pt-default pb-large avia-no-border-styling avia-bg-style-scroll  avia-builder-el-0  el_before_av_section  avia-builder-el-first   container_wrap fullsize' style=' '  ><div class='container' ><main  role=\"main\" itemprop=\"mainContentOfPage\"  class='template-page content  av-content-full alpha units'><div class='post-entry post-entry-type-page post-entry-38615'><div class='entry-content-wrapper clearfix'>\n<div class=\"flex_column av_one_full  flex_column_div av-zero-column-padding first       avia-builder-el-1  avia-builder-el-no-sibling  \"><p>\n\t\t\t<div id=\"av-k35rc5fq\" class=\"headline-column flex_column av_one_full flex_column_div first \">\n\t\t\t\t<div class=\"headline-wrap is-outside align-center sub-bottom\">\n\t\t\t\t\t<h1 class=\"headline-content headline-primary\">SHA ayer y hoy<\/h1>\n\t\t\t\t\t<h3 class=\"headline-content headline-secondary\">Un estudio de arquitectura con historia<\/h3>\n\t\t\t\t<\/div>\n\t\t\t<\/div><br \/>\n<section  class='av_textblock_section av-k35rco19-37913d5f5a385e5ff345d216d320dccf '   itemscope=\"itemscope\" itemtype=\"https:\/\/schema.org\/CreativeWork\" ><div class='avia_textblock'  itemprop=\"text\" ><p style=\"text-align: center; max-width: 1200px; margin: 0 auto;\">SHA est\u00e1 en casa en Dortmund &#8211; y lo ha estado durante m\u00e1s de 90 a\u00f1os.<br \/>\nLos cimientos de nuestro trabajo actual se sentaron en el coraz\u00f3n de la regi\u00f3n del Ruhr en la d\u00e9cada de 1920.<br \/>\nAqu\u00ed encontrar\u00e1 m\u00e1s informaci\u00f3n sobre la historia y la especializaci\u00f3n de la oficina, que lleva d\u00e9cadas realizando proyectos de construcci\u00f3n en toda Alemania.<\/p>\n<\/div><\/section><\/p><\/div>\n\n<\/div><\/div><\/main><!-- close content main element --><\/div><\/div><div id='av_section_2' class='avia-section main_color pt-default pb-default avia-no-border-styling avia-bg-style-scroll  avia-builder-el-4  el_after_av_section  el_before_av_section  historie  container_wrap fullsize' style=' '  ><div class='container' ><div class='template-page content  av-content-full alpha units'><div class='post-entry post-entry-type-page post-entry-38615'><div class='entry-content-wrapper clearfix'>\n\n\t\t\t<div id=\"av-k5fbrozt\" class=\"headline-column flex_column av_one_full flex_column_div first \">\n\t\t\t\t<div class=\"headline-wrap is-outside align-center sub-bottom\">\n\t\t\t\t\t<h2 class=\"headline-content headline-primary\">1928 - 1962<\/h2>\n\t\t\t\t\t\n\t\t\t\t<\/div>\n\t\t\t<\/div>\n<div class=\"flex_column av_one_third  flex_column_div av-zero-column-padding first bg-grey   img-left   avia-builder-el-6  el_after_pixel_sc_headline  el_before_av_two_third  w-1023-full \"><section  class='av_textblock_section av-k5fbt24x-da9d10d99f3bdf0db45eb4a5a8b90f79 '   itemscope=\"itemscope\" itemtype=\"https:\/\/schema.org\/CreativeWork\" ><div class='avia_textblock'  itemprop=\"text\" ><h3>Una mirada al pasado: Gr\u00fcnderzeit<\/h3>\n<p>Corr\u00eda el a\u00f1o 1928 cuando G. F. Schumm puso la primera piedra de nuestro estudio de arquitectura de Dortmund, en la Kaiserstrasse, en pleno centro de la ciudad. En aquella \u00e9poca, la atenci\u00f3n se centraba principalmente en la construcci\u00f3n de restaurantes. Un art\u00edculo publicado en 1939 en el n\u00famero 3 de Baumeister, que se distribuy\u00f3 por toda Alemania, ilustra su trabajo:<\/p>\n<\/div><\/section><\/div><div class=\"flex_column av_two_third  flex_column_div av-zero-column-padding  bg-default  fill img-left   avia-builder-el-8  el_after_av_one_third  el_before_av_one_third  w-1023-full w-1023-ctm \" style=\"background-image: url(https:\/\/sha.de\/wp-content\/uploads\/historie_baumeister.jpg); background-position: bottom left; background-repeat: no-repeat; background-size: cover; \"><\/div><div class=\"flex_column av_one_third  flex_column_div av-zero-column-padding first bg-default   img-left icon-left  avia-builder-el-9  el_after_av_two_third  el_before_av_one_third  column-top-margin\"><section  class='av_textblock_section av-k5fbt24x-da9d10d99f3bdf0db45eb4a5a8b90f79 '   itemscope=\"itemscope\" itemtype=\"https:\/\/schema.org\/CreativeWork\" ><div class='avia_textblock'  itemprop=\"text\" ><p>[&#8230;] Mostramos ahora un restaurante de Dortmund, reci\u00e9n amueblado por el arquitecto Schumm, que consta principalmente de un gran comedor con un bar de cerveza, el llamado Schwemme, y un sal\u00f3n de granja.<br \/>\nLa relativa falta de espacio se compensa con el digno mobiliario.<br \/>\nEl suelo es de baldosas de mosaico gris-negro, las paredes y los techos est\u00e1n enlucidos y ligeramente tintados.<br \/>\nLos nichos est\u00e1n te\u00f1idos de gris azulado y marr\u00f3n rojizo.<br \/>\nLa madera utilizada es de pino te\u00f1ido de marr\u00f3n-gris.<br \/>\nLas sillas y las mesas son de haya te\u00f1ida de marr\u00f3n-gris con tableros de arce cepillado.<br \/>\nPara el acristalamiento se utiliza cristal antiguo tintado y ligeramente coloreado.<\/p>\n<\/div><\/section><\/div><div class=\"flex_column av_one_third  flex_column_div av-zero-column-padding  bg-default   img-left icon-left  avia-builder-el-11  el_after_av_one_third  el_before_av_one_third  column-top-margin\"><section  class='av_textblock_section av-k5fbt24x-da9d10d99f3bdf0db45eb4a5a8b90f79 '   itemscope=\"itemscope\" itemtype=\"https:\/\/schema.org\/CreativeWork\" ><div class='avia_textblock'  itemprop=\"text\" ><p>Los murales representan acontecimientos hist\u00f3ricos de la ciudad de R\u00fcthen, que da nombre a este Ratskeller.<\/p>\n<p>El mostrador est\u00e1 revestido con baldosas de arcilla del Westerwald, moldeadas y pintadas a mano, de color azul gris\u00e1ceo. El revestimiento de ladrillo clinker de las columnas y los muros es del mismo color, animado por engobes de ladrillo rojo. Las luminarias y el perchero son de hierro forjado negro quemado. El \u00abSchwemme\u00bb se mantiene algo m\u00e1s sencillo: Suelo de baldosas de Solnhofen, paredes y techos de yeso de fieltro claro, revestimiento de paredes de baldosas de clinker rojo.<\/p>\n<\/div><\/section><\/div><div class=\"flex_column av_one_third  flex_column_div av-zero-column-padding  bg-default   img-left icon-left  avia-builder-el-13  el_after_av_one_third  avia-builder-el-last  column-top-margin\"><section  class='av_textblock_section av-k5fbt24x-da9d10d99f3bdf0db45eb4a5a8b90f79 '   itemscope=\"itemscope\" itemtype=\"https:\/\/schema.org\/CreativeWork\" ><div class='avia_textblock'  itemprop=\"text\" ><p>La \u00abBauernstube\u00bb tiene un suelo de madera de canter\u00eda negra y roja. Las paredes est\u00e1n revocadas, ligeramente tintadas. La carpinter\u00eda es de alerce, ligeramente te\u00f1ido y pintado, y de pino te\u00f1ido de marr\u00f3n-gris. Los barriles de cerveza habilitados como mesas para beber en la \u00abSchwemme\u00bb son acogedores y acogedores.<\/p>\n<p>Las luminarias tienen un dise\u00f1o muy variado e imaginativo, siempre en consonancia con la necesidad de mantener las l\u00e1mparas lo m\u00e1s planas posible en las estancias relativamente bajas. [&#8230;]<\/p>\n<p><em>de: Baumeister n\u00famero 3\/1939<\/em><\/p>\n<\/div><\/section><\/div>\n\n<\/div><\/div><\/div><!-- close content main div --><\/div><\/div><div id='av_section_3' class='avia-section main_color pt-default pb-default avia-no-border-styling avia-bg-style-scroll  avia-builder-el-15  el_after_av_section  el_before_av_section  historie  container_wrap fullsize' style=' '  ><div class='container' ><div class='template-page content  av-content-full alpha units'><div class='post-entry post-entry-type-page post-entry-38615'><div class='entry-content-wrapper clearfix'>\n\n\t\t\t<div id=\"av-k5fbrozt\" class=\"headline-column flex_column av_one_full flex_column_div first \">\n\t\t\t\t<div class=\"headline-wrap is-outside align-center sub-bottom\">\n\t\t\t\t\t<h2 class=\"headline-content headline-primary\">1962 - 2012 <\/h2>\n\t\t\t\t\t\n\t\t\t\t<\/div>\n\t\t\t<\/div>\n<div class=\"flex_column av_one_third  flex_column_div av-zero-column-padding first bg-default  fill img-left   avia-builder-el-17  el_after_pixel_sc_headline  el_before_av_one_third  w-1023-full \" style=\"background-image: url(https:\/\/sha.de\/wp-content\/uploads\/historie_zweitegen.jpg); background-position: center left; background-repeat: no-repeat; background-size: cover; \"><\/div><div class=\"flex_column av_one_third  flex_column_div av-zero-column-padding  bg-grey connected  img-left   avia-builder-el-18  el_after_av_one_third  el_before_av_one_third  w-1023-half w-1023-ml-off w-1023-ctm \"><section  class='av_textblock_section av-k5fbt24x-46404e52e29a61b536be39665e1aed88 '   itemscope=\"itemscope\" itemtype=\"https:\/\/schema.org\/CreativeWork\" ><div class='avia_textblock'  itemprop=\"text\" ><h3>Segunda generaci\u00f3n: Alois Scheffler<\/h3>\n<p>En 1962, la familia Scheffler entr\u00f3 en escena: el estudio de arquitectura de G.F. Schumm llevaba ya 34 a\u00f1os de existencia cuando el arquitecto diplomado Alois Scheffler se hizo cargo de \u00e9l. Anteriormente hab\u00eda trabajado para Schumm.<\/p>\n<p>El propio Schumm regres\u00f3 al sur de Alemania, cerca de Heidelberg, donde ten\u00eda sus ra\u00edces. Alois Scheffler sigui\u00f3 dirigiendo la oficina de Nu\u00dfbaumweg, en Dortmund-Wambel, como maestro de obras entusiasta del sector de la restauraci\u00f3n.<\/p>\n<\/div><\/section><\/div><div class=\"flex_column av_one_third  flex_column_div av-zero-column-padding  bg-grey   img-left   avia-builder-el-20  el_after_av_one_third  avia-builder-el-last  w-1023-half w-1023-ctm \"><section  class='av_textblock_section av-k5fbt24x-da9d10d99f3bdf0db45eb4a5a8b90f79 '   itemscope=\"itemscope\" itemtype=\"https:\/\/schema.org\/CreativeWork\" ><div class='avia_textblock'  itemprop=\"text\" ><p>En los a\u00f1os del milagro econ\u00f3mico, proyect\u00f3 y realiz\u00f3 numerosos apartamentos y casas plurifamiliares. Incluso a la madura edad de 97 a\u00f1os (\u00a1!), el ac\u00e9rrimo borussiano nunca perd\u00eda la oportunidad de pasarse por la oficina una vez a la semana. Sin embargo, ya hab\u00eda cedido las riendas a su hijo Peter Scheffler en 1977.<\/p>\n<p>Alois Scheffler, nacido en 1915 en Konitz, Prusia Occidental, falleci\u00f3 en Dortmund en 2014.<\/p>\n<\/div><\/section><\/div>\n\n<\/div><\/div><\/div><!-- close content main div --><\/div><\/div><div id='av_section_4' class='avia-section main_color pt-default pb-default avia-no-border-styling avia-bg-style-scroll  avia-builder-el-22  el_after_av_section  el_before_av_section  historie  container_wrap fullsize' style=' '  ><div class='container' ><div class='template-page content  av-content-full alpha units'><div class='post-entry post-entry-type-page post-entry-38615'><div class='entry-content-wrapper clearfix'>\n\n\t\t\t<div id=\"av-k5fbrozt\" class=\"headline-column flex_column av_one_full flex_column_div first \">\n\t\t\t\t<div class=\"headline-wrap is-outside align-center sub-bottom\">\n\t\t\t\t\t<h2 class=\"headline-content headline-primary\">1977 - 2016 <\/h2>\n\t\t\t\t\t\n\t\t\t\t<\/div>\n\t\t\t<\/div>\n<div class=\"flex_column av_one_third  flex_column_div av-zero-column-padding first bg-default   img-left   avia-builder-el-24  el_after_pixel_sc_headline  el_before_av_one_third  w-1023-half w-1023-ml-off \"><section  class='av_textblock_section av-k5fbt24x-da9d10d99f3bdf0db45eb4a5a8b90f79 '   itemscope=\"itemscope\" itemtype=\"https:\/\/schema.org\/CreativeWork\" ><div class='avia_textblock'  itemprop=\"text\" ><h3>Tercera generaci\u00f3n: Peter Scheffler<\/h3>\n<p>Peter Scheffler siempre vio los proyectos en su contexto m\u00e1s amplio. Tras incorporarse a la empresa en 1972, convirti\u00f3 el estudio de arquitectura independiente de su padre en una empresa, que transform\u00f3 en Scheffler Bauplan GmbH en 1997. Con su pasi\u00f3n y disfrute de su profesi\u00f3n, su excepcional lealtad al cliente y su orientaci\u00f3n al servicio, ha sentado las bases del \u00e9xito actual de SHA. Al mismo tiempo, aline\u00f3 estrat\u00e9gicamente la oficina y se centr\u00f3 principalmente en el comercio de materiales de construcci\u00f3n, el comercio de bicicletas y la construcci\u00f3n comercial.<\/p>\n<\/div><\/section><\/div><div class=\"flex_column av_one_third  flex_column_div av-zero-column-padding  bg-default   img-left   avia-builder-el-26  el_after_av_one_third  el_before_av_one_third  w-1023-half \"><section  class='av_textblock_section av-k5fbt24x-da9d10d99f3bdf0db45eb4a5a8b90f79 '   itemscope=\"itemscope\" itemtype=\"https:\/\/schema.org\/CreativeWork\" ><div class='avia_textblock'  itemprop=\"text\" ><p>Como resultado, la empresa ha acumulado una gran experiencia que a\u00fan hoy nos resulta \u00fatil en nuestro trabajo diario. Peter Scheffler y su equipo tambi\u00e9n dieron el paso m\u00e1s all\u00e1 de Dortmund y la regi\u00f3n del Ruhr y realizaron innumerables proyectos en toda Alemania a partir de la d\u00e9cada de 1970.<\/p>\n<p>Nacido en Waltershausen en 1944, Peter Scheffler falleci\u00f3 en Dortmund en 2016. Continuaremos nuestras actividades en su esp\u00edritu.<\/p>\n<\/div><\/section><\/div><div class=\"flex_column av_one_third  flex_column_div av-zero-column-padding  bg-default  fill img-left   avia-builder-el-28  el_after_av_one_third  avia-builder-el-last  w-1023-full w-1023-ctm \" style=\"background-image: url(https:\/\/sha.de\/wp-content\/uploads\/historie_drittegen.jpg); background-position: top center; background-repeat: no-repeat; background-size: cover; \"><\/div>\n\n<\/div><\/div><\/div><!-- close content main div --><\/div><\/div><div id='av_section_5' class='avia-section main_color pt-default pb-default avia-no-border-styling avia-bg-style-scroll  avia-builder-el-29  el_after_av_section  avia-builder-el-last  historie  container_wrap fullsize' style=' '  ><div class='container' ><div class='template-page content  av-content-full alpha units'><div class='post-entry post-entry-type-page post-entry-38615'><div class='entry-content-wrapper clearfix'>\n\n\t\t\t<div id=\"av-k5fbrozt\" class=\"headline-column flex_column av_one_full flex_column_div first \">\n\t\t\t\t<div class=\"headline-wrap is-outside align-center sub-bottom\">\n\t\t\t\t\t<h2 class=\"headline-content headline-primary\">Desde 2003 hasta hoy<\/h2>\n\t\t\t\t\t\n\t\t\t\t<\/div>\n\t\t\t<\/div>\n<div class=\"flex_column av_one_third  flex_column_div av-zero-column-padding first bg-default  fill img-left   avia-builder-el-31  el_after_pixel_sc_headline  el_before_av_one_third  helbichs-image w-1023-full \" style=\"background-image: url(https:\/\/sha.de\/wp-content\/uploads\/017-Helbich-Portrait-SHA-Dortmund-Juni-2020-1592x600.jpg); background-position: center center; background-repeat: no-repeat; background-size: cover; \"><\/div><div class=\"flex_column av_one_third  flex_column_div av-zero-column-padding  bg-grey connected  img-left   avia-builder-el-32  el_after_av_one_third  el_before_av_one_third  w-1023-half w-1023-ctm w-1023-ml-off \"><section  class='av_textblock_section av-k5fbt24x-da9d10d99f3bdf0db45eb4a5a8b90f79 '   itemscope=\"itemscope\" itemtype=\"https:\/\/schema.org\/CreativeWork\" ><div class='avia_textblock'  itemprop=\"text\" ><h3>Cuarta generaci\u00f3n: Birgit y Christoph Helbich<\/h3>\n<p>SHA se encuentra ahora en su cuarta generaci\u00f3n. Christoph Helbich se uni\u00f3 a la empresa en 2003 y Birgit Helbich se incorpor\u00f3 a la oficina de su padre en 2005. Ambos tienen una enorme experiencia en proyectos a gran escala y en la construcci\u00f3n de instalaciones deportivas gracias a sus actividades anteriores. En 2005, Scheffler Bauplan GmbH pas\u00f3 a denominarse Scheffler Helbich Architekten GmbH. Desde entonces, SHA ha ampliado sucesivamente sus \u00e1reas de especializaci\u00f3n. Hoy en d\u00eda, la oficina est\u00e1 especializada en el comercio de materiales de construcci\u00f3n, el comercio de bicicletas, las instalaciones deportivas, la construcci\u00f3n comercial, la administraci\u00f3n, la vivienda y el desarrollo urbano.<\/p>\n<\/div><\/section><\/div><div class=\"flex_column av_one_third  flex_column_div av-zero-column-padding  bg-grey   img-left   avia-builder-el-34  el_after_av_one_third  el_before_av_two_third  w-1023-half w-1023-ctm \"><section  class='av_textblock_section av-k5fbt24x-6c03a7405e930d74167b80b2dac35298 '   itemscope=\"itemscope\" itemtype=\"https:\/\/schema.org\/CreativeWork\" ><div class='avia_textblock'  itemprop=\"text\" ><p>No s\u00f3lo el n\u00famero de proyectos, sino tambi\u00e9n el equipo de SHA ha crecido significativamente en los \u00faltimos a\u00f1os.<\/p>\n<p>La empresa est\u00e1 dirigida actualmente en su cuarta generaci\u00f3n por Birgit y Christoph Helbich, junto con Jens Beele como segundo director general y los apoderados Volker Kaminsky y Marc Horstmeier en Dortmund. La sede de Berl\u00edn est\u00e1 dirigida por Jana Hirschh\u00e4user y Oliver Blumschein.<\/p>\n<p>Todos ellos llevan muchos a\u00f1os trabajando para SHA y gozan de la plena confianza de nuestros empleados y clientes.<\/p>\n<\/div><\/section><\/div><div class=\"flex_column av_two_third  flex_column_div av-zero-column-padding first bg-default  fill img-left   avia-builder-el-36  el_after_av_one_third  el_before_av_one_third  column-top-margin\" style=\"background-image: url(https:\/\/sha.de\/wp-content\/uploads\/sha_phoenixwerk_damals_heute.jpg); background-position: center center; background-repeat: no-repeat; background-size: cover; \"><\/div><div class=\"flex_column av_one_third  flex_column_div av-zero-column-padding  bg-default   img-left icon-left  avia-builder-el-37  el_after_av_two_third  avia-builder-el-last  column-top-margin\"><section  class='av_textblock_section av-k5fbt24x-46404e52e29a61b536be39665e1aed88 '   itemscope=\"itemscope\" itemtype=\"https:\/\/schema.org\/CreativeWork\" ><div class='avia_textblock'  itemprop=\"text\" ><p>Desde 2019, tambi\u00e9n estamos presentes en la capital y hemos abierto una oficina en Berl\u00edn para ampliar nuestra sede principal en Dortmund, con el fin de ser a\u00fan m\u00e1s flexibles en la planificaci\u00f3n y realizaci\u00f3n de nuestros proyectos de construcci\u00f3n en toda Alemania.<\/p>\n<p>Otro hito en la historia de la empresa es la construcci\u00f3n del PhoenixWERK, que sirve de sede desde abril de 2020 y en el que se han fusionado las dos sedes anteriores de SHA en Dortmund, Aplerbeck y Schokoladenfabrik.<\/p>\n<p>Con la tradici\u00f3n hacia el futuro: \u00e9sa es la m\u00e1xima seg\u00fan la cual continuamos la historia del CSA desde aqu\u00ed.<\/p>\n<\/div><\/section><\/div>\n","protected":false},"excerpt":{"rendered":"","protected":false},"author":1,"featured_media":0,"parent":30203,"menu_order":1,"comment_status":"closed","ping_status":"closed","template":"","meta":{"_acf_changed":false,"content-type":"","footnotes":""},"class_list":["post-38615","page","type-page","status-publish","hentry"],"acf":[],"yoast_head":"<!-- This site is optimized with the Yoast SEO plugin v27.4 - https:\/\/yoast.com\/product\/yoast-seo-wordpress\/ -->\n<title>SHA antes y ahora | SHA Scheffler Helbich Architekten GmbH<\/title>\n<meta name=\"description\" content=\"SHA Architekten como estudio de arquitectura de Dortmund con historia. M\u00e1s de 90 a\u00f1os de experiencia \u2713 Dirigido por la 4\u00aa generaci\u00f3n \u2713 Ubicaciones en toda Alemania \u2713\" \/>\n<meta name=\"robots\" content=\"index, follow, max-snippet:-1, max-image-preview:large, max-video-preview:-1\" \/>\n<link rel=\"canonical\" href=\"https:\/\/sha.de\/es\/nuestra-oficina\/sha-antes-y-ahora\" \/>\n<meta property=\"og:locale\" content=\"es_ES\" \/>\n<meta property=\"og:type\" content=\"article\" \/>\n<meta property=\"og:title\" content=\"SHA antes y ahora | SHA Scheffler Helbich Architekten GmbH\" \/>\n<meta property=\"og:description\" content=\"SHA Architekten como estudio de arquitectura de Dortmund con historia. M\u00e1s de 90 a\u00f1os de experiencia \u2713 Dirigido por la 4\u00aa generaci\u00f3n \u2713 Ubicaciones en toda Alemania \u2713\" \/>\n<meta property=\"og:url\" content=\"https:\/\/sha.de\/es\/nuestra-oficina\/sha-antes-y-ahora\" \/>\n<meta property=\"og:site_name\" content=\"SHA Scheffler Helbich Architekten GmbH\" \/>\n<meta property=\"article:modified_time\" content=\"2026-01-23T09:26:52+00:00\" \/>\n<meta name=\"twitter:card\" content=\"summary_large_image\" \/>\n<meta name=\"twitter:label1\" content=\"Tiempo de lectura\" \/>\n\t<meta name=\"twitter:data1\" content=\"6 minutos\" \/>\n<script type=\"application\/ld+json\" class=\"yoast-schema-graph\">{\"@context\":\"https:\\\/\\\/schema.org\",\"@graph\":[{\"@type\":\"WebPage\",\"@id\":\"https:\\\/\\\/sha.de\\\/es\\\/nuestra-oficina\\\/sha-antes-y-ahora\",\"url\":\"https:\\\/\\\/sha.de\\\/es\\\/nuestra-oficina\\\/sha-antes-y-ahora\",\"name\":\"SHA antes y ahora | SHA Scheffler Helbich Architekten GmbH\",\"isPartOf\":{\"@id\":\"https:\\\/\\\/sha.de\\\/es#website\"},\"datePublished\":\"2020-01-15T13:15:52+00:00\",\"dateModified\":\"2026-01-23T09:26:52+00:00\",\"description\":\"SHA Architekten como estudio de arquitectura de Dortmund con historia. M\u00e1s de 90 a\u00f1os de experiencia \u2713 Dirigido por la 4\u00aa generaci\u00f3n \u2713 Ubicaciones en toda Alemania \u2713\",\"breadcrumb\":{\"@id\":\"https:\\\/\\\/sha.de\\\/es\\\/nuestra-oficina\\\/sha-antes-y-ahora#breadcrumb\"},\"inLanguage\":\"es\",\"potentialAction\":[{\"@type\":\"ReadAction\",\"target\":[\"https:\\\/\\\/sha.de\\\/es\\\/nuestra-oficina\\\/sha-antes-y-ahora\"]}]},{\"@type\":\"BreadcrumbList\",\"@id\":\"https:\\\/\\\/sha.de\\\/es\\\/nuestra-oficina\\\/sha-antes-y-ahora#breadcrumb\",\"itemListElement\":[{\"@type\":\"ListItem\",\"position\":1,\"name\":\"Startseite\",\"item\":\"https:\\\/\\\/sha.de\\\/es\"},{\"@type\":\"ListItem\",\"position\":2,\"name\":\"Nuestra oficina\",\"item\":\"https:\\\/\\\/sha.de\\\/es\\\/nuestra-oficina\"},{\"@type\":\"ListItem\",\"position\":3,\"name\":\"SHA antes y ahora\"}]},{\"@type\":\"WebSite\",\"@id\":\"https:\\\/\\\/sha.de\\\/es#website\",\"url\":\"https:\\\/\\\/sha.de\\\/es\",\"name\":\"SHA Scheffler Helbich Architekten GmbH\",\"description\":\"\",\"potentialAction\":[{\"@type\":\"SearchAction\",\"target\":{\"@type\":\"EntryPoint\",\"urlTemplate\":\"https:\\\/\\\/sha.de\\\/es?s={search_term_string}\"},\"query-input\":{\"@type\":\"PropertyValueSpecification\",\"valueRequired\":true,\"valueName\":\"search_term_string\"}}],\"inLanguage\":\"es\"}]}<\/script>\n<!-- \/ Yoast SEO plugin. -->","yoast_head_json":{"title":"SHA antes y ahora | SHA Scheffler Helbich Architekten GmbH","description":"SHA Architekten como estudio de arquitectura de Dortmund con historia. M\u00e1s de 90 a\u00f1os de experiencia \u2713 Dirigido por la 4\u00aa generaci\u00f3n \u2713 Ubicaciones en toda Alemania \u2713","robots":{"index":"index","follow":"follow","max-snippet":"max-snippet:-1","max-image-preview":"max-image-preview:large","max-video-preview":"max-video-preview:-1"},"canonical":"https:\/\/sha.de\/es\/nuestra-oficina\/sha-antes-y-ahora","og_locale":"es_ES","og_type":"article","og_title":"SHA antes y ahora | SHA Scheffler Helbich Architekten GmbH","og_description":"SHA Architekten como estudio de arquitectura de Dortmund con historia. M\u00e1s de 90 a\u00f1os de experiencia \u2713 Dirigido por la 4\u00aa generaci\u00f3n \u2713 Ubicaciones en toda Alemania \u2713","og_url":"https:\/\/sha.de\/es\/nuestra-oficina\/sha-antes-y-ahora","og_site_name":"SHA Scheffler Helbich Architekten GmbH","article_modified_time":"2026-01-23T09:26:52+00:00","twitter_card":"summary_large_image","twitter_misc":{"Tiempo de lectura":"6 minutos"},"schema":{"@context":"https:\/\/schema.org","@graph":[{"@type":"WebPage","@id":"https:\/\/sha.de\/es\/nuestra-oficina\/sha-antes-y-ahora","url":"https:\/\/sha.de\/es\/nuestra-oficina\/sha-antes-y-ahora","name":"SHA antes y ahora | SHA Scheffler Helbich Architekten GmbH","isPartOf":{"@id":"https:\/\/sha.de\/es#website"},"datePublished":"2020-01-15T13:15:52+00:00","dateModified":"2026-01-23T09:26:52+00:00","description":"SHA Architekten como estudio de arquitectura de Dortmund con historia. M\u00e1s de 90 a\u00f1os de experiencia \u2713 Dirigido por la 4\u00aa generaci\u00f3n \u2713 Ubicaciones en toda Alemania \u2713","breadcrumb":{"@id":"https:\/\/sha.de\/es\/nuestra-oficina\/sha-antes-y-ahora#breadcrumb"},"inLanguage":"es","potentialAction":[{"@type":"ReadAction","target":["https:\/\/sha.de\/es\/nuestra-oficina\/sha-antes-y-ahora"]}]},{"@type":"BreadcrumbList","@id":"https:\/\/sha.de\/es\/nuestra-oficina\/sha-antes-y-ahora#breadcrumb","itemListElement":[{"@type":"ListItem","position":1,"name":"Startseite","item":"https:\/\/sha.de\/es"},{"@type":"ListItem","position":2,"name":"Nuestra oficina","item":"https:\/\/sha.de\/es\/nuestra-oficina"},{"@type":"ListItem","position":3,"name":"SHA antes y ahora"}]},{"@type":"WebSite","@id":"https:\/\/sha.de\/es#website","url":"https:\/\/sha.de\/es","name":"SHA Scheffler Helbich Architekten GmbH","description":"","potentialAction":[{"@type":"SearchAction","target":{"@type":"EntryPoint","urlTemplate":"https:\/\/sha.de\/es?s={search_term_string}"},"query-input":{"@type":"PropertyValueSpecification","valueRequired":true,"valueName":"search_term_string"}}],"inLanguage":"es"}]}},"_links":{"self":[{"href":"https:\/\/sha.de\/es\/wp-json\/wp\/v2\/pages\/38615","targetHints":{"allow":["GET"]}}],"collection":[{"href":"https:\/\/sha.de\/es\/wp-json\/wp\/v2\/pages"}],"about":[{"href":"https:\/\/sha.de\/es\/wp-json\/wp\/v2\/types\/page"}],"author":[{"embeddable":true,"href":"https:\/\/sha.de\/es\/wp-json\/wp\/v2\/users\/1"}],"replies":[{"embeddable":true,"href":"https:\/\/sha.de\/es\/wp-json\/wp\/v2\/comments?post=38615"}],"version-history":[{"count":3,"href":"https:\/\/sha.de\/es\/wp-json\/wp\/v2\/pages\/38615\/revisions"}],"predecessor-version":[{"id":55616,"href":"https:\/\/sha.de\/es\/wp-json\/wp\/v2\/pages\/38615\/revisions\/55616"}],"up":[{"embeddable":true,"href":"https:\/\/sha.de\/es\/wp-json\/wp\/v2\/pages\/30203"}],"wp:attachment":[{"href":"https:\/\/sha.de\/es\/wp-json\/wp\/v2\/media?parent=38615"}],"curies":[{"name":"wp","href":"https:\/\/api.w.org\/{rel}","templated":true}]}}