{"id":39222,"date":"2020-01-13T08:15:56","date_gmt":"2020-01-13T07:15:56","guid":{"rendered":"https:\/\/sha.de\/servicios\/realizacion"},"modified":"2024-08-28T15:03:55","modified_gmt":"2024-08-28T13:03:55","slug":"realizacion","status":"publish","type":"page","link":"https:\/\/sha.de\/es\/servicios\/realizacion","title":{"rendered":"Realizaci\u00f3n"},"content":{"rendered":"<div id='av_section_1' class='avia-section main_color pt-default pb-default avia-no-border-styling avia-bg-style-scroll  avia-builder-el-0  el_before_av_section  avia-builder-el-first   container_wrap fullsize' style=' '  ><div class='container' ><main  role=\"main\" itemprop=\"mainContentOfPage\"  class='template-page content  av-content-full alpha units'><div class='post-entry post-entry-type-page post-entry-39222'><div class='entry-content-wrapper clearfix'>\n\n\t\t\t<div id=\"av-k55bagx6\" class=\"headline-column flex_column av_one_full flex_column_div first \">\n\t\t\t\t<div class=\"headline-wrap is-outside align-left sub-bottom\">\n\t\t\t\t\t<h1 class=\"headline-content headline-primary\">Realizaci\u00f3n<\/h1>\n\t\t\t\t\t<h3 class=\"headline-content headline-secondary\">Su socio de la A a la Z<\/h3>\n\t\t\t\t<\/div>\n\t\t\t<\/div>\n<div class=\"flex_column av_two_third  flex_column_div av-zero-column-padding first bg-default  service img-left   avia-builder-el-2  el_after_pixel_sc_headline  el_before_av_one_third  w-1023-half \" style=\"background-image: url(https:\/\/sha.de\/wp-content\/uploads\/sport-2.jpg); background-position: center center; background-repeat: no-repeat; background-size: cover; \"><\/div><div class=\"flex_column av_one_third  flex_column_div av-zero-column-padding  bg-default border-bottom   img-left   avia-builder-el-3  el_after_av_two_third  avia-builder-el-last  w-1023-half \"><section  class='av_textblock_section av-k55baqys-574ab31680f910a237e7ede106711d9f '   itemscope=\"itemscope\" itemtype=\"https:\/\/schema.org\/CreativeWork\" ><div class='avia_textblock'  itemprop=\"text\" ><h3>Fase de ejecuci\u00f3n 6:<br \/>\nPreparaci\u00f3n de las especificaciones del servicio y licitaci\u00f3n<\/h3>\n<p>Describimos los servicios de los comerciantes en pasos de trabajo individuales y preparamos especificaciones de servicio que enumeran los componentes y su procesamiento en detalle. Sobre esta base, obtenemos ofertas comparables.<\/p>\n<p>Dependiendo de los deseos del cliente y del proyecto de construcci\u00f3n, licitamos los servicios llave en mano o por oficios. Esto ofrece la ventaja de que el cliente puede elegir tenerlo todo de una sola fuente o de comerciantes individuales.<\/p>\n<\/div><\/section><\/div>\n\n<\/div><\/div><\/main><!-- close content main element --><\/div><\/div><div id='av_section_2' class='avia-section main_color pt-default pb-default avia-no-border-styling avia-bg-style-scroll  avia-builder-el-5  el_after_av_section  el_before_av_section   container_wrap fullsize' style=' '  ><div class='container' ><div class='template-page content  av-content-full alpha units'><div class='post-entry post-entry-type-page post-entry-39222'><div class='entry-content-wrapper clearfix'>\n<div class=\"flex_column av_one_third  flex_column_div av-zero-column-padding first bg-default border-bottom   img-left   avia-builder-el-6  el_before_av_one_third  avia-builder-el-first  w-1023-half \"><section  class='av_textblock_section av-k55baqys-10-a2ecba450abd69539e4b0bf6b947d6cf '   itemscope=\"itemscope\" itemtype=\"https:\/\/schema.org\/CreativeWork\" ><div class='avia_textblock'  itemprop=\"text\" ><h3>Fase de ejecuci\u00f3n 7:<br \/>\nEvaluaci\u00f3n de ofertas y adjudicaci\u00f3n de contratos<\/h3>\n<p>Una vez recibidos los presupuestos, comparamos los precios individuales y totales en comparativas de precios claras. A continuaci\u00f3n, examinamos detenidamente la plausibilidad de las ofertas antes de mantener conversaciones con los licitadores para aclarar cualquier discrepancia antes de adjudicar el contrato y negociar las condiciones definitivas.<\/p>\n<p>Una vez tomadas las decisiones a favor de las empresas individuales, preparamos los pedidos y garantizamos una base contractual fiable.<\/p>\n<\/div><\/section><\/div><div class=\"flex_column av_one_third  flex_column_div av-zero-column-padding  bg-default  fill img-left   avia-builder-el-8  el_after_av_one_third  el_before_av_one_third  w-1023-half \" style=\"background-image: url(https:\/\/sha.de\/wp-content\/uploads\/PHOENIXWERK_Spatenstich_Helme_Hochofen.jpg); background-position: center center; background-repeat: no-repeat; background-size: cover; \"><\/div><div class=\"flex_column av_one_third  flex_column_div av-zero-column-padding  bg-default border-bottom   img-left   avia-builder-el-9  el_after_av_one_third  avia-builder-el-last  w-1023-full w-1023-ctm \"><section  class='av_textblock_section av-k55baqys-7-5c812e72bc59216d670cbd5a8ca57c30 '   itemscope=\"itemscope\" itemtype=\"https:\/\/schema.org\/CreativeWork\" ><div class='avia_textblock'  itemprop=\"text\" ><h3>Fases de trabajo 8-9:<br \/>\nSupervisi\u00f3n de la construcci\u00f3n durante la realizaci\u00f3n<\/h3>\n<p>Para lograr una seguridad \u00f3ptima en cuanto a costes, plazos y calidad arquitect\u00f3nica, nos consideramos el representante del cliente en la obra. Como equipo experimentado que ya ha planificado su proyecto, tambi\u00e9n supervisamos su realizaci\u00f3n. Durante todo el periodo de construcci\u00f3n, los proyectos son supervisados por experimentados jefes de obra en toda Alemania. La coordinaci\u00f3n y el control de las empresas especializadas que intervienen en la construcci\u00f3n son el eje principal de nuestro trabajo.  <\/p>\n<p>Adem\u00e1s de garantizar la calidad t\u00e9cnica y arquitect\u00f3nica, este control le garantiza una seguridad y transparencia \u00f3ptimas de los costes y del calendario de construcci\u00f3n en todo momento.<\/p>\n<\/div><\/section><\/div>\n\n<\/div><\/div><\/div><!-- close content main div --><\/div><\/div><div id='av_section_3' class='avia-section main_color pt-default pb-default avia-no-border-styling avia-bg-style-scroll  avia-builder-el-11  el_after_av_section  el_before_av_section   container_wrap fullsize' style=' '  ><div class='container' ><div class='template-page content  av-content-full alpha units'><div class='post-entry post-entry-type-page post-entry-39222'><div class='entry-content-wrapper clearfix'>\n<div class=\"flex_column av_one_third  flex_column_div av-zero-column-padding first bg-default  fill img-left   avia-builder-el-12  el_before_av_one_third  avia-builder-el-first  w-1023-full \" style=\"background-image: url(https:\/\/sha.de\/wp-content\/uploads\/Leistungen_R\u00fcckschau.jpg); background-position: center center; background-repeat: no-repeat; background-size: cover; \"><\/div><div class=\"flex_column av_one_third  flex_column_div av-zero-column-padding  bg-default border-bottom   img-left   avia-builder-el-13  el_after_av_one_third  el_before_av_one_third  w-1023-half w-1023-ml-off w-1023-ctm \"><section  class='av_textblock_section av-k55baqys-4-e26b4d661f97a866b660d1aaff0a150f '   itemscope=\"itemscope\" itemtype=\"https:\/\/schema.org\/CreativeWork\" ><div class='avia_textblock'  itemprop=\"text\" ><h3>Control de costes y plazos<\/h3>\n<p>Siempre elaboramos previsiones actualizadas de costes y plazos durante la planificaci\u00f3n y la construcci\u00f3n. La exactitud de estas cifras evoluciona con la planificaci\u00f3n. Las estimaciones iniciales de costes siguen bas\u00e1ndose en cifras clave de costes por metro cuadrado de superficie bruta o metro c\u00fabico de volumen bruto. Un c\u00e1lculo de costes basado en componentes o servicios parciales de oficios individuales proporciona entonces valores m\u00e1s precisos.<\/p>\n<p>En la estimaci\u00f3n de costes, resumimos los resultados de los presupuestos de los comerciantes, y en la evaluaci\u00f3n de costes, las cifras de sus facturas finales.<\/p>\n<\/div><\/section><\/div><div class=\"flex_column av_one_third  flex_column_div av-zero-column-padding  bg-default border-bottom   img-left   avia-builder-el-15  el_after_av_one_third  avia-builder-el-last  w-1023-half w-1023-ctm \"><section  class='av_textblock_section av-k55baqys-1-5559a95b6f073edc9fbdf2054bce7627 '   itemscope=\"itemscope\" itemtype=\"https:\/\/schema.org\/CreativeWork\" ><div class='avia_textblock'  itemprop=\"text\" ><p>Todas las cifras disponibles se presentan claramente en nuestras tablas de seguimiento de costes. Esto nos proporciona una buena herramienta para el control de costes y nos permite reaccionar a tiempo si, por ejemplo, el marco de costes acordado originalmente cambia debido a solicitudes de cambio. Lo mismo se aplica al cumplimiento de los plazos. Aqu\u00ed tambi\u00e9n se tienen en cuenta los plazos durante todo el periodo de planificaci\u00f3n y se desarrollan en calendarios coherentes.<\/p>\n<p>Y aqu\u00ed tambi\u00e9n tiene una visi\u00f3n precisa en todo momento de si todo se desarrolla seg\u00fan lo hablado.<\/p>\n<\/div><\/section><\/div>\n\n<\/div><\/div><\/div><!-- close content main div --><\/div><\/div><div id='av_section_4' class='avia-section main_color pt-large pb-large avia-no-border-styling avia-bg-style-scroll  avia-builder-el-17  el_after_av_section  avia-builder-el-last   container_wrap fullsize' style=' '  ><div class='container' ><div class='template-page content  av-content-full alpha units'><div class='post-entry post-entry-type-page post-entry-39222'><div class='entry-content-wrapper clearfix'>\n\n\t\t\t<div id=\"av-k55bagx6-13\" class=\"headline-column flex_column av_one_full flex_column_div first \">\n\t\t\t\t<div class=\"headline-wrap is-outside align-center sub-bottom\">\n\t\t\t\t\t<h2 class=\"headline-content headline-primary\">Otros servicios de nuestra cartera<\/h2>\n\t\t\t\t\t<h3 class=\"headline-content headline-secondary\">Nuestra amplia gama de servicios<\/h3>\n\t\t\t\t<\/div>\n\t\t\t<\/div>\n<ul class=\"icon-row leistungen \">\n\t<li class=\"icon-row__entry beratung\">\n\t\t<a class=\"icon-row__entry-link\" href=\"https:\/\/sha.de\/leistungen\/beratung\">\n\t\t\t<div class=\"icon-row__entry-image\">\n\t\t\t\t<div class=\"entry-image-svg\"><\/div>\n\t\t\t\t<!-- <div class=\"entry-image-hover\"><\/div> -->\n\t\t\t<\/div>\n\t\t\t<div class=\"icon-row__entry-text\">Asesoramiento<\/div>\n\t\t<\/a>\n\t<\/li>\n\t<li class=\"icon-row__entry konzept\">\n\t\t<a class=\"icon-row__entry-link\" href=\"https:\/\/sha.de\/leistungen\/analyse-und-konzept\">\n\t\t\t<div class=\"icon-row__entry-image\">\n\t\t\t\t<div class=\"entry-image-svg\"><\/div>\n\t\t\t\t<!-- <div class=\"entry-image-hover\"><\/div> -->\n\t\t\t<\/div>\n\t\t\t<div class=\"icon-row__entry-text\">An\u00e1lise e conceito<\/div>\n\t\t<\/a>\n\t<\/li>\n\t<li class=\"icon-row__entry planung\">\n\t\t<a class=\"icon-row__entry-link\" href=\"https:\/\/sha.de\/leistungen\/planung-und-koordination\">\n\t\t\t<div class=\"icon-row__entry-image\">\n\t\t\t\t<div class=\"entry-image-svg\"><\/div>\n\t\t\t\t<!-- <div class=\"entry-image-hover\"><\/div> -->\n\t\t\t<\/div>\n\t\t\t<div class=\"icon-row__entry-text\">Planeamento e coordena\u00e7\u00e3o<\/div>\n\t\t<\/a>\n\t<\/li>\n\t<li class=\"icon-row__entry realisierung\">\n\t\t<a class=\"icon-row__entry-link\" href=\"https:\/\/sha.de\/leistungen\/realisierung\">\n\t\t\t<div class=\"icon-row__entry-image\">\n\t\t\t\t<div class=\"entry-image-svg\"><\/div>\n\t\t\t\t<!-- <div class=\"entry-image-hover\"><\/div> -->\n\t\t\t<\/div>\n\t\t\t<div class=\"icon-row__entry-text\">Realizaci\u00f3n<\/div>\n\t\t<\/a>\n\t<\/li>\n\t<li class=\"icon-row__entry nachbetreuung\">\n\t\t<a class=\"icon-row__entry-link\" href=\"https:\/\/sha.de\/leistungen\/nachbetreuung\">\n\t\t\t<div class=\"icon-row__entry-image\">\n\t\t\t\t<div class=\"entry-image-svg\"><\/div>\n\t\t\t\t<!-- <div class=\"entry-image-hover\"><\/div> -->\n\t\t\t<\/div>\n\t\t\t<div class=\"icon-row__entry-text\">Cuidado posterior<\/div>\n\t\t<\/a>\n\t<\/li>\n<\/ul>\n\n\n","protected":false},"excerpt":{"rendered":"","protected":false},"author":1,"featured_media":0,"parent":30201,"menu_order":4,"comment_status":"closed","ping_status":"closed","template":"","meta":{"_acf_changed":false,"content-type":"","footnotes":""},"class_list":["post-39222","page","type-page","status-publish","hentry"],"acf":[],"yoast_head":"<!-- This site is optimized with the Yoast SEO plugin v27.4 - https:\/\/yoast.com\/product\/yoast-seo-wordpress\/ -->\n<title>Supervisi\u00f3n de la construcci\u00f3n y control de costes | SHA Architekten<\/title>\n<meta name=\"description\" content=\"Supervisi\u00f3n integral de la construcci\u00f3n durante la realizaci\u00f3n, combinada con el control de costes y plazos. Apoyo desde las especificaciones hasta la evaluaci\u00f3n de la licitaci\u00f3n.\" \/>\n<meta name=\"robots\" content=\"index, follow, max-snippet:-1, max-image-preview:large, max-video-preview:-1\" \/>\n<link rel=\"canonical\" href=\"https:\/\/sha.de\/es\/servicios\/realizacion\" \/>\n<meta property=\"og:locale\" content=\"es_ES\" \/>\n<meta property=\"og:type\" content=\"article\" \/>\n<meta property=\"og:title\" content=\"Supervisi\u00f3n de la construcci\u00f3n y control de costes | SHA Architekten\" \/>\n<meta property=\"og:description\" content=\"Supervisi\u00f3n integral de la construcci\u00f3n durante la realizaci\u00f3n, combinada con el control de costes y plazos. Apoyo desde las especificaciones hasta la evaluaci\u00f3n de la licitaci\u00f3n.\" \/>\n<meta property=\"og:url\" content=\"https:\/\/sha.de\/es\/servicios\/realizacion\" \/>\n<meta property=\"og:site_name\" content=\"SHA Scheffler Helbich Architekten GmbH\" \/>\n<meta property=\"article:modified_time\" content=\"2024-08-28T13:03:55+00:00\" \/>\n<meta name=\"twitter:card\" content=\"summary_large_image\" \/>\n<meta name=\"twitter:label1\" content=\"Tiempo de lectura\" \/>\n\t<meta name=\"twitter:data1\" content=\"12 minutos\" \/>\n<script type=\"application\/ld+json\" class=\"yoast-schema-graph\">{\"@context\":\"https:\\\/\\\/schema.org\",\"@graph\":[{\"@type\":\"WebPage\",\"@id\":\"https:\\\/\\\/sha.de\\\/es\\\/servicios\\\/realizacion\",\"url\":\"https:\\\/\\\/sha.de\\\/es\\\/servicios\\\/realizacion\",\"name\":\"Supervisi\u00f3n de la construcci\u00f3n y control de costes | SHA Architekten\",\"isPartOf\":{\"@id\":\"https:\\\/\\\/sha.de\\\/es#website\"},\"datePublished\":\"2020-01-13T07:15:56+00:00\",\"dateModified\":\"2024-08-28T13:03:55+00:00\",\"description\":\"Supervisi\u00f3n integral de la construcci\u00f3n durante la realizaci\u00f3n, combinada con el control de costes y plazos. Apoyo desde las especificaciones hasta la evaluaci\u00f3n de la licitaci\u00f3n.\",\"breadcrumb\":{\"@id\":\"https:\\\/\\\/sha.de\\\/es\\\/servicios\\\/realizacion#breadcrumb\"},\"inLanguage\":\"es\",\"potentialAction\":[{\"@type\":\"ReadAction\",\"target\":[\"https:\\\/\\\/sha.de\\\/es\\\/servicios\\\/realizacion\"]}]},{\"@type\":\"BreadcrumbList\",\"@id\":\"https:\\\/\\\/sha.de\\\/es\\\/servicios\\\/realizacion#breadcrumb\",\"itemListElement\":[{\"@type\":\"ListItem\",\"position\":1,\"name\":\"Startseite\",\"item\":\"https:\\\/\\\/sha.de\\\/es\"},{\"@type\":\"ListItem\",\"position\":2,\"name\":\"Servicios\",\"item\":\"https:\\\/\\\/sha.de\\\/es\\\/servicios\"},{\"@type\":\"ListItem\",\"position\":3,\"name\":\"Realizaci\u00f3n\"}]},{\"@type\":\"WebSite\",\"@id\":\"https:\\\/\\\/sha.de\\\/es#website\",\"url\":\"https:\\\/\\\/sha.de\\\/es\",\"name\":\"SHA Scheffler Helbich Architekten GmbH\",\"description\":\"\",\"potentialAction\":[{\"@type\":\"SearchAction\",\"target\":{\"@type\":\"EntryPoint\",\"urlTemplate\":\"https:\\\/\\\/sha.de\\\/es?s={search_term_string}\"},\"query-input\":{\"@type\":\"PropertyValueSpecification\",\"valueRequired\":true,\"valueName\":\"search_term_string\"}}],\"inLanguage\":\"es\"}]}<\/script>\n<!-- \/ Yoast SEO plugin. -->","yoast_head_json":{"title":"Supervisi\u00f3n de la construcci\u00f3n y control de costes | SHA Architekten","description":"Supervisi\u00f3n integral de la construcci\u00f3n durante la realizaci\u00f3n, combinada con el control de costes y plazos. Apoyo desde las especificaciones hasta la evaluaci\u00f3n de la licitaci\u00f3n.","robots":{"index":"index","follow":"follow","max-snippet":"max-snippet:-1","max-image-preview":"max-image-preview:large","max-video-preview":"max-video-preview:-1"},"canonical":"https:\/\/sha.de\/es\/servicios\/realizacion","og_locale":"es_ES","og_type":"article","og_title":"Supervisi\u00f3n de la construcci\u00f3n y control de costes | SHA Architekten","og_description":"Supervisi\u00f3n integral de la construcci\u00f3n durante la realizaci\u00f3n, combinada con el control de costes y plazos. Apoyo desde las especificaciones hasta la evaluaci\u00f3n de la licitaci\u00f3n.","og_url":"https:\/\/sha.de\/es\/servicios\/realizacion","og_site_name":"SHA Scheffler Helbich Architekten GmbH","article_modified_time":"2024-08-28T13:03:55+00:00","twitter_card":"summary_large_image","twitter_misc":{"Tiempo de lectura":"12 minutos"},"schema":{"@context":"https:\/\/schema.org","@graph":[{"@type":"WebPage","@id":"https:\/\/sha.de\/es\/servicios\/realizacion","url":"https:\/\/sha.de\/es\/servicios\/realizacion","name":"Supervisi\u00f3n de la construcci\u00f3n y control de costes | SHA Architekten","isPartOf":{"@id":"https:\/\/sha.de\/es#website"},"datePublished":"2020-01-13T07:15:56+00:00","dateModified":"2024-08-28T13:03:55+00:00","description":"Supervisi\u00f3n integral de la construcci\u00f3n durante la realizaci\u00f3n, combinada con el control de costes y plazos. Apoyo desde las especificaciones hasta la evaluaci\u00f3n de la licitaci\u00f3n.","breadcrumb":{"@id":"https:\/\/sha.de\/es\/servicios\/realizacion#breadcrumb"},"inLanguage":"es","potentialAction":[{"@type":"ReadAction","target":["https:\/\/sha.de\/es\/servicios\/realizacion"]}]},{"@type":"BreadcrumbList","@id":"https:\/\/sha.de\/es\/servicios\/realizacion#breadcrumb","itemListElement":[{"@type":"ListItem","position":1,"name":"Startseite","item":"https:\/\/sha.de\/es"},{"@type":"ListItem","position":2,"name":"Servicios","item":"https:\/\/sha.de\/es\/servicios"},{"@type":"ListItem","position":3,"name":"Realizaci\u00f3n"}]},{"@type":"WebSite","@id":"https:\/\/sha.de\/es#website","url":"https:\/\/sha.de\/es","name":"SHA Scheffler Helbich Architekten GmbH","description":"","potentialAction":[{"@type":"SearchAction","target":{"@type":"EntryPoint","urlTemplate":"https:\/\/sha.de\/es?s={search_term_string}"},"query-input":{"@type":"PropertyValueSpecification","valueRequired":true,"valueName":"search_term_string"}}],"inLanguage":"es"}]}},"_links":{"self":[{"href":"https:\/\/sha.de\/es\/wp-json\/wp\/v2\/pages\/39222","targetHints":{"allow":["GET"]}}],"collection":[{"href":"https:\/\/sha.de\/es\/wp-json\/wp\/v2\/pages"}],"about":[{"href":"https:\/\/sha.de\/es\/wp-json\/wp\/v2\/types\/page"}],"author":[{"embeddable":true,"href":"https:\/\/sha.de\/es\/wp-json\/wp\/v2\/users\/1"}],"replies":[{"embeddable":true,"href":"https:\/\/sha.de\/es\/wp-json\/wp\/v2\/comments?post=39222"}],"version-history":[{"count":1,"href":"https:\/\/sha.de\/es\/wp-json\/wp\/v2\/pages\/39222\/revisions"}],"predecessor-version":[{"id":39231,"href":"https:\/\/sha.de\/es\/wp-json\/wp\/v2\/pages\/39222\/revisions\/39231"}],"up":[{"embeddable":true,"href":"https:\/\/sha.de\/es\/wp-json\/wp\/v2\/pages\/30201"}],"wp:attachment":[{"href":"https:\/\/sha.de\/es\/wp-json\/wp\/v2\/media?parent=39222"}],"curies":[{"name":"wp","href":"https:\/\/api.w.org\/{rel}","templated":true}]}}