{"id":39240,"date":"2020-01-13T08:07:06","date_gmt":"2020-01-13T07:07:06","guid":{"rendered":"https:\/\/sha.de\/servicios\/planificacion-y-coordinacion"},"modified":"2024-08-28T15:03:59","modified_gmt":"2024-08-28T13:03:59","slug":"planificacion-y-coordinacion","status":"publish","type":"page","link":"https:\/\/sha.de\/es\/servicios\/planificacion-y-coordinacion","title":{"rendered":"Planificaci\u00f3n y coordinaci\u00f3n"},"content":{"rendered":"<div id='av_section_1' class='avia-section main_color pt-default pb-default avia-no-border-styling avia-bg-style-scroll  avia-builder-el-0  el_before_av_section  avia-builder-el-first   container_wrap fullsize' style=' '  ><div class='container' ><main  role=\"main\" itemprop=\"mainContentOfPage\"  class='template-page content  av-content-full alpha units'><div class='post-entry post-entry-type-page post-entry-39240'><div class='entry-content-wrapper clearfix'>\n\n\t\t\t<div id=\"av-k55bagx6\" class=\"headline-column flex_column av_one_full flex_column_div first \">\n\t\t\t\t<div class=\"headline-wrap is-outside align-left sub-bottom\">\n\t\t\t\t\t<h1 class=\"headline-content headline-primary\">Planificaci\u00f3n y coordinaci\u00f3n<\/h1>\n\t\t\t\t\t<h3 class=\"headline-content headline-secondary\">Su socio de la A a la Z<\/h3>\n\t\t\t\t<\/div>\n\t\t\t<\/div>\n<div class=\"flex_column av_two_third  flex_column_div av-zero-column-padding first bg-default  service img-left   avia-builder-el-2  el_after_pixel_sc_headline  el_before_av_one_third  w-1023-half \" style=\"background-image: url(https:\/\/sha.de\/wp-content\/uploads\/Leistungen_Planung.jpg); background-position: center right; background-repeat: no-repeat; background-size: cover; \"><\/div><div class=\"flex_column av_one_third  flex_column_div av-zero-column-padding  bg-default border-bottom   img-left   avia-builder-el-3  el_after_av_two_third  avia-builder-el-last  w-1023-half \"><section  class='av_textblock_section av-k55baqys-76fd3ab987b8edeb983c11dbb0a25821 '   itemscope=\"itemscope\" itemtype=\"https:\/\/schema.org\/CreativeWork\" ><div class='avia_textblock'  itemprop=\"text\" ><h3>Fase de ejecuci\u00f3n 3:<br \/>\nPlanificaci\u00f3n del dise\u00f1o espec\u00edfico para el usuario<\/h3>\n<p>Al concepto, consistente en bocetos, cifras iniciales y una estimaci\u00f3n de costes (a\u00fan aproximada) y la aclaraci\u00f3n de las cuestiones jur\u00eddicas fundamentales, le sigue el dise\u00f1o. A m\u00e1s tardar ahora, todas las interrelaciones funcionales han sido armonizadas. Al mismo tiempo, los planificadores especializados intervienen como muy tarde en este punto. En la fase de dise\u00f1o, elaboramos todos los planos pertinentes, desde la planta y las secciones hasta los alzados.  <\/p>\n<p>Al mismo tiempo, podemos aprovechar esta fase para concretar y verificar las cifras ya disponibles, por ejemplo sobre la superficie \u00fatil y los costes de construcci\u00f3n. El dise\u00f1o es la base de la solicitud de planificaci\u00f3n.<\/p>\n<\/div><\/section><\/div>\n\n<\/div><\/div><\/main><!-- close content main element --><\/div><\/div><div id='av_section_2' class='avia-section main_color pt-default pb-default avia-no-border-styling avia-bg-style-scroll  avia-builder-el-5  el_after_av_section  el_before_av_section   container_wrap fullsize' style=' '  ><div class='container' ><div class='template-page content  av-content-full alpha units'><div class='post-entry post-entry-type-page post-entry-39240'><div class='entry-content-wrapper clearfix'>\n<div class=\"flex_column av_one_third  flex_column_div av-zero-column-padding first bg-default border-bottom   img-left   avia-builder-el-6  el_before_av_one_third  avia-builder-el-first  w-1023-half \"><section  class='av_textblock_section av-k55baqys-9-4c20cb2ab722c4c625da88e31e2a79a5 '   itemscope=\"itemscope\" itemtype=\"https:\/\/schema.org\/CreativeWork\" ><div class='avia_textblock'  itemprop=\"text\" ><h3>Planificaci\u00f3n general:<br \/>\nEl equipo de planificaci\u00f3n como equipo<\/h3>\n<p>Contamos con una estrecha red de ingenieros de todas las disciplinas, a los que implicamos en las primeras fases del proyecto en funci\u00f3n de la tarea de construcci\u00f3n. Gracias a esta coordinaci\u00f3n, podemos liberarle de un gran n\u00famero de tareas del cliente y reducir el n\u00famero de personas de contacto.<\/p>\n<p>Tambi\u00e9n nos complace ofrecerle nuestros servicios como planificador general. En este caso, recibir\u00e1 todos los servicios de planificaci\u00f3n de una \u00fanica fuente y s\u00f3lo tendr\u00e1 a nuestra oficina como contratista.<\/p>\n<\/div><\/section><\/div><div class=\"flex_column av_one_third  flex_column_div av-zero-column-padding  bg-default  fill img-left   avia-builder-el-8  el_after_av_one_third  el_before_av_one_third  w-1023-half \" style=\"background-image: url(https:\/\/sha.de\/wp-content\/uploads\/ausstattung-F\u00fcllfoto-706x564.jpg); background-position: center center; background-repeat: no-repeat; background-size: cover; \"><\/div><div class=\"flex_column av_one_third  flex_column_div av-zero-column-padding  bg-default  fill img-left   avia-builder-el-9  el_after_av_one_third  avia-builder-el-last  w-1023-full w-1023-ctm \" style=\"background-image: url(https:\/\/sha.de\/wp-content\/uploads\/PHOENIXWERK_Spatenstich_SHA_F\u00fcllfoto-706x564.jpg); background-position: center center; background-repeat: no-repeat; background-size: cover; \"><\/div>\n\n<\/div><\/div><\/div><!-- close content main div --><\/div><\/div><div id='av_section_3' class='avia-section main_color pt-default pb-default avia-no-border-styling avia-bg-style-scroll  avia-builder-el-10  el_after_av_section  el_before_av_section   container_wrap fullsize' style=' '  ><div class='container' ><div class='template-page content  av-content-full alpha units'><div class='post-entry post-entry-type-page post-entry-39240'><div class='entry-content-wrapper clearfix'>\n<div class=\"flex_column av_one_third  flex_column_div av-zero-column-padding first bg-default  fill img-left   avia-builder-el-11  el_before_av_one_third  avia-builder-el-first  w-1023-half \" style=\"background-image: url(https:\/\/sha.de\/wp-content\/uploads\/skizze-langer-schnitt-b1-706x564.jpg); background-position: center center; background-repeat: no-repeat; background-size: cover; \"><\/div><div class=\"flex_column av_one_third  flex_column_div av-zero-column-padding  bg-default border-bottom   img-left   avia-builder-el-12  el_after_av_one_third  el_before_av_one_third  w-1023-half \"><section  class='av_textblock_section av-k55baqys-6-c72792b2a4a5e6b7582428995e54cc67 '   itemscope=\"itemscope\" itemtype=\"https:\/\/schema.org\/CreativeWork\" ><div class='avia_textblock'  itemprop=\"text\" ><h3>Fase de ejecuci\u00f3n 4:<br \/>\nPlanificaci\u00f3n de la autorizaci\u00f3n<\/h3>\n<p>Nos encargamos de aclarar todas las cuestiones pertinentes con las autoridades responsables (oficina de normativa de construcci\u00f3n, bomberos, conservaci\u00f3n de monumentos, etc.). Y presentamos la planificaci\u00f3n junto con los formularios necesarios como solicitud de construcci\u00f3n o notificaci\u00f3n de construcci\u00f3n para su aprobaci\u00f3n.<\/p>\n<p>Si la situaci\u00f3n jur\u00eddica no est\u00e1 clara, puede tener sentido aclarar de antemano y de forma vinculante las cuestiones individuales de derecho urban\u00edstico. A continuaci\u00f3n, preparamos un estudio preliminar de construcci\u00f3n y lo presentamos a las autoridades de construcci\u00f3n en su nombre.<\/p>\n<\/div><\/section><\/div><div class=\"flex_column av_one_third  flex_column_div av-zero-column-padding  bg-default border-bottom   img-left   avia-builder-el-14  el_after_av_one_third  avia-builder-el-last  w-1023-full w-1023-ctm \"><section  class='av_textblock_section av-k55baqys-1-5559a95b6f073edc9fbdf2054bce7627 '   itemscope=\"itemscope\" itemtype=\"https:\/\/schema.org\/CreativeWork\" ><div class='avia_textblock'  itemprop=\"text\" ><h3>Fase de ejecuci\u00f3n 5:<br \/>\nEjecuci\u00f3n y planificaci\u00f3n detallada<\/h3>\n<p>La planificaci\u00f3n minuciosa del dise\u00f1o y la preparaci\u00f3n de los documentos detallados de planificaci\u00f3n suelen subestimarse en cuanto a su alcance. Este servicio parcial suele representar una cuarta parte de nuestro servicio total. Nuestros planes de ejecuci\u00f3n integran la planificaci\u00f3n especializada de terceros y constituyen la base de nuestras descripciones de servicios y de las ofertas de los comerciantes.  <\/p>\n<p>Para la obra, nuestros planos detallados contienen las especificaciones para las empresas que realizan los trabajos. Un buen detalle es algo m\u00e1s que el dise\u00f1o.<\/p>\n<\/div><\/section><\/div>\n\n<\/div><\/div><\/div><!-- close content main div --><\/div><\/div><div id='av_section_4' class='avia-section main_color pt-large pb-large avia-no-border-styling avia-bg-style-scroll  avia-builder-el-16  el_after_av_section  avia-builder-el-last   container_wrap fullsize' style=' '  ><div class='container' ><div class='template-page content  av-content-full alpha units'><div class='post-entry post-entry-type-page post-entry-39240'><div class='entry-content-wrapper clearfix'>\n\n\t\t\t<div id=\"av-k55bagx6-12\" class=\"headline-column flex_column av_one_full flex_column_div first \">\n\t\t\t\t<div class=\"headline-wrap is-outside align-center sub-bottom\">\n\t\t\t\t\t<h2 class=\"headline-content headline-primary\">Otros servicios de nuestra cartera<\/h2>\n\t\t\t\t\t<h3 class=\"headline-content headline-secondary\">Nuestra amplia gama de servicios<\/h3>\n\t\t\t\t<\/div>\n\t\t\t<\/div>\n<ul class=\"icon-row leistungen \">\n\t<li class=\"icon-row__entry beratung\">\n\t\t<a class=\"icon-row__entry-link\" href=\"https:\/\/sha.de\/leistungen\/beratung\">\n\t\t\t<div class=\"icon-row__entry-image\">\n\t\t\t\t<div class=\"entry-image-svg\"><\/div>\n\t\t\t\t<!-- <div class=\"entry-image-hover\"><\/div> -->\n\t\t\t<\/div>\n\t\t\t<div class=\"icon-row__entry-text\">Asesoramiento<\/div>\n\t\t<\/a>\n\t<\/li>\n\t<li class=\"icon-row__entry konzept\">\n\t\t<a class=\"icon-row__entry-link\" href=\"https:\/\/sha.de\/leistungen\/analyse-und-konzept\">\n\t\t\t<div class=\"icon-row__entry-image\">\n\t\t\t\t<div class=\"entry-image-svg\"><\/div>\n\t\t\t\t<!-- <div class=\"entry-image-hover\"><\/div> -->\n\t\t\t<\/div>\n\t\t\t<div class=\"icon-row__entry-text\">An\u00e1lise e conceito<\/div>\n\t\t<\/a>\n\t<\/li>\n\t<li class=\"icon-row__entry planung\">\n\t\t<a class=\"icon-row__entry-link\" href=\"https:\/\/sha.de\/leistungen\/planung-und-koordination\">\n\t\t\t<div class=\"icon-row__entry-image\">\n\t\t\t\t<div class=\"entry-image-svg\"><\/div>\n\t\t\t\t<!-- <div class=\"entry-image-hover\"><\/div> -->\n\t\t\t<\/div>\n\t\t\t<div class=\"icon-row__entry-text\">Planeamento e coordena\u00e7\u00e3o<\/div>\n\t\t<\/a>\n\t<\/li>\n\t<li class=\"icon-row__entry realisierung\">\n\t\t<a class=\"icon-row__entry-link\" href=\"https:\/\/sha.de\/leistungen\/realisierung\">\n\t\t\t<div class=\"icon-row__entry-image\">\n\t\t\t\t<div class=\"entry-image-svg\"><\/div>\n\t\t\t\t<!-- <div class=\"entry-image-hover\"><\/div> -->\n\t\t\t<\/div>\n\t\t\t<div class=\"icon-row__entry-text\">Realizaci\u00f3n<\/div>\n\t\t<\/a>\n\t<\/li>\n\t<li class=\"icon-row__entry nachbetreuung\">\n\t\t<a class=\"icon-row__entry-link\" href=\"https:\/\/sha.de\/leistungen\/nachbetreuung\">\n\t\t\t<div class=\"icon-row__entry-image\">\n\t\t\t\t<div class=\"entry-image-svg\"><\/div>\n\t\t\t\t<!-- <div class=\"entry-image-hover\"><\/div> -->\n\t\t\t<\/div>\n\t\t\t<div class=\"icon-row__entry-text\">Cuidado posterior<\/div>\n\t\t<\/a>\n\t<\/li>\n<\/ul>\n\n\n","protected":false},"excerpt":{"rendered":"","protected":false},"author":1,"featured_media":0,"parent":30201,"menu_order":3,"comment_status":"closed","ping_status":"closed","template":"","meta":{"_acf_changed":false,"content-type":"","footnotes":""},"class_list":["post-39240","page","type-page","status-publish","hentry"],"acf":[],"yoast_head":"<!-- This site is optimized with the Yoast SEO plugin v27.4 - https:\/\/yoast.com\/product\/yoast-seo-wordpress\/ -->\n<title>Dise\u00f1o Planificaci\u00f3n Arquitectura | SHA Arquitectos<\/title>\n<meta name=\"description\" content=\"Desde la planificaci\u00f3n del dise\u00f1o espec\u00edfico para el usuario hasta la planificaci\u00f3n detallada: somos su socio de confianza en todas las fases del servicio \u2713 Coordinaci\u00f3n y visi\u00f3n en cada paso\" \/>\n<meta name=\"robots\" content=\"index, follow, max-snippet:-1, max-image-preview:large, max-video-preview:-1\" \/>\n<link rel=\"canonical\" href=\"https:\/\/sha.de\/es\/servicios\/planificacion-y-coordinacion\" \/>\n<meta property=\"og:locale\" content=\"es_ES\" \/>\n<meta property=\"og:type\" content=\"article\" \/>\n<meta property=\"og:title\" content=\"Dise\u00f1o Planificaci\u00f3n Arquitectura | SHA Arquitectos\" \/>\n<meta property=\"og:description\" content=\"Desde la planificaci\u00f3n del dise\u00f1o espec\u00edfico para el usuario hasta la planificaci\u00f3n detallada: somos su socio de confianza en todas las fases del servicio \u2713 Coordinaci\u00f3n y visi\u00f3n en cada paso\" \/>\n<meta property=\"og:url\" content=\"https:\/\/sha.de\/es\/servicios\/planificacion-y-coordinacion\" \/>\n<meta property=\"og:site_name\" content=\"SHA Scheffler Helbich Architekten GmbH\" \/>\n<meta property=\"article:modified_time\" content=\"2024-08-28T13:03:59+00:00\" \/>\n<meta name=\"twitter:card\" content=\"summary_large_image\" \/>\n<meta name=\"twitter:label1\" content=\"Tiempo de lectura\" \/>\n\t<meta name=\"twitter:data1\" content=\"11 minutos\" \/>\n<script type=\"application\/ld+json\" class=\"yoast-schema-graph\">{\"@context\":\"https:\\\/\\\/schema.org\",\"@graph\":[{\"@type\":\"WebPage\",\"@id\":\"https:\\\/\\\/sha.de\\\/es\\\/servicios\\\/planificacion-y-coordinacion\",\"url\":\"https:\\\/\\\/sha.de\\\/es\\\/servicios\\\/planificacion-y-coordinacion\",\"name\":\"Dise\u00f1o Planificaci\u00f3n Arquitectura | SHA Arquitectos\",\"isPartOf\":{\"@id\":\"https:\\\/\\\/sha.de\\\/es#website\"},\"datePublished\":\"2020-01-13T07:07:06+00:00\",\"dateModified\":\"2024-08-28T13:03:59+00:00\",\"description\":\"Desde la planificaci\u00f3n del dise\u00f1o espec\u00edfico para el usuario hasta la planificaci\u00f3n detallada: somos su socio de confianza en todas las fases del servicio \u2713 Coordinaci\u00f3n y visi\u00f3n en cada paso\",\"breadcrumb\":{\"@id\":\"https:\\\/\\\/sha.de\\\/es\\\/servicios\\\/planificacion-y-coordinacion#breadcrumb\"},\"inLanguage\":\"es\",\"potentialAction\":[{\"@type\":\"ReadAction\",\"target\":[\"https:\\\/\\\/sha.de\\\/es\\\/servicios\\\/planificacion-y-coordinacion\"]}]},{\"@type\":\"BreadcrumbList\",\"@id\":\"https:\\\/\\\/sha.de\\\/es\\\/servicios\\\/planificacion-y-coordinacion#breadcrumb\",\"itemListElement\":[{\"@type\":\"ListItem\",\"position\":1,\"name\":\"Startseite\",\"item\":\"https:\\\/\\\/sha.de\\\/es\"},{\"@type\":\"ListItem\",\"position\":2,\"name\":\"Servicios\",\"item\":\"https:\\\/\\\/sha.de\\\/es\\\/servicios\"},{\"@type\":\"ListItem\",\"position\":3,\"name\":\"Planificaci\u00f3n y coordinaci\u00f3n\"}]},{\"@type\":\"WebSite\",\"@id\":\"https:\\\/\\\/sha.de\\\/es#website\",\"url\":\"https:\\\/\\\/sha.de\\\/es\",\"name\":\"SHA Scheffler Helbich Architekten GmbH\",\"description\":\"\",\"potentialAction\":[{\"@type\":\"SearchAction\",\"target\":{\"@type\":\"EntryPoint\",\"urlTemplate\":\"https:\\\/\\\/sha.de\\\/es?s={search_term_string}\"},\"query-input\":{\"@type\":\"PropertyValueSpecification\",\"valueRequired\":true,\"valueName\":\"search_term_string\"}}],\"inLanguage\":\"es\"}]}<\/script>\n<!-- \/ Yoast SEO plugin. -->","yoast_head_json":{"title":"Dise\u00f1o Planificaci\u00f3n Arquitectura | SHA Arquitectos","description":"Desde la planificaci\u00f3n del dise\u00f1o espec\u00edfico para el usuario hasta la planificaci\u00f3n detallada: somos su socio de confianza en todas las fases del servicio \u2713 Coordinaci\u00f3n y visi\u00f3n en cada paso","robots":{"index":"index","follow":"follow","max-snippet":"max-snippet:-1","max-image-preview":"max-image-preview:large","max-video-preview":"max-video-preview:-1"},"canonical":"https:\/\/sha.de\/es\/servicios\/planificacion-y-coordinacion","og_locale":"es_ES","og_type":"article","og_title":"Dise\u00f1o Planificaci\u00f3n Arquitectura | SHA Arquitectos","og_description":"Desde la planificaci\u00f3n del dise\u00f1o espec\u00edfico para el usuario hasta la planificaci\u00f3n detallada: somos su socio de confianza en todas las fases del servicio \u2713 Coordinaci\u00f3n y visi\u00f3n en cada paso","og_url":"https:\/\/sha.de\/es\/servicios\/planificacion-y-coordinacion","og_site_name":"SHA Scheffler Helbich Architekten GmbH","article_modified_time":"2024-08-28T13:03:59+00:00","twitter_card":"summary_large_image","twitter_misc":{"Tiempo de lectura":"11 minutos"},"schema":{"@context":"https:\/\/schema.org","@graph":[{"@type":"WebPage","@id":"https:\/\/sha.de\/es\/servicios\/planificacion-y-coordinacion","url":"https:\/\/sha.de\/es\/servicios\/planificacion-y-coordinacion","name":"Dise\u00f1o Planificaci\u00f3n Arquitectura | SHA Arquitectos","isPartOf":{"@id":"https:\/\/sha.de\/es#website"},"datePublished":"2020-01-13T07:07:06+00:00","dateModified":"2024-08-28T13:03:59+00:00","description":"Desde la planificaci\u00f3n del dise\u00f1o espec\u00edfico para el usuario hasta la planificaci\u00f3n detallada: somos su socio de confianza en todas las fases del servicio \u2713 Coordinaci\u00f3n y visi\u00f3n en cada paso","breadcrumb":{"@id":"https:\/\/sha.de\/es\/servicios\/planificacion-y-coordinacion#breadcrumb"},"inLanguage":"es","potentialAction":[{"@type":"ReadAction","target":["https:\/\/sha.de\/es\/servicios\/planificacion-y-coordinacion"]}]},{"@type":"BreadcrumbList","@id":"https:\/\/sha.de\/es\/servicios\/planificacion-y-coordinacion#breadcrumb","itemListElement":[{"@type":"ListItem","position":1,"name":"Startseite","item":"https:\/\/sha.de\/es"},{"@type":"ListItem","position":2,"name":"Servicios","item":"https:\/\/sha.de\/es\/servicios"},{"@type":"ListItem","position":3,"name":"Planificaci\u00f3n y coordinaci\u00f3n"}]},{"@type":"WebSite","@id":"https:\/\/sha.de\/es#website","url":"https:\/\/sha.de\/es","name":"SHA Scheffler Helbich Architekten GmbH","description":"","potentialAction":[{"@type":"SearchAction","target":{"@type":"EntryPoint","urlTemplate":"https:\/\/sha.de\/es?s={search_term_string}"},"query-input":{"@type":"PropertyValueSpecification","valueRequired":true,"valueName":"search_term_string"}}],"inLanguage":"es"}]}},"_links":{"self":[{"href":"https:\/\/sha.de\/es\/wp-json\/wp\/v2\/pages\/39240","targetHints":{"allow":["GET"]}}],"collection":[{"href":"https:\/\/sha.de\/es\/wp-json\/wp\/v2\/pages"}],"about":[{"href":"https:\/\/sha.de\/es\/wp-json\/wp\/v2\/types\/page"}],"author":[{"embeddable":true,"href":"https:\/\/sha.de\/es\/wp-json\/wp\/v2\/users\/1"}],"replies":[{"embeddable":true,"href":"https:\/\/sha.de\/es\/wp-json\/wp\/v2\/comments?post=39240"}],"version-history":[{"count":1,"href":"https:\/\/sha.de\/es\/wp-json\/wp\/v2\/pages\/39240\/revisions"}],"predecessor-version":[{"id":39245,"href":"https:\/\/sha.de\/es\/wp-json\/wp\/v2\/pages\/39240\/revisions\/39245"}],"up":[{"embeddable":true,"href":"https:\/\/sha.de\/es\/wp-json\/wp\/v2\/pages\/30201"}],"wp:attachment":[{"href":"https:\/\/sha.de\/es\/wp-json\/wp\/v2\/media?parent=39240"}],"curies":[{"name":"wp","href":"https:\/\/api.w.org\/{rel}","templated":true}]}}