{"id":30051,"date":"2021-11-22T09:15:48","date_gmt":"2021-11-22T08:15:48","guid":{"rendered":"https:\/\/sha.de\/contact-2021"},"modified":"2025-07-03T12:06:45","modified_gmt":"2025-07-03T10:06:45","slug":"contact-2021","status":"publish","type":"page","link":"https:\/\/sha.de\/fr\/contact-2021","title":{"rendered":"Contact"},"content":{"rendered":"<div id='av_section_1' class='avia-section main_color pt-default pb-default avia-no-border-styling avia-bg-style-scroll  avia-builder-el-0  el_before_av_section  avia-builder-el-first   container_wrap fullsize' style=' '  ><div class='container' ><main  role=\"main\" itemprop=\"mainContentOfPage\"  class='template-page content  av-content-full alpha units'><div class='post-entry post-entry-type-page post-entry-30051'><div class='entry-content-wrapper clearfix'>\n<div class=\"flex_column av_one_third  flex_column_div av-zero-column-padding first       avia-builder-el-1  el_before_av_two_third  avia-builder-el-first  \"><p>\n\t\t\t<div id=\"av-k1kquvev\" class=\"headline-column flex_column av_one_full flex_column_div first \">\n\t\t\t\t<div class=\"headline-wrap is-outside align-left sub-bottom\">\n\t\t\t\t\t<h1 class=\"headline-content headline-primary\">Contact<\/h1>\n\t\t\t\t\t<h3 class=\"headline-content headline-secondary\">Des questions, des souhaits, des suggestions ? <\/h3>\n\t\t\t\t<\/div>\n\t\t\t<\/div><br \/>\n<section  class='av_textblock_section av-k2ughukz-8c8af540cf2947d5fca1ff805c8e6ba7 '   itemscope=\"itemscope\" itemtype=\"https:\/\/schema.org\/CreativeWork\" ><div class='avia_textblock'  itemprop=\"text\" ><p>Vous souhaitez d\u00e9couvrir SHA et nos projets architecturaux ? Vous avez des questions, des souhaits ou des suggestions concernant notre bureau ? N&rsquo;h\u00e9sitez pas \u00e0 nous appeler ou \u00e0 nous envoyer un e-mail ! N&rsquo;h\u00e9sitez pas \u00e0 prendre directement rendez-vous. Nous sommes personnellement \u00e0 votre disposition \u00e0 Dortmund et \u00e0 Berlin.<\/p>\n<p>De l&rsquo;id\u00e9e initiale \u00e0 l&rsquo;ach\u00e8vement &#8211; avec Scheffler Helbich Architekten, votre projet de construction est entre de bonnes mains.<\/p>\n<\/div><\/section><br \/>\n<div class=\"locations-list\">\n\t\t\t<div class=\"locations-list-entry\">\n\t\t\t<span class=\"locations-list-title\">Contact Dortmund<\/span>\n\t\t\t<div class=\"locations-list-line\"><span class=\"contact-pre\">T<\/span> <a href=\"tel:492314420200\">+49 (231) 44 20 20 0<\/a><\/div>\n\t\t\t\n\t\t\t\n\t\t\t<div class=\"locations-list-line\"><span class=\"contact-pre\">M<\/span> <a href=\"javascript:secureDecryptAndNavigate('QrAwnffHD251cP8N7nWDK5fvYHutqTjs4xYsD47ff+uOdcK6RBZwAUb6FAL+7f8opQkFhxhc8bdbUCTicP+Ys8af', '7fb6b0a631c756e2798c0419dd401ac6392a180022e45865affe1bd81a905598')\">info@sha.de<\/a><\/div>\n\t\t<\/div>\n\t\t\t<div class=\"locations-list-entry\">\n\t\t\t<span class=\"locations-list-title\">Contact Berlin<\/span>\n\t\t\t<div class=\"locations-list-line\"><span class=\"contact-pre\">T<\/span> <a href=\"tel:493023327570\">+49 (30) 23 32 75 70<\/a><\/div>\n\t\t\t\n\t\t\t\n\t\t\t<div class=\"locations-list-line\"><span class=\"contact-pre\">M<\/span> <a href=\"javascript:secureDecryptAndNavigate('p5l+r3Yux\/FLkPrhTQsOkc2sHIMF5Q3S3lT+NzZu9L87Ta2Q2lfHGqaG4oH3YHtCSFSQKKzg4cvCob9ANYfIiN6kHgg=', '7fb6b0a631c756e2798c0419dd401ac6392a180022e45865affe1bd81a905598')\">berlin@sha.de<\/a><\/div>\n\t\t<\/div>\n\t<\/div>\n<\/p><\/div><div class=\"flex_column av_two_third  flex_column_div av-zero-column-padding  bg-grey   img-right   avia-builder-el-5  el_after_av_one_third  avia-builder-el-last  \"><\/div><\/div><\/div><\/main><!-- close content main element --><\/div><\/div><div id='av_section_2' class='avia-section main_color pt-large pb-default avia-no-border-styling avia-bg-style-scroll  avia-builder-el-7  el_after_av_section  el_before_av_section   container_wrap fullsize' style=' '  ><div class='container' ><div class='template-page content  av-content-full alpha units'><div class='post-entry post-entry-type-page post-entry-30051'><div class='entry-content-wrapper clearfix'>\n\n\t\t\t<div id=\"av-9vsu36\" class=\"headline-column flex_column av_one_full flex_column_div first \">\n\t\t\t\t<div class=\"headline-wrap is-outside align-left sub-bottom\">\n\t\t\t\t\t<h2 class=\"headline-content headline-primary\">C\u2019est ici que vous nous trouverez.<\/h2>\n\t\t\t\t\t<h3 class=\"headline-content headline-secondary\">SHA \u00e0 Dortmund, SHA \u00e0 Berlin.<\/h3>\n\t\t\t\t<\/div>\n\t\t\t<\/div>\n<div class=\"flex_column av_one_full  flex_column_div av-zero-column-padding first bg-default   img-left   avia-builder-el-9  el_after_pixel_sc_headline  avia-builder-el-last  \"><style type=\"text\/css\" data-created_by=\"avia_inline_auto\" id=\"style-css-av-kwdan4mx-7bac6ed6e55a79a28056deabadc8a8c2\">\n#top .hr.hr-invisible.av-kwdan4mx-7bac6ed6e55a79a28056deabadc8a8c2{\nheight:20px;\n}\n<\/style>\n<div  class='hr av-kwdan4mx-7bac6ed6e55a79a28056deabadc8a8c2 hr-invisible  avia-builder-el-10  avia-builder-el-no-sibling '><span class='hr-inner '><span class=\"hr-inner-style\"><\/span><\/span><\/div><\/div>\n<\/p>\n<\/div><\/div><\/div><!-- close content main div --><\/div><\/div><div id='av_section_3' class='avia-section main_color pt-default pb-default avia-no-border-styling avia-bg-style-scroll  avia-builder-el-11  el_after_av_section  el_before_av_section  standorte-map-section  container_wrap fullsize' style=' '  ><div class='container' ><div class='template-page content  av-content-full alpha units'><div class='post-entry post-entry-type-page post-entry-30051'><div class='entry-content-wrapper clearfix'>\n<div class=\"flex_column av_one_full  flex_column_div av-zero-column-padding first bg-grey   img-left   avia-builder-el-12  avia-builder-el-no-sibling  \"><div class=\"location\"><div class=\"av_one_third flex_column location-column location-card first\"><article id=\"\" class=\"card-entry person-entry location-entry   text-align-left     \">\n\t<div class=\"card-entry__inner\">\n\t\t\n\t\n\t\t<article id=\"\" class=\"card-entry person-entry location-entry   text-align-left     \">\n\t<div class=\"card-entry__inner\">\n\t\t\n\t<div class=\"card-entry__media media-type-\">\n\t\t<div class=\"card-entry__media-inner\">\n\t\t\t\t\t\t\t\t\t\t\t\t<img decoding=\"async\" src=\"https:\/\/sha.de\/wp-content\/uploads\/706x313_PhoenixWERK-706x313.jpg\" \/>\n\t\t\t\t\t\t\t\t\t<\/div>\n\t<\/div>\n\n\t<div class=\"card_entry__content-wrap\">\n\t\t\t\t\t<div class=\"card-entry__heading\">\n\t<div class=\"card-entry__heading-inner\">\n\n\n\t\t\t\n\t\t\t\n\t\t\t\n\t\t\t\t\t\t\t<h3 class=\"card-entry__headline company-name \">\n\t\t\t\t\tSHA Scheffler Helbich Architekten GmbH\n\t\t\t\t<\/h3>\n\t\t\t\n\t\t\t\t\t\t\t<span class=\"card-entry__subheadline company-add person-job \">\n\t\t\t\t\tSi\u00e8ge social\n\t\t\t\t<\/span>\n\t\t\t\n\t\t\n\t<\/div>\n<\/div>\n\t\t\t\t\t<div class=\"card-entry__content content-type-default\">\n\t\t<div class=\"card-entry__content-inner\">\n\t\t\t<p class=\"card-entry__contents\">\n\t\t\t\t\t\t\t\t\t\t\t\t\t\t\t\t\t\t\t\t\t\t<span class=\"content-address content-group\">Phoenixplatz 3,<br\/> Dortmund 44263<\/span>\n\t\t\t\t\t\t\t\t\t\t\t\t\t\t\t\t\t\t\t\t\t\t\t\t<span class=\"content-parking content-group\">Hochofenstra\u00dfe 49 <br\/>44263 Dortmund<\/span>\n\t\t\t\t\t\t\t\t\t\t\t\t\t\t\t\t\t\t<\/p>\n\t\t<\/div>\n\t<\/div>\n\t<\/div>\n\n\t<\/div>\n<\/article>\n\n\t\n\t<\/div>\n<\/article>\n<\/div><div class=\"av_one_third flex_column location-column location-routes routes flex-grow\"><h4 class=\"routes-title\">Plan d'acc\u00e8s Scheffler Helbich Architekten Dortmund<\/h4>\n\n<div class=\"routes-notices\">\n            <div class=\"route-notice car\">\n            <span class=\"route-notice-title car\">Acc\u00e8s en voiture I Parking PhoenixWERK<\/span>\n            <p class=\"route-notice-text\">En tant que visiteur de PhoenixWERKS, n'h\u00e9sitez pas \u00e0 utiliser le parking attenant, situ\u00e9 juste \u00e0 c\u00f4t\u00e9 des immeubles de bureaux. Pour vous y rendre, veuillez entrer l'adresse suivante dans le navigateur : Hochofenstra\u00dfe 49, 44263 Dortmund.<\/p>\n        <\/div>\n                <div class=\"route-notice public\">\n            <span class=\"route-notice-title public\">Acc\u00e8s en transport public  <\/span>\n            <p class=\"route-notice-text\">Si vous vous rendez chez Scheffler Helbich Architekten \u00e0 pied ou en transport en commun, utilisez l'adresse Phoenixplatz 3, 44263 Dortmund. Plusieurs arr\u00eats de bus ainsi que la station de S-Bahn et de m\u00e9tro H\u00f6rde se trouvent \u00e0 proximit\u00e9 de nos bureaux.<\/p>\n        <\/div>\n    <\/div>\n\n    <script type=\"text\/javascript\">\n        function goGmap(dest, atts = '') {\n            \/\/start = document.getElementById('saddr').value;\n            \/\/url = 'https:\/\/www.google.com\/maps\/dir\/?api=1&origin=' + start + '&destination=' + dest + atts;\n\t\t\turl = 'https:\/\/www.google.com\/maps\/dir\/?api=1&origin=&destination=' + dest + atts;\n            window.open(url, '_blank').focus();\n        }\n    <\/script>\n    <form class=\"routes-planner avia-button-wrap theme-fill\">\n        <h5 class=\"routes-title\">Calculer l'itin\u00e9raire maintenant<\/h5>\n        <!-- <input id=\"saddr\" class=\"inputbox start-address\" type=\"text\" placeholder=\"Adresse eingeben\" name=\"saddr\" value=\"\" style=\"visibility:hidden;\"> -->\n                    <a onclick=\"goGmap('Hochofenstra\u00dfe 49 44263 Dortmund', '&travelmode=driving');\" class=\"avia-button avia-size-small avia-position-left color-ci-black hover-yellow\"><span>Itin\u00e9raire en voiture<\/span><\/a>\n                    <a onclick=\"goGmap('Phoenixplatz 3 44263 Dortmund', '&travelmode=transit');\" class=\"avia-button avia-size-small avia-position-left color-ci-black hover-yellow\"><span>Itin\u00e9raire en transport en commun<\/span><\/a>\n            <\/form>\n<\/div><div class=\"av_one_third flex_column location-column location-map flex-grow\"> <div class=\"brlbs-cmpnt-container brlbs-cmpnt-content-blocker brlbs-cmpnt-with-individual-styles\" data-borlabs-cookie-content-blocker-id=\"google-maps\" data-borlabs-cookie-content=\"PGlmcmFtZQoJCQkJCQkJICB3aWR0aD0iMTAwJSIKCQkJCQkJCSAgaGVpZ2h0PSIxMDAlIgoJCQkJCQkJICBzdHlsZT0iYm9yZGVyOjFweCBzb2xpZCAjY2ZjZmNmOyIKCQkJCQkJCSAgbG9hZGluZz0ibGF6eSIKCQkJCQkJCSAgYWxsb3dmdWxsc2NyZWVuCgkJCQkJCQkgIHJlZmVycmVycG9saWN5PSJuby1yZWZlcnJlci13aGVuLWRvd25ncmFkZSIKCQkJCQkJCSAgc3JjPSJodHRwczovL3d3dy5nb29nbGUuY29tL21hcHMvZW1iZWQvdjEvcGxhY2U\/a2V5PUFJemFTeUJ6X2gyWUxfWE54ZmFKV2pCMUZ4a0hNM3M2dWpCd0dYbyZxPVNIQSBTY2hlZmZsZXIgSGVsYmljaCBBcmNoaXRla3RlbiBHbWJIIFBob2VuaXhwbGF0eiAzIDQ0MjYzIERvcnRtdW5kIgoJCQkJCQk+CgkJCQkJCTwvaWZyYW1lPg==\"><div class=\"brlbs-cmpnt-cb-preset-b brlbs-cmpnt-cb-google-maps\"> <div class=\"brlbs-cmpnt-cb-thumbnail\" style=\"background-image: url('https:\/\/sha.de\/wp-content\/uploads\/borlabs-cookie\/1\/brlbs-cb-google-maps-main.png')\"><\/div> <div class=\"brlbs-cmpnt-cb-main\"> <div class=\"brlbs-cmpnt-cb-content\"> <p class=\"brlbs-cmpnt-cb-description\">Vous \u00eates actuellement en train de consulter le contenu d'un espace r\u00e9serv\u00e9 de <strong>Google Maps<\/strong>. Pour acc\u00e9der au contenu r\u00e9el, cliquez sur le bouton ci-dessous. Veuillez noter que ce faisant, des donn\u00e9es seront partag\u00e9es avec des providers tiers.<\/p> <a class=\"brlbs-cmpnt-cb-provider-toggle\" href=\"#\" data-borlabs-cookie-show-provider-information role=\"button\">Plus d'informations<\/a> <\/div> <div class=\"brlbs-cmpnt-cb-buttons\"> <a class=\"brlbs-cmpnt-cb-btn\" href=\"#\" data-borlabs-cookie-unblock role=\"button\">D\u00e9bloquer le contenu<\/a> <a class=\"brlbs-cmpnt-cb-btn\" href=\"#\" data-borlabs-cookie-accept-service role=\"button\" style=\"display: inherit\">Accepter le service requis et d\u00e9bloquer les contenus<\/a> <\/div> <\/div> <\/div><\/div><\/div><\/div><\/div>\n\n<\/div><\/div><\/div><!-- close content main div --><\/div><\/div><div id='av_section_4' class='avia-section main_color pt-default pb-default avia-no-border-styling avia-bg-style-scroll  avia-builder-el-14  el_after_av_section  avia-builder-el-last  standorte-map-section  container_wrap fullsize' style=' '  ><div class='container' ><div class='template-page content  av-content-full alpha units'><div class='post-entry post-entry-type-page post-entry-30051'><div class='entry-content-wrapper clearfix'>\n<div class=\"flex_column av_one_full  flex_column_div av-zero-column-padding first bg-grey   img-left   avia-builder-el-15  avia-builder-el-no-sibling  \"><div class=\"location\"><div class=\"av_one_third flex_column location-column location-card first\"><article id=\"\" class=\"card-entry person-entry location-entry   text-align-left     \">\n\t<div class=\"card-entry__inner\">\n\t\t\n\t\n\t\t<article id=\"\" class=\"card-entry person-entry location-entry   text-align-left     \">\n\t<div class=\"card-entry__inner\">\n\t\t\n\t<div class=\"card-entry__media media-type-\">\n\t\t<div class=\"card-entry__media-inner\">\n\t\t\t\t\t\t\t\t\t\t\t\t<img decoding=\"async\" src=\"https:\/\/sha.de\/wp-content\/uploads\/bearbeitet_Innenansicht-706x313.jpg\" \/>\n\t\t\t\t\t\t\t\t\t<\/div>\n\t<\/div>\n\n\t<div class=\"card_entry__content-wrap\">\n\t\t\t\t\t<div class=\"card-entry__heading\">\n\t<div class=\"card-entry__heading-inner\">\n\n\n\t\t\t\n\t\t\t\n\t\t\t\n\t\t\t\t\t\t\t<h3 class=\"card-entry__headline company-name \">\n\t\t\t\t\tSHA Scheffler Helbich Architekten GmbH\n\t\t\t\t<\/h3>\n\t\t\t\n\t\t\t\t\t\t\t<span class=\"card-entry__subheadline company-add person-job \">\n\t\t\t\t\tBureau de Berlin\n\t\t\t\t<\/span>\n\t\t\t\n\t\t\n\t<\/div>\n<\/div>\n\t\t\t\t\t<div class=\"card-entry__content content-type-default\">\n\t\t<div class=\"card-entry__content-inner\">\n\t\t\t<p class=\"card-entry__contents\">\n\t\t\t\t\t\t\t\t\t\t\t\t\t\t\t\t\t\t\t\t\t\t<span class=\"content-address content-group\">Erkelenzdamm  59-61,<br\/> Berlin 10999<\/span>\n\t\t\t\t\t\t\t\t\t\t\t\t\t\t\t\t\t\t\t\t\t\t\t\t<span class=\"content-underground content-group\">Kottbusser Tor<\/span>\n\t\t\t\t\t\t\t\t\t\t\t\t\t\t\t\t\t\t<\/p>\n\t\t<\/div>\n\t<\/div>\n\t<\/div>\n\n\t<\/div>\n<\/article>\n\n\t\n\t<\/div>\n<\/article>\n<\/div><div class=\"av_one_third flex_column location-column location-routes routes flex-grow\"><h4 class=\"routes-title\">Plan d'acc\u00e8s Scheffler Helbich Architekten Berlin<\/h4>\n\n<div class=\"routes-notices\">\n            <div class=\"route-notice car\">\n            <span class=\"route-notice-title car\">Acc\u00e8s en voiture<\/span>\n            <p class=\"route-notice-text\">Notre studio \u00e0 Berlin est situ\u00e9 \u00e0 Kreuzberg, pr\u00e8s du Landwehrkanal.<\/p>\n        <\/div>\n                <div class=\"route-notice public\">\n            <span class=\"route-notice-title public\">Acc\u00e8s en transport public  <\/span>\n            <p class=\"route-notice-text\">Le bureau berlinois de SHA est parfaitement desservi par les transports en commun. La station de m\u00e9tro Kottbusser Tor se trouve \u00e0 proximit\u00e9.<\/p>\n        <\/div>\n    <\/div>\n\n    <script type=\"text\/javascript\">\n        function goGmap(dest, atts = '') {\n            \/\/start = document.getElementById('saddr').value;\n            \/\/url = 'https:\/\/www.google.com\/maps\/dir\/?api=1&origin=' + start + '&destination=' + dest + atts;\n\t\t\turl = 'https:\/\/www.google.com\/maps\/dir\/?api=1&origin=&destination=' + dest + atts;\n            window.open(url, '_blank').focus();\n        }\n    <\/script>\n    <form class=\"routes-planner avia-button-wrap theme-fill\">\n        <h5 class=\"routes-title\">Calculer l'itin\u00e9raire maintenant<\/h5>\n        <!-- <input id=\"saddr\" class=\"inputbox start-address\" type=\"text\" placeholder=\"Adresse eingeben\" name=\"saddr\" value=\"\" style=\"visibility:hidden;\"> -->\n                    <a onclick=\"goGmap('Erkelenzdamm 59-61 10999 Berlin', '&travelmode=driving');\" class=\"avia-button avia-size-small avia-position-left color-ci-black hover-yellow\"><span>Itin\u00e9raire en voiture<\/span><\/a>\n                    <a onclick=\"goGmap('Erkelenzdamm 59-61 10999 Berlin', '&travelmode=transit');\" class=\"avia-button avia-size-small avia-position-left color-ci-black hover-yellow\"><span>Itin\u00e9raire en transport en commun<\/span><\/a>\n            <\/form>\n<\/div><div class=\"av_one_third flex_column location-column location-map flex-grow\"> <div class=\"brlbs-cmpnt-container brlbs-cmpnt-content-blocker brlbs-cmpnt-with-individual-styles\" data-borlabs-cookie-content-blocker-id=\"google-maps\" data-borlabs-cookie-content=\"PGlmcmFtZQoJCQkJCQkJICB3aWR0aD0iMTAwJSIKCQkJCQkJCSAgaGVpZ2h0PSIxMDAlIgoJCQkJCQkJICBzdHlsZT0iYm9yZGVyOjFweCBzb2xpZCAjY2ZjZmNmOyIKCQkJCQkJCSAgbG9hZGluZz0ibGF6eSIKCQkJCQkJCSAgYWxsb3dmdWxsc2NyZWVuCgkJCQkJCQkgIHJlZmVycmVycG9saWN5PSJuby1yZWZlcnJlci13aGVuLWRvd25ncmFkZSIKCQkJCQkJCSAgc3JjPSJodHRwczovL3d3dy5nb29nbGUuY29tL21hcHMvZW1iZWQvdjEvcGxhY2U\/a2V5PUFJemFTeUJ6X2gyWUxfWE54ZmFKV2pCMUZ4a0hNM3M2dWpCd0dYbyZxPVNIQSBTY2hlZmZsZXIgSGVsYmljaCBBcmNoaXRla3RlbiBHbWJIIEJlcmxpbiBFcmtlbGVuemRhbW0gIDU5LTYxIDEwOTk5IEJlcmxpbiIKCQkJCQkJPgoJCQkJCQk8L2lmcmFtZT4=\"><div class=\"brlbs-cmpnt-cb-preset-b brlbs-cmpnt-cb-google-maps\"> <div class=\"brlbs-cmpnt-cb-thumbnail\" style=\"background-image: url('https:\/\/sha.de\/wp-content\/uploads\/borlabs-cookie\/1\/brlbs-cb-google-maps-main.png')\"><\/div> <div class=\"brlbs-cmpnt-cb-main\"> <div class=\"brlbs-cmpnt-cb-content\"> <p class=\"brlbs-cmpnt-cb-description\">Vous \u00eates actuellement en train de consulter le contenu d'un espace r\u00e9serv\u00e9 de <strong>Google Maps<\/strong>. Pour acc\u00e9der au contenu r\u00e9el, cliquez sur le bouton ci-dessous. Veuillez noter que ce faisant, des donn\u00e9es seront partag\u00e9es avec des providers tiers.<\/p> <a class=\"brlbs-cmpnt-cb-provider-toggle\" href=\"#\" data-borlabs-cookie-show-provider-information role=\"button\">Plus d'informations<\/a> <\/div> <div class=\"brlbs-cmpnt-cb-buttons\"> <a class=\"brlbs-cmpnt-cb-btn\" href=\"#\" data-borlabs-cookie-unblock role=\"button\">D\u00e9bloquer le contenu<\/a> <a class=\"brlbs-cmpnt-cb-btn\" href=\"#\" data-borlabs-cookie-accept-service role=\"button\" style=\"display: inherit\">Accepter le service requis et d\u00e9bloquer les contenus<\/a> <\/div> <\/div> <\/div><\/div><\/div><\/div><\/div>\n\n","protected":false},"excerpt":{"rendered":"","protected":false},"author":1,"featured_media":0,"parent":0,"menu_order":23,"comment_status":"closed","ping_status":"closed","template":"","meta":{"_acf_changed":false,"content-type":"","footnotes":""},"class_list":["post-30051","page","type-page","status-publish","hentry"],"acf":[],"yoast_head":"<!-- This site is optimized with the Yoast SEO plugin v27.4 - https:\/\/yoast.com\/product\/yoast-seo-wordpress\/ -->\n<title>Contact &amp; acc\u00e8s | SHA Scheffler Helbich Architekten GmbH<\/title>\n<meta name=\"description\" content=\"Vous souhaitez d\u00e9couvrir SHA &amp; nos projets architecturaux ? Vous avez des questions, des souhaits ou des suggestions ? N&#039;h\u00e9sitez pas \u00e0 nous appeler ou \u00e0 nous envoyer un e-mail.\" \/>\n<meta name=\"robots\" content=\"index, follow, max-snippet:-1, max-image-preview:large, max-video-preview:-1\" \/>\n<link rel=\"canonical\" href=\"https:\/\/sha.de\/fr\/contact-2021\" \/>\n<meta property=\"og:locale\" content=\"fr_FR\" \/>\n<meta property=\"og:type\" content=\"article\" \/>\n<meta property=\"og:title\" content=\"Contact &amp; acc\u00e8s | SHA Scheffler Helbich Architekten GmbH\" \/>\n<meta property=\"og:description\" content=\"Vous souhaitez d\u00e9couvrir SHA &amp; nos projets architecturaux ? Vous avez des questions, des souhaits ou des suggestions ? N&#039;h\u00e9sitez pas \u00e0 nous appeler ou \u00e0 nous envoyer un e-mail.\" \/>\n<meta property=\"og:url\" content=\"https:\/\/sha.de\/fr\/contact-2021\" \/>\n<meta property=\"og:site_name\" content=\"SHA Scheffler Helbich Architekten GmbH\" \/>\n<meta property=\"article:modified_time\" content=\"2025-07-03T10:06:45+00:00\" \/>\n<meta name=\"twitter:card\" content=\"summary_large_image\" \/>\n<meta name=\"twitter:label1\" content=\"Dur\u00e9e de lecture estim\u00e9e\" \/>\n\t<meta name=\"twitter:data1\" content=\"3 minutes\" \/>\n<script type=\"application\/ld+json\" class=\"yoast-schema-graph\">{\"@context\":\"https:\\\/\\\/schema.org\",\"@graph\":[{\"@type\":\"WebPage\",\"@id\":\"https:\\\/\\\/sha.de\\\/fr\\\/contact-2021\",\"url\":\"https:\\\/\\\/sha.de\\\/fr\\\/contact-2021\",\"name\":\"Contact & acc\u00e8s | SHA Scheffler Helbich Architekten GmbH\",\"isPartOf\":{\"@id\":\"https:\\\/\\\/sha.de\\\/fr#website\"},\"datePublished\":\"2021-11-22T08:15:48+00:00\",\"dateModified\":\"2025-07-03T10:06:45+00:00\",\"description\":\"Vous souhaitez d\u00e9couvrir SHA & nos projets architecturaux ? Vous avez des questions, des souhaits ou des suggestions ? N'h\u00e9sitez pas \u00e0 nous appeler ou \u00e0 nous envoyer un e-mail.\",\"breadcrumb\":{\"@id\":\"https:\\\/\\\/sha.de\\\/fr\\\/contact-2021#breadcrumb\"},\"inLanguage\":\"fr-FR\",\"potentialAction\":[{\"@type\":\"ReadAction\",\"target\":[\"https:\\\/\\\/sha.de\\\/fr\\\/contact-2021\"]}]},{\"@type\":\"BreadcrumbList\",\"@id\":\"https:\\\/\\\/sha.de\\\/fr\\\/contact-2021#breadcrumb\",\"itemListElement\":[{\"@type\":\"ListItem\",\"position\":1,\"name\":\"Startseite\",\"item\":\"https:\\\/\\\/sha.de\\\/fr\"},{\"@type\":\"ListItem\",\"position\":2,\"name\":\"Contact\"}]},{\"@type\":\"WebSite\",\"@id\":\"https:\\\/\\\/sha.de\\\/fr#website\",\"url\":\"https:\\\/\\\/sha.de\\\/fr\",\"name\":\"SHA Scheffler Helbich Architekten GmbH\",\"description\":\"\",\"potentialAction\":[{\"@type\":\"SearchAction\",\"target\":{\"@type\":\"EntryPoint\",\"urlTemplate\":\"https:\\\/\\\/sha.de\\\/fr?s={search_term_string}\"},\"query-input\":{\"@type\":\"PropertyValueSpecification\",\"valueRequired\":true,\"valueName\":\"search_term_string\"}}],\"inLanguage\":\"fr-FR\"}]}<\/script>\n<!-- \/ Yoast SEO plugin. -->","yoast_head_json":{"title":"Contact & acc\u00e8s | SHA Scheffler Helbich Architekten GmbH","description":"Vous souhaitez d\u00e9couvrir SHA & nos projets architecturaux ? Vous avez des questions, des souhaits ou des suggestions ? N'h\u00e9sitez pas \u00e0 nous appeler ou \u00e0 nous envoyer un e-mail.","robots":{"index":"index","follow":"follow","max-snippet":"max-snippet:-1","max-image-preview":"max-image-preview:large","max-video-preview":"max-video-preview:-1"},"canonical":"https:\/\/sha.de\/fr\/contact-2021","og_locale":"fr_FR","og_type":"article","og_title":"Contact & acc\u00e8s | SHA Scheffler Helbich Architekten GmbH","og_description":"Vous souhaitez d\u00e9couvrir SHA & nos projets architecturaux ? Vous avez des questions, des souhaits ou des suggestions ? N'h\u00e9sitez pas \u00e0 nous appeler ou \u00e0 nous envoyer un e-mail.","og_url":"https:\/\/sha.de\/fr\/contact-2021","og_site_name":"SHA Scheffler Helbich Architekten GmbH","article_modified_time":"2025-07-03T10:06:45+00:00","twitter_card":"summary_large_image","twitter_misc":{"Dur\u00e9e de lecture estim\u00e9e":"3 minutes"},"schema":{"@context":"https:\/\/schema.org","@graph":[{"@type":"WebPage","@id":"https:\/\/sha.de\/fr\/contact-2021","url":"https:\/\/sha.de\/fr\/contact-2021","name":"Contact & acc\u00e8s | SHA Scheffler Helbich Architekten GmbH","isPartOf":{"@id":"https:\/\/sha.de\/fr#website"},"datePublished":"2021-11-22T08:15:48+00:00","dateModified":"2025-07-03T10:06:45+00:00","description":"Vous souhaitez d\u00e9couvrir SHA & nos projets architecturaux ? Vous avez des questions, des souhaits ou des suggestions ? N'h\u00e9sitez pas \u00e0 nous appeler ou \u00e0 nous envoyer un e-mail.","breadcrumb":{"@id":"https:\/\/sha.de\/fr\/contact-2021#breadcrumb"},"inLanguage":"fr-FR","potentialAction":[{"@type":"ReadAction","target":["https:\/\/sha.de\/fr\/contact-2021"]}]},{"@type":"BreadcrumbList","@id":"https:\/\/sha.de\/fr\/contact-2021#breadcrumb","itemListElement":[{"@type":"ListItem","position":1,"name":"Startseite","item":"https:\/\/sha.de\/fr"},{"@type":"ListItem","position":2,"name":"Contact"}]},{"@type":"WebSite","@id":"https:\/\/sha.de\/fr#website","url":"https:\/\/sha.de\/fr","name":"SHA Scheffler Helbich Architekten GmbH","description":"","potentialAction":[{"@type":"SearchAction","target":{"@type":"EntryPoint","urlTemplate":"https:\/\/sha.de\/fr?s={search_term_string}"},"query-input":{"@type":"PropertyValueSpecification","valueRequired":true,"valueName":"search_term_string"}}],"inLanguage":"fr-FR"}]}},"_links":{"self":[{"href":"https:\/\/sha.de\/fr\/wp-json\/wp\/v2\/pages\/30051","targetHints":{"allow":["GET"]}}],"collection":[{"href":"https:\/\/sha.de\/fr\/wp-json\/wp\/v2\/pages"}],"about":[{"href":"https:\/\/sha.de\/fr\/wp-json\/wp\/v2\/types\/page"}],"author":[{"embeddable":true,"href":"https:\/\/sha.de\/fr\/wp-json\/wp\/v2\/users\/1"}],"replies":[{"embeddable":true,"href":"https:\/\/sha.de\/fr\/wp-json\/wp\/v2\/comments?post=30051"}],"version-history":[{"count":17,"href":"https:\/\/sha.de\/fr\/wp-json\/wp\/v2\/pages\/30051\/revisions"}],"predecessor-version":[{"id":53422,"href":"https:\/\/sha.de\/fr\/wp-json\/wp\/v2\/pages\/30051\/revisions\/53422"}],"wp:attachment":[{"href":"https:\/\/sha.de\/fr\/wp-json\/wp\/v2\/media?parent=30051"}],"curies":[{"name":"wp","href":"https:\/\/api.w.org\/{rel}","templated":true}]}}