{"id":30296,"date":"2023-03-21T08:12:32","date_gmt":"2023-03-21T07:12:32","guid":{"rendered":"https:\/\/sha.de\/responsabilite"},"modified":"2024-08-28T14:59:39","modified_gmt":"2024-08-28T12:59:39","slug":"responsabilite","status":"publish","type":"page","link":"https:\/\/sha.de\/fr\/responsabilite","title":{"rendered":"Responsabilit\u00e9"},"content":{"rendered":"<div id='av_section_1' class='avia-section main_color pt-default pb-default avia-no-border-styling avia-bg-style-scroll  avia-builder-el-0  el_before_av_section  avia-builder-el-first  verantwortung-intro  container_wrap fullsize' style=' '  ><div class='container' ><main  role=\"main\" itemprop=\"mainContentOfPage\"  class='template-page content  av-content-full alpha units'><div class='post-entry post-entry-type-page post-entry-30296'><div class='entry-content-wrapper clearfix'>\n<div class=\"flex_column av_two_third  flex_column_div av-zero-column-padding first       avia-builder-el-1  el_before_av_one_third  avia-builder-el-first  \"><p>\n\t\t\t<div id=\"av-1778rfs\" class=\"headline-column flex_column av_one_full flex_column_div first \">\n\t\t\t\t<div class=\"headline-wrap is-outside align-left sub-bottom\">\n\t\t\t\t\t<h1 class=\"headline-content headline-primary\">Nous prenons nos responsabilit\u00e9s  <\/h1>\n\t\t\t\t\t<h3 class=\"headline-content headline-secondary\">Un engagement global pour l\u2019environnement et la soci\u00e9t\u00e9<\/h3>\n\t\t\t\t<\/div>\n\t\t\t<\/div><br \/>\n<br \/>\n<section  class='av_textblock_section av-lfhx8c2w-465137514c56e234f15c9600686128e0 '   itemscope=\"itemscope\" itemtype=\"https:\/\/schema.org\/CreativeWork\" ><div class='avia_textblock'  itemprop=\"text\" ><p>Ensemble, nous voulons fa\u00e7onner notre environnement et en assumer la responsabilit\u00e9 ! Nous nous engageons \u00e0 ce que nos actions personnelles, notre travail au sein du bureau et en tant que bureau, ainsi que notre engagement social aient une influence positive sur nos coll\u00e8gues, nos partenaires de planification et nos ma\u00eetres d&rsquo;ouvrage, sur l&rsquo;environnement naturel et b\u00e2ti ainsi que sur la soci\u00e9t\u00e9.<\/p>\n<p>Nous remettons en question notre travail d&rsquo;un point de vue architectural, social, environnemental et \u00e9conomique et essayons ainsi d&rsquo;influencer et de promouvoir de mani\u00e8re positive le bien commun et la d\u00e9mocratie, l&rsquo;architecture et l&rsquo;urbanisme, la justice sociale et la croissance \u00e9conomique, ainsi que la vigilance \u00e9cologique et la neutralit\u00e9 climatique.<\/p>\n<\/div><\/section><br \/>\n<br \/>\n<section  class='av_textblock_section av-2gjeo8-e6849e66f7d7d7a03a1d3cfd943eab31 '   itemscope=\"itemscope\" itemtype=\"https:\/\/schema.org\/CreativeWork\" ><div class='avia_textblock'  itemprop=\"text\" ><p>L&rsquo;engagement social, \u00e9cologique et architectural ainsi que l&rsquo;action \u00e9conomique ne doivent pas \u00eatre uniquement le fruit de la charit\u00e9, mais reposent sur la ferme conviction que c&rsquo;est la seule fa\u00e7on pour notre plan\u00e8te, notre soci\u00e9t\u00e9, nous en tant que bureau et chaque individu de profiter personnellement et d&rsquo;\u00e9voluer positivement.<\/p>\n<p>Notre objectif est de d\u00e9velopper des solutions durables aux d\u00e9fis de notre \u00e9poque. Nous voulons ainsi nous assurer que nos projets et nos solutions sont non seulement \u00e9cologiques et socialement acceptables, mais aussi \u00e9conomiquement viables et p\u00e9rennes. Nous prenons nos responsabilit\u00e9s et agissons activement pour construire un avenir durable pour tous.<\/p>\n<\/div><\/section><br \/>\n<\/p><\/div><div class=\"flex_column av_one_third  flex_column_div av-zero-column-padding        avia-builder-el-8  el_after_av_two_third  avia-builder-el-last  \"><div  class='avia-image-container  av-styling-    avia-builder-el-9  avia-builder-el-no-sibling  verantwortung-kreis avia-align-center'  itemprop=\"image\" itemscope=\"itemscope\" itemtype=\"https:\/\/schema.org\/ImageObject\"  ><div class='avia-image-container-inner'><div class='avia-image-overlay-wrap'><a href='https:\/\/sha.de\/wp-content\/uploads\/kreis-verantwortung_fr.png' class='avia_image'  ><img class='avia_image ' src='https:\/\/sha.de\/wp-content\/uploads\/kreis-verantwortung_fr.png' alt='' title='Kreis Verantwortung | SHA Scheffler Helbich Architekten'  itemprop=\"thumbnailUrl\"  \/><\/a><\/div><\/div><\/div><\/div>\n\n<\/div><\/div><\/main><!-- close content main element --><\/div><\/div><div id='av_section_2' class='avia-section alternate_color pt-large pb-large avia-no-border-styling avia-bg-style-scroll  avia-builder-el-10  el_after_av_section  el_before_av_one_full   container_wrap fullsize' style=' '  ><div class='container' ><div class='template-page content  av-content-full alpha units'><div class='post-entry post-entry-type-page post-entry-30296'><div class='entry-content-wrapper clearfix'>\n<div class=\"flex_column av_one_third  flex_column_div av-zero-column-padding first       avia-builder-el-11  el_before_av_two_third  avia-builder-el-first  \"><p>\n\t\t\t<div id=\"av-lfhx7azr\" class=\"headline-column flex_column av_one_full flex_column_div first \">\n\t\t\t\t<div class=\"headline-wrap is-outside align-left sub-bottom\">\n\t\t\t\t\t<h2 class=\"headline-content headline-primary\"><span style=&quot;font-weight: 300;&quot;>Notre vision<\/span> <br \/>pour un monde meilleur<\/h2>\n\t\t\t\t\t<h3 class=\"headline-content headline-secondary\">17 Objectifs de d\u00e9veloppement durable<\/h3>\n\t\t\t\t<\/div>\n\t\t\t<\/div><br \/>\n<section  class='av_textblock_section av-lfhx8i21-2a484ee4a1d3c7e013f8192a5a55bcd7 '   itemscope=\"itemscope\" itemtype=\"https:\/\/schema.org\/CreativeWork\" ><div class='avia_textblock'  itemprop=\"text\" ><p>Nous prenons en compte les Objectifs de d\u00e9veloppement durable des Nations unies et assumons nos responsabilit\u00e9s en mettant en \u0153uvre autant de mesures de construction durable que possible dans nos projets.<\/p>\n<p>Un engagement holistique et la durabilit\u00e9 dans l&rsquo;architecture ne contribuent pas seulement \u00e0 un meilleur environnement, mais peuvent \u00e9galement contribuer \u00e0 am\u00e9liorer la qualit\u00e9 de vie des personnes et \u00e0 r\u00e9duire les co\u00fbts au fil du temps.<\/p>\n<p>Cela signifie que nous tenons compte des exigences en mati\u00e8re d&rsquo;efficacit\u00e9 \u00e9nerg\u00e9tique, d&rsquo;utilisation des ressources et d&rsquo;utilisation de mat\u00e9riaux de construction durables lors de la planification et de la conception de nos projets de construction.<\/p>\n<\/div><\/section><\/p><\/div><div class=\"flex_column av_two_third  flex_column_div av-zero-column-padding        avia-builder-el-14  el_after_av_one_third  avia-builder-el-last  \"><\/div>\n<\/div><\/div><\/div><!-- close content main div --><\/div><\/div><div id='after_section_2' class='main_color av_default_container_wrap container_wrap fullsize' style=' '  ><div class='container' ><div class='template-page content  av-content-full alpha units'><div class='post-entry post-entry-type-page post-entry-30296'><div class='entry-content-wrapper clearfix'>\n<div class=\"flex_column av_one_full  flex_column_div av-zero-column-padding first bg-default   img-left   avia-builder-el-16  el_after_av_section  el_before_av_codeblock  avia-builder-el-first  \"><div  class='avia-image-container  av-styling-    avia-builder-el-17  avia-builder-el-no-sibling  avia-align-center'  itemprop=\"image\" itemscope=\"itemscope\" itemtype=\"https:\/\/schema.org\/ImageObject\"  ><div class='avia-image-container-inner'><div class='avia-image-overlay-wrap'><img class='avia_image' src='https:\/\/sha.de\/wp-content\/uploads\/SHA_Pikto_Nachhaltigkeit_fr.jpg' alt='' title='231102_Pikto Nachhaltigkeit' height=\"2140\" width=\"2560\"  itemprop=\"thumbnailUrl\"  \/><\/div><\/div><\/div><\/div>\n\n<div  class='hr av-km52ko-3d141b2593b484a588be51625b3226b9 hr-default  avia-builder-el-19  el_after_av_codeblock  el_before_av_codeblock '><span class='hr-inner '><span class=\"hr-inner-style\"><\/span><\/span><\/div>\n\n\n\t\t\t<div id=\"av-lp123ael\" class=\"headline-column flex_column av_one_full flex_column_div first \">\n\t\t\t\t<div class=\"headline-wrap is-outside align-left sub-bottom\">\n\t\t\t\t\t<h1 class=\"headline-content headline-primary\">Concept \u00e9nerg\u00e9tique et durabilit\u00e9<\/h1>\n\t\t\t\t\t<h3 class=\"headline-content headline-secondary\">Comment int\u00e9grer les SDGs dans notre planification<\/h3>\n\t\t\t\t<\/div>\n\t\t\t<\/div>\n<div class=\"flex_column av_one_half  flex_column_div av-zero-column-padding first bg-default   img-left   avia-builder-el-22  el_after_pixel_sc_headline  el_before_av_one_half  \"><section  class='av_textblock_section av-lp15ppgc-152068c2c2a64d140961b23f79d17a57 '   itemscope=\"itemscope\" itemtype=\"https:\/\/schema.org\/CreativeWork\" ><div class='avia_textblock'  itemprop=\"text\" ><p>Avec cet exemple, nous montrons comment un concept de b\u00e2timent peut \u00eatre extr\u00eamement durable au sens de tous les SDG. Le plus grand \u00e9l\u00e9ment est constitu\u00e9 par les vieux arbres qui, en raison de leur \u00e2ge et de leur taille, sont capables d&rsquo;absorber une quantit\u00e9 particuli\u00e8rement importante de CO2, mais surtout d&rsquo;assurer un climat int\u00e9rieur \u00e9quilibr\u00e9 et une protection naturelle contre le soleil. Les parkings sont cr\u00e9\u00e9s sur des sites de conversion et pr\u00e9servent l&rsquo;utilisation de l&rsquo;espace. Toutes les surfaces libres sont con\u00e7ues pour permettre l&rsquo;infiltration et l&rsquo;eau de pluie est laiss\u00e9e sur le terrain, de sorte que le quartier peut \u00eatre consid\u00e9r\u00e9 comme un \u00e9l\u00e9ment important dans l&rsquo;esprit de la ville \u00e9ponge. En outre, des citernes sont pr\u00e9vues pour assurer l&rsquo;utilisation des eaux grises pour les sanitaires et l&rsquo;arrosage des toits. Le b\u00e2timent principal est une construction hybride dont le mode de construction utilise les avantages respectifs des \u00e9l\u00e9ments de construction correspondants : Les deux \u00e9tages de base sont dot\u00e9s d&rsquo;une structure primaire en b\u00e9ton contenant un pourcentage \u00e9lev\u00e9 de b\u00e9ton \u00e9cologique et recycl\u00e9, ce qui permet de cr\u00e9er de grandes port\u00e9es. Les \u00e9tages sup\u00e9rieurs profitent des avantages du bois, un mat\u00e9riau de construction renouvelable, avec son faible poids propre et la possibilit\u00e9 de cr\u00e9er toutes les structures spatiales n\u00e9cessaires avec des port\u00e9es r\u00e9duites. Les deux types de construction peuvent \u00eatre r\u00e9alis\u00e9s selon le principe \u00ab\u00a0Cradle to Cradle\u00a0\u00bb (du berceau au berceau), c&rsquo;est-\u00e0-dire qu&rsquo;ils peuvent \u00eatre enti\u00e8rement d\u00e9mont\u00e9s et recycl\u00e9s.<\/p>\n<\/div><\/section><\/div><div class=\"flex_column av_one_half  flex_column_div av-zero-column-padding  bg-default   img-left   avia-builder-el-24  el_after_av_one_half  el_before_av_hr  \"><section  class='av_textblock_section av-lp15qbkc-8c1aeee5e2e9c2210c4764c3671f2d03 '   itemscope=\"itemscope\" itemtype=\"https:\/\/schema.org\/CreativeWork\" ><div class='avia_textblock'  itemprop=\"text\" ><p>Le b\u00e2timent est bien entendu con\u00e7u selon la norme KfW40-NH, ce qui permet de minimiser les consommations, m\u00eame en fonctionnement. Des \u00e9changeurs g\u00e9othermiques permettent d&rsquo;optimiser la temp\u00e9rature d&rsquo;alimentation en hiver comme en \u00e9t\u00e9. Les modules PV sur le parking servent de protection solaire et constituent, avec les modules de fa\u00e7ade du parking et les modules de toit sur le b\u00e2timent principal, un \u00e9l\u00e9ment consid\u00e9rable de la production d&rsquo;\u00e9nergie durable. Un stockage de glace sous le b\u00e2timent permet de stocker les exc\u00e9dents estivaux et de les utiliser comme \u00e9nergie de chauffage en hiver. Toutes les fa\u00e7ades peuvent \u00eatre utilis\u00e9es pour une ventilation individuelle et naturelle, qui est en outre utilis\u00e9e de mani\u00e8re automatis\u00e9e pour le refroidissement nocturne. De cette mani\u00e8re, il est possible d&rsquo;assurer une climatisation optimale sans devoir recourir uniquement \u00e0 des moyens m\u00e9caniques. Dans la suite de la r\u00e9alisation, des simulations permettraient de d\u00e9montrer comment optimiser davantage l&rsquo;apport de lumi\u00e8re et de chaleur par la fa\u00e7ade. Les toits en terrasse du b\u00e2timent principal seront des toits verts intensifs avec des espaces de d\u00e9tente pour le personnel. De cette mani\u00e8re, les \u00e9changes sociaux sont favoris\u00e9s, tout comme l&rsquo;am\u00e9lioration du microclimat et la fixation de la poussi\u00e8re.<\/p>\n<\/div><\/section><\/div><\/p>\n<div  class='hr av-11689fs-7a38d752081b36257053ce714d60aa3d hr-default  avia-builder-el-26  el_after_av_one_half  el_before_av_codeblock '><span class='hr-inner '><span class=\"hr-inner-style\"><\/span><\/span><\/div>\n\n<\/div><\/div><\/div><!-- close content main div --><\/div><\/div><div id='av_section_3' class='avia-section main_color pt-default pb-default avia-no-border-styling avia-bg-style-scroll  avia-builder-el-28  el_after_av_codeblock  el_before_av_section  info  container_wrap fullsize' style=' '  ><div class='container' ><div class='template-page content  av-content-full alpha units'><div class='post-entry post-entry-type-page post-entry-30296'><div class='entry-content-wrapper clearfix'>\n<div class=\"flex_column av_one_third  flex_column_div av-zero-column-padding first       avia-builder-el-29  el_before_av_one_third  avia-builder-el-first  \"><article id=\"av-jzcg9m2c\" class=\"card-entry text-align-left   has-button\">\n\t<div class=\"card-entry__inner\">\n\t\t\n\t\t\t<div class=\"card-entry__media media-type-image\">\n\t<div class=\"card-entry__media-inner\">\n\t\t\t\t\t\t\t<div class=\"card-entry__action\">\n\t<div class=\"card-entry__action-inner\">\n\t\t<div class=\"card-entry__button-wrap avia-button-wrap avia-button-left \">\n\t\t\t<a class=\"card-entry__button avia-button avia-color-ci-black hover-yellow avia-size-small avia-position-left\" href=\"https:\/\/sha.de\/buero\/sha-damals-heute\" target=\"_self\">\n\t\t\t\t<span class=\"button-icon\"><i class=\"icon-arrow_next\"><\/i><\/span>\n\t\t\t\t<span class=\"button-text\">En savoir plus<\/span>\n\t\t\t<\/a>\n\t\t<\/div>\n\t<\/div>\n<\/div>\n\t\t\t\t\t<a class=\"card-entry__link\" href=\"https:\/\/sha.de\/buero\/sha-damals-heute\" target=\"_self\">\t\t\t<img decoding=\"async\" src=\"https:\/\/sha.de\/wp-content\/uploads\/verantwortung-klimaneutral.jpg\" alt=\"\">\n\t\t<\/a>\t<\/div>\n<\/div>\n\t\n\t\t\t<div class=\"card-entry__heading\">\n\t<div class=\"card-entry__heading-inner\">\n\n\t\t\n\t\t\t\n\t\t\t\t\t\t\t<h3 class=\"card-entry__headline  h3-\">\n\t\t\t\t\tDurable &amp; <strong>neutre pour le climat<\/strong>\n\t\t\t\t<\/h3>\n\t\t\t\n\t\t\t\t\t\t\t<p class=\"card-entry__subheadline  -\">\n\t\t\t\t\tConstruire pour l\u2019avenir : l\u2019architecture face au changement climatique\n\t\t\t\t<\/p>\n\t\t\t\n\t\t\n\t<\/div>\n<\/div>\n\t\n\t\n\t<\/div>\n<\/article><\/div><div class=\"flex_column av_one_third  flex_column_div av-zero-column-padding        avia-builder-el-31  el_after_av_one_third  el_before_av_one_third  \"><article id=\"av-jzcg9m2c-7\" class=\"card-entry text-align-left   has-button\">\n\t<div class=\"card-entry__inner\">\n\t\t\n\t\t\t<div class=\"card-entry__media media-type-image\">\n\t<div class=\"card-entry__media-inner\">\n\t\t\t\t\t\t\t<div class=\"card-entry__action\">\n\t<div class=\"card-entry__action-inner\">\n\t\t<div class=\"card-entry__button-wrap avia-button-wrap avia-button-left \">\n\t\t\t<a class=\"card-entry__button avia-button avia-color-ci-black hover-yellow avia-size-small avia-position-left\" href=\"https:\/\/sha.de\/buero\/geschaeftsleitung\" target=\"_self\">\n\t\t\t\t<span class=\"button-icon\"><i class=\"icon-arrow_next\"><\/i><\/span>\n\t\t\t\t<span class=\"button-text\">En savoir plus<\/span>\n\t\t\t<\/a>\n\t\t<\/div>\n\t<\/div>\n<\/div>\n\t\t\t\t\t<a class=\"card-entry__link\" href=\"https:\/\/sha.de\/buero\/geschaeftsleitung\" target=\"_self\">\t\t\t<img decoding=\"async\" src=\"https:\/\/sha.de\/wp-content\/uploads\/verantwortung-gebaeudezertifizierung.jpg\" alt=\"\">\n\t\t<\/a>\t<\/div>\n<\/div>\n\t\n\t\t\t<div class=\"card-entry__heading\">\n\t<div class=\"card-entry__heading-inner\">\n\n\t\t\n\t\t\t\n\t\t\t\t\t\t\t<h3 class=\"card-entry__headline  h3-\">\n\t\t\t\t\t<strong>Certification<\/strong> des b\u00e2timents\n\t\t\t\t<\/h3>\n\t\t\t\n\t\t\t\t\t\t\t<p class=\"card-entry__subheadline  -\">\n\t\t\t\t\tNous vous aidons \u00e0 obtenir la certification de vos b\u00e2timents gr\u00e2ce \u00e0 nos conseils.\n\t\t\t\t<\/p>\n\t\t\t\n\t\t\n\t<\/div>\n<\/div>\n\t\n\t\n\t<\/div>\n<\/article><\/div><div class=\"flex_column av_one_third  flex_column_div av-zero-column-padding        avia-builder-el-33  el_after_av_one_third  avia-builder-el-last  \"><article id=\"av-jzcg9m2c-5\" class=\"card-entry text-align-left   has-button\">\n\t<div class=\"card-entry__inner\">\n\t\t\n\t\t\t<div class=\"card-entry__media media-type-image\">\n\t<div class=\"card-entry__media-inner\">\n\t\t\t\t\t\t\t<div class=\"card-entry__action\">\n\t<div class=\"card-entry__action-inner\">\n\t\t<div class=\"card-entry__button-wrap avia-button-wrap avia-button-left \">\n\t\t\t<a class=\"card-entry__button avia-button avia-color-ci-black hover-yellow avia-size-small avia-position-left\" href=\"https:\/\/sha.de\/kontakt\" target=\"_self\">\n\t\t\t\t<span class=\"button-icon\"><i class=\"icon-arrow_next\"><\/i><\/span>\n\t\t\t\t<span class=\"button-text\">En savoir plus<\/span>\n\t\t\t<\/a>\n\t\t<\/div>\n\t<\/div>\n<\/div>\n\t\t\t\t\t<a class=\"card-entry__link\" href=\"https:\/\/sha.de\/kontakt\" target=\"_self\">\t\t\t<img decoding=\"async\" src=\"https:\/\/sha.de\/wp-content\/uploads\/verantwortung-footprint.jpg\" alt=\"\">\n\t\t<\/a>\t<\/div>\n<\/div>\n\t\n\t\t\t<div class=\"card-entry__heading\">\n\t<div class=\"card-entry__heading-inner\">\n\n\t\t\n\t\t\t\n\t\t\t\t\t\t\t<h3 class=\"card-entry__headline  h3-\">\n\t\t\t\t\tNotre  <strong><sub>Empreinte carbone<\/sub><\/strong>\n\t\t\t\t<\/h3>\n\t\t\t\n\t\t\t\t\t\t\t<p class=\"card-entry__subheadline  -\">\n\t\t\t\t\tComment nous encourageons la sensibilisation au d\u00e9veloppement durable dans notre entreprise.\n\t\t\t\t<\/p>\n\t\t\t\n\t\t\n\t<\/div>\n<\/div>\n\t\n\t\n\t<\/div>\n<\/article><\/div>\n\n<\/div><\/div><\/div><!-- close content main div --><\/div><\/div><div id='av_section_4' class='avia-section main_color pt-large pb-large avia-no-border-styling avia-bg-style-scroll  avia-builder-el-35  el_after_av_section  avia-builder-el-last   container_wrap fullsize' style=' '  ><div class='container' ><div class='template-page content  av-content-full alpha units'><div class='post-entry post-entry-type-page post-entry-30296'><div class='entry-content-wrapper clearfix'>\n<div class=\"flex_column av_one_third  flex_column_div av-zero-column-padding first       avia-builder-el-36  el_before_av_one_third  avia-builder-el-first  \"><p>\n\t\t\t<div id=\"av-lfi0foot\" class=\"headline-column flex_column av_one_full flex_column_div first \">\n\t\t\t\t<div class=\"headline-wrap is-outside align-left sub-bottom\">\n\t\t\t\t\t<h2 class=\"headline-content headline-primary\"><span style=&quot;font-weight:300; &quot;>Nos<\/span> affiliations<\/h2>\n\t\t\t\t\t<h3 class=\"headline-content headline-secondary\">Pour la durabilit\u00e9 dans la construction<\/h3>\n\t\t\t\t<\/div>\n\t\t\t<\/div><br \/>\n<section  class='av_textblock_section av-lfi0f9vv-2dd71b5577aba58827776b32a006c4e7 '   itemscope=\"itemscope\" itemtype=\"https:\/\/schema.org\/CreativeWork\" ><div class='avia_textblock'  itemprop=\"text\" ><p>En tant que membre des organisations renomm\u00e9es DGNB et GGBA, nous nous engageons \u00e0 promouvoir des pratiques de construction durables et respectueuses de l&rsquo;environnement. Ensemble, nous nous effor\u00e7ons de contribuer \u00e0 un avenir meilleur.<\/p>\n<\/div><\/section><\/p><\/div><div class=\"flex_column av_one_third  flex_column_div av-zero-column-padding        avia-builder-el-39  el_after_av_one_third  avia-builder-el-last  \"><div  class='avia-image-container  av-styling-    avia-builder-el-40  avia-builder-el-no-sibling  avia-align-center'  itemprop=\"image\" itemscope=\"itemscope\" itemtype=\"https:\/\/schema.org\/ImageObject\"  ><div class='avia-image-container-inner'><div class='avia-image-overlay-wrap'><a href='https:\/\/sha.de\/wp-content\/uploads\/verantwortung-dgnb.png' class='avia_image'  ><img class='avia_image ' src='https:\/\/sha.de\/wp-content\/uploads\/verantwortung-dgnb.png' alt='' title='Mitglied der DGNB'  itemprop=\"thumbnailUrl\"  \/><\/a><\/div><\/div><\/div><\/div>\n\n","protected":false},"excerpt":{"rendered":"","protected":false},"author":1,"featured_media":0,"parent":0,"menu_order":8,"comment_status":"closed","ping_status":"closed","template":"","meta":{"_acf_changed":false,"content-type":"","footnotes":""},"class_list":["post-30296","page","type-page","status-publish","hentry"],"acf":[],"yoast_head":"<!-- This site is optimized with the Yoast SEO plugin v27.4 - https:\/\/yoast.com\/product\/yoast-seo-wordpress\/ -->\n<title>Architectes \u00e0 Dortmund | SHA Scheffler Helbich Architekten GmbH<\/title>\n<meta name=\"description\" content=\"Vos architectes de Dortmund et Berlin avec des services personnalis\u00e9s &amp; des comp\u00e9tences fortes. Conseil \u2713 Concept \u2713 Planification \u2713 R\u00e9alisation \u2713 Suivi\" \/>\n<meta name=\"robots\" content=\"index, follow, max-snippet:-1, max-image-preview:large, max-video-preview:-1\" \/>\n<link rel=\"canonical\" href=\"https:\/\/sha.de\/fr\/responsabilite\" \/>\n<meta property=\"og:locale\" content=\"fr_FR\" \/>\n<meta property=\"og:type\" content=\"article\" \/>\n<meta property=\"og:title\" content=\"Architectes \u00e0 Dortmund | SHA Scheffler Helbich Architekten GmbH\" \/>\n<meta property=\"og:description\" content=\"Vos architectes de Dortmund et Berlin avec des services personnalis\u00e9s &amp; des comp\u00e9tences fortes. Conseil \u2713 Concept \u2713 Planification \u2713 R\u00e9alisation \u2713 Suivi\" \/>\n<meta property=\"og:url\" content=\"https:\/\/sha.de\/fr\/responsabilite\" \/>\n<meta property=\"og:site_name\" content=\"SHA Scheffler Helbich Architekten GmbH\" \/>\n<meta property=\"article:modified_time\" content=\"2024-08-28T12:59:39+00:00\" \/>\n<meta name=\"twitter:card\" content=\"summary_large_image\" \/>\n<meta name=\"twitter:label1\" content=\"Dur\u00e9e de lecture estim\u00e9e\" \/>\n\t<meta name=\"twitter:data1\" content=\"23 minutes\" \/>\n<script type=\"application\/ld+json\" class=\"yoast-schema-graph\">{\"@context\":\"https:\\\/\\\/schema.org\",\"@graph\":[{\"@type\":\"WebPage\",\"@id\":\"https:\\\/\\\/sha.de\\\/fr\\\/responsabilite\",\"url\":\"https:\\\/\\\/sha.de\\\/fr\\\/responsabilite\",\"name\":\"Architectes \u00e0 Dortmund | SHA Scheffler Helbich Architekten GmbH\",\"isPartOf\":{\"@id\":\"https:\\\/\\\/sha.de\\\/fr#website\"},\"datePublished\":\"2023-03-21T07:12:32+00:00\",\"dateModified\":\"2024-08-28T12:59:39+00:00\",\"description\":\"Vos architectes de Dortmund et Berlin avec des services personnalis\u00e9s & des comp\u00e9tences fortes. Conseil \u2713 Concept \u2713 Planification \u2713 R\u00e9alisation \u2713 Suivi\",\"breadcrumb\":{\"@id\":\"https:\\\/\\\/sha.de\\\/fr\\\/responsabilite#breadcrumb\"},\"inLanguage\":\"fr-FR\",\"potentialAction\":[{\"@type\":\"ReadAction\",\"target\":[\"https:\\\/\\\/sha.de\\\/fr\\\/responsabilite\"]}]},{\"@type\":\"BreadcrumbList\",\"@id\":\"https:\\\/\\\/sha.de\\\/fr\\\/responsabilite#breadcrumb\",\"itemListElement\":[{\"@type\":\"ListItem\",\"position\":1,\"name\":\"Startseite\",\"item\":\"https:\\\/\\\/sha.de\\\/fr\"},{\"@type\":\"ListItem\",\"position\":2,\"name\":\"Responsabilit\u00e9\"}]},{\"@type\":\"WebSite\",\"@id\":\"https:\\\/\\\/sha.de\\\/fr#website\",\"url\":\"https:\\\/\\\/sha.de\\\/fr\",\"name\":\"SHA Scheffler Helbich Architekten GmbH\",\"description\":\"\",\"potentialAction\":[{\"@type\":\"SearchAction\",\"target\":{\"@type\":\"EntryPoint\",\"urlTemplate\":\"https:\\\/\\\/sha.de\\\/fr?s={search_term_string}\"},\"query-input\":{\"@type\":\"PropertyValueSpecification\",\"valueRequired\":true,\"valueName\":\"search_term_string\"}}],\"inLanguage\":\"fr-FR\"}]}<\/script>\n<!-- \/ Yoast SEO plugin. -->","yoast_head_json":{"title":"Architectes \u00e0 Dortmund | SHA Scheffler Helbich Architekten GmbH","description":"Vos architectes de Dortmund et Berlin avec des services personnalis\u00e9s & des comp\u00e9tences fortes. Conseil \u2713 Concept \u2713 Planification \u2713 R\u00e9alisation \u2713 Suivi","robots":{"index":"index","follow":"follow","max-snippet":"max-snippet:-1","max-image-preview":"max-image-preview:large","max-video-preview":"max-video-preview:-1"},"canonical":"https:\/\/sha.de\/fr\/responsabilite","og_locale":"fr_FR","og_type":"article","og_title":"Architectes \u00e0 Dortmund | SHA Scheffler Helbich Architekten GmbH","og_description":"Vos architectes de Dortmund et Berlin avec des services personnalis\u00e9s & des comp\u00e9tences fortes. Conseil \u2713 Concept \u2713 Planification \u2713 R\u00e9alisation \u2713 Suivi","og_url":"https:\/\/sha.de\/fr\/responsabilite","og_site_name":"SHA Scheffler Helbich Architekten GmbH","article_modified_time":"2024-08-28T12:59:39+00:00","twitter_card":"summary_large_image","twitter_misc":{"Dur\u00e9e de lecture estim\u00e9e":"23 minutes"},"schema":{"@context":"https:\/\/schema.org","@graph":[{"@type":"WebPage","@id":"https:\/\/sha.de\/fr\/responsabilite","url":"https:\/\/sha.de\/fr\/responsabilite","name":"Architectes \u00e0 Dortmund | SHA Scheffler Helbich Architekten GmbH","isPartOf":{"@id":"https:\/\/sha.de\/fr#website"},"datePublished":"2023-03-21T07:12:32+00:00","dateModified":"2024-08-28T12:59:39+00:00","description":"Vos architectes de Dortmund et Berlin avec des services personnalis\u00e9s & des comp\u00e9tences fortes. Conseil \u2713 Concept \u2713 Planification \u2713 R\u00e9alisation \u2713 Suivi","breadcrumb":{"@id":"https:\/\/sha.de\/fr\/responsabilite#breadcrumb"},"inLanguage":"fr-FR","potentialAction":[{"@type":"ReadAction","target":["https:\/\/sha.de\/fr\/responsabilite"]}]},{"@type":"BreadcrumbList","@id":"https:\/\/sha.de\/fr\/responsabilite#breadcrumb","itemListElement":[{"@type":"ListItem","position":1,"name":"Startseite","item":"https:\/\/sha.de\/fr"},{"@type":"ListItem","position":2,"name":"Responsabilit\u00e9"}]},{"@type":"WebSite","@id":"https:\/\/sha.de\/fr#website","url":"https:\/\/sha.de\/fr","name":"SHA Scheffler Helbich Architekten GmbH","description":"","potentialAction":[{"@type":"SearchAction","target":{"@type":"EntryPoint","urlTemplate":"https:\/\/sha.de\/fr?s={search_term_string}"},"query-input":{"@type":"PropertyValueSpecification","valueRequired":true,"valueName":"search_term_string"}}],"inLanguage":"fr-FR"}]}},"_links":{"self":[{"href":"https:\/\/sha.de\/fr\/wp-json\/wp\/v2\/pages\/30296","targetHints":{"allow":["GET"]}}],"collection":[{"href":"https:\/\/sha.de\/fr\/wp-json\/wp\/v2\/pages"}],"about":[{"href":"https:\/\/sha.de\/fr\/wp-json\/wp\/v2\/types\/page"}],"author":[{"embeddable":true,"href":"https:\/\/sha.de\/fr\/wp-json\/wp\/v2\/users\/1"}],"replies":[{"embeddable":true,"href":"https:\/\/sha.de\/fr\/wp-json\/wp\/v2\/comments?post=30296"}],"version-history":[{"count":16,"href":"https:\/\/sha.de\/fr\/wp-json\/wp\/v2\/pages\/30296\/revisions"}],"predecessor-version":[{"id":37650,"href":"https:\/\/sha.de\/fr\/wp-json\/wp\/v2\/pages\/30296\/revisions\/37650"}],"wp:attachment":[{"href":"https:\/\/sha.de\/fr\/wp-json\/wp\/v2\/media?parent=30296"}],"curies":[{"name":"wp","href":"https:\/\/api.w.org\/{rel}","templated":true}]}}