{"id":37849,"date":"2020-02-06T07:34:43","date_gmt":"2020-02-06T06:34:43","guid":{"rendered":"https:\/\/sha.de\/services\/suivi"},"modified":"2024-08-28T15:00:04","modified_gmt":"2024-08-28T13:00:04","slug":"suivi","status":"publish","type":"page","link":"https:\/\/sha.de\/fr\/services\/suivi","title":{"rendered":"Suivi"},"content":{"rendered":"<div id='av_section_1' class='avia-section main_color pt-default pb-default avia-no-border-styling avia-bg-style-scroll  avia-builder-el-0  el_before_av_section  avia-builder-el-first   container_wrap fullsize' style=' '  ><div class='container' ><main  role=\"main\" itemprop=\"mainContentOfPage\"  class='template-page content  av-content-full alpha units'><div class='post-entry post-entry-type-page post-entry-37849'><div class='entry-content-wrapper clearfix'>\n\n\t\t\t<div id=\"av-k55bagx6\" class=\"headline-column flex_column av_one_full flex_column_div first \">\n\t\t\t\t<div class=\"headline-wrap is-outside align-left sub-bottom\">\n\t\t\t\t\t<h1 class=\"headline-content headline-primary\">R\u00e9trospective &amp; suivi<\/h1>\n\t\t\t\t\t<h3 class=\"headline-content headline-secondary\">Votre partenaire de A \u00e0 Z<\/h3>\n\t\t\t\t<\/div>\n\t\t\t<\/div>\n<div class=\"flex_column av_two_third  flex_column_div av-zero-column-padding first bg-default  service img-left   avia-builder-el-2  el_after_pixel_sc_headline  el_before_av_one_third  w-1023-half \" style=\"background-image: url(https:\/\/sha.de\/wp-content\/uploads\/020-SHA-Dortmund-August-2022-GF-scaled-e1723542417517.jpg); background-position: center center; background-repeat: no-repeat; background-size: cover; \"><\/div><div class=\"flex_column av_one_third  flex_column_div av-zero-column-padding  bg-default border-bottom   img-left   avia-builder-el-3  el_after_av_two_third  avia-builder-el-last  w-1023-full w-1023-ctm \"><section  class='av_textblock_section av-k55baqys-574ab31680f910a237e7ede106711d9f '   itemscope=\"itemscope\" itemtype=\"https:\/\/schema.org\/CreativeWork\" ><div class='avia_textblock'  itemprop=\"text\" ><h3>Nous restons en contact<\/h3>\n<p>Notre travail ne s&rsquo;arr\u00eate pas \u00e0 la remise des cl\u00e9s. Tout se passe comme vous le souhaitez ? Tout s&rsquo;est pass\u00e9 comme vous l&rsquo;aviez imagin\u00e9 ? Chez SHA, nous nous r\u00e9unissons \u00e0 nouveau au plus tard six mois apr\u00e8s la mise en service pour \u00e9valuer r\u00e9trospectivement si notre projet de construction commun a pu \u00eatre r\u00e9alis\u00e9 \u00e0 la satisfaction de tous.<\/p>\n<p>Si ce n&rsquo;est pas le cas, faites-le nous savoir ! Si oui, faites-le nous savoir ! Nous appr\u00e9cions les commentaires honn\u00eates. C&rsquo;est pour nous \u00e0 la fois un encouragement et une motivation pour les projets \u00e0 venir.<\/p>\n<\/div><\/section><\/div><\/div><\/div><\/main><!-- close content main element --><\/div><\/div><div id='av_section_2' class='avia-section main_color pt-default pb-default avia-no-border-styling avia-bg-style-scroll  avia-builder-el-5  el_after_av_section  el_before_av_section   av-desktop-hide av-medium-hide av-small-hide av-mini-hide container_wrap fullsize' style=' '  ><div class='container' ><div class='template-page content  av-content-full alpha units'><div class='post-entry post-entry-type-page post-entry-37849'><div class='entry-content-wrapper clearfix'>\n<div class=\"flex_column av_one_third  flex_column_div av-zero-column-padding first bg-default border-bottom   img-left   avia-builder-el-6  el_before_av_one_third  avia-builder-el-first  \"><section  class='av_textblock_section av-k55baqys-9-4c20cb2ab722c4c625da88e31e2a79a5 '   itemscope=\"itemscope\" itemtype=\"https:\/\/schema.org\/CreativeWork\" ><div class='avia_textblock'  itemprop=\"text\" ><h3>Poser des jalons : D\u00e9veloppement de projets<\/h3>\n<p>Les d\u00e9cisions importantes au sein d&rsquo;un projet sont prises lors des premi\u00e8res phases. En ce sens, le d\u00e9veloppement pr\u00e9coce du projet d\u00e9termine tous les co\u00fbts ult\u00e9rieurs. Dans ce contexte, l&rsquo;initiation du projet rev\u00eat une importance particuli\u00e8re.<\/p>\n<p>C&rsquo;est la premi\u00e8re fois que l&rsquo;id\u00e9e, le site et le capital se rencontrent. Les opportunit\u00e9s sont \u00e9valu\u00e9es du point de vue de l&rsquo;entreprise, de la planification et de la politique, et leur comp\u00e9titivit\u00e9 est examin\u00e9e. Les aspects li\u00e9s \u00e0 l&rsquo;impact environnemental, au maintien ou \u00e0 la cr\u00e9ation d&#8217;emplois et au risque potentiel d&rsquo;une mesure sont examin\u00e9s et quantifi\u00e9s. Nous nous ferons un plaisir de vous aider dans votre projet. N&rsquo;h\u00e9sitez pas \u00e0 nous contacter pour b\u00e9n\u00e9ficier de notre expertise sectorielle.<\/p>\n<\/div><\/section><\/div><div class=\"flex_column av_one_third  flex_column_div av-zero-column-padding  bg-default  fill img-left   avia-builder-el-8  el_after_av_one_third  el_before_av_one_third  \" style=\"background-image: url(https:\/\/sha.de\/wp-content\/uploads\/philosophie_langfristigkeit.jpg); background-position: center center; background-repeat: no-repeat; background-size: cover; \"><\/div><div class=\"flex_column av_one_third  flex_column_div av-zero-column-padding  bg-default  fill img-left icon-left  avia-builder-el-9  el_after_av_one_third  avia-builder-el-last  \" style=\"background-image: url(https:\/\/sha.de\/wp-content\/uploads\/leistungen_analyse_konzept.jpg); background-position: center center; background-repeat: no-repeat; background-size: cover; \"><\/div>\n<\/p>\n<\/div><\/div><\/div><!-- close content main div --><\/div><\/div><div id='av_section_3' class='avia-section main_color pt-default pb-default avia-no-border-styling avia-bg-style-scroll  avia-builder-el-10  el_after_av_section  el_before_av_section   av-desktop-hide av-medium-hide av-small-hide av-mini-hide container_wrap fullsize' style=' '  ><div class='container' ><div class='template-page content  av-content-full alpha units'><div class='post-entry post-entry-type-page post-entry-37849'><div class='entry-content-wrapper clearfix'>\n<div class=\"flex_column av_one_third  flex_column_div av-zero-column-padding first bg-default  fill img-left icon-left  avia-builder-el-11  el_before_av_one_third  avia-builder-el-first  \" style=\"background-image: url(https:\/\/sha.de\/wp-content\/uploads\/auszeichnung_hausamsee.jpg); background-position: center center; background-repeat: no-repeat; background-size: cover; \"><\/div><div class=\"flex_column av_one_third  flex_column_div av-zero-column-padding  bg-default border-bottom   img-left   avia-builder-el-12  el_after_av_one_third  el_before_av_one_third  \"><section  class='av_textblock_section av-k55baqys-6-2201cada4e51a6b2c48b894346007508 '   itemscope=\"itemscope\" itemtype=\"https:\/\/schema.org\/CreativeWork\" ><div class='avia_textblock'  itemprop=\"text\" ><h3>Proc\u00e9dures et concours VOF :<br \/>\nLa lutte pour la meilleure solution<\/h3>\n<p>Nous comprenons qu&rsquo;il n&rsquo;est pas toujours facile de choisir le bon architecte. C&rsquo;est pourquoi nous nous soumettons toujours \u00e0 la concurrence et montrons par ce biais que nous pensons en termes de conception, de fonctionnalit\u00e9 et d&rsquo;\u00e9conomie dans l&rsquo;int\u00e9r\u00eat du ma\u00eetre d&rsquo;ouvrage et que nous recherchons son utilit\u00e9.<\/p>\n<p>Votre projet doit toujours avoir pour objectif que seule la meilleure solution soit envisageable pour vous.<\/p>\n<p>Il est donc logique de rechercher cette solution par le biais d&rsquo;un concours et de lutter pour obtenir le meilleur r\u00e9sultat dans l&rsquo;esprit du projet. N&rsquo;h\u00e9sitez pas \u00e0 nous demander conseil.<\/p>\n<\/div><\/section><\/div><div class=\"flex_column av_one_third  flex_column_div av-zero-column-padding  bg-default border-bottom   img-left   avia-builder-el-14  el_after_av_one_third  avia-builder-el-last  \"><section  class='av_textblock_section av-k55baqys-1-5559a95b6f073edc9fbdf2054bce7627 '   itemscope=\"itemscope\" itemtype=\"https:\/\/schema.org\/CreativeWork\" ><div class='avia_textblock'  itemprop=\"text\" ><h3>Outils de planification : simulation et mod\u00e8le<\/h3>\n<p>Outre la fonctionnalit\u00e9 et la rentabilit\u00e9, l&rsquo;architecture est toujours une question de qualit\u00e9 spatiale et physique. Cela peut \u00eatre parfaitement v\u00e9rifi\u00e9 d\u00e8s les premi\u00e8res phases de planification dans des repr\u00e9sentations spatiales telles que la simulation en 3D et le mod\u00e8le architectural classique.<\/p>\n<p>Ces deux types de repr\u00e9sentation font partie, avec les plans et les chiffres, des instruments les plus importants pour permettre au ma\u00eetre d&rsquo;ouvrage, aux planificateurs sp\u00e9cialis\u00e9s ainsi qu&rsquo;aux communes et aux autorit\u00e9s charg\u00e9es de d\u00e9livrer les autorisations de mieux comprendre encore le projet. Il est ainsi possible de r\u00e9pondre clairement, \u00e0 un stade pr\u00e9coce, \u00e0 toutes les questions spatiales, architecturales et urbanistiques, ainsi qu&rsquo;aux aspects techniques tels que l&rsquo;ensoleillement et l&rsquo;ombrage.<\/p>\n<\/div><\/section><\/div>\n\n<\/div><\/div><\/div><!-- close content main div --><\/div><\/div><div id='av_section_4' class='avia-section main_color pt-large pb-large avia-no-border-styling avia-bg-style-scroll  avia-builder-el-16  el_after_av_section  avia-builder-el-last   container_wrap fullsize' style=' '  ><div class='container' ><div class='template-page content  av-content-full alpha units'><div class='post-entry post-entry-type-page post-entry-37849'><div class='entry-content-wrapper clearfix'>\n\n\t\t\t<div id=\"av-k55bagx6-12\" class=\"headline-column flex_column av_one_full flex_column_div first \">\n\t\t\t\t<div class=\"headline-wrap is-outside align-center sub-bottom\">\n\t\t\t\t\t<h2 class=\"headline-content headline-primary\">Autres services de notre portefeuille<\/h2>\n\t\t\t\t\t<h3 class=\"headline-content headline-secondary\">Notre gamme compl\u00e8te de services<\/h3>\n\t\t\t\t<\/div>\n\t\t\t<\/div>\n<ul class=\"icon-row leistungen \">\n\t<li class=\"icon-row__entry beratung\">\n\t\t<a class=\"icon-row__entry-link\" href=\"https:\/\/sha.de\/leistungen\/beratung\">\n\t\t\t<div class=\"icon-row__entry-image\">\n\t\t\t\t<div class=\"entry-image-svg\"><\/div>\n\t\t\t\t<!-- <div class=\"entry-image-hover\"><\/div> -->\n\t\t\t<\/div>\n\t\t\t<div class=\"icon-row__entry-text\">Conseil<\/div>\n\t\t<\/a>\n\t<\/li>\n\t<li class=\"icon-row__entry konzept\">\n\t\t<a class=\"icon-row__entry-link\" href=\"https:\/\/sha.de\/leistungen\/analyse-und-konzept\">\n\t\t\t<div class=\"icon-row__entry-image\">\n\t\t\t\t<div class=\"entry-image-svg\"><\/div>\n\t\t\t\t<!-- <div class=\"entry-image-hover\"><\/div> -->\n\t\t\t<\/div>\n\t\t\t<div class=\"icon-row__entry-text\">Analyse & concept<\/div>\n\t\t<\/a>\n\t<\/li>\n\t<li class=\"icon-row__entry planung\">\n\t\t<a class=\"icon-row__entry-link\" href=\"https:\/\/sha.de\/leistungen\/planung-und-koordination\">\n\t\t\t<div class=\"icon-row__entry-image\">\n\t\t\t\t<div class=\"entry-image-svg\"><\/div>\n\t\t\t\t<!-- <div class=\"entry-image-hover\"><\/div> -->\n\t\t\t<\/div>\n\t\t\t<div class=\"icon-row__entry-text\">Planification & coordination<\/div>\n\t\t<\/a>\n\t<\/li>\n\t<li class=\"icon-row__entry realisierung\">\n\t\t<a class=\"icon-row__entry-link\" href=\"https:\/\/sha.de\/leistungen\/realisierung\">\n\t\t\t<div class=\"icon-row__entry-image\">\n\t\t\t\t<div class=\"entry-image-svg\"><\/div>\n\t\t\t\t<!-- <div class=\"entry-image-hover\"><\/div> -->\n\t\t\t<\/div>\n\t\t\t<div class=\"icon-row__entry-text\">R\u00e9alisation<\/div>\n\t\t<\/a>\n\t<\/li>\n\t<li class=\"icon-row__entry nachbetreuung\">\n\t\t<a class=\"icon-row__entry-link\" href=\"https:\/\/sha.de\/leistungen\/nachbetreuung\">\n\t\t\t<div class=\"icon-row__entry-image\">\n\t\t\t\t<div class=\"entry-image-svg\"><\/div>\n\t\t\t\t<!-- <div class=\"entry-image-hover\"><\/div> -->\n\t\t\t<\/div>\n\t\t\t<div class=\"icon-row__entry-text\">Suivi<\/div>\n\t\t<\/a>\n\t<\/li>\n<\/ul>\n\n\n","protected":false},"excerpt":{"rendered":"","protected":false},"author":1,"featured_media":0,"parent":30198,"menu_order":5,"comment_status":"closed","ping_status":"closed","template":"","meta":{"_acf_changed":false,"content-type":"","footnotes":""},"class_list":["post-37849","page","type-page","status-publish","hentry"],"acf":[],"yoast_head":"<!-- This site is optimized with the Yoast SEO plugin v27.4 - https:\/\/yoast.com\/product\/yoast-seo-wordpress\/ -->\n<title>Suivi de votre projet de construction | SHA Architectes<\/title>\n<meta name=\"description\" content=\"M\u00eame apr\u00e8s l&#039;ach\u00e8vement, nous sommes \u00e0 vos c\u00f4t\u00e9s. Nous veillons \u00e0 ce que votre projet de construction r\u00e9ponde \u00e0 vos attentes. Vos commentaires fa\u00e7onnent notre travail futur et notre perfection.\" \/>\n<meta name=\"robots\" content=\"index, follow, max-snippet:-1, max-image-preview:large, max-video-preview:-1\" \/>\n<link rel=\"canonical\" href=\"https:\/\/sha.de\/fr\/services\/suivi\" \/>\n<meta property=\"og:locale\" content=\"fr_FR\" \/>\n<meta property=\"og:type\" content=\"article\" \/>\n<meta property=\"og:title\" content=\"Suivi de votre projet de construction | SHA Architectes\" \/>\n<meta property=\"og:description\" content=\"M\u00eame apr\u00e8s l&#039;ach\u00e8vement, nous sommes \u00e0 vos c\u00f4t\u00e9s. Nous veillons \u00e0 ce que votre projet de construction r\u00e9ponde \u00e0 vos attentes. Vos commentaires fa\u00e7onnent notre travail futur et notre perfection.\" \/>\n<meta property=\"og:url\" content=\"https:\/\/sha.de\/fr\/services\/suivi\" \/>\n<meta property=\"og:site_name\" content=\"SHA Scheffler Helbich Architekten GmbH\" \/>\n<meta property=\"article:modified_time\" content=\"2024-08-28T13:00:04+00:00\" \/>\n<meta name=\"twitter:card\" content=\"summary_large_image\" \/>\n<meta name=\"twitter:label1\" content=\"Dur\u00e9e de lecture estim\u00e9e\" \/>\n\t<meta name=\"twitter:data1\" content=\"11 minutes\" \/>\n<script type=\"application\/ld+json\" class=\"yoast-schema-graph\">{\"@context\":\"https:\\\/\\\/schema.org\",\"@graph\":[{\"@type\":\"WebPage\",\"@id\":\"https:\\\/\\\/sha.de\\\/fr\\\/services\\\/suivi\",\"url\":\"https:\\\/\\\/sha.de\\\/fr\\\/services\\\/suivi\",\"name\":\"Suivi de votre projet de construction | SHA Architectes\",\"isPartOf\":{\"@id\":\"https:\\\/\\\/sha.de\\\/fr#website\"},\"datePublished\":\"2020-02-06T06:34:43+00:00\",\"dateModified\":\"2024-08-28T13:00:04+00:00\",\"description\":\"M\u00eame apr\u00e8s l'ach\u00e8vement, nous sommes \u00e0 vos c\u00f4t\u00e9s. Nous veillons \u00e0 ce que votre projet de construction r\u00e9ponde \u00e0 vos attentes. Vos commentaires fa\u00e7onnent notre travail futur et notre perfection.\",\"breadcrumb\":{\"@id\":\"https:\\\/\\\/sha.de\\\/fr\\\/services\\\/suivi#breadcrumb\"},\"inLanguage\":\"fr-FR\",\"potentialAction\":[{\"@type\":\"ReadAction\",\"target\":[\"https:\\\/\\\/sha.de\\\/fr\\\/services\\\/suivi\"]}]},{\"@type\":\"BreadcrumbList\",\"@id\":\"https:\\\/\\\/sha.de\\\/fr\\\/services\\\/suivi#breadcrumb\",\"itemListElement\":[{\"@type\":\"ListItem\",\"position\":1,\"name\":\"Startseite\",\"item\":\"https:\\\/\\\/sha.de\\\/fr\"},{\"@type\":\"ListItem\",\"position\":2,\"name\":\"Services\",\"item\":\"https:\\\/\\\/sha.de\\\/fr\\\/services\"},{\"@type\":\"ListItem\",\"position\":3,\"name\":\"Suivi\"}]},{\"@type\":\"WebSite\",\"@id\":\"https:\\\/\\\/sha.de\\\/fr#website\",\"url\":\"https:\\\/\\\/sha.de\\\/fr\",\"name\":\"SHA Scheffler Helbich Architekten GmbH\",\"description\":\"\",\"potentialAction\":[{\"@type\":\"SearchAction\",\"target\":{\"@type\":\"EntryPoint\",\"urlTemplate\":\"https:\\\/\\\/sha.de\\\/fr?s={search_term_string}\"},\"query-input\":{\"@type\":\"PropertyValueSpecification\",\"valueRequired\":true,\"valueName\":\"search_term_string\"}}],\"inLanguage\":\"fr-FR\"}]}<\/script>\n<!-- \/ Yoast SEO plugin. -->","yoast_head_json":{"title":"Suivi de votre projet de construction | SHA Architectes","description":"M\u00eame apr\u00e8s l'ach\u00e8vement, nous sommes \u00e0 vos c\u00f4t\u00e9s. Nous veillons \u00e0 ce que votre projet de construction r\u00e9ponde \u00e0 vos attentes. Vos commentaires fa\u00e7onnent notre travail futur et notre perfection.","robots":{"index":"index","follow":"follow","max-snippet":"max-snippet:-1","max-image-preview":"max-image-preview:large","max-video-preview":"max-video-preview:-1"},"canonical":"https:\/\/sha.de\/fr\/services\/suivi","og_locale":"fr_FR","og_type":"article","og_title":"Suivi de votre projet de construction | SHA Architectes","og_description":"M\u00eame apr\u00e8s l'ach\u00e8vement, nous sommes \u00e0 vos c\u00f4t\u00e9s. Nous veillons \u00e0 ce que votre projet de construction r\u00e9ponde \u00e0 vos attentes. Vos commentaires fa\u00e7onnent notre travail futur et notre perfection.","og_url":"https:\/\/sha.de\/fr\/services\/suivi","og_site_name":"SHA Scheffler Helbich Architekten GmbH","article_modified_time":"2024-08-28T13:00:04+00:00","twitter_card":"summary_large_image","twitter_misc":{"Dur\u00e9e de lecture estim\u00e9e":"11 minutes"},"schema":{"@context":"https:\/\/schema.org","@graph":[{"@type":"WebPage","@id":"https:\/\/sha.de\/fr\/services\/suivi","url":"https:\/\/sha.de\/fr\/services\/suivi","name":"Suivi de votre projet de construction | SHA Architectes","isPartOf":{"@id":"https:\/\/sha.de\/fr#website"},"datePublished":"2020-02-06T06:34:43+00:00","dateModified":"2024-08-28T13:00:04+00:00","description":"M\u00eame apr\u00e8s l'ach\u00e8vement, nous sommes \u00e0 vos c\u00f4t\u00e9s. Nous veillons \u00e0 ce que votre projet de construction r\u00e9ponde \u00e0 vos attentes. Vos commentaires fa\u00e7onnent notre travail futur et notre perfection.","breadcrumb":{"@id":"https:\/\/sha.de\/fr\/services\/suivi#breadcrumb"},"inLanguage":"fr-FR","potentialAction":[{"@type":"ReadAction","target":["https:\/\/sha.de\/fr\/services\/suivi"]}]},{"@type":"BreadcrumbList","@id":"https:\/\/sha.de\/fr\/services\/suivi#breadcrumb","itemListElement":[{"@type":"ListItem","position":1,"name":"Startseite","item":"https:\/\/sha.de\/fr"},{"@type":"ListItem","position":2,"name":"Services","item":"https:\/\/sha.de\/fr\/services"},{"@type":"ListItem","position":3,"name":"Suivi"}]},{"@type":"WebSite","@id":"https:\/\/sha.de\/fr#website","url":"https:\/\/sha.de\/fr","name":"SHA Scheffler Helbich Architekten GmbH","description":"","potentialAction":[{"@type":"SearchAction","target":{"@type":"EntryPoint","urlTemplate":"https:\/\/sha.de\/fr?s={search_term_string}"},"query-input":{"@type":"PropertyValueSpecification","valueRequired":true,"valueName":"search_term_string"}}],"inLanguage":"fr-FR"}]}},"_links":{"self":[{"href":"https:\/\/sha.de\/fr\/wp-json\/wp\/v2\/pages\/37849","targetHints":{"allow":["GET"]}}],"collection":[{"href":"https:\/\/sha.de\/fr\/wp-json\/wp\/v2\/pages"}],"about":[{"href":"https:\/\/sha.de\/fr\/wp-json\/wp\/v2\/types\/page"}],"author":[{"embeddable":true,"href":"https:\/\/sha.de\/fr\/wp-json\/wp\/v2\/users\/1"}],"replies":[{"embeddable":true,"href":"https:\/\/sha.de\/fr\/wp-json\/wp\/v2\/comments?post=37849"}],"version-history":[{"count":1,"href":"https:\/\/sha.de\/fr\/wp-json\/wp\/v2\/pages\/37849\/revisions"}],"predecessor-version":[{"id":37852,"href":"https:\/\/sha.de\/fr\/wp-json\/wp\/v2\/pages\/37849\/revisions\/37852"}],"up":[{"embeddable":true,"href":"https:\/\/sha.de\/fr\/wp-json\/wp\/v2\/pages\/30198"}],"wp:attachment":[{"href":"https:\/\/sha.de\/fr\/wp-json\/wp\/v2\/media?parent=37849"}],"curies":[{"name":"wp","href":"https:\/\/api.w.org\/{rel}","templated":true}]}}