{"id":37936,"date":"2024-08-13T15:07:21","date_gmt":"2024-08-13T13:07:21","guid":{"rendered":"https:\/\/sha.de\/projets\/mobilite-et-transport"},"modified":"2024-08-28T15:00:23","modified_gmt":"2024-08-28T13:00:23","slug":"mobilite-et-transport","status":"publish","type":"page","link":"https:\/\/sha.de\/fr\/projets\/mobilite-et-transport","title":{"rendered":"Mobilit\u00e9 et transport"},"content":{"rendered":"<div id='av_section_1' class='avia-section main_color pt-default pb-default avia-no-border-styling avia-bg-style-scroll  avia-builder-el-0  el_before_av_section  avia-builder-el-first   container_wrap fullsize' style=' '  ><div class='container' ><main  role=\"main\" itemprop=\"mainContentOfPage\"  class='template-page content  av-content-full alpha units'><div class='post-entry post-entry-type-page post-entry-37936'><div class='entry-content-wrapper clearfix'>\n\n\t\t\t<div id=\"av-k1humzob\" class=\"headline-column flex_column av_one_full flex_column_div first \">\n\t\t\t\t<div class=\"headline-wrap is-outside align-left sub-bottom\">\n\t\t\t\t\t<h1 class=\"headline-content headline-primary\">Des solutions int\u00e9grales pour des besoins individuels.<\/h1>\n\t\t\t\t\t<h3 class=\"headline-content headline-secondary\">Plus de 400 projets r\u00e9alis\u00e9s<\/h3>\n\t\t\t\t<\/div>\n\t\t\t<\/div>\n<div class=\"flex_column av_one_half  flex_column_div av-zero-column-padding first       avia-builder-el-2  el_after_pixel_sc_headline  el_before_av_one_half  \"><section  class='av_textblock_section av-k1huncql-32b4cb26479d6eec0a3d4bee0df7ddcc '   itemscope=\"itemscope\" itemtype=\"https:\/\/schema.org\/CreativeWork\" ><div class='avia_textblock'  itemprop=\"text\" ><p>Au cours de nos presque 100 ans d&rsquo;existence, nous avons r\u00e9alis\u00e9 d&rsquo;innombrables projets de construction avec des ma\u00eetres d&rsquo;ouvrage prestigieux. Qu&rsquo;il s&rsquo;agisse d&rsquo;une nouvelle construction ou de la r\u00e9novation d&rsquo;un b\u00e2timent existant, d&rsquo;un magasin de v\u00e9los visionnaire ou d&rsquo;un b\u00e2timent industriel sophistiqu\u00e9, SHA aborde les exigences complexes de mani\u00e8re analytique et pragmatique.<\/p>\n<\/div><\/section><\/div><div class=\"flex_column av_one_half  flex_column_div av-zero-column-padding        avia-builder-el-4  el_after_av_one_half  avia-builder-el-last  \"><section  class='av_textblock_section av-k1huncql-1-29ebed204fb0deb110f0435f8f3d6573 '   itemscope=\"itemscope\" itemtype=\"https:\/\/schema.org\/CreativeWork\" ><div class='avia_textblock'  itemprop=\"text\" ><p>Nous sommes curieux, tr\u00e8s \u00e0 l&rsquo;\u00e9coute et nous nous consid\u00e9rons, tout au long du processus de planification et de construction, comme des gardiens qui tiennent toutes les ficelles. Nous r\u00e9alisons les souhaits individuels de nos clients avec continuit\u00e9, fiabilit\u00e9 et pr\u00e9cision. Vous \u00eates curieux ? Parcourez le large \u00e9ventail de projets que nous avons r\u00e9alis\u00e9s en tant que bureau d&rsquo;architecture pour la mobilit\u00e9 et le transport.<\/p>\n<\/div><\/section><\/div><\/div><\/div><\/main><!-- close content main element --><\/div><\/div><div id='av_section_2' class='avia-section main_color pt-large pb-large avia-no-border-styling avia-bg-style-scroll  avia-builder-el-6  el_after_av_section  avia-builder-el-last   container_wrap fullsize' style=' '  ><div class='container' ><div class='template-page content  av-content-full alpha units'><div class='post-entry post-entry-type-page post-entry-37936'><div class='entry-content-wrapper clearfix'>\n\n\t\t\t<div id=\"av-lezv3a3d\" class=\"headline-column flex_column av_one_full flex_column_div first \">\n\t\t\t\t<div class=\"headline-wrap is-outside align-center sub-bottom\">\n\t\t\t\t\t<h2 class=\"headline-content headline-primary\">Services pour le secteur de la mobilit\u00e9 et des transports<\/h2>\n\t\t\t\t\t<h3 class=\"headline-content headline-secondary\">Notre gamme compl\u00e8te de services<\/h3>\n\t\t\t\t<\/div>\n\t\t\t<\/div>\n<div class=\"flex_column av_one_full  flex_column_div av-zero-column-padding first       avia-builder-el-8  el_after_pixel_sc_headline  el_before_av_one_full  \"><ul class=\"icon-row leistungen \">\n\t<li class=\"icon-row__entry beratung\">\n\t\t<a class=\"icon-row__entry-link\" href=\"https:\/\/sha.de\/leistungen\/beratung\">\n\t\t\t<div class=\"icon-row__entry-image\">\n\t\t\t\t<div class=\"entry-image-svg\"><\/div>\n\t\t\t\t<!-- <div class=\"entry-image-hover\"><\/div> -->\n\t\t\t<\/div>\n\t\t\t<div class=\"icon-row__entry-text\">Conseil<\/div>\n\t\t<\/a>\n\t<\/li>\n\t<li class=\"icon-row__entry konzept\">\n\t\t<a class=\"icon-row__entry-link\" href=\"https:\/\/sha.de\/leistungen\/analyse-und-konzept\">\n\t\t\t<div class=\"icon-row__entry-image\">\n\t\t\t\t<div class=\"entry-image-svg\"><\/div>\n\t\t\t\t<!-- <div class=\"entry-image-hover\"><\/div> -->\n\t\t\t<\/div>\n\t\t\t<div class=\"icon-row__entry-text\">Analyse & concept<\/div>\n\t\t<\/a>\n\t<\/li>\n\t<li class=\"icon-row__entry planung\">\n\t\t<a class=\"icon-row__entry-link\" href=\"https:\/\/sha.de\/leistungen\/planung-und-koordination\">\n\t\t\t<div class=\"icon-row__entry-image\">\n\t\t\t\t<div class=\"entry-image-svg\"><\/div>\n\t\t\t\t<!-- <div class=\"entry-image-hover\"><\/div> -->\n\t\t\t<\/div>\n\t\t\t<div class=\"icon-row__entry-text\">Planification & coordination<\/div>\n\t\t<\/a>\n\t<\/li>\n\t<li class=\"icon-row__entry realisierung\">\n\t\t<a class=\"icon-row__entry-link\" href=\"https:\/\/sha.de\/leistungen\/realisierung\">\n\t\t\t<div class=\"icon-row__entry-image\">\n\t\t\t\t<div class=\"entry-image-svg\"><\/div>\n\t\t\t\t<!-- <div class=\"entry-image-hover\"><\/div> -->\n\t\t\t<\/div>\n\t\t\t<div class=\"icon-row__entry-text\">R\u00e9alisation<\/div>\n\t\t<\/a>\n\t<\/li>\n\t<li class=\"icon-row__entry nachbetreuung\">\n\t\t<a class=\"icon-row__entry-link\" href=\"https:\/\/sha.de\/leistungen\/nachbetreuung\">\n\t\t\t<div class=\"icon-row__entry-image\">\n\t\t\t\t<div class=\"entry-image-svg\"><\/div>\n\t\t\t\t<!-- <div class=\"entry-image-hover\"><\/div> -->\n\t\t\t<\/div>\n\t\t\t<div class=\"icon-row__entry-text\">Suivi<\/div>\n\t\t<\/a>\n\t<\/li>\n<\/ul><\/div><div class=\"flex_column av_one_full  flex_column_div av-zero-column-padding first       avia-builder-el-10  el_after_av_one_full  avia-builder-el-last  column-top-margin\"><div class=\"referenzgrid flex_column av_one_full first\">\n\t\t\t\t<div class=\"referenzgrid-wrap flex_column av_one_full column-top-margin first\">\n\t\t\t\t\t\t<div class=\"referenzgrid-section flex_column av_one_full first\">\n\t\t\t\t\t\t\t\t\t\t\t\t\t\t\t\t\t\t\t\t\t\t\t<div class=\"flex_column av_one_third referenz-column first \">\n\t\t\t\t\t\t\t<article id=\"\" class=\"card-entry referenz-entry static-button   text-align-left has-link   heading-link  has-button \">\n\t<div class=\"card-entry__inner\">\n\t\t\n\t\n\t\t<div class=\"card-entry__media media-type-\">\n\t<div class=\"card-entry__media-inner\">\n\n\t\t<div class=\"card_entry__referenz\">\n\t\t\t<div class=\"card_entry__referenz-inner\">\n\t\t\t\t\t\t\t\t\t<div class=\"card-entry__heading\">\n\t<div class=\"card-entry__heading-inner\">\n\n\n\t\t\t\n\t\t\t\n\t\t\t<a class=\"card-entry__link\" href=\"https:\/\/sha.de\/fr\/projects\/mobilite-transports\/parking-de-la-kvwl-a-dortmund\" target=\"_self\">\n\t\t\t\t\t\t\t<h3 class=\"card-entry__headline  \">\n\t\t\t\t\tParking de la KVWL \u00e0 Dortmund\n\t\t\t\t<\/h3>\n\t\t\t\n\t\t\t\n\t\t<\/a>\n\t<\/div>\n<\/div>\n\t\t\t\t\t\t\t<\/div>\n\t\t<\/div>\n\n\t\t\t\t\t<div class=\"card-entry__action\">\n\t<div class=\"card-entry__action-inner\">\n\t\t<div class=\"card-entry__button-wrap avia-button-wrap avia-button-right theme-fill\">\n\t\t\t\t\t\t\t<a class=\"card-entry__button avia-button avia-button color-ci-black hover-yellow avia-size-small  avia-position-right\" href=\"https:\/\/sha.de\/fr\/projects\/mobilite-transports\/parking-de-la-kvwl-a-dortmund\" target=\"\">\n\t\t\t\t\t<span class=\"button-icon\"><i class=\"icon-arrow_next\"><\/i><\/span><span class=\"button-text\">lire la suite<\/span>\n\t\t\t\t<\/a>\n\t\t\t\t\t<\/div>\n\t<\/div>\n<\/div>\n\t\t\n\t\t\t\t\t<a href=\"https:\/\/sha.de\/fr\/projects\/mobilite-transports\/parking-de-la-kvwl-a-dortmund\" class=\"slide-image\" title=\"\"><img decoding=\"async\" src=\"https:\/\/sha.de\/wp-content\/uploads\/CE786-392korr-706x564.jpg\" \/><\/a>\n\t\t\t<\/div>\n<\/div>\n\n\t\n\t<\/div>\n<\/article>\n\t\t\t\t\t\t<\/div>\n\t\t\t\t\t\t\t\t\t\t\t\t\t\t\t\t\t\t\t\t<div class=\"flex_column av_one_third referenz-column  \">\n\t\t\t\t\t\t\t<article id=\"\" class=\"card-entry referenz-entry static-button   text-align-left has-link   heading-link  has-button \">\n\t<div class=\"card-entry__inner\">\n\t\t\n\t\n\t\t<div class=\"card-entry__media media-type-\">\n\t<div class=\"card-entry__media-inner\">\n\n\t\t<div class=\"card_entry__referenz\">\n\t\t\t<div class=\"card_entry__referenz-inner\">\n\t\t\t\t\t\t\t\t\t<div class=\"card-entry__heading\">\n\t<div class=\"card-entry__heading-inner\">\n\n\n\t\t\t\n\t\t\t\n\t\t\t<a class=\"card-entry__link\" href=\"https:\/\/sha.de\/fr\/projects\/mobilite-transports\/stockage-de-la-mobilite-dans-le-quartier-portuaire-de-dortmund\" target=\"_self\">\n\t\t\t\t\t\t\t<h3 class=\"card-entry__headline  \">\n\t\t\t\t\tStockage de la mobilit\u00e9 dans le quartier portuaire de Dortmund\n\t\t\t\t<\/h3>\n\t\t\t\n\t\t\t\n\t\t<\/a>\n\t<\/div>\n<\/div>\n\t\t\t\t\t\t\t<\/div>\n\t\t<\/div>\n\n\t\t\t\t\t<div class=\"card-entry__action\">\n\t<div class=\"card-entry__action-inner\">\n\t\t<div class=\"card-entry__button-wrap avia-button-wrap avia-button-right theme-fill\">\n\t\t\t\t\t\t\t<a class=\"card-entry__button avia-button avia-button color-ci-black hover-yellow avia-size-small  avia-position-right\" href=\"https:\/\/sha.de\/fr\/projects\/mobilite-transports\/stockage-de-la-mobilite-dans-le-quartier-portuaire-de-dortmund\" target=\"\">\n\t\t\t\t\t<span class=\"button-icon\"><i class=\"icon-arrow_next\"><\/i><\/span><span class=\"button-text\">lire la suite<\/span>\n\t\t\t\t<\/a>\n\t\t\t\t\t<\/div>\n\t<\/div>\n<\/div>\n\t\t\n\t\t\t\t\t<a href=\"https:\/\/sha.de\/fr\/projects\/mobilite-transports\/stockage-de-la-mobilite-dans-le-quartier-portuaire-de-dortmund\" class=\"slide-image\" title=\"\"><img decoding=\"async\" src=\"https:\/\/sha.de\/wp-content\/uploads\/221027_Visualisierung-Buelowstr-1-706x564.jpg\" \/><\/a>\n\t\t\t<\/div>\n<\/div>\n\n\t\n\t<\/div>\n<\/article>\n\t\t\t\t\t\t<\/div>\n\t\t\t\t\t\t\t\t\t\t\t\t\t\t\t\t\t\t\t\t<div class=\"flex_column av_one_third referenz-column  \">\n\t\t\t\t\t\t\t<article id=\"\" class=\"card-entry referenz-entry static-button   text-align-left has-link   heading-link  has-button \">\n\t<div class=\"card-entry__inner\">\n\t\t\n\t\n\t\t<div class=\"card-entry__media media-type-\">\n\t<div class=\"card-entry__media-inner\">\n\n\t\t<div class=\"card_entry__referenz\">\n\t\t\t<div class=\"card_entry__referenz-inner\">\n\t\t\t\t\t\t\t\t\t<div class=\"card-entry__heading\">\n\t<div class=\"card-entry__heading-inner\">\n\n\n\t\t\t\n\t\t\t\n\t\t\t<a class=\"card-entry__link\" href=\"https:\/\/sha.de\/fr\/projects\/mobilite-transports\/parc-de-stationnement-phoenixwerk-a-dortmund\" target=\"_self\">\n\t\t\t\t\t\t\t<h3 class=\"card-entry__headline  \">\n\t\t\t\t\tParc de stationnement PhoenixWERK \u00e0 Dortmund\n\t\t\t\t<\/h3>\n\t\t\t\n\t\t\t\n\t\t<\/a>\n\t<\/div>\n<\/div>\n\t\t\t\t\t\t\t<\/div>\n\t\t<\/div>\n\n\t\t\t\t\t<div class=\"card-entry__action\">\n\t<div class=\"card-entry__action-inner\">\n\t\t<div class=\"card-entry__button-wrap avia-button-wrap avia-button-right theme-fill\">\n\t\t\t\t\t\t\t<a class=\"card-entry__button avia-button avia-button color-ci-black hover-yellow avia-size-small  avia-position-right\" href=\"https:\/\/sha.de\/fr\/projects\/mobilite-transports\/parc-de-stationnement-phoenixwerk-a-dortmund\" target=\"\">\n\t\t\t\t\t<span class=\"button-icon\"><i class=\"icon-arrow_next\"><\/i><\/span><span class=\"button-text\">lire la suite<\/span>\n\t\t\t\t<\/a>\n\t\t\t\t\t<\/div>\n\t<\/div>\n<\/div>\n\t\t\n\t\t\t\t\t<a href=\"https:\/\/sha.de\/fr\/projects\/mobilite-transports\/parc-de-stationnement-phoenixwerk-a-dortmund\" class=\"slide-image\" title=\"\"><img decoding=\"async\" src=\"https:\/\/sha.de\/wp-content\/uploads\/TBF_020_Parkhaeuser-Dortmund_2471-706x564.jpg\" \/><\/a>\n\t\t\t<\/div>\n<\/div>\n\n\t\n\t<\/div>\n<\/article>\n\t\t\t\t\t\t<\/div>\n\t\t\t\t\t\t\t\t\t\t\t\t\t\t\t\t\t\t\t\t<div class=\"flex_column av_one_third referenz-column first column-top-margin\">\n\t\t\t\t\t\t\t<article id=\"\" class=\"card-entry referenz-entry static-button   text-align-left has-link   heading-link  has-button \">\n\t<div class=\"card-entry__inner\">\n\t\t\n\t\n\t\t<div class=\"card-entry__media media-type-\">\n\t<div class=\"card-entry__media-inner\">\n\n\t\t<div class=\"card_entry__referenz\">\n\t\t\t<div class=\"card_entry__referenz-inner\">\n\t\t\t\t\t\t\t\t\t<div class=\"card-entry__heading\">\n\t<div class=\"card-entry__heading-inner\">\n\n\n\t\t\t\n\t\t\t\n\t\t\t<a class=\"card-entry__link\" href=\"https:\/\/sha.de\/fr\/projects\/mobilite-transports\/toitures-place-de-la-gare-a-ulm\" target=\"_self\">\n\t\t\t\t\t\t\t<h3 class=\"card-entry__headline  \">\n\t\t\t\t\tToitures Place de la gare \u00e0 Ulm\n\t\t\t\t<\/h3>\n\t\t\t\n\t\t\t\n\t\t<\/a>\n\t<\/div>\n<\/div>\n\t\t\t\t\t\t\t<\/div>\n\t\t<\/div>\n\n\t\t\t\t\t<div class=\"card-entry__action\">\n\t<div class=\"card-entry__action-inner\">\n\t\t<div class=\"card-entry__button-wrap avia-button-wrap avia-button-right theme-fill\">\n\t\t\t\t\t\t\t<a class=\"card-entry__button avia-button avia-button color-ci-black hover-yellow avia-size-small  avia-position-right\" href=\"https:\/\/sha.de\/fr\/projects\/mobilite-transports\/toitures-place-de-la-gare-a-ulm\" target=\"\">\n\t\t\t\t\t<span class=\"button-icon\"><i class=\"icon-arrow_next\"><\/i><\/span><span class=\"button-text\">lire la suite<\/span>\n\t\t\t\t<\/a>\n\t\t\t\t\t<\/div>\n\t<\/div>\n<\/div>\n\t\t\n\t\t\t\t\t<a href=\"https:\/\/sha.de\/fr\/projects\/mobilite-transports\/toitures-place-de-la-gare-a-ulm\" class=\"slide-image\" title=\"\"><img decoding=\"async\" src=\"https:\/\/sha.de\/wp-content\/uploads\/20231011_043a_SHA-Architekten-\u00a9DUCKEK-Bahnhofs-Vordach-Ulm__P4A0884-Bearbeitet-706x564.jpg\" \/><\/a>\n\t\t\t<\/div>\n<\/div>\n\n\t\n\t<\/div>\n<\/article>\n\t\t\t\t\t\t<\/div>\n\t\t\t\t\t\t\t\t\t\t\t\t\t\t\t\t\t\t\t\t<div class=\"flex_column av_one_third referenz-column  column-top-margin\">\n\t\t\t\t\t\t\t<article id=\"\" class=\"card-entry referenz-entry static-button   text-align-left has-link   heading-link  has-button \">\n\t<div class=\"card-entry__inner\">\n\t\t\n\t\n\t\t<div class=\"card-entry__media media-type-\">\n\t<div class=\"card-entry__media-inner\">\n\n\t\t<div class=\"card_entry__referenz\">\n\t\t\t<div class=\"card_entry__referenz-inner\">\n\t\t\t\t\t\t\t\t\t<div class=\"card-entry__heading\">\n\t<div class=\"card-entry__heading-inner\">\n\n\n\t\t\t\n\t\t\t\n\t\t\t<a class=\"card-entry__link\" href=\"https:\/\/sha.de\/fr\/projects\/mobilite-transports\/aeroport-de-dortmund\" target=\"_self\">\n\t\t\t\t\t\t\t<h3 class=\"card-entry__headline  \">\n\t\t\t\t\tA\u00e9roport de Dortmund\n\t\t\t\t<\/h3>\n\t\t\t\n\t\t\t\n\t\t<\/a>\n\t<\/div>\n<\/div>\n\t\t\t\t\t\t\t<\/div>\n\t\t<\/div>\n\n\t\t\t\t\t<div class=\"card-entry__action\">\n\t<div class=\"card-entry__action-inner\">\n\t\t<div class=\"card-entry__button-wrap avia-button-wrap avia-button-right theme-fill\">\n\t\t\t\t\t\t\t<a class=\"card-entry__button avia-button avia-button color-ci-black hover-yellow avia-size-small  avia-position-right\" href=\"https:\/\/sha.de\/fr\/projects\/mobilite-transports\/aeroport-de-dortmund\" target=\"\">\n\t\t\t\t\t<span class=\"button-icon\"><i class=\"icon-arrow_next\"><\/i><\/span><span class=\"button-text\">lire la suite<\/span>\n\t\t\t\t<\/a>\n\t\t\t\t\t<\/div>\n\t<\/div>\n<\/div>\n\t\t\n\t\t\t\t\t<a href=\"https:\/\/sha.de\/fr\/projects\/mobilite-transports\/aeroport-de-dortmund\" class=\"slide-image\" title=\"\"><img decoding=\"async\" src=\"https:\/\/sha.de\/wp-content\/uploads\/Flughafen-Dortmund-Blick-aus-dem-Hangar-1-706x564.jpg\" \/><\/a>\n\t\t\t<\/div>\n<\/div>\n\n\t\n\t<\/div>\n<\/article>\n\t\t\t\t\t\t<\/div>\n\t\t\t\t\t\t\t\t\t\t\t\t\t\t\t\t\t\t\t\t<div class=\"flex_column av_one_third referenz-column  column-top-margin\">\n\t\t\t\t\t\t\t<article id=\"\" class=\"card-entry referenz-entry static-button   text-align-left has-link   heading-link  has-button \">\n\t<div class=\"card-entry__inner\">\n\t\t\n\t\n\t\t<div class=\"card-entry__media media-type-\">\n\t<div class=\"card-entry__media-inner\">\n\n\t\t<div class=\"card_entry__referenz\">\n\t\t\t<div class=\"card_entry__referenz-inner\">\n\t\t\t\t\t\t\t\t\t<div class=\"card-entry__heading\">\n\t<div class=\"card-entry__heading-inner\">\n\n\n\t\t\t\n\t\t\t\n\t\t\t<a class=\"card-entry__link\" href=\"https:\/\/sha.de\/fr\/projects\/bureau-administration\/nouveau-batiment-administration-de-laeroport-de-dortmund\" target=\"_self\">\n\t\t\t\t\t\t\t<h3 class=\"card-entry__headline  \">\n\t\t\t\t\tNouveau b\u00e2timent : Administration de l'a\u00e9roport de Dortmund\n\t\t\t\t<\/h3>\n\t\t\t\n\t\t\t\n\t\t<\/a>\n\t<\/div>\n<\/div>\n\t\t\t\t\t\t\t<\/div>\n\t\t<\/div>\n\n\t\t\t\t\t<div class=\"card-entry__action\">\n\t<div class=\"card-entry__action-inner\">\n\t\t<div class=\"card-entry__button-wrap avia-button-wrap avia-button-right theme-fill\">\n\t\t\t\t\t\t\t<a class=\"card-entry__button avia-button avia-button color-ci-black hover-yellow avia-size-small  avia-position-right\" href=\"https:\/\/sha.de\/fr\/projects\/bureau-administration\/nouveau-batiment-administration-de-laeroport-de-dortmund\" target=\"\">\n\t\t\t\t\t<span class=\"button-icon\"><i class=\"icon-arrow_next\"><\/i><\/span><span class=\"button-text\">lire la suite<\/span>\n\t\t\t\t<\/a>\n\t\t\t\t\t<\/div>\n\t<\/div>\n<\/div>\n\t\t\n\t\t\t\t\t<a href=\"https:\/\/sha.de\/fr\/projects\/bureau-administration\/nouveau-batiment-administration-de-laeroport-de-dortmund\" class=\"slide-image\" title=\"\"><img decoding=\"async\" src=\"https:\/\/sha.de\/wp-content\/uploads\/Flughafenverwaltung-Dortmund-1-1-706x564.jpg\" \/><\/a>\n\t\t\t<\/div>\n<\/div>\n\n\t\n\t<\/div>\n<\/article>\n\t\t\t\t\t\t<\/div>\n\t\t\t\t\t\t\t\t\t\t\t\t<\/div>\n\t\t\t\t\t<\/div>\n\t<\/div><\/div>\n<\/p>\n","protected":false},"excerpt":{"rendered":"","protected":false},"author":4,"featured_media":0,"parent":30121,"menu_order":5,"comment_status":"closed","ping_status":"closed","template":"","meta":{"_acf_changed":false,"content-type":"","footnotes":""},"class_list":["post-37936","page","type-page","status-publish","hentry"],"acf":[],"yoast_head":"<!-- This site is optimized with the Yoast SEO plugin v27.4 - https:\/\/yoast.com\/product\/yoast-seo-wordpress\/ -->\n<title>Bureau d&#039;architecture - Mobilit\u00e9 et transport | SHA Scheffler Helbich Architekten GmbH<\/title>\n<meta name=\"description\" content=\"Bureau d&#039;architecture pour la mobilit\u00e9 et le transport \u2713 Conception de parkings \u2713 Planification du trafic \u2713 Planification urbaine \u2713 +90 ans d&#039;exp\u00e9rience | En savoir plus maintenant\" \/>\n<meta name=\"robots\" content=\"index, follow, max-snippet:-1, max-image-preview:large, max-video-preview:-1\" \/>\n<link rel=\"canonical\" href=\"https:\/\/sha.de\/fr\/projets\/mobilite-et-transport\" \/>\n<meta property=\"og:locale\" content=\"fr_FR\" \/>\n<meta property=\"og:type\" content=\"article\" \/>\n<meta property=\"og:title\" content=\"Bureau d&#039;architecture - Mobilit\u00e9 et transport | SHA Scheffler Helbich Architekten GmbH\" \/>\n<meta property=\"og:description\" content=\"Bureau d&#039;architecture pour la mobilit\u00e9 et le transport \u2713 Conception de parkings \u2713 Planification du trafic \u2713 Planification urbaine \u2713 +90 ans d&#039;exp\u00e9rience | En savoir plus maintenant\" \/>\n<meta property=\"og:url\" content=\"https:\/\/sha.de\/fr\/projets\/mobilite-et-transport\" \/>\n<meta property=\"og:site_name\" content=\"SHA Scheffler Helbich Architekten GmbH\" \/>\n<meta property=\"article:modified_time\" content=\"2024-08-28T13:00:23+00:00\" \/>\n<meta name=\"twitter:card\" content=\"summary_large_image\" \/>\n<meta name=\"twitter:label1\" content=\"Dur\u00e9e de lecture estim\u00e9e\" \/>\n\t<meta name=\"twitter:data1\" content=\"6 minutes\" \/>\n<script type=\"application\/ld+json\" class=\"yoast-schema-graph\">{\"@context\":\"https:\\\/\\\/schema.org\",\"@graph\":[{\"@type\":\"WebPage\",\"@id\":\"https:\\\/\\\/sha.de\\\/fr\\\/projets\\\/mobilite-et-transport\",\"url\":\"https:\\\/\\\/sha.de\\\/fr\\\/projets\\\/mobilite-et-transport\",\"name\":\"Bureau d'architecture - Mobilit\u00e9 et transport | SHA Scheffler Helbich Architekten GmbH\",\"isPartOf\":{\"@id\":\"https:\\\/\\\/sha.de\\\/fr#website\"},\"datePublished\":\"2024-08-13T13:07:21+00:00\",\"dateModified\":\"2024-08-28T13:00:23+00:00\",\"description\":\"Bureau d'architecture pour la mobilit\u00e9 et le transport \u2713 Conception de parkings \u2713 Planification du trafic \u2713 Planification urbaine \u2713 +90 ans d'exp\u00e9rience | En savoir plus maintenant\",\"breadcrumb\":{\"@id\":\"https:\\\/\\\/sha.de\\\/fr\\\/projets\\\/mobilite-et-transport#breadcrumb\"},\"inLanguage\":\"fr-FR\",\"potentialAction\":[{\"@type\":\"ReadAction\",\"target\":[\"https:\\\/\\\/sha.de\\\/fr\\\/projets\\\/mobilite-et-transport\"]}]},{\"@type\":\"BreadcrumbList\",\"@id\":\"https:\\\/\\\/sha.de\\\/fr\\\/projets\\\/mobilite-et-transport#breadcrumb\",\"itemListElement\":[{\"@type\":\"ListItem\",\"position\":1,\"name\":\"Startseite\",\"item\":\"https:\\\/\\\/sha.de\\\/fr\"},{\"@type\":\"ListItem\",\"position\":2,\"name\":\"Projets\",\"item\":\"https:\\\/\\\/sha.de\\\/fr\\\/projets\"},{\"@type\":\"ListItem\",\"position\":3,\"name\":\"Mobilit\u00e9 et transport\"}]},{\"@type\":\"WebSite\",\"@id\":\"https:\\\/\\\/sha.de\\\/fr#website\",\"url\":\"https:\\\/\\\/sha.de\\\/fr\",\"name\":\"SHA Scheffler Helbich Architekten GmbH\",\"description\":\"\",\"potentialAction\":[{\"@type\":\"SearchAction\",\"target\":{\"@type\":\"EntryPoint\",\"urlTemplate\":\"https:\\\/\\\/sha.de\\\/fr?s={search_term_string}\"},\"query-input\":{\"@type\":\"PropertyValueSpecification\",\"valueRequired\":true,\"valueName\":\"search_term_string\"}}],\"inLanguage\":\"fr-FR\"}]}<\/script>\n<!-- \/ Yoast SEO plugin. -->","yoast_head_json":{"title":"Bureau d'architecture - Mobilit\u00e9 et transport | SHA Scheffler Helbich Architekten GmbH","description":"Bureau d'architecture pour la mobilit\u00e9 et le transport \u2713 Conception de parkings \u2713 Planification du trafic \u2713 Planification urbaine \u2713 +90 ans d'exp\u00e9rience | En savoir plus maintenant","robots":{"index":"index","follow":"follow","max-snippet":"max-snippet:-1","max-image-preview":"max-image-preview:large","max-video-preview":"max-video-preview:-1"},"canonical":"https:\/\/sha.de\/fr\/projets\/mobilite-et-transport","og_locale":"fr_FR","og_type":"article","og_title":"Bureau d'architecture - Mobilit\u00e9 et transport | SHA Scheffler Helbich Architekten GmbH","og_description":"Bureau d'architecture pour la mobilit\u00e9 et le transport \u2713 Conception de parkings \u2713 Planification du trafic \u2713 Planification urbaine \u2713 +90 ans d'exp\u00e9rience | En savoir plus maintenant","og_url":"https:\/\/sha.de\/fr\/projets\/mobilite-et-transport","og_site_name":"SHA Scheffler Helbich Architekten GmbH","article_modified_time":"2024-08-28T13:00:23+00:00","twitter_card":"summary_large_image","twitter_misc":{"Dur\u00e9e de lecture estim\u00e9e":"6 minutes"},"schema":{"@context":"https:\/\/schema.org","@graph":[{"@type":"WebPage","@id":"https:\/\/sha.de\/fr\/projets\/mobilite-et-transport","url":"https:\/\/sha.de\/fr\/projets\/mobilite-et-transport","name":"Bureau d'architecture - Mobilit\u00e9 et transport | SHA Scheffler Helbich Architekten GmbH","isPartOf":{"@id":"https:\/\/sha.de\/fr#website"},"datePublished":"2024-08-13T13:07:21+00:00","dateModified":"2024-08-28T13:00:23+00:00","description":"Bureau d'architecture pour la mobilit\u00e9 et le transport \u2713 Conception de parkings \u2713 Planification du trafic \u2713 Planification urbaine \u2713 +90 ans d'exp\u00e9rience | En savoir plus maintenant","breadcrumb":{"@id":"https:\/\/sha.de\/fr\/projets\/mobilite-et-transport#breadcrumb"},"inLanguage":"fr-FR","potentialAction":[{"@type":"ReadAction","target":["https:\/\/sha.de\/fr\/projets\/mobilite-et-transport"]}]},{"@type":"BreadcrumbList","@id":"https:\/\/sha.de\/fr\/projets\/mobilite-et-transport#breadcrumb","itemListElement":[{"@type":"ListItem","position":1,"name":"Startseite","item":"https:\/\/sha.de\/fr"},{"@type":"ListItem","position":2,"name":"Projets","item":"https:\/\/sha.de\/fr\/projets"},{"@type":"ListItem","position":3,"name":"Mobilit\u00e9 et transport"}]},{"@type":"WebSite","@id":"https:\/\/sha.de\/fr#website","url":"https:\/\/sha.de\/fr","name":"SHA Scheffler Helbich Architekten GmbH","description":"","potentialAction":[{"@type":"SearchAction","target":{"@type":"EntryPoint","urlTemplate":"https:\/\/sha.de\/fr?s={search_term_string}"},"query-input":{"@type":"PropertyValueSpecification","valueRequired":true,"valueName":"search_term_string"}}],"inLanguage":"fr-FR"}]}},"_links":{"self":[{"href":"https:\/\/sha.de\/fr\/wp-json\/wp\/v2\/pages\/37936","targetHints":{"allow":["GET"]}}],"collection":[{"href":"https:\/\/sha.de\/fr\/wp-json\/wp\/v2\/pages"}],"about":[{"href":"https:\/\/sha.de\/fr\/wp-json\/wp\/v2\/types\/page"}],"author":[{"embeddable":true,"href":"https:\/\/sha.de\/fr\/wp-json\/wp\/v2\/users\/4"}],"replies":[{"embeddable":true,"href":"https:\/\/sha.de\/fr\/wp-json\/wp\/v2\/comments?post=37936"}],"version-history":[{"count":6,"href":"https:\/\/sha.de\/fr\/wp-json\/wp\/v2\/pages\/37936\/revisions"}],"predecessor-version":[{"id":37968,"href":"https:\/\/sha.de\/fr\/wp-json\/wp\/v2\/pages\/37936\/revisions\/37968"}],"up":[{"embeddable":true,"href":"https:\/\/sha.de\/fr\/wp-json\/wp\/v2\/pages\/30121"}],"wp:attachment":[{"href":"https:\/\/sha.de\/fr\/wp-json\/wp\/v2\/media?parent=37936"}],"curies":[{"name":"wp","href":"https:\/\/api.w.org\/{rel}","templated":true}]}}