{"id":38073,"date":"2019-09-04T15:44:47","date_gmt":"2019-09-04T13:44:47","guid":{"rendered":"https:\/\/sha.de\/competences\/industrie-et-commerce"},"modified":"2024-08-28T15:00:39","modified_gmt":"2024-08-28T13:00:39","slug":"industrie-et-commerce","status":"publish","type":"page","link":"https:\/\/sha.de\/fr\/competences\/industrie-et-commerce","title":{"rendered":"Industrie et commerce"},"content":{"rendered":"<div id='av_section_1' class='avia-section main_color pt-default pb-default avia-no-border-styling avia-bg-style-scroll  avia-builder-el-0  el_before_av_section  avia-builder-el-first   container_wrap fullsize' style=' '  ><div class='container' ><main  role=\"main\" itemprop=\"mainContentOfPage\"  class='template-page content  av-content-full alpha units'><div class='post-entry post-entry-type-page post-entry-38073'><div class='entry-content-wrapper clearfix'>\n\n\t\t\t<div id=\"av-jzds8r2e\" class=\"headline-column flex_column av_one_full flex_column_div first \">\n\t\t\t\t<div class=\"headline-wrap is-outside align-center sub-bottom\">\n\t\t\t\t\t<h1 class=\"headline-content headline-primary\">Votre bureau d\u2019architecture pour l\u2019industrie et le commerce<\/h1>\n\t\t\t\t\t<h2 class=\"headline-content headline-secondary\">Nous planifions pour vous - dans toute l\u2019Allemagne<\/h2>\n\t\t\t\t<\/div>\n\t\t\t<\/div>\n<div class=\"flex_column av_one_third  flex_column_div av-zero-column-padding first       avia-builder-el-2  el_after_pixel_sc_headline  el_before_av_one_third  \"><section  class='av_textblock_section av-jzdsin8c-a444a21066dcbb0cc2fccc3f54730a9c '   itemscope=\"itemscope\" itemtype=\"https:\/\/schema.org\/CreativeWork\" ><div class='avia_textblock'  itemprop=\"text\" ><p>Dans le domaine de la construction industrielle et commerciale en particulier, une bonne architecture d\u00e9coule de la fonction qu&rsquo;elle doit remplir. Gr\u00e2ce \u00e0 son savoir-faire sp\u00e9cifique, SHA est votre partenaire pour optimiser les flux de mat\u00e9riaux et de marchandises ou pour g\u00e9rer les flux de clients, par exemple dans les locaux commerciaux, les ateliers de production ou les entrep\u00f4ts logistiques.<\/p>\n<p>Il est important pour nous de comprendre et d&rsquo;assimiler votre entreprise, ses processus et ses exigences. Si nous y parvenons, le r\u00e9sultat final parlera de lui-m\u00eame.<\/p>\n<\/div><\/section><\/div><div class=\"flex_column av_one_third  flex_column_div av-zero-column-padding        avia-builder-el-4  el_after_av_one_third  el_before_av_one_third  \"><section  class='av_textblock_section av-jzdsin8c-10-451ffa6183933067f0c8f49c0fee01ab '   itemscope=\"itemscope\" itemtype=\"https:\/\/schema.org\/CreativeWork\" ><div class='avia_textblock'  itemprop=\"text\" ><p>En tant que bureau d&rsquo;architecture pour les b\u00e2timents industriels et commerciaux, nous sommes \u00e0 vos c\u00f4t\u00e9s pour la r\u00e9novation, l&rsquo;extension ou la planification de nouvelles constructions. En raison des exigences fonctionnelles \u00e9lev\u00e9es, nous planifions toujours de l&rsquo;int\u00e9rieur vers l&rsquo;ext\u00e9rieur et d\u00e9veloppons avec vous des solutions sur mesure.<\/p>\n<p>Nos architectes industriels tiennent compte des sp\u00e9cificit\u00e9s spatiales pour une configuration optimale du b\u00e2timent. Le respect des exigences les plus \u00e9lev\u00e9es en mati\u00e8re de qualit\u00e9 et de s\u00e9curit\u00e9 est toujours une priorit\u00e9. C&rsquo;est ainsi que l&rsquo;on parvient \u00e0 concilier \u00e9conomie, fonctionnalit\u00e9 et esth\u00e9tique.<\/p>\n<\/div><\/section><\/div><div class=\"flex_column av_one_third  flex_column_div av-zero-column-padding        avia-builder-el-6  el_after_av_one_third  el_before_av_one_full  \"><section  class='av_textblock_section av-jzdsin8c-8-3f1e9640f80872d7c931926e74ee8e19 '   itemscope=\"itemscope\" itemtype=\"https:\/\/schema.org\/CreativeWork\" ><div class='avia_textblock'  itemprop=\"text\" ><p>Dans tous les projets, nos ma\u00eetres d&rsquo;ouvrage b\u00e9n\u00e9ficient de l&rsquo;interaction entre notre cabinet d&rsquo;architectes et nos partenaires de longue date. Vous recevez un concept personnalis\u00e9 et optimis\u00e9 \u00e0 tous \u00e9gards, que nous mettons en \u0153uvre pour vous jusqu&rsquo;\u00e0 l&rsquo;ach\u00e8vement, avec la plus grande transparence en termes de d\u00e9lais et de co\u00fbts. Contactez-nous et profitez de l&rsquo;exp\u00e9rience de plus de 90 ans de notre cabinet d&rsquo;architecture.<\/p>\n<\/div><\/section><\/div><div class=\"flex_column av_one_full  flex_column_div av-zero-column-padding first bg-default   img-left icon-left  avia-builder-el-8  el_after_av_one_third  avia-builder-el-last  column-top-margin\"><div class=\"slickgallery \">\n\t<div class=\"pixel-slide-wrap\">\n\t\t<div class=\"pixel-slide\" style=\"display: block; width: 100%; float: left;\">\n\t\t\t\t\n\t\t\t\t\t\t\t\t\t\t\t\t\t\n\t\t\t\t\t<div class=\"pixel-slide__image-wrap slide-1\">\n\t\t\t\t\t\t\t<div class=\"pixel-slide__image \"><a href=\"https:\/\/sha.de\/wp-content\/uploads\/CE648_349-1274x850.jpg\" rel=\"lightbox\"><img decoding=\"async\" src=\"https:\/\/sha.de\/wp-content\/uploads\/CE648_349-706x368.jpg\" alt=\"Zentrallager Verwaltung Kassel Jordan | Projekte im Industrie- und Logistikbau\" title=\"Zentrallager Verwaltung Kassel Jordan | Projekte im Industrie- und Logistikbau\"><\/a><\/div>\n\t\t\t\t\t<\/div>\n\t\t\t\t\n\t\t\t\t\t\t\t\t\t\t\t\t\t\n\t\t\t\t\t<div class=\"pixel-slide__image-wrap slide-2\">\n\t\t\t\t\t\t\t<div class=\"pixel-slide__image \"><a href=\"https:\/\/sha.de\/wp-content\/uploads\/Murdotec_innen_Full-11a-1280x512.jpg\" rel=\"lightbox\"><img decoding=\"async\" src=\"https:\/\/sha.de\/wp-content\/uploads\/Murdotec_innen_Full-11a-706x368.jpg\" alt=\"Murdotec Produktionsstandort in Dortmund | Projekte im Industrie- und Logistikbau\" title=\"Murdotec Produktionsstandort in Dortmund | Projekte im Industrie- und Logistikbau\"><\/a><\/div>\n\t\t\t\t\t<\/div>\n\t\t\t\t\n\t\t\t\t\t\t\t\t\t\t\t\t\t\n\t\t\t\t\t<div class=\"pixel-slide__image-wrap slide-3\">\n\t\t\t\t\t\t\t<div class=\"pixel-slide__image \"><a href=\"https:\/\/sha.de\/wp-content\/uploads\/CE648_301-1275x850.jpg\" rel=\"lightbox\"><img decoding=\"async\" src=\"https:\/\/sha.de\/wp-content\/uploads\/CE648_301-706x368.jpg\" alt=\"Zentrallager Verwaltung Kassel Jordan | Projekte im Industrie- und Logistikbau\" title=\"Zentrallager Verwaltung Kassel Jordan | Projekte im Industrie- und Logistikbau\"><\/a><\/div>\n\t\t\t\t\t<\/div>\n\t\t\t\t\n\t\t\t\t\t\t\t\t\t\t\t\t\t\n\t\t\t\t\t<div class=\"pixel-slide__image-wrap slide-4\">\n\t\t\t\t\t\t\t<div class=\"pixel-slide__image \"><a href=\"https:\/\/sha.de\/wp-content\/uploads\/Murtfeldt-CE-11-1266x850.jpg\" rel=\"lightbox\"><img decoding=\"async\" src=\"https:\/\/sha.de\/wp-content\/uploads\/Murtfeldt-CE-11-706x368.jpg\" alt=\"Murdotec Produktionsstandort in Dortmund | Projekte im Industrie- und Logistikbau\" title=\"Murdotec Produktionsstandort in Dortmund | Projekte im Industrie- und Logistikbau\"><\/a><\/div>\n\t\t\t\t\t<\/div>\n\t\t\t\t\n\t\t\t\t\t\t\t\t\t\t\t\t\t\n\t\t\t\t\t<div class=\"pixel-slide__image-wrap slide-5\">\n\t\t\t\t\t\t\t<div class=\"pixel-slide__image \"><a href=\"https:\/\/sha.de\/wp-content\/uploads\/Rewe-Hamm-vcube-1280x640.jpg\" rel=\"lightbox\"><img decoding=\"async\" src=\"https:\/\/sha.de\/wp-content\/uploads\/Rewe-Hamm-vcube-706x368.jpg\" alt=\"Rewe Hamm | SHA Scheffler Helbich Architekten\" title=\"Rewe Hamm | SHA Scheffler Helbich Architekten\"><\/a><\/div>\n\t\t\t\t\t<\/div>\n\t\t\t\t\n\t\t\t\t\t\t\t\t\t\t\t\t\t\n\t\t\t\t\t<div class=\"pixel-slide__image-wrap slide-6\">\n\t\t\t\t\t\t\t<div class=\"pixel-slide__image \"><a href=\"https:\/\/sha.de\/wp-content\/uploads\/CE648_154-1248x850.jpg\" rel=\"lightbox\"><img decoding=\"async\" src=\"https:\/\/sha.de\/wp-content\/uploads\/CE648_154-706x368.jpg\" alt=\"Zentrallager Verwaltung Kassel Jordan | Projekte im Industrie- und Logistikbau\" title=\"Zentrallager Verwaltung Kassel Jordan | Projekte im Industrie- und Logistikbau\"><\/a><\/div>\n\t\t\t\t\t<\/div>\n\t\t\t\t\t\t<\/div>\n\t<\/div>\n<\/div><\/div><\/div><\/div><\/main><!-- close content main element --><\/div><\/div><div id='av_section_2' class='avia-section main_color pt-large pb-large avia-no-border-styling avia-bg-style-scroll  avia-builder-el-10  el_after_av_section  el_before_av_section   container_wrap fullsize' style=' '  ><div class='container' ><div class='template-page content  av-content-full alpha units'><div class='post-entry post-entry-type-page post-entry-38073'><div class='entry-content-wrapper clearfix'>\n\n\t\t\t<div id=\"av-jzds8r2e-12\" class=\"headline-column flex_column av_one_full flex_column_div first \">\n\t\t\t\t<div class=\"headline-wrap is-outside align-center sub-bottom\">\n\t\t\t\t\t<h2 class=\"headline-content headline-primary\">Services autour de l\u2019architecture industrielle<\/h2>\n\t\t\t\t\t<h3 class=\"headline-content headline-secondary\">Notre gamme compl\u00e8te de services<\/h3>\n\t\t\t\t<\/div>\n\t\t\t<\/div>\n<div class=\"flex_column av_one_full  flex_column_div av-zero-column-padding first       avia-builder-el-12  el_after_pixel_sc_headline  avia-builder-el-last  \"><ul class=\"icon-row leistungen \">\n\t<li class=\"icon-row__entry beratung\">\n\t\t<a class=\"icon-row__entry-link\" href=\"https:\/\/sha.de\/leistungen\/beratung\">\n\t\t\t<div class=\"icon-row__entry-image\">\n\t\t\t\t<div class=\"entry-image-svg\"><\/div>\n\t\t\t\t<!-- <div class=\"entry-image-hover\"><\/div> -->\n\t\t\t<\/div>\n\t\t\t<div class=\"icon-row__entry-text\">Conseil<\/div>\n\t\t<\/a>\n\t<\/li>\n\t<li class=\"icon-row__entry konzept\">\n\t\t<a class=\"icon-row__entry-link\" href=\"https:\/\/sha.de\/leistungen\/analyse-und-konzept\">\n\t\t\t<div class=\"icon-row__entry-image\">\n\t\t\t\t<div class=\"entry-image-svg\"><\/div>\n\t\t\t\t<!-- <div class=\"entry-image-hover\"><\/div> -->\n\t\t\t<\/div>\n\t\t\t<div class=\"icon-row__entry-text\">Analyse & concept<\/div>\n\t\t<\/a>\n\t<\/li>\n\t<li class=\"icon-row__entry planung\">\n\t\t<a class=\"icon-row__entry-link\" href=\"https:\/\/sha.de\/leistungen\/planung-und-koordination\">\n\t\t\t<div class=\"icon-row__entry-image\">\n\t\t\t\t<div class=\"entry-image-svg\"><\/div>\n\t\t\t\t<!-- <div class=\"entry-image-hover\"><\/div> -->\n\t\t\t<\/div>\n\t\t\t<div class=\"icon-row__entry-text\">Planification & coordination<\/div>\n\t\t<\/a>\n\t<\/li>\n\t<li class=\"icon-row__entry realisierung\">\n\t\t<a class=\"icon-row__entry-link\" href=\"https:\/\/sha.de\/leistungen\/realisierung\">\n\t\t\t<div class=\"icon-row__entry-image\">\n\t\t\t\t<div class=\"entry-image-svg\"><\/div>\n\t\t\t\t<!-- <div class=\"entry-image-hover\"><\/div> -->\n\t\t\t<\/div>\n\t\t\t<div class=\"icon-row__entry-text\">R\u00e9alisation<\/div>\n\t\t<\/a>\n\t<\/li>\n\t<li class=\"icon-row__entry nachbetreuung\">\n\t\t<a class=\"icon-row__entry-link\" href=\"https:\/\/sha.de\/leistungen\/nachbetreuung\">\n\t\t\t<div class=\"icon-row__entry-image\">\n\t\t\t\t<div class=\"entry-image-svg\"><\/div>\n\t\t\t\t<!-- <div class=\"entry-image-hover\"><\/div> -->\n\t\t\t<\/div>\n\t\t\t<div class=\"icon-row__entry-text\">Suivi<\/div>\n\t\t<\/a>\n\t<\/li>\n<\/ul><\/div><\/div><\/div><\/div><!-- close content main div --><\/div><\/div><div id='av_section_3' class='avia-section main_color pt-default pb-default avia-no-border-styling avia-bg-style-scroll  avia-builder-el-14  el_after_av_section  avia-builder-el-last  referenzen-row  container_wrap fullsize' style=' '  ><div class='container' ><div class='template-page content  av-content-full alpha units'><div class='post-entry post-entry-type-page post-entry-38073'><div class='entry-content-wrapper clearfix'>\n\n\t\t\t<div id=\"av-jzds8r2e-6\" class=\"headline-column flex_column av_one_full flex_column_div first \">\n\t\t\t\t<div class=\"headline-wrap is-outside align-center sub-bottom\">\n\t\t\t\t\t<h2 class=\"headline-content headline-primary\">R\u00e9f\u00e9rences s\u00e9lectionn\u00e9es<\/h2>\n\t\t\t\t\t<h3 class=\"headline-content headline-secondary\">Nos projets dans l\u2019industrie et le commerce<\/h3>\n\t\t\t\t<\/div>\n\t\t\t<\/div>\n<div class=\"flex_column av_one_third  flex_column_div av-zero-column-padding first       avia-builder-el-16  el_after_pixel_sc_headline  el_before_av_one_third  \"><article id=\"\" class=\"card-entry referenz-entry static-button   text-align-left has-link   heading-link  has-button \">\n\t<div class=\"card-entry__inner\">\n\t\t\n\t\n\t\t<div class=\"card-entry__media media-type-\">\n\t<div class=\"card-entry__media-inner\">\n\n\t\t<div class=\"card_entry__referenz\">\n\t\t\t<div class=\"card_entry__referenz-inner\">\n\t\t\t\t\t\t\t\t\t<div class=\"card-entry__heading\">\n\t<div class=\"card-entry__heading-inner\">\n\n\n\t\t\t\n\t\t\t\n\t\t\t<a class=\"card-entry__link\" href=\"https:\/\/sha.de\/projekte\/industrie-logistik\/neubau-zentrallager-jordan-in-kassel\" target=\"_self\">\n\t\t\t\t\t\t\t<h3 class=\"card-entry__headline  \">\n\t\t\t\t\tZentrallager Jordan in Kassel\n\t\t\t\t<\/h3>\n\t\t\t\n\t\t\t\n\t\t<\/a>\n\t<\/div>\n<\/div>\n\t\t\t\t\t\t\t<\/div>\n\t\t<\/div>\n\n\t\t\t\t\t<div class=\"card-entry__action\">\n\t<div class=\"card-entry__action-inner\">\n\t\t<div class=\"card-entry__button-wrap avia-button-wrap avia-button-right theme-fill\">\n\t\t\t\t\t\t\t<a class=\"card-entry__button avia-button avia-button color-ci-black hover-yellow avia-size-small  avia-position-right\" href=\"https:\/\/sha.de\/projekte\/industrie-logistik\/neubau-zentrallager-jordan-in-kassel\" target=\"\">\n\t\t\t\t\t<span class=\"button-icon\"><i class=\"icon-arrow_next\"><\/i><\/span><span class=\"button-text\">lire la suite<\/span>\n\t\t\t\t<\/a>\n\t\t\t\t\t<\/div>\n\t<\/div>\n<\/div>\n\t\t\n\t\t\t\t\t<a href=\"https:\/\/sha.de\/projekte\/industrie-logistik\/neubau-zentrallager-jordan-in-kassel\" class=\"slide-image\" title=\"\"><img decoding=\"async\" src=\"https:\/\/sha.de\/wp-content\/uploads\/CE648_349-706x564.jpg\" \/><\/a>\n\t\t\t<\/div>\n<\/div>\n\n\t\n\t<\/div>\n<\/article><\/div><div class=\"flex_column av_one_third  flex_column_div av-zero-column-padding        avia-builder-el-18  el_after_av_one_third  el_before_av_one_third  \"><article id=\"\" class=\"card-entry referenz-entry static-button   text-align-left has-link   heading-link  has-button \">\n\t<div class=\"card-entry__inner\">\n\t\t\n\t\n\t\t<div class=\"card-entry__media media-type-\">\n\t<div class=\"card-entry__media-inner\">\n\n\t\t<div class=\"card_entry__referenz\">\n\t\t\t<div class=\"card_entry__referenz-inner\">\n\t\t\t\t\t\t\t\t\t<div class=\"card-entry__heading\">\n\t<div class=\"card-entry__heading-inner\">\n\n\n\t\t\t\n\t\t\t\n\t\t\t<a class=\"card-entry__link\" href=\"https:\/\/sha.de\/projekte\/mobilitaet-verkehr\/flughafen-dortmund\" target=\"_self\">\n\t\t\t\t\t\t\t<h3 class=\"card-entry__headline  \">\n\t\t\t\t\tFlughafen Dortmund\n\t\t\t\t<\/h3>\n\t\t\t\n\t\t\t\n\t\t<\/a>\n\t<\/div>\n<\/div>\n\t\t\t\t\t\t\t<\/div>\n\t\t<\/div>\n\n\t\t\t\t\t<div class=\"card-entry__action\">\n\t<div class=\"card-entry__action-inner\">\n\t\t<div class=\"card-entry__button-wrap avia-button-wrap avia-button-right theme-fill\">\n\t\t\t\t\t\t\t<a class=\"card-entry__button avia-button avia-button color-ci-black hover-yellow avia-size-small  avia-position-right\" href=\"https:\/\/sha.de\/projekte\/mobilitaet-verkehr\/flughafen-dortmund\" target=\"\">\n\t\t\t\t\t<span class=\"button-icon\"><i class=\"icon-arrow_next\"><\/i><\/span><span class=\"button-text\">lire la suite<\/span>\n\t\t\t\t<\/a>\n\t\t\t\t\t<\/div>\n\t<\/div>\n<\/div>\n\t\t\n\t\t\t\t\t<a href=\"https:\/\/sha.de\/projekte\/mobilitaet-verkehr\/flughafen-dortmund\" class=\"slide-image\" title=\"\"><img decoding=\"async\" src=\"https:\/\/sha.de\/wp-content\/uploads\/Flughafen-Dortmund-Blick-aus-dem-Hangar-1-706x564.jpg\" \/><\/a>\n\t\t\t<\/div>\n<\/div>\n\n\t\n\t<\/div>\n<\/article><\/div><div class=\"flex_column av_one_third  flex_column_div av-zero-column-padding        avia-builder-el-20  el_after_av_one_third  el_before_av_one_full  \"><article id=\"\" class=\"card-entry referenz-entry static-button   text-align-left has-link   heading-link  has-button \">\n\t<div class=\"card-entry__inner\">\n\t\t\n\t\n\t\t<div class=\"card-entry__media media-type-\">\n\t<div class=\"card-entry__media-inner\">\n\n\t\t<div class=\"card_entry__referenz\">\n\t\t\t<div class=\"card_entry__referenz-inner\">\n\t\t\t\t\t\t\t\t\t<div class=\"card-entry__heading\">\n\t<div class=\"card-entry__heading-inner\">\n\n\n\t\t\t\n\t\t\t\n\t\t\t<a class=\"card-entry__link\" href=\"https:\/\/sha.de\/projekte\/industrie-logistik\/revitalisierung-schokoladenfabrik-murdotec-kunststoffe-gmbh-co-kg\" target=\"_self\">\n\t\t\t\t\t\t\t<h3 class=\"card-entry__headline  \">\n\t\t\t\t\tRevitalisierung der Schokoladenfabrik in Dortmund Brackel: Murdotec Kunststoffe GmbH & Co. KG\n\t\t\t\t<\/h3>\n\t\t\t\n\t\t\t\n\t\t<\/a>\n\t<\/div>\n<\/div>\n\t\t\t\t\t\t\t<\/div>\n\t\t<\/div>\n\n\t\t\t\t\t<div class=\"card-entry__action\">\n\t<div class=\"card-entry__action-inner\">\n\t\t<div class=\"card-entry__button-wrap avia-button-wrap avia-button-right theme-fill\">\n\t\t\t\t\t\t\t<a class=\"card-entry__button avia-button avia-button color-ci-black hover-yellow avia-size-small  avia-position-right\" href=\"https:\/\/sha.de\/projekte\/industrie-logistik\/revitalisierung-schokoladenfabrik-murdotec-kunststoffe-gmbh-co-kg\" target=\"\">\n\t\t\t\t\t<span class=\"button-icon\"><i class=\"icon-arrow_next\"><\/i><\/span><span class=\"button-text\">lire la suite<\/span>\n\t\t\t\t<\/a>\n\t\t\t\t\t<\/div>\n\t<\/div>\n<\/div>\n\t\t\n\t\t\t\t\t<a href=\"https:\/\/sha.de\/projekte\/industrie-logistik\/revitalisierung-schokoladenfabrik-murdotec-kunststoffe-gmbh-co-kg\" class=\"slide-image\" title=\"\"><img decoding=\"async\" src=\"https:\/\/sha.de\/wp-content\/uploads\/Murdotec-Kunststoffe-CE-2017-2-706x564.jpg\" \/><\/a>\n\t\t\t<\/div>\n<\/div>\n\n\t\n\t<\/div>\n<\/article><\/div><div class=\"flex_column av_one_full  flex_column_div av-zero-column-padding first       avia-builder-el-22  el_after_av_one_third  avia-builder-el-last  column-top-margin\"><div class='avia-button-wrap theme-fill avia-button-right  avia-builder-el-23  avia-builder-el-no-sibling  inline'><a href='https:\/\/sha.de\/?page_id=3887'  class='avia-button  color-ci-black hover-yellow  avia-icon_select-no avia-size-small avia-position-right'   ><span class='avia_iconbox_title' >Toutes les r\u00e9f\u00e9rences<\/span><\/a><\/div><\/div>\n<\/p>\n","protected":false},"excerpt":{"rendered":"","protected":false},"author":2,"featured_media":0,"parent":30195,"menu_order":3,"comment_status":"closed","ping_status":"closed","template":"","meta":{"_acf_changed":false,"content-type":"","footnotes":""},"class_list":["post-38073","page","type-page","status-publish","hentry"],"acf":[],"yoast_head":"<!-- This site is optimized with the Yoast SEO plugin v27.1.1 - https:\/\/yoast.com\/product\/yoast-seo-wordpress\/ -->\n<title>Architectes industriels pour les grands projets &amp; la construction commerciale | SHA<\/title>\n<meta name=\"description\" content=\"Des architectes exp\u00e9riment\u00e9s pour l&#039;industrie &amp; le commerce - dans toute l&#039;Allemagne \u25ba Conseil, conception, planification, r\u00e9alisation &amp; suivi \u2713 Demandez maintenant !\" \/>\n<meta name=\"robots\" content=\"index, follow, max-snippet:-1, max-image-preview:large, max-video-preview:-1\" \/>\n<link rel=\"canonical\" href=\"https:\/\/sha.de\/fr\/competences\/industrie-et-commerce\" \/>\n<meta property=\"og:locale\" content=\"fr_FR\" \/>\n<meta property=\"og:type\" content=\"article\" \/>\n<meta property=\"og:title\" content=\"Architectes industriels pour les grands projets &amp; la construction commerciale | SHA\" \/>\n<meta property=\"og:description\" content=\"Des architectes exp\u00e9riment\u00e9s pour l&#039;industrie &amp; le commerce - dans toute l&#039;Allemagne \u25ba Conseil, conception, planification, r\u00e9alisation &amp; suivi \u2713 Demandez maintenant !\" \/>\n<meta property=\"og:url\" content=\"https:\/\/sha.de\/fr\/competences\/industrie-et-commerce\" \/>\n<meta property=\"og:site_name\" content=\"SHA Scheffler Helbich Architekten GmbH\" \/>\n<meta property=\"article:modified_time\" content=\"2024-08-28T13:00:39+00:00\" \/>\n<meta name=\"twitter:card\" content=\"summary_large_image\" \/>\n<meta name=\"twitter:label1\" content=\"Dur\u00e9e de lecture estim\u00e9e\" \/>\n\t<meta name=\"twitter:data1\" content=\"10 minutes\" \/>\n<script type=\"application\/ld+json\" class=\"yoast-schema-graph\">{\"@context\":\"https:\/\/schema.org\",\"@graph\":[{\"@type\":\"WebPage\",\"@id\":\"https:\/\/sha.de\/fr\/competences\/industrie-et-commerce\",\"url\":\"https:\/\/sha.de\/fr\/competences\/industrie-et-commerce\",\"name\":\"Architectes industriels pour les grands projets & la construction commerciale | SHA\",\"isPartOf\":{\"@id\":\"https:\/\/sha.de\/fr#website\"},\"datePublished\":\"2019-09-04T13:44:47+00:00\",\"dateModified\":\"2024-08-28T13:00:39+00:00\",\"description\":\"Des architectes exp\u00e9riment\u00e9s pour l'industrie & le commerce - dans toute l'Allemagne \u25ba Conseil, conception, planification, r\u00e9alisation & suivi \u2713 Demandez maintenant !\",\"breadcrumb\":{\"@id\":\"https:\/\/sha.de\/fr\/competences\/industrie-et-commerce#breadcrumb\"},\"inLanguage\":\"fr-FR\",\"potentialAction\":[{\"@type\":\"ReadAction\",\"target\":[\"https:\/\/sha.de\/fr\/competences\/industrie-et-commerce\"]}]},{\"@type\":\"BreadcrumbList\",\"@id\":\"https:\/\/sha.de\/fr\/competences\/industrie-et-commerce#breadcrumb\",\"itemListElement\":[{\"@type\":\"ListItem\",\"position\":1,\"name\":\"Startseite\",\"item\":\"https:\/\/sha.de\/fr\"},{\"@type\":\"ListItem\",\"position\":2,\"name\":\"Comp\u00e9tences\",\"item\":\"https:\/\/sha.de\/fr\/competences\"},{\"@type\":\"ListItem\",\"position\":3,\"name\":\"Industrie et commerce\"}]},{\"@type\":\"WebSite\",\"@id\":\"https:\/\/sha.de\/fr#website\",\"url\":\"https:\/\/sha.de\/fr\",\"name\":\"SHA Scheffler Helbich Architekten GmbH\",\"description\":\"\",\"potentialAction\":[{\"@type\":\"SearchAction\",\"target\":{\"@type\":\"EntryPoint\",\"urlTemplate\":\"https:\/\/sha.de\/fr?s={search_term_string}\"},\"query-input\":{\"@type\":\"PropertyValueSpecification\",\"valueRequired\":true,\"valueName\":\"search_term_string\"}}],\"inLanguage\":\"fr-FR\"}]}<\/script>\n<!-- \/ Yoast SEO plugin. -->","yoast_head_json":{"title":"Architectes industriels pour les grands projets & la construction commerciale | SHA","description":"Des architectes exp\u00e9riment\u00e9s pour l'industrie & le commerce - dans toute l'Allemagne \u25ba Conseil, conception, planification, r\u00e9alisation & suivi \u2713 Demandez maintenant !","robots":{"index":"index","follow":"follow","max-snippet":"max-snippet:-1","max-image-preview":"max-image-preview:large","max-video-preview":"max-video-preview:-1"},"canonical":"https:\/\/sha.de\/fr\/competences\/industrie-et-commerce","og_locale":"fr_FR","og_type":"article","og_title":"Architectes industriels pour les grands projets & la construction commerciale | SHA","og_description":"Des architectes exp\u00e9riment\u00e9s pour l'industrie & le commerce - dans toute l'Allemagne \u25ba Conseil, conception, planification, r\u00e9alisation & suivi \u2713 Demandez maintenant !","og_url":"https:\/\/sha.de\/fr\/competences\/industrie-et-commerce","og_site_name":"SHA Scheffler Helbich Architekten GmbH","article_modified_time":"2024-08-28T13:00:39+00:00","twitter_card":"summary_large_image","twitter_misc":{"Dur\u00e9e de lecture estim\u00e9e":"10 minutes"},"schema":{"@context":"https:\/\/schema.org","@graph":[{"@type":"WebPage","@id":"https:\/\/sha.de\/fr\/competences\/industrie-et-commerce","url":"https:\/\/sha.de\/fr\/competences\/industrie-et-commerce","name":"Architectes industriels pour les grands projets & la construction commerciale | SHA","isPartOf":{"@id":"https:\/\/sha.de\/fr#website"},"datePublished":"2019-09-04T13:44:47+00:00","dateModified":"2024-08-28T13:00:39+00:00","description":"Des architectes exp\u00e9riment\u00e9s pour l'industrie & le commerce - dans toute l'Allemagne \u25ba Conseil, conception, planification, r\u00e9alisation & suivi \u2713 Demandez maintenant !","breadcrumb":{"@id":"https:\/\/sha.de\/fr\/competences\/industrie-et-commerce#breadcrumb"},"inLanguage":"fr-FR","potentialAction":[{"@type":"ReadAction","target":["https:\/\/sha.de\/fr\/competences\/industrie-et-commerce"]}]},{"@type":"BreadcrumbList","@id":"https:\/\/sha.de\/fr\/competences\/industrie-et-commerce#breadcrumb","itemListElement":[{"@type":"ListItem","position":1,"name":"Startseite","item":"https:\/\/sha.de\/fr"},{"@type":"ListItem","position":2,"name":"Comp\u00e9tences","item":"https:\/\/sha.de\/fr\/competences"},{"@type":"ListItem","position":3,"name":"Industrie et commerce"}]},{"@type":"WebSite","@id":"https:\/\/sha.de\/fr#website","url":"https:\/\/sha.de\/fr","name":"SHA Scheffler Helbich Architekten GmbH","description":"","potentialAction":[{"@type":"SearchAction","target":{"@type":"EntryPoint","urlTemplate":"https:\/\/sha.de\/fr?s={search_term_string}"},"query-input":{"@type":"PropertyValueSpecification","valueRequired":true,"valueName":"search_term_string"}}],"inLanguage":"fr-FR"}]}},"_links":{"self":[{"href":"https:\/\/sha.de\/fr\/wp-json\/wp\/v2\/pages\/38073","targetHints":{"allow":["GET"]}}],"collection":[{"href":"https:\/\/sha.de\/fr\/wp-json\/wp\/v2\/pages"}],"about":[{"href":"https:\/\/sha.de\/fr\/wp-json\/wp\/v2\/types\/page"}],"author":[{"embeddable":true,"href":"https:\/\/sha.de\/fr\/wp-json\/wp\/v2\/users\/2"}],"replies":[{"embeddable":true,"href":"https:\/\/sha.de\/fr\/wp-json\/wp\/v2\/comments?post=38073"}],"version-history":[{"count":1,"href":"https:\/\/sha.de\/fr\/wp-json\/wp\/v2\/pages\/38073\/revisions"}],"predecessor-version":[{"id":38076,"href":"https:\/\/sha.de\/fr\/wp-json\/wp\/v2\/pages\/38073\/revisions\/38076"}],"up":[{"embeddable":true,"href":"https:\/\/sha.de\/fr\/wp-json\/wp\/v2\/pages\/30195"}],"wp:attachment":[{"href":"https:\/\/sha.de\/fr\/wp-json\/wp\/v2\/media?parent=38073"}],"curies":[{"name":"wp","href":"https:\/\/api.w.org\/{rel}","templated":true}]}}