{"id":38227,"date":"2019-04-03T11:54:02","date_gmt":"2019-04-03T09:54:02","guid":{"rendered":"https:\/\/sha.de\/services\/analyse-concept"},"modified":"2024-08-28T15:01:05","modified_gmt":"2024-08-28T13:01:05","slug":"analyse-concept","status":"publish","type":"page","link":"https:\/\/sha.de\/fr\/services\/analyse-concept","title":{"rendered":"Analyse &amp; Concept"},"content":{"rendered":"<div id='av_section_1' class='avia-section main_color pt-default pb-default avia-no-border-styling avia-bg-style-scroll  avia-builder-el-0  el_before_av_section  avia-builder-el-first   container_wrap fullsize' style=' '  ><div class='container' ><main  role=\"main\" itemprop=\"mainContentOfPage\"  class='template-page content  av-content-full alpha units'><div class='post-entry post-entry-type-page post-entry-38227'><div class='entry-content-wrapper clearfix'>\n\n\t\t\t<div id=\"av-k55bagx6\" class=\"headline-column flex_column av_one_full flex_column_div first \">\n\t\t\t\t<div class=\"headline-wrap is-outside align-left sub-bottom\">\n\t\t\t\t\t<h1 class=\"headline-content headline-primary\">Analyse et concept<\/h1>\n\t\t\t\t\t<h3 class=\"headline-content headline-secondary\">Votre partenaire de A \u00e0 Z<\/h3>\n\t\t\t\t<\/div>\n\t\t\t<\/div>\n<div class=\"flex_column av_two_third  flex_column_div av-zero-column-padding first bg-default  service img-left   avia-builder-el-2  el_after_pixel_sc_headline  el_before_av_one_third  w-1023-half \" style=\"background-image: url(https:\/\/sha.de\/wp-content\/uploads\/Leistungen_Analyse-und-Konzept.jpg); background-position: center left; background-repeat: no-repeat; background-size: cover; \"><\/div><div class=\"flex_column av_one_third  flex_column_div av-zero-column-padding  bg-default border-bottom   img-left   avia-builder-el-3  el_after_av_two_third  avia-builder-el-last  w-1023-half \"><section  class='av_textblock_section av-k55baqys-76fd3ab987b8edeb983c11dbb0a25821 '   itemscope=\"itemscope\" itemtype=\"https:\/\/schema.org\/CreativeWork\" ><div class='avia_textblock'  itemprop=\"text\" ><h3>Phases de prestation 1-2 :<br \/>\nConcept et \u00e9tudes de faisabilit\u00e9<\/h3>\n<p>Avant de commencer \u00e0 dessiner, la t\u00e2che doit \u00eatre clarifi\u00e9e. Nous vous aidons \u00e0 d\u00e9velopper et \u00e0 formuler cette t\u00e2che et vous conseillons sur l&rsquo;\u00e9tendue des prestations attendues. Nous d\u00e9terminons avec vous quels planificateurs sp\u00e9cialis\u00e9s sont n\u00e9cessaires pour la t\u00e2che sp\u00e9cifique, \u00e0 quel stade de la planification, et nous vous proposons des coll\u00e8gues appropri\u00e9s. L&rsquo;avant-projet est un concept avec des esquisses, des premiers chiffres et une estimation (encore approximative) des co\u00fbts. Les questions juridiques de base sont clarifi\u00e9es.<\/p>\n<p>Dans cette premi\u00e8re phase, la faisabilit\u00e9 g\u00e9n\u00e9rale est \u00e9tudi\u00e9e \u00e0 l&rsquo;aide de diff\u00e9rents concepts. Il existe souvent plusieurs variantes de solutions que nous confrontons et pour lesquelles nous clarifions avec vous les avantages et les inconv\u00e9nients.<\/p>\n<\/div><\/section><\/div>\n\n<\/div><\/div><\/main><!-- close content main element --><\/div><\/div><div id='av_section_2' class='avia-section main_color pt-default pb-default avia-no-border-styling avia-bg-style-scroll  avia-builder-el-5  el_after_av_section  el_before_av_section   container_wrap fullsize' style=' '  ><div class='container' ><div class='template-page content  av-content-full alpha units'><div class='post-entry post-entry-type-page post-entry-38227'><div class='entry-content-wrapper clearfix'>\n<div class=\"flex_column av_one_third  flex_column_div av-zero-column-padding first bg-default border-bottom   img-left   avia-builder-el-6  el_before_av_one_third  avia-builder-el-first  w-1023-half \"><section  class='av_textblock_section av-k55baqys-9-4c20cb2ab722c4c625da88e31e2a79a5 '   itemscope=\"itemscope\" itemtype=\"https:\/\/schema.org\/CreativeWork\" ><div class='avia_textblock'  itemprop=\"text\" ><h3>Poser des jalons : D\u00e9veloppement de projets<\/h3>\n<p>Les d\u00e9cisions importantes au sein d&rsquo;un projet sont prises lors des premi\u00e8res phases. En ce sens, le d\u00e9veloppement pr\u00e9coce du projet d\u00e9termine tous les co\u00fbts ult\u00e9rieurs. Dans ce contexte, l&rsquo;initiation du projet rev\u00eat une importance particuli\u00e8re.<\/p>\n<p>C&rsquo;est la premi\u00e8re fois que l&rsquo;id\u00e9e, le site et le capital se rencontrent. Les opportunit\u00e9s sont \u00e9valu\u00e9es du point de vue de l&rsquo;entreprise, de la planification et de la politique, et leur comp\u00e9titivit\u00e9 est examin\u00e9e. Les aspects li\u00e9s \u00e0 l&rsquo;impact environnemental, au maintien ou \u00e0 la cr\u00e9ation d&#8217;emplois et au risque potentiel d&rsquo;une mesure sont examin\u00e9s et quantifi\u00e9s. Nous nous ferons un plaisir de vous aider dans votre projet. N&rsquo;h\u00e9sitez pas \u00e0 nous contacter pour b\u00e9n\u00e9ficier de notre expertise sectorielle.<\/p>\n<\/div><\/section><\/div><div class=\"flex_column av_one_third  flex_column_div av-zero-column-padding  bg-default  fill img-left   avia-builder-el-8  el_after_av_one_third  el_before_av_one_third  w-1023-half \" style=\"background-image: url(https:\/\/sha.de\/wp-content\/uploads\/buero2-F\u00fcllfoto.jpg); background-position: center center; background-repeat: no-repeat; background-size: cover; \"><\/div><div class=\"flex_column av_one_third  flex_column_div av-zero-column-padding  bg-default  fill img-left   avia-builder-el-9  el_after_av_one_third  avia-builder-el-last  w-1023-full w-1023-ctm \" style=\"background-image: url(https:\/\/sha.de\/wp-content\/uploads\/auszeichnung_hausamsee.jpg); background-position: center center; background-repeat: no-repeat; background-size: cover; \"><\/div>\n\n<\/div><\/div><\/div><!-- close content main div --><\/div><\/div><div id='av_section_3' class='avia-section main_color pt-default pb-default avia-no-border-styling avia-bg-style-scroll  avia-builder-el-10  el_after_av_section  el_before_av_section   container_wrap fullsize' style=' '  ><div class='container' ><div class='template-page content  av-content-full alpha units'><div class='post-entry post-entry-type-page post-entry-38227'><div class='entry-content-wrapper clearfix'>\n<div class=\"flex_column av_one_third  flex_column_div av-zero-column-padding first bg-default  fill img-left   avia-builder-el-11  el_before_av_one_third  avia-builder-el-first  w-1023-half \" style=\"background-image: url(https:\/\/sha.de\/wp-content\/uploads\/leistungen_analyse_konzept.jpg); background-position: center center; background-repeat: no-repeat; background-size: cover; \"><\/div><div class=\"flex_column av_one_third  flex_column_div av-zero-column-padding  bg-default border-bottom   img-left   avia-builder-el-12  el_after_av_one_third  el_before_av_one_third  w-1023-half \"><section  class='av_textblock_section av-k55baqys-6-c72792b2a4a5e6b7582428995e54cc67 '   itemscope=\"itemscope\" itemtype=\"https:\/\/schema.org\/CreativeWork\" ><div class='avia_textblock'  itemprop=\"text\" ><h3>Proc\u00e9dures VgV et concours :<br \/>\nLa lutte pour la meilleure solution<\/h3>\n<p>Votre projet a pour objectif que seule la meilleure solution soit envisageable pour vous. C&rsquo;est pourquoi nous nous soumettons toujours \u00e0 la concurrence et montrons par ce biais que nous pensons en termes de conception, de fonctionnalit\u00e9 et d&rsquo;\u00e9conomie dans l&rsquo;int\u00e9r\u00eat du ma\u00eetre d&rsquo;ouvrage et que nous recherchons son utilit\u00e9. SHA Scheffler Helbich Architekten met \u00e9galement r\u00e9guli\u00e8rement \u00e0 profit son savoir-faire de longue date dans le cadre des proc\u00e9dures de march\u00e9 public et des proc\u00e9dures de manifestation d&rsquo;int\u00e9r\u00eat.<\/p>\n<p>Nous ne voulons toujours qu&rsquo;une chose : le r\u00e9sultat optimal dans l&rsquo;esprit du projet.<\/p>\n<\/div><\/section><\/div><div class=\"flex_column av_one_third  flex_column_div av-zero-column-padding  bg-default border-bottom   img-left   avia-builder-el-14  el_after_av_one_third  avia-builder-el-last  w-1023-full w-1023-ctm \"><section  class='av_textblock_section av-k55baqys-1-5559a95b6f073edc9fbdf2054bce7627 '   itemscope=\"itemscope\" itemtype=\"https:\/\/schema.org\/CreativeWork\" ><div class='avia_textblock'  itemprop=\"text\" ><h3>Outils de planification : simulation et mod\u00e8le<\/h3>\n<p>Outre la fonctionnalit\u00e9 et la rentabilit\u00e9, l&rsquo;architecture est toujours une question de qualit\u00e9 spatiale et physique. Cela peut \u00eatre parfaitement v\u00e9rifi\u00e9 d\u00e8s les premi\u00e8res phases de planification dans des repr\u00e9sentations spatiales telles que la simulation en 3D et le mod\u00e8le architectural classique.<\/p>\n<p>Ces deux types de repr\u00e9sentation font partie, avec les plans et les chiffres, des instruments les plus importants pour permettre au ma\u00eetre d&rsquo;ouvrage, aux planificateurs sp\u00e9cialis\u00e9s ainsi qu&rsquo;aux communes et aux autorit\u00e9s charg\u00e9es de d\u00e9livrer les autorisations de mieux comprendre encore le projet. Il est ainsi possible de r\u00e9pondre clairement, \u00e0 un stade pr\u00e9coce, \u00e0 toutes les questions spatiales, architecturales et urbanistiques, ainsi qu&rsquo;aux aspects techniques tels que l&rsquo;ensoleillement et l&rsquo;ombrage.<\/p>\n<\/div><\/section><\/div>\n\n<\/div><\/div><\/div><!-- close content main div --><\/div><\/div><div id='av_section_4' class='avia-section main_color pt-large pb-large avia-no-border-styling avia-bg-style-scroll  avia-builder-el-16  el_after_av_section  avia-builder-el-last   container_wrap fullsize' style=' '  ><div class='container' ><div class='template-page content  av-content-full alpha units'><div class='post-entry post-entry-type-page post-entry-38227'><div class='entry-content-wrapper clearfix'>\n\n\t\t\t<div id=\"av-k55bagx6-12\" class=\"headline-column flex_column av_one_full flex_column_div first \">\n\t\t\t\t<div class=\"headline-wrap is-outside align-center sub-bottom\">\n\t\t\t\t\t<h2 class=\"headline-content headline-primary\">Autres services de notre portefeuille<\/h2>\n\t\t\t\t\t<h3 class=\"headline-content headline-secondary\">Notre gamme compl\u00e8te de services<\/h3>\n\t\t\t\t<\/div>\n\t\t\t<\/div>\n<ul class=\"icon-row leistungen \">\n\t<li class=\"icon-row__entry beratung\">\n\t\t<a class=\"icon-row__entry-link\" href=\"https:\/\/sha.de\/leistungen\/beratung\">\n\t\t\t<div class=\"icon-row__entry-image\">\n\t\t\t\t<div class=\"entry-image-svg\"><\/div>\n\t\t\t\t<!-- <div class=\"entry-image-hover\"><\/div> -->\n\t\t\t<\/div>\n\t\t\t<div class=\"icon-row__entry-text\">Conseil<\/div>\n\t\t<\/a>\n\t<\/li>\n\t<li class=\"icon-row__entry konzept\">\n\t\t<a class=\"icon-row__entry-link\" href=\"https:\/\/sha.de\/leistungen\/analyse-und-konzept\">\n\t\t\t<div class=\"icon-row__entry-image\">\n\t\t\t\t<div class=\"entry-image-svg\"><\/div>\n\t\t\t\t<!-- <div class=\"entry-image-hover\"><\/div> -->\n\t\t\t<\/div>\n\t\t\t<div class=\"icon-row__entry-text\">Analyse & concept<\/div>\n\t\t<\/a>\n\t<\/li>\n\t<li class=\"icon-row__entry planung\">\n\t\t<a class=\"icon-row__entry-link\" href=\"https:\/\/sha.de\/leistungen\/planung-und-koordination\">\n\t\t\t<div class=\"icon-row__entry-image\">\n\t\t\t\t<div class=\"entry-image-svg\"><\/div>\n\t\t\t\t<!-- <div class=\"entry-image-hover\"><\/div> -->\n\t\t\t<\/div>\n\t\t\t<div class=\"icon-row__entry-text\">Planification & coordination<\/div>\n\t\t<\/a>\n\t<\/li>\n\t<li class=\"icon-row__entry realisierung\">\n\t\t<a class=\"icon-row__entry-link\" href=\"https:\/\/sha.de\/leistungen\/realisierung\">\n\t\t\t<div class=\"icon-row__entry-image\">\n\t\t\t\t<div class=\"entry-image-svg\"><\/div>\n\t\t\t\t<!-- <div class=\"entry-image-hover\"><\/div> -->\n\t\t\t<\/div>\n\t\t\t<div class=\"icon-row__entry-text\">R\u00e9alisation<\/div>\n\t\t<\/a>\n\t<\/li>\n\t<li class=\"icon-row__entry nachbetreuung\">\n\t\t<a class=\"icon-row__entry-link\" href=\"https:\/\/sha.de\/leistungen\/nachbetreuung\">\n\t\t\t<div class=\"icon-row__entry-image\">\n\t\t\t\t<div class=\"entry-image-svg\"><\/div>\n\t\t\t\t<!-- <div class=\"entry-image-hover\"><\/div> -->\n\t\t\t<\/div>\n\t\t\t<div class=\"icon-row__entry-text\">Suivi<\/div>\n\t\t<\/a>\n\t<\/li>\n<\/ul>\n\n\n","protected":false},"excerpt":{"rendered":"","protected":false},"author":1,"featured_media":0,"parent":30198,"menu_order":2,"comment_status":"closed","ping_status":"closed","template":"","meta":{"_acf_changed":false,"content-type":"","footnotes":""},"class_list":["post-38227","page","type-page","status-publish","hentry"],"acf":[],"yoast_head":"<!-- This site is optimized with the Yoast SEO plugin v27.4 - https:\/\/yoast.com\/product\/yoast-seo-wordpress\/ -->\n<title>Votre concept architectural personnalis\u00e9 | SHA Architectes<\/title>\n<meta name=\"description\" content=\"En tant qu&#039;architectes, nous convainquons avec des analyses &amp; des concepts. Planification &amp; coordination \u2713 D\u00e9veloppement de projet \u2713 Simulation 3D \u2713 R\u00e9alisation \u2713 Suivi post-projet\" \/>\n<meta name=\"robots\" content=\"index, follow, max-snippet:-1, max-image-preview:large, max-video-preview:-1\" \/>\n<link rel=\"canonical\" href=\"https:\/\/sha.de\/fr\/services\/analyse-concept\" \/>\n<meta property=\"og:locale\" content=\"fr_FR\" \/>\n<meta property=\"og:type\" content=\"article\" \/>\n<meta property=\"og:title\" content=\"Votre concept architectural personnalis\u00e9 | SHA Architectes\" \/>\n<meta property=\"og:description\" content=\"En tant qu&#039;architectes, nous convainquons avec des analyses &amp; des concepts. Planification &amp; coordination \u2713 D\u00e9veloppement de projet \u2713 Simulation 3D \u2713 R\u00e9alisation \u2713 Suivi post-projet\" \/>\n<meta property=\"og:url\" content=\"https:\/\/sha.de\/fr\/services\/analyse-concept\" \/>\n<meta property=\"og:site_name\" content=\"SHA Scheffler Helbich Architekten GmbH\" \/>\n<meta property=\"article:modified_time\" content=\"2024-08-28T13:01:05+00:00\" \/>\n<meta name=\"twitter:card\" content=\"summary_large_image\" \/>\n<meta name=\"twitter:label1\" content=\"Dur\u00e9e de lecture estim\u00e9e\" \/>\n\t<meta name=\"twitter:data1\" content=\"12 minutes\" \/>\n<script type=\"application\/ld+json\" class=\"yoast-schema-graph\">{\"@context\":\"https:\\\/\\\/schema.org\",\"@graph\":[{\"@type\":\"WebPage\",\"@id\":\"https:\\\/\\\/sha.de\\\/fr\\\/services\\\/analyse-concept\",\"url\":\"https:\\\/\\\/sha.de\\\/fr\\\/services\\\/analyse-concept\",\"name\":\"Votre concept architectural personnalis\u00e9 | SHA Architectes\",\"isPartOf\":{\"@id\":\"https:\\\/\\\/sha.de\\\/fr#website\"},\"datePublished\":\"2019-04-03T09:54:02+00:00\",\"dateModified\":\"2024-08-28T13:01:05+00:00\",\"description\":\"En tant qu'architectes, nous convainquons avec des analyses & des concepts. Planification & coordination \u2713 D\u00e9veloppement de projet \u2713 Simulation 3D \u2713 R\u00e9alisation \u2713 Suivi post-projet\",\"breadcrumb\":{\"@id\":\"https:\\\/\\\/sha.de\\\/fr\\\/services\\\/analyse-concept#breadcrumb\"},\"inLanguage\":\"fr-FR\",\"potentialAction\":[{\"@type\":\"ReadAction\",\"target\":[\"https:\\\/\\\/sha.de\\\/fr\\\/services\\\/analyse-concept\"]}]},{\"@type\":\"BreadcrumbList\",\"@id\":\"https:\\\/\\\/sha.de\\\/fr\\\/services\\\/analyse-concept#breadcrumb\",\"itemListElement\":[{\"@type\":\"ListItem\",\"position\":1,\"name\":\"Startseite\",\"item\":\"https:\\\/\\\/sha.de\\\/fr\"},{\"@type\":\"ListItem\",\"position\":2,\"name\":\"Services\",\"item\":\"https:\\\/\\\/sha.de\\\/fr\\\/services\"},{\"@type\":\"ListItem\",\"position\":3,\"name\":\"Analyse &amp; Concept\"}]},{\"@type\":\"WebSite\",\"@id\":\"https:\\\/\\\/sha.de\\\/fr#website\",\"url\":\"https:\\\/\\\/sha.de\\\/fr\",\"name\":\"SHA Scheffler Helbich Architekten GmbH\",\"description\":\"\",\"potentialAction\":[{\"@type\":\"SearchAction\",\"target\":{\"@type\":\"EntryPoint\",\"urlTemplate\":\"https:\\\/\\\/sha.de\\\/fr?s={search_term_string}\"},\"query-input\":{\"@type\":\"PropertyValueSpecification\",\"valueRequired\":true,\"valueName\":\"search_term_string\"}}],\"inLanguage\":\"fr-FR\"}]}<\/script>\n<!-- \/ Yoast SEO plugin. -->","yoast_head_json":{"title":"Votre concept architectural personnalis\u00e9 | SHA Architectes","description":"En tant qu'architectes, nous convainquons avec des analyses & des concepts. Planification & coordination \u2713 D\u00e9veloppement de projet \u2713 Simulation 3D \u2713 R\u00e9alisation \u2713 Suivi post-projet","robots":{"index":"index","follow":"follow","max-snippet":"max-snippet:-1","max-image-preview":"max-image-preview:large","max-video-preview":"max-video-preview:-1"},"canonical":"https:\/\/sha.de\/fr\/services\/analyse-concept","og_locale":"fr_FR","og_type":"article","og_title":"Votre concept architectural personnalis\u00e9 | SHA Architectes","og_description":"En tant qu'architectes, nous convainquons avec des analyses & des concepts. Planification & coordination \u2713 D\u00e9veloppement de projet \u2713 Simulation 3D \u2713 R\u00e9alisation \u2713 Suivi post-projet","og_url":"https:\/\/sha.de\/fr\/services\/analyse-concept","og_site_name":"SHA Scheffler Helbich Architekten GmbH","article_modified_time":"2024-08-28T13:01:05+00:00","twitter_card":"summary_large_image","twitter_misc":{"Dur\u00e9e de lecture estim\u00e9e":"12 minutes"},"schema":{"@context":"https:\/\/schema.org","@graph":[{"@type":"WebPage","@id":"https:\/\/sha.de\/fr\/services\/analyse-concept","url":"https:\/\/sha.de\/fr\/services\/analyse-concept","name":"Votre concept architectural personnalis\u00e9 | SHA Architectes","isPartOf":{"@id":"https:\/\/sha.de\/fr#website"},"datePublished":"2019-04-03T09:54:02+00:00","dateModified":"2024-08-28T13:01:05+00:00","description":"En tant qu'architectes, nous convainquons avec des analyses & des concepts. Planification & coordination \u2713 D\u00e9veloppement de projet \u2713 Simulation 3D \u2713 R\u00e9alisation \u2713 Suivi post-projet","breadcrumb":{"@id":"https:\/\/sha.de\/fr\/services\/analyse-concept#breadcrumb"},"inLanguage":"fr-FR","potentialAction":[{"@type":"ReadAction","target":["https:\/\/sha.de\/fr\/services\/analyse-concept"]}]},{"@type":"BreadcrumbList","@id":"https:\/\/sha.de\/fr\/services\/analyse-concept#breadcrumb","itemListElement":[{"@type":"ListItem","position":1,"name":"Startseite","item":"https:\/\/sha.de\/fr"},{"@type":"ListItem","position":2,"name":"Services","item":"https:\/\/sha.de\/fr\/services"},{"@type":"ListItem","position":3,"name":"Analyse &amp; Concept"}]},{"@type":"WebSite","@id":"https:\/\/sha.de\/fr#website","url":"https:\/\/sha.de\/fr","name":"SHA Scheffler Helbich Architekten GmbH","description":"","potentialAction":[{"@type":"SearchAction","target":{"@type":"EntryPoint","urlTemplate":"https:\/\/sha.de\/fr?s={search_term_string}"},"query-input":{"@type":"PropertyValueSpecification","valueRequired":true,"valueName":"search_term_string"}}],"inLanguage":"fr-FR"}]}},"_links":{"self":[{"href":"https:\/\/sha.de\/fr\/wp-json\/wp\/v2\/pages\/38227","targetHints":{"allow":["GET"]}}],"collection":[{"href":"https:\/\/sha.de\/fr\/wp-json\/wp\/v2\/pages"}],"about":[{"href":"https:\/\/sha.de\/fr\/wp-json\/wp\/v2\/types\/page"}],"author":[{"embeddable":true,"href":"https:\/\/sha.de\/fr\/wp-json\/wp\/v2\/users\/1"}],"replies":[{"embeddable":true,"href":"https:\/\/sha.de\/fr\/wp-json\/wp\/v2\/comments?post=38227"}],"version-history":[{"count":10,"href":"https:\/\/sha.de\/fr\/wp-json\/wp\/v2\/pages\/38227\/revisions"}],"predecessor-version":[{"id":38279,"href":"https:\/\/sha.de\/fr\/wp-json\/wp\/v2\/pages\/38227\/revisions\/38279"}],"up":[{"embeddable":true,"href":"https:\/\/sha.de\/fr\/wp-json\/wp\/v2\/pages\/30198"}],"wp:attachment":[{"href":"https:\/\/sha.de\/fr\/wp-json\/wp\/v2\/media?parent=38227"}],"curies":[{"name":"wp","href":"https:\/\/api.w.org\/{rel}","templated":true}]}}