{"id":38304,"date":"2019-10-07T09:13:56","date_gmt":"2019-10-07T07:13:56","guid":{"rendered":"https:\/\/sha.de\/carriere\/offres-demploi"},"modified":"2024-09-19T15:24:16","modified_gmt":"2024-09-19T13:24:16","slug":"offres-demploi","status":"publish","type":"page","link":"https:\/\/sha.de\/fr\/carriere\/offres-demploi","title":{"rendered":"Offres d&#8217;emploi"},"content":{"rendered":"<div id='av_section_1' class='avia-section main_color pt-default pb-default avia-no-border-styling avia-bg-style-scroll  avia-builder-el-0  avia-builder-el-no-sibling   container_wrap fullsize' style=' '  ><div class='container' ><main  role=\"main\" itemprop=\"mainContentOfPage\"  class='template-page content  av-content-full alpha units'><div class='post-entry post-entry-type-page post-entry-38304'><div class='entry-content-wrapper clearfix'>\n\n\t\t\t<div id=\"av-k1g2vf5m\" class=\"headline-column flex_column av_one_full flex_column_div first \">\n\t\t\t\t<div class=\"headline-wrap is-outside align-left sub-bottom\">\n\t\t\t\t\t<h1 class=\"headline-content headline-primary\"><strong>Vous cherchez<\/strong> un d\u00e9fi <strong>?<\/strong><\/h1>\n\t\t\t\t\t<h3 class=\"headline-content headline-secondary\">Nos offres d\u2019emploi actuelles<\/h3>\n\t\t\t\t<\/div>\n\t\t\t<\/div>\n<div class=\"flex_column av_one_third  flex_column_div av-zero-column-padding first       avia-builder-el-2  el_after_pixel_sc_headline  el_before_av_one_third  \"><section  class='av_textblock_section av-k1g2wero-fe61446603507e4bc085f1c602a33e68 '   itemscope=\"itemscope\" itemtype=\"https:\/\/schema.org\/CreativeWork\" ><div class='avia_textblock'  itemprop=\"text\" ><p>Nous sommes heureux que vous soyez l\u00e0 et que vous vous int\u00e9ressiez au travail dans notre cabinet d&rsquo;architecture. Vous \u00eates \u00e0 la bonne adresse si vous recherchez un emploi vari\u00e9, si vous avez une attitude positive, si vous savez garder la t\u00eate froide en p\u00e9riode de turbulences, si vous accordez de l&rsquo;importance \u00e0 votre d\u00e9veloppement personnel et professionnel et si vous aimez \u00eatre responsable de vos propres projets.<\/p>\n<\/div><\/section><\/div><div class=\"flex_column av_one_third  flex_column_div av-zero-column-padding  bg-default      avia-builder-el-4  el_after_av_one_third  el_before_av_one_third  \"><section  class='av_textblock_section av-k41gdgql-28f790d0b2b992bc79143248ec5d204a '   itemscope=\"itemscope\" itemtype=\"https:\/\/schema.org\/CreativeWork\" ><div class='avia_textblock'  itemprop=\"text\" ><p>Notre travail est caract\u00e9ris\u00e9 par des hi\u00e9rarchies plates, des processus de d\u00e9cision rapides et des relations humaines respectueuses. Si vous pensez que SHA et vous \u00eates faits l&rsquo;un pour l&rsquo;autre et que vous avez envie de participer \u00e0 la r\u00e9alisation de projets de construction dans toute l&rsquo;Allemagne au sein d&rsquo;une \u00e9quipe jeune, nous nous r\u00e9jouissons de recevoir votre candidature pertinente \u00e0 l&rsquo;un des postes mentionn\u00e9s.<\/p>\n<\/div><\/section><\/div><div class=\"flex_column av_one_third  flex_column_div av-zero-column-padding  bg-default      avia-builder-el-6  el_after_av_one_third  el_before_pixel_sc_jobsgrid  \"><section  class='av_textblock_section av-k41h1ilt-5687ad1451d7cf4f8132ea409e2e2406 '   itemscope=\"itemscope\" itemtype=\"https:\/\/schema.org\/CreativeWork\" ><div class='avia_textblock'  itemprop=\"text\" ><p>Nous attendons avec impatience votre dossier et une premi\u00e8re rencontre. Si vous ne voyez pas de poste correspondant \u00e0 votre profil, pas de probl\u00e8me : nous sommes toujours int\u00e9ress\u00e9s par les <a href=\"https:\/\/sha.de\/karriere\/initiativbewerbung\">candidatures spontan\u00e9es<\/a>.<\/p>\n<\/div><\/section><\/div>\t\n\n","protected":false},"excerpt":{"rendered":"","protected":false},"author":1,"featured_media":0,"parent":30056,"menu_order":2,"comment_status":"closed","ping_status":"closed","template":"","meta":{"_acf_changed":false,"content-type":"","footnotes":""},"class_list":["post-38304","page","type-page","status-publish","hentry"],"acf":[],"yoast_head":"<!-- This site is optimized with the Yoast SEO plugin v27.4 - https:\/\/yoast.com\/product\/yoast-seo-wordpress\/ -->\n<title>Offres d&#039;emploi | SHA Scheffler Helbich Architekten GmbH<\/title>\n<meta name=\"description\" content=\"Vous \u00eates \u00e0 la recherche de nouveaux d\u00e9fis ? Consultez nos offres d&#039;emploi actuelles et rejoignez notre \u00e9quipe d&#039;architectes.\" \/>\n<meta name=\"robots\" content=\"index, follow, max-snippet:-1, max-image-preview:large, max-video-preview:-1\" \/>\n<link rel=\"canonical\" href=\"https:\/\/sha.de\/fr\/carriere\/offres-demploi\" \/>\n<meta property=\"og:locale\" content=\"fr_FR\" \/>\n<meta property=\"og:type\" content=\"article\" \/>\n<meta property=\"og:title\" content=\"Offres d&#039;emploi | SHA Scheffler Helbich Architekten GmbH\" \/>\n<meta property=\"og:description\" content=\"Vous \u00eates \u00e0 la recherche de nouveaux d\u00e9fis ? Consultez nos offres d&#039;emploi actuelles et rejoignez notre \u00e9quipe d&#039;architectes.\" \/>\n<meta property=\"og:url\" content=\"https:\/\/sha.de\/fr\/carriere\/offres-demploi\" \/>\n<meta property=\"og:site_name\" content=\"SHA Scheffler Helbich Architekten GmbH\" \/>\n<meta property=\"article:modified_time\" content=\"2024-09-19T13:24:16+00:00\" \/>\n<meta name=\"twitter:card\" content=\"summary_large_image\" \/>\n<meta name=\"twitter:label1\" content=\"Dur\u00e9e de lecture estim\u00e9e\" \/>\n\t<meta name=\"twitter:data1\" content=\"2 minutes\" \/>\n<script type=\"application\/ld+json\" class=\"yoast-schema-graph\">{\"@context\":\"https:\\\/\\\/schema.org\",\"@graph\":[{\"@type\":\"WebPage\",\"@id\":\"https:\\\/\\\/sha.de\\\/fr\\\/carriere\\\/offres-demploi\",\"url\":\"https:\\\/\\\/sha.de\\\/fr\\\/carriere\\\/offres-demploi\",\"name\":\"Offres d'emploi | SHA Scheffler Helbich Architekten GmbH\",\"isPartOf\":{\"@id\":\"https:\\\/\\\/sha.de\\\/fr#website\"},\"datePublished\":\"2019-10-07T07:13:56+00:00\",\"dateModified\":\"2024-09-19T13:24:16+00:00\",\"description\":\"Vous \u00eates \u00e0 la recherche de nouveaux d\u00e9fis ? Consultez nos offres d'emploi actuelles et rejoignez notre \u00e9quipe d'architectes.\",\"breadcrumb\":{\"@id\":\"https:\\\/\\\/sha.de\\\/fr\\\/carriere\\\/offres-demploi#breadcrumb\"},\"inLanguage\":\"fr-FR\",\"potentialAction\":[{\"@type\":\"ReadAction\",\"target\":[\"https:\\\/\\\/sha.de\\\/fr\\\/carriere\\\/offres-demploi\"]}]},{\"@type\":\"BreadcrumbList\",\"@id\":\"https:\\\/\\\/sha.de\\\/fr\\\/carriere\\\/offres-demploi#breadcrumb\",\"itemListElement\":[{\"@type\":\"ListItem\",\"position\":1,\"name\":\"Startseite\",\"item\":\"https:\\\/\\\/sha.de\\\/fr\"},{\"@type\":\"ListItem\",\"position\":2,\"name\":\"Carri\u00e8re\",\"item\":\"https:\\\/\\\/sha.de\\\/fr\\\/carriere\"},{\"@type\":\"ListItem\",\"position\":3,\"name\":\"Offres d&#8217;emploi\"}]},{\"@type\":\"WebSite\",\"@id\":\"https:\\\/\\\/sha.de\\\/fr#website\",\"url\":\"https:\\\/\\\/sha.de\\\/fr\",\"name\":\"SHA Scheffler Helbich Architekten GmbH\",\"description\":\"\",\"potentialAction\":[{\"@type\":\"SearchAction\",\"target\":{\"@type\":\"EntryPoint\",\"urlTemplate\":\"https:\\\/\\\/sha.de\\\/fr?s={search_term_string}\"},\"query-input\":{\"@type\":\"PropertyValueSpecification\",\"valueRequired\":true,\"valueName\":\"search_term_string\"}}],\"inLanguage\":\"fr-FR\"}]}<\/script>\n<!-- \/ Yoast SEO plugin. -->","yoast_head_json":{"title":"Offres d'emploi | SHA Scheffler Helbich Architekten GmbH","description":"Vous \u00eates \u00e0 la recherche de nouveaux d\u00e9fis ? Consultez nos offres d'emploi actuelles et rejoignez notre \u00e9quipe d'architectes.","robots":{"index":"index","follow":"follow","max-snippet":"max-snippet:-1","max-image-preview":"max-image-preview:large","max-video-preview":"max-video-preview:-1"},"canonical":"https:\/\/sha.de\/fr\/carriere\/offres-demploi","og_locale":"fr_FR","og_type":"article","og_title":"Offres d'emploi | SHA Scheffler Helbich Architekten GmbH","og_description":"Vous \u00eates \u00e0 la recherche de nouveaux d\u00e9fis ? Consultez nos offres d'emploi actuelles et rejoignez notre \u00e9quipe d'architectes.","og_url":"https:\/\/sha.de\/fr\/carriere\/offres-demploi","og_site_name":"SHA Scheffler Helbich Architekten GmbH","article_modified_time":"2024-09-19T13:24:16+00:00","twitter_card":"summary_large_image","twitter_misc":{"Dur\u00e9e de lecture estim\u00e9e":"2 minutes"},"schema":{"@context":"https:\/\/schema.org","@graph":[{"@type":"WebPage","@id":"https:\/\/sha.de\/fr\/carriere\/offres-demploi","url":"https:\/\/sha.de\/fr\/carriere\/offres-demploi","name":"Offres d'emploi | SHA Scheffler Helbich Architekten GmbH","isPartOf":{"@id":"https:\/\/sha.de\/fr#website"},"datePublished":"2019-10-07T07:13:56+00:00","dateModified":"2024-09-19T13:24:16+00:00","description":"Vous \u00eates \u00e0 la recherche de nouveaux d\u00e9fis ? Consultez nos offres d'emploi actuelles et rejoignez notre \u00e9quipe d'architectes.","breadcrumb":{"@id":"https:\/\/sha.de\/fr\/carriere\/offres-demploi#breadcrumb"},"inLanguage":"fr-FR","potentialAction":[{"@type":"ReadAction","target":["https:\/\/sha.de\/fr\/carriere\/offres-demploi"]}]},{"@type":"BreadcrumbList","@id":"https:\/\/sha.de\/fr\/carriere\/offres-demploi#breadcrumb","itemListElement":[{"@type":"ListItem","position":1,"name":"Startseite","item":"https:\/\/sha.de\/fr"},{"@type":"ListItem","position":2,"name":"Carri\u00e8re","item":"https:\/\/sha.de\/fr\/carriere"},{"@type":"ListItem","position":3,"name":"Offres d&#8217;emploi"}]},{"@type":"WebSite","@id":"https:\/\/sha.de\/fr#website","url":"https:\/\/sha.de\/fr","name":"SHA Scheffler Helbich Architekten GmbH","description":"","potentialAction":[{"@type":"SearchAction","target":{"@type":"EntryPoint","urlTemplate":"https:\/\/sha.de\/fr?s={search_term_string}"},"query-input":{"@type":"PropertyValueSpecification","valueRequired":true,"valueName":"search_term_string"}}],"inLanguage":"fr-FR"}]}},"_links":{"self":[{"href":"https:\/\/sha.de\/fr\/wp-json\/wp\/v2\/pages\/38304","targetHints":{"allow":["GET"]}}],"collection":[{"href":"https:\/\/sha.de\/fr\/wp-json\/wp\/v2\/pages"}],"about":[{"href":"https:\/\/sha.de\/fr\/wp-json\/wp\/v2\/types\/page"}],"author":[{"embeddable":true,"href":"https:\/\/sha.de\/fr\/wp-json\/wp\/v2\/users\/1"}],"replies":[{"embeddable":true,"href":"https:\/\/sha.de\/fr\/wp-json\/wp\/v2\/comments?post=38304"}],"version-history":[{"count":8,"href":"https:\/\/sha.de\/fr\/wp-json\/wp\/v2\/pages\/38304\/revisions"}],"predecessor-version":[{"id":46156,"href":"https:\/\/sha.de\/fr\/wp-json\/wp\/v2\/pages\/38304\/revisions\/46156"}],"up":[{"embeddable":true,"href":"https:\/\/sha.de\/fr\/wp-json\/wp\/v2\/pages\/30056"}],"wp:attachment":[{"href":"https:\/\/sha.de\/fr\/wp-json\/wp\/v2\/media?parent=38304"}],"curies":[{"name":"wp","href":"https:\/\/api.w.org\/{rel}","templated":true}]}}