{"id":38561,"date":"2019-11-11T14:48:39","date_gmt":"2019-11-11T13:48:39","guid":{"rendered":"https:\/\/sha.de\/carriere\/candidature-spontanee"},"modified":"2024-08-28T15:01:43","modified_gmt":"2024-08-28T13:01:43","slug":"candidature-spontanee","status":"publish","type":"page","link":"https:\/\/sha.de\/fr\/carriere\/candidature-spontanee","title":{"rendered":"Candidature spontan\u00e9e"},"content":{"rendered":"<div id='av_section_1' class='avia-section main_color pt-default pb-default avia-no-border-styling avia-bg-style-scroll  avia-builder-el-0  avia-builder-el-no-sibling   container_wrap fullsize' style=' '  ><div class='container' ><main  role=\"main\" itemprop=\"mainContentOfPage\"  class='template-page content  av-content-full alpha units'><div class='post-entry post-entry-type-page post-entry-38561'><div class='entry-content-wrapper clearfix'>\n\n\t\t\t<div id=\"av-k1g2vf5m\" class=\"headline-column flex_column av_one_full flex_column_div first \">\n\t\t\t\t<div class=\"headline-wrap is-outside align-left sub-bottom\">\n\t\t\t\t\t<h1 class=\"headline-content headline-primary\"><strong>Envoyez votre candidature<\/strong> spontan\u00e9e d\u00e8s maintenant <strong>.<\/strong><\/h1>\n\t\t\t\t\t<h3 class=\"headline-content headline-secondary\">Dortmund.&lt;br \/&gt;\nBerlin. <\/h3>\n\t\t\t\t<\/div>\n\t\t\t<\/div>\n<div class=\"flex_column av_one_third  flex_column_div av-zero-column-padding first       avia-builder-el-2  el_after_pixel_sc_headline  el_before_av_one_third  \"><section  class='av_textblock_section av-k1g2wero-fe61446603507e4bc085f1c602a33e68 '   itemscope=\"itemscope\" itemtype=\"https:\/\/schema.org\/CreativeWork\" ><div class='avia_textblock'  itemprop=\"text\" ><p>Vous avez consult\u00e9 nos offres d&#8217;emploi, mais vous ne trouvez malheureusement pas ce que vous cherchez ? Pas de probl\u00e8me ! Nous sommes un cabinet d&rsquo;architectes en croissance constante avec une orientation polyvalente. C&rsquo;est pourquoi nous sommes toujours \u00e0 la recherche des meilleurs esprits pour nous aider \u00e0 atteindre nos objectifs. \u00c2ge, sexe, titre ? Convainquez-nous avec des performances !<\/p>\n<p>Vous \u00eates \u00e0 la bonne adresse si vous recherchez un emploi vari\u00e9, si vous avez une attitude positive, si vous savez garder la t\u00eate froide en p\u00e9riode de turbulences, si vous accordez de l&rsquo;importance \u00e0 votre d\u00e9veloppement personnel et professionnel et si vous aimez \u00eatre responsable de vos propres projets.<\/p>\n<\/div><\/section><\/div><div class=\"flex_column av_one_third  flex_column_div av-zero-column-padding  bg-default      avia-builder-el-4  el_after_av_one_third  el_before_av_one_third  \"><section  class='av_textblock_section av-k41grct3-280455cb34662e89d911927dd71d3c2b '   itemscope=\"itemscope\" itemtype=\"https:\/\/schema.org\/CreativeWork\" ><div class='avia_textblock'  itemprop=\"text\" ><p>Notre travail est caract\u00e9ris\u00e9 par des hi\u00e9rarchies plates, des processus de d\u00e9cision rapides et des relations humaines respectueuses.<\/p>\n<p>Si vous pensez que SHA et vous \u00eates faits l&rsquo;un pour l&rsquo;autre et que vous avez envie de participer \u00e0 la r\u00e9alisation de projets de construction dans toute l&rsquo;Allemagne au sein d&rsquo;une \u00e9quipe jeune, nous nous r\u00e9jouissons de recevoir votre candidature spontan\u00e9e pertinente.<\/p>\n<p>Veuillez nous envoyer vos documents pertinents dans un document PDF jusqu&rsquo;\u00e0 un maximum de 15 Mo par e-mail \u00e0 <a href=\"javascript:secureDecryptAndNavigate('h+ry5mzSXNlnERVbKHjE4DZ9TxyV\/e1rDrKqEsAxkEi23n0vJpeOxGb3QYSaIZOyBxCJ0wf9IexN+jk1GEnwYyM=', '7fb6b0a631c756e2798c0419dd401ac6392a180022e45865affe1bd81a905598')\">job@sha.de<\/a>.<\/p>\n<\/div><\/section><\/div><div class=\"flex_column av_one_third  flex_column_div av-zero-column-padding        avia-builder-el-6  el_after_av_one_third  el_before_av_one_full  \"><section  class='av_textblock_section av-k1g2wero-1-cc2210e8223e719df18a1b54ce60eaf6 '   itemscope=\"itemscope\" itemtype=\"https:\/\/schema.org\/CreativeWork\" ><div class='avia_textblock'  itemprop=\"text\" ><p>Et cela devrait \u00eatre inclus :<\/p>\n<ul>\n<li>Lettre de motivation (de changement) : pourquoi voulez-vous rejoindre SHA ?<\/li>\n<li>Certificats et preuves de vos activit\u00e9s ant\u00e9rieures<\/li>\n<li>Indiquez votre salaire brut pr\u00e9visionnel<\/li>\n<li>indication de la date d&rsquo;entr\u00e9e la plus proche possible<\/li>\n<\/ul>\n<p>Nous sommes impatients de savoir ce que vous avez \u00e0 nous dire et nous vous contacterons rapidement.<\/p>\n<\/div><\/section><\/div><div class=\"flex_column av_one_full  flex_column_div av-zero-column-padding first       avia-builder-el-8  el_after_av_one_third  avia-builder-el-last  column-top-margin\"><div  class='avia-image-container  av-styling-    avia-builder-el-9  avia-builder-el-no-sibling  avia-align-center'  itemprop=\"image\" itemscope=\"itemscope\" itemtype=\"https:\/\/schema.org\/ImageObject\"  ><div class='avia-image-container-inner'><div class='avia-image-overlay-wrap'><img class='avia_image' src='https:\/\/sha.de\/wp-content\/uploads\/kopfbild_2.jpg' alt='' title='Kopfbild 2' height=\"263\" width=\"1592\"  itemprop=\"thumbnailUrl\"  \/><\/div><\/div><\/div><\/div>\n","protected":false},"excerpt":{"rendered":"","protected":false},"author":1,"featured_media":0,"parent":30056,"menu_order":1,"comment_status":"closed","ping_status":"closed","template":"","meta":{"_acf_changed":false,"content-type":"","footnotes":""},"class_list":["post-38561","page","type-page","status-publish","hentry"],"acf":[],"yoast_head":"<!-- This site is optimized with the Yoast SEO plugin v27.4 - https:\/\/yoast.com\/product\/yoast-seo-wordpress\/ -->\n<title>Candidature spontan\u00e9e | SHA Scheffler Helbich Architekten GmbH<\/title>\n<meta name=\"description\" content=\"Vous avez consult\u00e9 nos offres d&#039;emploi, mais vous n&#039;avez malheureusement pas trouv\u00e9 le poste qui vous convient ? N&#039;h\u00e9sitez pas \u00e0 nous envoyer votre candidature spontan\u00e9e.\" \/>\n<meta name=\"robots\" content=\"index, follow, max-snippet:-1, max-image-preview:large, max-video-preview:-1\" \/>\n<link rel=\"canonical\" href=\"https:\/\/sha.de\/fr\/carriere\/candidature-spontanee\" \/>\n<meta property=\"og:locale\" content=\"fr_FR\" \/>\n<meta property=\"og:type\" content=\"article\" \/>\n<meta property=\"og:title\" content=\"Candidature spontan\u00e9e | SHA Scheffler Helbich Architekten GmbH\" \/>\n<meta property=\"og:description\" content=\"Vous avez consult\u00e9 nos offres d&#039;emploi, mais vous n&#039;avez malheureusement pas trouv\u00e9 le poste qui vous convient ? N&#039;h\u00e9sitez pas \u00e0 nous envoyer votre candidature spontan\u00e9e.\" \/>\n<meta property=\"og:url\" content=\"https:\/\/sha.de\/fr\/carriere\/candidature-spontanee\" \/>\n<meta property=\"og:site_name\" content=\"SHA Scheffler Helbich Architekten GmbH\" \/>\n<meta property=\"article:modified_time\" content=\"2024-08-28T13:01:43+00:00\" \/>\n<meta name=\"twitter:card\" content=\"summary_large_image\" \/>\n<meta name=\"twitter:label1\" content=\"Dur\u00e9e de lecture estim\u00e9e\" \/>\n\t<meta name=\"twitter:data1\" content=\"5 minutes\" \/>\n<script type=\"application\/ld+json\" class=\"yoast-schema-graph\">{\"@context\":\"https:\\\/\\\/schema.org\",\"@graph\":[{\"@type\":\"WebPage\",\"@id\":\"https:\\\/\\\/sha.de\\\/fr\\\/carriere\\\/candidature-spontanee\",\"url\":\"https:\\\/\\\/sha.de\\\/fr\\\/carriere\\\/candidature-spontanee\",\"name\":\"Candidature spontan\u00e9e | SHA Scheffler Helbich Architekten GmbH\",\"isPartOf\":{\"@id\":\"https:\\\/\\\/sha.de\\\/fr#website\"},\"datePublished\":\"2019-11-11T13:48:39+00:00\",\"dateModified\":\"2024-08-28T13:01:43+00:00\",\"description\":\"Vous avez consult\u00e9 nos offres d'emploi, mais vous n'avez malheureusement pas trouv\u00e9 le poste qui vous convient ? N'h\u00e9sitez pas \u00e0 nous envoyer votre candidature spontan\u00e9e.\",\"breadcrumb\":{\"@id\":\"https:\\\/\\\/sha.de\\\/fr\\\/carriere\\\/candidature-spontanee#breadcrumb\"},\"inLanguage\":\"fr-FR\",\"potentialAction\":[{\"@type\":\"ReadAction\",\"target\":[\"https:\\\/\\\/sha.de\\\/fr\\\/carriere\\\/candidature-spontanee\"]}]},{\"@type\":\"BreadcrumbList\",\"@id\":\"https:\\\/\\\/sha.de\\\/fr\\\/carriere\\\/candidature-spontanee#breadcrumb\",\"itemListElement\":[{\"@type\":\"ListItem\",\"position\":1,\"name\":\"Startseite\",\"item\":\"https:\\\/\\\/sha.de\\\/fr\"},{\"@type\":\"ListItem\",\"position\":2,\"name\":\"Carri\u00e8re\",\"item\":\"https:\\\/\\\/sha.de\\\/fr\\\/carriere\"},{\"@type\":\"ListItem\",\"position\":3,\"name\":\"Candidature spontan\u00e9e\"}]},{\"@type\":\"WebSite\",\"@id\":\"https:\\\/\\\/sha.de\\\/fr#website\",\"url\":\"https:\\\/\\\/sha.de\\\/fr\",\"name\":\"SHA Scheffler Helbich Architekten GmbH\",\"description\":\"\",\"potentialAction\":[{\"@type\":\"SearchAction\",\"target\":{\"@type\":\"EntryPoint\",\"urlTemplate\":\"https:\\\/\\\/sha.de\\\/fr?s={search_term_string}\"},\"query-input\":{\"@type\":\"PropertyValueSpecification\",\"valueRequired\":true,\"valueName\":\"search_term_string\"}}],\"inLanguage\":\"fr-FR\"}]}<\/script>\n<!-- \/ Yoast SEO plugin. -->","yoast_head_json":{"title":"Candidature spontan\u00e9e | SHA Scheffler Helbich Architekten GmbH","description":"Vous avez consult\u00e9 nos offres d'emploi, mais vous n'avez malheureusement pas trouv\u00e9 le poste qui vous convient ? N'h\u00e9sitez pas \u00e0 nous envoyer votre candidature spontan\u00e9e.","robots":{"index":"index","follow":"follow","max-snippet":"max-snippet:-1","max-image-preview":"max-image-preview:large","max-video-preview":"max-video-preview:-1"},"canonical":"https:\/\/sha.de\/fr\/carriere\/candidature-spontanee","og_locale":"fr_FR","og_type":"article","og_title":"Candidature spontan\u00e9e | SHA Scheffler Helbich Architekten GmbH","og_description":"Vous avez consult\u00e9 nos offres d'emploi, mais vous n'avez malheureusement pas trouv\u00e9 le poste qui vous convient ? N'h\u00e9sitez pas \u00e0 nous envoyer votre candidature spontan\u00e9e.","og_url":"https:\/\/sha.de\/fr\/carriere\/candidature-spontanee","og_site_name":"SHA Scheffler Helbich Architekten GmbH","article_modified_time":"2024-08-28T13:01:43+00:00","twitter_card":"summary_large_image","twitter_misc":{"Dur\u00e9e de lecture estim\u00e9e":"5 minutes"},"schema":{"@context":"https:\/\/schema.org","@graph":[{"@type":"WebPage","@id":"https:\/\/sha.de\/fr\/carriere\/candidature-spontanee","url":"https:\/\/sha.de\/fr\/carriere\/candidature-spontanee","name":"Candidature spontan\u00e9e | SHA Scheffler Helbich Architekten GmbH","isPartOf":{"@id":"https:\/\/sha.de\/fr#website"},"datePublished":"2019-11-11T13:48:39+00:00","dateModified":"2024-08-28T13:01:43+00:00","description":"Vous avez consult\u00e9 nos offres d'emploi, mais vous n'avez malheureusement pas trouv\u00e9 le poste qui vous convient ? N'h\u00e9sitez pas \u00e0 nous envoyer votre candidature spontan\u00e9e.","breadcrumb":{"@id":"https:\/\/sha.de\/fr\/carriere\/candidature-spontanee#breadcrumb"},"inLanguage":"fr-FR","potentialAction":[{"@type":"ReadAction","target":["https:\/\/sha.de\/fr\/carriere\/candidature-spontanee"]}]},{"@type":"BreadcrumbList","@id":"https:\/\/sha.de\/fr\/carriere\/candidature-spontanee#breadcrumb","itemListElement":[{"@type":"ListItem","position":1,"name":"Startseite","item":"https:\/\/sha.de\/fr"},{"@type":"ListItem","position":2,"name":"Carri\u00e8re","item":"https:\/\/sha.de\/fr\/carriere"},{"@type":"ListItem","position":3,"name":"Candidature spontan\u00e9e"}]},{"@type":"WebSite","@id":"https:\/\/sha.de\/fr#website","url":"https:\/\/sha.de\/fr","name":"SHA Scheffler Helbich Architekten GmbH","description":"","potentialAction":[{"@type":"SearchAction","target":{"@type":"EntryPoint","urlTemplate":"https:\/\/sha.de\/fr?s={search_term_string}"},"query-input":{"@type":"PropertyValueSpecification","valueRequired":true,"valueName":"search_term_string"}}],"inLanguage":"fr-FR"}]}},"_links":{"self":[{"href":"https:\/\/sha.de\/fr\/wp-json\/wp\/v2\/pages\/38561","targetHints":{"allow":["GET"]}}],"collection":[{"href":"https:\/\/sha.de\/fr\/wp-json\/wp\/v2\/pages"}],"about":[{"href":"https:\/\/sha.de\/fr\/wp-json\/wp\/v2\/types\/page"}],"author":[{"embeddable":true,"href":"https:\/\/sha.de\/fr\/wp-json\/wp\/v2\/users\/1"}],"replies":[{"embeddable":true,"href":"https:\/\/sha.de\/fr\/wp-json\/wp\/v2\/comments?post=38561"}],"version-history":[{"count":4,"href":"https:\/\/sha.de\/fr\/wp-json\/wp\/v2\/pages\/38561\/revisions"}],"predecessor-version":[{"id":38582,"href":"https:\/\/sha.de\/fr\/wp-json\/wp\/v2\/pages\/38561\/revisions\/38582"}],"up":[{"embeddable":true,"href":"https:\/\/sha.de\/fr\/wp-json\/wp\/v2\/pages\/30056"}],"wp:attachment":[{"href":"https:\/\/sha.de\/fr\/wp-json\/wp\/v2\/media?parent=38561"}],"curies":[{"name":"wp","href":"https:\/\/api.w.org\/{rel}","templated":true}]}}