{"id":38763,"date":"2020-01-08T13:57:58","date_gmt":"2020-01-08T12:57:58","guid":{"rendered":"https:\/\/sha.de\/carriere\/sha-en-tant-quemployeur"},"modified":"2024-08-28T15:02:11","modified_gmt":"2024-08-28T13:02:11","slug":"sha-en-tant-quemployeur","status":"publish","type":"page","link":"https:\/\/sha.de\/fr\/carriere\/sha-en-tant-quemployeur","title":{"rendered":"SHA en tant qu&#8217;employeur"},"content":{"rendered":"<div id='av_section_1' class='avia-section main_color pt-default pb-default avia-no-border-styling avia-bg-style-scroll  avia-builder-el-0  el_before_av_section  avia-builder-el-first   container_wrap fullsize' style=' '  ><div class='container' ><main  role=\"main\" itemprop=\"mainContentOfPage\"  class='template-page content  av-content-full alpha units'><div class='post-entry post-entry-type-page post-entry-38763'><div class='entry-content-wrapper clearfix'>\n\n\t\t\t<div id=\"av-k55bagx6\" class=\"headline-column flex_column av_one_full flex_column_div first \">\n\t\t\t\t<div class=\"headline-wrap is-outside align-left sub-bottom\">\n\t\t\t\t\t<h1 class=\"headline-content headline-primary\">Ce que nous vous offrons<\/h1>\n\t\t\t\t\t<h3 class=\"headline-content headline-secondary\">SHA en tant qu\u2019employeur<\/h3>\n\t\t\t\t<\/div>\n\t\t\t<\/div>\n<div class=\"flex_column av_one_third  flex_column_div av-zero-column-padding first bg-default border-bottom connected  img-left   avia-builder-el-2  el_after_pixel_sc_headline  el_before_av_one_third  w-1023-half \"><section  class='av_textblock_section av-k55baqys-574ab31680f910a237e7ede106711d9f '   itemscope=\"itemscope\" itemtype=\"https:\/\/schema.org\/CreativeWork\" ><div class='avia_textblock'  itemprop=\"text\" ><p>Nous ne sommes pas seulement une entreprise familiale, nous vivons cette attitude. Et donnent \u00e0 nos coll\u00e8gues le vent en poupe en toutes circonstances. En effet, la qualit\u00e9 d&rsquo;une entreprise d\u00e9pend de celle de son personnel, qui g\u00e8re chaque jour les petites et grandes t\u00e2ches quotidiennes. Nous cr\u00e9ons un environnement dans lequel vous pouvez vous sentir \u00e0 l&rsquo;aise. La bonne ambiance de travail s&rsquo;installe alors d&rsquo;elle-m\u00eame.<\/p>\n<p>SHA permet des mod\u00e8les de temps de travail tr\u00e8s diff\u00e9rents en fonction de la situation de vie. Que ce soit 40 ou 26 heures, une semaine de 4 jours ou un t\u00e9l\u00e9travail flexible, nous trouverons ensemble des solutions adapt\u00e9es \u00e0 votre vision et \u00e0 la n\u00f4tre de la collaboration. Il en va de m\u00eame si la cr\u00e8che est en gr\u00e8ve ou si votre m\u00e9decin propose des heures de consultation limit\u00e9es.<\/p>\n<\/div><\/section><\/div><div class=\"flex_column av_one_third  flex_column_div av-zero-column-padding  bg-default border-bottom   img-left   avia-builder-el-4  el_after_av_one_third  el_before_av_one_third  w-1023-half \"><section  class='av_textblock_section av-k55baqys-12-19bca22979aa7e5f2089d2cd2d783e2f '   itemscope=\"itemscope\" itemtype=\"https:\/\/schema.org\/CreativeWork\" ><div class='avia_textblock'  itemprop=\"text\" ><p>Ceux qui travaillent beaucoup doivent pouvoir en profiter. Chez SHA, les heures suppl\u00e9mentaires n\u00e9cessaires sont pay\u00e9es de mani\u00e8re \u00e9quitable ou peuvent \u00eatre prises en cong\u00e9 apr\u00e8s accord. Comment g\u00e9rez-vous vos projets ? Le transfert de connaissances en interne est une priorit\u00e9 pour nous.<\/p>\n<p>Nous ne donnons pas de conf\u00e9rences, mais nous dialoguons les uns avec les autres. Y compris sur les erreurs. Et ce, toujours de mani\u00e8re constructive et avec une attitude ouverte et juste. Des feedbacks et des entretiens r\u00e9guliers avec les collaborateurs font progresser chaque individu et l&rsquo;entreprise. Nous avons des hi\u00e9rarchies plates, des responsabilit\u00e9s claires et offrons de bonnes perspectives d&rsquo;\u00e9volution.<\/p>\n<\/div><\/section><\/div><div class=\"flex_column av_one_third  flex_column_div av-zero-column-padding  bg-grey   img-left   avia-builder-el-6  el_after_av_one_third  avia-builder-el-last  w-1023-full w-1023-ctm \"><div class=\"factlist-wrap  avia-builder-el-7  avia-builder-el-no-sibling \"><h4>En <strong>un coup d\u2019\u0153il<\/strong><\/h4><ul class=\"factlist\"><li class=\"factlist__entry av-1z1iu7\"><span class=\"\">Une entreprise familiale de quatri\u00e8me g\u00e9n\u00e9ration<\/span><p class=\"factlist__entry-desc\"><\/p><\/li><li class=\"factlist__entry av-5u7drz\"><span class=\"\">des horaires de travail flexibles<\/span><p class=\"factlist__entry-desc\"><\/p><\/li><li class=\"factlist__entry av-dyp2n\"><span class=\"\">les soins de sant\u00e9 en entreprise<\/span><p class=\"factlist__entry-desc\"><\/p><\/li><li class=\"factlist__entry av-2a5opb\"><span class=\"\">des postes de travail modernes dans un immeuble de bureaux innovant et toujours le logiciel de planification le plus r\u00e9cent<\/span><p class=\"factlist__entry-desc\"><\/p><\/li><li class=\"factlist__entry av-2i0lvz\"><span class=\"\">par FOCUS Business comme <strong><a href=&quot;https:\/\/sha.de\/fr\/aktuelles\/recompense-par-un-prix-sha-elue-top-employeur-pme-2020&quot;>&quot;Top Employeur PME 2020&quot;.<\/a><\/strong> et <strong>2021<\/strong><\/span><p class=\"factlist__entry-desc\"><\/p><\/li><li class=\"factlist__entry av-3wkqkv\"><span class=\"\">Prix de l\u2019\u00e9galit\u00e9 des chances <strong><a href=&quot;https:\/\/sha.de\/fr\/aktuelles\/sha-recoit-le-label-total-e-quality-pour-legalite-des-chances&quot;>Le label &quot;TOTAL E-QUALITY&quot; pour l\u2019\u00e9galit\u00e9 des chances&quot;.<\/a><\/strong><\/span><p class=\"factlist__entry-desc\"><\/p><\/li><li class=\"factlist__entry av-2wzg1b\"><span class=\"\">Membre du r\u00e9seau <strong><a href=&quot;https:\/\/sha.de\/fr\/aktuelles\/sha-est-membre-du-reseau-erfolgsfaktor-familie-facteur-de-reussite-de-la-famille&quot;>&quot;La famille, facteur de r\u00e9ussite&quot;<\/a><\/strong><\/span><p class=\"factlist__entry-desc\"><\/p><\/li><\/ul><\/div><\/div><\/div><\/div><\/main><!-- close content main element --><\/div><\/div><div id='av_section_2' class='avia-section main_color pt-default pb-default avia-no-border-styling avia-bg-style-scroll  avia-builder-el-8  el_after_av_section  el_before_av_section   container_wrap fullsize' style=' '  ><div class='container' ><div class='template-page content  av-content-full alpha units'><div class='post-entry post-entry-type-page post-entry-38763'><div class='entry-content-wrapper clearfix'>\n<div class=\"flex_column av_one_third  flex_column_div av-zero-column-padding first bg-default connected fill img-left   avia-builder-el-9  el_before_av_one_third  avia-builder-el-first  w-1023-full \" style=\"background-image: url(https:\/\/sha.de\/wp-content\/uploads\/Firmenlauf_2019-4-1030x773.jpg); background-position: center center; background-repeat: no-repeat; background-size: cover; \"><\/div><div class=\"flex_column av_one_third  flex_column_div av-zero-column-padding  bg-default border-bottom connected  img-left   avia-builder-el-10  el_after_av_one_third  el_before_av_one_third  w-1023-half w-1023-ctm w-1023-reset w-1023-ml-off \"><section  class='av_textblock_section av-k55baqys-10-a2ecba450abd69539e4b0bf6b947d6cf '   itemscope=\"itemscope\" itemtype=\"https:\/\/schema.org\/CreativeWork\" ><div class='avia_textblock'  itemprop=\"text\" ><h3>Promotion de la sant\u00e9 au travail<\/h3>\n<p>Dans la vie quotidienne au bureau, l&rsquo;exercice physique est parfois malheureusement n\u00e9glig\u00e9. Nous nous y opposons et faisons quelque chose en mati\u00e8re de pr\u00e9vention : avec notre propre groupe de sport d&rsquo;entreprise, qui se r\u00e9unit chaque semaine pour des entra\u00eenements de course, de coordination et de fitness. Avec des postes de travail assis-debout flexibles et des accessoires informatiques ergonomiques. En participant aux courses d&rsquo;entreprises de Dortmund. Avec la possibilit\u00e9 de louer un v\u00e9lo \u00e9lectrique pour se rendre sur le lieu de travail. Cela vous fait transpirer ? Pas de probl\u00e8me. Des douches sont disponibles dans l&rsquo;usine Phoenix.<\/p>\n<p>Quand on fait du sport, on a besoin de se ravitailler. Et aussi celui qui travaille sur les plans actuels du projet. De l&rsquo;eau et des fruits frais sont \u00e0 votre disposition : Servez-vous !<\/p>\n<\/div><\/section><\/div><div class=\"flex_column av_one_third  flex_column_div av-zero-column-padding  bg-default border-bottom   img-left   avia-builder-el-12  el_after_av_one_third  avia-builder-el-last  w-1023-half w-1023-ctm w-1023-reset \"><p>\n<style type=\"text\/css\" data-created_by=\"avia_inline_auto\" id=\"style-css-av-27oy9b-2c68b9c521398cde06b76015e5a63e8f\">\n#top .hr.hr-invisible.av-27oy9b-2c68b9c521398cde06b76015e5a63e8f{\nheight:46px;\n}\n<\/style>\n<div  class='hr av-27oy9b-2c68b9c521398cde06b76015e5a63e8f hr-invisible  avia-builder-el-13  el_before_av_textblock  avia-builder-el-first '><span class='hr-inner '><span class=\"hr-inner-style\"><\/span><\/span><\/div><br \/>\n<section  class='av_textblock_section av-k55baqys-5-b022a28056e9df99715d9f85c6c8159e '   itemscope=\"itemscope\" itemtype=\"https:\/\/schema.org\/CreativeWork\" ><div class='avia_textblock'  itemprop=\"text\" ><p>Ces soins de sant\u00e9 de base sont pour nous une \u00e9vidence. Au plus tard lors de la pause d\u00e9jeuner commune, chacun est alors responsable de lui-m\u00eame : \u00ab\u00a0Currywurst avec tout\u00a0\u00bb ou salade ? Nous sommes tol\u00e9rants&#8230;<\/p>\n<p>Nous renfor\u00e7ons \u00e9galement le sentiment d&rsquo;appartenance \u00e0 une communaut\u00e9 en organisant des f\u00eates de No\u00ebl traditionnelles, des f\u00eates d&rsquo;\u00e9t\u00e9 anim\u00e9es et des excursions sp\u00e9ciales pour tous les employ\u00e9s. Et bien s\u00fbr, lors des comp\u00e9titions quotidiennes autour de la table de baby-foot.<\/p>\n<p>En bref, SHA a \u00e0 c\u0153ur d&rsquo;avoir un personnel satisfait.<\/p>\n<\/div><\/section><\/p><\/div>\n<\/p>\n<\/div><\/div><\/div><!-- close content main div --><\/div><\/div><div id='av_section_3' class='avia-section main_color pt-default pb-0 avia-no-border-styling avia-bg-style-scroll  avia-builder-el-15  el_after_av_section  el_before_av_hr   container_wrap fullsize' style=' '  ><div class='container' ><div class='template-page content  av-content-full alpha units'><div class='post-entry post-entry-type-page post-entry-38763'><div class='entry-content-wrapper clearfix'>\n<div class=\"flex_column av_one_fourth  flex_column_div av-zero-column-padding first bg-default   img-left   avia-builder-el-16  el_before_av_one_fourth  avia-builder-el-first  iframe-column \"><\/div><div class=\"flex_column av_one_fourth  flex_column_div av-zero-column-padding  bg-default   img-left   avia-builder-el-18  el_after_av_one_fourth  el_before_av_one_fourth  logo-column \"><div  class='avia-image-container  av-styling- av-hover-grow   avia-builder-el-19  avia-builder-el-no-sibling  avia-align-center'  itemprop=\"image\" itemscope=\"itemscope\" itemtype=\"https:\/\/schema.org\/ImageObject\"  ><div class='avia-image-container-inner'><div class='avia-image-overlay-wrap'><a href='https:\/\/sha.de\/fr\/aktuelles\/sha-recoit-le-label-total-e-quality-pour-legalite-des-chances' class='avia_image'  ><img class='avia_image ' src='https:\/\/sha.de\/wp-content\/uploads\/Total-E-Quality-2.jpg' alt='' title='Total E-Quality'  itemprop=\"thumbnailUrl\"  \/><\/a><\/div><\/div><\/div><\/div><div class=\"flex_column av_one_fourth  flex_column_div av-zero-column-padding  bg-default   img-left   avia-builder-el-20  el_after_av_one_fourth  el_before_av_one_fourth  logo-column \"><div  class='avia-image-container  av-styling- av-hover-grow   avia-builder-el-21  avia-builder-el-no-sibling  avia-align-center'  itemprop=\"image\" itemscope=\"itemscope\" itemtype=\"https:\/\/schema.org\/ImageObject\"  ><div class='avia-image-container-inner'><div class='avia-image-overlay-wrap'><a href='https:\/\/sha.de\/fr\/aktuelles\/sha-familles-entreprises-dortmund' class='avia_image'  ><img class='avia_image ' src='https:\/\/sha.de\/wp-content\/uploads\/Famundo-2.jpg' alt='' title='Famundo'  itemprop=\"thumbnailUrl\"  \/><\/a><\/div><\/div><\/div><\/div><div class=\"flex_column av_one_fourth  flex_column_div av-zero-column-padding  bg-default   img-left   avia-builder-el-22  el_after_av_one_fourth  avia-builder-el-last  logo-column \"><div  class='avia-image-container  av-styling- av-hover-grow   avia-builder-el-23  avia-builder-el-no-sibling  avia-align-center'  itemprop=\"image\" itemscope=\"itemscope\" itemtype=\"https:\/\/schema.org\/ImageObject\"  ><div class='avia-image-container-inner'><div class='avia-image-overlay-wrap'><a href='https:\/\/sha.de\/fr\/aktuelles\/sha-est-membre-du-reseau-erfolgsfaktor-familie-facteur-de-reussite-de-la-famille' class='avia_image'  ><img class='avia_image ' src='https:\/\/sha.de\/wp-content\/uploads\/Erfolgsfaktor-Familie-1.jpg' alt='' title='Erfolgsfaktor Familie'  itemprop=\"thumbnailUrl\"  \/><\/a><\/div><\/div><\/div><\/div>\n<\/div><\/div><\/div><!-- close content main div --><\/div><\/div><div id='after_section_3' class='main_color av_default_container_wrap container_wrap fullsize' style=' '  ><div class='container' ><div class='template-page content  av-content-full alpha units'><div class='post-entry post-entry-type-page post-entry-38763'><div class='entry-content-wrapper clearfix'>\n<div  class='hr av-aqb9b-ef95ded3c80275504857b40f8d8c428f hr-default  avia-builder-el-24  el_after_av_section  el_before_av_section  avia-builder-el-no-sibling '><span class='hr-inner '><span class=\"hr-inner-style\"><\/span><\/span><\/div>\n<\/div><\/div><\/div><!-- close content main div --><\/div><\/div><div id='av_section_4' class='avia-section main_color pt-0 pb-default avia-no-border-styling avia-bg-style-scroll  avia-builder-el-25  el_after_av_hr  avia-builder-el-last   container_wrap fullsize' style=' '  ><div class='container' ><div class='template-page content  av-content-full alpha units'><div class='post-entry post-entry-type-page post-entry-38763'><div class='entry-content-wrapper clearfix'>\n<div class=\"flex_column av_one_third  flex_column_div av-zero-column-padding first bg-default  fill img-left   avia-builder-el-26  el_before_av_two_third  avia-builder-el-first  w-1023-hide \" style=\"background-image: url(https:\/\/sha.de\/wp-content\/uploads\/philosophie_langfristigkeit.jpg); background-position: center center; background-repeat: no-repeat; background-size: cover; \"><\/div><div class=\"flex_column av_two_third  flex_column_div av-zero-column-padding  bg-default   img-left   avia-builder-el-27  el_after_av_one_third  avia-builder-el-last  home-column-journal w-1023-full w-1023-ctm \"><section  class='av_textblock_section av-jtzqb1vo-5c1bd172d354b675e4023f23ce55b54c '   itemscope=\"itemscope\" itemtype=\"https:\/\/schema.org\/CreativeWork\" ><div class='avia_textblock h2-h1'  itemprop=\"text\" ><h2>Le site<br \/>\nJournal SHA<strong>.<\/strong><\/h2>\n<h3>Histoires d&rsquo;architecture<br \/>\nde notre travail quotidien.<\/h3>\n<\/div><\/section><br \/>\n<div class='avia-button-wrap theme-fill avia-button-left  avia-builder-el-29  el_after_av_textblock  avia-builder-el-last  black align-bottom float'><a href='\/wp-content\/uploads\/SHAJournal_N01.pdf'  class='avia-button  color-ci-black hover-yellow  avia-icon_select-no avia-size-medium avia-position-left'   ><span class='avia_iconbox_title' >Voir maintenant<\/span><\/a><\/div><\/p><\/div>\n\n","protected":false},"excerpt":{"rendered":"","protected":false},"author":1,"featured_media":0,"parent":30056,"menu_order":0,"comment_status":"closed","ping_status":"closed","template":"","meta":{"_acf_changed":false,"content-type":"","footnotes":""},"class_list":["post-38763","page","type-page","status-publish","hentry"],"acf":[],"yoast_head":"<!-- This site is optimized with the Yoast SEO plugin v27.4 - https:\/\/yoast.com\/product\/yoast-seo-wordpress\/ -->\n<title>SHA en tant qu&#039;employeur | SHA Scheffler Helbich Architekten GmbH<\/title>\n<meta name=\"description\" content=\"Faites partie de SHA ! Profitez d&#039;horaires de travail flexibles \u2713 d&#039;une pr\u00e9voyance sant\u00e9 en entreprise \u2713 d&#039;un lieu de travail moderne &amp; innovant \u2713\" \/>\n<meta name=\"robots\" content=\"index, follow, max-snippet:-1, max-image-preview:large, max-video-preview:-1\" \/>\n<link rel=\"canonical\" href=\"https:\/\/sha.de\/fr\/carriere\/sha-en-tant-quemployeur\" \/>\n<meta property=\"og:locale\" content=\"fr_FR\" \/>\n<meta property=\"og:type\" content=\"article\" \/>\n<meta property=\"og:title\" content=\"SHA en tant qu&#039;employeur | SHA Scheffler Helbich Architekten GmbH\" \/>\n<meta property=\"og:description\" content=\"Faites partie de SHA ! Profitez d&#039;horaires de travail flexibles \u2713 d&#039;une pr\u00e9voyance sant\u00e9 en entreprise \u2713 d&#039;un lieu de travail moderne &amp; innovant \u2713\" \/>\n<meta property=\"og:url\" content=\"https:\/\/sha.de\/fr\/carriere\/sha-en-tant-quemployeur\" \/>\n<meta property=\"og:site_name\" content=\"SHA Scheffler Helbich Architekten GmbH\" \/>\n<meta property=\"article:modified_time\" content=\"2024-08-28T13:02:11+00:00\" \/>\n<meta property=\"og:image\" content=\"https:\/\/widgets.kununu.com\/widget_score_review_count_logo_big\/profiles\/b3ec87d5-a6cc-4da1-9bf0-0a6160bfdfac\" \/>\n<meta name=\"twitter:card\" content=\"summary_large_image\" \/>\n<meta name=\"twitter:label1\" content=\"Dur\u00e9e de lecture estim\u00e9e\" \/>\n\t<meta name=\"twitter:data1\" content=\"17 minutes\" \/>\n<script type=\"application\/ld+json\" class=\"yoast-schema-graph\">{\"@context\":\"https:\\\/\\\/schema.org\",\"@graph\":[{\"@type\":\"WebPage\",\"@id\":\"https:\\\/\\\/sha.de\\\/fr\\\/carriere\\\/sha-en-tant-quemployeur\",\"url\":\"https:\\\/\\\/sha.de\\\/fr\\\/carriere\\\/sha-en-tant-quemployeur\",\"name\":\"SHA en tant qu'employeur | SHA Scheffler Helbich Architekten GmbH\",\"isPartOf\":{\"@id\":\"https:\\\/\\\/sha.de\\\/fr#website\"},\"primaryImageOfPage\":{\"@id\":\"https:\\\/\\\/sha.de\\\/fr\\\/carriere\\\/sha-en-tant-quemployeur#primaryimage\"},\"image\":{\"@id\":\"https:\\\/\\\/sha.de\\\/fr\\\/carriere\\\/sha-en-tant-quemployeur#primaryimage\"},\"thumbnailUrl\":\"https:\\\/\\\/widgets.kununu.com\\\/widget_score_review_count_logo_big\\\/profiles\\\/b3ec87d5-a6cc-4da1-9bf0-0a6160bfdfac\",\"datePublished\":\"2020-01-08T12:57:58+00:00\",\"dateModified\":\"2024-08-28T13:02:11+00:00\",\"description\":\"Faites partie de SHA ! Profitez d'horaires de travail flexibles \u2713 d'une pr\u00e9voyance sant\u00e9 en entreprise \u2713 d'un lieu de travail moderne & innovant \u2713\",\"breadcrumb\":{\"@id\":\"https:\\\/\\\/sha.de\\\/fr\\\/carriere\\\/sha-en-tant-quemployeur#breadcrumb\"},\"inLanguage\":\"fr-FR\",\"potentialAction\":[{\"@type\":\"ReadAction\",\"target\":[\"https:\\\/\\\/sha.de\\\/fr\\\/carriere\\\/sha-en-tant-quemployeur\"]}]},{\"@type\":\"ImageObject\",\"inLanguage\":\"fr-FR\",\"@id\":\"https:\\\/\\\/sha.de\\\/fr\\\/carriere\\\/sha-en-tant-quemployeur#primaryimage\",\"url\":\"https:\\\/\\\/widgets.kununu.com\\\/widget_score_review_count_logo_big\\\/profiles\\\/b3ec87d5-a6cc-4da1-9bf0-0a6160bfdfac\",\"contentUrl\":\"https:\\\/\\\/widgets.kununu.com\\\/widget_score_review_count_logo_big\\\/profiles\\\/b3ec87d5-a6cc-4da1-9bf0-0a6160bfdfac\"},{\"@type\":\"BreadcrumbList\",\"@id\":\"https:\\\/\\\/sha.de\\\/fr\\\/carriere\\\/sha-en-tant-quemployeur#breadcrumb\",\"itemListElement\":[{\"@type\":\"ListItem\",\"position\":1,\"name\":\"Startseite\",\"item\":\"https:\\\/\\\/sha.de\\\/fr\"},{\"@type\":\"ListItem\",\"position\":2,\"name\":\"Carri\u00e8re\",\"item\":\"https:\\\/\\\/sha.de\\\/fr\\\/carriere\"},{\"@type\":\"ListItem\",\"position\":3,\"name\":\"SHA en tant qu&#8217;employeur\"}]},{\"@type\":\"WebSite\",\"@id\":\"https:\\\/\\\/sha.de\\\/fr#website\",\"url\":\"https:\\\/\\\/sha.de\\\/fr\",\"name\":\"SHA Scheffler Helbich Architekten GmbH\",\"description\":\"\",\"potentialAction\":[{\"@type\":\"SearchAction\",\"target\":{\"@type\":\"EntryPoint\",\"urlTemplate\":\"https:\\\/\\\/sha.de\\\/fr?s={search_term_string}\"},\"query-input\":{\"@type\":\"PropertyValueSpecification\",\"valueRequired\":true,\"valueName\":\"search_term_string\"}}],\"inLanguage\":\"fr-FR\"}]}<\/script>\n<!-- \/ Yoast SEO plugin. -->","yoast_head_json":{"title":"SHA en tant qu'employeur | SHA Scheffler Helbich Architekten GmbH","description":"Faites partie de SHA ! Profitez d'horaires de travail flexibles \u2713 d'une pr\u00e9voyance sant\u00e9 en entreprise \u2713 d'un lieu de travail moderne & innovant \u2713","robots":{"index":"index","follow":"follow","max-snippet":"max-snippet:-1","max-image-preview":"max-image-preview:large","max-video-preview":"max-video-preview:-1"},"canonical":"https:\/\/sha.de\/fr\/carriere\/sha-en-tant-quemployeur","og_locale":"fr_FR","og_type":"article","og_title":"SHA en tant qu'employeur | SHA Scheffler Helbich Architekten GmbH","og_description":"Faites partie de SHA ! Profitez d'horaires de travail flexibles \u2713 d'une pr\u00e9voyance sant\u00e9 en entreprise \u2713 d'un lieu de travail moderne & innovant \u2713","og_url":"https:\/\/sha.de\/fr\/carriere\/sha-en-tant-quemployeur","og_site_name":"SHA Scheffler Helbich Architekten GmbH","article_modified_time":"2024-08-28T13:02:11+00:00","og_image":[{"url":"https:\/\/widgets.kununu.com\/widget_score_review_count_logo_big\/profiles\/b3ec87d5-a6cc-4da1-9bf0-0a6160bfdfac","type":"","width":"","height":""}],"twitter_card":"summary_large_image","twitter_misc":{"Dur\u00e9e de lecture estim\u00e9e":"17 minutes"},"schema":{"@context":"https:\/\/schema.org","@graph":[{"@type":"WebPage","@id":"https:\/\/sha.de\/fr\/carriere\/sha-en-tant-quemployeur","url":"https:\/\/sha.de\/fr\/carriere\/sha-en-tant-quemployeur","name":"SHA en tant qu'employeur | SHA Scheffler Helbich Architekten GmbH","isPartOf":{"@id":"https:\/\/sha.de\/fr#website"},"primaryImageOfPage":{"@id":"https:\/\/sha.de\/fr\/carriere\/sha-en-tant-quemployeur#primaryimage"},"image":{"@id":"https:\/\/sha.de\/fr\/carriere\/sha-en-tant-quemployeur#primaryimage"},"thumbnailUrl":"https:\/\/widgets.kununu.com\/widget_score_review_count_logo_big\/profiles\/b3ec87d5-a6cc-4da1-9bf0-0a6160bfdfac","datePublished":"2020-01-08T12:57:58+00:00","dateModified":"2024-08-28T13:02:11+00:00","description":"Faites partie de SHA ! Profitez d'horaires de travail flexibles \u2713 d'une pr\u00e9voyance sant\u00e9 en entreprise \u2713 d'un lieu de travail moderne & innovant \u2713","breadcrumb":{"@id":"https:\/\/sha.de\/fr\/carriere\/sha-en-tant-quemployeur#breadcrumb"},"inLanguage":"fr-FR","potentialAction":[{"@type":"ReadAction","target":["https:\/\/sha.de\/fr\/carriere\/sha-en-tant-quemployeur"]}]},{"@type":"ImageObject","inLanguage":"fr-FR","@id":"https:\/\/sha.de\/fr\/carriere\/sha-en-tant-quemployeur#primaryimage","url":"https:\/\/widgets.kununu.com\/widget_score_review_count_logo_big\/profiles\/b3ec87d5-a6cc-4da1-9bf0-0a6160bfdfac","contentUrl":"https:\/\/widgets.kununu.com\/widget_score_review_count_logo_big\/profiles\/b3ec87d5-a6cc-4da1-9bf0-0a6160bfdfac"},{"@type":"BreadcrumbList","@id":"https:\/\/sha.de\/fr\/carriere\/sha-en-tant-quemployeur#breadcrumb","itemListElement":[{"@type":"ListItem","position":1,"name":"Startseite","item":"https:\/\/sha.de\/fr"},{"@type":"ListItem","position":2,"name":"Carri\u00e8re","item":"https:\/\/sha.de\/fr\/carriere"},{"@type":"ListItem","position":3,"name":"SHA en tant qu&#8217;employeur"}]},{"@type":"WebSite","@id":"https:\/\/sha.de\/fr#website","url":"https:\/\/sha.de\/fr","name":"SHA Scheffler Helbich Architekten GmbH","description":"","potentialAction":[{"@type":"SearchAction","target":{"@type":"EntryPoint","urlTemplate":"https:\/\/sha.de\/fr?s={search_term_string}"},"query-input":{"@type":"PropertyValueSpecification","valueRequired":true,"valueName":"search_term_string"}}],"inLanguage":"fr-FR"}]}},"_links":{"self":[{"href":"https:\/\/sha.de\/fr\/wp-json\/wp\/v2\/pages\/38763","targetHints":{"allow":["GET"]}}],"collection":[{"href":"https:\/\/sha.de\/fr\/wp-json\/wp\/v2\/pages"}],"about":[{"href":"https:\/\/sha.de\/fr\/wp-json\/wp\/v2\/types\/page"}],"author":[{"embeddable":true,"href":"https:\/\/sha.de\/fr\/wp-json\/wp\/v2\/users\/1"}],"replies":[{"embeddable":true,"href":"https:\/\/sha.de\/fr\/wp-json\/wp\/v2\/comments?post=38763"}],"version-history":[{"count":10,"href":"https:\/\/sha.de\/fr\/wp-json\/wp\/v2\/pages\/38763\/revisions"}],"predecessor-version":[{"id":38810,"href":"https:\/\/sha.de\/fr\/wp-json\/wp\/v2\/pages\/38763\/revisions\/38810"}],"up":[{"embeddable":true,"href":"https:\/\/sha.de\/fr\/wp-json\/wp\/v2\/pages\/30056"}],"wp:attachment":[{"href":"https:\/\/sha.de\/fr\/wp-json\/wp\/v2\/media?parent=38763"}],"curies":[{"name":"wp","href":"https:\/\/api.w.org\/{rel}","templated":true}]}}