{"id":39246,"date":"2020-01-13T08:15:56","date_gmt":"2020-01-13T07:15:56","guid":{"rendered":"https:\/\/sha.de\/services\/realisation"},"modified":"2024-08-28T15:04:01","modified_gmt":"2024-08-28T13:04:01","slug":"realisation","status":"publish","type":"page","link":"https:\/\/sha.de\/fr\/services\/realisation","title":{"rendered":"R\u00e9alisation"},"content":{"rendered":"<div id='av_section_1' class='avia-section main_color pt-default pb-default avia-no-border-styling avia-bg-style-scroll  avia-builder-el-0  el_before_av_section  avia-builder-el-first   container_wrap fullsize' style=' '  ><div class='container' ><main  role=\"main\" itemprop=\"mainContentOfPage\"  class='template-page content  av-content-full alpha units'><div class='post-entry post-entry-type-page post-entry-39246'><div class='entry-content-wrapper clearfix'>\n\n\t\t\t<div id=\"av-k55bagx6\" class=\"headline-column flex_column av_one_full flex_column_div first \">\n\t\t\t\t<div class=\"headline-wrap is-outside align-left sub-bottom\">\n\t\t\t\t\t<h1 class=\"headline-content headline-primary\">R\u00e9alisation<\/h1>\n\t\t\t\t\t<h3 class=\"headline-content headline-secondary\">Votre partenaire de A \u00e0 Z<\/h3>\n\t\t\t\t<\/div>\n\t\t\t<\/div>\n<div class=\"flex_column av_two_third  flex_column_div av-zero-column-padding first bg-default  service img-left   avia-builder-el-2  el_after_pixel_sc_headline  el_before_av_one_third  w-1023-half \" style=\"background-image: url(https:\/\/sha.de\/wp-content\/uploads\/sport-2.jpg); background-position: center center; background-repeat: no-repeat; background-size: cover; \"><\/div><div class=\"flex_column av_one_third  flex_column_div av-zero-column-padding  bg-default border-bottom   img-left   avia-builder-el-3  el_after_av_two_third  avia-builder-el-last  w-1023-half \"><section  class='av_textblock_section av-k55baqys-574ab31680f910a237e7ede106711d9f '   itemscope=\"itemscope\" itemtype=\"https:\/\/schema.org\/CreativeWork\" ><div class='avia_textblock'  itemprop=\"text\" ><h3>Phase de performance 6 :<br \/>\nCr\u00e9ation de cahiers des charges et d&rsquo;appels d&rsquo;offres<\/h3>\n<p>Nous d\u00e9crivons les prestations des artisans dans les diff\u00e9rentes \u00e9tapes de travail et pr\u00e9parons des cahiers des charges qui d\u00e9taillent les \u00e9l\u00e9ments de construction et leur mise en \u0153uvre. Sur cette base, nous demandons des offres comparables.<\/p>\n<p>En fonction des souhaits du ma\u00eetre d&rsquo;ouvrage et du projet de construction, nous lan\u00e7ons des appels d&rsquo;offres pour des prestations cl\u00e9s en main ou par corps de m\u00e9tier. Cela pr\u00e9sente l&rsquo;avantage que le ma\u00eetre d&rsquo;ouvrage peut choisir de tout obtenir aupr\u00e8s d&rsquo;un seul et m\u00eame fournisseur ou de se voir proposer des entreprises artisanales individuelles.<\/p>\n<\/div><\/section><\/div>\n\n<\/div><\/div><\/main><!-- close content main element --><\/div><\/div><div id='av_section_2' class='avia-section main_color pt-default pb-default avia-no-border-styling avia-bg-style-scroll  avia-builder-el-5  el_after_av_section  el_before_av_section   container_wrap fullsize' style=' '  ><div class='container' ><div class='template-page content  av-content-full alpha units'><div class='post-entry post-entry-type-page post-entry-39246'><div class='entry-content-wrapper clearfix'>\n<div class=\"flex_column av_one_third  flex_column_div av-zero-column-padding first bg-default border-bottom   img-left   avia-builder-el-6  el_before_av_one_third  avia-builder-el-first  w-1023-half \"><section  class='av_textblock_section av-k55baqys-10-a2ecba450abd69539e4b0bf6b947d6cf '   itemscope=\"itemscope\" itemtype=\"https:\/\/schema.org\/CreativeWork\" ><div class='avia_textblock'  itemprop=\"text\" ><h3>Phase de performance 7 :<br \/>\n\u00c9valuation des offres et attribution<\/h3>\n<p>Apr\u00e8s avoir renvoy\u00e9 les offres, nous comparons les prix individuels et totaux dans des tableaux de prix clairs. Nous v\u00e9rifions ensuite soigneusement la plausibilit\u00e9 des offres avant de mener des entretiens d&rsquo;attribution avec les soumissionnaires afin de r\u00e9soudre les \u00e9ventuels d\u00e9saccords avant l&rsquo;attribution du march\u00e9 et de n\u00e9gocier les conditions finales.<\/p>\n<p>Une fois que les d\u00e9cisions concernant les diff\u00e9rentes entreprises ont \u00e9t\u00e9 prises, nous pr\u00e9parons les commandes et veillons \u00e0 ce que les contrats soient solides.<\/p>\n<\/div><\/section><\/div><div class=\"flex_column av_one_third  flex_column_div av-zero-column-padding  bg-default  fill img-left   avia-builder-el-8  el_after_av_one_third  el_before_av_one_third  w-1023-half \" style=\"background-image: url(https:\/\/sha.de\/wp-content\/uploads\/PHOENIXWERK_Spatenstich_Helme_Hochofen.jpg); background-position: center center; background-repeat: no-repeat; background-size: cover; \"><\/div><div class=\"flex_column av_one_third  flex_column_div av-zero-column-padding  bg-default border-bottom   img-left   avia-builder-el-9  el_after_av_one_third  avia-builder-el-last  w-1023-full w-1023-ctm \"><section  class='av_textblock_section av-k55baqys-7-5c812e72bc59216d670cbd5a8ca57c30 '   itemscope=\"itemscope\" itemtype=\"https:\/\/schema.org\/CreativeWork\" ><div class='avia_textblock'  itemprop=\"text\" ><h3>Phases de prestation 8-9 :<br \/>\nSurveillance de la construction pendant la r\u00e9alisation<\/h3>\n<p>Afin d&rsquo;obtenir une s\u00e9curit\u00e9 optimale en termes de co\u00fbts, de d\u00e9lais et de qualit\u00e9 architecturale, nous nous consid\u00e9rons comme le mandataire du ma\u00eetre d&rsquo;ouvrage sur le chantier. En tant qu&rsquo;\u00e9quipe exp\u00e9riment\u00e9e ayant d\u00e9j\u00e0 planifi\u00e9 votre projet, nous supervisons \u00e9galement sa r\u00e9alisation. Pendant toute la dur\u00e9e de la construction, les projets sont suivis par des chefs de chantier exp\u00e9riment\u00e9s dans toute l&rsquo;Allemagne. La coordination et le contr\u00f4le des entreprises sp\u00e9cialis\u00e9es impliqu\u00e9es dans la construction constituent l&rsquo;essentiel de notre travail.  <\/p>\n<p>Outre la garantie de la qualit\u00e9 technique et architecturale, nous vous assurons \u00e0 tout moment, gr\u00e2ce \u00e0 ce contr\u00f4le, une s\u00e9curit\u00e9 et une transparence optimales des co\u00fbts et du calendrier de construction.<\/p>\n<\/div><\/section><\/div>\n\n<\/div><\/div><\/div><!-- close content main div --><\/div><\/div><div id='av_section_3' class='avia-section main_color pt-default pb-default avia-no-border-styling avia-bg-style-scroll  avia-builder-el-11  el_after_av_section  el_before_av_section   container_wrap fullsize' style=' '  ><div class='container' ><div class='template-page content  av-content-full alpha units'><div class='post-entry post-entry-type-page post-entry-39246'><div class='entry-content-wrapper clearfix'>\n<div class=\"flex_column av_one_third  flex_column_div av-zero-column-padding first bg-default  fill img-left   avia-builder-el-12  el_before_av_one_third  avia-builder-el-first  w-1023-full \" style=\"background-image: url(https:\/\/sha.de\/wp-content\/uploads\/Leistungen_R\u00fcckschau.jpg); background-position: center center; background-repeat: no-repeat; background-size: cover; \"><\/div><div class=\"flex_column av_one_third  flex_column_div av-zero-column-padding  bg-default border-bottom   img-left   avia-builder-el-13  el_after_av_one_third  el_before_av_one_third  w-1023-half w-1023-ml-off w-1023-ctm \"><section  class='av_textblock_section av-k55baqys-4-e26b4d661f97a866b660d1aaff0a150f '   itemscope=\"itemscope\" itemtype=\"https:\/\/schema.org\/CreativeWork\" ><div class='avia_textblock'  itemprop=\"text\" ><h3>Contr\u00f4le des co\u00fbts et des d\u00e9lais<\/h3>\n<p>Nous \u00e9tablissons des pr\u00e9visions de co\u00fbts et de d\u00e9lais toujours actualis\u00e9es pendant la planification et la construction. La pr\u00e9cision de ces chiffres \u00e9volue avec la planification. Par exemple, les premi\u00e8res estimations de co\u00fbts sont encore bas\u00e9es sur des ratios de co\u00fbts par m\u00e8tre carr\u00e9 de surface brute de plancher ou par m\u00e8tre cube de volume brut. Un calcul des co\u00fbts bas\u00e9 sur les \u00e9l\u00e9ments de construction ou les prestations partielles des diff\u00e9rents corps de m\u00e9tier fournit alors des valeurs plus pr\u00e9cises.<\/p>\n<p>Dans le devis, nous rassemblons les r\u00e9sultats des offres des artisans, puis dans le relev\u00e9 des co\u00fbts, les chiffres de leurs factures finales.<\/p>\n<\/div><\/section><\/div><div class=\"flex_column av_one_third  flex_column_div av-zero-column-padding  bg-default border-bottom   img-left   avia-builder-el-15  el_after_av_one_third  avia-builder-el-last  w-1023-half w-1023-ctm \"><section  class='av_textblock_section av-k55baqys-1-5559a95b6f073edc9fbdf2054bce7627 '   itemscope=\"itemscope\" itemtype=\"https:\/\/schema.org\/CreativeWork\" ><div class='avia_textblock'  itemprop=\"text\" ><p>Nos tableaux de suivi des co\u00fbts pr\u00e9sentent clairement tous les chiffres disponibles. Nous disposons ainsi d&rsquo;un bon instrument de contr\u00f4le des co\u00fbts et pouvons r\u00e9agir \u00e0 temps si, par exemple, des demandes de modification modifient le budget initialement convenu. Il en va de m\u00eame pour le respect des d\u00e9lais. Ici aussi, les d\u00e9lais sont pris en compte tout au long de la planification et sont d\u00e9velopp\u00e9s en calendriers coh\u00e9rents.<\/p>\n<p>Et l\u00e0 aussi, vous avez \u00e0 tout moment une vue d&rsquo;ensemble pr\u00e9cise pour savoir si tout se d\u00e9roule comme convenu.<\/p>\n<\/div><\/section><\/div>\n\n<\/div><\/div><\/div><!-- close content main div --><\/div><\/div><div id='av_section_4' class='avia-section main_color pt-large pb-large avia-no-border-styling avia-bg-style-scroll  avia-builder-el-17  el_after_av_section  avia-builder-el-last   container_wrap fullsize' style=' '  ><div class='container' ><div class='template-page content  av-content-full alpha units'><div class='post-entry post-entry-type-page post-entry-39246'><div class='entry-content-wrapper clearfix'>\n\n\t\t\t<div id=\"av-k55bagx6-13\" class=\"headline-column flex_column av_one_full flex_column_div first \">\n\t\t\t\t<div class=\"headline-wrap is-outside align-center sub-bottom\">\n\t\t\t\t\t<h2 class=\"headline-content headline-primary\">Autres services de notre portefeuille<\/h2>\n\t\t\t\t\t<h3 class=\"headline-content headline-secondary\">Notre gamme compl\u00e8te de services<\/h3>\n\t\t\t\t<\/div>\n\t\t\t<\/div>\n<ul class=\"icon-row leistungen \">\n\t<li class=\"icon-row__entry beratung\">\n\t\t<a class=\"icon-row__entry-link\" href=\"https:\/\/sha.de\/leistungen\/beratung\">\n\t\t\t<div class=\"icon-row__entry-image\">\n\t\t\t\t<div class=\"entry-image-svg\"><\/div>\n\t\t\t\t<!-- <div class=\"entry-image-hover\"><\/div> -->\n\t\t\t<\/div>\n\t\t\t<div class=\"icon-row__entry-text\">Conseil<\/div>\n\t\t<\/a>\n\t<\/li>\n\t<li class=\"icon-row__entry konzept\">\n\t\t<a class=\"icon-row__entry-link\" href=\"https:\/\/sha.de\/leistungen\/analyse-und-konzept\">\n\t\t\t<div class=\"icon-row__entry-image\">\n\t\t\t\t<div class=\"entry-image-svg\"><\/div>\n\t\t\t\t<!-- <div class=\"entry-image-hover\"><\/div> -->\n\t\t\t<\/div>\n\t\t\t<div class=\"icon-row__entry-text\">Analyse & concept<\/div>\n\t\t<\/a>\n\t<\/li>\n\t<li class=\"icon-row__entry planung\">\n\t\t<a class=\"icon-row__entry-link\" href=\"https:\/\/sha.de\/leistungen\/planung-und-koordination\">\n\t\t\t<div class=\"icon-row__entry-image\">\n\t\t\t\t<div class=\"entry-image-svg\"><\/div>\n\t\t\t\t<!-- <div class=\"entry-image-hover\"><\/div> -->\n\t\t\t<\/div>\n\t\t\t<div class=\"icon-row__entry-text\">Planification & coordination<\/div>\n\t\t<\/a>\n\t<\/li>\n\t<li class=\"icon-row__entry realisierung\">\n\t\t<a class=\"icon-row__entry-link\" href=\"https:\/\/sha.de\/leistungen\/realisierung\">\n\t\t\t<div class=\"icon-row__entry-image\">\n\t\t\t\t<div class=\"entry-image-svg\"><\/div>\n\t\t\t\t<!-- <div class=\"entry-image-hover\"><\/div> -->\n\t\t\t<\/div>\n\t\t\t<div class=\"icon-row__entry-text\">R\u00e9alisation<\/div>\n\t\t<\/a>\n\t<\/li>\n\t<li class=\"icon-row__entry nachbetreuung\">\n\t\t<a class=\"icon-row__entry-link\" href=\"https:\/\/sha.de\/leistungen\/nachbetreuung\">\n\t\t\t<div class=\"icon-row__entry-image\">\n\t\t\t\t<div class=\"entry-image-svg\"><\/div>\n\t\t\t\t<!-- <div class=\"entry-image-hover\"><\/div> -->\n\t\t\t<\/div>\n\t\t\t<div class=\"icon-row__entry-text\">Suivi<\/div>\n\t\t<\/a>\n\t<\/li>\n<\/ul>\n\n\n","protected":false},"excerpt":{"rendered":"","protected":false},"author":1,"featured_media":0,"parent":30198,"menu_order":4,"comment_status":"closed","ping_status":"closed","template":"","meta":{"_acf_changed":false,"content-type":"","footnotes":""},"class_list":["post-39246","page","type-page","status-publish","hentry"],"acf":[],"yoast_head":"<!-- This site is optimized with the Yoast SEO plugin v27.4 - https:\/\/yoast.com\/product\/yoast-seo-wordpress\/ -->\n<title>Surveillance des travaux &amp; contr\u00f4le des co\u00fbts | SHA Architectes<\/title>\n<meta name=\"description\" content=\"Surveillance compl\u00e8te de la construction pendant la mise en \u0153uvre, combin\u00e9e \u00e0 un contr\u00f4le des co\u00fbts et des d\u00e9lais. Suivi des cahiers des charges jusqu&#039;\u00e0 l&#039;\u00e9valuation des offres.\" \/>\n<meta name=\"robots\" content=\"index, follow, max-snippet:-1, max-image-preview:large, max-video-preview:-1\" \/>\n<link rel=\"canonical\" href=\"https:\/\/sha.de\/fr\/services\/realisation\" \/>\n<meta property=\"og:locale\" content=\"fr_FR\" \/>\n<meta property=\"og:type\" content=\"article\" \/>\n<meta property=\"og:title\" content=\"Surveillance des travaux &amp; contr\u00f4le des co\u00fbts | SHA Architectes\" \/>\n<meta property=\"og:description\" content=\"Surveillance compl\u00e8te de la construction pendant la mise en \u0153uvre, combin\u00e9e \u00e0 un contr\u00f4le des co\u00fbts et des d\u00e9lais. Suivi des cahiers des charges jusqu&#039;\u00e0 l&#039;\u00e9valuation des offres.\" \/>\n<meta property=\"og:url\" content=\"https:\/\/sha.de\/fr\/services\/realisation\" \/>\n<meta property=\"og:site_name\" content=\"SHA Scheffler Helbich Architekten GmbH\" \/>\n<meta property=\"article:modified_time\" content=\"2024-08-28T13:04:01+00:00\" \/>\n<meta name=\"twitter:card\" content=\"summary_large_image\" \/>\n<meta name=\"twitter:label1\" content=\"Dur\u00e9e de lecture estim\u00e9e\" \/>\n\t<meta name=\"twitter:data1\" content=\"12 minutes\" \/>\n<script type=\"application\/ld+json\" class=\"yoast-schema-graph\">{\"@context\":\"https:\\\/\\\/schema.org\",\"@graph\":[{\"@type\":\"WebPage\",\"@id\":\"https:\\\/\\\/sha.de\\\/fr\\\/services\\\/realisation\",\"url\":\"https:\\\/\\\/sha.de\\\/fr\\\/services\\\/realisation\",\"name\":\"Surveillance des travaux & contr\u00f4le des co\u00fbts | SHA Architectes\",\"isPartOf\":{\"@id\":\"https:\\\/\\\/sha.de\\\/fr#website\"},\"datePublished\":\"2020-01-13T07:15:56+00:00\",\"dateModified\":\"2024-08-28T13:04:01+00:00\",\"description\":\"Surveillance compl\u00e8te de la construction pendant la mise en \u0153uvre, combin\u00e9e \u00e0 un contr\u00f4le des co\u00fbts et des d\u00e9lais. Suivi des cahiers des charges jusqu'\u00e0 l'\u00e9valuation des offres.\",\"breadcrumb\":{\"@id\":\"https:\\\/\\\/sha.de\\\/fr\\\/services\\\/realisation#breadcrumb\"},\"inLanguage\":\"fr-FR\",\"potentialAction\":[{\"@type\":\"ReadAction\",\"target\":[\"https:\\\/\\\/sha.de\\\/fr\\\/services\\\/realisation\"]}]},{\"@type\":\"BreadcrumbList\",\"@id\":\"https:\\\/\\\/sha.de\\\/fr\\\/services\\\/realisation#breadcrumb\",\"itemListElement\":[{\"@type\":\"ListItem\",\"position\":1,\"name\":\"Startseite\",\"item\":\"https:\\\/\\\/sha.de\\\/fr\"},{\"@type\":\"ListItem\",\"position\":2,\"name\":\"Services\",\"item\":\"https:\\\/\\\/sha.de\\\/fr\\\/services\"},{\"@type\":\"ListItem\",\"position\":3,\"name\":\"R\u00e9alisation\"}]},{\"@type\":\"WebSite\",\"@id\":\"https:\\\/\\\/sha.de\\\/fr#website\",\"url\":\"https:\\\/\\\/sha.de\\\/fr\",\"name\":\"SHA Scheffler Helbich Architekten GmbH\",\"description\":\"\",\"potentialAction\":[{\"@type\":\"SearchAction\",\"target\":{\"@type\":\"EntryPoint\",\"urlTemplate\":\"https:\\\/\\\/sha.de\\\/fr?s={search_term_string}\"},\"query-input\":{\"@type\":\"PropertyValueSpecification\",\"valueRequired\":true,\"valueName\":\"search_term_string\"}}],\"inLanguage\":\"fr-FR\"}]}<\/script>\n<!-- \/ Yoast SEO plugin. -->","yoast_head_json":{"title":"Surveillance des travaux & contr\u00f4le des co\u00fbts | SHA Architectes","description":"Surveillance compl\u00e8te de la construction pendant la mise en \u0153uvre, combin\u00e9e \u00e0 un contr\u00f4le des co\u00fbts et des d\u00e9lais. Suivi des cahiers des charges jusqu'\u00e0 l'\u00e9valuation des offres.","robots":{"index":"index","follow":"follow","max-snippet":"max-snippet:-1","max-image-preview":"max-image-preview:large","max-video-preview":"max-video-preview:-1"},"canonical":"https:\/\/sha.de\/fr\/services\/realisation","og_locale":"fr_FR","og_type":"article","og_title":"Surveillance des travaux & contr\u00f4le des co\u00fbts | SHA Architectes","og_description":"Surveillance compl\u00e8te de la construction pendant la mise en \u0153uvre, combin\u00e9e \u00e0 un contr\u00f4le des co\u00fbts et des d\u00e9lais. Suivi des cahiers des charges jusqu'\u00e0 l'\u00e9valuation des offres.","og_url":"https:\/\/sha.de\/fr\/services\/realisation","og_site_name":"SHA Scheffler Helbich Architekten GmbH","article_modified_time":"2024-08-28T13:04:01+00:00","twitter_card":"summary_large_image","twitter_misc":{"Dur\u00e9e de lecture estim\u00e9e":"12 minutes"},"schema":{"@context":"https:\/\/schema.org","@graph":[{"@type":"WebPage","@id":"https:\/\/sha.de\/fr\/services\/realisation","url":"https:\/\/sha.de\/fr\/services\/realisation","name":"Surveillance des travaux & contr\u00f4le des co\u00fbts | SHA Architectes","isPartOf":{"@id":"https:\/\/sha.de\/fr#website"},"datePublished":"2020-01-13T07:15:56+00:00","dateModified":"2024-08-28T13:04:01+00:00","description":"Surveillance compl\u00e8te de la construction pendant la mise en \u0153uvre, combin\u00e9e \u00e0 un contr\u00f4le des co\u00fbts et des d\u00e9lais. Suivi des cahiers des charges jusqu'\u00e0 l'\u00e9valuation des offres.","breadcrumb":{"@id":"https:\/\/sha.de\/fr\/services\/realisation#breadcrumb"},"inLanguage":"fr-FR","potentialAction":[{"@type":"ReadAction","target":["https:\/\/sha.de\/fr\/services\/realisation"]}]},{"@type":"BreadcrumbList","@id":"https:\/\/sha.de\/fr\/services\/realisation#breadcrumb","itemListElement":[{"@type":"ListItem","position":1,"name":"Startseite","item":"https:\/\/sha.de\/fr"},{"@type":"ListItem","position":2,"name":"Services","item":"https:\/\/sha.de\/fr\/services"},{"@type":"ListItem","position":3,"name":"R\u00e9alisation"}]},{"@type":"WebSite","@id":"https:\/\/sha.de\/fr#website","url":"https:\/\/sha.de\/fr","name":"SHA Scheffler Helbich Architekten GmbH","description":"","potentialAction":[{"@type":"SearchAction","target":{"@type":"EntryPoint","urlTemplate":"https:\/\/sha.de\/fr?s={search_term_string}"},"query-input":{"@type":"PropertyValueSpecification","valueRequired":true,"valueName":"search_term_string"}}],"inLanguage":"fr-FR"}]}},"_links":{"self":[{"href":"https:\/\/sha.de\/fr\/wp-json\/wp\/v2\/pages\/39246","targetHints":{"allow":["GET"]}}],"collection":[{"href":"https:\/\/sha.de\/fr\/wp-json\/wp\/v2\/pages"}],"about":[{"href":"https:\/\/sha.de\/fr\/wp-json\/wp\/v2\/types\/page"}],"author":[{"embeddable":true,"href":"https:\/\/sha.de\/fr\/wp-json\/wp\/v2\/users\/1"}],"replies":[{"embeddable":true,"href":"https:\/\/sha.de\/fr\/wp-json\/wp\/v2\/comments?post=39246"}],"version-history":[{"count":6,"href":"https:\/\/sha.de\/fr\/wp-json\/wp\/v2\/pages\/39246\/revisions"}],"predecessor-version":[{"id":39271,"href":"https:\/\/sha.de\/fr\/wp-json\/wp\/v2\/pages\/39246\/revisions\/39271"}],"up":[{"embeddable":true,"href":"https:\/\/sha.de\/fr\/wp-json\/wp\/v2\/pages\/30198"}],"wp:attachment":[{"href":"https:\/\/sha.de\/fr\/wp-json\/wp\/v2\/media?parent=39246"}],"curies":[{"name":"wp","href":"https:\/\/api.w.org\/{rel}","templated":true}]}}