{"id":39247,"date":"2020-01-13T08:07:06","date_gmt":"2020-01-13T07:07:06","guid":{"rendered":"https:\/\/sha.de\/services\/planification-et-coordination"},"modified":"2024-08-28T15:03:59","modified_gmt":"2024-08-28T13:03:59","slug":"planification-et-coordination","status":"publish","type":"page","link":"https:\/\/sha.de\/fr\/services\/planification-et-coordination","title":{"rendered":"Planification et coordination"},"content":{"rendered":"<div id='av_section_1' class='avia-section main_color pt-default pb-default avia-no-border-styling avia-bg-style-scroll  avia-builder-el-0  el_before_av_section  avia-builder-el-first   container_wrap fullsize' style=' '  ><div class='container' ><main  role=\"main\" itemprop=\"mainContentOfPage\"  class='template-page content  av-content-full alpha units'><div class='post-entry post-entry-type-page post-entry-39247'><div class='entry-content-wrapper clearfix'>\n\n\t\t\t<div id=\"av-k55bagx6\" class=\"headline-column flex_column av_one_full flex_column_div first \">\n\t\t\t\t<div class=\"headline-wrap is-outside align-left sub-bottom\">\n\t\t\t\t\t<h1 class=\"headline-content headline-primary\">Planification et coordination<\/h1>\n\t\t\t\t\t<h3 class=\"headline-content headline-secondary\">Votre partenaire de A \u00e0 Z<\/h3>\n\t\t\t\t<\/div>\n\t\t\t<\/div>\n<div class=\"flex_column av_two_third  flex_column_div av-zero-column-padding first bg-default  service img-left   avia-builder-el-2  el_after_pixel_sc_headline  el_before_av_one_third  w-1023-half \" style=\"background-image: url(https:\/\/sha.de\/wp-content\/uploads\/Leistungen_Planung.jpg); background-position: center right; background-repeat: no-repeat; background-size: cover; \"><\/div><div class=\"flex_column av_one_third  flex_column_div av-zero-column-padding  bg-default border-bottom   img-left   avia-builder-el-3  el_after_av_two_third  avia-builder-el-last  w-1023-half \"><section  class='av_textblock_section av-k55baqys-76fd3ab987b8edeb983c11dbb0a25821 '   itemscope=\"itemscope\" itemtype=\"https:\/\/schema.org\/CreativeWork\" ><div class='avia_textblock'  itemprop=\"text\" ><h3>Phase de performance 3 :<br \/>\nPlanification de la conception sp\u00e9cifique \u00e0 l&rsquo;utilisateur<\/h3>\n<p>Le concept, compos\u00e9 d&rsquo;esquisses, de premiers chiffres et d&rsquo;une estimation (encore approximative) des co\u00fbts, ainsi que la clarification de questions juridiques fondamentales, sont suivis par le projet. C&rsquo;est au plus tard \u00e0 ce moment-l\u00e0 que toutes les interactions fonctionnelles sont harmonis\u00e9es. Parall\u00e8lement, les planificateurs sp\u00e9cialis\u00e9s sont impliqu\u00e9s au plus tard \u00e0 ce moment-l\u00e0. Lors de la conception, nous \u00e9laborons tous les plans pertinents, du plan d&rsquo;ensemble aux vues en passant par les coupes.  <\/p>\n<p>Parall\u00e8lement, cette phase nous permet de concr\u00e9tiser et de v\u00e9rifier les chiffres d\u00e9j\u00e0 disponibles, par exemple en ce qui concerne la surface utile et les co\u00fbts de construction. Le projet sert de base \u00e0 la demande de permis de construire.<\/p>\n<\/div><\/section><\/div>\n\n<\/div><\/div><\/main><!-- close content main element --><\/div><\/div><div id='av_section_2' class='avia-section main_color pt-default pb-default avia-no-border-styling avia-bg-style-scroll  avia-builder-el-5  el_after_av_section  el_before_av_section   container_wrap fullsize' style=' '  ><div class='container' ><div class='template-page content  av-content-full alpha units'><div class='post-entry post-entry-type-page post-entry-39247'><div class='entry-content-wrapper clearfix'>\n<div class=\"flex_column av_one_third  flex_column_div av-zero-column-padding first bg-default border-bottom   img-left   avia-builder-el-6  el_before_av_one_third  avia-builder-el-first  w-1023-half \"><section  class='av_textblock_section av-k55baqys-9-4c20cb2ab722c4c625da88e31e2a79a5 '   itemscope=\"itemscope\" itemtype=\"https:\/\/schema.org\/CreativeWork\" ><div class='avia_textblock'  itemprop=\"text\" ><h3>Planification g\u00e9n\u00e9rale :<br \/>\nL&rsquo;\u00e9quipe de planification en tant qu&rsquo;\u00e9quipe<\/h3>\n<p>Nous disposons d&rsquo;un r\u00e9seau \u00e9troit d&rsquo;ing\u00e9nieurs de toutes les disciplines, que nous impliquons d\u00e8s les premi\u00e8res phases du projet, en fonction de la t\u00e2che de construction. Gr\u00e2ce \u00e0 cette coordination, nous vous lib\u00e9rons, si vous le souhaitez, d&rsquo;un grand nombre de t\u00e2ches de ma\u00eetrise d&rsquo;ouvrage et r\u00e9duisons le nombre d&rsquo;interlocuteurs.<\/p>\n<p>Nous sommes \u00e9galement heureux de vous proposer nos services en tant que planificateur g\u00e9n\u00e9ral. Dans ce cas, vous recevez tous les services de planification d&rsquo;une seule source et n&rsquo;avez que notre bureau comme contractant.<\/p>\n<\/div><\/section><\/div><div class=\"flex_column av_one_third  flex_column_div av-zero-column-padding  bg-default  fill img-left   avia-builder-el-8  el_after_av_one_third  el_before_av_one_third  w-1023-half \" style=\"background-image: url(https:\/\/sha.de\/wp-content\/uploads\/ausstattung-F\u00fcllfoto-706x564.jpg); background-position: center center; background-repeat: no-repeat; background-size: cover; \"><\/div><div class=\"flex_column av_one_third  flex_column_div av-zero-column-padding  bg-default  fill img-left   avia-builder-el-9  el_after_av_one_third  avia-builder-el-last  w-1023-full w-1023-ctm \" style=\"background-image: url(https:\/\/sha.de\/wp-content\/uploads\/PHOENIXWERK_Spatenstich_SHA_F\u00fcllfoto-706x564.jpg); background-position: center center; background-repeat: no-repeat; background-size: cover; \"><\/div>\n\n<\/div><\/div><\/div><!-- close content main div --><\/div><\/div><div id='av_section_3' class='avia-section main_color pt-default pb-default avia-no-border-styling avia-bg-style-scroll  avia-builder-el-10  el_after_av_section  el_before_av_section   container_wrap fullsize' style=' '  ><div class='container' ><div class='template-page content  av-content-full alpha units'><div class='post-entry post-entry-type-page post-entry-39247'><div class='entry-content-wrapper clearfix'>\n<div class=\"flex_column av_one_third  flex_column_div av-zero-column-padding first bg-default  fill img-left   avia-builder-el-11  el_before_av_one_third  avia-builder-el-first  w-1023-half \" style=\"background-image: url(https:\/\/sha.de\/wp-content\/uploads\/skizze-langer-schnitt-b1-706x564.jpg); background-position: center center; background-repeat: no-repeat; background-size: cover; \"><\/div><div class=\"flex_column av_one_third  flex_column_div av-zero-column-padding  bg-default border-bottom   img-left   avia-builder-el-12  el_after_av_one_third  el_before_av_one_third  w-1023-half \"><section  class='av_textblock_section av-k55baqys-6-c72792b2a4a5e6b7582428995e54cc67 '   itemscope=\"itemscope\" itemtype=\"https:\/\/schema.org\/CreativeWork\" ><div class='avia_textblock'  itemprop=\"text\" ><h3>Phase de performance 4 :<br \/>\nPlanification des autorisations<\/h3>\n<p>Nous nous chargeons de clarifier pour vous toutes les questions pertinentes avec les autorit\u00e9s comp\u00e9tentes (service de r\u00e9glementation de la construction, pompiers, protection des monuments historiques, etc.) Et nous soumettons la planification, accompagn\u00e9e des formulaires n\u00e9cessaires, \u00e0 l&rsquo;approbation sous forme de demande ou de d\u00e9claration de travaux.<\/p>\n<p>Si la l\u00e9gislation n&rsquo;est pas claire, il peut \u00eatre utile de clarifier au pr\u00e9alable certaines questions de droit de l&rsquo;urbanisme de mani\u00e8re contraignante. Nous pr\u00e9parons ensuite une demande pr\u00e9alable de permis de construire et la soumettons pour vous au service de l&rsquo;urbanisme.<\/p>\n<\/div><\/section><\/div><div class=\"flex_column av_one_third  flex_column_div av-zero-column-padding  bg-default border-bottom   img-left   avia-builder-el-14  el_after_av_one_third  avia-builder-el-last  w-1023-full w-1023-ctm \"><section  class='av_textblock_section av-k55baqys-1-5559a95b6f073edc9fbdf2054bce7627 '   itemscope=\"itemscope\" itemtype=\"https:\/\/schema.org\/CreativeWork\" ><div class='avia_textblock'  itemprop=\"text\" ><h3>Phase de performance 5 :<br \/>\nPlanification de l&rsquo;ex\u00e9cution et des d\u00e9tails<\/h3>\n<p>Une planification approfondie de la conception et la pr\u00e9paration de documents de planification d\u00e9taill\u00e9s sont souvent sous-estim\u00e9es. Cette prestation partielle repr\u00e9sente g\u00e9n\u00e9ralement un quart de notre prestation totale. Nos plans d&rsquo;ex\u00e9cution int\u00e8grent les planifications sp\u00e9cialis\u00e9es de tiers et constituent la base de nos cahiers des charges et des offres des artisans.  <\/p>\n<p>Pour le chantier, nos plans d\u00e9taill\u00e9s contiennent les sp\u00e9cifications pour les entreprises ex\u00e9cutantes. Un bon d\u00e9tail, c&rsquo;est plus que de la conception.<\/p>\n<\/div><\/section><\/div>\n\n<\/div><\/div><\/div><!-- close content main div --><\/div><\/div><div id='av_section_4' class='avia-section main_color pt-large pb-large avia-no-border-styling avia-bg-style-scroll  avia-builder-el-16  el_after_av_section  avia-builder-el-last   container_wrap fullsize' style=' '  ><div class='container' ><div class='template-page content  av-content-full alpha units'><div class='post-entry post-entry-type-page post-entry-39247'><div class='entry-content-wrapper clearfix'>\n\n\t\t\t<div id=\"av-k55bagx6-12\" class=\"headline-column flex_column av_one_full flex_column_div first \">\n\t\t\t\t<div class=\"headline-wrap is-outside align-center sub-bottom\">\n\t\t\t\t\t<h2 class=\"headline-content headline-primary\">Autres services de notre portefeuille<\/h2>\n\t\t\t\t\t<h3 class=\"headline-content headline-secondary\">Notre gamme compl\u00e8te de services<\/h3>\n\t\t\t\t<\/div>\n\t\t\t<\/div>\n<ul class=\"icon-row leistungen \">\n\t<li class=\"icon-row__entry beratung\">\n\t\t<a class=\"icon-row__entry-link\" href=\"https:\/\/sha.de\/leistungen\/beratung\">\n\t\t\t<div class=\"icon-row__entry-image\">\n\t\t\t\t<div class=\"entry-image-svg\"><\/div>\n\t\t\t\t<!-- <div class=\"entry-image-hover\"><\/div> -->\n\t\t\t<\/div>\n\t\t\t<div class=\"icon-row__entry-text\">Conseil<\/div>\n\t\t<\/a>\n\t<\/li>\n\t<li class=\"icon-row__entry konzept\">\n\t\t<a class=\"icon-row__entry-link\" href=\"https:\/\/sha.de\/leistungen\/analyse-und-konzept\">\n\t\t\t<div class=\"icon-row__entry-image\">\n\t\t\t\t<div class=\"entry-image-svg\"><\/div>\n\t\t\t\t<!-- <div class=\"entry-image-hover\"><\/div> -->\n\t\t\t<\/div>\n\t\t\t<div class=\"icon-row__entry-text\">Analyse & concept<\/div>\n\t\t<\/a>\n\t<\/li>\n\t<li class=\"icon-row__entry planung\">\n\t\t<a class=\"icon-row__entry-link\" href=\"https:\/\/sha.de\/leistungen\/planung-und-koordination\">\n\t\t\t<div class=\"icon-row__entry-image\">\n\t\t\t\t<div class=\"entry-image-svg\"><\/div>\n\t\t\t\t<!-- <div class=\"entry-image-hover\"><\/div> -->\n\t\t\t<\/div>\n\t\t\t<div class=\"icon-row__entry-text\">Planification & coordination<\/div>\n\t\t<\/a>\n\t<\/li>\n\t<li class=\"icon-row__entry realisierung\">\n\t\t<a class=\"icon-row__entry-link\" href=\"https:\/\/sha.de\/leistungen\/realisierung\">\n\t\t\t<div class=\"icon-row__entry-image\">\n\t\t\t\t<div class=\"entry-image-svg\"><\/div>\n\t\t\t\t<!-- <div class=\"entry-image-hover\"><\/div> -->\n\t\t\t<\/div>\n\t\t\t<div class=\"icon-row__entry-text\">R\u00e9alisation<\/div>\n\t\t<\/a>\n\t<\/li>\n\t<li class=\"icon-row__entry nachbetreuung\">\n\t\t<a class=\"icon-row__entry-link\" href=\"https:\/\/sha.de\/leistungen\/nachbetreuung\">\n\t\t\t<div class=\"icon-row__entry-image\">\n\t\t\t\t<div class=\"entry-image-svg\"><\/div>\n\t\t\t\t<!-- <div class=\"entry-image-hover\"><\/div> -->\n\t\t\t<\/div>\n\t\t\t<div class=\"icon-row__entry-text\">Suivi<\/div>\n\t\t<\/a>\n\t<\/li>\n<\/ul>\n\n\n","protected":false},"excerpt":{"rendered":"","protected":false},"author":1,"featured_media":0,"parent":30198,"menu_order":3,"comment_status":"closed","ping_status":"closed","template":"","meta":{"_acf_changed":false,"content-type":"","footnotes":""},"class_list":["post-39247","page","type-page","status-publish","hentry"],"acf":[],"yoast_head":"<!-- This site is optimized with the Yoast SEO plugin v27.4 - https:\/\/yoast.com\/product\/yoast-seo-wordpress\/ -->\n<title>Planification de la conception Architecture | SHA Architekten<\/title>\n<meta name=\"description\" content=\"Planification de la conception sp\u00e9cifique \u00e0 l&#039;utilisateur jusqu&#039;\u00e0 la planification d\u00e9taill\u00e9e : nous sommes votre partenaire de confiance pour toutes les phases de prestation \u2713 Coordination &amp; vision \u00e0 chaque \u00e9tape\" \/>\n<meta name=\"robots\" content=\"index, follow, max-snippet:-1, max-image-preview:large, max-video-preview:-1\" \/>\n<link rel=\"canonical\" href=\"https:\/\/sha.de\/fr\/services\/planification-et-coordination\" \/>\n<meta property=\"og:locale\" content=\"fr_FR\" \/>\n<meta property=\"og:type\" content=\"article\" \/>\n<meta property=\"og:title\" content=\"Planification de la conception Architecture | SHA Architekten\" \/>\n<meta property=\"og:description\" content=\"Planification de la conception sp\u00e9cifique \u00e0 l&#039;utilisateur jusqu&#039;\u00e0 la planification d\u00e9taill\u00e9e : nous sommes votre partenaire de confiance pour toutes les phases de prestation \u2713 Coordination &amp; vision \u00e0 chaque \u00e9tape\" \/>\n<meta property=\"og:url\" content=\"https:\/\/sha.de\/fr\/services\/planification-et-coordination\" \/>\n<meta property=\"og:site_name\" content=\"SHA Scheffler Helbich Architekten GmbH\" \/>\n<meta property=\"article:modified_time\" content=\"2024-08-28T13:03:59+00:00\" \/>\n<meta name=\"twitter:card\" content=\"summary_large_image\" \/>\n<meta name=\"twitter:label1\" content=\"Dur\u00e9e de lecture estim\u00e9e\" \/>\n\t<meta name=\"twitter:data1\" content=\"11 minutes\" \/>\n<script type=\"application\/ld+json\" class=\"yoast-schema-graph\">{\"@context\":\"https:\\\/\\\/schema.org\",\"@graph\":[{\"@type\":\"WebPage\",\"@id\":\"https:\\\/\\\/sha.de\\\/fr\\\/services\\\/planification-et-coordination\",\"url\":\"https:\\\/\\\/sha.de\\\/fr\\\/services\\\/planification-et-coordination\",\"name\":\"Planification de la conception Architecture | SHA Architekten\",\"isPartOf\":{\"@id\":\"https:\\\/\\\/sha.de\\\/fr#website\"},\"datePublished\":\"2020-01-13T07:07:06+00:00\",\"dateModified\":\"2024-08-28T13:03:59+00:00\",\"description\":\"Planification de la conception sp\u00e9cifique \u00e0 l'utilisateur jusqu'\u00e0 la planification d\u00e9taill\u00e9e : nous sommes votre partenaire de confiance pour toutes les phases de prestation \u2713 Coordination & vision \u00e0 chaque \u00e9tape\",\"breadcrumb\":{\"@id\":\"https:\\\/\\\/sha.de\\\/fr\\\/services\\\/planification-et-coordination#breadcrumb\"},\"inLanguage\":\"fr-FR\",\"potentialAction\":[{\"@type\":\"ReadAction\",\"target\":[\"https:\\\/\\\/sha.de\\\/fr\\\/services\\\/planification-et-coordination\"]}]},{\"@type\":\"BreadcrumbList\",\"@id\":\"https:\\\/\\\/sha.de\\\/fr\\\/services\\\/planification-et-coordination#breadcrumb\",\"itemListElement\":[{\"@type\":\"ListItem\",\"position\":1,\"name\":\"Startseite\",\"item\":\"https:\\\/\\\/sha.de\\\/fr\"},{\"@type\":\"ListItem\",\"position\":2,\"name\":\"Services\",\"item\":\"https:\\\/\\\/sha.de\\\/fr\\\/services\"},{\"@type\":\"ListItem\",\"position\":3,\"name\":\"Planification et coordination\"}]},{\"@type\":\"WebSite\",\"@id\":\"https:\\\/\\\/sha.de\\\/fr#website\",\"url\":\"https:\\\/\\\/sha.de\\\/fr\",\"name\":\"SHA Scheffler Helbich Architekten GmbH\",\"description\":\"\",\"potentialAction\":[{\"@type\":\"SearchAction\",\"target\":{\"@type\":\"EntryPoint\",\"urlTemplate\":\"https:\\\/\\\/sha.de\\\/fr?s={search_term_string}\"},\"query-input\":{\"@type\":\"PropertyValueSpecification\",\"valueRequired\":true,\"valueName\":\"search_term_string\"}}],\"inLanguage\":\"fr-FR\"}]}<\/script>\n<!-- \/ Yoast SEO plugin. -->","yoast_head_json":{"title":"Planification de la conception Architecture | SHA Architekten","description":"Planification de la conception sp\u00e9cifique \u00e0 l'utilisateur jusqu'\u00e0 la planification d\u00e9taill\u00e9e : nous sommes votre partenaire de confiance pour toutes les phases de prestation \u2713 Coordination & vision \u00e0 chaque \u00e9tape","robots":{"index":"index","follow":"follow","max-snippet":"max-snippet:-1","max-image-preview":"max-image-preview:large","max-video-preview":"max-video-preview:-1"},"canonical":"https:\/\/sha.de\/fr\/services\/planification-et-coordination","og_locale":"fr_FR","og_type":"article","og_title":"Planification de la conception Architecture | SHA Architekten","og_description":"Planification de la conception sp\u00e9cifique \u00e0 l'utilisateur jusqu'\u00e0 la planification d\u00e9taill\u00e9e : nous sommes votre partenaire de confiance pour toutes les phases de prestation \u2713 Coordination & vision \u00e0 chaque \u00e9tape","og_url":"https:\/\/sha.de\/fr\/services\/planification-et-coordination","og_site_name":"SHA Scheffler Helbich Architekten GmbH","article_modified_time":"2024-08-28T13:03:59+00:00","twitter_card":"summary_large_image","twitter_misc":{"Dur\u00e9e de lecture estim\u00e9e":"11 minutes"},"schema":{"@context":"https:\/\/schema.org","@graph":[{"@type":"WebPage","@id":"https:\/\/sha.de\/fr\/services\/planification-et-coordination","url":"https:\/\/sha.de\/fr\/services\/planification-et-coordination","name":"Planification de la conception Architecture | SHA Architekten","isPartOf":{"@id":"https:\/\/sha.de\/fr#website"},"datePublished":"2020-01-13T07:07:06+00:00","dateModified":"2024-08-28T13:03:59+00:00","description":"Planification de la conception sp\u00e9cifique \u00e0 l'utilisateur jusqu'\u00e0 la planification d\u00e9taill\u00e9e : nous sommes votre partenaire de confiance pour toutes les phases de prestation \u2713 Coordination & vision \u00e0 chaque \u00e9tape","breadcrumb":{"@id":"https:\/\/sha.de\/fr\/services\/planification-et-coordination#breadcrumb"},"inLanguage":"fr-FR","potentialAction":[{"@type":"ReadAction","target":["https:\/\/sha.de\/fr\/services\/planification-et-coordination"]}]},{"@type":"BreadcrumbList","@id":"https:\/\/sha.de\/fr\/services\/planification-et-coordination#breadcrumb","itemListElement":[{"@type":"ListItem","position":1,"name":"Startseite","item":"https:\/\/sha.de\/fr"},{"@type":"ListItem","position":2,"name":"Services","item":"https:\/\/sha.de\/fr\/services"},{"@type":"ListItem","position":3,"name":"Planification et coordination"}]},{"@type":"WebSite","@id":"https:\/\/sha.de\/fr#website","url":"https:\/\/sha.de\/fr","name":"SHA Scheffler Helbich Architekten GmbH","description":"","potentialAction":[{"@type":"SearchAction","target":{"@type":"EntryPoint","urlTemplate":"https:\/\/sha.de\/fr?s={search_term_string}"},"query-input":{"@type":"PropertyValueSpecification","valueRequired":true,"valueName":"search_term_string"}}],"inLanguage":"fr-FR"}]}},"_links":{"self":[{"href":"https:\/\/sha.de\/fr\/wp-json\/wp\/v2\/pages\/39247","targetHints":{"allow":["GET"]}}],"collection":[{"href":"https:\/\/sha.de\/fr\/wp-json\/wp\/v2\/pages"}],"about":[{"href":"https:\/\/sha.de\/fr\/wp-json\/wp\/v2\/types\/page"}],"author":[{"embeddable":true,"href":"https:\/\/sha.de\/fr\/wp-json\/wp\/v2\/users\/1"}],"replies":[{"embeddable":true,"href":"https:\/\/sha.de\/fr\/wp-json\/wp\/v2\/comments?post=39247"}],"version-history":[{"count":1,"href":"https:\/\/sha.de\/fr\/wp-json\/wp\/v2\/pages\/39247\/revisions"}],"predecessor-version":[{"id":39255,"href":"https:\/\/sha.de\/fr\/wp-json\/wp\/v2\/pages\/39247\/revisions\/39255"}],"up":[{"embeddable":true,"href":"https:\/\/sha.de\/fr\/wp-json\/wp\/v2\/pages\/30198"}],"wp:attachment":[{"href":"https:\/\/sha.de\/fr\/wp-json\/wp\/v2\/media?parent=39247"}],"curies":[{"name":"wp","href":"https:\/\/api.w.org\/{rel}","templated":true}]}}