{"id":38358,"date":"2019-11-19T12:10:03","date_gmt":"2019-11-19T11:10:03","guid":{"rendered":"https:\/\/sha.de\/ons-kantoor\/prijzen-en-onderscheidingen"},"modified":"2024-08-29T13:32:09","modified_gmt":"2024-08-29T11:32:09","slug":"prijzen-en-onderscheidingen","status":"publish","type":"page","link":"https:\/\/sha.de\/nl\/ons-kantoor\/prijzen-en-onderscheidingen","title":{"rendered":"Prijzen en onderscheidingen"},"content":{"rendered":"<div id='av_section_1' class='avia-section main_color pt-default pb-large avia-no-border-styling avia-bg-style-scroll  avia-builder-el-0  el_before_av_section  avia-builder-el-first   container_wrap fullsize' style=' '  ><div class='container' ><main  role=\"main\" itemprop=\"mainContentOfPage\"  class='template-page content  av-content-full alpha units'><div class='post-entry post-entry-type-page post-entry-38358'><div class='entry-content-wrapper clearfix'>\n<div class=\"flex_column av_one_full  flex_column_div av-zero-column-padding first       avia-builder-el-1  avia-builder-el-no-sibling  \"><p>\n\t\t\t<div id=\"av-k35rc5fq\" class=\"headline-column flex_column av_one_full flex_column_div first \">\n\t\t\t\t<div class=\"headline-wrap is-outside align-center sub-bottom\">\n\t\t\t\t\t<h1 class=\"headline-content headline-primary\">Prijzen en onderscheidingen  <\/h1>\n\t\t\t\t\t<h3 class=\"headline-content headline-secondary\">Waardering van ons werk<\/h3>\n\t\t\t\t<\/div>\n\t\t\t<\/div><br \/>\n<section  class='av_textblock_section av-k35rco19-37913d5f5a385e5ff345d216d320dccf '   itemscope=\"itemscope\" itemtype=\"https:\/\/schema.org\/CreativeWork\" ><div class='avia_textblock'  itemprop=\"text\" ><p style=\"text-align: center; max-width: 1000px; margin: 0 auto;\">Er zijn een groot aantal prijzen en architectuurprijzen die worden toegekend aan individuele architecten of architectenbureaus.<br \/>\nSHA is in het verleden ook herhaaldelijk genomineerd en ge\u00eberd. <\/p>\n<\/div><\/section><\/p><\/div>\n\n<\/div><\/div><\/main><!-- close content main element --><\/div><\/div><div id='av_section_2' class='avia-section main_color pt-default pb-default avia-no-border-styling avia-bg-style-scroll  avia-builder-el-4  el_after_av_section  el_before_av_section   container_wrap fullsize' style=' '  ><div class='container' ><div class='template-page content  av-content-full alpha units'><div class='post-entry post-entry-type-page post-entry-38358'><div class='entry-content-wrapper clearfix'>\n<div class=\"flex_column av_one_third  flex_column_div av-zero-column-padding first       avia-builder-el-5  el_before_av_one_third  avia-builder-el-first  \"><div  class='avia-image-container  av-styling-    avia-builder-el-6  avia-builder-el-no-sibling  video avia-align-center'  itemprop=\"image\" itemscope=\"itemscope\" itemtype=\"https:\/\/schema.org\/ImageObject\"  ><div class='avia-image-container-inner'><div class='avia-image-overlay-wrap'><a href='https:\/\/www.youtube.com\/watch?v=rLvljSF5hHk' class='avia_image'  ><img class='avia_image ' src='https:\/\/sha.de\/wp-content\/uploads\/auszeichnung_phoenixwerk_2020.jpg' alt='' title='Auszeichnung Phoenixwerk 2020'  itemprop=\"thumbnailUrl\"  \/><\/a><\/div><\/div><\/div><\/div><div class=\"flex_column av_one_third  flex_column_div av-zero-column-padding        avia-builder-el-7  el_after_av_one_third  el_before_av_one_third  \"><section  class='av_textblock_section av-k35rkyu0-dc492dd514eaac47601742c3445c6104 '   itemscope=\"itemscope\" itemtype=\"https:\/\/schema.org\/CreativeWork\" ><div class='avia_textblock'  itemprop=\"text\" ><h2>Dortmund Hamm Unna Architectuurprijs 2020<\/h2>\n<p>Het <a href=\"https:\/\/sha.de\/nl\/projecten\/kantoor-administratie\/innovatieve-werkruimte-bij-phoenix-west-in-dortmund-horde\">kantorencomplex PhoenixWERK<\/a>, gepland, gerealiseerd en sinds het voorjaar van 2020 de nieuwe bedrijfslocatie van SHA Scheffler Helbich Architekten GmbH, heeft samen met twee andere projecten de felbegeerde <a href=\"https:\/\/www.bda-nrw.de\/2020\/11\/der-architekturpreis-dortmund-hamm-unna-2020-ist-entschieden\/\" target=\"_blank\" rel=\"noopener nofollow\">&#8220;Dortmund Hamm Unna 2020 Architecture Award&#8221;<\/a> ontvangen. In totaal 27 projecten uit de regio namen deel aan de wedstrijd en werden door de jury beoordeeld.<\/p>\n<p>&#8220;We zijn erg trots,&#8221; zegt Christoph Helbich, Managing Partner van SHA. &#8220;Dit is echt een geweldige bevestiging van ons werk,&#8221; voegt partner Birgit Helbich toe. Samen met Immira Grundst\u00fcckverwaltung is het echtpaar de bouwers van de eerste twee onderdelen.<\/p>\n<\/div><\/section><\/div><div class=\"flex_column av_one_third  flex_column_div av-zero-column-padding        avia-builder-el-9  el_after_av_one_third  avia-builder-el-last  \"><p><section  class='av_textblock_section av-k35rkyu0-25-e52a57d7f98d5446f95ce8abd25c9b80 '   itemscope=\"itemscope\" itemtype=\"https:\/\/schema.org\/CreativeWork\" ><div class='avia_textblock'  itemprop=\"text\" ><p>Op de lange termijn zullen er nog drie gebouwdelen op het terrein worden gebouwd. Dit zal de wijk vervolledigen in overeenstemming met de vraag.<\/p>\n<p>De beoordeling van de jury van de PhoenixWERK was als volgt:<\/p>\n<p><em>&#8220;Bestaande ruimtelijke randen worden aangevuld in een opvallend stedenbouwkundig ontwerp. De ruimte die zo ontstaat, doet recht aan het nieuwe gebruik en laat de geschiedenis van het gebied herkennen. De ontwerptaal van de industri\u00eble architectuur is ook terug te vinden in de materialiteit en de gevel. Deze kwaliteiten worden voortgezet in de plattegronden en de detaillering van het interieur.&#8221;<\/em><\/p>\n<\/div><\/section><br \/>\n\n<style type=\"text\/css\" data-created_by=\"avia_inline_auto\" id=\"style-css-av-kk5d1izk-c6f28bb6a0267652848472c9e85dc5fe\">\n#top .hr.hr-invisible.av-kk5d1izk-c6f28bb6a0267652848472c9e85dc5fe{\nheight:40px;\n}\n<\/style>\n<div  class='hr av-kk5d1izk-c6f28bb6a0267652848472c9e85dc5fe hr-invisible  avia-builder-el-11  el_after_av_textblock  el_before_av_button '><span class='hr-inner '><span class=\"hr-inner-style\"><\/span><\/span><\/div><br \/>\n<div class='avia-button-wrap theme-fill avia-button-right  avia-builder-el-12  el_after_av_hr  avia-builder-el-last  inline'><a href='https:\/\/sha.de\/nl\/news\/architectuurprijs-voor-het-phoenixwerk'  class='avia-button  color-ci-black hover-yellow  avia-icon_select-no avia-size-small avia-position-right'   ><span class='avia_iconbox_title' >Meer informatie<\/span><\/a><\/div><\/p><\/div><\/div><\/div><\/div><!-- close content main div --><\/div><\/div><div id='av_section_3' class='avia-section main_color pt-default pb-default avia-no-border-styling avia-bg-style-scroll  avia-builder-el-13  el_after_av_section  el_before_av_section  auszeichnung  container_wrap fullsize' style=' '  ><div class='container' ><div class='template-page content  av-content-full alpha units'><div class='post-entry post-entry-type-page post-entry-38358'><div class='entry-content-wrapper clearfix'>\n<div class=\"flex_column av_one_half  flex_column_div av-zero-column-padding first       avia-builder-el-14  el_before_av_one_half  avia-builder-el-first  \"><section  class='av_textblock_section av-k35rkyu0-23-e2a9711cd2c7013d9ed721f3cda96ada '   itemscope=\"itemscope\" itemtype=\"https:\/\/schema.org\/CreativeWork\" ><div class='avia_textblock'  itemprop=\"text\" ><h2>3e plaats bij de Image Film Award 2016<\/h2>\n<p>Tegenwoordig hebben zowel grote als kleine bedrijven, uit alle sectoren en alle gebieden &#8211; inclusief SHA &#8211; een bedrijfsfilm. &#8220;Uw architecten in de bouwmaterialenhandel&#8221;, de naam van de imagofilm zegt het al. Het toont de deskundigheid en jarenlange ervaring van SHA in de bouwmaterialenhandel. Eigenaren van gebouwen vertellen vanuit hun standpunt over de planning en realisatie van hun projecten. Dit maakt duidelijk hoe belangrijk persoonlijk contact met klanten en hun tevredenheid zijn voor SHA. Tijdens de 3e REVIER MANAGER IMAGEFILM-AWARD kregen bedrijven uit het Ruhrgebied de kans om hun clips in te sturen en deze te laten beoordelen door een professionele jury van experts. De lezers van REVIER MANAGER hebben ook op hun favoriet gestemd. Onze film haalde de 3e plaats. Goed om te weten: De technische realisatie en het ondersteunende concept werden ook verzorgd door een bureau uit het Ruhrgebied, Filmproduktion \u00fcberRot uit Dortmund.<\/p>\n<\/div><\/section><\/div><div class=\"flex_column av_one_half  flex_column_div av-zero-column-padding        avia-builder-el-16  el_after_av_one_half  avia-builder-el-last  \"><div  class='avia-image-container  av-styling-    avia-builder-el-17  avia-builder-el-no-sibling  video avia-align-center'  itemprop=\"image\" itemscope=\"itemscope\" itemtype=\"https:\/\/schema.org\/ImageObject\"  ><div class='avia-image-container-inner'><div class='avia-image-overlay-wrap'><a href='https:\/\/www.youtube.com\/watch?v=RF8obWWImuc' class='avia_image'  ><img class='avia_image ' src='https:\/\/sha.de\/wp-content\/uploads\/sha_imagefilm_award.jpg' alt='' title='Planung und Realisierung im Handel und Gewerbe | SHA Scheffler Helbich Architekten'  itemprop=\"thumbnailUrl\"  \/><\/a><\/div><\/div><\/div><\/div>\n<\/p>\n<\/div><\/div><\/div><!-- close content main div --><\/div><\/div><div id='av_section_4' class='avia-section main_color pt-default pb-default avia-no-border-styling avia-bg-style-scroll  avia-builder-el-18  el_after_av_section  el_before_av_section  auszeichnung  container_wrap fullsize' style=' '  ><div class='container' ><div class='template-page content  av-content-full alpha units'><div class='post-entry post-entry-type-page post-entry-38358'><div class='entry-content-wrapper clearfix'>\n<div class=\"flex_column av_one_third  flex_column_div av-zero-column-padding first       avia-builder-el-19  el_before_av_one_third  avia-builder-el-first  \"><div  class='avia-image-container  av-styling-    avia-builder-el-20  avia-builder-el-no-sibling  avia-align-center'  itemprop=\"image\" itemscope=\"itemscope\" itemtype=\"https:\/\/schema.org\/ImageObject\"  ><div class='avia-image-container-inner'><div class='avia-image-overlay-wrap'><img class='avia_image' src='https:\/\/sha.de\/wp-content\/uploads\/Haus-am-See-CE-8-706x564.jpg' alt='' title='Haus Helbich, SHA Scheffler Helbich Architekten Dortmund' height=\"564\" width=\"706\"  itemprop=\"thumbnailUrl\"  \/><\/div><\/div><\/div><\/div><div class=\"flex_column av_one_third  flex_column_div av-zero-column-padding        avia-builder-el-21  el_after_av_one_third  el_before_av_one_third  \"><section  class='av_textblock_section av-k35rkyu0-20-40d692414bd5a8afa01c86d38599fbba '   itemscope=\"itemscope\" itemtype=\"https:\/\/schema.org\/CreativeWork\" ><div class='avia_textblock'  itemprop=\"text\" ><h2>BDA Prijs 2010: Haus am See<\/h2>\n<p>SHA kreeg in 2010 de eerste prijs van de Bond van Duitse Architecten (BDA) voor het <span style=\"text-decoration: underline;\"><a href=\"https:\/\/sha.de\/nl\/projecten\/logies-catering\/dortmund-haus-am-see\">&#8220;Haus am See&#8221; in Dortmund<\/a><\/span> Kirchh\u00f6rde werd ge\u00eberd. In aanwezigheid van burgemeester Ullrich Sierau namen Birgit en Christoph Helbich de prijs in ontvangst van hun collega Bruno Brandi uit Hamburg in het stadhuis van Dortmund.<\/p>\n<h4>Verklaring van de jury:<\/h4>\n<p>&#8220;Het vrijstaande huis ligt in een typische voorstedelijke omgeving. Te midden van soortgelijke woongebouwen die op de straat geori\u00ebnteerd zijn en aangevuld zijn met een achtertuin, is de architect erin geslaagd om een speciale architecturale stijl te cre\u00ebren. Het huis en de garage vormen een ruimtelijk gedefinieerde ingang in zorgvuldig afgemeten, proportioneel verwante kubussen. Het woongebouw lijkt in eerste instantie hermetisch: twee gepleisterde muren (met uitzicht op de straat en de buurman), die alleen open zijn door smalle vensterstroken, en een smal stuk muur vormen het structurele kader van het gebouw op een lange rechthoekige plattegrond.<\/p>\n<\/div><\/section><\/div><div class=\"flex_column av_one_third  flex_column_div av-zero-column-padding        avia-builder-el-23  el_after_av_one_third  avia-builder-el-last  \"><section  class='av_textblock_section av-k35rkyu0-13-8417a754fbe74038a93a21d1c217610a '   itemscope=\"itemscope\" itemtype=\"https:\/\/schema.org\/CreativeWork\" ><div class='avia_textblock'  itemprop=\"text\" ><p>Daartussen is het muuroppervlak van het huis echter volledig opgelost door middel van een constructie van staal en glas. De bijna gesloten muuroppervlakken en het reli\u00ebfeffect van de diepe raamopeningen en het staccato-achtige ritme van de verticale stalen elementen cre\u00ebren een eigenaardige, ietwat techno\u00efde charme.<\/p>\n<p>Het gebouw heeft een heel bijzonder voordeel van de grote opening van de achtergevel: de grote woonkamer, die vakkundig verbonden is met de keuken rond de toegangskern, en de slaapkamers op de eerste verdieping, die toegankelijk zijn via een gedeelde gang, komen uit op een natuurlijk ogende tuin met bomen en directe toegang tot een meertje. Er was geen betere manier om van deze fantastische situatie te profiteren.&#8221;<\/p>\n<\/div><\/section><\/div><\/div><\/div><\/div><!-- close content main div --><\/div><\/div><div id='av_section_5' class='avia-section main_color pt-default pb-default avia-no-border-styling avia-bg-style-scroll  avia-builder-el-25  el_after_av_section  el_before_av_section  auszeichnung  container_wrap fullsize' style=' '  ><div class='container' ><div class='template-page content  av-content-full alpha units'><div class='post-entry post-entry-type-page post-entry-38358'><div class='entry-content-wrapper clearfix'>\n<div class=\"flex_column av_one_third  flex_column_div av-zero-column-padding first       avia-builder-el-26  el_before_av_one_third  avia-builder-el-first  \"><div  class='avia-image-container  av-styling-    avia-builder-el-27  avia-builder-el-no-sibling  avia-align-center'  itemprop=\"image\" itemscope=\"itemscope\" itemtype=\"https:\/\/schema.org\/ImageObject\"  ><div class='avia-image-container-inner'><div class='avia-image-overlay-wrap'><img class='avia_image' src='https:\/\/sha.de\/wp-content\/uploads\/auszeichnung_uniporlogo.jpg' alt='' title='Auszeichnung Uniporlogo' height=\"89\" width=\"287\"  itemprop=\"thumbnailUrl\"  \/><\/div><\/div><\/div><\/div><div class=\"flex_column av_one_third  flex_column_div av-zero-column-padding        avia-builder-el-28  el_after_av_one_third  el_before_av_one_third  \"><section  class='av_textblock_section av-k35rkyu0-11-529c3f592dd3440a503c0d8b38508bb7 '   itemscope=\"itemscope\" itemtype=\"https:\/\/schema.org\/CreativeWork\" ><div class='avia_textblock'  itemprop=\"text\" ><h2>UNIPOR-prijs 2009: Haus am See &#8220;In harmonie met de natuur&#8221;.<\/h2>\n<p>Op de vakbeurs &#8220;Bau 2009&#8221; in M\u00fcnchen kreeg SHA de eerste prijs van UNIPOR-Ziegel Marketing GmbH voor het <a href=\"https:\/\/sha.de\/nl\/projecten\/logies-catering\/dortmund-haus-am-see\">&#8220;Haus am See&#8221; in Dortmund Kirchh\u00f6rde<\/a>. Birgit en Christoph Helbich namen de prijs namens het kantoor in ontvangst onder applaus van de beursbezoekers.<\/p>\n<p>Onder het motto &#8220;In harmonie met de natuur&#8221; prees de jury het ontwerp voor &#8220;de architectonische verfijning&#8221; en de milieubewuste bouwmethode: &#8220;Het zuinige gebruik van energie wordt bereikt door architectonische middelen zoals compactheid, zonering en ori\u00ebntatie&#8221;, zodat ingewikkelde hightech onderdelen achterwege konden blijven: een architectonische oplossing voor ecologische kwesties bij uitstek.<\/p>\n<\/div><\/section><\/div><div class=\"flex_column av_one_third  flex_column_div av-zero-column-padding        avia-builder-el-30  el_after_av_one_third  avia-builder-el-last  \"><div  class='avia-image-container  av-styling-    avia-builder-el-31  avia-builder-el-no-sibling  avia-align-center'  itemprop=\"image\" itemscope=\"itemscope\" itemtype=\"https:\/\/schema.org\/ImageObject\"  ><div class='avia-image-container-inner'><div class='avia-image-overlay-wrap'><img class='avia_image' src='https:\/\/sha.de\/wp-content\/uploads\/auszeichnung_hausamsee-706x564.jpg' alt='' title='Auszeichnung Hausamsee' height=\"564\" width=\"706\"  itemprop=\"thumbnailUrl\"  \/><\/div><\/div><\/div><\/div><\/div><\/div><\/div><!-- close content main div --><\/div><\/div><div id='av_section_6' class='avia-section main_color pt-default pb-default avia-no-border-styling avia-bg-style-scroll  avia-builder-el-32  el_after_av_section  avia-builder-el-last  auszeichnung  container_wrap fullsize' style=' '  ><div class='container' ><div class='template-page content  av-content-full alpha units'><div class='post-entry post-entry-type-page post-entry-38358'><div class='entry-content-wrapper clearfix'>\n<div class=\"flex_column av_one_third  flex_column_div av-zero-column-padding first       avia-builder-el-33  el_before_av_one_third  avia-builder-el-first  \"><div  class='avia-image-container  av-styling-    avia-builder-el-34  avia-builder-el-no-sibling  avia-align-center'  itemprop=\"image\" itemscope=\"itemscope\" itemtype=\"https:\/\/schema.org\/ImageObject\"  ><div class='avia-image-container-inner'><div class='avia-image-overlay-wrap'><img class='avia_image' src='https:\/\/sha.de\/wp-content\/uploads\/auszeichnung_dsplogo.jpg' alt='' title='Auszeichnung Dsplogo' height=\"195\" width=\"390\"  itemprop=\"thumbnailUrl\"  \/><\/div><\/div><\/div><\/div><div class=\"flex_column av_one_third  flex_column_div av-zero-column-padding        avia-builder-el-35  el_after_av_one_third  el_before_av_one_third  \"><section  class='av_textblock_section av-k35rkyu0-6-beba41c5781509602f5cff9153778c47 '   itemscope=\"itemscope\" itemtype=\"https:\/\/schema.org\/CreativeWork\" ><div class='avia_textblock'  itemprop=\"text\" ><h2>German Urban Development Award 2018 voor &#8220;PHOENIX &#8211; Een nieuw stedelijk landschap&#8221;.<\/h2>\n<p>Tussen haakjes: Het project <a href=\"https:\/\/www.dortmund.de\/media\/p\/stadtplanungs_und_bauordnungsamt\/stadtplanung_bauordnung_downloads\/stadtplanung_dl\/PHOENIX_Dokumentation.pdf\" target=\"_blank\" rel=\"noopener nofollow\">&#8220;PHOENIX &#8211; Een nieuw stedelijk landschap in Dortmund&#8221;<\/a> van de stad Dortmund werd bekroond met de Duitse prijs voor stedelijke ontwikkeling 2018. Het wordt georganiseerd door de Duitse Academie voor Stedelijke en Regionale Planning (DASL) en gesponsord door de W\u00fcstenrot Foundation en dient ter bevordering van een toekomstgerichte planning- en stedenbouwcultuur. De drie-eenheid PHOENIX West &#8211; H\u00f6rde-Zentrum &#8211; Phoenix See wordt beschouwd als een succesvol project voor structurele verandering.<\/p>\n<p>SHA is er trots op deel uit te maken van een van de grootste recente verbouwingsprojecten in Dortmund en de deelstaat Noordrijn-Westfalen met de realisatie van het PhoenixWERK.<\/p>\n<\/div><\/section><\/div><div class=\"flex_column av_one_third  flex_column_div av-zero-column-padding        avia-builder-el-37  el_after_av_one_third  avia-builder-el-last  \"><div  class='avia-image-container  av-styling-    avia-builder-el-38  avia-builder-el-no-sibling  avia-align-center'  itemprop=\"image\" itemscope=\"itemscope\" itemtype=\"https:\/\/schema.org\/ImageObject\"  ><div class='avia-image-container-inner'><div class='avia-image-overlay-wrap'><img class='avia_image' src='https:\/\/sha.de\/wp-content\/uploads\/referenze_phoenixwerk_gallery_03-706x564.jpg' alt='' title='Referenze Phoenixwerk Gallery 03' height=\"564\" width=\"706\"  itemprop=\"thumbnailUrl\"  \/><\/div><\/div><\/div><\/div>\n<\/p>\n","protected":false},"excerpt":{"rendered":"","protected":false},"author":1,"featured_media":0,"parent":30204,"menu_order":2,"comment_status":"closed","ping_status":"closed","template":"","meta":{"_acf_changed":false,"content-type":"","footnotes":""},"class_list":["post-38358","page","type-page","status-publish","hentry"],"acf":[],"yoast_head":"<!-- This site is optimized with the Yoast SEO plugin v27.4 - https:\/\/yoast.com\/product\/yoast-seo-wordpress\/ -->\n<title>Prijzen en onderscheidingen | SHA Scheffler Helbich Architekten GmbH<\/title>\n<meta name=\"description\" content=\"We zijn er trots op dat we talrijke prijzen en architectuurprijzen hebben ontvangen. BDA Prijs 2019 \u2713 Duitse stedenbouwkundige prijs 2018 \u2713 UNIPOR Prijs 2009 \u2713\" \/>\n<meta name=\"robots\" content=\"index, follow, max-snippet:-1, max-image-preview:large, max-video-preview:-1\" \/>\n<link rel=\"canonical\" href=\"https:\/\/sha.de\/nl\/ons-kantoor\/prijzen-en-onderscheidingen\" \/>\n<meta property=\"og:locale\" content=\"nl_NL\" \/>\n<meta property=\"og:type\" content=\"article\" \/>\n<meta property=\"og:title\" content=\"Prijzen en onderscheidingen | SHA Scheffler Helbich Architekten GmbH\" \/>\n<meta property=\"og:description\" content=\"We zijn er trots op dat we talrijke prijzen en architectuurprijzen hebben ontvangen. BDA Prijs 2019 \u2713 Duitse stedenbouwkundige prijs 2018 \u2713 UNIPOR Prijs 2009 \u2713\" \/>\n<meta property=\"og:url\" content=\"https:\/\/sha.de\/nl\/ons-kantoor\/prijzen-en-onderscheidingen\" \/>\n<meta property=\"og:site_name\" content=\"SHA Scheffler Helbich Architekten GmbH\" \/>\n<meta property=\"article:modified_time\" content=\"2024-08-29T11:32:09+00:00\" \/>\n<meta name=\"twitter:card\" content=\"summary_large_image\" \/>\n<meta name=\"twitter:label1\" content=\"Geschatte leestijd\" \/>\n\t<meta name=\"twitter:data1\" content=\"23 minuten\" \/>\n<script type=\"application\/ld+json\" class=\"yoast-schema-graph\">{\"@context\":\"https:\\\/\\\/schema.org\",\"@graph\":[{\"@type\":\"WebPage\",\"@id\":\"https:\\\/\\\/sha.de\\\/nl\\\/ons-kantoor\\\/prijzen-en-onderscheidingen\",\"url\":\"https:\\\/\\\/sha.de\\\/nl\\\/ons-kantoor\\\/prijzen-en-onderscheidingen\",\"name\":\"Prijzen en onderscheidingen | SHA Scheffler Helbich Architekten GmbH\",\"isPartOf\":{\"@id\":\"https:\\\/\\\/sha.de\\\/nl#website\"},\"datePublished\":\"2019-11-19T11:10:03+00:00\",\"dateModified\":\"2024-08-29T11:32:09+00:00\",\"description\":\"We zijn er trots op dat we talrijke prijzen en architectuurprijzen hebben ontvangen. BDA Prijs 2019 \u2713 Duitse stedenbouwkundige prijs 2018 \u2713 UNIPOR Prijs 2009 \u2713\",\"breadcrumb\":{\"@id\":\"https:\\\/\\\/sha.de\\\/nl\\\/ons-kantoor\\\/prijzen-en-onderscheidingen#breadcrumb\"},\"inLanguage\":\"nl-NL\",\"potentialAction\":[{\"@type\":\"ReadAction\",\"target\":[\"https:\\\/\\\/sha.de\\\/nl\\\/ons-kantoor\\\/prijzen-en-onderscheidingen\"]}]},{\"@type\":\"BreadcrumbList\",\"@id\":\"https:\\\/\\\/sha.de\\\/nl\\\/ons-kantoor\\\/prijzen-en-onderscheidingen#breadcrumb\",\"itemListElement\":[{\"@type\":\"ListItem\",\"position\":1,\"name\":\"Startseite\",\"item\":\"https:\\\/\\\/sha.de\\\/nl\"},{\"@type\":\"ListItem\",\"position\":2,\"name\":\"Ons kantoor\",\"item\":\"https:\\\/\\\/sha.de\\\/nl\\\/ons-kantoor\"},{\"@type\":\"ListItem\",\"position\":3,\"name\":\"Prijzen en onderscheidingen\"}]},{\"@type\":\"WebSite\",\"@id\":\"https:\\\/\\\/sha.de\\\/nl#website\",\"url\":\"https:\\\/\\\/sha.de\\\/nl\",\"name\":\"SHA Scheffler Helbich Architekten GmbH\",\"description\":\"\",\"potentialAction\":[{\"@type\":\"SearchAction\",\"target\":{\"@type\":\"EntryPoint\",\"urlTemplate\":\"https:\\\/\\\/sha.de\\\/nl?s={search_term_string}\"},\"query-input\":{\"@type\":\"PropertyValueSpecification\",\"valueRequired\":true,\"valueName\":\"search_term_string\"}}],\"inLanguage\":\"nl-NL\"}]}<\/script>\n<!-- \/ Yoast SEO plugin. -->","yoast_head_json":{"title":"Prijzen en onderscheidingen | SHA Scheffler Helbich Architekten GmbH","description":"We zijn er trots op dat we talrijke prijzen en architectuurprijzen hebben ontvangen. BDA Prijs 2019 \u2713 Duitse stedenbouwkundige prijs 2018 \u2713 UNIPOR Prijs 2009 \u2713","robots":{"index":"index","follow":"follow","max-snippet":"max-snippet:-1","max-image-preview":"max-image-preview:large","max-video-preview":"max-video-preview:-1"},"canonical":"https:\/\/sha.de\/nl\/ons-kantoor\/prijzen-en-onderscheidingen","og_locale":"nl_NL","og_type":"article","og_title":"Prijzen en onderscheidingen | SHA Scheffler Helbich Architekten GmbH","og_description":"We zijn er trots op dat we talrijke prijzen en architectuurprijzen hebben ontvangen. BDA Prijs 2019 \u2713 Duitse stedenbouwkundige prijs 2018 \u2713 UNIPOR Prijs 2009 \u2713","og_url":"https:\/\/sha.de\/nl\/ons-kantoor\/prijzen-en-onderscheidingen","og_site_name":"SHA Scheffler Helbich Architekten GmbH","article_modified_time":"2024-08-29T11:32:09+00:00","twitter_card":"summary_large_image","twitter_misc":{"Geschatte leestijd":"23 minuten"},"schema":{"@context":"https:\/\/schema.org","@graph":[{"@type":"WebPage","@id":"https:\/\/sha.de\/nl\/ons-kantoor\/prijzen-en-onderscheidingen","url":"https:\/\/sha.de\/nl\/ons-kantoor\/prijzen-en-onderscheidingen","name":"Prijzen en onderscheidingen | SHA Scheffler Helbich Architekten GmbH","isPartOf":{"@id":"https:\/\/sha.de\/nl#website"},"datePublished":"2019-11-19T11:10:03+00:00","dateModified":"2024-08-29T11:32:09+00:00","description":"We zijn er trots op dat we talrijke prijzen en architectuurprijzen hebben ontvangen. BDA Prijs 2019 \u2713 Duitse stedenbouwkundige prijs 2018 \u2713 UNIPOR Prijs 2009 \u2713","breadcrumb":{"@id":"https:\/\/sha.de\/nl\/ons-kantoor\/prijzen-en-onderscheidingen#breadcrumb"},"inLanguage":"nl-NL","potentialAction":[{"@type":"ReadAction","target":["https:\/\/sha.de\/nl\/ons-kantoor\/prijzen-en-onderscheidingen"]}]},{"@type":"BreadcrumbList","@id":"https:\/\/sha.de\/nl\/ons-kantoor\/prijzen-en-onderscheidingen#breadcrumb","itemListElement":[{"@type":"ListItem","position":1,"name":"Startseite","item":"https:\/\/sha.de\/nl"},{"@type":"ListItem","position":2,"name":"Ons kantoor","item":"https:\/\/sha.de\/nl\/ons-kantoor"},{"@type":"ListItem","position":3,"name":"Prijzen en onderscheidingen"}]},{"@type":"WebSite","@id":"https:\/\/sha.de\/nl#website","url":"https:\/\/sha.de\/nl","name":"SHA Scheffler Helbich Architekten GmbH","description":"","potentialAction":[{"@type":"SearchAction","target":{"@type":"EntryPoint","urlTemplate":"https:\/\/sha.de\/nl?s={search_term_string}"},"query-input":{"@type":"PropertyValueSpecification","valueRequired":true,"valueName":"search_term_string"}}],"inLanguage":"nl-NL"}]}},"_links":{"self":[{"href":"https:\/\/sha.de\/nl\/wp-json\/wp\/v2\/pages\/38358","targetHints":{"allow":["GET"]}}],"collection":[{"href":"https:\/\/sha.de\/nl\/wp-json\/wp\/v2\/pages"}],"about":[{"href":"https:\/\/sha.de\/nl\/wp-json\/wp\/v2\/types\/page"}],"author":[{"embeddable":true,"href":"https:\/\/sha.de\/nl\/wp-json\/wp\/v2\/users\/1"}],"replies":[{"embeddable":true,"href":"https:\/\/sha.de\/nl\/wp-json\/wp\/v2\/comments?post=38358"}],"version-history":[{"count":12,"href":"https:\/\/sha.de\/nl\/wp-json\/wp\/v2\/pages\/38358\/revisions"}],"predecessor-version":[{"id":42894,"href":"https:\/\/sha.de\/nl\/wp-json\/wp\/v2\/pages\/38358\/revisions\/42894"}],"up":[{"embeddable":true,"href":"https:\/\/sha.de\/nl\/wp-json\/wp\/v2\/pages\/30204"}],"wp:attachment":[{"href":"https:\/\/sha.de\/nl\/wp-json\/wp\/v2\/media?parent=38358"}],"curies":[{"name":"wp","href":"https:\/\/api.w.org\/{rel}","templated":true}]}}