{"id":38669,"date":"2020-01-15T14:15:52","date_gmt":"2020-01-15T13:15:52","guid":{"rendered":"https:\/\/sha.de\/ons-kantoor\/sha-toen-en-nu"},"modified":"2026-01-23T10:20:45","modified_gmt":"2026-01-23T09:20:45","slug":"sha-toen-en-nu","status":"publish","type":"page","link":"https:\/\/sha.de\/nl\/ons-kantoor\/sha-toen-en-nu","title":{"rendered":"SHA toen en nu"},"content":{"rendered":"<div id='av_section_1' class='avia-section main_color pt-default pb-large avia-no-border-styling avia-bg-style-scroll  avia-builder-el-0  el_before_av_section  avia-builder-el-first   container_wrap fullsize' style=' '  ><div class='container' ><main  role=\"main\" itemprop=\"mainContentOfPage\"  class='template-page content  av-content-full alpha units'><div class='post-entry post-entry-type-page post-entry-38669'><div class='entry-content-wrapper clearfix'>\n<div class=\"flex_column av_one_full  flex_column_div av-zero-column-padding first       avia-builder-el-1  avia-builder-el-no-sibling  \"><p>\n\t\t\t<div id=\"av-k35rc5fq\" class=\"headline-column flex_column av_one_full flex_column_div first \">\n\t\t\t\t<div class=\"headline-wrap is-outside align-center sub-bottom\">\n\t\t\t\t\t<h1 class=\"headline-content headline-primary\">SHA gisteren en vandaag<\/h1>\n\t\t\t\t\t<h3 class=\"headline-content headline-secondary\">Een architectenbureau met een geschiedenis<\/h3>\n\t\t\t\t<\/div>\n\t\t\t<\/div><br \/>\n<section  class='av_textblock_section av-k35rco19-37913d5f5a385e5ff345d216d320dccf '   itemscope=\"itemscope\" itemtype=\"https:\/\/schema.org\/CreativeWork\" ><div class='avia_textblock'  itemprop=\"text\" ><p style=\"text-align: center; max-width: 1200px; margin: 0 auto;\">SHA is thuis in Dortmund &#8211; en dat al meer dan 90 jaar.<br \/>\nDe basis voor ons huidige werk werd in de jaren 1920 gelegd in het hart van het Ruhrgebied.<br \/>\nHier vindt u meer informatie over de geschiedenis en specialisatie van het kantoor, dat al tientallen jaren bouwprojecten realiseert in heel Duitsland.<\/p>\n<\/div><\/section><\/p><\/div>\n\n<\/div><\/div><\/main><!-- close content main element --><\/div><\/div><div id='av_section_2' class='avia-section main_color pt-default pb-default avia-no-border-styling avia-bg-style-scroll  avia-builder-el-4  el_after_av_section  el_before_av_section  historie  container_wrap fullsize' style=' '  ><div class='container' ><div class='template-page content  av-content-full alpha units'><div class='post-entry post-entry-type-page post-entry-38669'><div class='entry-content-wrapper clearfix'>\n\n\t\t\t<div id=\"av-k5fbrozt\" class=\"headline-column flex_column av_one_full flex_column_div first \">\n\t\t\t\t<div class=\"headline-wrap is-outside align-center sub-bottom\">\n\t\t\t\t\t<h2 class=\"headline-content headline-primary\">1928 - 1962<\/h2>\n\t\t\t\t\t\n\t\t\t\t<\/div>\n\t\t\t<\/div>\n<div class=\"flex_column av_one_third  flex_column_div av-zero-column-padding first bg-grey   img-left   avia-builder-el-6  el_after_pixel_sc_headline  el_before_av_two_third  w-1023-full \"><section  class='av_textblock_section av-k5fbt24x-da9d10d99f3bdf0db45eb4a5a8b90f79 '   itemscope=\"itemscope\" itemtype=\"https:\/\/schema.org\/CreativeWork\" ><div class='avia_textblock'  itemprop=\"text\" ><h3>Een terugblik: Gr\u00fcnderzeit<\/h3>\n<p>Het was 1928 toen G. F. Schumm de eerste steen legde voor ons architectenbureau in Dortmund &#8211; in de Kaiserstrasse in het hart van het stadscentrum. In die tijd lag de focus vooral op het bouwen van restaurants. Een artikel dat in 1939 werd gepubliceerd in Baumeister nummer 3, dat in heel Duitsland werd verspreid, illustreert zijn werk:<\/p>\n<\/div><\/section><\/div><div class=\"flex_column av_two_third  flex_column_div av-zero-column-padding  bg-default  fill img-left   avia-builder-el-8  el_after_av_one_third  el_before_av_one_third  w-1023-full w-1023-ctm \" style=\"background-image: url(https:\/\/sha.de\/wp-content\/uploads\/historie_baumeister.jpg); background-position: bottom left; background-repeat: no-repeat; background-size: cover; \"><\/div><div class=\"flex_column av_one_third  flex_column_div av-zero-column-padding first bg-default   img-left icon-left  avia-builder-el-9  el_after_av_two_third  el_before_av_one_third  column-top-margin\"><section  class='av_textblock_section av-k5fbt24x-da9d10d99f3bdf0db45eb4a5a8b90f79 '   itemscope=\"itemscope\" itemtype=\"https:\/\/schema.org\/CreativeWork\" ><div class='avia_textblock'  itemprop=\"text\" ><p>[&#8230;] We laten nu een restaurant in Dortmund zien, nieuw ingericht door architect Schumm, dat voornamelijk bestaat uit een grote eetzaal met een bierbar, de zogenaamde Schwemme, en een boerderijsalon.<br \/>\nHet relatieve gebrek aan ruimte wordt gecompenseerd door de waardige inrichting.<br \/>\nDe vloer is gemaakt van grijs-zwarte moza\u00efektegels, de muren en plafonds zijn gepleisterd en licht getint.<br \/>\nDe nissen hebben blauwgrijze en roodbruine tinten.<br \/>\nHet gebruikte hout is bruingrijs gebeitst grenen.<br \/>\nDe stoelen en tafels zijn van bruingrijs gebeitst beuken met geschrobd esdoorn tafelblad.<br \/>\nVoor de beglazing is gekleurd en lichtgekleurd antiek glas gebruikt.<\/p>\n<\/div><\/section><\/div><div class=\"flex_column av_one_third  flex_column_div av-zero-column-padding  bg-default   img-left icon-left  avia-builder-el-11  el_after_av_one_third  el_before_av_one_third  column-top-margin\"><section  class='av_textblock_section av-k5fbt24x-da9d10d99f3bdf0db45eb4a5a8b90f79 '   itemscope=\"itemscope\" itemtype=\"https:\/\/schema.org\/CreativeWork\" ><div class='avia_textblock'  itemprop=\"text\" ><p>De muurschilderingen verbeelden historische gebeurtenissen in de stad R\u00fcthen, waarnaar deze Ratskeller vernoemd is.<\/p>\n<p>De toonbank is bekleed met handgevormde, handbeschilderde, grijsblauwe Westerwald-klei tegels. De bekleding van de kolommen en muren is van klinkermetselwerk in dezelfde kleur, verlevendigd met rode baksteenschuivers. De verlichtingsarmaturen en de kapstok zijn gemaakt van gebrand zwart smeedijzer. De &#8220;Schwemme&#8221; is iets eenvoudiger gehouden: Vloer in Solnhofen tegels, muren en plafonds in lichtgekleurd viltpleister, wandbekleding in rode klinkertegels.<\/p>\n<\/div><\/section><\/div><div class=\"flex_column av_one_third  flex_column_div av-zero-column-padding  bg-default   img-left icon-left  avia-builder-el-13  el_after_av_one_third  avia-builder-el-last  column-top-margin\"><section  class='av_textblock_section av-k5fbt24x-da9d10d99f3bdf0db45eb4a5a8b90f79 '   itemscope=\"itemscope\" itemtype=\"https:\/\/schema.org\/CreativeWork\" ><div class='avia_textblock'  itemprop=\"text\" ><p>De &#8220;Bauernstube&#8221; heeft een zwarte en rode stenen vloer. De muren zijn pleisterkalk, licht getint. Het houtwerk is lariks, licht gebeitst en geschilderd, en grenen bruin-grijs gebeitst. De biervaten die in de &#8220;Schwemme&#8221; als drinktafels zijn neergezet, zijn gezellig en uitnodigend.<\/p>\n<p>De verlichtingsarmaturen hebben een zeer gevarieerd en fantasierijk ontwerp, altijd in overeenstemming met de noodzaak om de kroonluchters zo plat mogelijk te houden in de relatief lage kamers. [&#8230;]<\/p>\n<p><em>uit: Baumeister uitgave 3\/1939<\/em><\/p>\n<\/div><\/section><\/div>\n\n<\/div><\/div><\/div><!-- close content main div --><\/div><\/div><div id='av_section_3' class='avia-section main_color pt-default pb-default avia-no-border-styling avia-bg-style-scroll  avia-builder-el-15  el_after_av_section  el_before_av_section  historie  container_wrap fullsize' style=' '  ><div class='container' ><div class='template-page content  av-content-full alpha units'><div class='post-entry post-entry-type-page post-entry-38669'><div class='entry-content-wrapper clearfix'>\n\n\t\t\t<div id=\"av-k5fbrozt\" class=\"headline-column flex_column av_one_full flex_column_div first \">\n\t\t\t\t<div class=\"headline-wrap is-outside align-center sub-bottom\">\n\t\t\t\t\t<h2 class=\"headline-content headline-primary\">1962 - 2012 <\/h2>\n\t\t\t\t\t\n\t\t\t\t<\/div>\n\t\t\t<\/div>\n<div class=\"flex_column av_one_third  flex_column_div av-zero-column-padding first bg-default  fill img-left   avia-builder-el-17  el_after_pixel_sc_headline  el_before_av_one_third  w-1023-full \" style=\"background-image: url(https:\/\/sha.de\/wp-content\/uploads\/historie_zweitegen.jpg); background-position: center left; background-repeat: no-repeat; background-size: cover; \"><\/div><div class=\"flex_column av_one_third  flex_column_div av-zero-column-padding  bg-grey connected  img-left   avia-builder-el-18  el_after_av_one_third  el_before_av_one_third  w-1023-half w-1023-ml-off w-1023-ctm \"><section  class='av_textblock_section av-k5fbt24x-46404e52e29a61b536be39665e1aed88 '   itemscope=\"itemscope\" itemtype=\"https:\/\/schema.org\/CreativeWork\" ><div class='avia_textblock'  itemprop=\"text\" ><h3>Tweede generatie: Alois Scheffler<\/h3>\n<p>In 1962 kwam de familie Scheffler op het toneel: het architectenbureau van G.F. Schumm bestond al 34 jaar toen afgestudeerd architect Alois Scheffler het overnam. Hij had eerder voor Schumm gewerkt.<\/p>\n<p>Schumm zelf ging terug naar Zuid-Duitsland in de buurt van Heidelberg, waar hij zijn wortels had. Alois Scheffler bleef het kantoor aan de Nu\u00dfbaumweg in Dortmund-Wambel runnen als een enthousiaste bouwmeester in de cateringsector.<\/p>\n<\/div><\/section><\/div><div class=\"flex_column av_one_third  flex_column_div av-zero-column-padding  bg-grey   img-left   avia-builder-el-20  el_after_av_one_third  avia-builder-el-last  w-1023-half w-1023-ctm \"><section  class='av_textblock_section av-k5fbt24x-da9d10d99f3bdf0db45eb4a5a8b90f79 '   itemscope=\"itemscope\" itemtype=\"https:\/\/schema.org\/CreativeWork\" ><div class='avia_textblock'  itemprop=\"text\" ><p>In de jaren van het economische wonder plande en realiseerde hij veel appartementen en meergezinswoningen. Zelfs op de rijpe leeftijd van 97 (!) miste de die-hard Borussian nooit de kans om \u00e9\u00e9n keer per week naar kantoor te komen. Hij had de teugels echter al in 1977 overgedragen aan zijn zoon Peter Scheffler.<\/p>\n<p>Alois Scheffler, geboren in 1915 in Konitz, West-Pruisen, overleden in Dortmund in 2014.<\/p>\n<\/div><\/section><\/div>\n\n<\/div><\/div><\/div><!-- close content main div --><\/div><\/div><div id='av_section_4' class='avia-section main_color pt-default pb-default avia-no-border-styling avia-bg-style-scroll  avia-builder-el-22  el_after_av_section  el_before_av_section  historie  container_wrap fullsize' style=' '  ><div class='container' ><div class='template-page content  av-content-full alpha units'><div class='post-entry post-entry-type-page post-entry-38669'><div class='entry-content-wrapper clearfix'>\n\n\t\t\t<div id=\"av-k5fbrozt\" class=\"headline-column flex_column av_one_full flex_column_div first \">\n\t\t\t\t<div class=\"headline-wrap is-outside align-center sub-bottom\">\n\t\t\t\t\t<h2 class=\"headline-content headline-primary\">1977 - 2016 <\/h2>\n\t\t\t\t\t\n\t\t\t\t<\/div>\n\t\t\t<\/div>\n<div class=\"flex_column av_one_third  flex_column_div av-zero-column-padding first bg-default   img-left   avia-builder-el-24  el_after_pixel_sc_headline  el_before_av_one_third  w-1023-half w-1023-ml-off \"><section  class='av_textblock_section av-k5fbt24x-da9d10d99f3bdf0db45eb4a5a8b90f79 '   itemscope=\"itemscope\" itemtype=\"https:\/\/schema.org\/CreativeWork\" ><div class='avia_textblock'  itemprop=\"text\" ><h3>Derde generatie: Peter Scheffler<\/h3>\n<p>Peter Scheffler zag de projecten altijd in hun bredere context. Nadat hij in 1972 bij het bedrijf kwam, bouwde hij het freelance architectenbureau van zijn vader uit tot een bedrijf, dat hij in 1997 omvormde tot Scheffler Bauplan GmbH. Met zijn passie en plezier in zijn vak, zijn uitzonderlijke klantenloyaliteit en servicegerichtheid heeft hij de basis gelegd voor het huidige succes van SHA. Tegelijkertijd bracht hij het kantoor strategisch op \u00e9\u00e9n lijn en richtte hij zich voornamelijk op de bouwmaterialenhandel, fietsenhandel en commerci\u00eble bouw.<\/p>\n<\/div><\/section><\/div><div class=\"flex_column av_one_third  flex_column_div av-zero-column-padding  bg-default   img-left   avia-builder-el-26  el_after_av_one_third  el_before_av_one_third  w-1023-half \"><section  class='av_textblock_section av-k5fbt24x-da9d10d99f3bdf0db45eb4a5a8b90f79 '   itemscope=\"itemscope\" itemtype=\"https:\/\/schema.org\/CreativeWork\" ><div class='avia_textblock'  itemprop=\"text\" ><p>Als gevolg daarvan heeft het bedrijf een schat aan expertise vergaard die ons vandaag de dag nog steeds van pas komt bij ons dagelijks werk. Peter Scheffler en zijn team namen ook de stap buiten Dortmund en het Ruhrgebied en realiseerden vanaf de jaren 1970 talloze projecten in heel Duitsland.<\/p>\n<p>Peter Scheffler werd in 1944 in Waltershausen geboren en stierf in 2016 in Dortmund. We zullen onze activiteiten in zijn geest voortzetten.<\/p>\n<\/div><\/section><\/div><div class=\"flex_column av_one_third  flex_column_div av-zero-column-padding  bg-default  fill img-left   avia-builder-el-28  el_after_av_one_third  avia-builder-el-last  w-1023-full w-1023-ctm \" style=\"background-image: url(https:\/\/sha.de\/wp-content\/uploads\/historie_drittegen.jpg); background-position: top center; background-repeat: no-repeat; background-size: cover; \"><\/div>\n\n<\/div><\/div><\/div><!-- close content main div --><\/div><\/div><div id='av_section_5' class='avia-section main_color pt-default pb-default avia-no-border-styling avia-bg-style-scroll  avia-builder-el-29  el_after_av_section  avia-builder-el-last  historie  container_wrap fullsize' style=' '  ><div class='container' ><div class='template-page content  av-content-full alpha units'><div class='post-entry post-entry-type-page post-entry-38669'><div class='entry-content-wrapper clearfix'>\n\n\t\t\t<div id=\"av-k5fbrozt\" class=\"headline-column flex_column av_one_full flex_column_div first \">\n\t\t\t\t<div class=\"headline-wrap is-outside align-center sub-bottom\">\n\t\t\t\t\t<h2 class=\"headline-content headline-primary\">Sinds 2003 - vandaag<\/h2>\n\t\t\t\t\t\n\t\t\t\t<\/div>\n\t\t\t<\/div>\n<div class=\"flex_column av_one_third  flex_column_div av-zero-column-padding first bg-default  fill img-left   avia-builder-el-31  el_after_pixel_sc_headline  el_before_av_one_third  helbichs-image w-1023-full \" style=\"background-image: url(https:\/\/sha.de\/wp-content\/uploads\/017-Helbich-Portrait-SHA-Dortmund-Juni-2020-1592x600.jpg); background-position: center center; background-repeat: no-repeat; background-size: cover; \"><\/div><div class=\"flex_column av_one_third  flex_column_div av-zero-column-padding  bg-grey connected  img-left   avia-builder-el-32  el_after_av_one_third  el_before_av_one_third  w-1023-half w-1023-ctm w-1023-ml-off \"><section  class='av_textblock_section av-k5fbt24x-da9d10d99f3bdf0db45eb4a5a8b90f79 '   itemscope=\"itemscope\" itemtype=\"https:\/\/schema.org\/CreativeWork\" ><div class='avia_textblock'  itemprop=\"text\" ><h3>Vierde generatie: Birgit en Christoph Helbich<\/h3>\n<p>SHA is nu aan haar vierde generatie toe. Christoph Helbich kwam in 2003 bij het bedrijf werken en Birgit Helbich kwam in 2005 bij haar vaders kantoor werken. Beiden hebben enorme expertise in grootschalige projecten en de bouw van sportfaciliteiten vanuit hun eerdere activiteiten. In 2005 werd Scheffler Bauplan GmbH omgedoopt tot Scheffler Helbich Architekten GmbH. Sindsdien heeft SHA haar expertisegebieden steeds verder uitgebreid. Vandaag de dag is het kantoor gespecialiseerd in bouwmaterialenhandel, fietsenhandel, sportfaciliteiten, commerci\u00eble bouw, administratie, huisvesting en stadsontwikkeling.<\/p>\n<\/div><\/section><\/div><div class=\"flex_column av_one_third  flex_column_div av-zero-column-padding  bg-grey   img-left   avia-builder-el-34  el_after_av_one_third  el_before_av_two_third  w-1023-half w-1023-ctm \"><section  class='av_textblock_section av-k5fbt24x-6c03a7405e930d74167b80b2dac35298 '   itemscope=\"itemscope\" itemtype=\"https:\/\/schema.org\/CreativeWork\" ><div class='avia_textblock'  itemprop=\"text\" ><p>Niet alleen het aantal projecten, maar ook het SHA-team is de afgelopen jaren aanzienlijk gegroeid.<\/p>\n<p>Het bedrijf wordt nu in de vierde generatie geleid door Birgit en Christoph Helbich, samen met Jens Beele als tweede directeur en de procuratiehouders Volker Kaminsky en Marc Horstmeier in Dortmund. De vestiging in Berlijn wordt geleid door Jana Hirschh\u00e4user en Oliver Blumschein.<\/p>\n<p>Zij werken allemaal al vele jaren voor SHA en genieten het volledige vertrouwen van onze werknemers en klanten.<\/p>\n<\/div><\/section><\/div><div class=\"flex_column av_two_third  flex_column_div av-zero-column-padding first bg-default  fill img-left   avia-builder-el-36  el_after_av_one_third  el_before_av_one_third  column-top-margin\" style=\"background-image: url(https:\/\/sha.de\/wp-content\/uploads\/sha_phoenixwerk_damals_heute.jpg); background-position: center center; background-repeat: no-repeat; background-size: cover; \"><\/div><div class=\"flex_column av_one_third  flex_column_div av-zero-column-padding  bg-default   img-left icon-left  avia-builder-el-37  el_after_av_two_third  avia-builder-el-last  column-top-margin\"><section  class='av_textblock_section av-k5fbt24x-46404e52e29a61b536be39665e1aed88 '   itemscope=\"itemscope\" itemtype=\"https:\/\/schema.org\/CreativeWork\" ><div class='avia_textblock'  itemprop=\"text\" ><p>Sinds 2019 zijn we ook aanwezig in de hoofdstad en hebben we een kantoor geopend in Berlijn om onze hoofdlocatie in Dortmund uit te breiden, zodat we nog flexibeler kunnen zijn in de planning en realisatie van onze bouwprojecten in heel Duitsland.<\/p>\n<p>Een andere mijlpaal in de geschiedenis van het bedrijf is de bouw van de PhoenixWERK, die sinds april 2020 dienst doet als hoofdkantoor en waarin de twee eerdere SHA-locaties in Dortmund, Aplerbeck en Schokoladenfabrik, nu zijn samengevoegd.<\/p>\n<p>Met traditie de toekomst in &#8211; dat is de stelregel volgens welke we het SHA-verhaal vanaf hier voortzetten.<\/p>\n<\/div><\/section><\/div>\n","protected":false},"excerpt":{"rendered":"","protected":false},"author":1,"featured_media":0,"parent":30204,"menu_order":1,"comment_status":"closed","ping_status":"closed","template":"","meta":{"_acf_changed":false,"content-type":"","footnotes":""},"class_list":["post-38669","page","type-page","status-publish","hentry"],"acf":[],"yoast_head":"<!-- This site is optimized with the Yoast SEO plugin v27.4 - https:\/\/yoast.com\/product\/yoast-seo-wordpress\/ -->\n<title>| SHA Scheffler Helbich Architekten GmbH<\/title>\n<meta name=\"description\" content=\"SHA Architekten als architectenbureau in Dortmund met geschiedenis. Meer dan 90 jaar ervaring \u2713 Beheerd door de 4e generatie \u2713 Vestigingen in heel Duitsland \u2713\" \/>\n<meta name=\"robots\" content=\"index, follow, max-snippet:-1, max-image-preview:large, max-video-preview:-1\" \/>\n<link rel=\"canonical\" href=\"https:\/\/sha.de\/nl\/ons-kantoor\/sha-toen-en-nu\" \/>\n<meta property=\"og:locale\" content=\"nl_NL\" \/>\n<meta property=\"og:type\" content=\"article\" \/>\n<meta property=\"og:title\" content=\"| SHA Scheffler Helbich Architekten GmbH\" \/>\n<meta property=\"og:description\" content=\"SHA Architekten als architectenbureau in Dortmund met geschiedenis. Meer dan 90 jaar ervaring \u2713 Beheerd door de 4e generatie \u2713 Vestigingen in heel Duitsland \u2713\" \/>\n<meta property=\"og:url\" content=\"https:\/\/sha.de\/nl\/ons-kantoor\/sha-toen-en-nu\" \/>\n<meta property=\"og:site_name\" content=\"SHA Scheffler Helbich Architekten GmbH\" \/>\n<meta property=\"article:modified_time\" content=\"2026-01-23T09:20:45+00:00\" \/>\n<meta name=\"twitter:card\" content=\"summary_large_image\" \/>\n<meta name=\"twitter:label1\" content=\"Geschatte leestijd\" \/>\n\t<meta name=\"twitter:data1\" content=\"6 minuten\" \/>\n<script type=\"application\/ld+json\" class=\"yoast-schema-graph\">{\"@context\":\"https:\\\/\\\/schema.org\",\"@graph\":[{\"@type\":\"WebPage\",\"@id\":\"https:\\\/\\\/sha.de\\\/nl\\\/ons-kantoor\\\/sha-toen-en-nu\",\"url\":\"https:\\\/\\\/sha.de\\\/nl\\\/ons-kantoor\\\/sha-toen-en-nu\",\"name\":\"| SHA Scheffler Helbich Architekten GmbH\",\"isPartOf\":{\"@id\":\"https:\\\/\\\/sha.de\\\/nl#website\"},\"datePublished\":\"2020-01-15T13:15:52+00:00\",\"dateModified\":\"2026-01-23T09:20:45+00:00\",\"description\":\"SHA Architekten als architectenbureau in Dortmund met geschiedenis. Meer dan 90 jaar ervaring \u2713 Beheerd door de 4e generatie \u2713 Vestigingen in heel Duitsland \u2713\",\"breadcrumb\":{\"@id\":\"https:\\\/\\\/sha.de\\\/nl\\\/ons-kantoor\\\/sha-toen-en-nu#breadcrumb\"},\"inLanguage\":\"nl-NL\",\"potentialAction\":[{\"@type\":\"ReadAction\",\"target\":[\"https:\\\/\\\/sha.de\\\/nl\\\/ons-kantoor\\\/sha-toen-en-nu\"]}]},{\"@type\":\"BreadcrumbList\",\"@id\":\"https:\\\/\\\/sha.de\\\/nl\\\/ons-kantoor\\\/sha-toen-en-nu#breadcrumb\",\"itemListElement\":[{\"@type\":\"ListItem\",\"position\":1,\"name\":\"Startseite\",\"item\":\"https:\\\/\\\/sha.de\\\/nl\"},{\"@type\":\"ListItem\",\"position\":2,\"name\":\"Ons kantoor\",\"item\":\"https:\\\/\\\/sha.de\\\/nl\\\/ons-kantoor\"},{\"@type\":\"ListItem\",\"position\":3,\"name\":\"SHA toen en nu\"}]},{\"@type\":\"WebSite\",\"@id\":\"https:\\\/\\\/sha.de\\\/nl#website\",\"url\":\"https:\\\/\\\/sha.de\\\/nl\",\"name\":\"SHA Scheffler Helbich Architekten GmbH\",\"description\":\"\",\"potentialAction\":[{\"@type\":\"SearchAction\",\"target\":{\"@type\":\"EntryPoint\",\"urlTemplate\":\"https:\\\/\\\/sha.de\\\/nl?s={search_term_string}\"},\"query-input\":{\"@type\":\"PropertyValueSpecification\",\"valueRequired\":true,\"valueName\":\"search_term_string\"}}],\"inLanguage\":\"nl-NL\"}]}<\/script>\n<!-- \/ Yoast SEO plugin. -->","yoast_head_json":{"title":"| SHA Scheffler Helbich Architekten GmbH","description":"SHA Architekten als architectenbureau in Dortmund met geschiedenis. Meer dan 90 jaar ervaring \u2713 Beheerd door de 4e generatie \u2713 Vestigingen in heel Duitsland \u2713","robots":{"index":"index","follow":"follow","max-snippet":"max-snippet:-1","max-image-preview":"max-image-preview:large","max-video-preview":"max-video-preview:-1"},"canonical":"https:\/\/sha.de\/nl\/ons-kantoor\/sha-toen-en-nu","og_locale":"nl_NL","og_type":"article","og_title":"| SHA Scheffler Helbich Architekten GmbH","og_description":"SHA Architekten als architectenbureau in Dortmund met geschiedenis. Meer dan 90 jaar ervaring \u2713 Beheerd door de 4e generatie \u2713 Vestigingen in heel Duitsland \u2713","og_url":"https:\/\/sha.de\/nl\/ons-kantoor\/sha-toen-en-nu","og_site_name":"SHA Scheffler Helbich Architekten GmbH","article_modified_time":"2026-01-23T09:20:45+00:00","twitter_card":"summary_large_image","twitter_misc":{"Geschatte leestijd":"6 minuten"},"schema":{"@context":"https:\/\/schema.org","@graph":[{"@type":"WebPage","@id":"https:\/\/sha.de\/nl\/ons-kantoor\/sha-toen-en-nu","url":"https:\/\/sha.de\/nl\/ons-kantoor\/sha-toen-en-nu","name":"| SHA Scheffler Helbich Architekten GmbH","isPartOf":{"@id":"https:\/\/sha.de\/nl#website"},"datePublished":"2020-01-15T13:15:52+00:00","dateModified":"2026-01-23T09:20:45+00:00","description":"SHA Architekten als architectenbureau in Dortmund met geschiedenis. Meer dan 90 jaar ervaring \u2713 Beheerd door de 4e generatie \u2713 Vestigingen in heel Duitsland \u2713","breadcrumb":{"@id":"https:\/\/sha.de\/nl\/ons-kantoor\/sha-toen-en-nu#breadcrumb"},"inLanguage":"nl-NL","potentialAction":[{"@type":"ReadAction","target":["https:\/\/sha.de\/nl\/ons-kantoor\/sha-toen-en-nu"]}]},{"@type":"BreadcrumbList","@id":"https:\/\/sha.de\/nl\/ons-kantoor\/sha-toen-en-nu#breadcrumb","itemListElement":[{"@type":"ListItem","position":1,"name":"Startseite","item":"https:\/\/sha.de\/nl"},{"@type":"ListItem","position":2,"name":"Ons kantoor","item":"https:\/\/sha.de\/nl\/ons-kantoor"},{"@type":"ListItem","position":3,"name":"SHA toen en nu"}]},{"@type":"WebSite","@id":"https:\/\/sha.de\/nl#website","url":"https:\/\/sha.de\/nl","name":"SHA Scheffler Helbich Architekten GmbH","description":"","potentialAction":[{"@type":"SearchAction","target":{"@type":"EntryPoint","urlTemplate":"https:\/\/sha.de\/nl?s={search_term_string}"},"query-input":{"@type":"PropertyValueSpecification","valueRequired":true,"valueName":"search_term_string"}}],"inLanguage":"nl-NL"}]}},"_links":{"self":[{"href":"https:\/\/sha.de\/nl\/wp-json\/wp\/v2\/pages\/38669","targetHints":{"allow":["GET"]}}],"collection":[{"href":"https:\/\/sha.de\/nl\/wp-json\/wp\/v2\/pages"}],"about":[{"href":"https:\/\/sha.de\/nl\/wp-json\/wp\/v2\/types\/page"}],"author":[{"embeddable":true,"href":"https:\/\/sha.de\/nl\/wp-json\/wp\/v2\/users\/1"}],"replies":[{"embeddable":true,"href":"https:\/\/sha.de\/nl\/wp-json\/wp\/v2\/comments?post=38669"}],"version-history":[{"count":6,"href":"https:\/\/sha.de\/nl\/wp-json\/wp\/v2\/pages\/38669\/revisions"}],"predecessor-version":[{"id":55606,"href":"https:\/\/sha.de\/nl\/wp-json\/wp\/v2\/pages\/38669\/revisions\/55606"}],"up":[{"embeddable":true,"href":"https:\/\/sha.de\/nl\/wp-json\/wp\/v2\/pages\/30204"}],"wp:attachment":[{"href":"https:\/\/sha.de\/nl\/wp-json\/wp\/v2\/media?parent=38669"}],"curies":[{"name":"wp","href":"https:\/\/api.w.org\/{rel}","templated":true}]}}