{"id":38781,"date":"2020-01-08T13:57:58","date_gmt":"2020-01-08T12:57:58","guid":{"rendered":"https:\/\/sha.de\/carriere\/sha-als-werkgever"},"modified":"2024-08-28T15:02:11","modified_gmt":"2024-08-28T13:02:11","slug":"sha-als-werkgever","status":"publish","type":"page","link":"https:\/\/sha.de\/nl\/carriere\/sha-als-werkgever","title":{"rendered":"SHA als werkgever"},"content":{"rendered":"<div id='av_section_1' class='avia-section main_color pt-default pb-default avia-no-border-styling avia-bg-style-scroll  avia-builder-el-0  el_before_av_section  avia-builder-el-first   container_wrap fullsize' style=' '  ><div class='container' ><main  role=\"main\" itemprop=\"mainContentOfPage\"  class='template-page content  av-content-full alpha units'><div class='post-entry post-entry-type-page post-entry-38781'><div class='entry-content-wrapper clearfix'>\n\n\t\t\t<div id=\"av-k55bagx6\" class=\"headline-column flex_column av_one_full flex_column_div first \">\n\t\t\t\t<div class=\"headline-wrap is-outside align-left sub-bottom\">\n\t\t\t\t\t<h1 class=\"headline-content headline-primary\">Wat wij u bieden<\/h1>\n\t\t\t\t\t<h3 class=\"headline-content headline-secondary\">SHA als werkgever<\/h3>\n\t\t\t\t<\/div>\n\t\t\t<\/div>\n<div class=\"flex_column av_one_third  flex_column_div av-zero-column-padding first bg-default border-bottom connected  img-left   avia-builder-el-2  el_after_pixel_sc_headline  el_before_av_one_third  w-1023-half \"><section  class='av_textblock_section av-k55baqys-574ab31680f910a237e7ede106711d9f '   itemscope=\"itemscope\" itemtype=\"https:\/\/schema.org\/CreativeWork\" ><div class='avia_textblock'  itemprop=\"text\" ><p>Wij zijn niet alleen een familiebedrijf, wij leven ook in deze houding. En onze collega&#8217;s in alle situaties de wind in de rug geven. Een bedrijf is tenslotte maar zo goed als zijn werknemers, die elke dag de kleine en grote dagelijkse taken beheersen. Wij cre\u00ebren een omgeving waarin u zich op uw gemak kunt voelen. De juiste werksfeer ontstaat dan vanzelf.<\/p>\n<p>SHA maakt zeer verschillende werktijdmodellen mogelijk, afhankelijk van uw levenssituatie. Of het nu gaat om 40 of 26 uur, een 4-daagse werkweek of een flexibel thuiskantoor: samen vinden we oplossingen voor uw en ons idee van samenwerking. En hetzelfde geldt als het kinderdagverblijf in staking gaat of als uw arts beperkte spreekuren aanbiedt.<\/p>\n<\/div><\/section><\/div><div class=\"flex_column av_one_third  flex_column_div av-zero-column-padding  bg-default border-bottom   img-left   avia-builder-el-4  el_after_av_one_third  el_before_av_one_third  w-1023-half \"><section  class='av_textblock_section av-k55baqys-12-19bca22979aa7e5f2089d2cd2d783e2f '   itemscope=\"itemscope\" itemtype=\"https:\/\/schema.org\/CreativeWork\" ><div class='avia_textblock'  itemprop=\"text\" ><p>Als u hard werkt, zou u er iets uit moeten halen. Verplichte overuren worden eerlijk betaald bij SHA of kunnen volgens afspraak worden opgenomen als vrije tijd. Hoe beheert u uw projecten? Interne kennisoverdracht is erg belangrijk voor ons.<\/p>\n<p>We geven geen lezingen, maar gaan de dialoog met elkaar aan. Ook over fouten. En altijd constructief en met een open en eerlijke houding. Regelmatige feedback en beoordelingsgesprekken helpen elk individu en het bedrijf om vooruitgang te boeken. Wij hebben platte hi\u00ebrarchie\u00ebn, duidelijke verantwoordelijkheden en bieden goede carri\u00e8remogelijkheden.<\/p>\n<\/div><\/section><\/div><div class=\"flex_column av_one_third  flex_column_div av-zero-column-padding  bg-grey   img-left   avia-builder-el-6  el_after_av_one_third  avia-builder-el-last  w-1023-full w-1023-ctm \"><div class=\"factlist-wrap  avia-builder-el-7  avia-builder-el-no-sibling \"><h4>In <strong>een oogopslag<\/strong><\/h4><ul class=\"factlist\"><li class=\"factlist__entry av-1z1iu7\"><span class=\"\">Familiebedrijf in de vierde generatie<\/span><p class=\"factlist__entry-desc\"><\/p><\/li><li class=\"factlist__entry av-5u7drz\"><span class=\"\">Modellen voor flexibele werktijden<\/span><p class=\"factlist__entry-desc\"><\/p><\/li><li class=\"factlist__entry av-dyp2n\"><span class=\"\">Bedrijfsgezondheidszorg<\/span><p class=\"factlist__entry-desc\"><\/p><\/li><li class=\"factlist__entry av-2a5opb\"><span class=\"\">Moderne werkplekken in een innovatief kantoorgebouw en altijd de nieuwste planningssoftware<\/span><p class=\"factlist__entry-desc\"><\/p><\/li><li class=\"factlist__entry av-2i0lvz\"><span class=\"\">door FOCUS Business als <strong><a href=&quot;https:\/\/sha.de\/nl\/aktuelles\/vereerd-sha-als-topwerkgever-voor-middelgrote-bedrijven-2020&quot;>&quot;Topwerkgever voor middelgrote bedrijven 2020&quot;<\/a><\/strong> en <strong>2021<\/strong> ge\u00eberd<\/span><p class=\"factlist__entry-desc\"><\/p><\/li><li class=\"factlist__entry av-3wkqkv\"><span class=\"\">Bekroond met de <strong><a href=&quot;https:\/\/sha.de\/nl\/aktuelles\/sha-ontvangt-de-total-e-quality-award-voor-gelijke-kansen&quot;>&quot;TOTAL E-QUALITY&quot; award voor gelijke kansen&quot;.<\/a><\/strong><\/span><p class=\"factlist__entry-desc\"><\/p><\/li><li class=\"factlist__entry av-2wzg1b\"><span class=\"\">Lid van het netwerk <strong><a href=&quot;https:\/\/sha.de\/nl\/aktuelles\/sha-is-lid-van-het-netwerk-van-de-success-factor-family&quot;>&quot;Succesfactor familie&quot;<\/a><\/strong><\/span><p class=\"factlist__entry-desc\"><\/p><\/li><\/ul><\/div><\/div><\/div><\/div><\/main><!-- close content main element --><\/div><\/div><div id='av_section_2' class='avia-section main_color pt-default pb-default avia-no-border-styling avia-bg-style-scroll  avia-builder-el-8  el_after_av_section  el_before_av_section   container_wrap fullsize' style=' '  ><div class='container' ><div class='template-page content  av-content-full alpha units'><div class='post-entry post-entry-type-page post-entry-38781'><div class='entry-content-wrapper clearfix'>\n<div class=\"flex_column av_one_third  flex_column_div av-zero-column-padding first bg-default connected fill img-left   avia-builder-el-9  el_before_av_one_third  avia-builder-el-first  w-1023-full \" style=\"background-image: url(https:\/\/sha.de\/wp-content\/uploads\/Firmenlauf_2019-4-1030x773.jpg); background-position: center center; background-repeat: no-repeat; background-size: cover; \"><\/div><div class=\"flex_column av_one_third  flex_column_div av-zero-column-padding  bg-default border-bottom connected  img-left   avia-builder-el-10  el_after_av_one_third  el_before_av_one_third  w-1023-half w-1023-ctm w-1023-reset w-1023-ml-off \"><section  class='av_textblock_section av-k55baqys-10-a2ecba450abd69539e4b0bf6b947d6cf '   itemscope=\"itemscope\" itemtype=\"https:\/\/schema.org\/CreativeWork\" ><div class='avia_textblock'  itemprop=\"text\" ><h3>Gezondheidsbevordering in het dagelijks werk<\/h3>\n<p>Helaas wordt beweging soms verwaarloosd in het dagelijkse kantoorleven. We nemen tegenmaatregelen en doen iets aan preventie: met onze eigen bedrijfssportgroep die wekelijks samenkomt voor hardlopen, co\u00f6rdinatie en conditietraining. Met flexibele zit-sta werkstations en ergonomische computeraccessoires. Door deel te nemen aan de Dortmund bedrijvenloop. Met de optie om een e-bike te leasen voor de rit naar het werk. Doet dat u zweten? Geen probleem. Douches zijn beschikbaar in het Phoenixwerk.<\/p>\n<p>Als u sport, hebt u voorraden nodig. En ook de persoon die aan de huidige projectplannen werkt. Water en vers fruit zijn beschikbaar: Help uzelf!<\/p>\n<\/div><\/section><\/div><div class=\"flex_column av_one_third  flex_column_div av-zero-column-padding  bg-default border-bottom   img-left   avia-builder-el-12  el_after_av_one_third  avia-builder-el-last  w-1023-half w-1023-ctm w-1023-reset \"><p>\n<style type=\"text\/css\" data-created_by=\"avia_inline_auto\" id=\"style-css-av-27oy9b-2c68b9c521398cde06b76015e5a63e8f\">\n#top .hr.hr-invisible.av-27oy9b-2c68b9c521398cde06b76015e5a63e8f{\nheight:46px;\n}\n<\/style>\n<div  class='hr av-27oy9b-2c68b9c521398cde06b76015e5a63e8f hr-invisible  avia-builder-el-13  el_before_av_textblock  avia-builder-el-first '><span class='hr-inner '><span class=\"hr-inner-style\"><\/span><\/span><\/div><br \/>\n<section  class='av_textblock_section av-k55baqys-5-b022a28056e9df99715d9f85c6c8159e '   itemscope=\"itemscope\" itemtype=\"https:\/\/schema.org\/CreativeWork\" ><div class='avia_textblock'  itemprop=\"text\" ><p>Deze basisgezondheidszorg is voor ons vanzelfsprekend. Uiterlijk tijdens de gezamenlijke lunchpauze is iedereen dan voor zichzelf verantwoordelijk: &#8220;Currywurst met alles&#8221; of salade? Wij zijn tolerant&#8230;<\/p>\n<p>We versterken ook het gemeenschapsgevoel met traditionele kerstfeesten, leuke zomerfeesten en speciale excursies voor alle werknemers. En natuurlijk in de dagelijkse competities aan de tafelvoetbaltafel.<\/p>\n<p>Kortom: een tevreden personeelsbestand is belangrijk voor SHA.<\/p>\n<\/div><\/section><\/p><\/div>\n<\/p>\n<\/div><\/div><\/div><!-- close content main div --><\/div><\/div><div id='av_section_3' class='avia-section main_color pt-default pb-0 avia-no-border-styling avia-bg-style-scroll  avia-builder-el-15  el_after_av_section  el_before_av_hr   container_wrap fullsize' style=' '  ><div class='container' ><div class='template-page content  av-content-full alpha units'><div class='post-entry post-entry-type-page post-entry-38781'><div class='entry-content-wrapper clearfix'>\n<div class=\"flex_column av_one_fourth  flex_column_div av-zero-column-padding first bg-default   img-left   avia-builder-el-16  el_before_av_one_fourth  avia-builder-el-first  iframe-column \"><\/div><div class=\"flex_column av_one_fourth  flex_column_div av-zero-column-padding  bg-default   img-left   avia-builder-el-18  el_after_av_one_fourth  el_before_av_one_fourth  logo-column \"><div  class='avia-image-container  av-styling- av-hover-grow   avia-builder-el-19  avia-builder-el-no-sibling  avia-align-center'  itemprop=\"image\" itemscope=\"itemscope\" itemtype=\"https:\/\/schema.org\/ImageObject\"  ><div class='avia-image-container-inner'><div class='avia-image-overlay-wrap'><a href='https:\/\/sha.de\/nl\/aktuelles\/sha-ontvangt-de-total-e-quality-award-voor-gelijke-kansen' class='avia_image'  ><img class='avia_image ' src='https:\/\/sha.de\/wp-content\/uploads\/Total-E-Quality-2.jpg' alt='' title='Total E-Quality'  itemprop=\"thumbnailUrl\"  \/><\/a><\/div><\/div><\/div><\/div><div class=\"flex_column av_one_fourth  flex_column_div av-zero-column-padding  bg-default   img-left   avia-builder-el-20  el_after_av_one_fourth  el_before_av_one_fourth  logo-column \"><div  class='avia-image-container  av-styling- av-hover-grow   avia-builder-el-21  avia-builder-el-no-sibling  avia-align-center'  itemprop=\"image\" itemscope=\"itemscope\" itemtype=\"https:\/\/schema.org\/ImageObject\"  ><div class='avia-image-container-inner'><div class='avia-image-overlay-wrap'><a href='https:\/\/sha.de\/nl\/aktuelles\/sha-gezinnen-bedrijf-dortmund' class='avia_image'  ><img class='avia_image ' src='https:\/\/sha.de\/wp-content\/uploads\/Famundo-2.jpg' alt='' title='Famundo'  itemprop=\"thumbnailUrl\"  \/><\/a><\/div><\/div><\/div><\/div><div class=\"flex_column av_one_fourth  flex_column_div av-zero-column-padding  bg-default   img-left   avia-builder-el-22  el_after_av_one_fourth  avia-builder-el-last  logo-column \"><div  class='avia-image-container  av-styling- av-hover-grow   avia-builder-el-23  avia-builder-el-no-sibling  avia-align-center'  itemprop=\"image\" itemscope=\"itemscope\" itemtype=\"https:\/\/schema.org\/ImageObject\"  ><div class='avia-image-container-inner'><div class='avia-image-overlay-wrap'><a href='https:\/\/sha.de\/nl\/aktuelles\/sha-is-lid-van-het-netwerk-van-de-success-factor-family' class='avia_image'  ><img class='avia_image ' src='https:\/\/sha.de\/wp-content\/uploads\/Erfolgsfaktor-Familie-1.jpg' alt='' title='Erfolgsfaktor Familie'  itemprop=\"thumbnailUrl\"  \/><\/a><\/div><\/div><\/div><\/div>\n<\/div><\/div><\/div><!-- close content main div --><\/div><\/div><div id='after_section_3' class='main_color av_default_container_wrap container_wrap fullsize' style=' '  ><div class='container' ><div class='template-page content  av-content-full alpha units'><div class='post-entry post-entry-type-page post-entry-38781'><div class='entry-content-wrapper clearfix'>\n<div  class='hr av-aqb9b-ef95ded3c80275504857b40f8d8c428f hr-default  avia-builder-el-24  el_after_av_section  el_before_av_section  avia-builder-el-no-sibling '><span class='hr-inner '><span class=\"hr-inner-style\"><\/span><\/span><\/div>\n<\/div><\/div><\/div><!-- close content main div --><\/div><\/div><div id='av_section_4' class='avia-section main_color pt-0 pb-default avia-no-border-styling avia-bg-style-scroll  avia-builder-el-25  el_after_av_hr  avia-builder-el-last   container_wrap fullsize' style=' '  ><div class='container' ><div class='template-page content  av-content-full alpha units'><div class='post-entry post-entry-type-page post-entry-38781'><div class='entry-content-wrapper clearfix'>\n<div class=\"flex_column av_one_third  flex_column_div av-zero-column-padding first bg-default  fill img-left   avia-builder-el-26  el_before_av_two_third  avia-builder-el-first  w-1023-hide \" style=\"background-image: url(https:\/\/sha.de\/wp-content\/uploads\/philosophie_langfristigkeit.jpg); background-position: center center; background-repeat: no-repeat; background-size: cover; \"><\/div><div class=\"flex_column av_two_third  flex_column_div av-zero-column-padding  bg-default   img-left   avia-builder-el-27  el_after_av_one_third  avia-builder-el-last  home-column-journal w-1023-full w-1023-ctm \"><section  class='av_textblock_section av-jtzqb1vo-5c1bd172d354b675e4023f23ce55b54c '   itemscope=\"itemscope\" itemtype=\"https:\/\/schema.org\/CreativeWork\" ><div class='avia_textblock h2-h1'  itemprop=\"text\" ><h2>De<br \/>\nSHA dagboek<strong>.<\/strong><\/h2>\n<h3>Verhalen over architectuur<br \/>\nvan ons dagelijks werk.<\/h3>\n<\/div><\/section><br \/>\n<div class='avia-button-wrap theme-fill avia-button-left  avia-builder-el-29  el_after_av_textblock  avia-builder-el-last  black align-bottom float'><a href='\/wp-content\/uploads\/SHAJournal_N01.pdf'  class='avia-button  color-ci-black hover-yellow  avia-icon_select-no avia-size-medium avia-position-left'   ><span class='avia_iconbox_title' >Nu bekijken<\/span><\/a><\/div><\/p><\/div>\n\n","protected":false},"excerpt":{"rendered":"","protected":false},"author":1,"featured_media":0,"parent":30074,"menu_order":0,"comment_status":"closed","ping_status":"closed","template":"","meta":{"_acf_changed":false,"content-type":"","footnotes":""},"class_list":["post-38781","page","type-page","status-publish","hentry"],"acf":[],"yoast_head":"<!-- This site is optimized with the Yoast SEO plugin v27.4 - https:\/\/yoast.com\/product\/yoast-seo-wordpress\/ -->\n<title>| SHA Scheffler Helbich Architekten GmbH<\/title>\n<meta name=\"description\" content=\"Maak deel uit van SHA! Profiteer van flexibele werktijdmodellen \u2713 bedrijfsgezondheidszorg \u2713 moderne &amp; innovatieve werkplekken \u2713\" \/>\n<meta name=\"robots\" content=\"index, follow, max-snippet:-1, max-image-preview:large, max-video-preview:-1\" \/>\n<link rel=\"canonical\" href=\"https:\/\/sha.de\/nl\/carriere\/sha-als-werkgever\" \/>\n<meta property=\"og:locale\" content=\"nl_NL\" \/>\n<meta property=\"og:type\" content=\"article\" \/>\n<meta property=\"og:title\" content=\"| SHA Scheffler Helbich Architekten GmbH\" \/>\n<meta property=\"og:description\" content=\"Maak deel uit van SHA! Profiteer van flexibele werktijdmodellen \u2713 bedrijfsgezondheidszorg \u2713 moderne &amp; innovatieve werkplekken \u2713\" \/>\n<meta property=\"og:url\" content=\"https:\/\/sha.de\/nl\/carriere\/sha-als-werkgever\" \/>\n<meta property=\"og:site_name\" content=\"SHA Scheffler Helbich Architekten GmbH\" \/>\n<meta property=\"article:modified_time\" content=\"2024-08-28T13:02:11+00:00\" \/>\n<meta property=\"og:image\" content=\"https:\/\/widgets.kununu.com\/widget_score_review_count_logo_big\/profiles\/b3ec87d5-a6cc-4da1-9bf0-0a6160bfdfac\" \/>\n<meta name=\"twitter:card\" content=\"summary_large_image\" \/>\n<meta name=\"twitter:label1\" content=\"Geschatte leestijd\" \/>\n\t<meta name=\"twitter:data1\" content=\"17 minuten\" \/>\n<script type=\"application\/ld+json\" class=\"yoast-schema-graph\">{\"@context\":\"https:\\\/\\\/schema.org\",\"@graph\":[{\"@type\":\"WebPage\",\"@id\":\"https:\\\/\\\/sha.de\\\/nl\\\/carriere\\\/sha-als-werkgever\",\"url\":\"https:\\\/\\\/sha.de\\\/nl\\\/carriere\\\/sha-als-werkgever\",\"name\":\"| SHA Scheffler Helbich Architekten GmbH\",\"isPartOf\":{\"@id\":\"https:\\\/\\\/sha.de\\\/nl#website\"},\"primaryImageOfPage\":{\"@id\":\"https:\\\/\\\/sha.de\\\/nl\\\/carriere\\\/sha-als-werkgever#primaryimage\"},\"image\":{\"@id\":\"https:\\\/\\\/sha.de\\\/nl\\\/carriere\\\/sha-als-werkgever#primaryimage\"},\"thumbnailUrl\":\"https:\\\/\\\/widgets.kununu.com\\\/widget_score_review_count_logo_big\\\/profiles\\\/b3ec87d5-a6cc-4da1-9bf0-0a6160bfdfac\",\"datePublished\":\"2020-01-08T12:57:58+00:00\",\"dateModified\":\"2024-08-28T13:02:11+00:00\",\"description\":\"Maak deel uit van SHA! Profiteer van flexibele werktijdmodellen \u2713 bedrijfsgezondheidszorg \u2713 moderne & innovatieve werkplekken \u2713\",\"breadcrumb\":{\"@id\":\"https:\\\/\\\/sha.de\\\/nl\\\/carriere\\\/sha-als-werkgever#breadcrumb\"},\"inLanguage\":\"nl-NL\",\"potentialAction\":[{\"@type\":\"ReadAction\",\"target\":[\"https:\\\/\\\/sha.de\\\/nl\\\/carriere\\\/sha-als-werkgever\"]}]},{\"@type\":\"ImageObject\",\"inLanguage\":\"nl-NL\",\"@id\":\"https:\\\/\\\/sha.de\\\/nl\\\/carriere\\\/sha-als-werkgever#primaryimage\",\"url\":\"https:\\\/\\\/widgets.kununu.com\\\/widget_score_review_count_logo_big\\\/profiles\\\/b3ec87d5-a6cc-4da1-9bf0-0a6160bfdfac\",\"contentUrl\":\"https:\\\/\\\/widgets.kununu.com\\\/widget_score_review_count_logo_big\\\/profiles\\\/b3ec87d5-a6cc-4da1-9bf0-0a6160bfdfac\"},{\"@type\":\"BreadcrumbList\",\"@id\":\"https:\\\/\\\/sha.de\\\/nl\\\/carriere\\\/sha-als-werkgever#breadcrumb\",\"itemListElement\":[{\"@type\":\"ListItem\",\"position\":1,\"name\":\"Startseite\",\"item\":\"https:\\\/\\\/sha.de\\\/nl\"},{\"@type\":\"ListItem\",\"position\":2,\"name\":\"Carri\u00e8re\",\"item\":\"https:\\\/\\\/sha.de\\\/nl\\\/carriere\"},{\"@type\":\"ListItem\",\"position\":3,\"name\":\"SHA als werkgever\"}]},{\"@type\":\"WebSite\",\"@id\":\"https:\\\/\\\/sha.de\\\/nl#website\",\"url\":\"https:\\\/\\\/sha.de\\\/nl\",\"name\":\"SHA Scheffler Helbich Architekten GmbH\",\"description\":\"\",\"potentialAction\":[{\"@type\":\"SearchAction\",\"target\":{\"@type\":\"EntryPoint\",\"urlTemplate\":\"https:\\\/\\\/sha.de\\\/nl?s={search_term_string}\"},\"query-input\":{\"@type\":\"PropertyValueSpecification\",\"valueRequired\":true,\"valueName\":\"search_term_string\"}}],\"inLanguage\":\"nl-NL\"}]}<\/script>\n<!-- \/ Yoast SEO plugin. -->","yoast_head_json":{"title":"| SHA Scheffler Helbich Architekten GmbH","description":"Maak deel uit van SHA! Profiteer van flexibele werktijdmodellen \u2713 bedrijfsgezondheidszorg \u2713 moderne & innovatieve werkplekken \u2713","robots":{"index":"index","follow":"follow","max-snippet":"max-snippet:-1","max-image-preview":"max-image-preview:large","max-video-preview":"max-video-preview:-1"},"canonical":"https:\/\/sha.de\/nl\/carriere\/sha-als-werkgever","og_locale":"nl_NL","og_type":"article","og_title":"| SHA Scheffler Helbich Architekten GmbH","og_description":"Maak deel uit van SHA! Profiteer van flexibele werktijdmodellen \u2713 bedrijfsgezondheidszorg \u2713 moderne & innovatieve werkplekken \u2713","og_url":"https:\/\/sha.de\/nl\/carriere\/sha-als-werkgever","og_site_name":"SHA Scheffler Helbich Architekten GmbH","article_modified_time":"2024-08-28T13:02:11+00:00","og_image":[{"url":"https:\/\/widgets.kununu.com\/widget_score_review_count_logo_big\/profiles\/b3ec87d5-a6cc-4da1-9bf0-0a6160bfdfac","type":"","width":"","height":""}],"twitter_card":"summary_large_image","twitter_misc":{"Geschatte leestijd":"17 minuten"},"schema":{"@context":"https:\/\/schema.org","@graph":[{"@type":"WebPage","@id":"https:\/\/sha.de\/nl\/carriere\/sha-als-werkgever","url":"https:\/\/sha.de\/nl\/carriere\/sha-als-werkgever","name":"| SHA Scheffler Helbich Architekten GmbH","isPartOf":{"@id":"https:\/\/sha.de\/nl#website"},"primaryImageOfPage":{"@id":"https:\/\/sha.de\/nl\/carriere\/sha-als-werkgever#primaryimage"},"image":{"@id":"https:\/\/sha.de\/nl\/carriere\/sha-als-werkgever#primaryimage"},"thumbnailUrl":"https:\/\/widgets.kununu.com\/widget_score_review_count_logo_big\/profiles\/b3ec87d5-a6cc-4da1-9bf0-0a6160bfdfac","datePublished":"2020-01-08T12:57:58+00:00","dateModified":"2024-08-28T13:02:11+00:00","description":"Maak deel uit van SHA! Profiteer van flexibele werktijdmodellen \u2713 bedrijfsgezondheidszorg \u2713 moderne & innovatieve werkplekken \u2713","breadcrumb":{"@id":"https:\/\/sha.de\/nl\/carriere\/sha-als-werkgever#breadcrumb"},"inLanguage":"nl-NL","potentialAction":[{"@type":"ReadAction","target":["https:\/\/sha.de\/nl\/carriere\/sha-als-werkgever"]}]},{"@type":"ImageObject","inLanguage":"nl-NL","@id":"https:\/\/sha.de\/nl\/carriere\/sha-als-werkgever#primaryimage","url":"https:\/\/widgets.kununu.com\/widget_score_review_count_logo_big\/profiles\/b3ec87d5-a6cc-4da1-9bf0-0a6160bfdfac","contentUrl":"https:\/\/widgets.kununu.com\/widget_score_review_count_logo_big\/profiles\/b3ec87d5-a6cc-4da1-9bf0-0a6160bfdfac"},{"@type":"BreadcrumbList","@id":"https:\/\/sha.de\/nl\/carriere\/sha-als-werkgever#breadcrumb","itemListElement":[{"@type":"ListItem","position":1,"name":"Startseite","item":"https:\/\/sha.de\/nl"},{"@type":"ListItem","position":2,"name":"Carri\u00e8re","item":"https:\/\/sha.de\/nl\/carriere"},{"@type":"ListItem","position":3,"name":"SHA als werkgever"}]},{"@type":"WebSite","@id":"https:\/\/sha.de\/nl#website","url":"https:\/\/sha.de\/nl","name":"SHA Scheffler Helbich Architekten GmbH","description":"","potentialAction":[{"@type":"SearchAction","target":{"@type":"EntryPoint","urlTemplate":"https:\/\/sha.de\/nl?s={search_term_string}"},"query-input":{"@type":"PropertyValueSpecification","valueRequired":true,"valueName":"search_term_string"}}],"inLanguage":"nl-NL"}]}},"_links":{"self":[{"href":"https:\/\/sha.de\/nl\/wp-json\/wp\/v2\/pages\/38781","targetHints":{"allow":["GET"]}}],"collection":[{"href":"https:\/\/sha.de\/nl\/wp-json\/wp\/v2\/pages"}],"about":[{"href":"https:\/\/sha.de\/nl\/wp-json\/wp\/v2\/types\/page"}],"author":[{"embeddable":true,"href":"https:\/\/sha.de\/nl\/wp-json\/wp\/v2\/users\/1"}],"replies":[{"embeddable":true,"href":"https:\/\/sha.de\/nl\/wp-json\/wp\/v2\/comments?post=38781"}],"version-history":[{"count":7,"href":"https:\/\/sha.de\/nl\/wp-json\/wp\/v2\/pages\/38781\/revisions"}],"predecessor-version":[{"id":52874,"href":"https:\/\/sha.de\/nl\/wp-json\/wp\/v2\/pages\/38781\/revisions\/52874"}],"up":[{"embeddable":true,"href":"https:\/\/sha.de\/nl\/wp-json\/wp\/v2\/pages\/30074"}],"wp:attachment":[{"href":"https:\/\/sha.de\/nl\/wp-json\/wp\/v2\/media?parent=38781"}],"curies":[{"name":"wp","href":"https:\/\/api.w.org\/{rel}","templated":true}]}}