{"id":30047,"date":"2021-11-22T09:15:48","date_gmt":"2021-11-22T08:15:48","guid":{"rendered":"https:\/\/sha.de\/kontakt-2021"},"modified":"2025-07-03T12:07:04","modified_gmt":"2025-07-03T10:07:04","slug":"kontakt-2021","status":"publish","type":"page","link":"https:\/\/sha.de\/pl\/kontakt-2021","title":{"rendered":"Prosz\u0119 si\u0119 z nami skontaktowa\u0107"},"content":{"rendered":"<div id='av_section_1' class='avia-section main_color pt-default pb-default avia-no-border-styling avia-bg-style-scroll  avia-builder-el-0  el_before_av_section  avia-builder-el-first   container_wrap fullsize' style=' '  ><div class='container' ><main  role=\"main\" itemprop=\"mainContentOfPage\"  class='template-page content  av-content-full alpha units'><div class='post-entry post-entry-type-page post-entry-30047'><div class='entry-content-wrapper clearfix'>\n<div class=\"flex_column av_one_third  flex_column_div av-zero-column-padding first       avia-builder-el-1  el_before_av_two_third  avia-builder-el-first  \"><p>\n\t\t\t<div id=\"av-k1kquvev\" class=\"headline-column flex_column av_one_full flex_column_div first \">\n\t\t\t\t<div class=\"headline-wrap is-outside align-left sub-bottom\">\n\t\t\t\t\t<h1 class=\"headline-content headline-primary\">Prosz\u0119 si\u0119 z nami skontaktowa\u0107<\/h1>\n\t\t\t\t\t<h3 class=\"headline-content headline-secondary\">Pytania, pro\u015bby, sugestie? <\/h3>\n\t\t\t\t<\/div>\n\t\t\t<\/div><br \/>\n<section  class='av_textblock_section av-k2ughukz-8c8af540cf2947d5fca1ff805c8e6ba7 '   itemscope=\"itemscope\" itemtype=\"https:\/\/schema.org\/CreativeWork\" ><div class='avia_textblock'  itemprop=\"text\" ><p>Czy chcieliby Pa\u0144stwo pozna\u0107 SHA i nasze projekty architektoniczne? Czy maj\u0105 Pa\u0144stwo pytania, pro\u015bby lub sugestie dotycz\u0105ce naszego biura? Czekamy na Pa\u0144stwa telefon lub e-mail! Prosz\u0119 um\u00f3wi\u0107 si\u0119 bezpo\u015brednio. Jeste\u015bmy do Pa\u0144stwa dyspozycji osobi\u015bcie w Dortmundzie i Berlinie.<\/p>\n<p>Od pomys\u0142u do realizacji &#8211; z Scheffler Helbich Architekten Pa\u0144stwa projekt budowlany jest w najlepszych r\u0119kach.<\/p>\n<\/div><\/section><br \/>\n<div class=\"locations-list\">\n\t\t\t<div class=\"locations-list-entry\">\n\t\t\t<span class=\"locations-list-title\">Prosz\u0119 si\u0119 z nami skontaktowa\u0107 Dortmund<\/span>\n\t\t\t<div class=\"locations-list-line\"><span class=\"contact-pre\">T<\/span> <a href=\"tel:492314420200\">+49 (231) 44 20 20 0<\/a><\/div>\n\t\t\t\n\t\t\t\n\t\t\t<div class=\"locations-list-line\"><span class=\"contact-pre\">M<\/span> <a href=\"javascript:secureDecryptAndNavigate('juMTQc2LEC4MpLaRGk8wjPZxUiMXzGcrWzoMSL+qcbvtxzpHKXE2hqnl66sWNUEFMh\/RoAtuWpnBEOH2W7KR8wvQ', '7fb6b0a631c756e2798c0419dd401ac6392a180022e45865affe1bd81a905598')\">info@sha.de<\/a><\/div>\n\t\t<\/div>\n\t\t\t<div class=\"locations-list-entry\">\n\t\t\t<span class=\"locations-list-title\">Prosz\u0119 si\u0119 z nami skontaktowa\u0107 Berlin<\/span>\n\t\t\t<div class=\"locations-list-line\"><span class=\"contact-pre\">T<\/span> <a href=\"tel:493023327570\">+49 (30) 23 32 75 70<\/a><\/div>\n\t\t\t\n\t\t\t\n\t\t\t<div class=\"locations-list-line\"><span class=\"contact-pre\">M<\/span> <a href=\"javascript:secureDecryptAndNavigate('rYOWY7EEPU\/R6M9n7sNCa6u2zkPE\/QVMUbnUjyOt95mZ9hPcEW+OYNNpgO6PLLgyqIL5jsOlV4OsvzNn6Fk+kWg9YDw=', '7fb6b0a631c756e2798c0419dd401ac6392a180022e45865affe1bd81a905598')\">berlin@sha.de<\/a><\/div>\n\t\t<\/div>\n\t<\/div>\n<\/p><\/div><div class=\"flex_column av_two_third  flex_column_div av-zero-column-padding  bg-grey   img-right   avia-builder-el-5  el_after_av_one_third  avia-builder-el-last  \"><\/div><\/div><\/div><\/main><!-- close content main element --><\/div><\/div><div id='av_section_2' class='avia-section main_color pt-large pb-default avia-no-border-styling avia-bg-style-scroll  avia-builder-el-7  el_after_av_section  el_before_av_section   container_wrap fullsize' style=' '  ><div class='container' ><div class='template-page content  av-content-full alpha units'><div class='post-entry post-entry-type-page post-entry-30047'><div class='entry-content-wrapper clearfix'>\n\n\t\t\t<div id=\"av-9vsu36\" class=\"headline-column flex_column av_one_full flex_column_div first \">\n\t\t\t\t<div class=\"headline-wrap is-outside align-left sub-bottom\">\n\t\t\t\t\t<h2 class=\"headline-content headline-primary\">Mog\u0105 nas Pa\u0144stwo znale\u017a\u0107 tutaj.<\/h2>\n\t\t\t\t\t<h3 class=\"headline-content headline-secondary\">SHA w Dortmundzie, SHA w Berlinie.<\/h3>\n\t\t\t\t<\/div>\n\t\t\t<\/div>\n<div class=\"flex_column av_one_full  flex_column_div av-zero-column-padding first bg-default   img-left   avia-builder-el-9  el_after_pixel_sc_headline  avia-builder-el-last  \"><style type=\"text\/css\" data-created_by=\"avia_inline_auto\" id=\"style-css-av-kwdan4mx-7bac6ed6e55a79a28056deabadc8a8c2\">\n#top .hr.hr-invisible.av-kwdan4mx-7bac6ed6e55a79a28056deabadc8a8c2{\nheight:20px;\n}\n<\/style>\n<div  class='hr av-kwdan4mx-7bac6ed6e55a79a28056deabadc8a8c2 hr-invisible  avia-builder-el-10  avia-builder-el-no-sibling '><span class='hr-inner '><span class=\"hr-inner-style\"><\/span><\/span><\/div><\/div>\n<\/p>\n<\/div><\/div><\/div><!-- close content main div --><\/div><\/div><div id='av_section_3' class='avia-section main_color pt-default pb-default avia-no-border-styling avia-bg-style-scroll  avia-builder-el-11  el_after_av_section  el_before_av_section  standorte-map-section  container_wrap fullsize' style=' '  ><div class='container' ><div class='template-page content  av-content-full alpha units'><div class='post-entry post-entry-type-page post-entry-30047'><div class='entry-content-wrapper clearfix'>\n<div class=\"flex_column av_one_full  flex_column_div av-zero-column-padding first bg-grey   img-left   avia-builder-el-12  avia-builder-el-no-sibling  \"><div class=\"location\"><div class=\"av_one_third flex_column location-column location-card first\"><article id=\"\" class=\"card-entry person-entry location-entry   text-align-left     \">\n\t<div class=\"card-entry__inner\">\n\t\t\n\t\n\t\t<article id=\"\" class=\"card-entry person-entry location-entry   text-align-left     \">\n\t<div class=\"card-entry__inner\">\n\t\t\n\t<div class=\"card-entry__media media-type-\">\n\t\t<div class=\"card-entry__media-inner\">\n\t\t\t\t\t\t\t\t\t\t\t\t<img decoding=\"async\" src=\"https:\/\/sha.de\/wp-content\/uploads\/706x313_PhoenixWERK-706x313.jpg\" \/>\n\t\t\t\t\t\t\t\t\t<\/div>\n\t<\/div>\n\n\t<div class=\"card_entry__content-wrap\">\n\t\t\t\t\t<div class=\"card-entry__heading\">\n\t<div class=\"card-entry__heading-inner\">\n\n\n\t\t\t\n\t\t\t\n\t\t\t\n\t\t\t\t\t\t\t<h3 class=\"card-entry__headline company-name \">\n\t\t\t\t\tSHA Scheffler Helbich Architekten GmbH\n\t\t\t\t<\/h3>\n\t\t\t\n\t\t\t\t\t\t\t<span class=\"card-entry__subheadline company-add person-job \">\n\t\t\t\t\tSiedziba g\u0142\u00f3wna\n\t\t\t\t<\/span>\n\t\t\t\n\t\t\n\t<\/div>\n<\/div>\n\t\t\t\t\t<div class=\"card-entry__content content-type-default\">\n\t\t<div class=\"card-entry__content-inner\">\n\t\t\t<p class=\"card-entry__contents\">\n\t\t\t\t\t\t\t\t\t\t\t\t\t\t\t\t\t\t\t\t\t\t<span class=\"content-phone\"><span class=\"contact-pre\">T<\/span> <a href=\"tel:+492314420200\">+49 (231) 44 20 20 0<\/a><\/span>\n\t\t\t\t\t\t\t\t\t\t\t\t\t\t\t\t\t\t\t\t\t\t\t\t<span class=\"content-mail\"><br\/><span class=\"contact-pre\">E<\/span>  <a href=\"javascript:secureDecryptAndNavigate('EmxBpXSLPJ9KalgZHkp2u3Cam3j66F5bwcbQrIqPIgQbvS63Q0PW8\/pEmJZ74r0kQFJRFscqjuzDIi6AnJCwe7ju', '7fb6b0a631c756e2798c0419dd401ac6392a180022e45865affe1bd81a905598')\">info@sha.de<\/a><\/span>\n\t\t\t\t\t\t\t\t\t\t\t\t\t\t\t\t\t\t<\/p>\n\t\t<\/div>\n\t<\/div>\n\t<\/div>\n\n\t<\/div>\n<\/article>\n\n\t\n\t<\/div>\n<\/article>\n<\/div><div class=\"av_one_third flex_column location-column location-routes routes flex-grow\"><h4 class=\"routes-title\">Podej\u015bcie Scheffler Helbich Architects Dortmund<\/h4>\n\n<div class=\"routes-notices\">\n            <div class=\"route-notice car\">\n            <span class=\"route-notice-title car\">Dost\u0119p do parkingu wielopoziomowego PhoenixWERK<\/span>\n            <p class=\"route-notice-text\">Jako odwiedzaj\u0105cy PhoenixWERK mog\u0105 Pa\u0144stwo korzysta\u0107 z powi\u0105zanego wielopoziomowego parkingu, kt\u00f3ry znajduje si\u0119 bezpo\u015brednio obok budynk\u00f3w biurowych. Aby nas znale\u017a\u0107, prosz\u0119 wpisa\u0107 nast\u0119puj\u0105cy adres w pasku nawigacji: Hochofenstra\u00dfe 49, 44263 Dortmund.<\/p>\n        <\/div>\n                <div class=\"route-notice public\">\n            <span class=\"route-notice-title public\">Podr\u00f3\u017c transportem publicznym  <\/span>\n            <p class=\"route-notice-text\">Je\u015bli podr\u00f3\u017cuj\u0105 Pa\u0144stwo do Scheffler Helbich Architekten pieszo lub komunikacj\u0105 miejsk\u0105, prosimy skorzysta\u0107 z adresu Phoenixplatz 3, 44263 Dortmund. R\u00f3\u017cne przystanki autobusowe oraz stacje H\u00f6rde S-Bahn i U-Bahn znajduj\u0105 si\u0119 w odleg\u0142o\u015bci kr\u00f3tkiego spaceru od naszego biura.<\/p>\n        <\/div>\n    <\/div>\n\n    <script type=\"text\/javascript\">\n        function goGmap(dest, atts = '') {\n            \/\/start = document.getElementById('saddr').value;\n            \/\/url = 'https:\/\/www.google.com\/maps\/dir\/?api=1&origin=' + start + '&destination=' + dest + atts;\n\t\t\turl = 'https:\/\/www.google.com\/maps\/dir\/?api=1&origin=&destination=' + dest + atts;\n            window.open(url, '_blank').focus();\n        }\n    <\/script>\n    <form class=\"routes-planner avia-button-wrap theme-fill\">\n        <h5 class=\"routes-title\">Prosz\u0119 obliczy\u0107 tras\u0119 teraz<\/h5>\n        <!-- <input id=\"saddr\" class=\"inputbox start-address\" type=\"text\" placeholder=\"Adresse eingeben\" name=\"saddr\" value=\"\" style=\"visibility:hidden;\"> -->\n                    <a onclick=\"goGmap('Hochofenstra\u00dfe 49 44263 Dortmund', '&travelmode=driving');\" class=\"avia-button avia-size-small avia-position-left color-ci-black hover-yellow\"><span>Trasa samochodem<\/span><\/a>\n                    <a onclick=\"goGmap('Phoenixplatz 3 44263 Dortmund', '&travelmode=transit');\" class=\"avia-button avia-size-small avia-position-left color-ci-black hover-yellow\"><span>Trasa transportem publicznym<\/span><\/a>\n            <\/form>\n<\/div><div class=\"av_one_third flex_column location-column location-map flex-grow\"> <div class=\"brlbs-cmpnt-container brlbs-cmpnt-content-blocker brlbs-cmpnt-with-individual-styles\" data-borlabs-cookie-content-blocker-id=\"google-maps\" data-borlabs-cookie-content=\"PGlmcmFtZQoJCQkJCQkJICB3aWR0aD0iMTAwJSIKCQkJCQkJCSAgaGVpZ2h0PSIxMDAlIgoJCQkJCQkJICBzdHlsZT0iYm9yZGVyOjFweCBzb2xpZCAjY2ZjZmNmOyIKCQkJCQkJCSAgbG9hZGluZz0ibGF6eSIKCQkJCQkJCSAgYWxsb3dmdWxsc2NyZWVuCgkJCQkJCQkgIHJlZmVycmVycG9saWN5PSJuby1yZWZlcnJlci13aGVuLWRvd25ncmFkZSIKCQkJCQkJCSAgc3JjPSJodHRwczovL3d3dy5nb29nbGUuY29tL21hcHMvZW1iZWQvdjEvcGxhY2U\/a2V5PUFJemFTeUJ6X2gyWUxfWE54ZmFKV2pCMUZ4a0hNM3M2dWpCd0dYbyZxPVNIQSBTY2hlZmZsZXIgSGVsYmljaCBBcmNoaXRla3RlbiBHbWJIIFBob2VuaXhwbGF0eiAzIDQ0MjYzIERvcnRtdW5kIgoJCQkJCQk+CgkJCQkJCTwvaWZyYW1lPg==\"><div class=\"brlbs-cmpnt-cb-preset-b brlbs-cmpnt-cb-google-maps\"> <div class=\"brlbs-cmpnt-cb-thumbnail\" style=\"background-image: url('https:\/\/sha.de\/wp-content\/uploads\/borlabs-cookie\/1\/brlbs-cb-google-maps-main.png')\"><\/div> <div class=\"brlbs-cmpnt-cb-main\"> <div class=\"brlbs-cmpnt-cb-content\"> <p class=\"brlbs-cmpnt-cb-description\">Aktualnie wy\u015bwietlana jest tre\u015b\u0107 zast\u0119pcza z <strong>Google Maps<\/strong>. Aby uzyska\u0107 dost\u0119p do rzeczywistej tre\u015bci, kliknij poni\u017cszy przycisk. Pami\u0119taj, \u017ce spowoduje to udost\u0119pnienie danych zewn\u0119trznym operatorom.<\/p> <a class=\"brlbs-cmpnt-cb-provider-toggle\" href=\"#\" data-borlabs-cookie-show-provider-information role=\"button\">Wi\u0119cej informacji<\/a> <\/div> <div class=\"brlbs-cmpnt-cb-buttons\"> <a class=\"brlbs-cmpnt-cb-btn\" href=\"#\" data-borlabs-cookie-unblock role=\"button\">Odblokuj tre\u015b\u0107<\/a> <a class=\"brlbs-cmpnt-cb-btn\" href=\"#\" data-borlabs-cookie-accept-service role=\"button\" style=\"display: inherit\">Zaakceptuj wymagan\u0105 us\u0142ug\u0119 i odblokuj tre\u015bci<\/a> <\/div> <\/div> <\/div><\/div><\/div><\/div><\/div>\n\n<\/div><\/div><\/div><!-- close content main div --><\/div><\/div><div id='av_section_4' class='avia-section main_color pt-default pb-default avia-no-border-styling avia-bg-style-scroll  avia-builder-el-14  el_after_av_section  avia-builder-el-last  standorte-map-section  container_wrap fullsize' style=' '  ><div class='container' ><div class='template-page content  av-content-full alpha units'><div class='post-entry post-entry-type-page post-entry-30047'><div class='entry-content-wrapper clearfix'>\n<div class=\"flex_column av_one_full  flex_column_div av-zero-column-padding first bg-grey   img-left   avia-builder-el-15  avia-builder-el-no-sibling  \"><div class=\"location\"><div class=\"av_one_third flex_column location-column location-card first\"><article id=\"\" class=\"card-entry person-entry location-entry   text-align-left     \">\n\t<div class=\"card-entry__inner\">\n\t\t\n\t\n\t\t<article id=\"\" class=\"card-entry person-entry location-entry   text-align-left     \">\n\t<div class=\"card-entry__inner\">\n\t\t\n\t<div class=\"card-entry__media media-type-\">\n\t\t<div class=\"card-entry__media-inner\">\n\t\t\t\t\t\t\t\t\t\t\t\t<img decoding=\"async\" src=\"https:\/\/sha.de\/wp-content\/uploads\/bearbeitet_Innenansicht-706x313.jpg\" \/>\n\t\t\t\t\t\t\t\t\t<\/div>\n\t<\/div>\n\n\t<div class=\"card_entry__content-wrap\">\n\t\t\t\t\t<div class=\"card-entry__heading\">\n\t<div class=\"card-entry__heading-inner\">\n\n\n\t\t\t\n\t\t\t\n\t\t\t\n\t\t\t\t\t\t\t<h3 class=\"card-entry__headline company-name \">\n\t\t\t\t\tSHA Scheffler Helbich Architekten GmbH\n\t\t\t\t<\/h3>\n\t\t\t\n\t\t\t\t\t\t\t<span class=\"card-entry__subheadline company-add person-job \">\n\t\t\t\t\tOddzia\u0142 w Berlinie\n\t\t\t\t<\/span>\n\t\t\t\n\t\t\n\t<\/div>\n<\/div>\n\t\t\t\t\t<div class=\"card-entry__content content-type-default\">\n\t\t<div class=\"card-entry__content-inner\">\n\t\t\t<p class=\"card-entry__contents\">\n\t\t\t\t\t\t\t\t\t\t\t\t\t\t\t\t\t\t\t\t\t\t<span class=\"content-phone\"><span class=\"contact-pre\">T<\/span> <a href=\"tel:+493023327570\">+49 (30) 23 32 75 70<\/a><\/span>\n\t\t\t\t\t\t\t\t\t\t\t\t\t\t\t\t\t\t\t\t\t\t\t\t<span class=\"content-mail\"><br\/><span class=\"contact-pre\">E<\/span>  <a href=\"javascript:secureDecryptAndNavigate('JU5FTNdIc8wy75zBjcl43Cz+xrz7Tj8jk\/poYLDwW\/WkVO8E8zlOxwDRA98gQEjjuqSdl2\/W74wfSv3C0gRzYUmq0Pk=', '7fb6b0a631c756e2798c0419dd401ac6392a180022e45865affe1bd81a905598')\">berlin@sha.de<\/a><\/span>\n\t\t\t\t\t\t\t\t\t\t\t\t\t\t\t\t\t\t<\/p>\n\t\t<\/div>\n\t<\/div>\n\t<\/div>\n\n\t<\/div>\n<\/article>\n\n\t\n\t<\/div>\n<\/article>\n<\/div><div class=\"av_one_third flex_column location-column location-routes routes flex-grow\"><h4 class=\"routes-title\">Approach Scheffler Helbich Architects Berlin<\/h4>\n\n<div class=\"routes-notices\">\n            <div class=\"route-notice car\">\n            <span class=\"route-notice-title car\">Przyjazd samochodem<\/span>\n            <p class=\"route-notice-text\">Nasze studio w Berlinie znajduje si\u0119 na Kreuzbergu w pobli\u017cu kana\u0142u Landwehr.<\/p>\n        <\/div>\n                <div class=\"route-notice public\">\n            <span class=\"route-notice-title public\">Podr\u00f3\u017c transportem publicznym  <\/span>\n            <p class=\"route-notice-text\">Biuro SHA w Berlinie jest doskonale skomunikowane transportem publicznym. W bezpo\u015brednim s\u0105siedztwie znajduje si\u0119 stacja metra Kottbusser Tor.<\/p>\n        <\/div>\n    <\/div>\n\n    <script type=\"text\/javascript\">\n        function goGmap(dest, atts = '') {\n            \/\/start = document.getElementById('saddr').value;\n            \/\/url = 'https:\/\/www.google.com\/maps\/dir\/?api=1&origin=' + start + '&destination=' + dest + atts;\n\t\t\turl = 'https:\/\/www.google.com\/maps\/dir\/?api=1&origin=&destination=' + dest + atts;\n            window.open(url, '_blank').focus();\n        }\n    <\/script>\n    <form class=\"routes-planner avia-button-wrap theme-fill\">\n        <h5 class=\"routes-title\">Prosz\u0119 obliczy\u0107 tras\u0119 teraz<\/h5>\n        <!-- <input id=\"saddr\" class=\"inputbox start-address\" type=\"text\" placeholder=\"Adresse eingeben\" name=\"saddr\" value=\"\" style=\"visibility:hidden;\"> -->\n                    <a onclick=\"goGmap('Erkelenzdamm 59-61 10999 Berlin', '&travelmode=driving');\" class=\"avia-button avia-size-small avia-position-left color-ci-black hover-yellow\"><span>Trasa samochodem<\/span><\/a>\n                    <a onclick=\"goGmap('Erkelenzdamm 59-61 10999 Berlin', '&travelmode=transit');\" class=\"avia-button avia-size-small avia-position-left color-ci-black hover-yellow\"><span>Trasa transportem publicznym<\/span><\/a>\n            <\/form>\n<\/div><div class=\"av_one_third flex_column location-column location-map flex-grow\"> <div class=\"brlbs-cmpnt-container brlbs-cmpnt-content-blocker brlbs-cmpnt-with-individual-styles\" data-borlabs-cookie-content-blocker-id=\"google-maps\" data-borlabs-cookie-content=\"PGlmcmFtZQoJCQkJCQkJICB3aWR0aD0iMTAwJSIKCQkJCQkJCSAgaGVpZ2h0PSIxMDAlIgoJCQkJCQkJICBzdHlsZT0iYm9yZGVyOjFweCBzb2xpZCAjY2ZjZmNmOyIKCQkJCQkJCSAgbG9hZGluZz0ibGF6eSIKCQkJCQkJCSAgYWxsb3dmdWxsc2NyZWVuCgkJCQkJCQkgIHJlZmVycmVycG9saWN5PSJuby1yZWZlcnJlci13aGVuLWRvd25ncmFkZSIKCQkJCQkJCSAgc3JjPSJodHRwczovL3d3dy5nb29nbGUuY29tL21hcHMvZW1iZWQvdjEvcGxhY2U\/a2V5PUFJemFTeUJ6X2gyWUxfWE54ZmFKV2pCMUZ4a0hNM3M2dWpCd0dYbyZxPVNIQSBTY2hlZmZsZXIgSGVsYmljaCBBcmNoaXRla3RlbiBHbWJIIEJlcmxpbiBFcmtlbGVuemRhbW0gIDU5LTYxIDEwOTk5IEJlcmxpbiIKCQkJCQkJPgoJCQkJCQk8L2lmcmFtZT4=\"><div class=\"brlbs-cmpnt-cb-preset-b brlbs-cmpnt-cb-google-maps\"> <div class=\"brlbs-cmpnt-cb-thumbnail\" style=\"background-image: url('https:\/\/sha.de\/wp-content\/uploads\/borlabs-cookie\/1\/brlbs-cb-google-maps-main.png')\"><\/div> <div class=\"brlbs-cmpnt-cb-main\"> <div class=\"brlbs-cmpnt-cb-content\"> <p class=\"brlbs-cmpnt-cb-description\">Aktualnie wy\u015bwietlana jest tre\u015b\u0107 zast\u0119pcza z <strong>Google Maps<\/strong>. Aby uzyska\u0107 dost\u0119p do rzeczywistej tre\u015bci, kliknij poni\u017cszy przycisk. Pami\u0119taj, \u017ce spowoduje to udost\u0119pnienie danych zewn\u0119trznym operatorom.<\/p> <a class=\"brlbs-cmpnt-cb-provider-toggle\" href=\"#\" data-borlabs-cookie-show-provider-information role=\"button\">Wi\u0119cej informacji<\/a> <\/div> <div class=\"brlbs-cmpnt-cb-buttons\"> <a class=\"brlbs-cmpnt-cb-btn\" href=\"#\" data-borlabs-cookie-unblock role=\"button\">Odblokuj tre\u015b\u0107<\/a> <a class=\"brlbs-cmpnt-cb-btn\" href=\"#\" data-borlabs-cookie-accept-service role=\"button\" style=\"display: inherit\">Zaakceptuj wymagan\u0105 us\u0142ug\u0119 i odblokuj tre\u015bci<\/a> <\/div> <\/div> <\/div><\/div><\/div><\/div><\/div>\n\n","protected":false},"excerpt":{"rendered":"","protected":false},"author":1,"featured_media":0,"parent":0,"menu_order":23,"comment_status":"closed","ping_status":"closed","template":"","meta":{"_acf_changed":false,"content-type":"","footnotes":""},"class_list":["post-30047","page","type-page","status-publish","hentry"],"acf":[],"yoast_head":"<!-- This site is optimized with the Yoast SEO plugin v27.4 - https:\/\/yoast.com\/product\/yoast-seo-wordpress\/ -->\n<title>Kontakt i wskaz\u00f3wki | SHA Scheffler Helbich Architekten GmbH<\/title>\n<meta name=\"description\" content=\"Czy chcieliby Pa\u0144stwo pozna\u0107 SHA i nasze projekty architektoniczne? Czy maj\u0105 Pa\u0144stwo jakie\u015b pytania, pro\u015bby lub sugestie? Czekamy na Pa\u0144stwa telefon lub e-mail.\" \/>\n<meta name=\"robots\" content=\"index, follow, max-snippet:-1, max-image-preview:large, max-video-preview:-1\" \/>\n<link rel=\"canonical\" href=\"https:\/\/sha.de\/pl\/kontakt-2021\" \/>\n<meta property=\"og:locale\" content=\"pl_PL\" \/>\n<meta property=\"og:type\" content=\"article\" \/>\n<meta property=\"og:title\" content=\"Kontakt i wskaz\u00f3wki | SHA Scheffler Helbich Architekten GmbH\" \/>\n<meta property=\"og:description\" content=\"Czy chcieliby Pa\u0144stwo pozna\u0107 SHA i nasze projekty architektoniczne? Czy maj\u0105 Pa\u0144stwo jakie\u015b pytania, pro\u015bby lub sugestie? Czekamy na Pa\u0144stwa telefon lub e-mail.\" \/>\n<meta property=\"og:url\" content=\"https:\/\/sha.de\/pl\/kontakt-2021\" \/>\n<meta property=\"og:site_name\" content=\"SHA Scheffler Helbich Architekten GmbH\" \/>\n<meta property=\"article:modified_time\" content=\"2025-07-03T10:07:04+00:00\" \/>\n<meta name=\"twitter:card\" content=\"summary_large_image\" \/>\n<meta name=\"twitter:label1\" content=\"Szacowany czas czytania\" \/>\n\t<meta name=\"twitter:data1\" content=\"3 minuty\" \/>\n<script type=\"application\/ld+json\" class=\"yoast-schema-graph\">{\"@context\":\"https:\\\/\\\/schema.org\",\"@graph\":[{\"@type\":\"WebPage\",\"@id\":\"https:\\\/\\\/sha.de\\\/pl\\\/kontakt-2021\",\"url\":\"https:\\\/\\\/sha.de\\\/pl\\\/kontakt-2021\",\"name\":\"Kontakt i wskaz\u00f3wki | SHA Scheffler Helbich Architekten GmbH\",\"isPartOf\":{\"@id\":\"https:\\\/\\\/sha.de\\\/pl#website\"},\"datePublished\":\"2021-11-22T08:15:48+00:00\",\"dateModified\":\"2025-07-03T10:07:04+00:00\",\"description\":\"Czy chcieliby Pa\u0144stwo pozna\u0107 SHA i nasze projekty architektoniczne? Czy maj\u0105 Pa\u0144stwo jakie\u015b pytania, pro\u015bby lub sugestie? Czekamy na Pa\u0144stwa telefon lub e-mail.\",\"breadcrumb\":{\"@id\":\"https:\\\/\\\/sha.de\\\/pl\\\/kontakt-2021#breadcrumb\"},\"inLanguage\":\"pl-PL\",\"potentialAction\":[{\"@type\":\"ReadAction\",\"target\":[\"https:\\\/\\\/sha.de\\\/pl\\\/kontakt-2021\"]}]},{\"@type\":\"BreadcrumbList\",\"@id\":\"https:\\\/\\\/sha.de\\\/pl\\\/kontakt-2021#breadcrumb\",\"itemListElement\":[{\"@type\":\"ListItem\",\"position\":1,\"name\":\"Startseite\",\"item\":\"https:\\\/\\\/sha.de\\\/pl\"},{\"@type\":\"ListItem\",\"position\":2,\"name\":\"Prosz\u0119 si\u0119 z nami skontaktowa\u0107\"}]},{\"@type\":\"WebSite\",\"@id\":\"https:\\\/\\\/sha.de\\\/pl#website\",\"url\":\"https:\\\/\\\/sha.de\\\/pl\",\"name\":\"SHA Scheffler Helbich Architekten GmbH\",\"description\":\"\",\"potentialAction\":[{\"@type\":\"SearchAction\",\"target\":{\"@type\":\"EntryPoint\",\"urlTemplate\":\"https:\\\/\\\/sha.de\\\/pl?s={search_term_string}\"},\"query-input\":{\"@type\":\"PropertyValueSpecification\",\"valueRequired\":true,\"valueName\":\"search_term_string\"}}],\"inLanguage\":\"pl-PL\"}]}<\/script>\n<!-- \/ Yoast SEO plugin. -->","yoast_head_json":{"title":"Kontakt i wskaz\u00f3wki | SHA Scheffler Helbich Architekten GmbH","description":"Czy chcieliby Pa\u0144stwo pozna\u0107 SHA i nasze projekty architektoniczne? Czy maj\u0105 Pa\u0144stwo jakie\u015b pytania, pro\u015bby lub sugestie? Czekamy na Pa\u0144stwa telefon lub e-mail.","robots":{"index":"index","follow":"follow","max-snippet":"max-snippet:-1","max-image-preview":"max-image-preview:large","max-video-preview":"max-video-preview:-1"},"canonical":"https:\/\/sha.de\/pl\/kontakt-2021","og_locale":"pl_PL","og_type":"article","og_title":"Kontakt i wskaz\u00f3wki | SHA Scheffler Helbich Architekten GmbH","og_description":"Czy chcieliby Pa\u0144stwo pozna\u0107 SHA i nasze projekty architektoniczne? Czy maj\u0105 Pa\u0144stwo jakie\u015b pytania, pro\u015bby lub sugestie? Czekamy na Pa\u0144stwa telefon lub e-mail.","og_url":"https:\/\/sha.de\/pl\/kontakt-2021","og_site_name":"SHA Scheffler Helbich Architekten GmbH","article_modified_time":"2025-07-03T10:07:04+00:00","twitter_card":"summary_large_image","twitter_misc":{"Szacowany czas czytania":"3 minuty"},"schema":{"@context":"https:\/\/schema.org","@graph":[{"@type":"WebPage","@id":"https:\/\/sha.de\/pl\/kontakt-2021","url":"https:\/\/sha.de\/pl\/kontakt-2021","name":"Kontakt i wskaz\u00f3wki | SHA Scheffler Helbich Architekten GmbH","isPartOf":{"@id":"https:\/\/sha.de\/pl#website"},"datePublished":"2021-11-22T08:15:48+00:00","dateModified":"2025-07-03T10:07:04+00:00","description":"Czy chcieliby Pa\u0144stwo pozna\u0107 SHA i nasze projekty architektoniczne? Czy maj\u0105 Pa\u0144stwo jakie\u015b pytania, pro\u015bby lub sugestie? Czekamy na Pa\u0144stwa telefon lub e-mail.","breadcrumb":{"@id":"https:\/\/sha.de\/pl\/kontakt-2021#breadcrumb"},"inLanguage":"pl-PL","potentialAction":[{"@type":"ReadAction","target":["https:\/\/sha.de\/pl\/kontakt-2021"]}]},{"@type":"BreadcrumbList","@id":"https:\/\/sha.de\/pl\/kontakt-2021#breadcrumb","itemListElement":[{"@type":"ListItem","position":1,"name":"Startseite","item":"https:\/\/sha.de\/pl"},{"@type":"ListItem","position":2,"name":"Prosz\u0119 si\u0119 z nami skontaktowa\u0107"}]},{"@type":"WebSite","@id":"https:\/\/sha.de\/pl#website","url":"https:\/\/sha.de\/pl","name":"SHA Scheffler Helbich Architekten GmbH","description":"","potentialAction":[{"@type":"SearchAction","target":{"@type":"EntryPoint","urlTemplate":"https:\/\/sha.de\/pl?s={search_term_string}"},"query-input":{"@type":"PropertyValueSpecification","valueRequired":true,"valueName":"search_term_string"}}],"inLanguage":"pl-PL"}]}},"_links":{"self":[{"href":"https:\/\/sha.de\/pl\/wp-json\/wp\/v2\/pages\/30047","targetHints":{"allow":["GET"]}}],"collection":[{"href":"https:\/\/sha.de\/pl\/wp-json\/wp\/v2\/pages"}],"about":[{"href":"https:\/\/sha.de\/pl\/wp-json\/wp\/v2\/types\/page"}],"author":[{"embeddable":true,"href":"https:\/\/sha.de\/pl\/wp-json\/wp\/v2\/users\/1"}],"replies":[{"embeddable":true,"href":"https:\/\/sha.de\/pl\/wp-json\/wp\/v2\/comments?post=30047"}],"version-history":[{"count":21,"href":"https:\/\/sha.de\/pl\/wp-json\/wp\/v2\/pages\/30047\/revisions"}],"predecessor-version":[{"id":53424,"href":"https:\/\/sha.de\/pl\/wp-json\/wp\/v2\/pages\/30047\/revisions\/53424"}],"wp:attachment":[{"href":"https:\/\/sha.de\/pl\/wp-json\/wp\/v2\/media?parent=30047"}],"curies":[{"name":"wp","href":"https:\/\/api.w.org\/{rel}","templated":true}]}}