{"id":37838,"date":"2020-02-06T07:34:43","date_gmt":"2020-02-06T06:34:43","guid":{"rendered":"https:\/\/sha.de\/uslugi\/opieka-posprzedazowa"},"modified":"2024-08-28T15:00:04","modified_gmt":"2024-08-28T13:00:04","slug":"opieka-posprzedazowa","status":"publish","type":"page","link":"https:\/\/sha.de\/pl\/uslugi\/opieka-posprzedazowa","title":{"rendered":"Opieka posprzeda\u017cowa"},"content":{"rendered":"<div id='av_section_1' class='avia-section main_color pt-default pb-default avia-no-border-styling avia-bg-style-scroll  avia-builder-el-0  el_before_av_section  avia-builder-el-first   container_wrap fullsize' style=' '  ><div class='container' ><main  role=\"main\" itemprop=\"mainContentOfPage\"  class='template-page content  av-content-full alpha units'><div class='post-entry post-entry-type-page post-entry-37838'><div class='entry-content-wrapper clearfix'>\n\n\t\t\t<div id=\"av-k55bagx6\" class=\"headline-column flex_column av_one_full flex_column_div first \">\n\t\t\t\t<div class=\"headline-wrap is-outside align-left sub-bottom\">\n\t\t\t\t\t<h1 class=\"headline-content headline-primary\">Przegl\u0105d i opieka posprzeda\u017cowa<\/h1>\n\t\t\t\t\t<h3 class=\"headline-content headline-secondary\">Pa\u0144stwa partner od A-Z<\/h3>\n\t\t\t\t<\/div>\n\t\t\t<\/div>\n<div class=\"flex_column av_two_third  flex_column_div av-zero-column-padding first bg-default  service img-left   avia-builder-el-2  el_after_pixel_sc_headline  el_before_av_one_third  w-1023-half \" style=\"background-image: url(https:\/\/sha.de\/wp-content\/uploads\/020-SHA-Dortmund-August-2022-GF-scaled-e1723542417517.jpg); background-position: center center; background-repeat: no-repeat; background-size: cover; \"><\/div><div class=\"flex_column av_one_third  flex_column_div av-zero-column-padding  bg-default border-bottom   img-left   avia-builder-el-3  el_after_av_two_third  avia-builder-el-last  w-1023-full w-1023-ctm \"><section  class='av_textblock_section av-k55baqys-574ab31680f910a237e7ede106711d9f '   itemscope=\"itemscope\" itemtype=\"https:\/\/schema.org\/CreativeWork\" ><div class='avia_textblock'  itemprop=\"text\" ><h3>Pozostajemy w dialogu<\/h3>\n<p>Nasza praca nie ko\u0144czy si\u0119 w momencie przekazania kluczyk\u00f3w. Czy wszystko przebiega zgodnie z pa\u0144skimi \u017cyczeniami? Czy wszystko potoczy\u0142o si\u0119 tak, jak Pan sobie wyobra\u017ca\u0142? W SHA spotykamy si\u0119 ponownie nie p\u00f3\u017aniej ni\u017c sze\u015b\u0107 miesi\u0119cy po oddaniu do u\u017cytku i oceniamy z perspektywy czasu, czy nasz wsp\u00f3lny projekt budowlany zosta\u0142 zrealizowany w spos\u00f3b satysfakcjonuj\u0105cy dla wszystkich.<\/p>\n<p>Je\u015bli nie &#8211; prosz\u0119 da\u0107 nam zna\u0107! Je\u015bli tak &#8211; prosz\u0119 da\u0107 nam zna\u0107! Czekamy na Pa\u0144stwa szczere opinie. Dla nas jest to zar\u00f3wno zach\u0119ta, jak i motywacja do przysz\u0142ych projekt\u00f3w.<\/p>\n<\/div><\/section><\/div><\/div><\/div><\/main><!-- close content main element --><\/div><\/div><div id='av_section_2' class='avia-section main_color pt-default pb-default avia-no-border-styling avia-bg-style-scroll  avia-builder-el-5  el_after_av_section  el_before_av_section   av-desktop-hide av-medium-hide av-small-hide av-mini-hide container_wrap fullsize' style=' '  ><div class='container' ><div class='template-page content  av-content-full alpha units'><div class='post-entry post-entry-type-page post-entry-37838'><div class='entry-content-wrapper clearfix'>\n<div class=\"flex_column av_one_third  flex_column_div av-zero-column-padding first bg-default border-bottom   img-left   avia-builder-el-6  el_before_av_one_third  avia-builder-el-first  \"><section  class='av_textblock_section av-k55baqys-9-4c20cb2ab722c4c625da88e31e2a79a5 '   itemscope=\"itemscope\" itemtype=\"https:\/\/schema.org\/CreativeWork\" ><div class='avia_textblock'  itemprop=\"text\" ><h3>Wyznaczanie kursu: Rozw\u00f3j projektu<\/h3>\n<p>Kluczowe decyzje w ramach projektu podejmowane s\u0105 w pocz\u0105tkowych fazach. Pod tym wzgl\u0119dem wczesny etap rozwoju projektu determinuje wszystkie p\u00f3\u017aniejsze koszty. Inicjacja projektu ma tutaj szczeg\u00f3lne znaczenie.<\/p>\n<p>To tutaj pomys\u0142, lokalizacja i kapita\u0142 \u0142\u0105cz\u0105 si\u0119 po raz pierwszy. Mo\u017cliwo\u015bci s\u0105 rozwa\u017cane z perspektywy przedsi\u0119biorczo\u015bci, planowania i polityki, a ich konkurencyjno\u015b\u0107 jest analizowana. Aspekty zgodno\u015bci ze \u015brodowiskiem, ochrony lub tworzenia miejsc pracy oraz potencjalnego ryzyka zwi\u0105zanego z danym \u015brodkiem s\u0105 analizowane i okre\u015blane ilo\u015bciowo. Ch\u0119tnie wesprzemy Pa\u0144stwa w realizacji projektu. Prosz\u0119 skontaktowa\u0107 si\u0119 z nami i skorzysta\u0107 z naszej specjalistycznej wiedzy bran\u017cowej.<\/p>\n<\/div><\/section><\/div><div class=\"flex_column av_one_third  flex_column_div av-zero-column-padding  bg-default  fill img-left   avia-builder-el-8  el_after_av_one_third  el_before_av_one_third  \" style=\"background-image: url(https:\/\/sha.de\/wp-content\/uploads\/philosophie_langfristigkeit.jpg); background-position: center center; background-repeat: no-repeat; background-size: cover; \"><\/div><div class=\"flex_column av_one_third  flex_column_div av-zero-column-padding  bg-default  fill img-left icon-left  avia-builder-el-9  el_after_av_one_third  avia-builder-el-last  \" style=\"background-image: url(https:\/\/sha.de\/wp-content\/uploads\/leistungen_analyse_konzept.jpg); background-position: center center; background-repeat: no-repeat; background-size: cover; \"><\/div>\n<\/p>\n<\/div><\/div><\/div><!-- close content main div --><\/div><\/div><div id='av_section_3' class='avia-section main_color pt-default pb-default avia-no-border-styling avia-bg-style-scroll  avia-builder-el-10  el_after_av_section  el_before_av_section   av-desktop-hide av-medium-hide av-small-hide av-mini-hide container_wrap fullsize' style=' '  ><div class='container' ><div class='template-page content  av-content-full alpha units'><div class='post-entry post-entry-type-page post-entry-37838'><div class='entry-content-wrapper clearfix'>\n<div class=\"flex_column av_one_third  flex_column_div av-zero-column-padding first bg-default  fill img-left icon-left  avia-builder-el-11  el_before_av_one_third  avia-builder-el-first  \" style=\"background-image: url(https:\/\/sha.de\/wp-content\/uploads\/auszeichnung_hausamsee.jpg); background-position: center center; background-repeat: no-repeat; background-size: cover; \"><\/div><div class=\"flex_column av_one_third  flex_column_div av-zero-column-padding  bg-default border-bottom   img-left   avia-builder-el-12  el_after_av_one_third  el_before_av_one_third  \"><section  class='av_textblock_section av-k55baqys-6-2201cada4e51a6b2c48b894346007508 '   itemscope=\"itemscope\" itemtype=\"https:\/\/schema.org\/CreativeWork\" ><div class='avia_textblock'  itemprop=\"text\" ><h3>Procedury i konkursy VOF:<br \/>\nWalka o najlepsze rozwi\u0105zanie<\/h3>\n<p>Rozumiemy, \u017ce wyb\u00f3r odpowiedniego architekta nie zawsze jest \u0142atwy. Dlatego zawsze stawiamy czo\u0142a konkurencji i w ten spos\u00f3b pokazujemy, \u017ce my\u015blimy koncepcyjnie, funkcjonalnie i ekonomicznie w interesie klienta i d\u0105\u017cymy do jego korzy\u015bci.<\/p>\n<p>W przypadku Pa\u0144stwa projektu, powinni Pa\u0144stwo zawsze mie\u0107 na uwadze, aby w gr\u0119 wchodzi\u0142o tylko najlepsze rozwi\u0105zanie.<\/p>\n<p>Dlatego logiczn\u0105 decyzj\u0105 jest poszukiwanie tego rozwi\u0105zania w konkursie i rywalizacja o najlepszy wynik projektu. Z przyjemno\u015bci\u0105 Pa\u0144stwu doradzimy.<\/p>\n<\/div><\/section><\/div><div class=\"flex_column av_one_third  flex_column_div av-zero-column-padding  bg-default border-bottom   img-left   avia-builder-el-14  el_after_av_one_third  avia-builder-el-last  \"><section  class='av_textblock_section av-k55baqys-1-5559a95b6f073edc9fbdf2054bce7627 '   itemscope=\"itemscope\" itemtype=\"https:\/\/schema.org\/CreativeWork\" ><div class='avia_textblock'  itemprop=\"text\" ><h3>Narz\u0119dzia planowania: symulacja i modelowanie<\/h3>\n<p>Opr\u00f3cz funkcjonalno\u015bci i op\u0142acalno\u015bci, architektura jest zawsze kwesti\u0105 jako\u015bci przestrzennej i fizycznej. Mo\u017cna to doskonale sprawdzi\u0107 we wczesnych fazach planowania w reprezentacjach przestrzennych, takich jak symulacja 3D i klasyczny model architektoniczny.<\/p>\n<p>Opr\u00f3cz plan\u00f3w i rysunk\u00f3w, oba rodzaje wizualizacji s\u0105 jednymi z najwa\u017cniejszych narz\u0119dzi zapewniaj\u0105cych klientom, specjalistycznym planistom, w\u0142adzom lokalnym i organom zatwierdzaj\u0105cym jeszcze lepsze zrozumienie projektu. W ten spos\u00f3b na wczesnym etapie mo\u017cna uzyska\u0107 odpowiedzi na wszystkie pytania dotycz\u0105ce planowania przestrzennego i urbanistycznego, a tak\u017ce aspekt\u00f3w technicznych, takich jak nas\u0142onecznienie i zacienienie.<\/p>\n<\/div><\/section><\/div>\n\n<\/div><\/div><\/div><!-- close content main div --><\/div><\/div><div id='av_section_4' class='avia-section main_color pt-large pb-large avia-no-border-styling avia-bg-style-scroll  avia-builder-el-16  el_after_av_section  avia-builder-el-last   container_wrap fullsize' style=' '  ><div class='container' ><div class='template-page content  av-content-full alpha units'><div class='post-entry post-entry-type-page post-entry-37838'><div class='entry-content-wrapper clearfix'>\n\n\t\t\t<div id=\"av-k55bagx6-12\" class=\"headline-column flex_column av_one_full flex_column_div first \">\n\t\t\t\t<div class=\"headline-wrap is-outside align-center sub-bottom\">\n\t\t\t\t\t<h2 class=\"headline-content headline-primary\">Inne us\u0142ugi z naszego portfolio<\/h2>\n\t\t\t\t\t<h3 class=\"headline-content headline-secondary\">Nasz kompleksowy zakres us\u0142ug<\/h3>\n\t\t\t\t<\/div>\n\t\t\t<\/div>\n<ul class=\"icon-row leistungen \">\n\t<li class=\"icon-row__entry beratung\">\n\t\t<a class=\"icon-row__entry-link\" href=\"https:\/\/sha.de\/leistungen\/beratung\">\n\t\t\t<div class=\"icon-row__entry-image\">\n\t\t\t\t<div class=\"entry-image-svg\"><\/div>\n\t\t\t\t<!-- <div class=\"entry-image-hover\"><\/div> -->\n\t\t\t<\/div>\n\t\t\t<div class=\"icon-row__entry-text\">Doradztwo<\/div>\n\t\t<\/a>\n\t<\/li>\n\t<li class=\"icon-row__entry konzept\">\n\t\t<a class=\"icon-row__entry-link\" href=\"https:\/\/sha.de\/leistungen\/analyse-und-konzept\">\n\t\t\t<div class=\"icon-row__entry-image\">\n\t\t\t\t<div class=\"entry-image-svg\"><\/div>\n\t\t\t\t<!-- <div class=\"entry-image-hover\"><\/div> -->\n\t\t\t<\/div>\n\t\t\t<div class=\"icon-row__entry-text\">Analiza i koncepcja<\/div>\n\t\t<\/a>\n\t<\/li>\n\t<li class=\"icon-row__entry planung\">\n\t\t<a class=\"icon-row__entry-link\" href=\"https:\/\/sha.de\/leistungen\/planung-und-koordination\">\n\t\t\t<div class=\"icon-row__entry-image\">\n\t\t\t\t<div class=\"entry-image-svg\"><\/div>\n\t\t\t\t<!-- <div class=\"entry-image-hover\"><\/div> -->\n\t\t\t<\/div>\n\t\t\t<div class=\"icon-row__entry-text\">Planowanie i koordynacja<\/div>\n\t\t<\/a>\n\t<\/li>\n\t<li class=\"icon-row__entry realisierung\">\n\t\t<a class=\"icon-row__entry-link\" href=\"https:\/\/sha.de\/leistungen\/realisierung\">\n\t\t\t<div class=\"icon-row__entry-image\">\n\t\t\t\t<div class=\"entry-image-svg\"><\/div>\n\t\t\t\t<!-- <div class=\"entry-image-hover\"><\/div> -->\n\t\t\t<\/div>\n\t\t\t<div class=\"icon-row__entry-text\">Realizacja<\/div>\n\t\t<\/a>\n\t<\/li>\n\t<li class=\"icon-row__entry nachbetreuung\">\n\t\t<a class=\"icon-row__entry-link\" href=\"https:\/\/sha.de\/leistungen\/nachbetreuung\">\n\t\t\t<div class=\"icon-row__entry-image\">\n\t\t\t\t<div class=\"entry-image-svg\"><\/div>\n\t\t\t\t<!-- <div class=\"entry-image-hover\"><\/div> -->\n\t\t\t<\/div>\n\t\t\t<div class=\"icon-row__entry-text\">Opieka posprzeda\u017cowa<\/div>\n\t\t<\/a>\n\t<\/li>\n<\/ul>\n\n\n","protected":false},"excerpt":{"rendered":"","protected":false},"author":1,"featured_media":0,"parent":30196,"menu_order":5,"comment_status":"closed","ping_status":"closed","template":"","meta":{"_acf_changed":false,"content-type":"","footnotes":""},"class_list":["post-37838","page","type-page","status-publish","hentry"],"acf":[],"yoast_head":"<!-- This site is optimized with the Yoast SEO plugin v27.4 - https:\/\/yoast.com\/product\/yoast-seo-wordpress\/ -->\n<title>Dalsze wsparcie dla Pa\u0144stwa projektu budowlanego | SHA Architekten<\/title>\n<meta name=\"description\" content=\"Jeste\u015bmy do Pa\u0144stwa dyspozycji r\u00f3wnie\u017c po zako\u0144czeniu budowy. Zapewniamy, \u017ce Pa\u0144stwa projekt budowlany spe\u0142ni Pa\u0144stwa oczekiwania. Pa\u0144stwa opinie kszta\u0142tuj\u0105 nasz\u0105 przysz\u0142\u0105 prac\u0119 i doskona\u0142o\u015b\u0107.\" \/>\n<meta name=\"robots\" content=\"index, follow, max-snippet:-1, max-image-preview:large, max-video-preview:-1\" \/>\n<link rel=\"canonical\" href=\"https:\/\/sha.de\/pl\/uslugi\/opieka-posprzedazowa\" \/>\n<meta property=\"og:locale\" content=\"pl_PL\" \/>\n<meta property=\"og:type\" content=\"article\" \/>\n<meta property=\"og:title\" content=\"Dalsze wsparcie dla Pa\u0144stwa projektu budowlanego | SHA Architekten\" \/>\n<meta property=\"og:description\" content=\"Jeste\u015bmy do Pa\u0144stwa dyspozycji r\u00f3wnie\u017c po zako\u0144czeniu budowy. Zapewniamy, \u017ce Pa\u0144stwa projekt budowlany spe\u0142ni Pa\u0144stwa oczekiwania. Pa\u0144stwa opinie kszta\u0142tuj\u0105 nasz\u0105 przysz\u0142\u0105 prac\u0119 i doskona\u0142o\u015b\u0107.\" \/>\n<meta property=\"og:url\" content=\"https:\/\/sha.de\/pl\/uslugi\/opieka-posprzedazowa\" \/>\n<meta property=\"og:site_name\" content=\"SHA Scheffler Helbich Architekten GmbH\" \/>\n<meta property=\"article:modified_time\" content=\"2024-08-28T13:00:04+00:00\" \/>\n<meta name=\"twitter:card\" content=\"summary_large_image\" \/>\n<meta name=\"twitter:label1\" content=\"Szacowany czas czytania\" \/>\n\t<meta name=\"twitter:data1\" content=\"11 minut\" \/>\n<script type=\"application\/ld+json\" class=\"yoast-schema-graph\">{\"@context\":\"https:\\\/\\\/schema.org\",\"@graph\":[{\"@type\":\"WebPage\",\"@id\":\"https:\\\/\\\/sha.de\\\/pl\\\/uslugi\\\/opieka-posprzedazowa\",\"url\":\"https:\\\/\\\/sha.de\\\/pl\\\/uslugi\\\/opieka-posprzedazowa\",\"name\":\"Dalsze wsparcie dla Pa\u0144stwa projektu budowlanego | SHA Architekten\",\"isPartOf\":{\"@id\":\"https:\\\/\\\/sha.de\\\/pl#website\"},\"datePublished\":\"2020-02-06T06:34:43+00:00\",\"dateModified\":\"2024-08-28T13:00:04+00:00\",\"description\":\"Jeste\u015bmy do Pa\u0144stwa dyspozycji r\u00f3wnie\u017c po zako\u0144czeniu budowy. Zapewniamy, \u017ce Pa\u0144stwa projekt budowlany spe\u0142ni Pa\u0144stwa oczekiwania. Pa\u0144stwa opinie kszta\u0142tuj\u0105 nasz\u0105 przysz\u0142\u0105 prac\u0119 i doskona\u0142o\u015b\u0107.\",\"breadcrumb\":{\"@id\":\"https:\\\/\\\/sha.de\\\/pl\\\/uslugi\\\/opieka-posprzedazowa#breadcrumb\"},\"inLanguage\":\"pl-PL\",\"potentialAction\":[{\"@type\":\"ReadAction\",\"target\":[\"https:\\\/\\\/sha.de\\\/pl\\\/uslugi\\\/opieka-posprzedazowa\"]}]},{\"@type\":\"BreadcrumbList\",\"@id\":\"https:\\\/\\\/sha.de\\\/pl\\\/uslugi\\\/opieka-posprzedazowa#breadcrumb\",\"itemListElement\":[{\"@type\":\"ListItem\",\"position\":1,\"name\":\"Startseite\",\"item\":\"https:\\\/\\\/sha.de\\\/pl\"},{\"@type\":\"ListItem\",\"position\":2,\"name\":\"Us\u0142ugi\",\"item\":\"https:\\\/\\\/sha.de\\\/pl\\\/uslugi\"},{\"@type\":\"ListItem\",\"position\":3,\"name\":\"Opieka posprzeda\u017cowa\"}]},{\"@type\":\"WebSite\",\"@id\":\"https:\\\/\\\/sha.de\\\/pl#website\",\"url\":\"https:\\\/\\\/sha.de\\\/pl\",\"name\":\"SHA Scheffler Helbich Architekten GmbH\",\"description\":\"\",\"potentialAction\":[{\"@type\":\"SearchAction\",\"target\":{\"@type\":\"EntryPoint\",\"urlTemplate\":\"https:\\\/\\\/sha.de\\\/pl?s={search_term_string}\"},\"query-input\":{\"@type\":\"PropertyValueSpecification\",\"valueRequired\":true,\"valueName\":\"search_term_string\"}}],\"inLanguage\":\"pl-PL\"}]}<\/script>\n<!-- \/ Yoast SEO plugin. -->","yoast_head_json":{"title":"Dalsze wsparcie dla Pa\u0144stwa projektu budowlanego | SHA Architekten","description":"Jeste\u015bmy do Pa\u0144stwa dyspozycji r\u00f3wnie\u017c po zako\u0144czeniu budowy. Zapewniamy, \u017ce Pa\u0144stwa projekt budowlany spe\u0142ni Pa\u0144stwa oczekiwania. Pa\u0144stwa opinie kszta\u0142tuj\u0105 nasz\u0105 przysz\u0142\u0105 prac\u0119 i doskona\u0142o\u015b\u0107.","robots":{"index":"index","follow":"follow","max-snippet":"max-snippet:-1","max-image-preview":"max-image-preview:large","max-video-preview":"max-video-preview:-1"},"canonical":"https:\/\/sha.de\/pl\/uslugi\/opieka-posprzedazowa","og_locale":"pl_PL","og_type":"article","og_title":"Dalsze wsparcie dla Pa\u0144stwa projektu budowlanego | SHA Architekten","og_description":"Jeste\u015bmy do Pa\u0144stwa dyspozycji r\u00f3wnie\u017c po zako\u0144czeniu budowy. Zapewniamy, \u017ce Pa\u0144stwa projekt budowlany spe\u0142ni Pa\u0144stwa oczekiwania. Pa\u0144stwa opinie kszta\u0142tuj\u0105 nasz\u0105 przysz\u0142\u0105 prac\u0119 i doskona\u0142o\u015b\u0107.","og_url":"https:\/\/sha.de\/pl\/uslugi\/opieka-posprzedazowa","og_site_name":"SHA Scheffler Helbich Architekten GmbH","article_modified_time":"2024-08-28T13:00:04+00:00","twitter_card":"summary_large_image","twitter_misc":{"Szacowany czas czytania":"11 minut"},"schema":{"@context":"https:\/\/schema.org","@graph":[{"@type":"WebPage","@id":"https:\/\/sha.de\/pl\/uslugi\/opieka-posprzedazowa","url":"https:\/\/sha.de\/pl\/uslugi\/opieka-posprzedazowa","name":"Dalsze wsparcie dla Pa\u0144stwa projektu budowlanego | SHA Architekten","isPartOf":{"@id":"https:\/\/sha.de\/pl#website"},"datePublished":"2020-02-06T06:34:43+00:00","dateModified":"2024-08-28T13:00:04+00:00","description":"Jeste\u015bmy do Pa\u0144stwa dyspozycji r\u00f3wnie\u017c po zako\u0144czeniu budowy. Zapewniamy, \u017ce Pa\u0144stwa projekt budowlany spe\u0142ni Pa\u0144stwa oczekiwania. Pa\u0144stwa opinie kszta\u0142tuj\u0105 nasz\u0105 przysz\u0142\u0105 prac\u0119 i doskona\u0142o\u015b\u0107.","breadcrumb":{"@id":"https:\/\/sha.de\/pl\/uslugi\/opieka-posprzedazowa#breadcrumb"},"inLanguage":"pl-PL","potentialAction":[{"@type":"ReadAction","target":["https:\/\/sha.de\/pl\/uslugi\/opieka-posprzedazowa"]}]},{"@type":"BreadcrumbList","@id":"https:\/\/sha.de\/pl\/uslugi\/opieka-posprzedazowa#breadcrumb","itemListElement":[{"@type":"ListItem","position":1,"name":"Startseite","item":"https:\/\/sha.de\/pl"},{"@type":"ListItem","position":2,"name":"Us\u0142ugi","item":"https:\/\/sha.de\/pl\/uslugi"},{"@type":"ListItem","position":3,"name":"Opieka posprzeda\u017cowa"}]},{"@type":"WebSite","@id":"https:\/\/sha.de\/pl#website","url":"https:\/\/sha.de\/pl","name":"SHA Scheffler Helbich Architekten GmbH","description":"","potentialAction":[{"@type":"SearchAction","target":{"@type":"EntryPoint","urlTemplate":"https:\/\/sha.de\/pl?s={search_term_string}"},"query-input":{"@type":"PropertyValueSpecification","valueRequired":true,"valueName":"search_term_string"}}],"inLanguage":"pl-PL"}]}},"_links":{"self":[{"href":"https:\/\/sha.de\/pl\/wp-json\/wp\/v2\/pages\/37838","targetHints":{"allow":["GET"]}}],"collection":[{"href":"https:\/\/sha.de\/pl\/wp-json\/wp\/v2\/pages"}],"about":[{"href":"https:\/\/sha.de\/pl\/wp-json\/wp\/v2\/types\/page"}],"author":[{"embeddable":true,"href":"https:\/\/sha.de\/pl\/wp-json\/wp\/v2\/users\/1"}],"replies":[{"embeddable":true,"href":"https:\/\/sha.de\/pl\/wp-json\/wp\/v2\/comments?post=37838"}],"version-history":[{"count":1,"href":"https:\/\/sha.de\/pl\/wp-json\/wp\/v2\/pages\/37838\/revisions"}],"predecessor-version":[{"id":37842,"href":"https:\/\/sha.de\/pl\/wp-json\/wp\/v2\/pages\/37838\/revisions\/37842"}],"up":[{"embeddable":true,"href":"https:\/\/sha.de\/pl\/wp-json\/wp\/v2\/pages\/30196"}],"wp:attachment":[{"href":"https:\/\/sha.de\/pl\/wp-json\/wp\/v2\/media?parent=37838"}],"curies":[{"name":"wp","href":"https:\/\/api.w.org\/{rel}","templated":true}]}}