{"id":38060,"date":"2019-09-04T15:44:47","date_gmt":"2019-09-04T13:44:47","guid":{"rendered":"https:\/\/sha.de\/wiedza-specjalistyczna\/przemysl-i-handel"},"modified":"2024-08-28T15:00:38","modified_gmt":"2024-08-28T13:00:38","slug":"przemysl-i-handel","status":"publish","type":"page","link":"https:\/\/sha.de\/pl\/wiedza-specjalistyczna\/przemysl-i-handel","title":{"rendered":"Przemys\u0142 i handel"},"content":{"rendered":"<div id='av_section_1' class='avia-section main_color pt-default pb-default avia-no-border-styling avia-bg-style-scroll  avia-builder-el-0  el_before_av_section  avia-builder-el-first   container_wrap fullsize' style=' '  ><div class='container' ><main  role=\"main\" itemprop=\"mainContentOfPage\"  class='template-page content  av-content-full alpha units'><div class='post-entry post-entry-type-page post-entry-38060'><div class='entry-content-wrapper clearfix'>\n\n\t\t\t<div id=\"av-jzds8r2e\" class=\"headline-column flex_column av_one_full flex_column_div first \">\n\t\t\t\t<div class=\"headline-wrap is-outside align-center sub-bottom\">\n\t\t\t\t\t<h1 class=\"headline-content headline-primary\">Pa\u0144stwa biuro architektoniczne dla przemys\u0142u i handlu<\/h1>\n\t\t\t\t\t<h2 class=\"headline-content headline-secondary\">Planujemy dla Pa\u0144stwa - w ca\u0142ych Niemczech<\/h2>\n\t\t\t\t<\/div>\n\t\t\t<\/div>\n<div class=\"flex_column av_one_third  flex_column_div av-zero-column-padding first       avia-builder-el-2  el_after_pixel_sc_headline  el_before_av_one_third  \"><section  class='av_textblock_section av-jzdsin8c-a444a21066dcbb0cc2fccc3f54730a9c '   itemscope=\"itemscope\" itemtype=\"https:\/\/schema.org\/CreativeWork\" ><div class='avia_textblock'  itemprop=\"text\" ><p>Szczeg\u00f3lnie w dziedzinie budownictwa przemys\u0142owego i komercyjnego dobra architektura opiera si\u0119 na funkcji, jak\u0105 ma spe\u0142nia\u0107. Dzi\u0119ki naszej specjalistycznej wiedzy bran\u017cowej SHA jest Pa\u0144stwa partnerem, je\u015bli chc\u0105 Pa\u0144stwo zoptymalizowa\u0107 przep\u0142yw materia\u0142\u00f3w i towar\u00f3w lub zarz\u0105dza\u0107 przep\u0142ywem klient\u00f3w &#8211; na przyk\u0142ad w obiektach handlowych, halach produkcyjnych lub logistycznych.<\/p>\n<p>Wa\u017cne jest, aby\u015bmy zrozumieli i zinternalizowali Pa\u0144stwa firm\u0119, jej procesy i wymagania. Je\u015bli nam si\u0119 uda, wynik b\u0119dzie m\u00f3wi\u0142 sam za siebie.<\/p>\n<\/div><\/section><\/div><div class=\"flex_column av_one_third  flex_column_div av-zero-column-padding        avia-builder-el-4  el_after_av_one_third  el_before_av_one_third  \"><section  class='av_textblock_section av-jzdsin8c-10-451ffa6183933067f0c8f49c0fee01ab '   itemscope=\"itemscope\" itemtype=\"https:\/\/schema.org\/CreativeWork\" ><div class='avia_textblock'  itemprop=\"text\" ><p>Jako biuro architektoniczne zajmuj\u0105ce si\u0119 budynkami przemys\u0142owymi i komercyjnymi, jeste\u015bmy do Pa\u0144stwa dyspozycji przy planowaniu renowacji, rozbudowy lub budowy nowych obiekt\u00f3w. Ze wzgl\u0119du na wysokie wymagania funkcjonalne, zawsze planujemy od \u015brodka i wsp\u00f3lnie z Pa\u0144stwem opracowujemy rozwi\u0105zania dostosowane do indywidualnych potrzeb.<\/p>\n<p>Nasi architekci przemys\u0142owi bior\u0105 pod uwag\u0119 specyfik\u0119 przestrzenn\u0105 w celu zoptymalizowania konfiguracji budynku. Zgodno\u015b\u0107 z najwy\u017cszymi standardami jako\u015bci i bezpiecze\u0144stwa jest zawsze priorytetem. Rezultatem jest udany balans pomi\u0119dzy ekonomi\u0105, funkcjonalno\u015bci\u0105 i estetyk\u0105.<\/p>\n<\/div><\/section><\/div><div class=\"flex_column av_one_third  flex_column_div av-zero-column-padding        avia-builder-el-6  el_after_av_one_third  el_before_av_one_full  \"><section  class='av_textblock_section av-jzdsin8c-8-3f1e9640f80872d7c931926e74ee8e19 '   itemscope=\"itemscope\" itemtype=\"https:\/\/schema.org\/CreativeWork\" ><div class='avia_textblock'  itemprop=\"text\" ><p>We wszystkich projektach nasi klienci czerpi\u0105 korzy\u015bci z interakcji mi\u0119dzy naszym biurem architektonicznym a naszymi wieloletnimi partnerami. Otrzymuj\u0105 Pa\u0144stwo indywidualnie dopasowan\u0105 koncepcj\u0119, zoptymalizowan\u0105 pod ka\u017cdym wzgl\u0119dem, kt\u00f3r\u0105 realizujemy dla Pa\u0144stwa a\u017c do uko\u0144czenia z zachowaniem maksymalnej przejrzysto\u015bci termin\u00f3w i koszt\u00f3w. Prosz\u0119 skontaktowa\u0107 si\u0119 z nami i skorzysta\u0107 z ponad 90-letniego do\u015bwiadczenia naszego biura architektonicznego.<\/p>\n<\/div><\/section><\/div><div class=\"flex_column av_one_full  flex_column_div av-zero-column-padding first bg-default   img-left icon-left  avia-builder-el-8  el_after_av_one_third  avia-builder-el-last  column-top-margin\"><div class=\"slickgallery \">\n\t<div class=\"pixel-slide-wrap\">\n\t\t<div class=\"pixel-slide\" style=\"display: block; width: 100%; float: left;\">\n\t\t\t\t\n\t\t\t\t\t\t\t\t\t\t\t\t\t\n\t\t\t\t\t<div class=\"pixel-slide__image-wrap slide-1\">\n\t\t\t\t\t\t\t<div class=\"pixel-slide__image \"><a href=\"https:\/\/sha.de\/wp-content\/uploads\/CE648_349-1274x850.jpg\" rel=\"lightbox\"><img decoding=\"async\" src=\"https:\/\/sha.de\/wp-content\/uploads\/CE648_349-706x368.jpg\" alt=\"Zentrallager Verwaltung Kassel Jordan | Projekte im Industrie- und Logistikbau\" title=\"Zentrallager Verwaltung Kassel Jordan | Projekte im Industrie- und Logistikbau\"><\/a><\/div>\n\t\t\t\t\t<\/div>\n\t\t\t\t\n\t\t\t\t\t\t\t\t\t\t\t\t\t\n\t\t\t\t\t<div class=\"pixel-slide__image-wrap slide-2\">\n\t\t\t\t\t\t\t<div class=\"pixel-slide__image \"><a href=\"https:\/\/sha.de\/wp-content\/uploads\/Murdotec_innen_Full-11a-1280x512.jpg\" rel=\"lightbox\"><img decoding=\"async\" src=\"https:\/\/sha.de\/wp-content\/uploads\/Murdotec_innen_Full-11a-706x368.jpg\" alt=\"Murdotec Produktionsstandort in Dortmund | Projekte im Industrie- und Logistikbau\" title=\"Murdotec Produktionsstandort in Dortmund | Projekte im Industrie- und Logistikbau\"><\/a><\/div>\n\t\t\t\t\t<\/div>\n\t\t\t\t\n\t\t\t\t\t\t\t\t\t\t\t\t\t\n\t\t\t\t\t<div class=\"pixel-slide__image-wrap slide-3\">\n\t\t\t\t\t\t\t<div class=\"pixel-slide__image \"><a href=\"https:\/\/sha.de\/wp-content\/uploads\/CE648_301-1275x850.jpg\" rel=\"lightbox\"><img decoding=\"async\" src=\"https:\/\/sha.de\/wp-content\/uploads\/CE648_301-706x368.jpg\" alt=\"Zentrallager Verwaltung Kassel Jordan | Projekte im Industrie- und Logistikbau\" title=\"Zentrallager Verwaltung Kassel Jordan | Projekte im Industrie- und Logistikbau\"><\/a><\/div>\n\t\t\t\t\t<\/div>\n\t\t\t\t\n\t\t\t\t\t\t\t\t\t\t\t\t\t\n\t\t\t\t\t<div class=\"pixel-slide__image-wrap slide-4\">\n\t\t\t\t\t\t\t<div class=\"pixel-slide__image \"><a href=\"https:\/\/sha.de\/wp-content\/uploads\/Murtfeldt-CE-11-1266x850.jpg\" rel=\"lightbox\"><img decoding=\"async\" src=\"https:\/\/sha.de\/wp-content\/uploads\/Murtfeldt-CE-11-706x368.jpg\" alt=\"Murdotec Produktionsstandort in Dortmund | Projekte im Industrie- und Logistikbau\" title=\"Murdotec Produktionsstandort in Dortmund | Projekte im Industrie- und Logistikbau\"><\/a><\/div>\n\t\t\t\t\t<\/div>\n\t\t\t\t\n\t\t\t\t\t\t\t\t\t\t\t\t\t\n\t\t\t\t\t<div class=\"pixel-slide__image-wrap slide-5\">\n\t\t\t\t\t\t\t<div class=\"pixel-slide__image \"><a href=\"https:\/\/sha.de\/wp-content\/uploads\/Rewe-Hamm-vcube-1280x640.jpg\" rel=\"lightbox\"><img decoding=\"async\" src=\"https:\/\/sha.de\/wp-content\/uploads\/Rewe-Hamm-vcube-706x368.jpg\" alt=\"Rewe Hamm | SHA Scheffler Helbich Architekten\" title=\"Rewe Hamm | SHA Scheffler Helbich Architekten\"><\/a><\/div>\n\t\t\t\t\t<\/div>\n\t\t\t\t\n\t\t\t\t\t\t\t\t\t\t\t\t\t\n\t\t\t\t\t<div class=\"pixel-slide__image-wrap slide-6\">\n\t\t\t\t\t\t\t<div class=\"pixel-slide__image \"><a href=\"https:\/\/sha.de\/wp-content\/uploads\/CE648_154-1248x850.jpg\" rel=\"lightbox\"><img decoding=\"async\" src=\"https:\/\/sha.de\/wp-content\/uploads\/CE648_154-706x368.jpg\" alt=\"Zentrallager Verwaltung Kassel Jordan | Projekte im Industrie- und Logistikbau\" title=\"Zentrallager Verwaltung Kassel Jordan | Projekte im Industrie- und Logistikbau\"><\/a><\/div>\n\t\t\t\t\t<\/div>\n\t\t\t\t\t\t<\/div>\n\t<\/div>\n<\/div><\/div><\/div><\/div><\/main><!-- close content main element --><\/div><\/div><div id='av_section_2' class='avia-section main_color pt-large pb-large avia-no-border-styling avia-bg-style-scroll  avia-builder-el-10  el_after_av_section  el_before_av_section   container_wrap fullsize' style=' '  ><div class='container' ><div class='template-page content  av-content-full alpha units'><div class='post-entry post-entry-type-page post-entry-38060'><div class='entry-content-wrapper clearfix'>\n\n\t\t\t<div id=\"av-jzds8r2e-12\" class=\"headline-column flex_column av_one_full flex_column_div first \">\n\t\t\t\t<div class=\"headline-wrap is-outside align-center sub-bottom\">\n\t\t\t\t\t<h2 class=\"headline-content headline-primary\">Us\u0142ugi zwi\u0105zane z architektur\u0105 przemys\u0142ow\u0105<\/h2>\n\t\t\t\t\t<h3 class=\"headline-content headline-secondary\">Nasz kompleksowy zakres us\u0142ug<\/h3>\n\t\t\t\t<\/div>\n\t\t\t<\/div>\n<div class=\"flex_column av_one_full  flex_column_div av-zero-column-padding first       avia-builder-el-12  el_after_pixel_sc_headline  avia-builder-el-last  \"><ul class=\"icon-row leistungen \">\n\t<li class=\"icon-row__entry beratung\">\n\t\t<a class=\"icon-row__entry-link\" href=\"https:\/\/sha.de\/leistungen\/beratung\">\n\t\t\t<div class=\"icon-row__entry-image\">\n\t\t\t\t<div class=\"entry-image-svg\"><\/div>\n\t\t\t\t<!-- <div class=\"entry-image-hover\"><\/div> -->\n\t\t\t<\/div>\n\t\t\t<div class=\"icon-row__entry-text\">Doradztwo<\/div>\n\t\t<\/a>\n\t<\/li>\n\t<li class=\"icon-row__entry konzept\">\n\t\t<a class=\"icon-row__entry-link\" href=\"https:\/\/sha.de\/leistungen\/analyse-und-konzept\">\n\t\t\t<div class=\"icon-row__entry-image\">\n\t\t\t\t<div class=\"entry-image-svg\"><\/div>\n\t\t\t\t<!-- <div class=\"entry-image-hover\"><\/div> -->\n\t\t\t<\/div>\n\t\t\t<div class=\"icon-row__entry-text\">Analiza i koncepcja<\/div>\n\t\t<\/a>\n\t<\/li>\n\t<li class=\"icon-row__entry planung\">\n\t\t<a class=\"icon-row__entry-link\" href=\"https:\/\/sha.de\/leistungen\/planung-und-koordination\">\n\t\t\t<div class=\"icon-row__entry-image\">\n\t\t\t\t<div class=\"entry-image-svg\"><\/div>\n\t\t\t\t<!-- <div class=\"entry-image-hover\"><\/div> -->\n\t\t\t<\/div>\n\t\t\t<div class=\"icon-row__entry-text\">Planowanie i koordynacja<\/div>\n\t\t<\/a>\n\t<\/li>\n\t<li class=\"icon-row__entry realisierung\">\n\t\t<a class=\"icon-row__entry-link\" href=\"https:\/\/sha.de\/leistungen\/realisierung\">\n\t\t\t<div class=\"icon-row__entry-image\">\n\t\t\t\t<div class=\"entry-image-svg\"><\/div>\n\t\t\t\t<!-- <div class=\"entry-image-hover\"><\/div> -->\n\t\t\t<\/div>\n\t\t\t<div class=\"icon-row__entry-text\">Realizacja<\/div>\n\t\t<\/a>\n\t<\/li>\n\t<li class=\"icon-row__entry nachbetreuung\">\n\t\t<a class=\"icon-row__entry-link\" href=\"https:\/\/sha.de\/leistungen\/nachbetreuung\">\n\t\t\t<div class=\"icon-row__entry-image\">\n\t\t\t\t<div class=\"entry-image-svg\"><\/div>\n\t\t\t\t<!-- <div class=\"entry-image-hover\"><\/div> -->\n\t\t\t<\/div>\n\t\t\t<div class=\"icon-row__entry-text\">Opieka posprzeda\u017cowa<\/div>\n\t\t<\/a>\n\t<\/li>\n<\/ul><\/div><\/div><\/div><\/div><!-- close content main div --><\/div><\/div><div id='av_section_3' class='avia-section main_color pt-default pb-default avia-no-border-styling avia-bg-style-scroll  avia-builder-el-14  el_after_av_section  avia-builder-el-last  referenzen-row  container_wrap fullsize' style=' '  ><div class='container' ><div class='template-page content  av-content-full alpha units'><div class='post-entry post-entry-type-page post-entry-38060'><div class='entry-content-wrapper clearfix'>\n\n\t\t\t<div id=\"av-jzds8r2e-6\" class=\"headline-column flex_column av_one_full flex_column_div first \">\n\t\t\t\t<div class=\"headline-wrap is-outside align-center sub-bottom\">\n\t\t\t\t\t<h2 class=\"headline-content headline-primary\">Wybrane referencje<\/h2>\n\t\t\t\t\t<h3 class=\"headline-content headline-secondary\">Nasze projekty w przemy\u015ble i handlu<\/h3>\n\t\t\t\t<\/div>\n\t\t\t<\/div>\n<div class=\"flex_column av_one_third  flex_column_div av-zero-column-padding first       avia-builder-el-16  el_after_pixel_sc_headline  el_before_av_one_third  \"><article id=\"\" class=\"card-entry referenz-entry static-button   text-align-left has-link   heading-link  has-button \">\n\t<div class=\"card-entry__inner\">\n\t\t\n\t\n\t\t<div class=\"card-entry__media media-type-\">\n\t<div class=\"card-entry__media-inner\">\n\n\t\t<div class=\"card_entry__referenz\">\n\t\t\t<div class=\"card_entry__referenz-inner\">\n\t\t\t\t\t\t\t\t\t<div class=\"card-entry__heading\">\n\t<div class=\"card-entry__heading-inner\">\n\n\n\t\t\t\n\t\t\t\n\t\t\t<a class=\"card-entry__link\" href=\"https:\/\/sha.de\/projekte\/industrie-logistik\/neubau-zentrallager-jordan-in-kassel\" target=\"_self\">\n\t\t\t\t\t\t\t<h3 class=\"card-entry__headline  \">\n\t\t\t\t\tZentrallager Jordan in Kassel\n\t\t\t\t<\/h3>\n\t\t\t\n\t\t\t\n\t\t<\/a>\n\t<\/div>\n<\/div>\n\t\t\t\t\t\t\t<\/div>\n\t\t<\/div>\n\n\t\t\t\t\t<div class=\"card-entry__action\">\n\t<div class=\"card-entry__action-inner\">\n\t\t<div class=\"card-entry__button-wrap avia-button-wrap avia-button-right theme-fill\">\n\t\t\t\t\t\t\t<a class=\"card-entry__button avia-button avia-button color-ci-black hover-yellow avia-size-small  avia-position-right\" href=\"https:\/\/sha.de\/projekte\/industrie-logistik\/neubau-zentrallager-jordan-in-kassel\" target=\"\">\n\t\t\t\t\t<span class=\"button-icon\"><i class=\"icon-arrow_next\"><\/i><\/span><span class=\"button-text\">Czytaj wi\u0119cej<\/span>\n\t\t\t\t<\/a>\n\t\t\t\t\t<\/div>\n\t<\/div>\n<\/div>\n\t\t\n\t\t\t\t\t<a href=\"https:\/\/sha.de\/projekte\/industrie-logistik\/neubau-zentrallager-jordan-in-kassel\" class=\"slide-image\" title=\"\"><img decoding=\"async\" src=\"https:\/\/sha.de\/wp-content\/uploads\/CE648_349-706x564.jpg\" \/><\/a>\n\t\t\t<\/div>\n<\/div>\n\n\t\n\t<\/div>\n<\/article><\/div><div class=\"flex_column av_one_third  flex_column_div av-zero-column-padding        avia-builder-el-18  el_after_av_one_third  el_before_av_one_third  \"><article id=\"\" class=\"card-entry referenz-entry static-button   text-align-left has-link   heading-link  has-button \">\n\t<div class=\"card-entry__inner\">\n\t\t\n\t\n\t\t<div class=\"card-entry__media media-type-\">\n\t<div class=\"card-entry__media-inner\">\n\n\t\t<div class=\"card_entry__referenz\">\n\t\t\t<div class=\"card_entry__referenz-inner\">\n\t\t\t\t\t\t\t\t\t<div class=\"card-entry__heading\">\n\t<div class=\"card-entry__heading-inner\">\n\n\n\t\t\t\n\t\t\t\n\t\t\t<a class=\"card-entry__link\" href=\"https:\/\/sha.de\/projekte\/mobilitaet-verkehr\/flughafen-dortmund\" target=\"_self\">\n\t\t\t\t\t\t\t<h3 class=\"card-entry__headline  \">\n\t\t\t\t\tFlughafen Dortmund\n\t\t\t\t<\/h3>\n\t\t\t\n\t\t\t\n\t\t<\/a>\n\t<\/div>\n<\/div>\n\t\t\t\t\t\t\t<\/div>\n\t\t<\/div>\n\n\t\t\t\t\t<div class=\"card-entry__action\">\n\t<div class=\"card-entry__action-inner\">\n\t\t<div class=\"card-entry__button-wrap avia-button-wrap avia-button-right theme-fill\">\n\t\t\t\t\t\t\t<a class=\"card-entry__button avia-button avia-button color-ci-black hover-yellow avia-size-small  avia-position-right\" href=\"https:\/\/sha.de\/projekte\/mobilitaet-verkehr\/flughafen-dortmund\" target=\"\">\n\t\t\t\t\t<span class=\"button-icon\"><i class=\"icon-arrow_next\"><\/i><\/span><span class=\"button-text\">Czytaj wi\u0119cej<\/span>\n\t\t\t\t<\/a>\n\t\t\t\t\t<\/div>\n\t<\/div>\n<\/div>\n\t\t\n\t\t\t\t\t<a href=\"https:\/\/sha.de\/projekte\/mobilitaet-verkehr\/flughafen-dortmund\" class=\"slide-image\" title=\"\"><img decoding=\"async\" src=\"https:\/\/sha.de\/wp-content\/uploads\/Flughafen-Dortmund-Blick-aus-dem-Hangar-1-706x564.jpg\" \/><\/a>\n\t\t\t<\/div>\n<\/div>\n\n\t\n\t<\/div>\n<\/article><\/div><div class=\"flex_column av_one_third  flex_column_div av-zero-column-padding        avia-builder-el-20  el_after_av_one_third  el_before_av_one_full  \"><article id=\"\" class=\"card-entry referenz-entry static-button   text-align-left has-link   heading-link  has-button \">\n\t<div class=\"card-entry__inner\">\n\t\t\n\t\n\t\t<div class=\"card-entry__media media-type-\">\n\t<div class=\"card-entry__media-inner\">\n\n\t\t<div class=\"card_entry__referenz\">\n\t\t\t<div class=\"card_entry__referenz-inner\">\n\t\t\t\t\t\t\t\t\t<div class=\"card-entry__heading\">\n\t<div class=\"card-entry__heading-inner\">\n\n\n\t\t\t\n\t\t\t\n\t\t\t<a class=\"card-entry__link\" href=\"https:\/\/sha.de\/projekte\/industrie-logistik\/revitalisierung-schokoladenfabrik-murdotec-kunststoffe-gmbh-co-kg\" target=\"_self\">\n\t\t\t\t\t\t\t<h3 class=\"card-entry__headline  \">\n\t\t\t\t\tRevitalisierung der Schokoladenfabrik in Dortmund Brackel: Murdotec Kunststoffe GmbH & Co. KG\n\t\t\t\t<\/h3>\n\t\t\t\n\t\t\t\n\t\t<\/a>\n\t<\/div>\n<\/div>\n\t\t\t\t\t\t\t<\/div>\n\t\t<\/div>\n\n\t\t\t\t\t<div class=\"card-entry__action\">\n\t<div class=\"card-entry__action-inner\">\n\t\t<div class=\"card-entry__button-wrap avia-button-wrap avia-button-right theme-fill\">\n\t\t\t\t\t\t\t<a class=\"card-entry__button avia-button avia-button color-ci-black hover-yellow avia-size-small  avia-position-right\" href=\"https:\/\/sha.de\/projekte\/industrie-logistik\/revitalisierung-schokoladenfabrik-murdotec-kunststoffe-gmbh-co-kg\" target=\"\">\n\t\t\t\t\t<span class=\"button-icon\"><i class=\"icon-arrow_next\"><\/i><\/span><span class=\"button-text\">Czytaj wi\u0119cej<\/span>\n\t\t\t\t<\/a>\n\t\t\t\t\t<\/div>\n\t<\/div>\n<\/div>\n\t\t\n\t\t\t\t\t<a href=\"https:\/\/sha.de\/projekte\/industrie-logistik\/revitalisierung-schokoladenfabrik-murdotec-kunststoffe-gmbh-co-kg\" class=\"slide-image\" title=\"\"><img decoding=\"async\" src=\"https:\/\/sha.de\/wp-content\/uploads\/Murdotec-Kunststoffe-CE-2017-2-706x564.jpg\" \/><\/a>\n\t\t\t<\/div>\n<\/div>\n\n\t\n\t<\/div>\n<\/article><\/div><div class=\"flex_column av_one_full  flex_column_div av-zero-column-padding first       avia-builder-el-22  el_after_av_one_third  avia-builder-el-last  column-top-margin\"><div class='avia-button-wrap theme-fill avia-button-right  avia-builder-el-23  avia-builder-el-no-sibling  inline'><a href='https:\/\/sha.de\/?page_id=3887'  class='avia-button  color-ci-black hover-yellow  avia-icon_select-no avia-size-small avia-position-right'   ><span class='avia_iconbox_title' >Wszystkie referencje<\/span><\/a><\/div><\/div>\n<\/p>\n","protected":false},"excerpt":{"rendered":"","protected":false},"author":2,"featured_media":0,"parent":30193,"menu_order":3,"comment_status":"closed","ping_status":"closed","template":"","meta":{"_acf_changed":false,"content-type":"","footnotes":""},"class_list":["post-38060","page","type-page","status-publish","hentry"],"acf":[],"yoast_head":"<!-- This site is optimized with the Yoast SEO plugin v27.1.1 - https:\/\/yoast.com\/product\/yoast-seo-wordpress\/ -->\n<title>Architekci przemys\u0142owi dla du\u017cych projekt\u00f3w i budownictwa komercyjnego | SHA<\/title>\n<meta name=\"description\" content=\"Do\u015bwiadczeni architekci dla przemys\u0142u i handlu - w ca\u0142ych Niemczech \u25ba Doradztwo, koncepcja, planowanie, realizacja i opieka posprzeda\u017cowa \u2713 Prosz\u0119 pyta\u0107 teraz!\" \/>\n<meta name=\"robots\" content=\"index, follow, max-snippet:-1, max-image-preview:large, max-video-preview:-1\" \/>\n<link rel=\"canonical\" href=\"https:\/\/sha.de\/pl\/wiedza-specjalistyczna\/przemysl-i-handel\" \/>\n<meta property=\"og:locale\" content=\"pl_PL\" \/>\n<meta property=\"og:type\" content=\"article\" \/>\n<meta property=\"og:title\" content=\"Architekci przemys\u0142owi dla du\u017cych projekt\u00f3w i budownictwa komercyjnego | SHA\" \/>\n<meta property=\"og:description\" content=\"Do\u015bwiadczeni architekci dla przemys\u0142u i handlu - w ca\u0142ych Niemczech \u25ba Doradztwo, koncepcja, planowanie, realizacja i opieka posprzeda\u017cowa \u2713 Prosz\u0119 pyta\u0107 teraz!\" \/>\n<meta property=\"og:url\" content=\"https:\/\/sha.de\/pl\/wiedza-specjalistyczna\/przemysl-i-handel\" \/>\n<meta property=\"og:site_name\" content=\"SHA Scheffler Helbich Architekten GmbH\" \/>\n<meta property=\"article:modified_time\" content=\"2024-08-28T13:00:38+00:00\" \/>\n<meta name=\"twitter:card\" content=\"summary_large_image\" \/>\n<meta name=\"twitter:label1\" content=\"Szacowany czas czytania\" \/>\n\t<meta name=\"twitter:data1\" content=\"10 minut\" \/>\n<script type=\"application\/ld+json\" class=\"yoast-schema-graph\">{\"@context\":\"https:\/\/schema.org\",\"@graph\":[{\"@type\":\"WebPage\",\"@id\":\"https:\/\/sha.de\/pl\/wiedza-specjalistyczna\/przemysl-i-handel\",\"url\":\"https:\/\/sha.de\/pl\/wiedza-specjalistyczna\/przemysl-i-handel\",\"name\":\"Architekci przemys\u0142owi dla du\u017cych projekt\u00f3w i budownictwa komercyjnego | SHA\",\"isPartOf\":{\"@id\":\"https:\/\/sha.de\/pl#website\"},\"datePublished\":\"2019-09-04T13:44:47+00:00\",\"dateModified\":\"2024-08-28T13:00:38+00:00\",\"description\":\"Do\u015bwiadczeni architekci dla przemys\u0142u i handlu - w ca\u0142ych Niemczech \u25ba Doradztwo, koncepcja, planowanie, realizacja i opieka posprzeda\u017cowa \u2713 Prosz\u0119 pyta\u0107 teraz!\",\"breadcrumb\":{\"@id\":\"https:\/\/sha.de\/pl\/wiedza-specjalistyczna\/przemysl-i-handel#breadcrumb\"},\"inLanguage\":\"pl-PL\",\"potentialAction\":[{\"@type\":\"ReadAction\",\"target\":[\"https:\/\/sha.de\/pl\/wiedza-specjalistyczna\/przemysl-i-handel\"]}]},{\"@type\":\"BreadcrumbList\",\"@id\":\"https:\/\/sha.de\/pl\/wiedza-specjalistyczna\/przemysl-i-handel#breadcrumb\",\"itemListElement\":[{\"@type\":\"ListItem\",\"position\":1,\"name\":\"Startseite\",\"item\":\"https:\/\/sha.de\/pl\"},{\"@type\":\"ListItem\",\"position\":2,\"name\":\"Wiedza specjalistyczna\",\"item\":\"https:\/\/sha.de\/pl\/wiedza-specjalistyczna\"},{\"@type\":\"ListItem\",\"position\":3,\"name\":\"Przemys\u0142 i handel\"}]},{\"@type\":\"WebSite\",\"@id\":\"https:\/\/sha.de\/pl#website\",\"url\":\"https:\/\/sha.de\/pl\",\"name\":\"SHA Scheffler Helbich Architekten GmbH\",\"description\":\"\",\"potentialAction\":[{\"@type\":\"SearchAction\",\"target\":{\"@type\":\"EntryPoint\",\"urlTemplate\":\"https:\/\/sha.de\/pl?s={search_term_string}\"},\"query-input\":{\"@type\":\"PropertyValueSpecification\",\"valueRequired\":true,\"valueName\":\"search_term_string\"}}],\"inLanguage\":\"pl-PL\"}]}<\/script>\n<!-- \/ Yoast SEO plugin. -->","yoast_head_json":{"title":"Architekci przemys\u0142owi dla du\u017cych projekt\u00f3w i budownictwa komercyjnego | SHA","description":"Do\u015bwiadczeni architekci dla przemys\u0142u i handlu - w ca\u0142ych Niemczech \u25ba Doradztwo, koncepcja, planowanie, realizacja i opieka posprzeda\u017cowa \u2713 Prosz\u0119 pyta\u0107 teraz!","robots":{"index":"index","follow":"follow","max-snippet":"max-snippet:-1","max-image-preview":"max-image-preview:large","max-video-preview":"max-video-preview:-1"},"canonical":"https:\/\/sha.de\/pl\/wiedza-specjalistyczna\/przemysl-i-handel","og_locale":"pl_PL","og_type":"article","og_title":"Architekci przemys\u0142owi dla du\u017cych projekt\u00f3w i budownictwa komercyjnego | SHA","og_description":"Do\u015bwiadczeni architekci dla przemys\u0142u i handlu - w ca\u0142ych Niemczech \u25ba Doradztwo, koncepcja, planowanie, realizacja i opieka posprzeda\u017cowa \u2713 Prosz\u0119 pyta\u0107 teraz!","og_url":"https:\/\/sha.de\/pl\/wiedza-specjalistyczna\/przemysl-i-handel","og_site_name":"SHA Scheffler Helbich Architekten GmbH","article_modified_time":"2024-08-28T13:00:38+00:00","twitter_card":"summary_large_image","twitter_misc":{"Szacowany czas czytania":"10 minut"},"schema":{"@context":"https:\/\/schema.org","@graph":[{"@type":"WebPage","@id":"https:\/\/sha.de\/pl\/wiedza-specjalistyczna\/przemysl-i-handel","url":"https:\/\/sha.de\/pl\/wiedza-specjalistyczna\/przemysl-i-handel","name":"Architekci przemys\u0142owi dla du\u017cych projekt\u00f3w i budownictwa komercyjnego | SHA","isPartOf":{"@id":"https:\/\/sha.de\/pl#website"},"datePublished":"2019-09-04T13:44:47+00:00","dateModified":"2024-08-28T13:00:38+00:00","description":"Do\u015bwiadczeni architekci dla przemys\u0142u i handlu - w ca\u0142ych Niemczech \u25ba Doradztwo, koncepcja, planowanie, realizacja i opieka posprzeda\u017cowa \u2713 Prosz\u0119 pyta\u0107 teraz!","breadcrumb":{"@id":"https:\/\/sha.de\/pl\/wiedza-specjalistyczna\/przemysl-i-handel#breadcrumb"},"inLanguage":"pl-PL","potentialAction":[{"@type":"ReadAction","target":["https:\/\/sha.de\/pl\/wiedza-specjalistyczna\/przemysl-i-handel"]}]},{"@type":"BreadcrumbList","@id":"https:\/\/sha.de\/pl\/wiedza-specjalistyczna\/przemysl-i-handel#breadcrumb","itemListElement":[{"@type":"ListItem","position":1,"name":"Startseite","item":"https:\/\/sha.de\/pl"},{"@type":"ListItem","position":2,"name":"Wiedza specjalistyczna","item":"https:\/\/sha.de\/pl\/wiedza-specjalistyczna"},{"@type":"ListItem","position":3,"name":"Przemys\u0142 i handel"}]},{"@type":"WebSite","@id":"https:\/\/sha.de\/pl#website","url":"https:\/\/sha.de\/pl","name":"SHA Scheffler Helbich Architekten GmbH","description":"","potentialAction":[{"@type":"SearchAction","target":{"@type":"EntryPoint","urlTemplate":"https:\/\/sha.de\/pl?s={search_term_string}"},"query-input":{"@type":"PropertyValueSpecification","valueRequired":true,"valueName":"search_term_string"}}],"inLanguage":"pl-PL"}]}},"_links":{"self":[{"href":"https:\/\/sha.de\/pl\/wp-json\/wp\/v2\/pages\/38060","targetHints":{"allow":["GET"]}}],"collection":[{"href":"https:\/\/sha.de\/pl\/wp-json\/wp\/v2\/pages"}],"about":[{"href":"https:\/\/sha.de\/pl\/wp-json\/wp\/v2\/types\/page"}],"author":[{"embeddable":true,"href":"https:\/\/sha.de\/pl\/wp-json\/wp\/v2\/users\/2"}],"replies":[{"embeddable":true,"href":"https:\/\/sha.de\/pl\/wp-json\/wp\/v2\/comments?post=38060"}],"version-history":[{"count":1,"href":"https:\/\/sha.de\/pl\/wp-json\/wp\/v2\/pages\/38060\/revisions"}],"predecessor-version":[{"id":38064,"href":"https:\/\/sha.de\/pl\/wp-json\/wp\/v2\/pages\/38060\/revisions\/38064"}],"up":[{"embeddable":true,"href":"https:\/\/sha.de\/pl\/wp-json\/wp\/v2\/pages\/30193"}],"wp:attachment":[{"href":"https:\/\/sha.de\/pl\/wp-json\/wp\/v2\/media?parent=38060"}],"curies":[{"name":"wp","href":"https:\/\/api.w.org\/{rel}","templated":true}]}}