{"id":38152,"date":"2020-01-13T08:07:06","date_gmt":"2020-01-13T07:07:06","guid":{"rendered":"https:\/\/sha.de\/uslugi\/planowanie-i-koordynacja"},"modified":"2024-08-28T15:00:51","modified_gmt":"2024-08-28T13:00:51","slug":"planowanie-i-koordynacja","status":"publish","type":"page","link":"https:\/\/sha.de\/pl\/uslugi\/planowanie-i-koordynacja","title":{"rendered":"Planowanie i koordynacja"},"content":{"rendered":"<div id='av_section_1' class='avia-section main_color pt-default pb-default avia-no-border-styling avia-bg-style-scroll  avia-builder-el-0  el_before_av_section  avia-builder-el-first   container_wrap fullsize' style=' '  ><div class='container' ><main  role=\"main\" itemprop=\"mainContentOfPage\"  class='template-page content  av-content-full alpha units'><div class='post-entry post-entry-type-page post-entry-38152'><div class='entry-content-wrapper clearfix'>\n\n\t\t\t<div id=\"av-k55bagx6\" class=\"headline-column flex_column av_one_full flex_column_div first \">\n\t\t\t\t<div class=\"headline-wrap is-outside align-left sub-bottom\">\n\t\t\t\t\t<h1 class=\"headline-content headline-primary\">Planowanie i koordynacja<\/h1>\n\t\t\t\t\t<h3 class=\"headline-content headline-secondary\">Pa\u0144stwa partner od A-Z<\/h3>\n\t\t\t\t<\/div>\n\t\t\t<\/div>\n<div class=\"flex_column av_two_third  flex_column_div av-zero-column-padding first bg-default  service img-left   avia-builder-el-2  el_after_pixel_sc_headline  el_before_av_one_third  w-1023-half \" style=\"background-image: url(https:\/\/sha.de\/wp-content\/uploads\/Leistungen_Planung.jpg); background-position: center right; background-repeat: no-repeat; background-size: cover; \"><\/div><div class=\"flex_column av_one_third  flex_column_div av-zero-column-padding  bg-default border-bottom   img-left   avia-builder-el-3  el_after_av_two_third  avia-builder-el-last  w-1023-half \"><section  class='av_textblock_section av-k55baqys-76fd3ab987b8edeb983c11dbb0a25821 '   itemscope=\"itemscope\" itemtype=\"https:\/\/schema.org\/CreativeWork\" ><div class='avia_textblock'  itemprop=\"text\" ><h3>Faza wydajno\u015bci 3:<br \/>\nPlanowanie projektu dostosowane do u\u017cytkownika<\/h3>\n<p>Po koncepcji, sk\u0142adaj\u0105cej si\u0119 ze szkic\u00f3w, wst\u0119pnych danych liczbowych i (wci\u0105\u017c przybli\u017conego) kosztorysu oraz wyja\u015bnienia podstawowych kwestii prawnych, nast\u0119puje projekt. Najp\u00f3\u017aniej do tej pory wszystkie powi\u0105zania funkcjonalne zosta\u0142y zharmonizowane. Jednocze\u015bnie najp\u00f3\u017aniej w tym momencie zaanga\u017cowani s\u0105 wyspecjalizowani plani\u015bci. W fazie projektowania sporz\u0105dzamy wszystkie istotne plany, od rzutu kondygnacji i przekroj\u00f3w po elewacje.  <\/p>\n<p>Jednocze\u015bnie mo\u017cemy wykorzysta\u0107 ten etap do konkretyzacji i weryfikacji ju\u017c dost\u0119pnych danych, na przyk\u0142ad dotycz\u0105cych powierzchni u\u017cytkowej i koszt\u00f3w budowy. Projekt jest podstaw\u0105 wniosku o pozwolenie na budow\u0119.<\/p>\n<\/div><\/section><\/div>\n\n<\/div><\/div><\/main><!-- close content main element --><\/div><\/div><div id='av_section_2' class='avia-section main_color pt-default pb-default avia-no-border-styling avia-bg-style-scroll  avia-builder-el-5  el_after_av_section  el_before_av_section   container_wrap fullsize' style=' '  ><div class='container' ><div class='template-page content  av-content-full alpha units'><div class='post-entry post-entry-type-page post-entry-38152'><div class='entry-content-wrapper clearfix'>\n<div class=\"flex_column av_one_third  flex_column_div av-zero-column-padding first bg-default border-bottom   img-left   avia-builder-el-6  el_before_av_one_third  avia-builder-el-first  w-1023-half \"><section  class='av_textblock_section av-k55baqys-9-4c20cb2ab722c4c625da88e31e2a79a5 '   itemscope=\"itemscope\" itemtype=\"https:\/\/schema.org\/CreativeWork\" ><div class='avia_textblock'  itemprop=\"text\" ><h3>Planowanie og\u00f3lne:<br \/>\nZesp\u00f3\u0142 planowania jako zesp\u00f3\u0142<\/h3>\n<p>Posiadamy \u015bcis\u0142\u0105 sie\u0107 in\u017cynier\u00f3w ze wszystkich dyscyplin, kt\u00f3rych anga\u017cujemy na wczesnych etapach projektu, w zale\u017cno\u015bci od zadania budowlanego. Dzi\u0119ki tej koordynacji mo\u017cemy uwolni\u0107 Pa\u0144stwa od du\u017cej liczby zada\u0144 klienta i zmniejszy\u0107 liczb\u0119 os\u00f3b kontaktowych.<\/p>\n<p>Z przyjemno\u015bci\u0105 zaoferujemy Pa\u0144stwu r\u00f3wnie\u017c nasze us\u0142ugi jako generalnego planisty. W tym przypadku otrzymuj\u0105 Pa\u0144stwo wszystkie us\u0142ugi planowania z jednego \u017ar\u00f3d\u0142a i maj\u0105 Pa\u0144stwo tylko nasze biuro jako wykonawc\u0119.<\/p>\n<\/div><\/section><\/div><div class=\"flex_column av_one_third  flex_column_div av-zero-column-padding  bg-default  fill img-left   avia-builder-el-8  el_after_av_one_third  el_before_av_one_third  w-1023-half \" style=\"background-image: url(https:\/\/sha.de\/wp-content\/uploads\/ausstattung-F\u00fcllfoto-706x564.jpg); background-position: center center; background-repeat: no-repeat; background-size: cover; \"><\/div><div class=\"flex_column av_one_third  flex_column_div av-zero-column-padding  bg-default  fill img-left   avia-builder-el-9  el_after_av_one_third  avia-builder-el-last  w-1023-full w-1023-ctm \" style=\"background-image: url(https:\/\/sha.de\/wp-content\/uploads\/PHOENIXWERK_Spatenstich_SHA_F\u00fcllfoto-706x564.jpg); background-position: center center; background-repeat: no-repeat; background-size: cover; \"><\/div>\n\n<\/div><\/div><\/div><!-- close content main div --><\/div><\/div><div id='av_section_3' class='avia-section main_color pt-default pb-default avia-no-border-styling avia-bg-style-scroll  avia-builder-el-10  el_after_av_section  el_before_av_section   container_wrap fullsize' style=' '  ><div class='container' ><div class='template-page content  av-content-full alpha units'><div class='post-entry post-entry-type-page post-entry-38152'><div class='entry-content-wrapper clearfix'>\n<div class=\"flex_column av_one_third  flex_column_div av-zero-column-padding first bg-default  fill img-left   avia-builder-el-11  el_before_av_one_third  avia-builder-el-first  w-1023-half \" style=\"background-image: url(https:\/\/sha.de\/wp-content\/uploads\/skizze-langer-schnitt-b1-706x564.jpg); background-position: center center; background-repeat: no-repeat; background-size: cover; \"><\/div><div class=\"flex_column av_one_third  flex_column_div av-zero-column-padding  bg-default border-bottom   img-left   avia-builder-el-12  el_after_av_one_third  el_before_av_one_third  w-1023-half \"><section  class='av_textblock_section av-k55baqys-6-c72792b2a4a5e6b7582428995e54cc67 '   itemscope=\"itemscope\" itemtype=\"https:\/\/schema.org\/CreativeWork\" ><div class='avia_textblock'  itemprop=\"text\" ><h3>Faza wydajno\u015bci 4:<br \/>\nPlanowanie autoryzacji<\/h3>\n<p>Wyja\u015bniamy wszystkie istotne kwestie z w\u0142a\u015bciwymi organami (urz\u0105d ds. przepis\u00f3w budowlanych, stra\u017c po\u017carna, ochrona zabytk\u00f3w itp.) Przedk\u0142adamy plan wraz z niezb\u0119dnymi formularzami jako wniosek budowlany lub zg\u0142oszenie budowlane do zatwierdzenia.<\/p>\n<p>Je\u015bli sytuacja prawna jest niejasna, sensowne mo\u017ce by\u0107 wcze\u015bniejsze wi\u0105\u017c\u0105ce wyja\u015bnienie poszczeg\u00f3lnych kwestii zwi\u0105zanych z prawem planowania. Nast\u0119pnie przygotujemy wst\u0119pne zapytanie budowlane i przed\u0142o\u017cymy je w Pa\u0144stwa imieniu w\u0142adzom budowlanym.<\/p>\n<\/div><\/section><\/div><div class=\"flex_column av_one_third  flex_column_div av-zero-column-padding  bg-default border-bottom   img-left   avia-builder-el-14  el_after_av_one_third  avia-builder-el-last  w-1023-full w-1023-ctm \"><section  class='av_textblock_section av-k55baqys-1-5559a95b6f073edc9fbdf2054bce7627 '   itemscope=\"itemscope\" itemtype=\"https:\/\/schema.org\/CreativeWork\" ><div class='avia_textblock'  itemprop=\"text\" ><h3>Faza wydajno\u015bci 5:<br \/>\nWykonanie i szczeg\u00f3\u0142owe planowanie<\/h3>\n<p>Dok\u0142adne planowanie projektu i przygotowanie szczeg\u00f3\u0142owych dokument\u00f3w planistycznych s\u0105 cz\u0119sto niedoceniane pod wzgl\u0119dem ich zakresu. Ta cz\u0119\u015bciowa us\u0142uga stanowi zazwyczaj jedn\u0105 czwart\u0105 naszych wszystkich us\u0142ug. Nasze plany wykonawcze integruj\u0105 specjalistyczne planowanie stron trzecich i stanowi\u0105 podstaw\u0119 naszych opis\u00f3w us\u0142ug i ofert handlowc\u00f3w.  <\/p>\n<p>W przypadku placu budowy nasze szczeg\u00f3\u0142owe plany zawieraj\u0105 specyfikacje dla firm wykonuj\u0105cych prace. Dobry detal to co\u015b wi\u0119cej ni\u017c tylko design.<\/p>\n<\/div><\/section><\/div>\n\n<\/div><\/div><\/div><!-- close content main div --><\/div><\/div><div id='av_section_4' class='avia-section main_color pt-large pb-large avia-no-border-styling avia-bg-style-scroll  avia-builder-el-16  el_after_av_section  avia-builder-el-last   container_wrap fullsize' style=' '  ><div class='container' ><div class='template-page content  av-content-full alpha units'><div class='post-entry post-entry-type-page post-entry-38152'><div class='entry-content-wrapper clearfix'>\n\n\t\t\t<div id=\"av-k55bagx6-12\" class=\"headline-column flex_column av_one_full flex_column_div first \">\n\t\t\t\t<div class=\"headline-wrap is-outside align-center sub-bottom\">\n\t\t\t\t\t<h2 class=\"headline-content headline-primary\">Inne us\u0142ugi z naszego portfolio<\/h2>\n\t\t\t\t\t<h3 class=\"headline-content headline-secondary\">Nasz kompleksowy zakres us\u0142ug<\/h3>\n\t\t\t\t<\/div>\n\t\t\t<\/div>\n<ul class=\"icon-row leistungen \">\n\t<li class=\"icon-row__entry beratung\">\n\t\t<a class=\"icon-row__entry-link\" href=\"https:\/\/sha.de\/leistungen\/beratung\">\n\t\t\t<div class=\"icon-row__entry-image\">\n\t\t\t\t<div class=\"entry-image-svg\"><\/div>\n\t\t\t\t<!-- <div class=\"entry-image-hover\"><\/div> -->\n\t\t\t<\/div>\n\t\t\t<div class=\"icon-row__entry-text\">Doradztwo<\/div>\n\t\t<\/a>\n\t<\/li>\n\t<li class=\"icon-row__entry konzept\">\n\t\t<a class=\"icon-row__entry-link\" href=\"https:\/\/sha.de\/leistungen\/analyse-und-konzept\">\n\t\t\t<div class=\"icon-row__entry-image\">\n\t\t\t\t<div class=\"entry-image-svg\"><\/div>\n\t\t\t\t<!-- <div class=\"entry-image-hover\"><\/div> -->\n\t\t\t<\/div>\n\t\t\t<div class=\"icon-row__entry-text\">Analiza i koncepcja<\/div>\n\t\t<\/a>\n\t<\/li>\n\t<li class=\"icon-row__entry planung\">\n\t\t<a class=\"icon-row__entry-link\" href=\"https:\/\/sha.de\/leistungen\/planung-und-koordination\">\n\t\t\t<div class=\"icon-row__entry-image\">\n\t\t\t\t<div class=\"entry-image-svg\"><\/div>\n\t\t\t\t<!-- <div class=\"entry-image-hover\"><\/div> -->\n\t\t\t<\/div>\n\t\t\t<div class=\"icon-row__entry-text\">Planowanie i koordynacja<\/div>\n\t\t<\/a>\n\t<\/li>\n\t<li class=\"icon-row__entry realisierung\">\n\t\t<a class=\"icon-row__entry-link\" href=\"https:\/\/sha.de\/leistungen\/realisierung\">\n\t\t\t<div class=\"icon-row__entry-image\">\n\t\t\t\t<div class=\"entry-image-svg\"><\/div>\n\t\t\t\t<!-- <div class=\"entry-image-hover\"><\/div> -->\n\t\t\t<\/div>\n\t\t\t<div class=\"icon-row__entry-text\">Realizacja<\/div>\n\t\t<\/a>\n\t<\/li>\n\t<li class=\"icon-row__entry nachbetreuung\">\n\t\t<a class=\"icon-row__entry-link\" href=\"https:\/\/sha.de\/leistungen\/nachbetreuung\">\n\t\t\t<div class=\"icon-row__entry-image\">\n\t\t\t\t<div class=\"entry-image-svg\"><\/div>\n\t\t\t\t<!-- <div class=\"entry-image-hover\"><\/div> -->\n\t\t\t<\/div>\n\t\t\t<div class=\"icon-row__entry-text\">Opieka posprzeda\u017cowa<\/div>\n\t\t<\/a>\n\t<\/li>\n<\/ul>\n\n\n","protected":false},"excerpt":{"rendered":"","protected":false},"author":1,"featured_media":0,"parent":30196,"menu_order":3,"comment_status":"closed","ping_status":"closed","template":"","meta":{"_acf_changed":false,"content-type":"","footnotes":""},"class_list":["post-38152","page","type-page","status-publish","hentry"],"acf":[],"yoast_head":"<!-- This site is optimized with the Yoast SEO plugin v27.4 - https:\/\/yoast.com\/product\/yoast-seo-wordpress\/ -->\n<title>Projektowanie Planowanie Architektura | SHA Architekci<\/title>\n<meta name=\"description\" content=\"Planowanie projektu dostosowane do potrzeb u\u017cytkownika a\u017c po szczeg\u00f3\u0142owe planowanie: Jeste\u015bmy Pa\u0144stwa niezawodnym partnerem na wszystkich etapach \u015bwiadczenia us\u0142ug \u2713 Koordynacja i wizja na ka\u017cdym kroku\" \/>\n<meta name=\"robots\" content=\"index, follow, max-snippet:-1, max-image-preview:large, max-video-preview:-1\" \/>\n<link rel=\"canonical\" href=\"https:\/\/sha.de\/pl\/uslugi\/planowanie-i-koordynacja\" \/>\n<meta property=\"og:locale\" content=\"pl_PL\" \/>\n<meta property=\"og:type\" content=\"article\" \/>\n<meta property=\"og:title\" content=\"Projektowanie Planowanie Architektura | SHA Architekci\" \/>\n<meta property=\"og:description\" content=\"Planowanie projektu dostosowane do potrzeb u\u017cytkownika a\u017c po szczeg\u00f3\u0142owe planowanie: Jeste\u015bmy Pa\u0144stwa niezawodnym partnerem na wszystkich etapach \u015bwiadczenia us\u0142ug \u2713 Koordynacja i wizja na ka\u017cdym kroku\" \/>\n<meta property=\"og:url\" content=\"https:\/\/sha.de\/pl\/uslugi\/planowanie-i-koordynacja\" \/>\n<meta property=\"og:site_name\" content=\"SHA Scheffler Helbich Architekten GmbH\" \/>\n<meta property=\"article:modified_time\" content=\"2024-08-28T13:00:51+00:00\" \/>\n<meta name=\"twitter:card\" content=\"summary_large_image\" \/>\n<meta name=\"twitter:label1\" content=\"Szacowany czas czytania\" \/>\n\t<meta name=\"twitter:data1\" content=\"11 minut\" \/>\n<script type=\"application\/ld+json\" class=\"yoast-schema-graph\">{\"@context\":\"https:\\\/\\\/schema.org\",\"@graph\":[{\"@type\":\"WebPage\",\"@id\":\"https:\\\/\\\/sha.de\\\/pl\\\/uslugi\\\/planowanie-i-koordynacja\",\"url\":\"https:\\\/\\\/sha.de\\\/pl\\\/uslugi\\\/planowanie-i-koordynacja\",\"name\":\"Projektowanie Planowanie Architektura | SHA Architekci\",\"isPartOf\":{\"@id\":\"https:\\\/\\\/sha.de\\\/pl#website\"},\"datePublished\":\"2020-01-13T07:07:06+00:00\",\"dateModified\":\"2024-08-28T13:00:51+00:00\",\"description\":\"Planowanie projektu dostosowane do potrzeb u\u017cytkownika a\u017c po szczeg\u00f3\u0142owe planowanie: Jeste\u015bmy Pa\u0144stwa niezawodnym partnerem na wszystkich etapach \u015bwiadczenia us\u0142ug \u2713 Koordynacja i wizja na ka\u017cdym kroku\",\"breadcrumb\":{\"@id\":\"https:\\\/\\\/sha.de\\\/pl\\\/uslugi\\\/planowanie-i-koordynacja#breadcrumb\"},\"inLanguage\":\"pl-PL\",\"potentialAction\":[{\"@type\":\"ReadAction\",\"target\":[\"https:\\\/\\\/sha.de\\\/pl\\\/uslugi\\\/planowanie-i-koordynacja\"]}]},{\"@type\":\"BreadcrumbList\",\"@id\":\"https:\\\/\\\/sha.de\\\/pl\\\/uslugi\\\/planowanie-i-koordynacja#breadcrumb\",\"itemListElement\":[{\"@type\":\"ListItem\",\"position\":1,\"name\":\"Startseite\",\"item\":\"https:\\\/\\\/sha.de\\\/pl\"},{\"@type\":\"ListItem\",\"position\":2,\"name\":\"Us\u0142ugi\",\"item\":\"https:\\\/\\\/sha.de\\\/pl\\\/uslugi\"},{\"@type\":\"ListItem\",\"position\":3,\"name\":\"Planowanie i koordynacja\"}]},{\"@type\":\"WebSite\",\"@id\":\"https:\\\/\\\/sha.de\\\/pl#website\",\"url\":\"https:\\\/\\\/sha.de\\\/pl\",\"name\":\"SHA Scheffler Helbich Architekten GmbH\",\"description\":\"\",\"potentialAction\":[{\"@type\":\"SearchAction\",\"target\":{\"@type\":\"EntryPoint\",\"urlTemplate\":\"https:\\\/\\\/sha.de\\\/pl?s={search_term_string}\"},\"query-input\":{\"@type\":\"PropertyValueSpecification\",\"valueRequired\":true,\"valueName\":\"search_term_string\"}}],\"inLanguage\":\"pl-PL\"}]}<\/script>\n<!-- \/ Yoast SEO plugin. -->","yoast_head_json":{"title":"Projektowanie Planowanie Architektura | SHA Architekci","description":"Planowanie projektu dostosowane do potrzeb u\u017cytkownika a\u017c po szczeg\u00f3\u0142owe planowanie: Jeste\u015bmy Pa\u0144stwa niezawodnym partnerem na wszystkich etapach \u015bwiadczenia us\u0142ug \u2713 Koordynacja i wizja na ka\u017cdym kroku","robots":{"index":"index","follow":"follow","max-snippet":"max-snippet:-1","max-image-preview":"max-image-preview:large","max-video-preview":"max-video-preview:-1"},"canonical":"https:\/\/sha.de\/pl\/uslugi\/planowanie-i-koordynacja","og_locale":"pl_PL","og_type":"article","og_title":"Projektowanie Planowanie Architektura | SHA Architekci","og_description":"Planowanie projektu dostosowane do potrzeb u\u017cytkownika a\u017c po szczeg\u00f3\u0142owe planowanie: Jeste\u015bmy Pa\u0144stwa niezawodnym partnerem na wszystkich etapach \u015bwiadczenia us\u0142ug \u2713 Koordynacja i wizja na ka\u017cdym kroku","og_url":"https:\/\/sha.de\/pl\/uslugi\/planowanie-i-koordynacja","og_site_name":"SHA Scheffler Helbich Architekten GmbH","article_modified_time":"2024-08-28T13:00:51+00:00","twitter_card":"summary_large_image","twitter_misc":{"Szacowany czas czytania":"11 minut"},"schema":{"@context":"https:\/\/schema.org","@graph":[{"@type":"WebPage","@id":"https:\/\/sha.de\/pl\/uslugi\/planowanie-i-koordynacja","url":"https:\/\/sha.de\/pl\/uslugi\/planowanie-i-koordynacja","name":"Projektowanie Planowanie Architektura | SHA Architekci","isPartOf":{"@id":"https:\/\/sha.de\/pl#website"},"datePublished":"2020-01-13T07:07:06+00:00","dateModified":"2024-08-28T13:00:51+00:00","description":"Planowanie projektu dostosowane do potrzeb u\u017cytkownika a\u017c po szczeg\u00f3\u0142owe planowanie: Jeste\u015bmy Pa\u0144stwa niezawodnym partnerem na wszystkich etapach \u015bwiadczenia us\u0142ug \u2713 Koordynacja i wizja na ka\u017cdym kroku","breadcrumb":{"@id":"https:\/\/sha.de\/pl\/uslugi\/planowanie-i-koordynacja#breadcrumb"},"inLanguage":"pl-PL","potentialAction":[{"@type":"ReadAction","target":["https:\/\/sha.de\/pl\/uslugi\/planowanie-i-koordynacja"]}]},{"@type":"BreadcrumbList","@id":"https:\/\/sha.de\/pl\/uslugi\/planowanie-i-koordynacja#breadcrumb","itemListElement":[{"@type":"ListItem","position":1,"name":"Startseite","item":"https:\/\/sha.de\/pl"},{"@type":"ListItem","position":2,"name":"Us\u0142ugi","item":"https:\/\/sha.de\/pl\/uslugi"},{"@type":"ListItem","position":3,"name":"Planowanie i koordynacja"}]},{"@type":"WebSite","@id":"https:\/\/sha.de\/pl#website","url":"https:\/\/sha.de\/pl","name":"SHA Scheffler Helbich Architekten GmbH","description":"","potentialAction":[{"@type":"SearchAction","target":{"@type":"EntryPoint","urlTemplate":"https:\/\/sha.de\/pl?s={search_term_string}"},"query-input":{"@type":"PropertyValueSpecification","valueRequired":true,"valueName":"search_term_string"}}],"inLanguage":"pl-PL"}]}},"_links":{"self":[{"href":"https:\/\/sha.de\/pl\/wp-json\/wp\/v2\/pages\/38152","targetHints":{"allow":["GET"]}}],"collection":[{"href":"https:\/\/sha.de\/pl\/wp-json\/wp\/v2\/pages"}],"about":[{"href":"https:\/\/sha.de\/pl\/wp-json\/wp\/v2\/types\/page"}],"author":[{"embeddable":true,"href":"https:\/\/sha.de\/pl\/wp-json\/wp\/v2\/users\/1"}],"replies":[{"embeddable":true,"href":"https:\/\/sha.de\/pl\/wp-json\/wp\/v2\/comments?post=38152"}],"version-history":[{"count":1,"href":"https:\/\/sha.de\/pl\/wp-json\/wp\/v2\/pages\/38152\/revisions"}],"predecessor-version":[{"id":38155,"href":"https:\/\/sha.de\/pl\/wp-json\/wp\/v2\/pages\/38152\/revisions\/38155"}],"up":[{"embeddable":true,"href":"https:\/\/sha.de\/pl\/wp-json\/wp\/v2\/pages\/30196"}],"wp:attachment":[{"href":"https:\/\/sha.de\/pl\/wp-json\/wp\/v2\/media?parent=38152"}],"curies":[{"name":"wp","href":"https:\/\/api.w.org\/{rel}","templated":true}]}}