{"id":38220,"date":"2019-04-03T11:54:02","date_gmt":"2019-04-03T09:54:02","guid":{"rendered":"https:\/\/sha.de\/uslugi\/analiza-i-koncepcja"},"modified":"2024-08-28T15:00:58","modified_gmt":"2024-08-28T13:00:58","slug":"analiza-i-koncepcja","status":"publish","type":"page","link":"https:\/\/sha.de\/pl\/uslugi\/analiza-i-koncepcja","title":{"rendered":"Analiza i koncepcja"},"content":{"rendered":"<div id='av_section_1' class='avia-section main_color pt-default pb-default avia-no-border-styling avia-bg-style-scroll  avia-builder-el-0  el_before_av_section  avia-builder-el-first   container_wrap fullsize' style=' '  ><div class='container' ><main  role=\"main\" itemprop=\"mainContentOfPage\"  class='template-page content  av-content-full alpha units'><div class='post-entry post-entry-type-page post-entry-38220'><div class='entry-content-wrapper clearfix'>\n\n\t\t\t<div id=\"av-k55bagx6\" class=\"headline-column flex_column av_one_full flex_column_div first \">\n\t\t\t\t<div class=\"headline-wrap is-outside align-left sub-bottom\">\n\t\t\t\t\t<h1 class=\"headline-content headline-primary\">Analiza i koncepcja<\/h1>\n\t\t\t\t\t<h3 class=\"headline-content headline-secondary\">Pa\u0144stwa partner od A-Z<\/h3>\n\t\t\t\t<\/div>\n\t\t\t<\/div>\n<div class=\"flex_column av_two_third  flex_column_div av-zero-column-padding first bg-default  service img-left   avia-builder-el-2  el_after_pixel_sc_headline  el_before_av_one_third  w-1023-half \" style=\"background-image: url(https:\/\/sha.de\/wp-content\/uploads\/Leistungen_Analyse-und-Konzept.jpg); background-position: center left; background-repeat: no-repeat; background-size: cover; \"><\/div><div class=\"flex_column av_one_third  flex_column_div av-zero-column-padding  bg-default border-bottom   img-left   avia-builder-el-3  el_after_av_two_third  avia-builder-el-last  w-1023-half \"><section  class='av_textblock_section av-k55baqys-76fd3ab987b8edeb983c11dbb0a25821 '   itemscope=\"itemscope\" itemtype=\"https:\/\/schema.org\/CreativeWork\" ><div class='avia_textblock'  itemprop=\"text\" ><h3>Fazy pracy 1-2:<br \/>\nKoncepcja i studia wykonalno\u015bci<\/h3>\n<p>Zanim zaczniemy rysowa\u0107, nale\u017cy wyja\u015bni\u0107 zadanie. Wspieramy Pa\u0144stwa w opracowaniu i sformu\u0142owaniu tego zadania oraz doradzamy w zakresie oczekiwanego zakresu us\u0142ug. Wsp\u00f3\u0142pracujemy z Pa\u0144stwem w celu okre\u015blenia, kt\u00f3rzy specjali\u015bci ds. planowania s\u0105 potrzebni na danym etapie planowania dla konkretnego zadania i sugerujemy odpowiednich wsp\u00f3\u0142pracownik\u00f3w. Projekt wst\u0119pny to koncepcja ze szkicami, wst\u0119pnymi danymi i (wci\u0105\u017c przybli\u017conym) kosztorysem. Podstawowe kwestie prawne zosta\u0142y wyja\u015bnione.<\/p>\n<p>W tej pierwszej fazie analizowana jest og\u00f3lna wykonalno\u015b\u0107 przy u\u017cyciu r\u00f3\u017cnych koncepcji. Cz\u0119sto istnieje kilka mo\u017cliwych rozwi\u0105za\u0144, kt\u00f3re por\u00f3wnujemy z Pa\u0144stwem i dla kt\u00f3rych wsp\u00f3lnie z Pa\u0144stwem wyja\u015bniamy zalety i wady.<\/p>\n<\/div><\/section><\/div>\n\n<\/div><\/div><\/main><!-- close content main element --><\/div><\/div><div id='av_section_2' class='avia-section main_color pt-default pb-default avia-no-border-styling avia-bg-style-scroll  avia-builder-el-5  el_after_av_section  el_before_av_section   container_wrap fullsize' style=' '  ><div class='container' ><div class='template-page content  av-content-full alpha units'><div class='post-entry post-entry-type-page post-entry-38220'><div class='entry-content-wrapper clearfix'>\n<div class=\"flex_column av_one_third  flex_column_div av-zero-column-padding first bg-default border-bottom   img-left   avia-builder-el-6  el_before_av_one_third  avia-builder-el-first  w-1023-half \"><section  class='av_textblock_section av-k55baqys-9-4c20cb2ab722c4c625da88e31e2a79a5 '   itemscope=\"itemscope\" itemtype=\"https:\/\/schema.org\/CreativeWork\" ><div class='avia_textblock'  itemprop=\"text\" ><h3>Wyznaczanie kursu: Rozw\u00f3j projektu<\/h3>\n<p>Kluczowe decyzje w ramach projektu podejmowane s\u0105 w pocz\u0105tkowych fazach. Pod tym wzgl\u0119dem wczesny etap rozwoju projektu determinuje wszystkie p\u00f3\u017aniejsze koszty. Inicjacja projektu ma tutaj szczeg\u00f3lne znaczenie.<\/p>\n<p>To tutaj pomys\u0142, lokalizacja i kapita\u0142 \u0142\u0105cz\u0105 si\u0119 po raz pierwszy. Mo\u017cliwo\u015bci s\u0105 rozwa\u017cane z perspektywy przedsi\u0119biorczo\u015bci, planowania i polityki, a ich konkurencyjno\u015b\u0107 jest analizowana. Aspekty zgodno\u015bci ze \u015brodowiskiem, ochrony lub tworzenia miejsc pracy oraz potencjalnego ryzyka zwi\u0105zanego z danym \u015brodkiem s\u0105 analizowane i okre\u015blane ilo\u015bciowo. Ch\u0119tnie wesprzemy Pa\u0144stwa w realizacji projektu. Prosz\u0119 skontaktowa\u0107 si\u0119 z nami i skorzysta\u0107 z naszej specjalistycznej wiedzy bran\u017cowej.<\/p>\n<\/div><\/section><\/div><div class=\"flex_column av_one_third  flex_column_div av-zero-column-padding  bg-default  fill img-left   avia-builder-el-8  el_after_av_one_third  el_before_av_one_third  w-1023-half \" style=\"background-image: url(https:\/\/sha.de\/wp-content\/uploads\/buero2-F\u00fcllfoto.jpg); background-position: center center; background-repeat: no-repeat; background-size: cover; \"><\/div><div class=\"flex_column av_one_third  flex_column_div av-zero-column-padding  bg-default  fill img-left   avia-builder-el-9  el_after_av_one_third  avia-builder-el-last  w-1023-full w-1023-ctm \" style=\"background-image: url(https:\/\/sha.de\/wp-content\/uploads\/auszeichnung_hausamsee.jpg); background-position: center center; background-repeat: no-repeat; background-size: cover; \"><\/div>\n\n<\/div><\/div><\/div><!-- close content main div --><\/div><\/div><div id='av_section_3' class='avia-section main_color pt-default pb-default avia-no-border-styling avia-bg-style-scroll  avia-builder-el-10  el_after_av_section  el_before_av_section   container_wrap fullsize' style=' '  ><div class='container' ><div class='template-page content  av-content-full alpha units'><div class='post-entry post-entry-type-page post-entry-38220'><div class='entry-content-wrapper clearfix'>\n<div class=\"flex_column av_one_third  flex_column_div av-zero-column-padding first bg-default  fill img-left   avia-builder-el-11  el_before_av_one_third  avia-builder-el-first  w-1023-half \" style=\"background-image: url(https:\/\/sha.de\/wp-content\/uploads\/leistungen_analyse_konzept.jpg); background-position: center center; background-repeat: no-repeat; background-size: cover; \"><\/div><div class=\"flex_column av_one_third  flex_column_div av-zero-column-padding  bg-default border-bottom   img-left   avia-builder-el-12  el_after_av_one_third  el_before_av_one_third  w-1023-half \"><section  class='av_textblock_section av-k55baqys-6-c72792b2a4a5e6b7582428995e54cc67 '   itemscope=\"itemscope\" itemtype=\"https:\/\/schema.org\/CreativeWork\" ><div class='avia_textblock'  itemprop=\"text\" ><h3>Procedura VgV i konkursy:<br \/>\nWalka o najlepsze rozwi\u0105zanie<\/h3>\n<p>W przypadku Pa\u0144stwa projektu maj\u0105 Pa\u0144stwo wym\u00f3g, aby w gr\u0119 wchodzi\u0142o tylko najlepsze rozwi\u0105zanie. Dlatego zawsze stawiamy czo\u0142a konkurencji i w ten spos\u00f3b pokazujemy, \u017ce my\u015blimy koncepcyjnie, funkcjonalnie i ekonomicznie w interesie klienta i d\u0105\u017cymy do jego korzy\u015bci. SHA Scheffler Helbich Architekten regularnie wykorzystuje swoje wieloletnie do\u015bwiadczenie w procedurach VgV i wyra\u017caniu zainteresowania.<\/p>\n<p>Zawsze zale\u017cy nam tylko na jednym: optymalnym wyniku projektu.<\/p>\n<\/div><\/section><\/div><div class=\"flex_column av_one_third  flex_column_div av-zero-column-padding  bg-default border-bottom   img-left   avia-builder-el-14  el_after_av_one_third  avia-builder-el-last  w-1023-full w-1023-ctm \"><section  class='av_textblock_section av-k55baqys-1-5559a95b6f073edc9fbdf2054bce7627 '   itemscope=\"itemscope\" itemtype=\"https:\/\/schema.org\/CreativeWork\" ><div class='avia_textblock'  itemprop=\"text\" ><h3>Narz\u0119dzia planowania: symulacja i modelowanie<\/h3>\n<p>Opr\u00f3cz funkcjonalno\u015bci i op\u0142acalno\u015bci, architektura jest zawsze kwesti\u0105 jako\u015bci przestrzennej i fizycznej. Mo\u017cna to doskonale sprawdzi\u0107 we wczesnych fazach planowania w reprezentacjach przestrzennych, takich jak symulacja 3D i klasyczny model architektoniczny.<\/p>\n<p>Opr\u00f3cz plan\u00f3w i rysunk\u00f3w, oba rodzaje wizualizacji s\u0105 jednymi z najwa\u017cniejszych narz\u0119dzi zapewniaj\u0105cych klientom, specjalistycznym planistom, w\u0142adzom lokalnym i organom zatwierdzaj\u0105cym jeszcze lepsze zrozumienie projektu. W ten spos\u00f3b na wczesnym etapie mo\u017cna uzyska\u0107 odpowiedzi na wszystkie pytania dotycz\u0105ce planowania przestrzennego i urbanistycznego, a tak\u017ce aspekt\u00f3w technicznych, takich jak nas\u0142onecznienie i zacienienie.<\/p>\n<\/div><\/section><\/div>\n\n<\/div><\/div><\/div><!-- close content main div --><\/div><\/div><div id='av_section_4' class='avia-section main_color pt-large pb-large avia-no-border-styling avia-bg-style-scroll  avia-builder-el-16  el_after_av_section  avia-builder-el-last   container_wrap fullsize' style=' '  ><div class='container' ><div class='template-page content  av-content-full alpha units'><div class='post-entry post-entry-type-page post-entry-38220'><div class='entry-content-wrapper clearfix'>\n\n\t\t\t<div id=\"av-k55bagx6-12\" class=\"headline-column flex_column av_one_full flex_column_div first \">\n\t\t\t\t<div class=\"headline-wrap is-outside align-center sub-bottom\">\n\t\t\t\t\t<h2 class=\"headline-content headline-primary\">Inne us\u0142ugi z naszego portfolio<\/h2>\n\t\t\t\t\t<h3 class=\"headline-content headline-secondary\">Nasz kompleksowy zakres us\u0142ug<\/h3>\n\t\t\t\t<\/div>\n\t\t\t<\/div>\n<ul class=\"icon-row leistungen \">\n\t<li class=\"icon-row__entry beratung\">\n\t\t<a class=\"icon-row__entry-link\" href=\"https:\/\/sha.de\/leistungen\/beratung\">\n\t\t\t<div class=\"icon-row__entry-image\">\n\t\t\t\t<div class=\"entry-image-svg\"><\/div>\n\t\t\t\t<!-- <div class=\"entry-image-hover\"><\/div> -->\n\t\t\t<\/div>\n\t\t\t<div class=\"icon-row__entry-text\">Doradztwo<\/div>\n\t\t<\/a>\n\t<\/li>\n\t<li class=\"icon-row__entry konzept\">\n\t\t<a class=\"icon-row__entry-link\" href=\"https:\/\/sha.de\/leistungen\/analyse-und-konzept\">\n\t\t\t<div class=\"icon-row__entry-image\">\n\t\t\t\t<div class=\"entry-image-svg\"><\/div>\n\t\t\t\t<!-- <div class=\"entry-image-hover\"><\/div> -->\n\t\t\t<\/div>\n\t\t\t<div class=\"icon-row__entry-text\">Analiza i koncepcja<\/div>\n\t\t<\/a>\n\t<\/li>\n\t<li class=\"icon-row__entry planung\">\n\t\t<a class=\"icon-row__entry-link\" href=\"https:\/\/sha.de\/leistungen\/planung-und-koordination\">\n\t\t\t<div class=\"icon-row__entry-image\">\n\t\t\t\t<div class=\"entry-image-svg\"><\/div>\n\t\t\t\t<!-- <div class=\"entry-image-hover\"><\/div> -->\n\t\t\t<\/div>\n\t\t\t<div class=\"icon-row__entry-text\">Planowanie i koordynacja<\/div>\n\t\t<\/a>\n\t<\/li>\n\t<li class=\"icon-row__entry realisierung\">\n\t\t<a class=\"icon-row__entry-link\" href=\"https:\/\/sha.de\/leistungen\/realisierung\">\n\t\t\t<div class=\"icon-row__entry-image\">\n\t\t\t\t<div class=\"entry-image-svg\"><\/div>\n\t\t\t\t<!-- <div class=\"entry-image-hover\"><\/div> -->\n\t\t\t<\/div>\n\t\t\t<div class=\"icon-row__entry-text\">Realizacja<\/div>\n\t\t<\/a>\n\t<\/li>\n\t<li class=\"icon-row__entry nachbetreuung\">\n\t\t<a class=\"icon-row__entry-link\" href=\"https:\/\/sha.de\/leistungen\/nachbetreuung\">\n\t\t\t<div class=\"icon-row__entry-image\">\n\t\t\t\t<div class=\"entry-image-svg\"><\/div>\n\t\t\t\t<!-- <div class=\"entry-image-hover\"><\/div> -->\n\t\t\t<\/div>\n\t\t\t<div class=\"icon-row__entry-text\">Opieka posprzeda\u017cowa<\/div>\n\t\t<\/a>\n\t<\/li>\n<\/ul>\n\n\n","protected":false},"excerpt":{"rendered":"","protected":false},"author":1,"featured_media":0,"parent":30196,"menu_order":2,"comment_status":"closed","ping_status":"closed","template":"","meta":{"_acf_changed":false,"content-type":"","footnotes":""},"class_list":["post-38220","page","type-page","status-publish","hentry"],"acf":[],"yoast_head":"<!-- This site is optimized with the Yoast SEO plugin v27.4 - https:\/\/yoast.com\/product\/yoast-seo-wordpress\/ -->\n<title>Pa\u0144stwa indywidualna koncepcja architektoniczna | SHA Architekten<\/title>\n<meta name=\"description\" content=\"Jako architekci przekonujemy Pa\u0144stwa analizami i koncepcjami. Planowanie i koordynacja \u2713 Rozw\u00f3j projektu \u2713 Symulacja 3D \u2713 Realizacja \u2713 Opieka posprzeda\u017cowa\" \/>\n<meta name=\"robots\" content=\"index, follow, max-snippet:-1, max-image-preview:large, max-video-preview:-1\" \/>\n<link rel=\"canonical\" href=\"https:\/\/sha.de\/pl\/uslugi\/analiza-i-koncepcja\" \/>\n<meta property=\"og:locale\" content=\"pl_PL\" \/>\n<meta property=\"og:type\" content=\"article\" \/>\n<meta property=\"og:title\" content=\"Pa\u0144stwa indywidualna koncepcja architektoniczna | SHA Architekten\" \/>\n<meta property=\"og:description\" content=\"Jako architekci przekonujemy Pa\u0144stwa analizami i koncepcjami. Planowanie i koordynacja \u2713 Rozw\u00f3j projektu \u2713 Symulacja 3D \u2713 Realizacja \u2713 Opieka posprzeda\u017cowa\" \/>\n<meta property=\"og:url\" content=\"https:\/\/sha.de\/pl\/uslugi\/analiza-i-koncepcja\" \/>\n<meta property=\"og:site_name\" content=\"SHA Scheffler Helbich Architekten GmbH\" \/>\n<meta property=\"article:modified_time\" content=\"2024-08-28T13:00:58+00:00\" \/>\n<meta name=\"twitter:card\" content=\"summary_large_image\" \/>\n<meta name=\"twitter:label1\" content=\"Szacowany czas czytania\" \/>\n\t<meta name=\"twitter:data1\" content=\"11 minut\" \/>\n<script type=\"application\/ld+json\" class=\"yoast-schema-graph\">{\"@context\":\"https:\\\/\\\/schema.org\",\"@graph\":[{\"@type\":\"WebPage\",\"@id\":\"https:\\\/\\\/sha.de\\\/pl\\\/uslugi\\\/analiza-i-koncepcja\",\"url\":\"https:\\\/\\\/sha.de\\\/pl\\\/uslugi\\\/analiza-i-koncepcja\",\"name\":\"Pa\u0144stwa indywidualna koncepcja architektoniczna | SHA Architekten\",\"isPartOf\":{\"@id\":\"https:\\\/\\\/sha.de\\\/pl#website\"},\"datePublished\":\"2019-04-03T09:54:02+00:00\",\"dateModified\":\"2024-08-28T13:00:58+00:00\",\"description\":\"Jako architekci przekonujemy Pa\u0144stwa analizami i koncepcjami. Planowanie i koordynacja \u2713 Rozw\u00f3j projektu \u2713 Symulacja 3D \u2713 Realizacja \u2713 Opieka posprzeda\u017cowa\",\"breadcrumb\":{\"@id\":\"https:\\\/\\\/sha.de\\\/pl\\\/uslugi\\\/analiza-i-koncepcja#breadcrumb\"},\"inLanguage\":\"pl-PL\",\"potentialAction\":[{\"@type\":\"ReadAction\",\"target\":[\"https:\\\/\\\/sha.de\\\/pl\\\/uslugi\\\/analiza-i-koncepcja\"]}]},{\"@type\":\"BreadcrumbList\",\"@id\":\"https:\\\/\\\/sha.de\\\/pl\\\/uslugi\\\/analiza-i-koncepcja#breadcrumb\",\"itemListElement\":[{\"@type\":\"ListItem\",\"position\":1,\"name\":\"Startseite\",\"item\":\"https:\\\/\\\/sha.de\\\/pl\"},{\"@type\":\"ListItem\",\"position\":2,\"name\":\"Us\u0142ugi\",\"item\":\"https:\\\/\\\/sha.de\\\/pl\\\/uslugi\"},{\"@type\":\"ListItem\",\"position\":3,\"name\":\"Analiza i koncepcja\"}]},{\"@type\":\"WebSite\",\"@id\":\"https:\\\/\\\/sha.de\\\/pl#website\",\"url\":\"https:\\\/\\\/sha.de\\\/pl\",\"name\":\"SHA Scheffler Helbich Architekten GmbH\",\"description\":\"\",\"potentialAction\":[{\"@type\":\"SearchAction\",\"target\":{\"@type\":\"EntryPoint\",\"urlTemplate\":\"https:\\\/\\\/sha.de\\\/pl?s={search_term_string}\"},\"query-input\":{\"@type\":\"PropertyValueSpecification\",\"valueRequired\":true,\"valueName\":\"search_term_string\"}}],\"inLanguage\":\"pl-PL\"}]}<\/script>\n<!-- \/ Yoast SEO plugin. -->","yoast_head_json":{"title":"Pa\u0144stwa indywidualna koncepcja architektoniczna | SHA Architekten","description":"Jako architekci przekonujemy Pa\u0144stwa analizami i koncepcjami. Planowanie i koordynacja \u2713 Rozw\u00f3j projektu \u2713 Symulacja 3D \u2713 Realizacja \u2713 Opieka posprzeda\u017cowa","robots":{"index":"index","follow":"follow","max-snippet":"max-snippet:-1","max-image-preview":"max-image-preview:large","max-video-preview":"max-video-preview:-1"},"canonical":"https:\/\/sha.de\/pl\/uslugi\/analiza-i-koncepcja","og_locale":"pl_PL","og_type":"article","og_title":"Pa\u0144stwa indywidualna koncepcja architektoniczna | SHA Architekten","og_description":"Jako architekci przekonujemy Pa\u0144stwa analizami i koncepcjami. Planowanie i koordynacja \u2713 Rozw\u00f3j projektu \u2713 Symulacja 3D \u2713 Realizacja \u2713 Opieka posprzeda\u017cowa","og_url":"https:\/\/sha.de\/pl\/uslugi\/analiza-i-koncepcja","og_site_name":"SHA Scheffler Helbich Architekten GmbH","article_modified_time":"2024-08-28T13:00:58+00:00","twitter_card":"summary_large_image","twitter_misc":{"Szacowany czas czytania":"11 minut"},"schema":{"@context":"https:\/\/schema.org","@graph":[{"@type":"WebPage","@id":"https:\/\/sha.de\/pl\/uslugi\/analiza-i-koncepcja","url":"https:\/\/sha.de\/pl\/uslugi\/analiza-i-koncepcja","name":"Pa\u0144stwa indywidualna koncepcja architektoniczna | SHA Architekten","isPartOf":{"@id":"https:\/\/sha.de\/pl#website"},"datePublished":"2019-04-03T09:54:02+00:00","dateModified":"2024-08-28T13:00:58+00:00","description":"Jako architekci przekonujemy Pa\u0144stwa analizami i koncepcjami. Planowanie i koordynacja \u2713 Rozw\u00f3j projektu \u2713 Symulacja 3D \u2713 Realizacja \u2713 Opieka posprzeda\u017cowa","breadcrumb":{"@id":"https:\/\/sha.de\/pl\/uslugi\/analiza-i-koncepcja#breadcrumb"},"inLanguage":"pl-PL","potentialAction":[{"@type":"ReadAction","target":["https:\/\/sha.de\/pl\/uslugi\/analiza-i-koncepcja"]}]},{"@type":"BreadcrumbList","@id":"https:\/\/sha.de\/pl\/uslugi\/analiza-i-koncepcja#breadcrumb","itemListElement":[{"@type":"ListItem","position":1,"name":"Startseite","item":"https:\/\/sha.de\/pl"},{"@type":"ListItem","position":2,"name":"Us\u0142ugi","item":"https:\/\/sha.de\/pl\/uslugi"},{"@type":"ListItem","position":3,"name":"Analiza i koncepcja"}]},{"@type":"WebSite","@id":"https:\/\/sha.de\/pl#website","url":"https:\/\/sha.de\/pl","name":"SHA Scheffler Helbich Architekten GmbH","description":"","potentialAction":[{"@type":"SearchAction","target":{"@type":"EntryPoint","urlTemplate":"https:\/\/sha.de\/pl?s={search_term_string}"},"query-input":{"@type":"PropertyValueSpecification","valueRequired":true,"valueName":"search_term_string"}}],"inLanguage":"pl-PL"}]}},"_links":{"self":[{"href":"https:\/\/sha.de\/pl\/wp-json\/wp\/v2\/pages\/38220","targetHints":{"allow":["GET"]}}],"collection":[{"href":"https:\/\/sha.de\/pl\/wp-json\/wp\/v2\/pages"}],"about":[{"href":"https:\/\/sha.de\/pl\/wp-json\/wp\/v2\/types\/page"}],"author":[{"embeddable":true,"href":"https:\/\/sha.de\/pl\/wp-json\/wp\/v2\/users\/1"}],"replies":[{"embeddable":true,"href":"https:\/\/sha.de\/pl\/wp-json\/wp\/v2\/comments?post=38220"}],"version-history":[{"count":1,"href":"https:\/\/sha.de\/pl\/wp-json\/wp\/v2\/pages\/38220\/revisions"}],"predecessor-version":[{"id":38226,"href":"https:\/\/sha.de\/pl\/wp-json\/wp\/v2\/pages\/38220\/revisions\/38226"}],"up":[{"embeddable":true,"href":"https:\/\/sha.de\/pl\/wp-json\/wp\/v2\/pages\/30196"}],"wp:attachment":[{"href":"https:\/\/sha.de\/pl\/wp-json\/wp\/v2\/media?parent=38220"}],"curies":[{"name":"wp","href":"https:\/\/api.w.org\/{rel}","templated":true}]}}