{"id":38296,"date":"2019-10-07T09:13:56","date_gmt":"2019-10-07T07:13:56","guid":{"rendered":"https:\/\/sha.de\/kariera\/wakaty"},"modified":"2024-09-19T15:24:46","modified_gmt":"2024-09-19T13:24:46","slug":"wakaty","status":"publish","type":"page","link":"https:\/\/sha.de\/pl\/kariera\/wakaty","title":{"rendered":"Wakaty"},"content":{"rendered":"<div id='av_section_1' class='avia-section main_color pt-default pb-default avia-no-border-styling avia-bg-style-scroll  avia-builder-el-0  avia-builder-el-no-sibling   container_wrap fullsize' style=' '  ><div class='container' ><main  role=\"main\" itemprop=\"mainContentOfPage\"  class='template-page content  av-content-full alpha units'><div class='post-entry post-entry-type-page post-entry-38296'><div class='entry-content-wrapper clearfix'>\n\n\t\t\t<div id=\"av-k1g2vf5m\" class=\"headline-column flex_column av_one_full flex_column_div first \">\n\t\t\t\t<div class=\"headline-wrap is-outside align-left sub-bottom\">\n\t\t\t\t\t<h1 class=\"headline-content headline-primary\"><strong>Szukaj\u0105 Pa\u0144stwo<\/strong> wyzwania <strong>?<\/strong><\/h1>\n\t\t\t\t\t<h3 class=\"headline-content headline-secondary\">Nasze aktualne oferty pracy<\/h3>\n\t\t\t\t<\/div>\n\t\t\t<\/div>\n<div class=\"flex_column av_one_third  flex_column_div av-zero-column-padding first       avia-builder-el-2  el_after_pixel_sc_headline  el_before_av_one_third  \"><section  class='av_textblock_section av-k1g2wero-fe61446603507e4bc085f1c602a33e68 '   itemscope=\"itemscope\" itemtype=\"https:\/\/schema.org\/CreativeWork\" ><div class='avia_textblock'  itemprop=\"text\" ><p>Cieszymy si\u0119, \u017ce s\u0105 Pa\u0144stwo tutaj i s\u0105 zainteresowani prac\u0105 w naszym biurze architektonicznym. Jeste\u015bmy odpowiednim miejscem dla Pa\u0144stwa, je\u015bli szukaj\u0105 Pa\u0144stwo zr\u00f3\u017cnicowanej pracy, maj\u0105 pozytywne nastawienie, zachowuj\u0105 zimn\u0105 krew w burzliwych czasach, ceni\u0105 sobie rozw\u00f3j osobisty i zawodowy oraz lubi\u0105 bra\u0107 odpowiedzialno\u015b\u0107 za w\u0142asne projekty.<\/p>\n<\/div><\/section><\/div><div class=\"flex_column av_one_third  flex_column_div av-zero-column-padding  bg-default      avia-builder-el-4  el_after_av_one_third  el_before_av_one_third  \"><section  class='av_textblock_section av-k41gdgql-28f790d0b2b992bc79143248ec5d204a '   itemscope=\"itemscope\" itemtype=\"https:\/\/schema.org\/CreativeWork\" ><div class='avia_textblock'  itemprop=\"text\" ><p>Nasza praca charakteryzuje si\u0119 p\u0142ask\u0105 hierarchi\u0105, szybkimi procesami decyzyjnymi i wzajemnym szacunkiem. Je\u015bli uwa\u017ca Pan\/Pani, \u017ce Pan\/Pani i SHA pasuj\u0105 do siebie i lubi Pan\/Pani prac\u0119 w m\u0142odym zespole przy realizacji projekt\u00f3w budowlanych w ca\u0142ych Niemczech, czekamy na Pana\/Pani szczeg\u00f3\u0142ow\u0105 aplikacj\u0119 na jedno z wymienionych stanowisk.<\/p>\n<\/div><\/section><\/div><div class=\"flex_column av_one_third  flex_column_div av-zero-column-padding  bg-default      avia-builder-el-6  el_after_av_one_third  el_before_pixel_sc_jobsgrid  \"><section  class='av_textblock_section av-k41h1ilt-5687ad1451d7cf4f8132ea409e2e2406 '   itemscope=\"itemscope\" itemtype=\"https:\/\/schema.org\/CreativeWork\" ><div class='avia_textblock'  itemprop=\"text\" ><p>Z niecierpliwo\u015bci\u0105 czekamy na Pa\u0144stwa dokumenty i mo\u017cliwo\u015b\u0107 poznania Pa\u0144stwa. Je\u015bli nie widz\u0105 Pa\u0144stwo tutaj odpowiedniego stanowiska, nie ma problemu: zawsze jeste\u015bmy zainteresowani <a href=\"https:\/\/sha.de\/karriere\/initiativbewerbung\">niezam\u00f3wionymi aplikacjami<\/a>.<\/p>\n<\/div><\/section><\/div>\t\n\n","protected":false},"excerpt":{"rendered":"","protected":false},"author":1,"featured_media":0,"parent":30050,"menu_order":2,"comment_status":"closed","ping_status":"closed","template":"","meta":{"_acf_changed":false,"content-type":"","footnotes":""},"class_list":["post-38296","page","type-page","status-publish","hentry"],"acf":[],"yoast_head":"<!-- This site is optimized with the Yoast SEO plugin v27.4 - https:\/\/yoast.com\/product\/yoast-seo-wordpress\/ -->\n<title>Wakaty | SHA Scheffler Helbich Architekten GmbH<\/title>\n<meta name=\"description\" content=\"Szukaj\u0105 Pa\u0144stwo nowych wyzwa\u0144? Prosz\u0119 spojrze\u0107 na nasze aktualne oferty pracy i sta\u0107 si\u0119 cz\u0119\u015bci\u0105 naszego zespo\u0142u architekt\u00f3w.\" \/>\n<meta name=\"robots\" content=\"index, follow, max-snippet:-1, max-image-preview:large, max-video-preview:-1\" \/>\n<link rel=\"canonical\" href=\"https:\/\/sha.de\/pl\/kariera\/wakaty\" \/>\n<meta property=\"og:locale\" content=\"pl_PL\" \/>\n<meta property=\"og:type\" content=\"article\" \/>\n<meta property=\"og:title\" content=\"Wakaty | SHA Scheffler Helbich Architekten GmbH\" \/>\n<meta property=\"og:description\" content=\"Szukaj\u0105 Pa\u0144stwo nowych wyzwa\u0144? Prosz\u0119 spojrze\u0107 na nasze aktualne oferty pracy i sta\u0107 si\u0119 cz\u0119\u015bci\u0105 naszego zespo\u0142u architekt\u00f3w.\" \/>\n<meta property=\"og:url\" content=\"https:\/\/sha.de\/pl\/kariera\/wakaty\" \/>\n<meta property=\"og:site_name\" content=\"SHA Scheffler Helbich Architekten GmbH\" \/>\n<meta property=\"article:modified_time\" content=\"2024-09-19T13:24:46+00:00\" \/>\n<meta name=\"twitter:card\" content=\"summary_large_image\" \/>\n<meta name=\"twitter:label1\" content=\"Szacowany czas czytania\" \/>\n\t<meta name=\"twitter:data1\" content=\"2 minuty\" \/>\n<script type=\"application\/ld+json\" class=\"yoast-schema-graph\">{\"@context\":\"https:\\\/\\\/schema.org\",\"@graph\":[{\"@type\":\"WebPage\",\"@id\":\"https:\\\/\\\/sha.de\\\/pl\\\/kariera\\\/wakaty\",\"url\":\"https:\\\/\\\/sha.de\\\/pl\\\/kariera\\\/wakaty\",\"name\":\"Wakaty | SHA Scheffler Helbich Architekten GmbH\",\"isPartOf\":{\"@id\":\"https:\\\/\\\/sha.de\\\/pl#website\"},\"datePublished\":\"2019-10-07T07:13:56+00:00\",\"dateModified\":\"2024-09-19T13:24:46+00:00\",\"description\":\"Szukaj\u0105 Pa\u0144stwo nowych wyzwa\u0144? Prosz\u0119 spojrze\u0107 na nasze aktualne oferty pracy i sta\u0107 si\u0119 cz\u0119\u015bci\u0105 naszego zespo\u0142u architekt\u00f3w.\",\"breadcrumb\":{\"@id\":\"https:\\\/\\\/sha.de\\\/pl\\\/kariera\\\/wakaty#breadcrumb\"},\"inLanguage\":\"pl-PL\",\"potentialAction\":[{\"@type\":\"ReadAction\",\"target\":[\"https:\\\/\\\/sha.de\\\/pl\\\/kariera\\\/wakaty\"]}]},{\"@type\":\"BreadcrumbList\",\"@id\":\"https:\\\/\\\/sha.de\\\/pl\\\/kariera\\\/wakaty#breadcrumb\",\"itemListElement\":[{\"@type\":\"ListItem\",\"position\":1,\"name\":\"Startseite\",\"item\":\"https:\\\/\\\/sha.de\\\/pl\"},{\"@type\":\"ListItem\",\"position\":2,\"name\":\"Kariera\",\"item\":\"https:\\\/\\\/sha.de\\\/pl\\\/kariera\"},{\"@type\":\"ListItem\",\"position\":3,\"name\":\"Wakaty\"}]},{\"@type\":\"WebSite\",\"@id\":\"https:\\\/\\\/sha.de\\\/pl#website\",\"url\":\"https:\\\/\\\/sha.de\\\/pl\",\"name\":\"SHA Scheffler Helbich Architekten GmbH\",\"description\":\"\",\"potentialAction\":[{\"@type\":\"SearchAction\",\"target\":{\"@type\":\"EntryPoint\",\"urlTemplate\":\"https:\\\/\\\/sha.de\\\/pl?s={search_term_string}\"},\"query-input\":{\"@type\":\"PropertyValueSpecification\",\"valueRequired\":true,\"valueName\":\"search_term_string\"}}],\"inLanguage\":\"pl-PL\"}]}<\/script>\n<!-- \/ Yoast SEO plugin. -->","yoast_head_json":{"title":"Wakaty | SHA Scheffler Helbich Architekten GmbH","description":"Szukaj\u0105 Pa\u0144stwo nowych wyzwa\u0144? Prosz\u0119 spojrze\u0107 na nasze aktualne oferty pracy i sta\u0107 si\u0119 cz\u0119\u015bci\u0105 naszego zespo\u0142u architekt\u00f3w.","robots":{"index":"index","follow":"follow","max-snippet":"max-snippet:-1","max-image-preview":"max-image-preview:large","max-video-preview":"max-video-preview:-1"},"canonical":"https:\/\/sha.de\/pl\/kariera\/wakaty","og_locale":"pl_PL","og_type":"article","og_title":"Wakaty | SHA Scheffler Helbich Architekten GmbH","og_description":"Szukaj\u0105 Pa\u0144stwo nowych wyzwa\u0144? Prosz\u0119 spojrze\u0107 na nasze aktualne oferty pracy i sta\u0107 si\u0119 cz\u0119\u015bci\u0105 naszego zespo\u0142u architekt\u00f3w.","og_url":"https:\/\/sha.de\/pl\/kariera\/wakaty","og_site_name":"SHA Scheffler Helbich Architekten GmbH","article_modified_time":"2024-09-19T13:24:46+00:00","twitter_card":"summary_large_image","twitter_misc":{"Szacowany czas czytania":"2 minuty"},"schema":{"@context":"https:\/\/schema.org","@graph":[{"@type":"WebPage","@id":"https:\/\/sha.de\/pl\/kariera\/wakaty","url":"https:\/\/sha.de\/pl\/kariera\/wakaty","name":"Wakaty | SHA Scheffler Helbich Architekten GmbH","isPartOf":{"@id":"https:\/\/sha.de\/pl#website"},"datePublished":"2019-10-07T07:13:56+00:00","dateModified":"2024-09-19T13:24:46+00:00","description":"Szukaj\u0105 Pa\u0144stwo nowych wyzwa\u0144? Prosz\u0119 spojrze\u0107 na nasze aktualne oferty pracy i sta\u0107 si\u0119 cz\u0119\u015bci\u0105 naszego zespo\u0142u architekt\u00f3w.","breadcrumb":{"@id":"https:\/\/sha.de\/pl\/kariera\/wakaty#breadcrumb"},"inLanguage":"pl-PL","potentialAction":[{"@type":"ReadAction","target":["https:\/\/sha.de\/pl\/kariera\/wakaty"]}]},{"@type":"BreadcrumbList","@id":"https:\/\/sha.de\/pl\/kariera\/wakaty#breadcrumb","itemListElement":[{"@type":"ListItem","position":1,"name":"Startseite","item":"https:\/\/sha.de\/pl"},{"@type":"ListItem","position":2,"name":"Kariera","item":"https:\/\/sha.de\/pl\/kariera"},{"@type":"ListItem","position":3,"name":"Wakaty"}]},{"@type":"WebSite","@id":"https:\/\/sha.de\/pl#website","url":"https:\/\/sha.de\/pl","name":"SHA Scheffler Helbich Architekten GmbH","description":"","potentialAction":[{"@type":"SearchAction","target":{"@type":"EntryPoint","urlTemplate":"https:\/\/sha.de\/pl?s={search_term_string}"},"query-input":{"@type":"PropertyValueSpecification","valueRequired":true,"valueName":"search_term_string"}}],"inLanguage":"pl-PL"}]}},"_links":{"self":[{"href":"https:\/\/sha.de\/pl\/wp-json\/wp\/v2\/pages\/38296","targetHints":{"allow":["GET"]}}],"collection":[{"href":"https:\/\/sha.de\/pl\/wp-json\/wp\/v2\/pages"}],"about":[{"href":"https:\/\/sha.de\/pl\/wp-json\/wp\/v2\/types\/page"}],"author":[{"embeddable":true,"href":"https:\/\/sha.de\/pl\/wp-json\/wp\/v2\/users\/1"}],"replies":[{"embeddable":true,"href":"https:\/\/sha.de\/pl\/wp-json\/wp\/v2\/comments?post=38296"}],"version-history":[{"count":10,"href":"https:\/\/sha.de\/pl\/wp-json\/wp\/v2\/pages\/38296\/revisions"}],"predecessor-version":[{"id":46158,"href":"https:\/\/sha.de\/pl\/wp-json\/wp\/v2\/pages\/38296\/revisions\/46158"}],"up":[{"embeddable":true,"href":"https:\/\/sha.de\/pl\/wp-json\/wp\/v2\/pages\/30050"}],"wp:attachment":[{"href":"https:\/\/sha.de\/pl\/wp-json\/wp\/v2\/media?parent=38296"}],"curies":[{"name":"wp","href":"https:\/\/api.w.org\/{rel}","templated":true}]}}