{"id":38550,"date":"2019-11-11T14:48:39","date_gmt":"2019-11-11T13:48:39","guid":{"rendered":"https:\/\/sha.de\/kariera\/niezamowiony-wniosek"},"modified":"2024-08-28T15:01:43","modified_gmt":"2024-08-28T13:01:43","slug":"niezamowiony-wniosek","status":"publish","type":"page","link":"https:\/\/sha.de\/pl\/kariera\/niezamowiony-wniosek","title":{"rendered":"Niezam\u00f3wiony wniosek"},"content":{"rendered":"<div id='av_section_1' class='avia-section main_color pt-default pb-default avia-no-border-styling avia-bg-style-scroll  avia-builder-el-0  avia-builder-el-no-sibling   container_wrap fullsize' style=' '  ><div class='container' ><main  role=\"main\" itemprop=\"mainContentOfPage\"  class='template-page content  av-content-full alpha units'><div class='post-entry post-entry-type-page post-entry-38550'><div class='entry-content-wrapper clearfix'>\n\n\t\t\t<div id=\"av-k1g2vf5m\" class=\"headline-column flex_column av_one_full flex_column_div first \">\n\t\t\t\t<div class=\"headline-wrap is-outside align-left sub-bottom\">\n\t\t\t\t\t<h1 class=\"headline-content headline-primary\">Prosz\u0119 <strong>przes\u0142a\u0107 nam<\/strong> swoj\u0105 <strong>aplikacj\u0119<\/strong> ju\u017c teraz <strong>.<\/strong><\/h1>\n\t\t\t\t\t<h3 class=\"headline-content headline-secondary\">Dortmund.&lt;br \/&gt;\nBerlin. <\/h3>\n\t\t\t\t<\/div>\n\t\t\t<\/div>\n<div class=\"flex_column av_one_third  flex_column_div av-zero-column-padding first       avia-builder-el-2  el_after_pixel_sc_headline  el_before_av_one_third  \"><section  class='av_textblock_section av-k1g2wero-fe61446603507e4bc085f1c602a33e68 '   itemscope=\"itemscope\" itemtype=\"https:\/\/schema.org\/CreativeWork\" ><div class='avia_textblock'  itemprop=\"text\" ><p>Przyjrzeli si\u0119 Pa\u0144stwo naszym ofertom pracy, ale niestety nie znale\u017ali Pa\u0144stwo odpowiedniej dla siebie? Nie ma problemu! Jeste\u015bmy stale rozwijaj\u0105cym si\u0119 biurem architektonicznym o wszechstronnej orientacji. Dlatego zawsze szukamy najlepszych umys\u0142\u00f3w, kt\u00f3re pomog\u0105 nam osi\u0105gn\u0105\u0107 nasze cele. Wiek, p\u0142e\u0107, tytu\u0142? Prosz\u0119 przekona\u0107 nas do swoich us\u0142ug!<\/p>\n<p>Jeste\u015bmy odpowiednim miejscem dla Pa\u0144stwa, je\u015bli szukaj\u0105 Pa\u0144stwo zr\u00f3\u017cnicowanej pracy, maj\u0105 pozytywne nastawienie, zachowuj\u0105 zimn\u0105 krew w burzliwych czasach, ceni\u0105 sobie rozw\u00f3j osobisty i zawodowy oraz lubi\u0105 bra\u0107 odpowiedzialno\u015b\u0107 za w\u0142asne projekty.<\/p>\n<\/div><\/section><\/div><div class=\"flex_column av_one_third  flex_column_div av-zero-column-padding  bg-default      avia-builder-el-4  el_after_av_one_third  el_before_av_one_third  \"><section  class='av_textblock_section av-k41grct3-280455cb34662e89d911927dd71d3c2b '   itemscope=\"itemscope\" itemtype=\"https:\/\/schema.org\/CreativeWork\" ><div class='avia_textblock'  itemprop=\"text\" ><p>Nasza praca charakteryzuje si\u0119 p\u0142ask\u0105 hierarchi\u0105, szybkimi procesami decyzyjnymi i wzajemnym szacunkiem.<\/p>\n<p>Je\u015bli uwa\u017ca Pan\/Pani, \u017ce Pan\/Pani i SHA pasuj\u0105 do siebie i lubi Pan\/Pani prac\u0119 w m\u0142odym zespole nad realizacj\u0105 projekt\u00f3w budowlanych w ca\u0142ych Niemczech, czekamy na Pana\/Pani aplikacj\u0119.<\/p>\n<p>Prosz\u0119 przes\u0142a\u0107 nam odpowiednie dokumenty w formacie PDF do max. 15 MB poczt\u0105 elektroniczn\u0105 na adres <a href=\"javascript:secureDecryptAndNavigate('6RCF++FV0vanZ0kIUpNBY\/9YRcSJzFyfu9D\/BHmYsik7zD6s6oG\/1WL7R9KCeW1b9rBfhIvf6tiiNz7PKhH9wos=', '7fb6b0a631c756e2798c0419dd401ac6392a180022e45865affe1bd81a905598')\">job@sha.de<\/a>.<\/p>\n<\/div><\/section><\/div><div class=\"flex_column av_one_third  flex_column_div av-zero-column-padding        avia-builder-el-6  el_after_av_one_third  el_before_av_one_full  \"><section  class='av_textblock_section av-k1g2wero-1-cc2210e8223e719df18a1b54ce60eaf6 '   itemscope=\"itemscope\" itemtype=\"https:\/\/schema.org\/CreativeWork\" ><div class='avia_textblock'  itemprop=\"text\" ><p>I to powinno by\u0107 uwzgl\u0119dnione:<\/p>\n<ul>\n<li>List motywacyjny z Pana\/Pani (zmian\u0105) motywacj\u0105: Dlaczego chce Pan\/Pani do\u0142\u0105czy\u0107 do SHA?<\/li>\n<li>Certyfikaty i dowody Pa\u0144stwa wcze\u015bniejszej dzia\u0142alno\u015bci<\/li>\n<li>Prosz\u0119 wskaza\u0107 oczekiwane wynagrodzenie brutto<\/li>\n<li>Okre\u015blenie nast\u0119pnej mo\u017cliwej daty rozpocz\u0119cia<\/li>\n<\/ul>\n<p>Z niecierpliwo\u015bci\u0105 czekamy na to, co maj\u0105 nam Pa\u0144stwo do powiedzenia i skontaktujemy si\u0119 z Pa\u0144stwem tak szybko, jak to mo\u017cliwe.<\/p>\n<\/div><\/section><\/div><div class=\"flex_column av_one_full  flex_column_div av-zero-column-padding first       avia-builder-el-8  el_after_av_one_third  avia-builder-el-last  column-top-margin\"><div  class='avia-image-container  av-styling-    avia-builder-el-9  avia-builder-el-no-sibling  avia-align-center'  itemprop=\"image\" itemscope=\"itemscope\" itemtype=\"https:\/\/schema.org\/ImageObject\"  ><div class='avia-image-container-inner'><div class='avia-image-overlay-wrap'><img class='avia_image' src='https:\/\/sha.de\/wp-content\/uploads\/kopfbild_2.jpg' alt='' title='Kopfbild 2' height=\"263\" width=\"1592\"  itemprop=\"thumbnailUrl\"  \/><\/div><\/div><\/div><\/div>\n","protected":false},"excerpt":{"rendered":"","protected":false},"author":1,"featured_media":0,"parent":30050,"menu_order":1,"comment_status":"closed","ping_status":"closed","template":"","meta":{"_acf_changed":false,"content-type":"","footnotes":""},"class_list":["post-38550","page","type-page","status-publish","hentry"],"acf":[],"yoast_head":"<!-- This site is optimized with the Yoast SEO plugin v27.4 - https:\/\/yoast.com\/product\/yoast-seo-wordpress\/ -->\n<title>Niezam\u00f3wiony wniosek | SHA Scheffler Helbich Architekten GmbH<\/title>\n<meta name=\"description\" content=\"Przyjrzeli si\u0119 Pa\u0144stwo naszym ofertom pracy, ale niestety nie znale\u017ali Pa\u0144stwo odpowiedniej dla siebie? Czekamy na Pa\u0144stwa niezam\u00f3wion\u0105 aplikacj\u0119.\" \/>\n<meta name=\"robots\" content=\"index, follow, max-snippet:-1, max-image-preview:large, max-video-preview:-1\" \/>\n<link rel=\"canonical\" href=\"https:\/\/sha.de\/pl\/kariera\/niezamowiony-wniosek\" \/>\n<meta property=\"og:locale\" content=\"pl_PL\" \/>\n<meta property=\"og:type\" content=\"article\" \/>\n<meta property=\"og:title\" content=\"Niezam\u00f3wiony wniosek | SHA Scheffler Helbich Architekten GmbH\" \/>\n<meta property=\"og:description\" content=\"Przyjrzeli si\u0119 Pa\u0144stwo naszym ofertom pracy, ale niestety nie znale\u017ali Pa\u0144stwo odpowiedniej dla siebie? Czekamy na Pa\u0144stwa niezam\u00f3wion\u0105 aplikacj\u0119.\" \/>\n<meta property=\"og:url\" content=\"https:\/\/sha.de\/pl\/kariera\/niezamowiony-wniosek\" \/>\n<meta property=\"og:site_name\" content=\"SHA Scheffler Helbich Architekten GmbH\" \/>\n<meta property=\"article:modified_time\" content=\"2024-08-28T13:01:43+00:00\" \/>\n<meta name=\"twitter:card\" content=\"summary_large_image\" \/>\n<meta name=\"twitter:label1\" content=\"Szacowany czas czytania\" \/>\n\t<meta name=\"twitter:data1\" content=\"5 minut\" \/>\n<script type=\"application\/ld+json\" class=\"yoast-schema-graph\">{\"@context\":\"https:\\\/\\\/schema.org\",\"@graph\":[{\"@type\":\"WebPage\",\"@id\":\"https:\\\/\\\/sha.de\\\/pl\\\/kariera\\\/niezamowiony-wniosek\",\"url\":\"https:\\\/\\\/sha.de\\\/pl\\\/kariera\\\/niezamowiony-wniosek\",\"name\":\"Niezam\u00f3wiony wniosek | SHA Scheffler Helbich Architekten GmbH\",\"isPartOf\":{\"@id\":\"https:\\\/\\\/sha.de\\\/pl#website\"},\"datePublished\":\"2019-11-11T13:48:39+00:00\",\"dateModified\":\"2024-08-28T13:01:43+00:00\",\"description\":\"Przyjrzeli si\u0119 Pa\u0144stwo naszym ofertom pracy, ale niestety nie znale\u017ali Pa\u0144stwo odpowiedniej dla siebie? Czekamy na Pa\u0144stwa niezam\u00f3wion\u0105 aplikacj\u0119.\",\"breadcrumb\":{\"@id\":\"https:\\\/\\\/sha.de\\\/pl\\\/kariera\\\/niezamowiony-wniosek#breadcrumb\"},\"inLanguage\":\"pl-PL\",\"potentialAction\":[{\"@type\":\"ReadAction\",\"target\":[\"https:\\\/\\\/sha.de\\\/pl\\\/kariera\\\/niezamowiony-wniosek\"]}]},{\"@type\":\"BreadcrumbList\",\"@id\":\"https:\\\/\\\/sha.de\\\/pl\\\/kariera\\\/niezamowiony-wniosek#breadcrumb\",\"itemListElement\":[{\"@type\":\"ListItem\",\"position\":1,\"name\":\"Startseite\",\"item\":\"https:\\\/\\\/sha.de\\\/pl\"},{\"@type\":\"ListItem\",\"position\":2,\"name\":\"Kariera\",\"item\":\"https:\\\/\\\/sha.de\\\/pl\\\/kariera\"},{\"@type\":\"ListItem\",\"position\":3,\"name\":\"Niezam\u00f3wiony wniosek\"}]},{\"@type\":\"WebSite\",\"@id\":\"https:\\\/\\\/sha.de\\\/pl#website\",\"url\":\"https:\\\/\\\/sha.de\\\/pl\",\"name\":\"SHA Scheffler Helbich Architekten GmbH\",\"description\":\"\",\"potentialAction\":[{\"@type\":\"SearchAction\",\"target\":{\"@type\":\"EntryPoint\",\"urlTemplate\":\"https:\\\/\\\/sha.de\\\/pl?s={search_term_string}\"},\"query-input\":{\"@type\":\"PropertyValueSpecification\",\"valueRequired\":true,\"valueName\":\"search_term_string\"}}],\"inLanguage\":\"pl-PL\"}]}<\/script>\n<!-- \/ Yoast SEO plugin. -->","yoast_head_json":{"title":"Niezam\u00f3wiony wniosek | SHA Scheffler Helbich Architekten GmbH","description":"Przyjrzeli si\u0119 Pa\u0144stwo naszym ofertom pracy, ale niestety nie znale\u017ali Pa\u0144stwo odpowiedniej dla siebie? Czekamy na Pa\u0144stwa niezam\u00f3wion\u0105 aplikacj\u0119.","robots":{"index":"index","follow":"follow","max-snippet":"max-snippet:-1","max-image-preview":"max-image-preview:large","max-video-preview":"max-video-preview:-1"},"canonical":"https:\/\/sha.de\/pl\/kariera\/niezamowiony-wniosek","og_locale":"pl_PL","og_type":"article","og_title":"Niezam\u00f3wiony wniosek | SHA Scheffler Helbich Architekten GmbH","og_description":"Przyjrzeli si\u0119 Pa\u0144stwo naszym ofertom pracy, ale niestety nie znale\u017ali Pa\u0144stwo odpowiedniej dla siebie? Czekamy na Pa\u0144stwa niezam\u00f3wion\u0105 aplikacj\u0119.","og_url":"https:\/\/sha.de\/pl\/kariera\/niezamowiony-wniosek","og_site_name":"SHA Scheffler Helbich Architekten GmbH","article_modified_time":"2024-08-28T13:01:43+00:00","twitter_card":"summary_large_image","twitter_misc":{"Szacowany czas czytania":"5 minut"},"schema":{"@context":"https:\/\/schema.org","@graph":[{"@type":"WebPage","@id":"https:\/\/sha.de\/pl\/kariera\/niezamowiony-wniosek","url":"https:\/\/sha.de\/pl\/kariera\/niezamowiony-wniosek","name":"Niezam\u00f3wiony wniosek | SHA Scheffler Helbich Architekten GmbH","isPartOf":{"@id":"https:\/\/sha.de\/pl#website"},"datePublished":"2019-11-11T13:48:39+00:00","dateModified":"2024-08-28T13:01:43+00:00","description":"Przyjrzeli si\u0119 Pa\u0144stwo naszym ofertom pracy, ale niestety nie znale\u017ali Pa\u0144stwo odpowiedniej dla siebie? Czekamy na Pa\u0144stwa niezam\u00f3wion\u0105 aplikacj\u0119.","breadcrumb":{"@id":"https:\/\/sha.de\/pl\/kariera\/niezamowiony-wniosek#breadcrumb"},"inLanguage":"pl-PL","potentialAction":[{"@type":"ReadAction","target":["https:\/\/sha.de\/pl\/kariera\/niezamowiony-wniosek"]}]},{"@type":"BreadcrumbList","@id":"https:\/\/sha.de\/pl\/kariera\/niezamowiony-wniosek#breadcrumb","itemListElement":[{"@type":"ListItem","position":1,"name":"Startseite","item":"https:\/\/sha.de\/pl"},{"@type":"ListItem","position":2,"name":"Kariera","item":"https:\/\/sha.de\/pl\/kariera"},{"@type":"ListItem","position":3,"name":"Niezam\u00f3wiony wniosek"}]},{"@type":"WebSite","@id":"https:\/\/sha.de\/pl#website","url":"https:\/\/sha.de\/pl","name":"SHA Scheffler Helbich Architekten GmbH","description":"","potentialAction":[{"@type":"SearchAction","target":{"@type":"EntryPoint","urlTemplate":"https:\/\/sha.de\/pl?s={search_term_string}"},"query-input":{"@type":"PropertyValueSpecification","valueRequired":true,"valueName":"search_term_string"}}],"inLanguage":"pl-PL"}]}},"_links":{"self":[{"href":"https:\/\/sha.de\/pl\/wp-json\/wp\/v2\/pages\/38550","targetHints":{"allow":["GET"]}}],"collection":[{"href":"https:\/\/sha.de\/pl\/wp-json\/wp\/v2\/pages"}],"about":[{"href":"https:\/\/sha.de\/pl\/wp-json\/wp\/v2\/types\/page"}],"author":[{"embeddable":true,"href":"https:\/\/sha.de\/pl\/wp-json\/wp\/v2\/users\/1"}],"replies":[{"embeddable":true,"href":"https:\/\/sha.de\/pl\/wp-json\/wp\/v2\/comments?post=38550"}],"version-history":[{"count":6,"href":"https:\/\/sha.de\/pl\/wp-json\/wp\/v2\/pages\/38550\/revisions"}],"predecessor-version":[{"id":38581,"href":"https:\/\/sha.de\/pl\/wp-json\/wp\/v2\/pages\/38550\/revisions\/38581"}],"up":[{"embeddable":true,"href":"https:\/\/sha.de\/pl\/wp-json\/wp\/v2\/pages\/30050"}],"wp:attachment":[{"href":"https:\/\/sha.de\/pl\/wp-json\/wp\/v2\/media?parent=38550"}],"curies":[{"name":"wp","href":"https:\/\/api.w.org\/{rel}","templated":true}]}}