{"id":38637,"date":"2020-01-13T07:54:21","date_gmt":"2020-01-13T06:54:21","guid":{"rendered":"https:\/\/sha.de\/uslugi\/doradztwo"},"modified":"2024-08-28T15:01:49","modified_gmt":"2024-08-28T13:01:49","slug":"doradztwo","status":"publish","type":"page","link":"https:\/\/sha.de\/pl\/uslugi\/doradztwo","title":{"rendered":"Doradztwo"},"content":{"rendered":"<div id='av_section_1' class='avia-section main_color pt-default pb-default avia-no-border-styling avia-bg-style-scroll  avia-builder-el-0  el_before_av_section  avia-builder-el-first   container_wrap fullsize' style=' '  ><div class='container' ><main  role=\"main\" itemprop=\"mainContentOfPage\"  class='template-page content  av-content-full alpha units'><div class='post-entry post-entry-type-page post-entry-38637'><div class='entry-content-wrapper clearfix'>\n\n\t\t\t<div id=\"av-k55bagx6\" class=\"headline-column flex_column av_one_full flex_column_div first \">\n\t\t\t\t<div class=\"headline-wrap is-outside align-left sub-bottom\">\n\t\t\t\t\t<h1 class=\"headline-content headline-primary\">Doradztwo<\/h1>\n\t\t\t\t\t<h3 class=\"headline-content headline-secondary\">Pa\u0144stwa partner od A-Z<\/h3>\n\t\t\t\t<\/div>\n\t\t\t<\/div>\n<div class=\"flex_column av_two_third  flex_column_div av-zero-column-padding first bg-default  service img-left   avia-builder-el-2  el_after_pixel_sc_headline  el_before_av_one_third  w-1023-half \" style=\"background-image: url(https:\/\/sha.de\/wp-content\/uploads\/065-Moods-SHA-Dortmund-Juli-2021-web-2.jpg); background-position: center right; background-repeat: no-repeat; background-size: cover; \"><\/div><div class=\"flex_column av_one_third  flex_column_div av-zero-column-padding  bg-default border-bottom   img-left   avia-builder-el-3  el_after_av_two_third  avia-builder-el-last  w-1023-half \"><section  class='av_textblock_section av-k55baqys-76fd3ab987b8edeb983c11dbb0a25821 '   itemscope=\"itemscope\" itemtype=\"https:\/\/schema.org\/CreativeWork\" ><div class='avia_textblock'  itemprop=\"text\" ><h3>Doradztwo przed rozpocz\u0119ciem projektu<\/h3>\n<p>Planowanie projektu budowlanego rozpoczyna si\u0119 na d\u0142ugo przed narysowaniem pierwszej linii przez architekta: Jako specjali\u015bci od ca\u0142ego projektu, doradzamy Pa\u0144stwu we wszystkich aspektach budowy. Wspieramy Pa\u0144stwa w opracowywaniu warunk\u00f3w ramowych i zada\u0144 na d\u0142ugo przed rozpocz\u0119ciem planowania. Wsp\u00f3lnie z Pa\u0144stwem k\u0142adziemy podwaliny pod udany projekt, doradzaj\u0105c w pocz\u0105tkowej fazie i rozwa\u017caj\u0105c podstawowe opcje rozwoju: Czy nowe zastosowanie jest mo\u017cliwe w istniej\u0105cym budynku z lub bez przebudowy? Czy potrzebuj\u0105 Pa\u0144stwo dodatkowego lub nowego budynku? Jak wygl\u0105da kwestia odpowiedniej dzia\u0142ki i jakich ogranicze\u0144 wynikaj\u0105cych z przepis\u00f3w, rozporz\u0105dze\u0144 i ustaw nale\u017cy przestrzega\u0107? Kt\u00f3re decyzje maj\u0105 znaczenie dla koszt\u00f3w lub czasu budowy?<\/p>\n<\/div><\/section><\/div>\n\n<\/div><\/div><\/main><!-- close content main element --><\/div><\/div><div id='av_section_2' class='avia-section main_color pt-default pb-default avia-no-border-styling avia-bg-style-scroll  avia-builder-el-5  el_after_av_section  el_before_av_section   container_wrap fullsize' style=' '  ><div class='container' ><div class='template-page content  av-content-full alpha units'><div class='post-entry post-entry-type-page post-entry-38637'><div class='entry-content-wrapper clearfix'>\n<div class=\"flex_column av_one_third  flex_column_div av-zero-column-padding first bg-default border-bottom   img-left   avia-builder-el-6  el_before_av_one_third  avia-builder-el-first  w-1023-half \"><section  class='av_textblock_section av-k55baqys-9-4c20cb2ab722c4c625da88e31e2a79a5 '   itemscope=\"itemscope\" itemtype=\"https:\/\/schema.org\/CreativeWork\" ><div class='avia_textblock'  itemprop=\"text\" ><h3>Ocena potrzeb specyficznych dla sektora<\/h3>\n<p>Budowanie rzadko jest celem samym w sobie. W wi\u0119kszo\u015bci przypadk\u00f3w budowanie jest wynikiem optymalizacji procesu. Zawsze koncentrujemy si\u0119 na pytaniu, kt\u00f3re \u015brodki mog\u0105 skutecznie wspiera\u0107 lub upraszcza\u0107 odpowiednie procesy biznesowe firmy.  <\/p>\n<p>Zrozumienie istniej\u0105cego portfolio i wiedza na temat mo\u017cliwo\u015bci rozwoju to dwa kluczowe czynniki w prawid\u0142owej ocenie wymaga\u0144 firmy. Doradzamy i wspieramy Pa\u0144stwa w okre\u015blaniu wymaga\u0144 dzi\u0119ki naszej specjalistycznej wiedzy bran\u017cowej.<\/p>\n<\/div><\/section><\/div><div class=\"flex_column av_one_third  flex_column_div av-zero-column-padding  bg-default  fill img-left   avia-builder-el-8  el_after_av_one_third  el_before_av_one_third  w-1023-half \" style=\"background-image: url(https:\/\/sha.de\/wp-content\/uploads\/060-Moods-SHA-Dortmund-Juli-2021-706x368.jpg); background-position: center center; background-repeat: no-repeat; background-size: cover; \"><\/div><div class=\"flex_column av_one_third  flex_column_div av-zero-column-padding  bg-default  fill img-left   avia-builder-el-9  el_after_av_one_third  avia-builder-el-last  w-1023-full w-1023-ml-off w-1023-ctm \" style=\"background-image: url(https:\/\/sha.de\/wp-content\/uploads\/Stadteingang-blau-706x564.jpg); background-position: center center; background-repeat: no-repeat; background-size: cover; \"><\/div><\/div><\/div><\/div><!-- close content main div --><\/div><\/div><div id='av_section_3' class='avia-section main_color pt-default pb-default avia-no-border-styling avia-bg-style-scroll  avia-builder-el-10  el_after_av_section  el_before_av_section   container_wrap fullsize' style=' '  ><div class='container' ><div class='template-page content  av-content-full alpha units'><div class='post-entry post-entry-type-page post-entry-38637'><div class='entry-content-wrapper clearfix'>\n<div class=\"flex_column av_one_third  flex_column_div av-zero-column-padding first bg-default  fill img-left   avia-builder-el-11  el_before_av_one_third  avia-builder-el-first  w-1023-half \" style=\"background-image: url(https:\/\/sha.de\/wp-content\/uploads\/massstab_srgb-F\u00fcllfoto-706x564.jpg); background-position: center center; background-repeat: no-repeat; background-size: cover; \"><\/div><div class=\"flex_column av_one_third  flex_column_div av-zero-column-padding  bg-default border-bottom   img-left   avia-builder-el-12  el_after_av_one_third  el_before_av_one_third  w-1023-half \"><section  class='av_textblock_section av-k55baqys-6-2201cada4e51a6b2c48b894346007508 '   itemscope=\"itemscope\" itemtype=\"https:\/\/schema.org\/CreativeWork\" ><div class='avia_textblock'  itemprop=\"text\" ><h3>Program pomieszcze\u0144 i funkcji:<br \/>\nOpracowanie schematu organizacyjnego<\/h3>\n<p>Przyczyn\u0105 projektu budowlanego jest cz\u0119sto konieczna restrukturyzacja przestrzenna i reorganizacja istniej\u0105cych funkcji. Na podstawie Pa\u0144stwa specyfikacji i naszej analizy opracowujemy dla Pa\u0144stwa skoordynowane programy pomieszcze\u0144 i funkcjonalno\u015bci, kt\u00f3re \u0142\u0105cz\u0105 potrzeby u\u017cytkownik\u00f3w w spos\u00f3b ekonomiczny i architektoniczny.  <\/p>\n<p>Na tym etapie mo\u017cemy ju\u017c przedstawi\u0107 Pa\u0144stwu wst\u0119pne, przybli\u017cone prognozy koszt\u00f3w w oparciu o dost\u0119pne dane dotycz\u0105ce metr\u00f3w kwadratowych.<\/p>\n<\/div><\/section><\/div><div class=\"flex_column av_one_third  flex_column_div av-zero-column-padding  bg-default border-bottom   img-left   avia-builder-el-14  el_after_av_one_third  avia-builder-el-last  w-1023-full w-1023-ctm \"><section  class='av_textblock_section av-k55baqys-1-5559a95b6f073edc9fbdf2054bce7627 '   itemscope=\"itemscope\" itemtype=\"https:\/\/schema.org\/CreativeWork\" ><div class='avia_textblock'  itemprop=\"text\" ><h3>Analiza w\u0142a\u015bciwo\u015bci:<br \/>\nCzynniki lokalizacji i genialne loci<\/h3>\n<p>Wyb\u00f3r w\u0142a\u015bciwej lokalizacji jest jednym z najwa\u017cniejszych czynnik\u00f3w sukcesu z logistycznego i ekonomicznego punktu widzenia. W wi\u0119kszo\u015bci przypadk\u00f3w uk\u0142ad, orientacja i po\u0142\u0105czenie nieruchomo\u015bci s\u0105 zewn\u0119trznymi czynnikami wp\u0142ywaj\u0105cymi na p\u00f3\u017aniejsz\u0105 struktur\u0119 budynku. Konieczne jest ju\u017c sprawdzenie, czy wewn\u0119trzne procesy budynku mog\u0105 by\u0107 umieszczone na dzia\u0142ce. Jednocze\u015bnie na wczesnym etapie nale\u017cy uwzgl\u0119dni\u0107 istniej\u0105ce warunki glebowe i gruntowe, aby zagwarantowa\u0107 pewno\u015b\u0107 koszt\u00f3w i harmonogramu na etapie planowania i realizacji. Doradzamy i wspieramy Pa\u0144stwa w poszukiwaniu odpowiedniej lokalizacji.<\/p>\n<\/div><\/section><\/div>\n<\/p>\n<\/div><\/div><\/div><!-- close content main div --><\/div><\/div><div id='av_section_4' class='avia-section main_color pt-large pb-large avia-no-border-styling avia-bg-style-scroll  avia-builder-el-16  el_after_av_section  avia-builder-el-last   container_wrap fullsize' style=' '  ><div class='container' ><div class='template-page content  av-content-full alpha units'><div class='post-entry post-entry-type-page post-entry-38637'><div class='entry-content-wrapper clearfix'>\n\n\t\t\t<div id=\"av-k55bagx6-12\" class=\"headline-column flex_column av_one_full flex_column_div first \">\n\t\t\t\t<div class=\"headline-wrap is-outside align-center sub-bottom\">\n\t\t\t\t\t<h2 class=\"headline-content headline-primary\">Inne us\u0142ugi z naszego portfolio<\/h2>\n\t\t\t\t\t<h3 class=\"headline-content headline-secondary\">Nasz kompleksowy zakres us\u0142ug<\/h3>\n\t\t\t\t<\/div>\n\t\t\t<\/div>\n<ul class=\"icon-row leistungen \">\n\t<li class=\"icon-row__entry beratung\">\n\t\t<a class=\"icon-row__entry-link\" href=\"https:\/\/sha.de\/leistungen\/beratung\">\n\t\t\t<div class=\"icon-row__entry-image\">\n\t\t\t\t<div class=\"entry-image-svg\"><\/div>\n\t\t\t\t<!-- <div class=\"entry-image-hover\"><\/div> -->\n\t\t\t<\/div>\n\t\t\t<div class=\"icon-row__entry-text\">Doradztwo<\/div>\n\t\t<\/a>\n\t<\/li>\n\t<li class=\"icon-row__entry konzept\">\n\t\t<a class=\"icon-row__entry-link\" href=\"https:\/\/sha.de\/leistungen\/analyse-und-konzept\">\n\t\t\t<div class=\"icon-row__entry-image\">\n\t\t\t\t<div class=\"entry-image-svg\"><\/div>\n\t\t\t\t<!-- <div class=\"entry-image-hover\"><\/div> -->\n\t\t\t<\/div>\n\t\t\t<div class=\"icon-row__entry-text\">Analiza i koncepcja<\/div>\n\t\t<\/a>\n\t<\/li>\n\t<li class=\"icon-row__entry planung\">\n\t\t<a class=\"icon-row__entry-link\" href=\"https:\/\/sha.de\/leistungen\/planung-und-koordination\">\n\t\t\t<div class=\"icon-row__entry-image\">\n\t\t\t\t<div class=\"entry-image-svg\"><\/div>\n\t\t\t\t<!-- <div class=\"entry-image-hover\"><\/div> -->\n\t\t\t<\/div>\n\t\t\t<div class=\"icon-row__entry-text\">Planowanie i koordynacja<\/div>\n\t\t<\/a>\n\t<\/li>\n\t<li class=\"icon-row__entry realisierung\">\n\t\t<a class=\"icon-row__entry-link\" href=\"https:\/\/sha.de\/leistungen\/realisierung\">\n\t\t\t<div class=\"icon-row__entry-image\">\n\t\t\t\t<div class=\"entry-image-svg\"><\/div>\n\t\t\t\t<!-- <div class=\"entry-image-hover\"><\/div> -->\n\t\t\t<\/div>\n\t\t\t<div class=\"icon-row__entry-text\">Realizacja<\/div>\n\t\t<\/a>\n\t<\/li>\n\t<li class=\"icon-row__entry nachbetreuung\">\n\t\t<a class=\"icon-row__entry-link\" href=\"https:\/\/sha.de\/leistungen\/nachbetreuung\">\n\t\t\t<div class=\"icon-row__entry-image\">\n\t\t\t\t<div class=\"entry-image-svg\"><\/div>\n\t\t\t\t<!-- <div class=\"entry-image-hover\"><\/div> -->\n\t\t\t<\/div>\n\t\t\t<div class=\"icon-row__entry-text\">Opieka posprzeda\u017cowa<\/div>\n\t\t<\/a>\n\t<\/li>\n<\/ul>\n\n\n","protected":false},"excerpt":{"rendered":"","protected":false},"author":1,"featured_media":0,"parent":30196,"menu_order":1,"comment_status":"closed","ping_status":"closed","template":"","meta":{"_acf_changed":false,"content-type":"","footnotes":""},"class_list":["post-38637","page","type-page","status-publish","hentry"],"acf":[],"yoast_head":"<!-- This site is optimized with the Yoast SEO plugin v27.4 - https:\/\/yoast.com\/product\/yoast-seo-wordpress\/ -->\n<title>Kompleksowe doradztwo architektoniczne | SHA Architekten<\/title>\n<meta name=\"description\" content=\"Od pocz\u0105tku projektu po opiek\u0119 posprzeda\u017cow\u0105: SHA oferuje okre\u015blenie specyfiki bran\u017cy, szczeg\u00f3\u0142owy program powierzchni i precyzyjne analizy nieruchomo\u015bci \u27a7 Prosz\u0119 skontaktowa\u0107 si\u0119 z nami ju\u017c teraz\" \/>\n<meta name=\"robots\" content=\"index, follow, max-snippet:-1, max-image-preview:large, max-video-preview:-1\" \/>\n<link rel=\"canonical\" href=\"https:\/\/sha.de\/pl\/uslugi\/doradztwo\" \/>\n<meta property=\"og:locale\" content=\"pl_PL\" \/>\n<meta property=\"og:type\" content=\"article\" \/>\n<meta property=\"og:title\" content=\"Kompleksowe doradztwo architektoniczne | SHA Architekten\" \/>\n<meta property=\"og:description\" content=\"Od pocz\u0105tku projektu po opiek\u0119 posprzeda\u017cow\u0105: SHA oferuje okre\u015blenie specyfiki bran\u017cy, szczeg\u00f3\u0142owy program powierzchni i precyzyjne analizy nieruchomo\u015bci \u27a7 Prosz\u0119 skontaktowa\u0107 si\u0119 z nami ju\u017c teraz\" \/>\n<meta property=\"og:url\" content=\"https:\/\/sha.de\/pl\/uslugi\/doradztwo\" \/>\n<meta property=\"og:site_name\" content=\"SHA Scheffler Helbich Architekten GmbH\" \/>\n<meta property=\"article:modified_time\" content=\"2024-08-28T13:01:49+00:00\" \/>\n<meta name=\"twitter:card\" content=\"summary_large_image\" \/>\n<meta name=\"twitter:label1\" content=\"Szacowany czas czytania\" \/>\n\t<meta name=\"twitter:data1\" content=\"11 minut\" \/>\n<script type=\"application\/ld+json\" class=\"yoast-schema-graph\">{\"@context\":\"https:\\\/\\\/schema.org\",\"@graph\":[{\"@type\":\"WebPage\",\"@id\":\"https:\\\/\\\/sha.de\\\/pl\\\/uslugi\\\/doradztwo\",\"url\":\"https:\\\/\\\/sha.de\\\/pl\\\/uslugi\\\/doradztwo\",\"name\":\"Kompleksowe doradztwo architektoniczne | SHA Architekten\",\"isPartOf\":{\"@id\":\"https:\\\/\\\/sha.de\\\/pl#website\"},\"datePublished\":\"2020-01-13T06:54:21+00:00\",\"dateModified\":\"2024-08-28T13:01:49+00:00\",\"description\":\"Od pocz\u0105tku projektu po opiek\u0119 posprzeda\u017cow\u0105: SHA oferuje okre\u015blenie specyfiki bran\u017cy, szczeg\u00f3\u0142owy program powierzchni i precyzyjne analizy nieruchomo\u015bci \u27a7 Prosz\u0119 skontaktowa\u0107 si\u0119 z nami ju\u017c teraz\",\"breadcrumb\":{\"@id\":\"https:\\\/\\\/sha.de\\\/pl\\\/uslugi\\\/doradztwo#breadcrumb\"},\"inLanguage\":\"pl-PL\",\"potentialAction\":[{\"@type\":\"ReadAction\",\"target\":[\"https:\\\/\\\/sha.de\\\/pl\\\/uslugi\\\/doradztwo\"]}]},{\"@type\":\"BreadcrumbList\",\"@id\":\"https:\\\/\\\/sha.de\\\/pl\\\/uslugi\\\/doradztwo#breadcrumb\",\"itemListElement\":[{\"@type\":\"ListItem\",\"position\":1,\"name\":\"Startseite\",\"item\":\"https:\\\/\\\/sha.de\\\/pl\"},{\"@type\":\"ListItem\",\"position\":2,\"name\":\"Us\u0142ugi\",\"item\":\"https:\\\/\\\/sha.de\\\/pl\\\/uslugi\"},{\"@type\":\"ListItem\",\"position\":3,\"name\":\"Doradztwo\"}]},{\"@type\":\"WebSite\",\"@id\":\"https:\\\/\\\/sha.de\\\/pl#website\",\"url\":\"https:\\\/\\\/sha.de\\\/pl\",\"name\":\"SHA Scheffler Helbich Architekten GmbH\",\"description\":\"\",\"potentialAction\":[{\"@type\":\"SearchAction\",\"target\":{\"@type\":\"EntryPoint\",\"urlTemplate\":\"https:\\\/\\\/sha.de\\\/pl?s={search_term_string}\"},\"query-input\":{\"@type\":\"PropertyValueSpecification\",\"valueRequired\":true,\"valueName\":\"search_term_string\"}}],\"inLanguage\":\"pl-PL\"}]}<\/script>\n<!-- \/ Yoast SEO plugin. -->","yoast_head_json":{"title":"Kompleksowe doradztwo architektoniczne | SHA Architekten","description":"Od pocz\u0105tku projektu po opiek\u0119 posprzeda\u017cow\u0105: SHA oferuje okre\u015blenie specyfiki bran\u017cy, szczeg\u00f3\u0142owy program powierzchni i precyzyjne analizy nieruchomo\u015bci \u27a7 Prosz\u0119 skontaktowa\u0107 si\u0119 z nami ju\u017c teraz","robots":{"index":"index","follow":"follow","max-snippet":"max-snippet:-1","max-image-preview":"max-image-preview:large","max-video-preview":"max-video-preview:-1"},"canonical":"https:\/\/sha.de\/pl\/uslugi\/doradztwo","og_locale":"pl_PL","og_type":"article","og_title":"Kompleksowe doradztwo architektoniczne | SHA Architekten","og_description":"Od pocz\u0105tku projektu po opiek\u0119 posprzeda\u017cow\u0105: SHA oferuje okre\u015blenie specyfiki bran\u017cy, szczeg\u00f3\u0142owy program powierzchni i precyzyjne analizy nieruchomo\u015bci \u27a7 Prosz\u0119 skontaktowa\u0107 si\u0119 z nami ju\u017c teraz","og_url":"https:\/\/sha.de\/pl\/uslugi\/doradztwo","og_site_name":"SHA Scheffler Helbich Architekten GmbH","article_modified_time":"2024-08-28T13:01:49+00:00","twitter_card":"summary_large_image","twitter_misc":{"Szacowany czas czytania":"11 minut"},"schema":{"@context":"https:\/\/schema.org","@graph":[{"@type":"WebPage","@id":"https:\/\/sha.de\/pl\/uslugi\/doradztwo","url":"https:\/\/sha.de\/pl\/uslugi\/doradztwo","name":"Kompleksowe doradztwo architektoniczne | SHA Architekten","isPartOf":{"@id":"https:\/\/sha.de\/pl#website"},"datePublished":"2020-01-13T06:54:21+00:00","dateModified":"2024-08-28T13:01:49+00:00","description":"Od pocz\u0105tku projektu po opiek\u0119 posprzeda\u017cow\u0105: SHA oferuje okre\u015blenie specyfiki bran\u017cy, szczeg\u00f3\u0142owy program powierzchni i precyzyjne analizy nieruchomo\u015bci \u27a7 Prosz\u0119 skontaktowa\u0107 si\u0119 z nami ju\u017c teraz","breadcrumb":{"@id":"https:\/\/sha.de\/pl\/uslugi\/doradztwo#breadcrumb"},"inLanguage":"pl-PL","potentialAction":[{"@type":"ReadAction","target":["https:\/\/sha.de\/pl\/uslugi\/doradztwo"]}]},{"@type":"BreadcrumbList","@id":"https:\/\/sha.de\/pl\/uslugi\/doradztwo#breadcrumb","itemListElement":[{"@type":"ListItem","position":1,"name":"Startseite","item":"https:\/\/sha.de\/pl"},{"@type":"ListItem","position":2,"name":"Us\u0142ugi","item":"https:\/\/sha.de\/pl\/uslugi"},{"@type":"ListItem","position":3,"name":"Doradztwo"}]},{"@type":"WebSite","@id":"https:\/\/sha.de\/pl#website","url":"https:\/\/sha.de\/pl","name":"SHA Scheffler Helbich Architekten GmbH","description":"","potentialAction":[{"@type":"SearchAction","target":{"@type":"EntryPoint","urlTemplate":"https:\/\/sha.de\/pl?s={search_term_string}"},"query-input":{"@type":"PropertyValueSpecification","valueRequired":true,"valueName":"search_term_string"}}],"inLanguage":"pl-PL"}]}},"_links":{"self":[{"href":"https:\/\/sha.de\/pl\/wp-json\/wp\/v2\/pages\/38637","targetHints":{"allow":["GET"]}}],"collection":[{"href":"https:\/\/sha.de\/pl\/wp-json\/wp\/v2\/pages"}],"about":[{"href":"https:\/\/sha.de\/pl\/wp-json\/wp\/v2\/types\/page"}],"author":[{"embeddable":true,"href":"https:\/\/sha.de\/pl\/wp-json\/wp\/v2\/users\/1"}],"replies":[{"embeddable":true,"href":"https:\/\/sha.de\/pl\/wp-json\/wp\/v2\/comments?post=38637"}],"version-history":[{"count":1,"href":"https:\/\/sha.de\/pl\/wp-json\/wp\/v2\/pages\/38637\/revisions"}],"predecessor-version":[{"id":38642,"href":"https:\/\/sha.de\/pl\/wp-json\/wp\/v2\/pages\/38637\/revisions\/38642"}],"up":[{"embeddable":true,"href":"https:\/\/sha.de\/pl\/wp-json\/wp\/v2\/pages\/30196"}],"wp:attachment":[{"href":"https:\/\/sha.de\/pl\/wp-json\/wp\/v2\/media?parent=38637"}],"curies":[{"name":"wp","href":"https:\/\/api.w.org\/{rel}","templated":true}]}}