{"id":38806,"date":"2020-01-08T13:57:58","date_gmt":"2020-01-08T12:57:58","guid":{"rendered":"https:\/\/sha.de\/kariera\/sha-jako-pracodawca"},"modified":"2024-08-28T15:02:11","modified_gmt":"2024-08-28T13:02:11","slug":"sha-jako-pracodawca","status":"publish","type":"page","link":"https:\/\/sha.de\/pl\/kariera\/sha-jako-pracodawca","title":{"rendered":"SHA jako pracodawca"},"content":{"rendered":"<div id='av_section_1' class='avia-section main_color pt-default pb-default avia-no-border-styling avia-bg-style-scroll  avia-builder-el-0  el_before_av_section  avia-builder-el-first   container_wrap fullsize' style=' '  ><div class='container' ><main  role=\"main\" itemprop=\"mainContentOfPage\"  class='template-page content  av-content-full alpha units'><div class='post-entry post-entry-type-page post-entry-38806'><div class='entry-content-wrapper clearfix'>\n\n\t\t\t<div id=\"av-k55bagx6\" class=\"headline-column flex_column av_one_full flex_column_div first \">\n\t\t\t\t<div class=\"headline-wrap is-outside align-left sub-bottom\">\n\t\t\t\t\t<h1 class=\"headline-content headline-primary\">Co Pa\u0144stwu oferujemy<\/h1>\n\t\t\t\t\t<h3 class=\"headline-content headline-secondary\">SHA jako pracodawca<\/h3>\n\t\t\t\t<\/div>\n\t\t\t<\/div>\n<div class=\"flex_column av_one_third  flex_column_div av-zero-column-padding first bg-default border-bottom connected  img-left   avia-builder-el-2  el_after_pixel_sc_headline  el_before_av_one_third  w-1023-half \"><section  class='av_textblock_section av-k55baqys-574ab31680f910a237e7ede106711d9f '   itemscope=\"itemscope\" itemtype=\"https:\/\/schema.org\/CreativeWork\" ><div class='avia_textblock'  itemprop=\"text\" ><p>Jeste\u015bmy nie tylko firm\u0105 rodzinn\u0105, ale r\u00f3wnie\u017c \u017cyjemy zgodnie z tym podej\u015bciem. Prosz\u0119 da\u0107 naszym kolegom wiatr w plecy w ka\u017cdej sytuacji. W ko\u0144cu firma jest tylko tak dobra, jak jej pracownicy, kt\u00f3rzy ka\u017cdego dnia opanowuj\u0105 ma\u0142e i du\u017ce codzienne zadania. Tworzymy \u015brodowisko, w kt\u00f3rym mog\u0105 Pa\u0144stwo czu\u0107 si\u0119 komfortowo. W\u0142a\u015bciwa atmosfera pracy powstaje wtedy samoistnie.<\/p>\n<p>SHA umo\u017cliwia bardzo r\u00f3\u017cne modele czasu pracy w zale\u017cno\u015bci od Pa\u0144stwa sytuacji \u017cyciowej. 40 czy 26 godzin, 4-dniowy tydzie\u0144 pracy czy elastyczne biuro domowe: wsp\u00f3lnie znajdziemy rozwi\u0105zania dla Pa\u0144stwa i naszego pomys\u0142u na wsp\u00f3\u0142prac\u0119. To samo dotyczy strajku w przedszkolu lub ograniczonych godzin konsultacji u lekarza.<\/p>\n<\/div><\/section><\/div><div class=\"flex_column av_one_third  flex_column_div av-zero-column-padding  bg-default border-bottom   img-left   avia-builder-el-4  el_after_av_one_third  el_before_av_one_third  w-1023-half \"><section  class='av_textblock_section av-k55baqys-12-19bca22979aa7e5f2089d2cd2d783e2f '   itemscope=\"itemscope\" itemtype=\"https:\/\/schema.org\/CreativeWork\" ><div class='avia_textblock'  itemprop=\"text\" ><p>Je\u015bli ci\u0119\u017cko Pan pracuje, powinien Pan co\u015b z tego mie\u0107. Wymagane nadgodziny s\u0105 uczciwie op\u0142acane w SHA lub mog\u0105 by\u0107 odebrane jako czas wolny po uzgodnieniu. Jak zarz\u0105dza Pan swoimi projektami? Wewn\u0119trzny transfer wiedzy jest dla nas bardzo wa\u017cny.<\/p>\n<p>Nie prowadzimy wyk\u0142ad\u00f3w, ale wchodzimy ze sob\u0105 w dialog. R\u00f3wnie\u017c o b\u0142\u0119dach. I zawsze konstruktywnie, z otwartym i uczciwym podej\u015bciem. Regularne informacje zwrotne i rozmowy oceniaj\u0105ce pomagaj\u0105 ka\u017cdemu pracownikowi i firmie rozwija\u0107 si\u0119. Mamy p\u0142ask\u0105 hierarchi\u0119, jasno okre\u015blone obowi\u0105zki i oferujemy dobre mo\u017cliwo\u015bci kariery.<\/p>\n<\/div><\/section><\/div><div class=\"flex_column av_one_third  flex_column_div av-zero-column-padding  bg-grey   img-left   avia-builder-el-6  el_after_av_one_third  avia-builder-el-last  w-1023-full w-1023-ctm \"><div class=\"factlist-wrap  avia-builder-el-7  avia-builder-el-no-sibling \"><h4>W <strong>skr\u00f3cie<\/strong><\/h4><ul class=\"factlist\"><li class=\"factlist__entry av-1z1iu7\"><span class=\"\">Firma rodzinna w czwartym pokoleniu<\/span><p class=\"factlist__entry-desc\"><\/p><\/li><li class=\"factlist__entry av-5u7drz\"><span class=\"\">Elastyczne modele czasu pracy<\/span><p class=\"factlist__entry-desc\"><\/p><\/li><li class=\"factlist__entry av-dyp2n\"><span class=\"\">Opieka zdrowotna w miejscu pracy<\/span><p class=\"factlist__entry-desc\"><\/p><\/li><li class=\"factlist__entry av-2a5opb\"><span class=\"\">Nowoczesne miejsca pracy w innowacyjnym budynku biurowym i zawsze najnowsze oprogramowanie do planowania<\/span><p class=\"factlist__entry-desc\"><\/p><\/li><li class=\"factlist__entry av-2i0lvz\"><span class=\"\">przez FOCUS Business jako <strong><a href=&quot;https:\/\/sha.de\/pl\/aktuelles\/wyrozniony-sha-jako-najlepszy-pracodawca-dla-srednich-firm-2020&quot;>&quot;Najlepszy pracodawca dla \u015brednich przedsi\u0119biorstw 2020&quot;<\/a><\/strong> i <strong>2021<\/strong> wyr\u00f3\u017cniony<\/span><p class=\"factlist__entry-desc\"><\/p><\/li><li class=\"factlist__entry av-3wkqkv\"><span class=\"\">Uhonorowany nagrod\u0105 <strong><a href=&quot;https:\/\/sha.de\/pl\/aktuelles\/sha-otrzymuje-nagrode-total-e-quality-za-rownosc-szans&quot;>nagrod\u0105 &quot;TOTAL E-QUALITY&quot; za r\u00f3wno\u015b\u0107 szans&quot;<\/a><\/strong><\/span><p class=\"factlist__entry-desc\"><\/p><\/li><li class=\"factlist__entry av-2wzg1b\"><span class=\"\">Cz\u0142onek sieci <strong><a href=&quot;https:\/\/sha.de\/pl\/aktuelles\/sha-jest-czlonkiem-sieci-success-factor-family&quot;>&quot;Rodzina czynnik\u00f3w sukcesu&quot;<\/a><\/strong><\/span><p class=\"factlist__entry-desc\"><\/p><\/li><\/ul><\/div><\/div><\/div><\/div><\/main><!-- close content main element --><\/div><\/div><div id='av_section_2' class='avia-section main_color pt-default pb-default avia-no-border-styling avia-bg-style-scroll  avia-builder-el-8  el_after_av_section  el_before_av_section   container_wrap fullsize' style=' '  ><div class='container' ><div class='template-page content  av-content-full alpha units'><div class='post-entry post-entry-type-page post-entry-38806'><div class='entry-content-wrapper clearfix'>\n<div class=\"flex_column av_one_third  flex_column_div av-zero-column-padding first bg-default connected fill img-left   avia-builder-el-9  el_before_av_one_third  avia-builder-el-first  w-1023-full \" style=\"background-image: url(https:\/\/sha.de\/wp-content\/uploads\/Firmenlauf_2019-4-1030x773.jpg); background-position: center center; background-repeat: no-repeat; background-size: cover; \"><\/div><div class=\"flex_column av_one_third  flex_column_div av-zero-column-padding  bg-default border-bottom connected  img-left   avia-builder-el-10  el_after_av_one_third  el_before_av_one_third  w-1023-half w-1023-ctm w-1023-reset w-1023-ml-off \"><section  class='av_textblock_section av-k55baqys-10-a2ecba450abd69539e4b0bf6b947d6cf '   itemscope=\"itemscope\" itemtype=\"https:\/\/schema.org\/CreativeWork\" ><div class='avia_textblock'  itemprop=\"text\" ><h3>Promocja zdrowia w codziennym \u017cyciu zawodowym<\/h3>\n<p>Niestety, ruch jest czasami zaniedbywany w codziennym \u017cyciu biurowym. Podejmujemy \u015brodki zaradcze i robimy co\u015b w celu zapobiegania: z nasz\u0105 w\u0142asn\u0105 firmow\u0105 grup\u0105 sportow\u0105, kt\u00f3ra spotyka si\u0119 co tydzie\u0144, aby biega\u0107, koordynowa\u0107 i trenowa\u0107 fitness. Dzi\u0119ki elastycznym stanowiskom do pracy w pozycji siedz\u0105cej i ergonomicznym akcesoriom komputerowym. Bior\u0105c udzia\u0142 w biegach firmowych w Dortmundzie. Z mo\u017cliwo\u015bci\u0105 wypo\u017cyczenia roweru elektrycznego na czas dojazdu do pracy. Czy to sprawia, \u017ce si\u0119 pan poci? Nie ma problemu. Prysznice s\u0105 dost\u0119pne w Phoenixwerk.<\/p>\n<p>Je\u015bli uprawia Pan sport, potrzebuje Pan zapas\u00f3w. A tak\u017ce osoba pracuj\u0105ca nad bie\u017c\u0105cymi planami projektu. Woda i \u015bwie\u017ce owoce s\u0105 dost\u0119pne: Prosz\u0119 si\u0119 cz\u0119stowa\u0107!<\/p>\n<\/div><\/section><\/div><div class=\"flex_column av_one_third  flex_column_div av-zero-column-padding  bg-default border-bottom   img-left   avia-builder-el-12  el_after_av_one_third  avia-builder-el-last  w-1023-half w-1023-ctm w-1023-reset \"><p>\n<style type=\"text\/css\" data-created_by=\"avia_inline_auto\" id=\"style-css-av-27oy9b-2c68b9c521398cde06b76015e5a63e8f\">\n#top .hr.hr-invisible.av-27oy9b-2c68b9c521398cde06b76015e5a63e8f{\nheight:46px;\n}\n<\/style>\n<div  class='hr av-27oy9b-2c68b9c521398cde06b76015e5a63e8f hr-invisible  avia-builder-el-13  el_before_av_textblock  avia-builder-el-first '><span class='hr-inner '><span class=\"hr-inner-style\"><\/span><\/span><\/div><br \/>\n<section  class='av_textblock_section av-k55baqys-5-b022a28056e9df99715d9f85c6c8159e '   itemscope=\"itemscope\" itemtype=\"https:\/\/schema.org\/CreativeWork\" ><div class='avia_textblock'  itemprop=\"text\" ><p>Ta podstawowa opieka zdrowotna jest dla nas oczywisto\u015bci\u0105. Najp\u00f3\u017aniej podczas wsp\u00f3lnej przerwy obiadowej ka\u017cdy odpowiada za siebie: &#8222;Currywurst ze wszystkim&#8221; czy sa\u0142atka? Jeste\u015bmy tolerancyjni&#8230;<\/p>\n<p>Wzmacniamy r\u00f3wnie\u017c poczucie wsp\u00f3lnoty poprzez tradycyjne przyj\u0119cia bo\u017conarodzeniowe, zabawne przyj\u0119cia letnie i specjalne wycieczki dla wszystkich pracownik\u00f3w. I oczywi\u015bcie w codziennych rozgrywkach przy stole do pi\u0142karzyk\u00f3w.<\/p>\n<p>Kr\u00f3tko m\u00f3wi\u0105c: zadowoleni pracownicy s\u0105 wa\u017cni dla SHA.<\/p>\n<\/div><\/section><\/p><\/div>\n<\/p>\n<\/div><\/div><\/div><!-- close content main div --><\/div><\/div><div id='av_section_3' class='avia-section main_color pt-default pb-0 avia-no-border-styling avia-bg-style-scroll  avia-builder-el-15  el_after_av_section  el_before_av_hr   container_wrap fullsize' style=' '  ><div class='container' ><div class='template-page content  av-content-full alpha units'><div class='post-entry post-entry-type-page post-entry-38806'><div class='entry-content-wrapper clearfix'>\n<div class=\"flex_column av_one_fourth  flex_column_div av-zero-column-padding first bg-default   img-left   avia-builder-el-16  el_before_av_one_fourth  avia-builder-el-first  iframe-column \"><\/div><div class=\"flex_column av_one_fourth  flex_column_div av-zero-column-padding  bg-default   img-left   avia-builder-el-18  el_after_av_one_fourth  el_before_av_one_fourth  logo-column \"><div  class='avia-image-container  av-styling- av-hover-grow   avia-builder-el-19  avia-builder-el-no-sibling  avia-align-center'  itemprop=\"image\" itemscope=\"itemscope\" itemtype=\"https:\/\/schema.org\/ImageObject\"  ><div class='avia-image-container-inner'><div class='avia-image-overlay-wrap'><a href='https:\/\/sha.de\/pl\/aktuelles\/sha-otrzymuje-nagrode-total-e-quality-za-rownosc-szans' class='avia_image'  ><img class='avia_image ' src='https:\/\/sha.de\/wp-content\/uploads\/Total-E-Quality-2.jpg' alt='' title='Total E-Quality'  itemprop=\"thumbnailUrl\"  \/><\/a><\/div><\/div><\/div><\/div><div class=\"flex_column av_one_fourth  flex_column_div av-zero-column-padding  bg-default   img-left   avia-builder-el-20  el_after_av_one_fourth  el_before_av_one_fourth  logo-column \"><div  class='avia-image-container  av-styling- av-hover-grow   avia-builder-el-21  avia-builder-el-no-sibling  avia-align-center'  itemprop=\"image\" itemscope=\"itemscope\" itemtype=\"https:\/\/schema.org\/ImageObject\"  ><div class='avia-image-container-inner'><div class='avia-image-overlay-wrap'><a href='https:\/\/sha.de\/pl\/aktuelles\/sha-families-company-dortmund' class='avia_image'  ><img class='avia_image ' src='https:\/\/sha.de\/wp-content\/uploads\/Famundo-2.jpg' alt='' title='Famundo'  itemprop=\"thumbnailUrl\"  \/><\/a><\/div><\/div><\/div><\/div><div class=\"flex_column av_one_fourth  flex_column_div av-zero-column-padding  bg-default   img-left   avia-builder-el-22  el_after_av_one_fourth  avia-builder-el-last  logo-column \"><div  class='avia-image-container  av-styling- av-hover-grow   avia-builder-el-23  avia-builder-el-no-sibling  avia-align-center'  itemprop=\"image\" itemscope=\"itemscope\" itemtype=\"https:\/\/schema.org\/ImageObject\"  ><div class='avia-image-container-inner'><div class='avia-image-overlay-wrap'><a href='https:\/\/sha.de\/pl\/aktuelles\/sha-jest-czlonkiem-sieci-success-factor-family' class='avia_image'  ><img class='avia_image ' src='https:\/\/sha.de\/wp-content\/uploads\/Erfolgsfaktor-Familie-1.jpg' alt='' title='Erfolgsfaktor Familie'  itemprop=\"thumbnailUrl\"  \/><\/a><\/div><\/div><\/div><\/div>\n<\/div><\/div><\/div><!-- close content main div --><\/div><\/div><div id='after_section_3' class='main_color av_default_container_wrap container_wrap fullsize' style=' '  ><div class='container' ><div class='template-page content  av-content-full alpha units'><div class='post-entry post-entry-type-page post-entry-38806'><div class='entry-content-wrapper clearfix'>\n<div  class='hr av-aqb9b-ef95ded3c80275504857b40f8d8c428f hr-default  avia-builder-el-24  el_after_av_section  el_before_av_section  avia-builder-el-no-sibling '><span class='hr-inner '><span class=\"hr-inner-style\"><\/span><\/span><\/div>\n<\/div><\/div><\/div><!-- close content main div --><\/div><\/div><div id='av_section_4' class='avia-section main_color pt-0 pb-default avia-no-border-styling avia-bg-style-scroll  avia-builder-el-25  el_after_av_hr  avia-builder-el-last   container_wrap fullsize' style=' '  ><div class='container' ><div class='template-page content  av-content-full alpha units'><div class='post-entry post-entry-type-page post-entry-38806'><div class='entry-content-wrapper clearfix'>\n<div class=\"flex_column av_one_third  flex_column_div av-zero-column-padding first bg-default  fill img-left   avia-builder-el-26  el_before_av_two_third  avia-builder-el-first  w-1023-hide \" style=\"background-image: url(https:\/\/sha.de\/wp-content\/uploads\/philosophie_langfristigkeit.jpg); background-position: center center; background-repeat: no-repeat; background-size: cover; \"><\/div><div class=\"flex_column av_two_third  flex_column_div av-zero-column-padding  bg-default   img-left   avia-builder-el-27  el_after_av_one_third  avia-builder-el-last  home-column-journal w-1023-full w-1023-ctm \"><section  class='av_textblock_section av-jtzqb1vo-5c1bd172d354b675e4023f23ce55b54c '   itemscope=\"itemscope\" itemtype=\"https:\/\/schema.org\/CreativeWork\" ><div class='avia_textblock h2-h1'  itemprop=\"text\" ><h2>The<br \/>\nSHA Journal<strong>.<\/strong><\/h2>\n<h3>Historie architektoniczne<br \/>\nz naszej codziennej pracy.<\/h3>\n<\/div><\/section><br \/>\n<div class='avia-button-wrap theme-fill avia-button-left  avia-builder-el-29  el_after_av_textblock  avia-builder-el-last  black align-bottom float'><a href='\/wp-content\/uploads\/SHAJournal_N01.pdf'  class='avia-button  color-ci-black hover-yellow  avia-icon_select-no avia-size-medium avia-position-left'   ><span class='avia_iconbox_title' >Prosz\u0119 zobaczy\u0107 teraz<\/span><\/a><\/div><\/p><\/div>\n\n","protected":false},"excerpt":{"rendered":"","protected":false},"author":1,"featured_media":0,"parent":30050,"menu_order":0,"comment_status":"closed","ping_status":"closed","template":"","meta":{"_acf_changed":false,"content-type":"","footnotes":""},"class_list":["post-38806","page","type-page","status-publish","hentry"],"acf":[],"yoast_head":"<!-- This site is optimized with the Yoast SEO plugin v27.4 - https:\/\/yoast.com\/product\/yoast-seo-wordpress\/ -->\n<title>SHA jako pracodawca | SHA Scheffler Helbich Architekten GmbH<\/title>\n<meta name=\"description\" content=\"Prosz\u0119 sta\u0107 si\u0119 cz\u0119\u015bci\u0105 SHA! Prosz\u0119 korzysta\u0107 z elastycznych modeli czasu pracy \u2713 opieki zdrowotnej \u2713 nowoczesnych i innowacyjnych miejsc pracy \u2713\" \/>\n<meta name=\"robots\" content=\"index, follow, max-snippet:-1, max-image-preview:large, max-video-preview:-1\" \/>\n<link rel=\"canonical\" href=\"https:\/\/sha.de\/pl\/kariera\/sha-jako-pracodawca\" \/>\n<meta property=\"og:locale\" content=\"pl_PL\" \/>\n<meta property=\"og:type\" content=\"article\" \/>\n<meta property=\"og:title\" content=\"SHA jako pracodawca | SHA Scheffler Helbich Architekten GmbH\" \/>\n<meta property=\"og:description\" content=\"Prosz\u0119 sta\u0107 si\u0119 cz\u0119\u015bci\u0105 SHA! Prosz\u0119 korzysta\u0107 z elastycznych modeli czasu pracy \u2713 opieki zdrowotnej \u2713 nowoczesnych i innowacyjnych miejsc pracy \u2713\" \/>\n<meta property=\"og:url\" content=\"https:\/\/sha.de\/pl\/kariera\/sha-jako-pracodawca\" \/>\n<meta property=\"og:site_name\" content=\"SHA Scheffler Helbich Architekten GmbH\" \/>\n<meta property=\"article:modified_time\" content=\"2024-08-28T13:02:11+00:00\" \/>\n<meta property=\"og:image\" content=\"https:\/\/widgets.kununu.com\/widget_score_review_count_logo_big\/profiles\/b3ec87d5-a6cc-4da1-9bf0-0a6160bfdfac\" \/>\n<meta name=\"twitter:card\" content=\"summary_large_image\" \/>\n<meta name=\"twitter:label1\" content=\"Szacowany czas czytania\" \/>\n\t<meta name=\"twitter:data1\" content=\"17 minut\" \/>\n<script type=\"application\/ld+json\" class=\"yoast-schema-graph\">{\"@context\":\"https:\\\/\\\/schema.org\",\"@graph\":[{\"@type\":\"WebPage\",\"@id\":\"https:\\\/\\\/sha.de\\\/pl\\\/kariera\\\/sha-jako-pracodawca\",\"url\":\"https:\\\/\\\/sha.de\\\/pl\\\/kariera\\\/sha-jako-pracodawca\",\"name\":\"SHA jako pracodawca | SHA Scheffler Helbich Architekten GmbH\",\"isPartOf\":{\"@id\":\"https:\\\/\\\/sha.de\\\/pl#website\"},\"primaryImageOfPage\":{\"@id\":\"https:\\\/\\\/sha.de\\\/pl\\\/kariera\\\/sha-jako-pracodawca#primaryimage\"},\"image\":{\"@id\":\"https:\\\/\\\/sha.de\\\/pl\\\/kariera\\\/sha-jako-pracodawca#primaryimage\"},\"thumbnailUrl\":\"https:\\\/\\\/widgets.kununu.com\\\/widget_score_review_count_logo_big\\\/profiles\\\/b3ec87d5-a6cc-4da1-9bf0-0a6160bfdfac\",\"datePublished\":\"2020-01-08T12:57:58+00:00\",\"dateModified\":\"2024-08-28T13:02:11+00:00\",\"description\":\"Prosz\u0119 sta\u0107 si\u0119 cz\u0119\u015bci\u0105 SHA! Prosz\u0119 korzysta\u0107 z elastycznych modeli czasu pracy \u2713 opieki zdrowotnej \u2713 nowoczesnych i innowacyjnych miejsc pracy \u2713\",\"breadcrumb\":{\"@id\":\"https:\\\/\\\/sha.de\\\/pl\\\/kariera\\\/sha-jako-pracodawca#breadcrumb\"},\"inLanguage\":\"pl-PL\",\"potentialAction\":[{\"@type\":\"ReadAction\",\"target\":[\"https:\\\/\\\/sha.de\\\/pl\\\/kariera\\\/sha-jako-pracodawca\"]}]},{\"@type\":\"ImageObject\",\"inLanguage\":\"pl-PL\",\"@id\":\"https:\\\/\\\/sha.de\\\/pl\\\/kariera\\\/sha-jako-pracodawca#primaryimage\",\"url\":\"https:\\\/\\\/widgets.kununu.com\\\/widget_score_review_count_logo_big\\\/profiles\\\/b3ec87d5-a6cc-4da1-9bf0-0a6160bfdfac\",\"contentUrl\":\"https:\\\/\\\/widgets.kununu.com\\\/widget_score_review_count_logo_big\\\/profiles\\\/b3ec87d5-a6cc-4da1-9bf0-0a6160bfdfac\"},{\"@type\":\"BreadcrumbList\",\"@id\":\"https:\\\/\\\/sha.de\\\/pl\\\/kariera\\\/sha-jako-pracodawca#breadcrumb\",\"itemListElement\":[{\"@type\":\"ListItem\",\"position\":1,\"name\":\"Startseite\",\"item\":\"https:\\\/\\\/sha.de\\\/pl\"},{\"@type\":\"ListItem\",\"position\":2,\"name\":\"Kariera\",\"item\":\"https:\\\/\\\/sha.de\\\/pl\\\/kariera\"},{\"@type\":\"ListItem\",\"position\":3,\"name\":\"SHA jako pracodawca\"}]},{\"@type\":\"WebSite\",\"@id\":\"https:\\\/\\\/sha.de\\\/pl#website\",\"url\":\"https:\\\/\\\/sha.de\\\/pl\",\"name\":\"SHA Scheffler Helbich Architekten GmbH\",\"description\":\"\",\"potentialAction\":[{\"@type\":\"SearchAction\",\"target\":{\"@type\":\"EntryPoint\",\"urlTemplate\":\"https:\\\/\\\/sha.de\\\/pl?s={search_term_string}\"},\"query-input\":{\"@type\":\"PropertyValueSpecification\",\"valueRequired\":true,\"valueName\":\"search_term_string\"}}],\"inLanguage\":\"pl-PL\"}]}<\/script>\n<!-- \/ Yoast SEO plugin. -->","yoast_head_json":{"title":"SHA jako pracodawca | SHA Scheffler Helbich Architekten GmbH","description":"Prosz\u0119 sta\u0107 si\u0119 cz\u0119\u015bci\u0105 SHA! Prosz\u0119 korzysta\u0107 z elastycznych modeli czasu pracy \u2713 opieki zdrowotnej \u2713 nowoczesnych i innowacyjnych miejsc pracy \u2713","robots":{"index":"index","follow":"follow","max-snippet":"max-snippet:-1","max-image-preview":"max-image-preview:large","max-video-preview":"max-video-preview:-1"},"canonical":"https:\/\/sha.de\/pl\/kariera\/sha-jako-pracodawca","og_locale":"pl_PL","og_type":"article","og_title":"SHA jako pracodawca | SHA Scheffler Helbich Architekten GmbH","og_description":"Prosz\u0119 sta\u0107 si\u0119 cz\u0119\u015bci\u0105 SHA! Prosz\u0119 korzysta\u0107 z elastycznych modeli czasu pracy \u2713 opieki zdrowotnej \u2713 nowoczesnych i innowacyjnych miejsc pracy \u2713","og_url":"https:\/\/sha.de\/pl\/kariera\/sha-jako-pracodawca","og_site_name":"SHA Scheffler Helbich Architekten GmbH","article_modified_time":"2024-08-28T13:02:11+00:00","og_image":[{"url":"https:\/\/widgets.kununu.com\/widget_score_review_count_logo_big\/profiles\/b3ec87d5-a6cc-4da1-9bf0-0a6160bfdfac","type":"","width":"","height":""}],"twitter_card":"summary_large_image","twitter_misc":{"Szacowany czas czytania":"17 minut"},"schema":{"@context":"https:\/\/schema.org","@graph":[{"@type":"WebPage","@id":"https:\/\/sha.de\/pl\/kariera\/sha-jako-pracodawca","url":"https:\/\/sha.de\/pl\/kariera\/sha-jako-pracodawca","name":"SHA jako pracodawca | SHA Scheffler Helbich Architekten GmbH","isPartOf":{"@id":"https:\/\/sha.de\/pl#website"},"primaryImageOfPage":{"@id":"https:\/\/sha.de\/pl\/kariera\/sha-jako-pracodawca#primaryimage"},"image":{"@id":"https:\/\/sha.de\/pl\/kariera\/sha-jako-pracodawca#primaryimage"},"thumbnailUrl":"https:\/\/widgets.kununu.com\/widget_score_review_count_logo_big\/profiles\/b3ec87d5-a6cc-4da1-9bf0-0a6160bfdfac","datePublished":"2020-01-08T12:57:58+00:00","dateModified":"2024-08-28T13:02:11+00:00","description":"Prosz\u0119 sta\u0107 si\u0119 cz\u0119\u015bci\u0105 SHA! Prosz\u0119 korzysta\u0107 z elastycznych modeli czasu pracy \u2713 opieki zdrowotnej \u2713 nowoczesnych i innowacyjnych miejsc pracy \u2713","breadcrumb":{"@id":"https:\/\/sha.de\/pl\/kariera\/sha-jako-pracodawca#breadcrumb"},"inLanguage":"pl-PL","potentialAction":[{"@type":"ReadAction","target":["https:\/\/sha.de\/pl\/kariera\/sha-jako-pracodawca"]}]},{"@type":"ImageObject","inLanguage":"pl-PL","@id":"https:\/\/sha.de\/pl\/kariera\/sha-jako-pracodawca#primaryimage","url":"https:\/\/widgets.kununu.com\/widget_score_review_count_logo_big\/profiles\/b3ec87d5-a6cc-4da1-9bf0-0a6160bfdfac","contentUrl":"https:\/\/widgets.kununu.com\/widget_score_review_count_logo_big\/profiles\/b3ec87d5-a6cc-4da1-9bf0-0a6160bfdfac"},{"@type":"BreadcrumbList","@id":"https:\/\/sha.de\/pl\/kariera\/sha-jako-pracodawca#breadcrumb","itemListElement":[{"@type":"ListItem","position":1,"name":"Startseite","item":"https:\/\/sha.de\/pl"},{"@type":"ListItem","position":2,"name":"Kariera","item":"https:\/\/sha.de\/pl\/kariera"},{"@type":"ListItem","position":3,"name":"SHA jako pracodawca"}]},{"@type":"WebSite","@id":"https:\/\/sha.de\/pl#website","url":"https:\/\/sha.de\/pl","name":"SHA Scheffler Helbich Architekten GmbH","description":"","potentialAction":[{"@type":"SearchAction","target":{"@type":"EntryPoint","urlTemplate":"https:\/\/sha.de\/pl?s={search_term_string}"},"query-input":{"@type":"PropertyValueSpecification","valueRequired":true,"valueName":"search_term_string"}}],"inLanguage":"pl-PL"}]}},"_links":{"self":[{"href":"https:\/\/sha.de\/pl\/wp-json\/wp\/v2\/pages\/38806","targetHints":{"allow":["GET"]}}],"collection":[{"href":"https:\/\/sha.de\/pl\/wp-json\/wp\/v2\/pages"}],"about":[{"href":"https:\/\/sha.de\/pl\/wp-json\/wp\/v2\/types\/page"}],"author":[{"embeddable":true,"href":"https:\/\/sha.de\/pl\/wp-json\/wp\/v2\/users\/1"}],"replies":[{"embeddable":true,"href":"https:\/\/sha.de\/pl\/wp-json\/wp\/v2\/comments?post=38806"}],"version-history":[{"count":1,"href":"https:\/\/sha.de\/pl\/wp-json\/wp\/v2\/pages\/38806\/revisions"}],"predecessor-version":[{"id":38817,"href":"https:\/\/sha.de\/pl\/wp-json\/wp\/v2\/pages\/38806\/revisions\/38817"}],"up":[{"embeddable":true,"href":"https:\/\/sha.de\/pl\/wp-json\/wp\/v2\/pages\/30050"}],"wp:attachment":[{"href":"https:\/\/sha.de\/pl\/wp-json\/wp\/v2\/media?parent=38806"}],"curies":[{"name":"wp","href":"https:\/\/api.w.org\/{rel}","templated":true}]}}