{"id":39237,"date":"2020-01-13T08:15:56","date_gmt":"2020-01-13T07:15:56","guid":{"rendered":"https:\/\/sha.de\/uslugi\/realizacja"},"modified":"2024-08-28T15:04:01","modified_gmt":"2024-08-28T13:04:01","slug":"realizacja","status":"publish","type":"page","link":"https:\/\/sha.de\/pl\/uslugi\/realizacja","title":{"rendered":"Realizacja"},"content":{"rendered":"<div id='av_section_1' class='avia-section main_color pt-default pb-default avia-no-border-styling avia-bg-style-scroll  avia-builder-el-0  el_before_av_section  avia-builder-el-first   container_wrap fullsize' style=' '  ><div class='container' ><main  role=\"main\" itemprop=\"mainContentOfPage\"  class='template-page content  av-content-full alpha units'><div class='post-entry post-entry-type-page post-entry-39237'><div class='entry-content-wrapper clearfix'>\n\n\t\t\t<div id=\"av-k55bagx6\" class=\"headline-column flex_column av_one_full flex_column_div first \">\n\t\t\t\t<div class=\"headline-wrap is-outside align-left sub-bottom\">\n\t\t\t\t\t<h1 class=\"headline-content headline-primary\">Realizacja<\/h1>\n\t\t\t\t\t<h3 class=\"headline-content headline-secondary\">Pa\u0144stwa partner od A-Z<\/h3>\n\t\t\t\t<\/div>\n\t\t\t<\/div>\n<div class=\"flex_column av_two_third  flex_column_div av-zero-column-padding first bg-default  service img-left   avia-builder-el-2  el_after_pixel_sc_headline  el_before_av_one_third  w-1023-half \" style=\"background-image: url(https:\/\/sha.de\/wp-content\/uploads\/sport-2.jpg); background-position: center center; background-repeat: no-repeat; background-size: cover; \"><\/div><div class=\"flex_column av_one_third  flex_column_div av-zero-column-padding  bg-default border-bottom   img-left   avia-builder-el-3  el_after_av_two_third  avia-builder-el-last  w-1023-half \"><section  class='av_textblock_section av-k55baqys-574ab31680f910a237e7ede106711d9f '   itemscope=\"itemscope\" itemtype=\"https:\/\/schema.org\/CreativeWork\" ><div class='avia_textblock'  itemprop=\"text\" ><h3>Faza wydajno\u015bci 6:<br \/>\nPrzygotowanie specyfikacji us\u0142ug i przetarg\u00f3w<\/h3>\n<p>Opisujemy us\u0142ugi rzemie\u015blnik\u00f3w w poszczeg\u00f3lnych etapach pracy i przygotowujemy specyfikacje us\u0142ug, kt\u00f3re szczeg\u00f3\u0142owo wymieniaj\u0105 komponenty i ich przetwarzanie. Na tej podstawie uzyskujemy por\u00f3wnywalne oferty.<\/p>\n<p>W zale\u017cno\u015bci od \u017cycze\u0144 klienta i projektu budowlanego, oferujemy us\u0142ugi &#8222;pod klucz&#8221; lub na zasadzie handlu. Ma to t\u0119 zalet\u0119, \u017ce klient mo\u017ce wybra\u0107, czy chce otrzyma\u0107 wszystko z jednego \u017ar\u00f3d\u0142a, czy od poszczeg\u00f3lnych handlowc\u00f3w.<\/p>\n<\/div><\/section><\/div>\n\n<\/div><\/div><\/main><!-- close content main element --><\/div><\/div><div id='av_section_2' class='avia-section main_color pt-default pb-default avia-no-border-styling avia-bg-style-scroll  avia-builder-el-5  el_after_av_section  el_before_av_section   container_wrap fullsize' style=' '  ><div class='container' ><div class='template-page content  av-content-full alpha units'><div class='post-entry post-entry-type-page post-entry-39237'><div class='entry-content-wrapper clearfix'>\n<div class=\"flex_column av_one_third  flex_column_div av-zero-column-padding first bg-default border-bottom   img-left   avia-builder-el-6  el_before_av_one_third  avia-builder-el-first  w-1023-half \"><section  class='av_textblock_section av-k55baqys-10-a2ecba450abd69539e4b0bf6b947d6cf '   itemscope=\"itemscope\" itemtype=\"https:\/\/schema.org\/CreativeWork\" ><div class='avia_textblock'  itemprop=\"text\" ><h3>Faza wydajno\u015bci 7:<br \/>\nOcena ofert i udzielanie zam\u00f3wie\u0144<\/h3>\n<p>Po odes\u0142aniu ofert por\u00f3wnujemy ceny indywidualne i ca\u0142kowite w przejrzystych por\u00f3wnaniach cenowych. Nast\u0119pnie dok\u0142adnie analizujemy oferty pod k\u0105tem ich wiarygodno\u015bci przed przeprowadzeniem rozm\u00f3w z oferentami w celu wyja\u015bnienia wszelkich rozbie\u017cno\u015bci przed udzieleniem zam\u00f3wienia i wynegocjowania ostatecznych warunk\u00f3w.<\/p>\n<p>Po podj\u0119ciu decyzji na korzy\u015b\u0107 poszczeg\u00f3lnych firm, przygotowujemy zam\u00f3wienia i zapewniamy rzeteln\u0105 podstaw\u0119 umown\u0105.<\/p>\n<\/div><\/section><\/div><div class=\"flex_column av_one_third  flex_column_div av-zero-column-padding  bg-default  fill img-left   avia-builder-el-8  el_after_av_one_third  el_before_av_one_third  w-1023-half \" style=\"background-image: url(https:\/\/sha.de\/wp-content\/uploads\/PHOENIXWERK_Spatenstich_Helme_Hochofen.jpg); background-position: center center; background-repeat: no-repeat; background-size: cover; \"><\/div><div class=\"flex_column av_one_third  flex_column_div av-zero-column-padding  bg-default border-bottom   img-left   avia-builder-el-9  el_after_av_one_third  avia-builder-el-last  w-1023-full w-1023-ctm \"><section  class='av_textblock_section av-k55baqys-7-5c812e72bc59216d670cbd5a8ca57c30 '   itemscope=\"itemscope\" itemtype=\"https:\/\/schema.org\/CreativeWork\" ><div class='avia_textblock'  itemprop=\"text\" ><h3>Fazy pracy 8-9:<br \/>\nNadz\u00f3r budowlany podczas realizacji<\/h3>\n<p>Aby osi\u0105gn\u0105\u0107 optymalne bezpiecze\u0144stwo pod wzgl\u0119dem koszt\u00f3w, termin\u00f3w i jako\u015bci architektonicznej, postrzegamy siebie jako przedstawiciela klienta na placu budowy. Jako do\u015bwiadczony zesp\u00f3\u0142, kt\u00f3ry ju\u017c zaplanowa\u0142 Pa\u0144stwa projekt, nadzorujemy r\u00f3wnie\u017c jego realizacj\u0119. Przez ca\u0142y okres budowy projekty s\u0105 nadzorowane przez do\u015bwiadczonych kierownik\u00f3w budowy w ca\u0142ych Niemczech. Koordynacja i kontrola wyspecjalizowanych firm zaanga\u017cowanych w budow\u0119 s\u0105 g\u0142\u00f3wnym celem naszej pracy.  <\/p>\n<p>Opr\u00f3cz gwarancji jako\u015bci technicznej i architektonicznej, kontrola ta zapewnia Pa\u0144stwu optymalne bezpiecze\u0144stwo i przejrzysto\u015b\u0107 koszt\u00f3w oraz harmonogramu budowy przez ca\u0142y czas.<\/p>\n<\/div><\/section><\/div>\n\n<\/div><\/div><\/div><!-- close content main div --><\/div><\/div><div id='av_section_3' class='avia-section main_color pt-default pb-default avia-no-border-styling avia-bg-style-scroll  avia-builder-el-11  el_after_av_section  el_before_av_section   container_wrap fullsize' style=' '  ><div class='container' ><div class='template-page content  av-content-full alpha units'><div class='post-entry post-entry-type-page post-entry-39237'><div class='entry-content-wrapper clearfix'>\n<div class=\"flex_column av_one_third  flex_column_div av-zero-column-padding first bg-default  fill img-left   avia-builder-el-12  el_before_av_one_third  avia-builder-el-first  w-1023-full \" style=\"background-image: url(https:\/\/sha.de\/wp-content\/uploads\/Leistungen_R\u00fcckschau.jpg); background-position: center center; background-repeat: no-repeat; background-size: cover; \"><\/div><div class=\"flex_column av_one_third  flex_column_div av-zero-column-padding  bg-default border-bottom   img-left   avia-builder-el-13  el_after_av_one_third  el_before_av_one_third  w-1023-half w-1023-ml-off w-1023-ctm \"><section  class='av_textblock_section av-k55baqys-4-e26b4d661f97a866b660d1aaff0a150f '   itemscope=\"itemscope\" itemtype=\"https:\/\/schema.org\/CreativeWork\" ><div class='avia_textblock'  itemprop=\"text\" ><h3>Kontrola koszt\u00f3w i harmonogramu<\/h3>\n<p>Podczas planowania i budowy zawsze przygotowujemy aktualne prognozy koszt\u00f3w i harmonogramu. Dok\u0142adno\u015b\u0107 tych danych rozwija si\u0119 wraz z planowaniem. Wst\u0119pne szacunki koszt\u00f3w nadal opieraj\u0105 si\u0119 na kluczowych kosztach w przeliczeniu na metr kwadratowy powierzchni brutto lub metr sze\u015bcienny obj\u0119to\u015bci brutto. Kalkulacja koszt\u00f3w oparta na komponentach lub cz\u0119\u015bciowych us\u0142ugach poszczeg\u00f3lnych bran\u017c zapewnia bardziej precyzyjne warto\u015bci.<\/p>\n<p>W kosztorysie podsumowujemy wyniki wycen handlowc\u00f3w, a w ocenie koszt\u00f3w dane z ich faktur ko\u0144cowych.<\/p>\n<\/div><\/section><\/div><div class=\"flex_column av_one_third  flex_column_div av-zero-column-padding  bg-default border-bottom   img-left   avia-builder-el-15  el_after_av_one_third  avia-builder-el-last  w-1023-half w-1023-ctm \"><section  class='av_textblock_section av-k55baqys-1-5559a95b6f073edc9fbdf2054bce7627 '   itemscope=\"itemscope\" itemtype=\"https:\/\/schema.org\/CreativeWork\" ><div class='avia_textblock'  itemprop=\"text\" ><p>Wszystkie dost\u0119pne dane s\u0105 jasno przedstawione w naszych tabelach \u015bledzenia koszt\u00f3w. Daje nam to dobre narz\u0119dzie do kontroli koszt\u00f3w i pozwala nam reagowa\u0107 w odpowiednim czasie, je\u015bli na przyk\u0142ad pierwotnie uzgodnione ramy koszt\u00f3w ulegn\u0105 zmianie z powodu wniosk\u00f3w o zmian\u0119. To samo dotyczy przestrzegania termin\u00f3w. R\u00f3wnie\u017c w tym przypadku terminy s\u0105 brane pod uwag\u0119 przez ca\u0142y okres planowania i opracowywane w postaci sp\u00f3jnych harmonogram\u00f3w.<\/p>\n<p>R\u00f3wnie\u017c w tym przypadku przez ca\u0142y czas maj\u0105 Pa\u0144stwo dok\u0142adny wgl\u0105d w to, czy wszystko rozwija si\u0119 zgodnie z planem.<\/p>\n<\/div><\/section><\/div>\n\n<\/div><\/div><\/div><!-- close content main div --><\/div><\/div><div id='av_section_4' class='avia-section main_color pt-large pb-large avia-no-border-styling avia-bg-style-scroll  avia-builder-el-17  el_after_av_section  avia-builder-el-last   container_wrap fullsize' style=' '  ><div class='container' ><div class='template-page content  av-content-full alpha units'><div class='post-entry post-entry-type-page post-entry-39237'><div class='entry-content-wrapper clearfix'>\n\n\t\t\t<div id=\"av-k55bagx6-13\" class=\"headline-column flex_column av_one_full flex_column_div first \">\n\t\t\t\t<div class=\"headline-wrap is-outside align-center sub-bottom\">\n\t\t\t\t\t<h2 class=\"headline-content headline-primary\">Inne us\u0142ugi z naszego portfolio<\/h2>\n\t\t\t\t\t<h3 class=\"headline-content headline-secondary\">Nasz kompleksowy zakres us\u0142ug<\/h3>\n\t\t\t\t<\/div>\n\t\t\t<\/div>\n<ul class=\"icon-row leistungen \">\n\t<li class=\"icon-row__entry beratung\">\n\t\t<a class=\"icon-row__entry-link\" href=\"https:\/\/sha.de\/leistungen\/beratung\">\n\t\t\t<div class=\"icon-row__entry-image\">\n\t\t\t\t<div class=\"entry-image-svg\"><\/div>\n\t\t\t\t<!-- <div class=\"entry-image-hover\"><\/div> -->\n\t\t\t<\/div>\n\t\t\t<div class=\"icon-row__entry-text\">Doradztwo<\/div>\n\t\t<\/a>\n\t<\/li>\n\t<li class=\"icon-row__entry konzept\">\n\t\t<a class=\"icon-row__entry-link\" href=\"https:\/\/sha.de\/leistungen\/analyse-und-konzept\">\n\t\t\t<div class=\"icon-row__entry-image\">\n\t\t\t\t<div class=\"entry-image-svg\"><\/div>\n\t\t\t\t<!-- <div class=\"entry-image-hover\"><\/div> -->\n\t\t\t<\/div>\n\t\t\t<div class=\"icon-row__entry-text\">Analiza i koncepcja<\/div>\n\t\t<\/a>\n\t<\/li>\n\t<li class=\"icon-row__entry planung\">\n\t\t<a class=\"icon-row__entry-link\" href=\"https:\/\/sha.de\/leistungen\/planung-und-koordination\">\n\t\t\t<div class=\"icon-row__entry-image\">\n\t\t\t\t<div class=\"entry-image-svg\"><\/div>\n\t\t\t\t<!-- <div class=\"entry-image-hover\"><\/div> -->\n\t\t\t<\/div>\n\t\t\t<div class=\"icon-row__entry-text\">Planowanie i koordynacja<\/div>\n\t\t<\/a>\n\t<\/li>\n\t<li class=\"icon-row__entry realisierung\">\n\t\t<a class=\"icon-row__entry-link\" href=\"https:\/\/sha.de\/leistungen\/realisierung\">\n\t\t\t<div class=\"icon-row__entry-image\">\n\t\t\t\t<div class=\"entry-image-svg\"><\/div>\n\t\t\t\t<!-- <div class=\"entry-image-hover\"><\/div> -->\n\t\t\t<\/div>\n\t\t\t<div class=\"icon-row__entry-text\">Realizacja<\/div>\n\t\t<\/a>\n\t<\/li>\n\t<li class=\"icon-row__entry nachbetreuung\">\n\t\t<a class=\"icon-row__entry-link\" href=\"https:\/\/sha.de\/leistungen\/nachbetreuung\">\n\t\t\t<div class=\"icon-row__entry-image\">\n\t\t\t\t<div class=\"entry-image-svg\"><\/div>\n\t\t\t\t<!-- <div class=\"entry-image-hover\"><\/div> -->\n\t\t\t<\/div>\n\t\t\t<div class=\"icon-row__entry-text\">Opieka posprzeda\u017cowa<\/div>\n\t\t<\/a>\n\t<\/li>\n<\/ul>\n\n\n","protected":false},"excerpt":{"rendered":"","protected":false},"author":1,"featured_media":0,"parent":30196,"menu_order":4,"comment_status":"closed","ping_status":"closed","template":"","meta":{"_acf_changed":false,"content-type":"","footnotes":""},"class_list":["post-39237","page","type-page","status-publish","hentry"],"acf":[],"yoast_head":"<!-- This site is optimized with the Yoast SEO plugin v27.4 - https:\/\/yoast.com\/product\/yoast-seo-wordpress\/ -->\n<title>Nadz\u00f3r budowlany i kontrola koszt\u00f3w | SHA Architekten<\/title>\n<meta name=\"description\" content=\"Kompleksowy nadz\u00f3r budowlany w trakcie realizacji po\u0142\u0105czony z kontrol\u0105 koszt\u00f3w i harmonogramu. Wsparcie od specyfikacji do oceny ofert.\" \/>\n<meta name=\"robots\" content=\"index, follow, max-snippet:-1, max-image-preview:large, max-video-preview:-1\" \/>\n<link rel=\"canonical\" href=\"https:\/\/sha.de\/pl\/uslugi\/realizacja\" \/>\n<meta property=\"og:locale\" content=\"pl_PL\" \/>\n<meta property=\"og:type\" content=\"article\" \/>\n<meta property=\"og:title\" content=\"Nadz\u00f3r budowlany i kontrola koszt\u00f3w | SHA Architekten\" \/>\n<meta property=\"og:description\" content=\"Kompleksowy nadz\u00f3r budowlany w trakcie realizacji po\u0142\u0105czony z kontrol\u0105 koszt\u00f3w i harmonogramu. Wsparcie od specyfikacji do oceny ofert.\" \/>\n<meta property=\"og:url\" content=\"https:\/\/sha.de\/pl\/uslugi\/realizacja\" \/>\n<meta property=\"og:site_name\" content=\"SHA Scheffler Helbich Architekten GmbH\" \/>\n<meta property=\"article:modified_time\" content=\"2024-08-28T13:04:01+00:00\" \/>\n<meta name=\"twitter:card\" content=\"summary_large_image\" \/>\n<meta name=\"twitter:label1\" content=\"Szacowany czas czytania\" \/>\n\t<meta name=\"twitter:data1\" content=\"11 minut\" \/>\n<script type=\"application\/ld+json\" class=\"yoast-schema-graph\">{\"@context\":\"https:\\\/\\\/schema.org\",\"@graph\":[{\"@type\":\"WebPage\",\"@id\":\"https:\\\/\\\/sha.de\\\/pl\\\/uslugi\\\/realizacja\",\"url\":\"https:\\\/\\\/sha.de\\\/pl\\\/uslugi\\\/realizacja\",\"name\":\"Nadz\u00f3r budowlany i kontrola koszt\u00f3w | SHA Architekten\",\"isPartOf\":{\"@id\":\"https:\\\/\\\/sha.de\\\/pl#website\"},\"datePublished\":\"2020-01-13T07:15:56+00:00\",\"dateModified\":\"2024-08-28T13:04:01+00:00\",\"description\":\"Kompleksowy nadz\u00f3r budowlany w trakcie realizacji po\u0142\u0105czony z kontrol\u0105 koszt\u00f3w i harmonogramu. Wsparcie od specyfikacji do oceny ofert.\",\"breadcrumb\":{\"@id\":\"https:\\\/\\\/sha.de\\\/pl\\\/uslugi\\\/realizacja#breadcrumb\"},\"inLanguage\":\"pl-PL\",\"potentialAction\":[{\"@type\":\"ReadAction\",\"target\":[\"https:\\\/\\\/sha.de\\\/pl\\\/uslugi\\\/realizacja\"]}]},{\"@type\":\"BreadcrumbList\",\"@id\":\"https:\\\/\\\/sha.de\\\/pl\\\/uslugi\\\/realizacja#breadcrumb\",\"itemListElement\":[{\"@type\":\"ListItem\",\"position\":1,\"name\":\"Startseite\",\"item\":\"https:\\\/\\\/sha.de\\\/pl\"},{\"@type\":\"ListItem\",\"position\":2,\"name\":\"Us\u0142ugi\",\"item\":\"https:\\\/\\\/sha.de\\\/pl\\\/uslugi\"},{\"@type\":\"ListItem\",\"position\":3,\"name\":\"Realizacja\"}]},{\"@type\":\"WebSite\",\"@id\":\"https:\\\/\\\/sha.de\\\/pl#website\",\"url\":\"https:\\\/\\\/sha.de\\\/pl\",\"name\":\"SHA Scheffler Helbich Architekten GmbH\",\"description\":\"\",\"potentialAction\":[{\"@type\":\"SearchAction\",\"target\":{\"@type\":\"EntryPoint\",\"urlTemplate\":\"https:\\\/\\\/sha.de\\\/pl?s={search_term_string}\"},\"query-input\":{\"@type\":\"PropertyValueSpecification\",\"valueRequired\":true,\"valueName\":\"search_term_string\"}}],\"inLanguage\":\"pl-PL\"}]}<\/script>\n<!-- \/ Yoast SEO plugin. -->","yoast_head_json":{"title":"Nadz\u00f3r budowlany i kontrola koszt\u00f3w | SHA Architekten","description":"Kompleksowy nadz\u00f3r budowlany w trakcie realizacji po\u0142\u0105czony z kontrol\u0105 koszt\u00f3w i harmonogramu. Wsparcie od specyfikacji do oceny ofert.","robots":{"index":"index","follow":"follow","max-snippet":"max-snippet:-1","max-image-preview":"max-image-preview:large","max-video-preview":"max-video-preview:-1"},"canonical":"https:\/\/sha.de\/pl\/uslugi\/realizacja","og_locale":"pl_PL","og_type":"article","og_title":"Nadz\u00f3r budowlany i kontrola koszt\u00f3w | SHA Architekten","og_description":"Kompleksowy nadz\u00f3r budowlany w trakcie realizacji po\u0142\u0105czony z kontrol\u0105 koszt\u00f3w i harmonogramu. Wsparcie od specyfikacji do oceny ofert.","og_url":"https:\/\/sha.de\/pl\/uslugi\/realizacja","og_site_name":"SHA Scheffler Helbich Architekten GmbH","article_modified_time":"2024-08-28T13:04:01+00:00","twitter_card":"summary_large_image","twitter_misc":{"Szacowany czas czytania":"11 minut"},"schema":{"@context":"https:\/\/schema.org","@graph":[{"@type":"WebPage","@id":"https:\/\/sha.de\/pl\/uslugi\/realizacja","url":"https:\/\/sha.de\/pl\/uslugi\/realizacja","name":"Nadz\u00f3r budowlany i kontrola koszt\u00f3w | SHA Architekten","isPartOf":{"@id":"https:\/\/sha.de\/pl#website"},"datePublished":"2020-01-13T07:15:56+00:00","dateModified":"2024-08-28T13:04:01+00:00","description":"Kompleksowy nadz\u00f3r budowlany w trakcie realizacji po\u0142\u0105czony z kontrol\u0105 koszt\u00f3w i harmonogramu. Wsparcie od specyfikacji do oceny ofert.","breadcrumb":{"@id":"https:\/\/sha.de\/pl\/uslugi\/realizacja#breadcrumb"},"inLanguage":"pl-PL","potentialAction":[{"@type":"ReadAction","target":["https:\/\/sha.de\/pl\/uslugi\/realizacja"]}]},{"@type":"BreadcrumbList","@id":"https:\/\/sha.de\/pl\/uslugi\/realizacja#breadcrumb","itemListElement":[{"@type":"ListItem","position":1,"name":"Startseite","item":"https:\/\/sha.de\/pl"},{"@type":"ListItem","position":2,"name":"Us\u0142ugi","item":"https:\/\/sha.de\/pl\/uslugi"},{"@type":"ListItem","position":3,"name":"Realizacja"}]},{"@type":"WebSite","@id":"https:\/\/sha.de\/pl#website","url":"https:\/\/sha.de\/pl","name":"SHA Scheffler Helbich Architekten GmbH","description":"","potentialAction":[{"@type":"SearchAction","target":{"@type":"EntryPoint","urlTemplate":"https:\/\/sha.de\/pl?s={search_term_string}"},"query-input":{"@type":"PropertyValueSpecification","valueRequired":true,"valueName":"search_term_string"}}],"inLanguage":"pl-PL"}]}},"_links":{"self":[{"href":"https:\/\/sha.de\/pl\/wp-json\/wp\/v2\/pages\/39237","targetHints":{"allow":["GET"]}}],"collection":[{"href":"https:\/\/sha.de\/pl\/wp-json\/wp\/v2\/pages"}],"about":[{"href":"https:\/\/sha.de\/pl\/wp-json\/wp\/v2\/types\/page"}],"author":[{"embeddable":true,"href":"https:\/\/sha.de\/pl\/wp-json\/wp\/v2\/users\/1"}],"replies":[{"embeddable":true,"href":"https:\/\/sha.de\/pl\/wp-json\/wp\/v2\/comments?post=39237"}],"version-history":[{"count":8,"href":"https:\/\/sha.de\/pl\/wp-json\/wp\/v2\/pages\/39237\/revisions"}],"predecessor-version":[{"id":39270,"href":"https:\/\/sha.de\/pl\/wp-json\/wp\/v2\/pages\/39237\/revisions\/39270"}],"up":[{"embeddable":true,"href":"https:\/\/sha.de\/pl\/wp-json\/wp\/v2\/pages\/30196"}],"wp:attachment":[{"href":"https:\/\/sha.de\/pl\/wp-json\/wp\/v2\/media?parent=39237"}],"curies":[{"name":"wp","href":"https:\/\/api.w.org\/{rel}","templated":true}]}}