{"id":30019,"date":"2021-11-22T09:15:48","date_gmt":"2021-11-22T08:15:48","guid":{"rendered":"https:\/\/sha.de\/contacto-2021"},"modified":"2025-07-03T12:07:25","modified_gmt":"2025-07-03T10:07:25","slug":"contacto-2021","status":"publish","type":"page","link":"https:\/\/sha.de\/pt-pt\/contacto-2021","title":{"rendered":"Contacte-nos"},"content":{"rendered":"<div id='av_section_1' class='avia-section main_color pt-default pb-default avia-no-border-styling avia-bg-style-scroll  avia-builder-el-0  el_before_av_section  avia-builder-el-first   container_wrap fullsize' style=' '  ><div class='container' ><main  role=\"main\" itemprop=\"mainContentOfPage\"  class='template-page content  av-content-full alpha units'><div class='post-entry post-entry-type-page post-entry-30019'><div class='entry-content-wrapper clearfix'>\n<div class=\"flex_column av_one_third  flex_column_div av-zero-column-padding first       avia-builder-el-1  el_before_av_two_third  avia-builder-el-first  \"><p>\n\t\t\t<div id=\"av-k1kquvev\" class=\"headline-column flex_column av_one_full flex_column_div first \">\n\t\t\t\t<div class=\"headline-wrap is-outside align-left sub-bottom\">\n\t\t\t\t\t<h1 class=\"headline-content headline-primary\">Contacte-nos<\/h1>\n\t\t\t\t\t<h3 class=\"headline-content headline-secondary\">Perguntas, pedidos, sugest\u00f5es? <\/h3>\n\t\t\t\t<\/div>\n\t\t\t<\/div><br \/>\n<section  class='av_textblock_section av-k2ughukz-8c8af540cf2947d5fca1ff805c8e6ba7 '   itemscope=\"itemscope\" itemtype=\"https:\/\/schema.org\/CreativeWork\" ><div class='avia_textblock'  itemprop=\"text\" ><p>Gostaria de conhecer a SHA e os nossos projectos de arquitetura? Tem alguma pergunta, pedido ou sugest\u00e3o sobre o nosso gabinete? Aguardamos o seu telefonema ou e-mail! Pode marcar uma consulta diretamente. Estamos \u00e0 sua disposi\u00e7\u00e3o pessoalmente em Dortmund e Berlim.<\/p>\n<p>Desde a ideia inicial at\u00e9 \u00e0 conclus\u00e3o &#8211; com a Scheffler Helbich Architekten, o seu projeto de constru\u00e7\u00e3o est\u00e1 nas melhores m\u00e3os.<\/p>\n<\/div><\/section><br \/>\n<div class=\"locations-list\">\n\t\t\t<div class=\"locations-list-entry\">\n\t\t\t<span class=\"locations-list-title\">Contacte-nos Dortmund<\/span>\n\t\t\t<div class=\"locations-list-line\"><span class=\"contact-pre\">T<\/span> <a href=\"tel:492314420200\">+49 (231) 44 20 20 0<\/a><\/div>\n\t\t\t\n\t\t\t\n\t\t\t<div class=\"locations-list-line\"><span class=\"contact-pre\">M<\/span> <a href=\"javascript:secureDecryptAndNavigate('n5kHq11JklEJHJ5ZX6UqJ47Ped+JyqdQJxR7Vn\/oGlIR65Lf+UuIyPGIZ0jl2gKh8Z5sbyzBJAAKl6bVZdYzJ40C', '7fb6b0a631c756e2798c0419dd401ac6392a180022e45865affe1bd81a905598')\">info@sha.de<\/a><\/div>\n\t\t<\/div>\n\t\t\t<div class=\"locations-list-entry\">\n\t\t\t<span class=\"locations-list-title\">Contacte-nos Berlin<\/span>\n\t\t\t<div class=\"locations-list-line\"><span class=\"contact-pre\">T<\/span> <a href=\"tel:493023327570\">+49 (30) 23 32 75 70<\/a><\/div>\n\t\t\t\n\t\t\t\n\t\t\t<div class=\"locations-list-line\"><span class=\"contact-pre\">M<\/span> <a href=\"javascript:secureDecryptAndNavigate('Ct\/+DHqQCcvnHNPTXy8Dx+mOfqDQ31xNffw7aRXUv7v1Yn8G87iUpXw0LroA+pdm4lFHJbYZPZRziIo0Kf83jz6TKCw=', '7fb6b0a631c756e2798c0419dd401ac6392a180022e45865affe1bd81a905598')\">berlin@sha.de<\/a><\/div>\n\t\t<\/div>\n\t<\/div>\n<\/p><\/div><div class=\"flex_column av_two_third  flex_column_div av-zero-column-padding  bg-grey   img-right   avia-builder-el-5  el_after_av_one_third  avia-builder-el-last  \"><\/div><\/div><\/div><\/main><!-- close content main element --><\/div><\/div><div id='av_section_2' class='avia-section main_color pt-large pb-default avia-no-border-styling avia-bg-style-scroll  avia-builder-el-7  el_after_av_section  el_before_av_section   container_wrap fullsize' style=' '  ><div class='container' ><div class='template-page content  av-content-full alpha units'><div class='post-entry post-entry-type-page post-entry-30019'><div class='entry-content-wrapper clearfix'>\n\n\t\t\t<div id=\"av-9vsu36\" class=\"headline-column flex_column av_one_full flex_column_div first \">\n\t\t\t\t<div class=\"headline-wrap is-outside align-left sub-bottom\">\n\t\t\t\t\t<h2 class=\"headline-content headline-primary\">Pode encontrar-nos aqui.<\/h2>\n\t\t\t\t\t<h3 class=\"headline-content headline-secondary\">SHA em Dortmund, SHA em Berlim.<\/h3>\n\t\t\t\t<\/div>\n\t\t\t<\/div>\n<div class=\"flex_column av_one_full  flex_column_div av-zero-column-padding first bg-default   img-left   avia-builder-el-9  el_after_pixel_sc_headline  avia-builder-el-last  \"><style type=\"text\/css\" data-created_by=\"avia_inline_auto\" id=\"style-css-av-kwdan4mx-7bac6ed6e55a79a28056deabadc8a8c2\">\n#top .hr.hr-invisible.av-kwdan4mx-7bac6ed6e55a79a28056deabadc8a8c2{\nheight:20px;\n}\n<\/style>\n<div  class='hr av-kwdan4mx-7bac6ed6e55a79a28056deabadc8a8c2 hr-invisible  avia-builder-el-10  avia-builder-el-no-sibling '><span class='hr-inner '><span class=\"hr-inner-style\"><\/span><\/span><\/div><\/div>\n<\/p>\n<\/div><\/div><\/div><!-- close content main div --><\/div><\/div><div id='av_section_3' class='avia-section main_color pt-default pb-default avia-no-border-styling avia-bg-style-scroll  avia-builder-el-11  el_after_av_section  el_before_av_section  standorte-map-section  container_wrap fullsize' style=' '  ><div class='container' ><div class='template-page content  av-content-full alpha units'><div class='post-entry post-entry-type-page post-entry-30019'><div class='entry-content-wrapper clearfix'>\n<div class=\"flex_column av_one_full  flex_column_div av-zero-column-padding first bg-grey   img-left   avia-builder-el-12  avia-builder-el-no-sibling  \"><div class=\"location\"><div class=\"av_one_third flex_column location-column location-card first\"><article id=\"\" class=\"card-entry person-entry location-entry   text-align-left     \">\n\t<div class=\"card-entry__inner\">\n\t\t\n\t\n\t\t<article id=\"\" class=\"card-entry person-entry location-entry   text-align-left     \">\n\t<div class=\"card-entry__inner\">\n\t\t\n\t<div class=\"card-entry__media media-type-\">\n\t\t<div class=\"card-entry__media-inner\">\n\t\t\t\t\t\t\t\t\t\t\t\t<img decoding=\"async\" src=\"https:\/\/sha.de\/wp-content\/uploads\/706x313_PhoenixWERK-706x313.jpg\" \/>\n\t\t\t\t\t\t\t\t\t<\/div>\n\t<\/div>\n\n\t<div class=\"card_entry__content-wrap\">\n\t\t\t\t\t<div class=\"card-entry__heading\">\n\t<div class=\"card-entry__heading-inner\">\n\n\n\t\t\t\n\t\t\t\n\t\t\t\n\t\t\t\t\t\t\t<h3 class=\"card-entry__headline company-name \">\n\t\t\t\t\tSHA Scheffler Helbich Architekten GmbH\n\t\t\t\t<\/h3>\n\t\t\t\n\t\t\t\t\t\t\t<span class=\"card-entry__subheadline company-add person-job \">\n\t\t\t\t\tSede social\n\t\t\t\t<\/span>\n\t\t\t\n\t\t\n\t<\/div>\n<\/div>\n\t\t\t\t\t<div class=\"card-entry__content content-type-default\">\n\t\t<div class=\"card-entry__content-inner\">\n\t\t\t<p class=\"card-entry__contents\">\n\t\t\t\t\t\t\t\t\t\t\t\t\t\t\t\t\t\t\t\t\t\t<span class=\"content-phone\"><span class=\"contact-pre\">T<\/span> <a href=\"tel:+492314420200\">+49 (231) 44 20 20 0<\/a><\/span>\n\t\t\t\t\t\t\t\t\t\t\t\t\t\t\t\t\t\t\t\t\t\t\t\t<span class=\"content-mail\"><br\/><span class=\"contact-pre\">E<\/span>  <a href=\"javascript:secureDecryptAndNavigate('H2FcVakXXx87QSonwh+wMckqaQAjnouj2PAUzVpimSrIA\/A+yfJBPj\/REBZSJmHxiBr2ba+c+lU\/4bAjdIKeoAia', '7fb6b0a631c756e2798c0419dd401ac6392a180022e45865affe1bd81a905598')\">info@sha.de<\/a><\/span>\n\t\t\t\t\t\t\t\t\t\t\t\t\t\t\t\t\t\t<\/p>\n\t\t<\/div>\n\t<\/div>\n\t<\/div>\n\n\t<\/div>\n<\/article>\n\n\t\n\t<\/div>\n<\/article>\n<\/div><div class=\"av_one_third flex_column location-column location-routes routes flex-grow\"><h4 class=\"routes-title\">Abordagem Scheffler Helbich Architects Dortmund<\/h4>\n\n<div class=\"routes-notices\">\n            <div class=\"route-notice car\">\n            <span class=\"route-notice-title car\">Acesso autom\u00f3vel I Parque de estacionamento de v\u00e1rios andares PhoenixWERK<\/span>\n            <p class=\"route-notice-text\">Como visitante da PhoenixWERK, pode utilizar o parque de estacionamento de v\u00e1rios andares associado, situado diretamente ao lado dos edif\u00edcios de escrit\u00f3rios. Para nos encontrar, introduza o seguinte endere\u00e7o na barra de navega\u00e7\u00e3o: Hochofenstra\u00dfe 49, 44263 Dortmund.<\/p>\n        <\/div>\n                <div class=\"route-notice public\">\n            <span class=\"route-notice-title public\">Viagem de transportes p\u00fablicos  <\/span>\n            <p class=\"route-notice-text\">Se se deslocar a Scheffler Helbich Architekten a p\u00e9 ou de transportes p\u00fablicos, utilize o endere\u00e7o Phoenixplatz 3, 44263 Dortmund. V\u00e1rias paragens de autocarro e as esta\u00e7\u00f5es de S-Bahn e U-Bahn de H\u00f6rde ficam a uma curta dist\u00e2ncia a p\u00e9 do nosso escrit\u00f3rio.<\/p>\n        <\/div>\n    <\/div>\n\n    <script type=\"text\/javascript\">\n        function goGmap(dest, atts = '') {\n            \/\/start = document.getElementById('saddr').value;\n            \/\/url = 'https:\/\/www.google.com\/maps\/dir\/?api=1&origin=' + start + '&destination=' + dest + atts;\n\t\t\turl = 'https:\/\/www.google.com\/maps\/dir\/?api=1&origin=&destination=' + dest + atts;\n            window.open(url, '_blank').focus();\n        }\n    <\/script>\n    <form class=\"routes-planner avia-button-wrap theme-fill\">\n        <h5 class=\"routes-title\">Calcule a rota agora<\/h5>\n        <!-- <input id=\"saddr\" class=\"inputbox start-address\" type=\"text\" placeholder=\"Adresse eingeben\" name=\"saddr\" value=\"\" style=\"visibility:hidden;\"> -->\n                    <a onclick=\"goGmap('Hochofenstra\u00dfe 49 44263 Dortmund', '&travelmode=driving');\" class=\"avia-button avia-size-small avia-position-left color-ci-black hover-yellow\"><span>Percurso de autom\u00f3vel<\/span><\/a>\n                    <a onclick=\"goGmap('Phoenixplatz 3 44263 Dortmund', '&travelmode=transit');\" class=\"avia-button avia-size-small avia-position-left color-ci-black hover-yellow\"><span>Percurso em transportes p\u00fablicos<\/span><\/a>\n            <\/form>\n<\/div><div class=\"av_one_third flex_column location-column location-map flex-grow\"> <div class=\"brlbs-cmpnt-container brlbs-cmpnt-content-blocker brlbs-cmpnt-with-individual-styles\" data-borlabs-cookie-content-blocker-id=\"google-maps\" data-borlabs-cookie-content=\"PGlmcmFtZQoJCQkJCQkJICB3aWR0aD0iMTAwJSIKCQkJCQkJCSAgaGVpZ2h0PSIxMDAlIgoJCQkJCQkJICBzdHlsZT0iYm9yZGVyOjFweCBzb2xpZCAjY2ZjZmNmOyIKCQkJCQkJCSAgbG9hZGluZz0ibGF6eSIKCQkJCQkJCSAgYWxsb3dmdWxsc2NyZWVuCgkJCQkJCQkgIHJlZmVycmVycG9saWN5PSJuby1yZWZlcnJlci13aGVuLWRvd25ncmFkZSIKCQkJCQkJCSAgc3JjPSJodHRwczovL3d3dy5nb29nbGUuY29tL21hcHMvZW1iZWQvdjEvcGxhY2U\/a2V5PUFJemFTeUJ6X2gyWUxfWE54ZmFKV2pCMUZ4a0hNM3M2dWpCd0dYbyZxPVNIQSBTY2hlZmZsZXIgSGVsYmljaCBBcmNoaXRla3RlbiBHbWJIIFBob2VuaXhwbGF0eiAzIDQ0MjYzIERvcnRtdW5kIgoJCQkJCQk+CgkJCQkJCTwvaWZyYW1lPg==\"><div class=\"brlbs-cmpnt-cb-preset-b brlbs-cmpnt-cb-google-maps\"> <div class=\"brlbs-cmpnt-cb-thumbnail\" style=\"background-image: url('https:\/\/sha.de\/wp-content\/uploads\/borlabs-cookie\/1\/brlbs-cb-google-maps-main.png')\"><\/div> <div class=\"brlbs-cmpnt-cb-main\"> <div class=\"brlbs-cmpnt-cb-content\"> <p class=\"brlbs-cmpnt-cb-description\">You are currently viewing a placeholder content from <strong>Google Maps<\/strong>. To access the actual content, click the button below. Please note that doing so will share data with third-party providers.<\/p> <a class=\"brlbs-cmpnt-cb-provider-toggle\" href=\"#\" data-borlabs-cookie-show-provider-information role=\"button\">More Information<\/a> <\/div> <div class=\"brlbs-cmpnt-cb-buttons\"> <a class=\"brlbs-cmpnt-cb-btn\" href=\"#\" data-borlabs-cookie-unblock role=\"button\">Unblock content<\/a> <a class=\"brlbs-cmpnt-cb-btn\" href=\"#\" data-borlabs-cookie-accept-service role=\"button\" style=\"display: inherit\">Accept required service and unblock content<\/a> <\/div> <\/div> <\/div><\/div><\/div><\/div><\/div>\n\n<\/div><\/div><\/div><!-- close content main div --><\/div><\/div><div id='av_section_4' class='avia-section main_color pt-default pb-default avia-no-border-styling avia-bg-style-scroll  avia-builder-el-14  el_after_av_section  avia-builder-el-last  standorte-map-section  container_wrap fullsize' style=' '  ><div class='container' ><div class='template-page content  av-content-full alpha units'><div class='post-entry post-entry-type-page post-entry-30019'><div class='entry-content-wrapper clearfix'>\n<div class=\"flex_column av_one_full  flex_column_div av-zero-column-padding first bg-grey   img-left   avia-builder-el-15  avia-builder-el-no-sibling  \"><div class=\"location\"><div class=\"av_one_third flex_column location-column location-card first\"><article id=\"\" class=\"card-entry person-entry location-entry   text-align-left     \">\n\t<div class=\"card-entry__inner\">\n\t\t\n\t\n\t\t<article id=\"\" class=\"card-entry person-entry location-entry   text-align-left     \">\n\t<div class=\"card-entry__inner\">\n\t\t\n\t<div class=\"card-entry__media media-type-\">\n\t\t<div class=\"card-entry__media-inner\">\n\t\t\t\t\t\t\t\t\t\t\t\t<img decoding=\"async\" src=\"https:\/\/sha.de\/wp-content\/uploads\/bearbeitet_Innenansicht-706x313.jpg\" \/>\n\t\t\t\t\t\t\t\t\t<\/div>\n\t<\/div>\n\n\t<div class=\"card_entry__content-wrap\">\n\t\t\t\t\t<div class=\"card-entry__heading\">\n\t<div class=\"card-entry__heading-inner\">\n\n\n\t\t\t\n\t\t\t\n\t\t\t\n\t\t\t\t\t\t\t<h3 class=\"card-entry__headline company-name \">\n\t\t\t\t\tSHA Scheffler Helbich Architekten GmbH\n\t\t\t\t<\/h3>\n\t\t\t\n\t\t\t\t\t\t\t<span class=\"card-entry__subheadline company-add person-job \">\n\t\t\t\t\tSucursal de Berlim\n\t\t\t\t<\/span>\n\t\t\t\n\t\t\n\t<\/div>\n<\/div>\n\t\t\t\t\t<div class=\"card-entry__content content-type-default\">\n\t\t<div class=\"card-entry__content-inner\">\n\t\t\t<p class=\"card-entry__contents\">\n\t\t\t\t\t\t\t\t\t\t\t\t\t\t\t\t\t\t\t\t\t\t<span class=\"content-phone\"><span class=\"contact-pre\">T<\/span> <a href=\"tel:+493023327570\">+49 (30) 23 32 75 70<\/a><\/span>\n\t\t\t\t\t\t\t\t\t\t\t\t\t\t\t\t\t\t\t\t\t\t\t\t<span class=\"content-mail\"><br\/><span class=\"contact-pre\">E<\/span>  <a href=\"javascript:secureDecryptAndNavigate('Sbz5nJ5wlidaRQEo3uGmMl8QZTUDFB6VYEqPOkbwccxelvkcoRRd7r\/\/FDk5ai\/USGvG4HAVv\/0vsfJqUJ9uHMT8HKE=', '7fb6b0a631c756e2798c0419dd401ac6392a180022e45865affe1bd81a905598')\">berlin@sha.de<\/a><\/span>\n\t\t\t\t\t\t\t\t\t\t\t\t\t\t\t\t\t\t<\/p>\n\t\t<\/div>\n\t<\/div>\n\t<\/div>\n\n\t<\/div>\n<\/article>\n\n\t\n\t<\/div>\n<\/article>\n<\/div><div class=\"av_one_third flex_column location-column location-routes routes flex-grow\"><h4 class=\"routes-title\">Abordagem Scheffler Helbich Architects Berlim<\/h4>\n\n<div class=\"routes-notices\">\n            <div class=\"route-notice car\">\n            <span class=\"route-notice-title car\">Chegada de autom\u00f3vel<\/span>\n            <p class=\"route-notice-text\">O nosso est\u00fadio em Berlim situa-se em Kreuzberg, perto do canal Landwehr.<\/p>\n        <\/div>\n                <div class=\"route-notice public\">\n            <span class=\"route-notice-title public\">Viagem de transportes p\u00fablicos  <\/span>\n            <p class=\"route-notice-text\">O escrit\u00f3rio da SHA em Berlim disp\u00f5e de excelentes liga\u00e7\u00f5es de transportes p\u00fablicos. A esta\u00e7\u00e3o de metro Kottbusser Tor fica nas imedia\u00e7\u00f5es.<\/p>\n        <\/div>\n    <\/div>\n\n    <script type=\"text\/javascript\">\n        function goGmap(dest, atts = '') {\n            \/\/start = document.getElementById('saddr').value;\n            \/\/url = 'https:\/\/www.google.com\/maps\/dir\/?api=1&origin=' + start + '&destination=' + dest + atts;\n\t\t\turl = 'https:\/\/www.google.com\/maps\/dir\/?api=1&origin=&destination=' + dest + atts;\n            window.open(url, '_blank').focus();\n        }\n    <\/script>\n    <form class=\"routes-planner avia-button-wrap theme-fill\">\n        <h5 class=\"routes-title\">Calcule a rota agora<\/h5>\n        <!-- <input id=\"saddr\" class=\"inputbox start-address\" type=\"text\" placeholder=\"Adresse eingeben\" name=\"saddr\" value=\"\" style=\"visibility:hidden;\"> -->\n                    <a onclick=\"goGmap('Erkelenzdamm 59-61 10999 Berlim', '&travelmode=driving');\" class=\"avia-button avia-size-small avia-position-left color-ci-black hover-yellow\"><span>Percurso de autom\u00f3vel<\/span><\/a>\n                    <a onclick=\"goGmap('Erkelenzdamm 59-61 10999 Berlim', '&travelmode=transit');\" class=\"avia-button avia-size-small avia-position-left color-ci-black hover-yellow\"><span>Percurso em transportes p\u00fablicos<\/span><\/a>\n            <\/form>\n<\/div><div class=\"av_one_third flex_column location-column location-map flex-grow\"> <div class=\"brlbs-cmpnt-container brlbs-cmpnt-content-blocker brlbs-cmpnt-with-individual-styles\" data-borlabs-cookie-content-blocker-id=\"google-maps\" data-borlabs-cookie-content=\"PGlmcmFtZQoJCQkJCQkJICB3aWR0aD0iMTAwJSIKCQkJCQkJCSAgaGVpZ2h0PSIxMDAlIgoJCQkJCQkJICBzdHlsZT0iYm9yZGVyOjFweCBzb2xpZCAjY2ZjZmNmOyIKCQkJCQkJCSAgbG9hZGluZz0ibGF6eSIKCQkJCQkJCSAgYWxsb3dmdWxsc2NyZWVuCgkJCQkJCQkgIHJlZmVycmVycG9saWN5PSJuby1yZWZlcnJlci13aGVuLWRvd25ncmFkZSIKCQkJCQkJCSAgc3JjPSJodHRwczovL3d3dy5nb29nbGUuY29tL21hcHMvZW1iZWQvdjEvcGxhY2U\/a2V5PUFJemFTeUJ6X2gyWUxfWE54ZmFKV2pCMUZ4a0hNM3M2dWpCd0dYbyZxPVNIQSBTY2hlZmZsZXIgSGVsYmljaCBBcmNoaXRla3RlbiBHbWJIIEJlcmxpbSBFcmtlbGVuemRhbW0gIDU5LTYxIDEwOTk5IEJlcmxpbiIKCQkJCQkJPgoJCQkJCQk8L2lmcmFtZT4=\"><div class=\"brlbs-cmpnt-cb-preset-b brlbs-cmpnt-cb-google-maps\"> <div class=\"brlbs-cmpnt-cb-thumbnail\" style=\"background-image: url('https:\/\/sha.de\/wp-content\/uploads\/borlabs-cookie\/1\/brlbs-cb-google-maps-main.png')\"><\/div> <div class=\"brlbs-cmpnt-cb-main\"> <div class=\"brlbs-cmpnt-cb-content\"> <p class=\"brlbs-cmpnt-cb-description\">You are currently viewing a placeholder content from <strong>Google Maps<\/strong>. To access the actual content, click the button below. Please note that doing so will share data with third-party providers.<\/p> <a class=\"brlbs-cmpnt-cb-provider-toggle\" href=\"#\" data-borlabs-cookie-show-provider-information role=\"button\">More Information<\/a> <\/div> <div class=\"brlbs-cmpnt-cb-buttons\"> <a class=\"brlbs-cmpnt-cb-btn\" href=\"#\" data-borlabs-cookie-unblock role=\"button\">Unblock content<\/a> <a class=\"brlbs-cmpnt-cb-btn\" href=\"#\" data-borlabs-cookie-accept-service role=\"button\" style=\"display: inherit\">Accept required service and unblock content<\/a> <\/div> <\/div> <\/div><\/div><\/div><\/div><\/div>\n\n","protected":false},"excerpt":{"rendered":"","protected":false},"author":1,"featured_media":0,"parent":0,"menu_order":23,"comment_status":"closed","ping_status":"closed","template":"","meta":{"_acf_changed":false,"content-type":"","footnotes":""},"class_list":["post-30019","page","type-page","status-publish","hentry"],"acf":[],"yoast_head":"<!-- This site is optimized with the Yoast SEO plugin v27.4 - https:\/\/yoast.com\/product\/yoast-seo-wordpress\/ -->\n<title>contactos e direc\u00e7\u00f5es | SHA Scheffler Helbich Architekten GmbH<\/title>\n<meta name=\"description\" content=\"Gostaria de conhecer a SHA e os nossos projectos de arquitetura? Tem alguma pergunta, pedido ou sugest\u00e3o? Aguardamos o seu telefonema ou e-mail.\" \/>\n<meta name=\"robots\" content=\"index, follow, max-snippet:-1, max-image-preview:large, max-video-preview:-1\" \/>\n<link rel=\"canonical\" href=\"https:\/\/sha.de\/pt-pt\/contacto-2021\" \/>\n<meta property=\"og:locale\" content=\"pt_PT\" \/>\n<meta property=\"og:type\" content=\"article\" \/>\n<meta property=\"og:title\" content=\"contactos e direc\u00e7\u00f5es | SHA Scheffler Helbich Architekten GmbH\" \/>\n<meta property=\"og:description\" content=\"Gostaria de conhecer a SHA e os nossos projectos de arquitetura? Tem alguma pergunta, pedido ou sugest\u00e3o? Aguardamos o seu telefonema ou e-mail.\" \/>\n<meta property=\"og:url\" content=\"https:\/\/sha.de\/pt-pt\/contacto-2021\" \/>\n<meta property=\"og:site_name\" content=\"SHA Scheffler Helbich Architekten GmbH\" \/>\n<meta property=\"article:modified_time\" content=\"2025-07-03T10:07:25+00:00\" \/>\n<meta name=\"twitter:card\" content=\"summary_large_image\" \/>\n<meta name=\"twitter:label1\" content=\"Tempo estimado de leitura\" \/>\n\t<meta name=\"twitter:data1\" content=\"3 minutos\" \/>\n<script type=\"application\/ld+json\" class=\"yoast-schema-graph\">{\"@context\":\"https:\\\/\\\/schema.org\",\"@graph\":[{\"@type\":\"WebPage\",\"@id\":\"https:\\\/\\\/sha.de\\\/pt-pt\\\/contacto-2021\",\"url\":\"https:\\\/\\\/sha.de\\\/pt-pt\\\/contacto-2021\",\"name\":\"contactos e direc\u00e7\u00f5es | SHA Scheffler Helbich Architekten GmbH\",\"isPartOf\":{\"@id\":\"https:\\\/\\\/sha.de\\\/pt-pt#website\"},\"datePublished\":\"2021-11-22T08:15:48+00:00\",\"dateModified\":\"2025-07-03T10:07:25+00:00\",\"description\":\"Gostaria de conhecer a SHA e os nossos projectos de arquitetura? Tem alguma pergunta, pedido ou sugest\u00e3o? Aguardamos o seu telefonema ou e-mail.\",\"breadcrumb\":{\"@id\":\"https:\\\/\\\/sha.de\\\/pt-pt\\\/contacto-2021#breadcrumb\"},\"inLanguage\":\"pt-PT\",\"potentialAction\":[{\"@type\":\"ReadAction\",\"target\":[\"https:\\\/\\\/sha.de\\\/pt-pt\\\/contacto-2021\"]}]},{\"@type\":\"BreadcrumbList\",\"@id\":\"https:\\\/\\\/sha.de\\\/pt-pt\\\/contacto-2021#breadcrumb\",\"itemListElement\":[{\"@type\":\"ListItem\",\"position\":1,\"name\":\"Startseite\",\"item\":\"https:\\\/\\\/sha.de\\\/pt-pt\"},{\"@type\":\"ListItem\",\"position\":2,\"name\":\"Contacte-nos\"}]},{\"@type\":\"WebSite\",\"@id\":\"https:\\\/\\\/sha.de\\\/pt-pt#website\",\"url\":\"https:\\\/\\\/sha.de\\\/pt-pt\",\"name\":\"SHA Scheffler Helbich Architekten GmbH\",\"description\":\"\",\"potentialAction\":[{\"@type\":\"SearchAction\",\"target\":{\"@type\":\"EntryPoint\",\"urlTemplate\":\"https:\\\/\\\/sha.de\\\/pt-pt?s={search_term_string}\"},\"query-input\":{\"@type\":\"PropertyValueSpecification\",\"valueRequired\":true,\"valueName\":\"search_term_string\"}}],\"inLanguage\":\"pt-PT\"}]}<\/script>\n<!-- \/ Yoast SEO plugin. -->","yoast_head_json":{"title":"contactos e direc\u00e7\u00f5es | SHA Scheffler Helbich Architekten GmbH","description":"Gostaria de conhecer a SHA e os nossos projectos de arquitetura? Tem alguma pergunta, pedido ou sugest\u00e3o? Aguardamos o seu telefonema ou e-mail.","robots":{"index":"index","follow":"follow","max-snippet":"max-snippet:-1","max-image-preview":"max-image-preview:large","max-video-preview":"max-video-preview:-1"},"canonical":"https:\/\/sha.de\/pt-pt\/contacto-2021","og_locale":"pt_PT","og_type":"article","og_title":"contactos e direc\u00e7\u00f5es | SHA Scheffler Helbich Architekten GmbH","og_description":"Gostaria de conhecer a SHA e os nossos projectos de arquitetura? Tem alguma pergunta, pedido ou sugest\u00e3o? Aguardamos o seu telefonema ou e-mail.","og_url":"https:\/\/sha.de\/pt-pt\/contacto-2021","og_site_name":"SHA Scheffler Helbich Architekten GmbH","article_modified_time":"2025-07-03T10:07:25+00:00","twitter_card":"summary_large_image","twitter_misc":{"Tempo estimado de leitura":"3 minutos"},"schema":{"@context":"https:\/\/schema.org","@graph":[{"@type":"WebPage","@id":"https:\/\/sha.de\/pt-pt\/contacto-2021","url":"https:\/\/sha.de\/pt-pt\/contacto-2021","name":"contactos e direc\u00e7\u00f5es | SHA Scheffler Helbich Architekten GmbH","isPartOf":{"@id":"https:\/\/sha.de\/pt-pt#website"},"datePublished":"2021-11-22T08:15:48+00:00","dateModified":"2025-07-03T10:07:25+00:00","description":"Gostaria de conhecer a SHA e os nossos projectos de arquitetura? Tem alguma pergunta, pedido ou sugest\u00e3o? Aguardamos o seu telefonema ou e-mail.","breadcrumb":{"@id":"https:\/\/sha.de\/pt-pt\/contacto-2021#breadcrumb"},"inLanguage":"pt-PT","potentialAction":[{"@type":"ReadAction","target":["https:\/\/sha.de\/pt-pt\/contacto-2021"]}]},{"@type":"BreadcrumbList","@id":"https:\/\/sha.de\/pt-pt\/contacto-2021#breadcrumb","itemListElement":[{"@type":"ListItem","position":1,"name":"Startseite","item":"https:\/\/sha.de\/pt-pt"},{"@type":"ListItem","position":2,"name":"Contacte-nos"}]},{"@type":"WebSite","@id":"https:\/\/sha.de\/pt-pt#website","url":"https:\/\/sha.de\/pt-pt","name":"SHA Scheffler Helbich Architekten GmbH","description":"","potentialAction":[{"@type":"SearchAction","target":{"@type":"EntryPoint","urlTemplate":"https:\/\/sha.de\/pt-pt?s={search_term_string}"},"query-input":{"@type":"PropertyValueSpecification","valueRequired":true,"valueName":"search_term_string"}}],"inLanguage":"pt-PT"}]}},"_links":{"self":[{"href":"https:\/\/sha.de\/pt-pt\/wp-json\/wp\/v2\/pages\/30019","targetHints":{"allow":["GET"]}}],"collection":[{"href":"https:\/\/sha.de\/pt-pt\/wp-json\/wp\/v2\/pages"}],"about":[{"href":"https:\/\/sha.de\/pt-pt\/wp-json\/wp\/v2\/types\/page"}],"author":[{"embeddable":true,"href":"https:\/\/sha.de\/pt-pt\/wp-json\/wp\/v2\/users\/1"}],"replies":[{"embeddable":true,"href":"https:\/\/sha.de\/pt-pt\/wp-json\/wp\/v2\/comments?post=30019"}],"version-history":[{"count":14,"href":"https:\/\/sha.de\/pt-pt\/wp-json\/wp\/v2\/pages\/30019\/revisions"}],"predecessor-version":[{"id":53426,"href":"https:\/\/sha.de\/pt-pt\/wp-json\/wp\/v2\/pages\/30019\/revisions\/53426"}],"wp:attachment":[{"href":"https:\/\/sha.de\/pt-pt\/wp-json\/wp\/v2\/media?parent=30019"}],"curies":[{"name":"wp","href":"https:\/\/api.w.org\/{rel}","templated":true}]}}