{"id":30034,"date":"2020-02-14T15:51:57","date_gmt":"2020-02-14T14:51:57","guid":{"rendered":"https:\/\/sha.de\/impressao"},"modified":"2025-08-21T14:35:21","modified_gmt":"2025-08-21T12:35:21","slug":"impressao","status":"publish","type":"page","link":"https:\/\/sha.de\/pt-pt\/impressao","title":{"rendered":"Impress\u00e3o"},"content":{"rendered":"<div id='av_section_1' class='avia-section main_color pt-default pb-default avia-no-border-styling avia-bg-style-scroll  avia-builder-el-0  avia-builder-el-no-sibling   container_wrap fullsize' style=' '  ><div class='container' ><main  role=\"main\" itemprop=\"mainContentOfPage\"  class='template-page content  av-content-full alpha units'><div class='post-entry post-entry-type-page post-entry-30034'><div class='entry-content-wrapper clearfix'>\n\n\t\t\t<div id=\"av-k1kquvev\" class=\"headline-column flex_column av_one_full flex_column_div first \">\n\t\t\t\t<div class=\"headline-wrap is-outside align-left sub-bottom\">\n\t\t\t\t\t<h1 class=\"headline-content headline-primary\">Impress\u00e3o<\/h1>\n\t\t\t\t\t\n\t\t\t\t<\/div>\n\t\t\t<\/div>\n<div class=\"flex_column av_one_half  flex_column_div av-zero-column-padding first       avia-builder-el-2  el_after_pixel_sc_headline  el_before_av_one_half  \"><section  class='av_textblock_section av-k2ughukz-d00ac973f1450f786abb9503c7a6e401 '   itemscope=\"itemscope\" itemtype=\"https:\/\/schema.org\/CreativeWork\" ><div class='avia_textblock'  itemprop=\"text\" ><div id=\"footerAddress\">\n<p>SHA Scheffler Helbich Architekten GmbH<br \/>\nPhoenixplatz 3<br \/>\n44263 Dortmund<\/p>\n<\/div>\n<h3>Contacte:<\/h3>\n<p><a href=\"tel:+492314420200\" target=\"_blank\" rel=\"nofollow\">+49 (231) 44 20 20 0<\/a><br \/>\n<a href=\"javascript:secureDecryptAndNavigate('G6pER33FpC8M6WIxa\/MhhQGFlavGCtyEAMH3DsdvsZ0ge7Uy9EZ6CFVAMnKtTsn\/EeC3BLRHB5RQ6ZCpctcuyyBm', '7fb6b0a631c756e2798c0419dd401ac6392a180022e45865affe1bd81a905598')\">info@sha.de<\/a><\/p>\n<h3>N\u00famero de identifica\u00e7\u00e3o fiscal de vendas:<\/h3>\n<p>N\u00famero de identifica\u00e7\u00e3o IVA DE 184104694<br \/>\nRegisto comercial: Tribunal local de Dortmund HRB 12501<\/p>\n<h3>Respons\u00e1vel pelo conte\u00fado:<\/h3>\n<p>Christoph Helbich<br \/>\nSHA Scheffler Helbich Architekten GmbH<br \/>\nPhoenixplatz 3<br \/>\n44263 Dortmund<\/p>\n<h3>Gest\u00e3o:<\/h3>\n<p>Christoph Helbich, Dipl.-Ing. Arquiteto BDA<br \/>\nAKNW A 35017, s\u00f3cio-gerente<\/p>\n<p>Jens Beele, engenheiro civil diplomado<br \/>\nDiretor Geral<\/p>\n<p>Birgit Helbich, Dipl.-Ing. Arquiteta<br \/>\nAKNW A 35585 Acionista<\/p>\n<p>Volker Kaminsky, Dipl.-Ing. Arquiteto<br \/>\nAKNW A 24833, signat\u00e1rio autorizado<\/p>\n<p>Marc Horstmeier, Dipl.-Ing. Arquiteto<br \/>\nAKNW A 103235, signat\u00e1rio autorizado<\/p>\n<h3>Regulamenta\u00e7\u00e3o profissional dos arquitectos:<\/h3>\n<p>Os seguintes regulamentos profissionais aplicam-se a n\u00f3s, arquitectos:<\/p>\n<p>Lei da C\u00e2mara de Constru\u00e7\u00e3o NRW BauKaG NW<br \/>\nRegulamento de execu\u00e7\u00e3o DVO BauKaG NW<br \/>\nEstatutos da Ordem dos Arquitectos da Ren\u00e2nia do Norte-Vestef\u00e1lia<\/p>\n<p>A regulamenta\u00e7\u00e3o profissional acima referida pode ser consultada no s\u00edtio Web da Ordem dos Arquitectos da Ren\u00e2nia do Norte-Vestef\u00e1lia AKNW.<\/p>\n<h3>Filia\u00e7\u00f5es e associa\u00e7\u00f5es:<\/h3>\n<p>C\u00e2mara dos Arquitectos da Ren\u00e2nia do Norte-Vestef\u00e1lia<br \/>\nZollhof 1<br \/>\n40221 D\u00fcsseldorf<\/p>\n<p>Associa\u00e7\u00e3o dos Arquitectos Alem\u00e3es BDA<br \/>\nK\u00f6penicker Strasse 48\/49<br \/>\n10179 Berlim<\/p>\n<p>Associa\u00e7\u00e3o Federal de Jovens Empres\u00e1rios da ASU e.V.<br \/>\nReichsstr. 17<br \/>\n14052 Berlim<\/p>\n<\/div><\/section><\/div><div class=\"flex_column av_one_half  flex_column_div av-zero-column-padding        avia-builder-el-4  el_after_av_one_half  avia-builder-el-last  \"><section  class='av_textblock_section av-k42l35bm-0a73745d535d67060b168ff7834bcc77 '   itemscope=\"itemscope\" itemtype=\"https:\/\/schema.org\/CreativeWork\" ><div class='avia_textblock'  itemprop=\"text\" ><h3>Resolu\u00e7\u00e3o de lit\u00edgios<\/h3>\n<p>N\u00e3o estamos dispostos ou obrigados a participar num processo de resolu\u00e7\u00e3o de lit\u00edgios perante uma comiss\u00e3o de arbitragem de consumidores.<\/p>\n<h3>Responsabilidade pelas liga\u00e7\u00f5es<\/h3>\n<p>Este s\u00edtio Web cont\u00e9m liga\u00e7\u00f5es a outros s\u00edtios Web. A SHA n\u00e3o \u00e9 respons\u00e1vel pelo conte\u00fado de websites com links ativos ou passivos. O nosso s\u00edtio Web cont\u00e9m liga\u00e7\u00f5es a s\u00edtios Web externos de terceiros sobre cujo conte\u00fado n\u00e3o temos qualquer influ\u00eancia. Por conseguinte, n\u00e3o podemos aceitar qualquer responsabilidade por este conte\u00fado de terceiros. O respetivo fornecedor ou operador das p\u00e1ginas \u00e9 sempre respons\u00e1vel pelo conte\u00fado das p\u00e1ginas ligadas. As p\u00e1ginas ligadas foram verificadas quanto a poss\u00edveis viola\u00e7\u00f5es legais no momento da liga\u00e7\u00e3o. Os conte\u00fados ilegais n\u00e3o eram reconhec\u00edveis no momento da liga\u00e7\u00e3o. No entanto, o controlo permanente do conte\u00fado das p\u00e1ginas ligadas n\u00e3o \u00e9 razo\u00e1vel sem provas concretas de uma infra\u00e7\u00e3o. Se tivermos conhecimento de quaisquer infrac\u00e7\u00f5es legais, removeremos imediatamente essas liga\u00e7\u00f5es.<\/p>\n<h3>Direitos de autor<\/h3>\n<p>O conte\u00fado e as obras criadas pelos operadores do s\u00edtio nestas p\u00e1ginas est\u00e3o sujeitos \u00e0 legisla\u00e7\u00e3o alem\u00e3 em mat\u00e9ria de direitos de autor. A reprodu\u00e7\u00e3o, edi\u00e7\u00e3o, distribui\u00e7\u00e3o e qualquer tipo de utiliza\u00e7\u00e3o fora dos limites da lei dos direitos de autor requerem o consentimento escrito do respetivo autor ou criador. Os downloads e c\u00f3pias deste s\u00edtio s\u00f3 s\u00e3o permitidos para uso privado e n\u00e3o comercial.<br \/>\nNa medida em que o conte\u00fado deste s\u00edtio n\u00e3o foi criado pelo operador, os direitos de autor de terceiros s\u00e3o respeitados. Em particular, os conte\u00fados de terceiros s\u00e3o rotulados como tal. Se, no entanto, tiver conhecimento de uma viola\u00e7\u00e3o de direitos de autor, informe-nos em conformidade. Se tivermos conhecimento de quaisquer infrac\u00e7\u00f5es legais, removeremos imediatamente esse conte\u00fado.<\/p>\n<\/div><\/section><\/div>\n","protected":false},"excerpt":{"rendered":"","protected":false},"author":1,"featured_media":0,"parent":0,"menu_order":26,"comment_status":"closed","ping_status":"closed","template":"","meta":{"_acf_changed":false,"content-type":"","footnotes":""},"class_list":["post-30034","page","type-page","status-publish","hentry"],"acf":[],"yoast_head":"<!-- This site is optimized with the Yoast SEO plugin v27.4 - https:\/\/yoast.com\/product\/yoast-seo-wordpress\/ -->\n<title>Impress\u00e3o - SHA Scheffler Helbich Architekten GmbH<\/title>\n<meta name=\"robots\" content=\"index, follow, max-snippet:-1, max-image-preview:large, max-video-preview:-1\" \/>\n<link rel=\"canonical\" href=\"https:\/\/sha.de\/pt-pt\/impressao\" \/>\n<meta property=\"og:locale\" content=\"pt_PT\" \/>\n<meta property=\"og:type\" content=\"article\" \/>\n<meta property=\"og:title\" content=\"Impress\u00e3o - SHA Scheffler Helbich Architekten GmbH\" \/>\n<meta property=\"og:url\" content=\"https:\/\/sha.de\/pt-pt\/impressao\" \/>\n<meta property=\"og:site_name\" content=\"SHA Scheffler Helbich Architekten GmbH\" \/>\n<meta property=\"article:modified_time\" content=\"2025-08-21T12:35:21+00:00\" \/>\n<meta name=\"twitter:card\" content=\"summary_large_image\" \/>\n<meta name=\"twitter:label1\" content=\"Tempo estimado de leitura\" \/>\n\t<meta name=\"twitter:data1\" content=\"3 minutos\" \/>\n<script type=\"application\/ld+json\" class=\"yoast-schema-graph\">{\"@context\":\"https:\\\/\\\/schema.org\",\"@graph\":[{\"@type\":\"WebPage\",\"@id\":\"https:\\\/\\\/sha.de\\\/pt-pt\\\/impressao\",\"url\":\"https:\\\/\\\/sha.de\\\/pt-pt\\\/impressao\",\"name\":\"Impress\u00e3o - SHA Scheffler Helbich Architekten GmbH\",\"isPartOf\":{\"@id\":\"https:\\\/\\\/sha.de\\\/pt-pt#website\"},\"datePublished\":\"2020-02-14T14:51:57+00:00\",\"dateModified\":\"2025-08-21T12:35:21+00:00\",\"breadcrumb\":{\"@id\":\"https:\\\/\\\/sha.de\\\/pt-pt\\\/impressao#breadcrumb\"},\"inLanguage\":\"pt-PT\",\"potentialAction\":[{\"@type\":\"ReadAction\",\"target\":[\"https:\\\/\\\/sha.de\\\/pt-pt\\\/impressao\"]}]},{\"@type\":\"BreadcrumbList\",\"@id\":\"https:\\\/\\\/sha.de\\\/pt-pt\\\/impressao#breadcrumb\",\"itemListElement\":[{\"@type\":\"ListItem\",\"position\":1,\"name\":\"Startseite\",\"item\":\"https:\\\/\\\/sha.de\\\/pt-pt\"},{\"@type\":\"ListItem\",\"position\":2,\"name\":\"Impress\u00e3o\"}]},{\"@type\":\"WebSite\",\"@id\":\"https:\\\/\\\/sha.de\\\/pt-pt#website\",\"url\":\"https:\\\/\\\/sha.de\\\/pt-pt\",\"name\":\"SHA Scheffler Helbich Architekten GmbH\",\"description\":\"\",\"potentialAction\":[{\"@type\":\"SearchAction\",\"target\":{\"@type\":\"EntryPoint\",\"urlTemplate\":\"https:\\\/\\\/sha.de\\\/pt-pt?s={search_term_string}\"},\"query-input\":{\"@type\":\"PropertyValueSpecification\",\"valueRequired\":true,\"valueName\":\"search_term_string\"}}],\"inLanguage\":\"pt-PT\"}]}<\/script>\n<!-- \/ Yoast SEO plugin. -->","yoast_head_json":{"title":"Impress\u00e3o - SHA Scheffler Helbich Architekten GmbH","robots":{"index":"index","follow":"follow","max-snippet":"max-snippet:-1","max-image-preview":"max-image-preview:large","max-video-preview":"max-video-preview:-1"},"canonical":"https:\/\/sha.de\/pt-pt\/impressao","og_locale":"pt_PT","og_type":"article","og_title":"Impress\u00e3o - SHA Scheffler Helbich Architekten GmbH","og_url":"https:\/\/sha.de\/pt-pt\/impressao","og_site_name":"SHA Scheffler Helbich Architekten GmbH","article_modified_time":"2025-08-21T12:35:21+00:00","twitter_card":"summary_large_image","twitter_misc":{"Tempo estimado de leitura":"3 minutos"},"schema":{"@context":"https:\/\/schema.org","@graph":[{"@type":"WebPage","@id":"https:\/\/sha.de\/pt-pt\/impressao","url":"https:\/\/sha.de\/pt-pt\/impressao","name":"Impress\u00e3o - SHA Scheffler Helbich Architekten GmbH","isPartOf":{"@id":"https:\/\/sha.de\/pt-pt#website"},"datePublished":"2020-02-14T14:51:57+00:00","dateModified":"2025-08-21T12:35:21+00:00","breadcrumb":{"@id":"https:\/\/sha.de\/pt-pt\/impressao#breadcrumb"},"inLanguage":"pt-PT","potentialAction":[{"@type":"ReadAction","target":["https:\/\/sha.de\/pt-pt\/impressao"]}]},{"@type":"BreadcrumbList","@id":"https:\/\/sha.de\/pt-pt\/impressao#breadcrumb","itemListElement":[{"@type":"ListItem","position":1,"name":"Startseite","item":"https:\/\/sha.de\/pt-pt"},{"@type":"ListItem","position":2,"name":"Impress\u00e3o"}]},{"@type":"WebSite","@id":"https:\/\/sha.de\/pt-pt#website","url":"https:\/\/sha.de\/pt-pt","name":"SHA Scheffler Helbich Architekten GmbH","description":"","potentialAction":[{"@type":"SearchAction","target":{"@type":"EntryPoint","urlTemplate":"https:\/\/sha.de\/pt-pt?s={search_term_string}"},"query-input":{"@type":"PropertyValueSpecification","valueRequired":true,"valueName":"search_term_string"}}],"inLanguage":"pt-PT"}]}},"_links":{"self":[{"href":"https:\/\/sha.de\/pt-pt\/wp-json\/wp\/v2\/pages\/30034","targetHints":{"allow":["GET"]}}],"collection":[{"href":"https:\/\/sha.de\/pt-pt\/wp-json\/wp\/v2\/pages"}],"about":[{"href":"https:\/\/sha.de\/pt-pt\/wp-json\/wp\/v2\/types\/page"}],"author":[{"embeddable":true,"href":"https:\/\/sha.de\/pt-pt\/wp-json\/wp\/v2\/users\/1"}],"replies":[{"embeddable":true,"href":"https:\/\/sha.de\/pt-pt\/wp-json\/wp\/v2\/comments?post=30034"}],"version-history":[{"count":6,"href":"https:\/\/sha.de\/pt-pt\/wp-json\/wp\/v2\/pages\/30034\/revisions"}],"predecessor-version":[{"id":54563,"href":"https:\/\/sha.de\/pt-pt\/wp-json\/wp\/v2\/pages\/30034\/revisions\/54563"}],"wp:attachment":[{"href":"https:\/\/sha.de\/pt-pt\/wp-json\/wp\/v2\/media?parent=30034"}],"curies":[{"name":"wp","href":"https:\/\/api.w.org\/{rel}","templated":true}]}}