{"id":30277,"date":"2023-03-21T08:12:32","date_gmt":"2023-03-21T07:12:32","guid":{"rendered":"https:\/\/sha.de\/responsabilidade"},"modified":"2024-08-28T14:59:32","modified_gmt":"2024-08-28T12:59:32","slug":"responsabilidade","status":"publish","type":"page","link":"https:\/\/sha.de\/pt-pt\/responsabilidade","title":{"rendered":"Responsabilidade"},"content":{"rendered":"<div id='av_section_1' class='avia-section main_color pt-default pb-default avia-no-border-styling avia-bg-style-scroll  avia-builder-el-0  el_before_av_section  avia-builder-el-first  verantwortung-intro  container_wrap fullsize' style=' '  ><div class='container' ><main  role=\"main\" itemprop=\"mainContentOfPage\"  class='template-page content  av-content-full alpha units'><div class='post-entry post-entry-type-page post-entry-30277'><div class='entry-content-wrapper clearfix'>\n<div class=\"flex_column av_two_third  flex_column_div av-zero-column-padding first       avia-builder-el-1  el_before_av_one_third  avia-builder-el-first  \"><p>\n\t\t\t<div id=\"av-1778rfs\" class=\"headline-column flex_column av_one_full flex_column_div first \">\n\t\t\t\t<div class=\"headline-wrap is-outside align-left sub-bottom\">\n\t\t\t\t\t<h1 class=\"headline-content headline-primary\">Assumimos a responsabilidade  <\/h1>\n\t\t\t\t\t<h3 class=\"headline-content headline-secondary\">Compromisso hol\u00edstico com o ambiente e a sociedade<\/h3>\n\t\t\t\t<\/div>\n\t\t\t<\/div><br \/>\n<br \/>\n<section  class='av_textblock_section av-lfhx8c2w-465137514c56e234f15c9600686128e0 '   itemscope=\"itemscope\" itemtype=\"https:\/\/schema.org\/CreativeWork\" ><div class='avia_textblock'  itemprop=\"text\" ><p>Juntos queremos moldar o nosso ambiente e assumir a responsabilidade por ele! Estamos empenhados em garantir que as nossas ac\u00e7\u00f5es pessoais, o nosso trabalho dentro e como escrit\u00f3rio e o nosso compromisso social tenham uma influ\u00eancia positiva nos colegas, parceiros de planeamento e clientes, no ambiente natural e constru\u00eddo e na sociedade.<\/p>\n<p>Analisamos o nosso trabalho de um ponto de vista arquitet\u00f3nico, social, ecol\u00f3gico e econ\u00f3mico e tentamos, assim, moldar e promover positivamente o bem comum e a democracia, a arquitetura e o planeamento urbano, a justi\u00e7a social e o crescimento econ\u00f3mico, bem como a consci\u00eancia ecol\u00f3gica e a neutralidade clim\u00e1tica.<\/p>\n<\/div><\/section><br \/>\n<br \/>\n<section  class='av_textblock_section av-2gjeo8-e6849e66f7d7d7a03a1d3cfd943eab31 '   itemscope=\"itemscope\" itemtype=\"https:\/\/schema.org\/CreativeWork\" ><div class='avia_textblock'  itemprop=\"text\" ><p>O compromisso social, ecol\u00f3gico e arquitet\u00f3nico, bem como a a\u00e7\u00e3o econ\u00f3mica, n\u00e3o devem surgir apenas por caridade, mas baseiam-se na firme convic\u00e7\u00e3o de que s\u00f3 assim o nosso planeta, a nossa sociedade, n\u00f3s, enquanto escrit\u00f3rio, e cada indiv\u00edduo, pessoalmente, podemos beneficiar e desenvolver-nos positivamente.<\/p>\n<p>O nosso objetivo \u00e9 desenvolver solu\u00e7\u00f5es sustent\u00e1veis para os desafios do nosso tempo. Desta forma, queremos garantir que os nossos projectos e solu\u00e7\u00f5es n\u00e3o s\u00e3o apenas ecol\u00f3gica e socialmente compat\u00edveis, mas tamb\u00e9m economicamente vi\u00e1veis e preparados para o futuro. Assumimos a responsabilidade e agimos ativamente para moldar um futuro sustent\u00e1vel para todos.<\/p>\n<\/div><\/section><br \/>\n<\/p><\/div><div class=\"flex_column av_one_third  flex_column_div av-zero-column-padding        avia-builder-el-8  el_after_av_two_third  avia-builder-el-last  \"><div  class='avia-image-container  av-styling-    avia-builder-el-9  avia-builder-el-no-sibling  verantwortung-kreis avia-align-center'  itemprop=\"image\" itemscope=\"itemscope\" itemtype=\"https:\/\/schema.org\/ImageObject\"  ><div class='avia-image-container-inner'><div class='avia-image-overlay-wrap'><a href='caixa de luz' class='avia_image'  ><img class='avia_image ' src='https:\/\/sha.de\/wp-content\/uploads\/kreis-verantwortung_por.png' alt='' title='Kreis Verantwortung | SHA Scheffler Helbich Architekten'  itemprop=\"thumbnailUrl\"  \/><\/a><\/div><\/div><\/div><\/div>\n\n<\/div><\/div><\/main><!-- close content main element --><\/div><\/div><div id='av_section_2' class='avia-section alternate_color pt-large pb-large avia-no-border-styling avia-bg-style-scroll  avia-builder-el-10  el_after_av_section  el_before_av_one_full   container_wrap fullsize' style=' '  ><div class='container' ><div class='template-page content  av-content-full alpha units'><div class='post-entry post-entry-type-page post-entry-30277'><div class='entry-content-wrapper clearfix'>\n<div class=\"flex_column av_one_third  flex_column_div av-zero-column-padding first       avia-builder-el-11  el_before_av_two_third  avia-builder-el-first  \"><p>\n\t\t\t<div id=\"av-lfhx7azr\" class=\"headline-column flex_column av_one_full flex_column_div first \">\n\t\t\t\t<div class=\"headline-wrap is-outside align-left sub-bottom\">\n\t\t\t\t\t<h2 class=\"headline-content headline-primary\"><span style=&quot;font-weight: 300;&quot;>A nossa vis\u00e3o<\/span> <br \/>para um mundo melhor<\/h2>\n\t\t\t\t\t<h3 class=\"headline-content headline-secondary\">17 Objectivos de Desenvolvimento Sustent\u00e1vel<\/h3>\n\t\t\t\t<\/div>\n\t\t\t<\/div><br \/>\n<section  class='av_textblock_section av-lfhx8i21-2a484ee4a1d3c7e013f8192a5a55bcd7 '   itemscope=\"itemscope\" itemtype=\"https:\/\/schema.org\/CreativeWork\" ><div class='avia_textblock'  itemprop=\"text\" ><p>Temos em conta os objectivos de sustentabilidade das Na\u00e7\u00f5es Unidas e assumimos a responsabilidade pela implementa\u00e7\u00e3o do maior n\u00famero poss\u00edvel de medidas de constru\u00e7\u00e3o sustent\u00e1vel nos nossos projectos.<\/p>\n<p>Um compromisso hol\u00edstico e a sustentabilidade na arquitetura n\u00e3o s\u00f3 contribuem para um melhor ambiente, como tamb\u00e9m podem ajudar a melhorar a qualidade de vida das pessoas e a reduzir os custos ao longo do tempo.<\/p>\n<p>Isto significa que temos em conta os requisitos de efici\u00eancia energ\u00e9tica, a utiliza\u00e7\u00e3o de recursos e a utiliza\u00e7\u00e3o de materiais de constru\u00e7\u00e3o sustent\u00e1veis ao planear e conceber os nossos projectos de constru\u00e7\u00e3o.<\/p>\n<\/div><\/section><\/p><\/div><div class=\"flex_column av_two_third  flex_column_div av-zero-column-padding        avia-builder-el-14  el_after_av_one_third  avia-builder-el-last  \"><\/div>\n<\/div><\/div><\/div><!-- close content main div --><\/div><\/div><div id='after_section_2' class='main_color av_default_container_wrap container_wrap fullsize' style=' '  ><div class='container' ><div class='template-page content  av-content-full alpha units'><div class='post-entry post-entry-type-page post-entry-30277'><div class='entry-content-wrapper clearfix'>\n<div class=\"flex_column av_one_full  flex_column_div av-zero-column-padding first bg-default   img-left   avia-builder-el-16  el_after_av_section  el_before_av_codeblock  avia-builder-el-first  \"><div  class='avia-image-container  av-styling-    avia-builder-el-17  avia-builder-el-no-sibling  avia-align-center'  itemprop=\"image\" itemscope=\"itemscope\" itemtype=\"https:\/\/schema.org\/ImageObject\"  ><div class='avia-image-container-inner'><div class='avia-image-overlay-wrap'><img class='avia_image' src='https:\/\/sha.de\/wp-content\/uploads\/SHA_Pikto_Nachhaltigkeit_por.jpg' alt='' title='231102_Pikto Nachhaltigkeit' height=\"2140\" width=\"2560\"  itemprop=\"thumbnailUrl\"  \/><\/div><\/div><\/div><\/div>\n\n<div  class='hr av-km52ko-3d141b2593b484a588be51625b3226b9 hr-default  avia-builder-el-19  el_after_av_codeblock  el_before_av_codeblock '><span class='hr-inner '><span class=\"hr-inner-style\"><\/span><\/span><\/div>\n\n\n\t\t\t<div id=\"av-lp123ael\" class=\"headline-column flex_column av_one_full flex_column_div first \">\n\t\t\t\t<div class=\"headline-wrap is-outside align-left sub-bottom\">\n\t\t\t\t\t<h1 class=\"headline-content headline-primary\">Conceito de energia e sustentabilidade<\/h1>\n\t\t\t\t\t<h3 class=\"headline-content headline-secondary\">Como integramos os ODS no nosso planeamento<\/h3>\n\t\t\t\t<\/div>\n\t\t\t<\/div>\n<div class=\"flex_column av_one_half  flex_column_div av-zero-column-padding first bg-default   img-left   avia-builder-el-22  el_after_pixel_sc_headline  el_before_av_one_half  \"><section  class='av_textblock_section av-lp15ppgc-152068c2c2a64d140961b23f79d17a57 '   itemscope=\"itemscope\" itemtype=\"https:\/\/schema.org\/CreativeWork\" ><div class='avia_textblock'  itemprop=\"text\" ><p>Com este exemplo, mostramos como um conceito de edif\u00edcio pode ser extremamente sustent\u00e1vel em termos de todos os ODS. O maior componente s\u00e3o as \u00e1rvores antigas, que podem absorver uma quantidade particularmente grande de CO2 devido \u00e0 sua idade e tamanho, mas acima de tudo proporcionam um clima interno equilibrado e uma prote\u00e7\u00e3o solar natural. Os parques de estacionamento s\u00e3o constru\u00eddos em locais reconvertidos e conservam o solo. Todos os espa\u00e7os abertos s\u00e3o planeados para serem perme\u00e1veis e as \u00e1guas pluviais s\u00e3o deixadas na propriedade, de modo a que o bairro possa ser visto como um importante bloco de constru\u00e7\u00e3o em termos de cidade esponja. Al\u00e9m disso, ser\u00e3o instaladas cisternas para assegurar a utiliza\u00e7\u00e3o de \u00e1guas cinzentas para as zonas sanit\u00e1rias e a irriga\u00e7\u00e3o das zonas de cobertura. O edif\u00edcio principal est\u00e1 a ser constru\u00eddo como um edif\u00edcio h\u00edbrido, com um design que utiliza as vantagens dos respectivos componentes: Uma estrutura prim\u00e1ria de bet\u00e3o com uma elevada propor\u00e7\u00e3o de bet\u00e3o ecol\u00f3gico e reciclado \u00e9 utilizada para criar grandes v\u00e3os nos dois pisos de base. Os pisos superiores utilizam as vantagens da madeira como material de constru\u00e7\u00e3o renov\u00e1vel, com o seu baixo peso pr\u00f3prio e a capacidade de criar todas as estruturas de compartimentos necess\u00e1rias com v\u00e3os mais pequenos. Ambos os m\u00e9todos de constru\u00e7\u00e3o podem ser realizados de acordo com o princ\u00edpio Cradle to Cradle como completamente desconstru\u00edveis e recicl\u00e1veis, sem misturas.<\/p>\n<\/div><\/section><\/div><div class=\"flex_column av_one_half  flex_column_div av-zero-column-padding  bg-default   img-left   avia-builder-el-24  el_after_av_one_half  el_before_av_hr  \"><section  class='av_textblock_section av-lp15qbkc-8c1aeee5e2e9c2210c4764c3671f2d03 '   itemscope=\"itemscope\" itemtype=\"https:\/\/schema.org\/CreativeWork\" ><div class='avia_textblock'  itemprop=\"text\" ><p>O edif\u00edcio foi planeado de acordo com a norma KfW40-NH, para que o consumo tamb\u00e9m seja minimizado durante o funcionamento. A temperatura do fluxo pode ser optimizada tanto no inverno como no ver\u00e3o, utilizando permutadores de calor geot\u00e9rmicos. Os m\u00f3dulos fotovoltaicos no parque de estacionamento de v\u00e1rios andares proporcionam sombreamento solar e, juntamente com os m\u00f3dulos da fachada do parque de estacionamento de v\u00e1rios andares e os m\u00f3dulos da cobertura do edif\u00edcio principal, constituem uma componente significativa da produ\u00e7\u00e3o de energia sustent\u00e1vel. Os excedentes de ver\u00e3o podem ser armazenados num armaz\u00e9m de gelo sob o edif\u00edcio e utilizados como energia de aquecimento no inverno. Todas as fachadas podem ser utilizadas para a ventila\u00e7\u00e3o individual e natural, que tamb\u00e9m \u00e9 utilizada automaticamente para o arrefecimento noturno. Desta forma, \u00e9 poss\u00edvel assegurar uma climatiza\u00e7\u00e3o \u00f3ptima sem ter de a acionar exclusivamente de forma mec\u00e2nica. Na fase posterior de implementa\u00e7\u00e3o, as simula\u00e7\u00f5es seriam utilizadas para demonstrar como a entrada de luz e calor atrav\u00e9s da fachada pode ser optimizada. As coberturas em socalcos do edif\u00edcio principal ser\u00e3o concebidas como coberturas verdes intensivas com \u00e1reas de lazer para os empregados. Isto promove a intera\u00e7\u00e3o social, bem como um microclima melhorado e a reten\u00e7\u00e3o de poeiras.<\/p>\n<\/div><\/section><\/div><\/p>\n<div  class='hr av-11689fs-7a38d752081b36257053ce714d60aa3d hr-default  avia-builder-el-26  el_after_av_one_half  el_before_av_codeblock '><span class='hr-inner '><span class=\"hr-inner-style\"><\/span><\/span><\/div>\n\n<\/div><\/div><\/div><!-- close content main div --><\/div><\/div><div id='av_section_3' class='avia-section main_color pt-default pb-default avia-no-border-styling avia-bg-style-scroll  avia-builder-el-28  el_after_av_codeblock  el_before_av_section  info  container_wrap fullsize' style=' '  ><div class='container' ><div class='template-page content  av-content-full alpha units'><div class='post-entry post-entry-type-page post-entry-30277'><div class='entry-content-wrapper clearfix'>\n<div class=\"flex_column av_one_third  flex_column_div av-zero-column-padding first       avia-builder-el-29  el_before_av_one_third  avia-builder-el-first  \"><article id=\"av-jzcg9m2c\" class=\"card-entry text-align-left   has-button\">\n\t<div class=\"card-entry__inner\">\n\t\t\n\t\t\t<div class=\"card-entry__media media-type-image\">\n\t<div class=\"card-entry__media-inner\">\n\t\t\t\t\t\t\t<div class=\"card-entry__action\">\n\t<div class=\"card-entry__action-inner\">\n\t\t<div class=\"card-entry__button-wrap avia-button-wrap avia-button-left \">\n\t\t\t<a class=\"card-entry__button avia-button avia-color-ci-black hover-yellow avia-size-small avia-position-left\" href=\"https:\/\/sha.de\/buero\/sha-damals-heute\" target=\"_self\">\n\t\t\t\t<span class=\"button-icon\"><i class=\"icon-arrow_next\"><\/i><\/span>\n\t\t\t\t<span class=\"button-text\">Saiba mais<\/span>\n\t\t\t<\/a>\n\t\t<\/div>\n\t<\/div>\n<\/div>\n\t\t\t\t\t<a class=\"card-entry__link\" href=\"https:\/\/sha.de\/buero\/sha-damals-heute\" target=\"_self\">\t\t\t<img decoding=\"async\" src=\"https:\/\/sha.de\/wp-content\/uploads\/verantwortung-klimaneutral.jpg\" alt=\"\">\n\t\t<\/a>\t<\/div>\n<\/div>\n\t\n\t\t\t<div class=\"card-entry__heading\">\n\t<div class=\"card-entry__heading-inner\">\n\n\t\t\n\t\t\t\n\t\t\t\t\t\t\t<h3 class=\"card-entry__headline  h3-\">\n\t\t\t\t\tSustent\u00e1vel e <strong>neutro para o clima<\/strong>\n\t\t\t\t<\/h3>\n\t\t\t\n\t\t\t\t\t\t\t<p class=\"card-entry__subheadline  -\">\n\t\t\t\t\tConstruir para o futuro: A arquitetura face \u00e0s altera\u00e7\u00f5es clim\u00e1ticas\n\t\t\t\t<\/p>\n\t\t\t\n\t\t\n\t<\/div>\n<\/div>\n\t\n\t\n\t<\/div>\n<\/article><\/div><div class=\"flex_column av_one_third  flex_column_div av-zero-column-padding        avia-builder-el-31  el_after_av_one_third  el_before_av_one_third  \"><article id=\"av-jzcg9m2c-7\" class=\"card-entry text-align-left   has-button\">\n\t<div class=\"card-entry__inner\">\n\t\t\n\t\t\t<div class=\"card-entry__media media-type-image\">\n\t<div class=\"card-entry__media-inner\">\n\t\t\t\t\t\t\t<div class=\"card-entry__action\">\n\t<div class=\"card-entry__action-inner\">\n\t\t<div class=\"card-entry__button-wrap avia-button-wrap avia-button-left \">\n\t\t\t<a class=\"card-entry__button avia-button avia-color-ci-black hover-yellow avia-size-small avia-position-left\" href=\"https:\/\/sha.de\/buero\/geschaeftsleitung\" target=\"_self\">\n\t\t\t\t<span class=\"button-icon\"><i class=\"icon-arrow_next\"><\/i><\/span>\n\t\t\t\t<span class=\"button-text\">Saiba mais<\/span>\n\t\t\t<\/a>\n\t\t<\/div>\n\t<\/div>\n<\/div>\n\t\t\t\t\t<a class=\"card-entry__link\" href=\"https:\/\/sha.de\/buero\/geschaeftsleitung\" target=\"_self\">\t\t\t<img decoding=\"async\" src=\"https:\/\/sha.de\/wp-content\/uploads\/verantwortung-gebaeudezertifizierung.jpg\" alt=\"\">\n\t\t<\/a>\t<\/div>\n<\/div>\n\t\n\t\t\t<div class=\"card-entry__heading\">\n\t<div class=\"card-entry__heading-inner\">\n\n\t\t\n\t\t\t\n\t\t\t\t\t\t\t<h3 class=\"card-entry__headline  h3-\">\n\t\t\t\t\tCertifica\u00e7\u00e3o de <strong>edif\u00edcios<\/strong>\n\t\t\t\t<\/h3>\n\t\t\t\n\t\t\t\t\t\t\t<p class=\"card-entry__subheadline  -\">\n\t\t\t\t\tApoiamo-lo com os nossos conselhos sobre certifica\u00e7\u00e3o de edif\u00edcios.\n\t\t\t\t<\/p>\n\t\t\t\n\t\t\n\t<\/div>\n<\/div>\n\t\n\t\n\t<\/div>\n<\/article><\/div><div class=\"flex_column av_one_third  flex_column_div av-zero-column-padding        avia-builder-el-33  el_after_av_one_third  avia-builder-el-last  \"><article id=\"av-jzcg9m2c-5\" class=\"card-entry text-align-left   has-button\">\n\t<div class=\"card-entry__inner\">\n\t\t\n\t\t\t<div class=\"card-entry__media media-type-image\">\n\t<div class=\"card-entry__media-inner\">\n\t\t\t\t\t\t\t<div class=\"card-entry__action\">\n\t<div class=\"card-entry__action-inner\">\n\t\t<div class=\"card-entry__button-wrap avia-button-wrap avia-button-left \">\n\t\t\t<a class=\"card-entry__button avia-button avia-color-ci-black hover-yellow avia-size-small avia-position-left\" href=\"https:\/\/sha.de\/kontakt\" target=\"_self\">\n\t\t\t\t<span class=\"button-icon\"><i class=\"icon-arrow_next\"><\/i><\/span>\n\t\t\t\t<span class=\"button-text\">Saiba mais<\/span>\n\t\t\t<\/a>\n\t\t<\/div>\n\t<\/div>\n<\/div>\n\t\t\t\t\t<a class=\"card-entry__link\" href=\"https:\/\/sha.de\/kontakt\" target=\"_self\">\t\t\t<img decoding=\"async\" src=\"https:\/\/sha.de\/wp-content\/uploads\/verantwortung-footprint.jpg\" alt=\"\">\n\t\t<\/a>\t<\/div>\n<\/div>\n\t\n\t\t\t<div class=\"card-entry__heading\">\n\t<div class=\"card-entry__heading-inner\">\n\n\t\t\n\t\t\t\n\t\t\t\t\t\t\t<h3 class=\"card-entry__headline  h3-\">\n\t\t\t\t\tO nosso  <strong><sub>Pegada de CO2<\/sub><\/strong>\n\t\t\t\t<\/h3>\n\t\t\t\n\t\t\t\t\t\t\t<p class=\"card-entry__subheadline  -\">\n\t\t\t\t\tComo promovemos a sensibiliza\u00e7\u00e3o para a sustentabilidade na nossa empresa.\n\t\t\t\t<\/p>\n\t\t\t\n\t\t\n\t<\/div>\n<\/div>\n\t\n\t\n\t<\/div>\n<\/article><\/div>\n\n<\/div><\/div><\/div><!-- close content main div --><\/div><\/div><div id='av_section_4' class='avia-section main_color pt-large pb-large avia-no-border-styling avia-bg-style-scroll  avia-builder-el-35  el_after_av_section  avia-builder-el-last   container_wrap fullsize' style=' '  ><div class='container' ><div class='template-page content  av-content-full alpha units'><div class='post-entry post-entry-type-page post-entry-30277'><div class='entry-content-wrapper clearfix'>\n<div class=\"flex_column av_one_third  flex_column_div av-zero-column-padding first       avia-builder-el-36  el_before_av_one_third  avia-builder-el-first  \"><p>\n\t\t\t<div id=\"av-lfi0foot\" class=\"headline-column flex_column av_one_full flex_column_div first \">\n\t\t\t\t<div class=\"headline-wrap is-outside align-left sub-bottom\">\n\t\t\t\t\t<h2 class=\"headline-content headline-primary\"><span style=&quot;font-weight:300; &quot;>As nossas<\/span> ades\u00f5es<\/h2>\n\t\t\t\t\t<h3 class=\"headline-content headline-secondary\">Para a sustentabilidade no sector da constru\u00e7\u00e3o<\/h3>\n\t\t\t\t<\/div>\n\t\t\t<\/div><br \/>\n<section  class='av_textblock_section av-lfi0f9vv-2dd71b5577aba58827776b32a006c4e7 '   itemscope=\"itemscope\" itemtype=\"https:\/\/schema.org\/CreativeWork\" ><div class='avia_textblock'  itemprop=\"text\" ><p>Como parte das famosas organiza\u00e7\u00f5es DGNB e GGBA, estamos empenhados em pr\u00e1ticas de constru\u00e7\u00e3o sustent\u00e1veis e amigas do ambiente. Juntos, esfor\u00e7amo-nos por contribuir para um futuro melhor.<\/p>\n<\/div><\/section><\/p><\/div><div class=\"flex_column av_one_third  flex_column_div av-zero-column-padding        avia-builder-el-39  el_after_av_one_third  avia-builder-el-last  \"><div  class='avia-image-container  av-styling-    avia-builder-el-40  avia-builder-el-no-sibling  avia-align-center'  itemprop=\"image\" itemscope=\"itemscope\" itemtype=\"https:\/\/schema.org\/ImageObject\"  ><div class='avia-image-container-inner'><div class='avia-image-overlay-wrap'><a href='caixa de luz' class='avia_image'  ><img class='avia_image ' src='https:\/\/sha.de\/wp-content\/uploads\/verantwortung-dgnb.png' alt='' title='Mitglied der DGNB'  itemprop=\"thumbnailUrl\"  \/><\/a><\/div><\/div><\/div><\/div>\n\n","protected":false},"excerpt":{"rendered":"","protected":false},"author":1,"featured_media":0,"parent":0,"menu_order":8,"comment_status":"closed","ping_status":"closed","template":"","meta":{"_acf_changed":false,"content-type":"","footnotes":""},"class_list":["post-30277","page","type-page","status-publish","hentry"],"acf":[],"yoast_head":"<!-- This site is optimized with the Yoast SEO plugin v27.1.1 - https:\/\/yoast.com\/product\/yoast-seo-wordpress\/ -->\n<title>Arquitectos em Dortmund | SHA Scheffler Helbich Architekten GmbH<\/title>\n<meta name=\"description\" content=\"Os seus arquitectos de Dortmund e Berlim com servi\u00e7os personalizados &amp; forte compet\u00eancia. Consultoria \u2713 Conceito \u2713 Planeamento \u2713 Realiza\u00e7\u00e3o \u2713 Acompanhamento \u2713\" \/>\n<meta name=\"robots\" content=\"index, follow, max-snippet:-1, max-image-preview:large, max-video-preview:-1\" \/>\n<link rel=\"canonical\" href=\"https:\/\/sha.de\/pt-pt\/responsabilidade\" \/>\n<meta property=\"og:locale\" content=\"pt_PT\" \/>\n<meta property=\"og:type\" content=\"article\" \/>\n<meta property=\"og:title\" content=\"Arquitectos em Dortmund | SHA Scheffler Helbich Architekten GmbH\" \/>\n<meta property=\"og:description\" content=\"Os seus arquitectos de Dortmund e Berlim com servi\u00e7os personalizados &amp; forte compet\u00eancia. Consultoria \u2713 Conceito \u2713 Planeamento \u2713 Realiza\u00e7\u00e3o \u2713 Acompanhamento \u2713\" \/>\n<meta property=\"og:url\" content=\"https:\/\/sha.de\/pt-pt\/responsabilidade\" \/>\n<meta property=\"og:site_name\" content=\"SHA Scheffler Helbich Architekten GmbH\" \/>\n<meta property=\"article:modified_time\" content=\"2024-08-28T12:59:32+00:00\" \/>\n<meta name=\"twitter:card\" content=\"summary_large_image\" \/>\n<meta name=\"twitter:label1\" content=\"Tempo estimado de leitura\" \/>\n\t<meta name=\"twitter:data1\" content=\"23 minutos\" \/>\n<script type=\"application\/ld+json\" class=\"yoast-schema-graph\">{\"@context\":\"https:\/\/schema.org\",\"@graph\":[{\"@type\":\"WebPage\",\"@id\":\"https:\/\/sha.de\/pt-pt\/responsabilidade\",\"url\":\"https:\/\/sha.de\/pt-pt\/responsabilidade\",\"name\":\"Arquitectos em Dortmund | SHA Scheffler Helbich Architekten GmbH\",\"isPartOf\":{\"@id\":\"https:\/\/sha.de\/pt-pt#website\"},\"datePublished\":\"2023-03-21T07:12:32+00:00\",\"dateModified\":\"2024-08-28T12:59:32+00:00\",\"description\":\"Os seus arquitectos de Dortmund e Berlim com servi\u00e7os personalizados & forte compet\u00eancia. Consultoria \u2713 Conceito \u2713 Planeamento \u2713 Realiza\u00e7\u00e3o \u2713 Acompanhamento \u2713\",\"breadcrumb\":{\"@id\":\"https:\/\/sha.de\/pt-pt\/responsabilidade#breadcrumb\"},\"inLanguage\":\"pt-PT\",\"potentialAction\":[{\"@type\":\"ReadAction\",\"target\":[\"https:\/\/sha.de\/pt-pt\/responsabilidade\"]}]},{\"@type\":\"BreadcrumbList\",\"@id\":\"https:\/\/sha.de\/pt-pt\/responsabilidade#breadcrumb\",\"itemListElement\":[{\"@type\":\"ListItem\",\"position\":1,\"name\":\"Startseite\",\"item\":\"https:\/\/sha.de\/pt-pt\"},{\"@type\":\"ListItem\",\"position\":2,\"name\":\"Responsabilidade\"}]},{\"@type\":\"WebSite\",\"@id\":\"https:\/\/sha.de\/pt-pt#website\",\"url\":\"https:\/\/sha.de\/pt-pt\",\"name\":\"SHA Scheffler Helbich Architekten GmbH\",\"description\":\"\",\"potentialAction\":[{\"@type\":\"SearchAction\",\"target\":{\"@type\":\"EntryPoint\",\"urlTemplate\":\"https:\/\/sha.de\/pt-pt?s={search_term_string}\"},\"query-input\":{\"@type\":\"PropertyValueSpecification\",\"valueRequired\":true,\"valueName\":\"search_term_string\"}}],\"inLanguage\":\"pt-PT\"}]}<\/script>\n<!-- \/ Yoast SEO plugin. -->","yoast_head_json":{"title":"Arquitectos em Dortmund | SHA Scheffler Helbich Architekten GmbH","description":"Os seus arquitectos de Dortmund e Berlim com servi\u00e7os personalizados & forte compet\u00eancia. Consultoria \u2713 Conceito \u2713 Planeamento \u2713 Realiza\u00e7\u00e3o \u2713 Acompanhamento \u2713","robots":{"index":"index","follow":"follow","max-snippet":"max-snippet:-1","max-image-preview":"max-image-preview:large","max-video-preview":"max-video-preview:-1"},"canonical":"https:\/\/sha.de\/pt-pt\/responsabilidade","og_locale":"pt_PT","og_type":"article","og_title":"Arquitectos em Dortmund | SHA Scheffler Helbich Architekten GmbH","og_description":"Os seus arquitectos de Dortmund e Berlim com servi\u00e7os personalizados & forte compet\u00eancia. Consultoria \u2713 Conceito \u2713 Planeamento \u2713 Realiza\u00e7\u00e3o \u2713 Acompanhamento \u2713","og_url":"https:\/\/sha.de\/pt-pt\/responsabilidade","og_site_name":"SHA Scheffler Helbich Architekten GmbH","article_modified_time":"2024-08-28T12:59:32+00:00","twitter_card":"summary_large_image","twitter_misc":{"Tempo estimado de leitura":"23 minutos"},"schema":{"@context":"https:\/\/schema.org","@graph":[{"@type":"WebPage","@id":"https:\/\/sha.de\/pt-pt\/responsabilidade","url":"https:\/\/sha.de\/pt-pt\/responsabilidade","name":"Arquitectos em Dortmund | SHA Scheffler Helbich Architekten GmbH","isPartOf":{"@id":"https:\/\/sha.de\/pt-pt#website"},"datePublished":"2023-03-21T07:12:32+00:00","dateModified":"2024-08-28T12:59:32+00:00","description":"Os seus arquitectos de Dortmund e Berlim com servi\u00e7os personalizados & forte compet\u00eancia. Consultoria \u2713 Conceito \u2713 Planeamento \u2713 Realiza\u00e7\u00e3o \u2713 Acompanhamento \u2713","breadcrumb":{"@id":"https:\/\/sha.de\/pt-pt\/responsabilidade#breadcrumb"},"inLanguage":"pt-PT","potentialAction":[{"@type":"ReadAction","target":["https:\/\/sha.de\/pt-pt\/responsabilidade"]}]},{"@type":"BreadcrumbList","@id":"https:\/\/sha.de\/pt-pt\/responsabilidade#breadcrumb","itemListElement":[{"@type":"ListItem","position":1,"name":"Startseite","item":"https:\/\/sha.de\/pt-pt"},{"@type":"ListItem","position":2,"name":"Responsabilidade"}]},{"@type":"WebSite","@id":"https:\/\/sha.de\/pt-pt#website","url":"https:\/\/sha.de\/pt-pt","name":"SHA Scheffler Helbich Architekten GmbH","description":"","potentialAction":[{"@type":"SearchAction","target":{"@type":"EntryPoint","urlTemplate":"https:\/\/sha.de\/pt-pt?s={search_term_string}"},"query-input":{"@type":"PropertyValueSpecification","valueRequired":true,"valueName":"search_term_string"}}],"inLanguage":"pt-PT"}]}},"_links":{"self":[{"href":"https:\/\/sha.de\/pt-pt\/wp-json\/wp\/v2\/pages\/30277","targetHints":{"allow":["GET"]}}],"collection":[{"href":"https:\/\/sha.de\/pt-pt\/wp-json\/wp\/v2\/pages"}],"about":[{"href":"https:\/\/sha.de\/pt-pt\/wp-json\/wp\/v2\/types\/page"}],"author":[{"embeddable":true,"href":"https:\/\/sha.de\/pt-pt\/wp-json\/wp\/v2\/users\/1"}],"replies":[{"embeddable":true,"href":"https:\/\/sha.de\/pt-pt\/wp-json\/wp\/v2\/comments?post=30277"}],"version-history":[{"count":2,"href":"https:\/\/sha.de\/pt-pt\/wp-json\/wp\/v2\/pages\/30277\/revisions"}],"predecessor-version":[{"id":37589,"href":"https:\/\/sha.de\/pt-pt\/wp-json\/wp\/v2\/pages\/30277\/revisions\/37589"}],"wp:attachment":[{"href":"https:\/\/sha.de\/pt-pt\/wp-json\/wp\/v2\/media?parent=30277"}],"curies":[{"name":"wp","href":"https:\/\/api.w.org\/{rel}","templated":true}]}}