{"id":38050,"date":"2019-09-04T15:44:47","date_gmt":"2019-09-04T13:44:47","guid":{"rendered":"https:\/\/sha.de\/conhecimentos-especializados\/industria-e-comercio"},"modified":"2024-08-28T15:00:38","modified_gmt":"2024-08-28T13:00:38","slug":"industria-e-comercio","status":"publish","type":"page","link":"https:\/\/sha.de\/pt-pt\/conhecimentos-especializados\/industria-e-comercio","title":{"rendered":"Ind\u00fastria e com\u00e9rcio"},"content":{"rendered":"<div id='av_section_1' class='avia-section main_color pt-default pb-default avia-no-border-styling avia-bg-style-scroll  avia-builder-el-0  el_before_av_section  avia-builder-el-first   container_wrap fullsize' style=' '  ><div class='container' ><main  role=\"main\" itemprop=\"mainContentOfPage\"  class='template-page content  av-content-full alpha units'><div class='post-entry post-entry-type-page post-entry-38050'><div class='entry-content-wrapper clearfix'>\n\n\t\t\t<div id=\"av-jzds8r2e\" class=\"headline-column flex_column av_one_full flex_column_div first \">\n\t\t\t\t<div class=\"headline-wrap is-outside align-center sub-bottom\">\n\t\t\t\t\t<h1 class=\"headline-content headline-primary\">O seu gabinete de arquitetura para a ind\u00fastria e o com\u00e9rcio<\/h1>\n\t\t\t\t\t<h2 class=\"headline-content headline-secondary\">Planeamos para si - em toda a Alemanha<\/h2>\n\t\t\t\t<\/div>\n\t\t\t<\/div>\n<div class=\"flex_column av_one_third  flex_column_div av-zero-column-padding first       avia-builder-el-2  el_after_pixel_sc_headline  el_before_av_one_third  \"><section  class='av_textblock_section av-jzdsin8c-a444a21066dcbb0cc2fccc3f54730a9c '   itemscope=\"itemscope\" itemtype=\"https:\/\/schema.org\/CreativeWork\" ><div class='avia_textblock'  itemprop=\"text\" ><p>No dom\u00ednio da constru\u00e7\u00e3o industrial e comercial, em particular, a boa arquitetura baseia-se na fun\u00e7\u00e3o que deve desempenhar. Com a nossa experi\u00eancia espec\u00edfica no sector, a SHA \u00e9 o seu parceiro se pretender otimizar os fluxos de materiais e mercadorias ou gerir os fluxos de clientes &#8211; por exemplo, em propriedades de retalho, pavilh\u00f5es de produ\u00e7\u00e3o ou log\u00edstica.<\/p>\n<p>\u00c9 importante para n\u00f3s compreender e interiorizar a sua empresa, os seus processos e requisitos. Se formos bem sucedidos, o resultado falar\u00e1 por si no final.<\/p>\n<\/div><\/section><\/div><div class=\"flex_column av_one_third  flex_column_div av-zero-column-padding        avia-builder-el-4  el_after_av_one_third  el_before_av_one_third  \"><section  class='av_textblock_section av-jzdsin8c-10-451ffa6183933067f0c8f49c0fee01ab '   itemscope=\"itemscope\" itemtype=\"https:\/\/schema.org\/CreativeWork\" ><div class='avia_textblock'  itemprop=\"text\" ><p>Como gabinete de arquitetura para edif\u00edcios industriais e comerciais, estamos ao seu lado para o planeamento de remodela\u00e7\u00f5es, amplia\u00e7\u00f5es ou novas constru\u00e7\u00f5es. Devido aos elevados requisitos funcionais, planeamos sempre de dentro para fora e desenvolvemos solu\u00e7\u00f5es personalizadas em conjunto consigo.<\/p>\n<p>Os nossos arquitectos industriais t\u00eam em conta as especificidades do espa\u00e7o para uma configura\u00e7\u00e3o optimizada do edif\u00edcio. O cumprimento das mais elevadas normas de qualidade e seguran\u00e7a tem sempre prioridade. O resultado \u00e9 um equil\u00edbrio bem sucedido entre economia, funcionalidade e est\u00e9tica.<\/p>\n<\/div><\/section><\/div><div class=\"flex_column av_one_third  flex_column_div av-zero-column-padding        avia-builder-el-6  el_after_av_one_third  el_before_av_one_full  \"><section  class='av_textblock_section av-jzdsin8c-8-3f1e9640f80872d7c931926e74ee8e19 '   itemscope=\"itemscope\" itemtype=\"https:\/\/schema.org\/CreativeWork\" ><div class='avia_textblock'  itemprop=\"text\" ><p>Em todos os projectos, os nossos clientes beneficiam da intera\u00e7\u00e3o entre o nosso gabinete de arquitetura e os nossos parceiros de longa data. Recebe um conceito personalizado, optimizado em todos os aspectos, que implementamos para si at\u00e9 \u00e0 conclus\u00e3o com a m\u00e1xima transpar\u00eancia de prazos e custos. Contacte-nos e beneficie dos mais de 90 anos de experi\u00eancia do nosso gabinete de arquitetura.<\/p>\n<\/div><\/section><\/div><div class=\"flex_column av_one_full  flex_column_div av-zero-column-padding first bg-default   img-left icon-left  avia-builder-el-8  el_after_av_one_third  avia-builder-el-last  column-top-margin\"><div class=\"slickgallery \">\n\t<div class=\"pixel-slide-wrap\">\n\t\t<div class=\"pixel-slide\" style=\"display: block; width: 100%; float: left;\">\n\t\t\t\t\n\t\t\t\t\t\t\t\t\t\t\t\t\t\n\t\t\t\t\t<div class=\"pixel-slide__image-wrap slide-1\">\n\t\t\t\t\t\t\t<div class=\"pixel-slide__image \"><a href=\"https:\/\/sha.de\/wp-content\/uploads\/CE648_349-1274x850.jpg\" rel=\"lightbox\"><img decoding=\"async\" src=\"https:\/\/sha.de\/wp-content\/uploads\/CE648_349-706x368.jpg\" alt=\"Zentrallager Verwaltung Kassel Jordan | Projekte im Industrie- und Logistikbau\" title=\"Zentrallager Verwaltung Kassel Jordan | Projekte im Industrie- und Logistikbau\"><\/a><\/div>\n\t\t\t\t\t<\/div>\n\t\t\t\t\n\t\t\t\t\t\t\t\t\t\t\t\t\t\n\t\t\t\t\t<div class=\"pixel-slide__image-wrap slide-2\">\n\t\t\t\t\t\t\t<div class=\"pixel-slide__image \"><a href=\"https:\/\/sha.de\/wp-content\/uploads\/Murdotec_innen_Full-11a-1280x512.jpg\" rel=\"lightbox\"><img decoding=\"async\" src=\"https:\/\/sha.de\/wp-content\/uploads\/Murdotec_innen_Full-11a-706x368.jpg\" alt=\"Murdotec Produktionsstandort in Dortmund | Projekte im Industrie- und Logistikbau\" title=\"Murdotec Produktionsstandort in Dortmund | Projekte im Industrie- und Logistikbau\"><\/a><\/div>\n\t\t\t\t\t<\/div>\n\t\t\t\t\n\t\t\t\t\t\t\t\t\t\t\t\t\t\n\t\t\t\t\t<div class=\"pixel-slide__image-wrap slide-3\">\n\t\t\t\t\t\t\t<div class=\"pixel-slide__image \"><a href=\"https:\/\/sha.de\/wp-content\/uploads\/CE648_301-1275x850.jpg\" rel=\"lightbox\"><img decoding=\"async\" src=\"https:\/\/sha.de\/wp-content\/uploads\/CE648_301-706x368.jpg\" alt=\"Zentrallager Verwaltung Kassel Jordan | Projekte im Industrie- und Logistikbau\" title=\"Zentrallager Verwaltung Kassel Jordan | Projekte im Industrie- und Logistikbau\"><\/a><\/div>\n\t\t\t\t\t<\/div>\n\t\t\t\t\n\t\t\t\t\t\t\t\t\t\t\t\t\t\n\t\t\t\t\t<div class=\"pixel-slide__image-wrap slide-4\">\n\t\t\t\t\t\t\t<div class=\"pixel-slide__image \"><a href=\"https:\/\/sha.de\/wp-content\/uploads\/Murtfeldt-CE-11-1266x850.jpg\" rel=\"lightbox\"><img decoding=\"async\" src=\"https:\/\/sha.de\/wp-content\/uploads\/Murtfeldt-CE-11-706x368.jpg\" alt=\"Murdotec Produktionsstandort in Dortmund | Projekte im Industrie- und Logistikbau\" title=\"Murdotec Produktionsstandort in Dortmund | Projekte im Industrie- und Logistikbau\"><\/a><\/div>\n\t\t\t\t\t<\/div>\n\t\t\t\t\n\t\t\t\t\t\t\t\t\t\t\t\t\t\n\t\t\t\t\t<div class=\"pixel-slide__image-wrap slide-5\">\n\t\t\t\t\t\t\t<div class=\"pixel-slide__image \"><a href=\"https:\/\/sha.de\/wp-content\/uploads\/Rewe-Hamm-vcube-1280x640.jpg\" rel=\"lightbox\"><img decoding=\"async\" src=\"https:\/\/sha.de\/wp-content\/uploads\/Rewe-Hamm-vcube-706x368.jpg\" alt=\"Rewe Hamm | SHA Scheffler Helbich Architekten\" title=\"Rewe Hamm | SHA Scheffler Helbich Architekten\"><\/a><\/div>\n\t\t\t\t\t<\/div>\n\t\t\t\t\n\t\t\t\t\t\t\t\t\t\t\t\t\t\n\t\t\t\t\t<div class=\"pixel-slide__image-wrap slide-6\">\n\t\t\t\t\t\t\t<div class=\"pixel-slide__image \"><a href=\"https:\/\/sha.de\/wp-content\/uploads\/CE648_154-1248x850.jpg\" rel=\"lightbox\"><img decoding=\"async\" src=\"https:\/\/sha.de\/wp-content\/uploads\/CE648_154-706x368.jpg\" alt=\"Zentrallager Verwaltung Kassel Jordan | Projekte im Industrie- und Logistikbau\" title=\"Zentrallager Verwaltung Kassel Jordan | Projekte im Industrie- und Logistikbau\"><\/a><\/div>\n\t\t\t\t\t<\/div>\n\t\t\t\t\t\t<\/div>\n\t<\/div>\n<\/div><\/div><\/div><\/div><\/main><!-- close content main element --><\/div><\/div><div id='av_section_2' class='avia-section main_color pt-large pb-large avia-no-border-styling avia-bg-style-scroll  avia-builder-el-10  el_after_av_section  el_before_av_section   container_wrap fullsize' style=' '  ><div class='container' ><div class='template-page content  av-content-full alpha units'><div class='post-entry post-entry-type-page post-entry-38050'><div class='entry-content-wrapper clearfix'>\n\n\t\t\t<div id=\"av-jzds8r2e-12\" class=\"headline-column flex_column av_one_full flex_column_div first \">\n\t\t\t\t<div class=\"headline-wrap is-outside align-center sub-bottom\">\n\t\t\t\t\t<h2 class=\"headline-content headline-primary\">Servi\u00e7os relacionados com a arquitetura industrial<\/h2>\n\t\t\t\t\t<h3 class=\"headline-content headline-secondary\">A nossa gama completa de servi\u00e7os<\/h3>\n\t\t\t\t<\/div>\n\t\t\t<\/div>\n<div class=\"flex_column av_one_full  flex_column_div av-zero-column-padding first       avia-builder-el-12  el_after_pixel_sc_headline  avia-builder-el-last  \"><ul class=\"icon-row leistungen \">\n\t<li class=\"icon-row__entry beratung\">\n\t\t<a class=\"icon-row__entry-link\" href=\"https:\/\/sha.de\/leistungen\/beratung\">\n\t\t\t<div class=\"icon-row__entry-image\">\n\t\t\t\t<div class=\"entry-image-svg\"><\/div>\n\t\t\t\t<!-- <div class=\"entry-image-hover\"><\/div> -->\n\t\t\t<\/div>\n\t\t\t<div class=\"icon-row__entry-text\">Aconselhamento<\/div>\n\t\t<\/a>\n\t<\/li>\n\t<li class=\"icon-row__entry konzept\">\n\t\t<a class=\"icon-row__entry-link\" href=\"https:\/\/sha.de\/leistungen\/analyse-und-konzept\">\n\t\t\t<div class=\"icon-row__entry-image\">\n\t\t\t\t<div class=\"entry-image-svg\"><\/div>\n\t\t\t\t<!-- <div class=\"entry-image-hover\"><\/div> -->\n\t\t\t<\/div>\n\t\t\t<div class=\"icon-row__entry-text\">An\u00e1lise e conceito<\/div>\n\t\t<\/a>\n\t<\/li>\n\t<li class=\"icon-row__entry planung\">\n\t\t<a class=\"icon-row__entry-link\" href=\"https:\/\/sha.de\/leistungen\/planung-und-koordination\">\n\t\t\t<div class=\"icon-row__entry-image\">\n\t\t\t\t<div class=\"entry-image-svg\"><\/div>\n\t\t\t\t<!-- <div class=\"entry-image-hover\"><\/div> -->\n\t\t\t<\/div>\n\t\t\t<div class=\"icon-row__entry-text\">Planeamento e coordena\u00e7\u00e3o<\/div>\n\t\t<\/a>\n\t<\/li>\n\t<li class=\"icon-row__entry realisierung\">\n\t\t<a class=\"icon-row__entry-link\" href=\"https:\/\/sha.de\/leistungen\/realisierung\">\n\t\t\t<div class=\"icon-row__entry-image\">\n\t\t\t\t<div class=\"entry-image-svg\"><\/div>\n\t\t\t\t<!-- <div class=\"entry-image-hover\"><\/div> -->\n\t\t\t<\/div>\n\t\t\t<div class=\"icon-row__entry-text\">Realiza\u00e7\u00e3o<\/div>\n\t\t<\/a>\n\t<\/li>\n\t<li class=\"icon-row__entry nachbetreuung\">\n\t\t<a class=\"icon-row__entry-link\" href=\"https:\/\/sha.de\/leistungen\/nachbetreuung\">\n\t\t\t<div class=\"icon-row__entry-image\">\n\t\t\t\t<div class=\"entry-image-svg\"><\/div>\n\t\t\t\t<!-- <div class=\"entry-image-hover\"><\/div> -->\n\t\t\t<\/div>\n\t\t\t<div class=\"icon-row__entry-text\">Cuidados posteriores<\/div>\n\t\t<\/a>\n\t<\/li>\n<\/ul><\/div><\/div><\/div><\/div><!-- close content main div --><\/div><\/div><div id='av_section_3' class='avia-section main_color pt-default pb-default avia-no-border-styling avia-bg-style-scroll  avia-builder-el-14  el_after_av_section  avia-builder-el-last  referenzen-row  container_wrap fullsize' style=' '  ><div class='container' ><div class='template-page content  av-content-full alpha units'><div class='post-entry post-entry-type-page post-entry-38050'><div class='entry-content-wrapper clearfix'>\n\n\t\t\t<div id=\"av-jzds8r2e-6\" class=\"headline-column flex_column av_one_full flex_column_div first \">\n\t\t\t\t<div class=\"headline-wrap is-outside align-center sub-bottom\">\n\t\t\t\t\t<h2 class=\"headline-content headline-primary\">Refer\u00eancias selecionadas<\/h2>\n\t\t\t\t\t<h3 class=\"headline-content headline-secondary\">Os nossos projectos na ind\u00fastria e no com\u00e9rcio<\/h3>\n\t\t\t\t<\/div>\n\t\t\t<\/div>\n<div class=\"flex_column av_one_third  flex_column_div av-zero-column-padding first       avia-builder-el-16  el_after_pixel_sc_headline  el_before_av_one_third  \"><article id=\"\" class=\"card-entry referenz-entry static-button   text-align-left has-link   heading-link  has-button \">\n\t<div class=\"card-entry__inner\">\n\t\t\n\t\n\t\t<div class=\"card-entry__media media-type-\">\n\t<div class=\"card-entry__media-inner\">\n\n\t\t<div class=\"card_entry__referenz\">\n\t\t\t<div class=\"card_entry__referenz-inner\">\n\t\t\t\t\t\t\t\t\t<div class=\"card-entry__heading\">\n\t<div class=\"card-entry__heading-inner\">\n\n\n\t\t\t\n\t\t\t\n\t\t\t<a class=\"card-entry__link\" href=\"https:\/\/sha.de\/projekte\/industrie-logistik\/neubau-zentrallager-jordan-in-kassel\" target=\"_self\">\n\t\t\t\t\t\t\t<h3 class=\"card-entry__headline  \">\n\t\t\t\t\tZentrallager Jordan in Kassel\n\t\t\t\t<\/h3>\n\t\t\t\n\t\t\t\n\t\t<\/a>\n\t<\/div>\n<\/div>\n\t\t\t\t\t\t\t<\/div>\n\t\t<\/div>\n\n\t\t\t\t\t<div class=\"card-entry__action\">\n\t<div class=\"card-entry__action-inner\">\n\t\t<div class=\"card-entry__button-wrap avia-button-wrap avia-button-right theme-fill\">\n\t\t\t\t\t\t\t<a class=\"card-entry__button avia-button avia-button color-ci-black hover-yellow avia-size-small  avia-position-right\" href=\"https:\/\/sha.de\/projekte\/industrie-logistik\/neubau-zentrallager-jordan-in-kassel\" target=\"\">\n\t\t\t\t\t<span class=\"button-icon\"><i class=\"icon-arrow_next\"><\/i><\/span><span class=\"button-text\">Ler mais<\/span>\n\t\t\t\t<\/a>\n\t\t\t\t\t<\/div>\n\t<\/div>\n<\/div>\n\t\t\n\t\t\t\t\t<a href=\"https:\/\/sha.de\/projekte\/industrie-logistik\/neubau-zentrallager-jordan-in-kassel\" class=\"slide-image\" title=\"\"><img decoding=\"async\" src=\"https:\/\/sha.de\/wp-content\/uploads\/CE648_349-706x564.jpg\" \/><\/a>\n\t\t\t<\/div>\n<\/div>\n\n\t\n\t<\/div>\n<\/article><\/div><div class=\"flex_column av_one_third  flex_column_div av-zero-column-padding        avia-builder-el-18  el_after_av_one_third  el_before_av_one_third  \"><article id=\"\" class=\"card-entry referenz-entry static-button   text-align-left has-link   heading-link  has-button \">\n\t<div class=\"card-entry__inner\">\n\t\t\n\t\n\t\t<div class=\"card-entry__media media-type-\">\n\t<div class=\"card-entry__media-inner\">\n\n\t\t<div class=\"card_entry__referenz\">\n\t\t\t<div class=\"card_entry__referenz-inner\">\n\t\t\t\t\t\t\t\t\t<div class=\"card-entry__heading\">\n\t<div class=\"card-entry__heading-inner\">\n\n\n\t\t\t\n\t\t\t\n\t\t\t<a class=\"card-entry__link\" href=\"https:\/\/sha.de\/projekte\/mobilitaet-verkehr\/flughafen-dortmund\" target=\"_self\">\n\t\t\t\t\t\t\t<h3 class=\"card-entry__headline  \">\n\t\t\t\t\tFlughafen Dortmund\n\t\t\t\t<\/h3>\n\t\t\t\n\t\t\t\n\t\t<\/a>\n\t<\/div>\n<\/div>\n\t\t\t\t\t\t\t<\/div>\n\t\t<\/div>\n\n\t\t\t\t\t<div class=\"card-entry__action\">\n\t<div class=\"card-entry__action-inner\">\n\t\t<div class=\"card-entry__button-wrap avia-button-wrap avia-button-right theme-fill\">\n\t\t\t\t\t\t\t<a class=\"card-entry__button avia-button avia-button color-ci-black hover-yellow avia-size-small  avia-position-right\" href=\"https:\/\/sha.de\/projekte\/mobilitaet-verkehr\/flughafen-dortmund\" target=\"\">\n\t\t\t\t\t<span class=\"button-icon\"><i class=\"icon-arrow_next\"><\/i><\/span><span class=\"button-text\">Ler mais<\/span>\n\t\t\t\t<\/a>\n\t\t\t\t\t<\/div>\n\t<\/div>\n<\/div>\n\t\t\n\t\t\t\t\t<a href=\"https:\/\/sha.de\/projekte\/mobilitaet-verkehr\/flughafen-dortmund\" class=\"slide-image\" title=\"\"><img decoding=\"async\" src=\"https:\/\/sha.de\/wp-content\/uploads\/Flughafen-Dortmund-Blick-aus-dem-Hangar-1-706x564.jpg\" \/><\/a>\n\t\t\t<\/div>\n<\/div>\n\n\t\n\t<\/div>\n<\/article><\/div><div class=\"flex_column av_one_third  flex_column_div av-zero-column-padding        avia-builder-el-20  el_after_av_one_third  el_before_av_one_full  \"><article id=\"\" class=\"card-entry referenz-entry static-button   text-align-left has-link   heading-link  has-button \">\n\t<div class=\"card-entry__inner\">\n\t\t\n\t\n\t\t<div class=\"card-entry__media media-type-\">\n\t<div class=\"card-entry__media-inner\">\n\n\t\t<div class=\"card_entry__referenz\">\n\t\t\t<div class=\"card_entry__referenz-inner\">\n\t\t\t\t\t\t\t\t\t<div class=\"card-entry__heading\">\n\t<div class=\"card-entry__heading-inner\">\n\n\n\t\t\t\n\t\t\t\n\t\t\t<a class=\"card-entry__link\" href=\"https:\/\/sha.de\/projekte\/industrie-logistik\/revitalisierung-schokoladenfabrik-murdotec-kunststoffe-gmbh-co-kg\" target=\"_self\">\n\t\t\t\t\t\t\t<h3 class=\"card-entry__headline  \">\n\t\t\t\t\tRevitalisierung der Schokoladenfabrik in Dortmund Brackel: Murdotec Kunststoffe GmbH & Co. KG\n\t\t\t\t<\/h3>\n\t\t\t\n\t\t\t\n\t\t<\/a>\n\t<\/div>\n<\/div>\n\t\t\t\t\t\t\t<\/div>\n\t\t<\/div>\n\n\t\t\t\t\t<div class=\"card-entry__action\">\n\t<div class=\"card-entry__action-inner\">\n\t\t<div class=\"card-entry__button-wrap avia-button-wrap avia-button-right theme-fill\">\n\t\t\t\t\t\t\t<a class=\"card-entry__button avia-button avia-button color-ci-black hover-yellow avia-size-small  avia-position-right\" href=\"https:\/\/sha.de\/projekte\/industrie-logistik\/revitalisierung-schokoladenfabrik-murdotec-kunststoffe-gmbh-co-kg\" target=\"\">\n\t\t\t\t\t<span class=\"button-icon\"><i class=\"icon-arrow_next\"><\/i><\/span><span class=\"button-text\">Ler mais<\/span>\n\t\t\t\t<\/a>\n\t\t\t\t\t<\/div>\n\t<\/div>\n<\/div>\n\t\t\n\t\t\t\t\t<a href=\"https:\/\/sha.de\/projekte\/industrie-logistik\/revitalisierung-schokoladenfabrik-murdotec-kunststoffe-gmbh-co-kg\" class=\"slide-image\" title=\"\"><img decoding=\"async\" src=\"https:\/\/sha.de\/wp-content\/uploads\/Murdotec-Kunststoffe-CE-2017-2-706x564.jpg\" \/><\/a>\n\t\t\t<\/div>\n<\/div>\n\n\t\n\t<\/div>\n<\/article><\/div><div class=\"flex_column av_one_full  flex_column_div av-zero-column-padding first       avia-builder-el-22  el_after_av_one_third  avia-builder-el-last  column-top-margin\"><div class='avia-button-wrap theme-fill avia-button-right  avia-builder-el-23  avia-builder-el-no-sibling  inline'><a href='https:\/\/sha.de\/?page_id=3887'  class='avia-button  color-ci-black hover-yellow  avia-icon_select-no avia-size-small avia-position-right'   ><span class='avia_iconbox_title' >Todas as refer\u00eancias<\/span><\/a><\/div><\/div>\n<\/p>\n","protected":false},"excerpt":{"rendered":"","protected":false},"author":2,"featured_media":0,"parent":30168,"menu_order":3,"comment_status":"closed","ping_status":"closed","template":"","meta":{"_acf_changed":false,"content-type":"","footnotes":""},"class_list":["post-38050","page","type-page","status-publish","hentry"],"acf":[],"yoast_head":"<!-- This site is optimized with the Yoast SEO plugin v27.1.1 - https:\/\/yoast.com\/product\/yoast-seo-wordpress\/ -->\n<title>Arquitectos industriais para projectos de grande envergadura e constru\u00e7\u00e3o comercial | SHA<\/title>\n<meta name=\"description\" content=\"Arquitectos experientes para a ind\u00fastria e o com\u00e9rcio - em toda a Alemanha \u25ba Consultoria, conce\u00e7\u00e3o, planeamento, realiza\u00e7\u00e3o e acompanhamento \u2713 Informe-se j\u00e1!\" \/>\n<meta name=\"robots\" content=\"index, follow, max-snippet:-1, max-image-preview:large, max-video-preview:-1\" \/>\n<link rel=\"canonical\" href=\"https:\/\/sha.de\/pt-pt\/conhecimentos-especializados\/industria-e-comercio\" \/>\n<meta property=\"og:locale\" content=\"pt_PT\" \/>\n<meta property=\"og:type\" content=\"article\" \/>\n<meta property=\"og:title\" content=\"Arquitectos industriais para projectos de grande envergadura e constru\u00e7\u00e3o comercial | SHA\" \/>\n<meta property=\"og:description\" content=\"Arquitectos experientes para a ind\u00fastria e o com\u00e9rcio - em toda a Alemanha \u25ba Consultoria, conce\u00e7\u00e3o, planeamento, realiza\u00e7\u00e3o e acompanhamento \u2713 Informe-se j\u00e1!\" \/>\n<meta property=\"og:url\" content=\"https:\/\/sha.de\/pt-pt\/conhecimentos-especializados\/industria-e-comercio\" \/>\n<meta property=\"og:site_name\" content=\"SHA Scheffler Helbich Architekten GmbH\" \/>\n<meta property=\"article:modified_time\" content=\"2024-08-28T13:00:38+00:00\" \/>\n<meta name=\"twitter:card\" content=\"summary_large_image\" \/>\n<meta name=\"twitter:label1\" content=\"Tempo estimado de leitura\" \/>\n\t<meta name=\"twitter:data1\" content=\"10 minutos\" \/>\n<script type=\"application\/ld+json\" class=\"yoast-schema-graph\">{\"@context\":\"https:\/\/schema.org\",\"@graph\":[{\"@type\":\"WebPage\",\"@id\":\"https:\/\/sha.de\/pt-pt\/conhecimentos-especializados\/industria-e-comercio\",\"url\":\"https:\/\/sha.de\/pt-pt\/conhecimentos-especializados\/industria-e-comercio\",\"name\":\"Arquitectos industriais para projectos de grande envergadura e constru\u00e7\u00e3o comercial | SHA\",\"isPartOf\":{\"@id\":\"https:\/\/sha.de\/pt-pt#website\"},\"datePublished\":\"2019-09-04T13:44:47+00:00\",\"dateModified\":\"2024-08-28T13:00:38+00:00\",\"description\":\"Arquitectos experientes para a ind\u00fastria e o com\u00e9rcio - em toda a Alemanha \u25ba Consultoria, conce\u00e7\u00e3o, planeamento, realiza\u00e7\u00e3o e acompanhamento \u2713 Informe-se j\u00e1!\",\"breadcrumb\":{\"@id\":\"https:\/\/sha.de\/pt-pt\/conhecimentos-especializados\/industria-e-comercio#breadcrumb\"},\"inLanguage\":\"pt-PT\",\"potentialAction\":[{\"@type\":\"ReadAction\",\"target\":[\"https:\/\/sha.de\/pt-pt\/conhecimentos-especializados\/industria-e-comercio\"]}]},{\"@type\":\"BreadcrumbList\",\"@id\":\"https:\/\/sha.de\/pt-pt\/conhecimentos-especializados\/industria-e-comercio#breadcrumb\",\"itemListElement\":[{\"@type\":\"ListItem\",\"position\":1,\"name\":\"Startseite\",\"item\":\"https:\/\/sha.de\/pt-pt\"},{\"@type\":\"ListItem\",\"position\":2,\"name\":\"Conhecimentos especializados\",\"item\":\"https:\/\/sha.de\/pt-pt\/conhecimentos-especializados\"},{\"@type\":\"ListItem\",\"position\":3,\"name\":\"Ind\u00fastria e com\u00e9rcio\"}]},{\"@type\":\"WebSite\",\"@id\":\"https:\/\/sha.de\/pt-pt#website\",\"url\":\"https:\/\/sha.de\/pt-pt\",\"name\":\"SHA Scheffler Helbich Architekten GmbH\",\"description\":\"\",\"potentialAction\":[{\"@type\":\"SearchAction\",\"target\":{\"@type\":\"EntryPoint\",\"urlTemplate\":\"https:\/\/sha.de\/pt-pt?s={search_term_string}\"},\"query-input\":{\"@type\":\"PropertyValueSpecification\",\"valueRequired\":true,\"valueName\":\"search_term_string\"}}],\"inLanguage\":\"pt-PT\"}]}<\/script>\n<!-- \/ Yoast SEO plugin. -->","yoast_head_json":{"title":"Arquitectos industriais para projectos de grande envergadura e constru\u00e7\u00e3o comercial | SHA","description":"Arquitectos experientes para a ind\u00fastria e o com\u00e9rcio - em toda a Alemanha \u25ba Consultoria, conce\u00e7\u00e3o, planeamento, realiza\u00e7\u00e3o e acompanhamento \u2713 Informe-se j\u00e1!","robots":{"index":"index","follow":"follow","max-snippet":"max-snippet:-1","max-image-preview":"max-image-preview:large","max-video-preview":"max-video-preview:-1"},"canonical":"https:\/\/sha.de\/pt-pt\/conhecimentos-especializados\/industria-e-comercio","og_locale":"pt_PT","og_type":"article","og_title":"Arquitectos industriais para projectos de grande envergadura e constru\u00e7\u00e3o comercial | SHA","og_description":"Arquitectos experientes para a ind\u00fastria e o com\u00e9rcio - em toda a Alemanha \u25ba Consultoria, conce\u00e7\u00e3o, planeamento, realiza\u00e7\u00e3o e acompanhamento \u2713 Informe-se j\u00e1!","og_url":"https:\/\/sha.de\/pt-pt\/conhecimentos-especializados\/industria-e-comercio","og_site_name":"SHA Scheffler Helbich Architekten GmbH","article_modified_time":"2024-08-28T13:00:38+00:00","twitter_card":"summary_large_image","twitter_misc":{"Tempo estimado de leitura":"10 minutos"},"schema":{"@context":"https:\/\/schema.org","@graph":[{"@type":"WebPage","@id":"https:\/\/sha.de\/pt-pt\/conhecimentos-especializados\/industria-e-comercio","url":"https:\/\/sha.de\/pt-pt\/conhecimentos-especializados\/industria-e-comercio","name":"Arquitectos industriais para projectos de grande envergadura e constru\u00e7\u00e3o comercial | SHA","isPartOf":{"@id":"https:\/\/sha.de\/pt-pt#website"},"datePublished":"2019-09-04T13:44:47+00:00","dateModified":"2024-08-28T13:00:38+00:00","description":"Arquitectos experientes para a ind\u00fastria e o com\u00e9rcio - em toda a Alemanha \u25ba Consultoria, conce\u00e7\u00e3o, planeamento, realiza\u00e7\u00e3o e acompanhamento \u2713 Informe-se j\u00e1!","breadcrumb":{"@id":"https:\/\/sha.de\/pt-pt\/conhecimentos-especializados\/industria-e-comercio#breadcrumb"},"inLanguage":"pt-PT","potentialAction":[{"@type":"ReadAction","target":["https:\/\/sha.de\/pt-pt\/conhecimentos-especializados\/industria-e-comercio"]}]},{"@type":"BreadcrumbList","@id":"https:\/\/sha.de\/pt-pt\/conhecimentos-especializados\/industria-e-comercio#breadcrumb","itemListElement":[{"@type":"ListItem","position":1,"name":"Startseite","item":"https:\/\/sha.de\/pt-pt"},{"@type":"ListItem","position":2,"name":"Conhecimentos especializados","item":"https:\/\/sha.de\/pt-pt\/conhecimentos-especializados"},{"@type":"ListItem","position":3,"name":"Ind\u00fastria e com\u00e9rcio"}]},{"@type":"WebSite","@id":"https:\/\/sha.de\/pt-pt#website","url":"https:\/\/sha.de\/pt-pt","name":"SHA Scheffler Helbich Architekten GmbH","description":"","potentialAction":[{"@type":"SearchAction","target":{"@type":"EntryPoint","urlTemplate":"https:\/\/sha.de\/pt-pt?s={search_term_string}"},"query-input":{"@type":"PropertyValueSpecification","valueRequired":true,"valueName":"search_term_string"}}],"inLanguage":"pt-PT"}]}},"_links":{"self":[{"href":"https:\/\/sha.de\/pt-pt\/wp-json\/wp\/v2\/pages\/38050","targetHints":{"allow":["GET"]}}],"collection":[{"href":"https:\/\/sha.de\/pt-pt\/wp-json\/wp\/v2\/pages"}],"about":[{"href":"https:\/\/sha.de\/pt-pt\/wp-json\/wp\/v2\/types\/page"}],"author":[{"embeddable":true,"href":"https:\/\/sha.de\/pt-pt\/wp-json\/wp\/v2\/users\/2"}],"replies":[{"embeddable":true,"href":"https:\/\/sha.de\/pt-pt\/wp-json\/wp\/v2\/comments?post=38050"}],"version-history":[{"count":1,"href":"https:\/\/sha.de\/pt-pt\/wp-json\/wp\/v2\/pages\/38050\/revisions"}],"predecessor-version":[{"id":38057,"href":"https:\/\/sha.de\/pt-pt\/wp-json\/wp\/v2\/pages\/38050\/revisions\/38057"}],"up":[{"embeddable":true,"href":"https:\/\/sha.de\/pt-pt\/wp-json\/wp\/v2\/pages\/30168"}],"wp:attachment":[{"href":"https:\/\/sha.de\/pt-pt\/wp-json\/wp\/v2\/media?parent=38050"}],"curies":[{"name":"wp","href":"https:\/\/api.w.org\/{rel}","templated":true}]}}