{"id":38143,"date":"2020-01-13T08:07:06","date_gmt":"2020-01-13T07:07:06","guid":{"rendered":"https:\/\/sha.de\/servicos\/planeamento-e-coordenacao"},"modified":"2024-08-28T15:00:50","modified_gmt":"2024-08-28T13:00:50","slug":"planeamento-e-coordenacao","status":"publish","type":"page","link":"https:\/\/sha.de\/pt-pt\/servicos\/planeamento-e-coordenacao","title":{"rendered":"Planeamento e coordena\u00e7\u00e3o"},"content":{"rendered":"<div id='av_section_1' class='avia-section main_color pt-default pb-default avia-no-border-styling avia-bg-style-scroll  avia-builder-el-0  el_before_av_section  avia-builder-el-first   container_wrap fullsize' style=' '  ><div class='container' ><main  role=\"main\" itemprop=\"mainContentOfPage\"  class='template-page content  av-content-full alpha units'><div class='post-entry post-entry-type-page post-entry-38143'><div class='entry-content-wrapper clearfix'>\n\n\t\t\t<div id=\"av-k55bagx6\" class=\"headline-column flex_column av_one_full flex_column_div first \">\n\t\t\t\t<div class=\"headline-wrap is-outside align-left sub-bottom\">\n\t\t\t\t\t<h1 class=\"headline-content headline-primary\">Planeamento e coordena\u00e7\u00e3o<\/h1>\n\t\t\t\t\t<h3 class=\"headline-content headline-secondary\">O seu parceiro de A a Z<\/h3>\n\t\t\t\t<\/div>\n\t\t\t<\/div>\n<div class=\"flex_column av_two_third  flex_column_div av-zero-column-padding first bg-default  service img-left   avia-builder-el-2  el_after_pixel_sc_headline  el_before_av_one_third  w-1023-half \" style=\"background-image: url(https:\/\/sha.de\/wp-content\/uploads\/Leistungen_Planung.jpg); background-position: center right; background-repeat: no-repeat; background-size: cover; \"><\/div><div class=\"flex_column av_one_third  flex_column_div av-zero-column-padding  bg-default border-bottom   img-left   avia-builder-el-3  el_after_av_two_third  avia-builder-el-last  w-1023-half \"><section  class='av_textblock_section av-k55baqys-76fd3ab987b8edeb983c11dbb0a25821 '   itemscope=\"itemscope\" itemtype=\"https:\/\/schema.org\/CreativeWork\" ><div class='avia_textblock'  itemprop=\"text\" ><h3>Fase de desempenho 3:<br \/>\nPlaneamento da conce\u00e7\u00e3o espec\u00edfica do utilizador<\/h3>\n<p>\u00c0 conce\u00e7\u00e3o, que consiste em esbo\u00e7os, n\u00fameros iniciais e uma estimativa de custos (ainda aproximada), bem como no esclarecimento de quest\u00f5es jur\u00eddicas fundamentais, segue-se o projeto. Neste momento, o mais tardar, todas as inter-rela\u00e7\u00f5es funcionais foram harmonizadas. Ao mesmo tempo, os planeadores especializados s\u00e3o envolvidos, o mais tardar, nesta fase. Na fase de projeto, elaboramos todos os planos relevantes, desde a planta e os cortes at\u00e9 aos al\u00e7ados.  <\/p>\n<p>Ao mesmo tempo, pode aproveitar esta fase para concretizar e verificar os n\u00fameros j\u00e1 dispon\u00edveis, por exemplo, sobre o espa\u00e7o \u00fatil e os custos de constru\u00e7\u00e3o. O projeto \u00e9 a base para o pedido de planeamento.<\/p>\n<\/div><\/section><\/div>\n\n<\/div><\/div><\/main><!-- close content main element --><\/div><\/div><div id='av_section_2' class='avia-section main_color pt-default pb-default avia-no-border-styling avia-bg-style-scroll  avia-builder-el-5  el_after_av_section  el_before_av_section   container_wrap fullsize' style=' '  ><div class='container' ><div class='template-page content  av-content-full alpha units'><div class='post-entry post-entry-type-page post-entry-38143'><div class='entry-content-wrapper clearfix'>\n<div class=\"flex_column av_one_third  flex_column_div av-zero-column-padding first bg-default border-bottom   img-left   avia-builder-el-6  el_before_av_one_third  avia-builder-el-first  w-1023-half \"><section  class='av_textblock_section av-k55baqys-9-4c20cb2ab722c4c625da88e31e2a79a5 '   itemscope=\"itemscope\" itemtype=\"https:\/\/schema.org\/CreativeWork\" ><div class='avia_textblock'  itemprop=\"text\" ><h3>Planeamento geral:<br \/>\nA equipa de planeamento como uma equipa<\/h3>\n<p>Dispomos de uma rede de engenheiros de todas as disciplinas, que envolvemos nas fases iniciais do projeto em fun\u00e7\u00e3o da tarefa de constru\u00e7\u00e3o. Atrav\u00e9s desta coordena\u00e7\u00e3o, podemos libert\u00e1-lo de um grande n\u00famero de tarefas do cliente e reduzir o n\u00famero de pessoas de contacto.<\/p>\n<p>Tamb\u00e9m temos todo o gosto em oferecer-lhe os nossos servi\u00e7os como planeadores gerais. Neste caso, recebe todos os servi\u00e7os de planeamento de uma \u00fanica fonte e tem apenas o nosso gabinete como contratante.<\/p>\n<\/div><\/section><\/div><div class=\"flex_column av_one_third  flex_column_div av-zero-column-padding  bg-default  fill img-left   avia-builder-el-8  el_after_av_one_third  el_before_av_one_third  w-1023-half \" style=\"background-image: url(https:\/\/sha.de\/wp-content\/uploads\/ausstattung-F\u00fcllfoto-706x564.jpg); background-position: center center; background-repeat: no-repeat; background-size: cover; \"><\/div><div class=\"flex_column av_one_third  flex_column_div av-zero-column-padding  bg-default  fill img-left   avia-builder-el-9  el_after_av_one_third  avia-builder-el-last  w-1023-full w-1023-ctm \" style=\"background-image: url(https:\/\/sha.de\/wp-content\/uploads\/PHOENIXWERK_Spatenstich_SHA_F\u00fcllfoto-706x564.jpg); background-position: center center; background-repeat: no-repeat; background-size: cover; \"><\/div>\n\n<\/div><\/div><\/div><!-- close content main div --><\/div><\/div><div id='av_section_3' class='avia-section main_color pt-default pb-default avia-no-border-styling avia-bg-style-scroll  avia-builder-el-10  el_after_av_section  el_before_av_section   container_wrap fullsize' style=' '  ><div class='container' ><div class='template-page content  av-content-full alpha units'><div class='post-entry post-entry-type-page post-entry-38143'><div class='entry-content-wrapper clearfix'>\n<div class=\"flex_column av_one_third  flex_column_div av-zero-column-padding first bg-default  fill img-left   avia-builder-el-11  el_before_av_one_third  avia-builder-el-first  w-1023-half \" style=\"background-image: url(https:\/\/sha.de\/wp-content\/uploads\/skizze-langer-schnitt-b1-706x564.jpg); background-position: center center; background-repeat: no-repeat; background-size: cover; \"><\/div><div class=\"flex_column av_one_third  flex_column_div av-zero-column-padding  bg-default border-bottom   img-left   avia-builder-el-12  el_after_av_one_third  el_before_av_one_third  w-1023-half \"><section  class='av_textblock_section av-k55baqys-6-c72792b2a4a5e6b7582428995e54cc67 '   itemscope=\"itemscope\" itemtype=\"https:\/\/schema.org\/CreativeWork\" ><div class='avia_textblock'  itemprop=\"text\" ><h3>Fase de desempenho 4:<br \/>\nPlaneamento da autoriza\u00e7\u00e3o<\/h3>\n<p>Encarregamo-nos do esclarecimento de todas as quest\u00f5es relevantes junto das autoridades respons\u00e1veis (Dire\u00e7\u00e3o Geral de Obras, Bombeiros, Conserva\u00e7\u00e3o de Monumentos, etc.). E enviamos o planeamento juntamente com os formul\u00e1rios necess\u00e1rios como pedido de constru\u00e7\u00e3o ou notifica\u00e7\u00e3o de constru\u00e7\u00e3o para aprova\u00e7\u00e3o.<\/p>\n<p>Se a situa\u00e7\u00e3o jur\u00eddica n\u00e3o for clara, pode fazer sentido esclarecer antecipadamente quest\u00f5es individuais de direito do planeamento de forma vinculativa. Em seguida, preparamos um pedido de informa\u00e7\u00e3o preliminar sobre a constru\u00e7\u00e3o e apresentamo-lo \u00e0s autoridades de constru\u00e7\u00e3o em seu nome.<\/p>\n<\/div><\/section><\/div><div class=\"flex_column av_one_third  flex_column_div av-zero-column-padding  bg-default border-bottom   img-left   avia-builder-el-14  el_after_av_one_third  avia-builder-el-last  w-1023-full w-1023-ctm \"><section  class='av_textblock_section av-k55baqys-1-5559a95b6f073edc9fbdf2054bce7627 '   itemscope=\"itemscope\" itemtype=\"https:\/\/schema.org\/CreativeWork\" ><div class='avia_textblock'  itemprop=\"text\" ><h3>Fase de desempenho 5:<br \/>\nExecu\u00e7\u00e3o e planeamento detalhado<\/h3>\n<p>O planeamento cuidadoso da conce\u00e7\u00e3o e a prepara\u00e7\u00e3o de documentos de planeamento detalhados s\u00e3o frequentemente subestimados em termos do seu alcance. Este servi\u00e7o parcial representa geralmente um quarto do nosso servi\u00e7o total. Os nossos planos de execu\u00e7\u00e3o integram o planeamento especializado de terceiros e constituem a base das nossas descri\u00e7\u00f5es de servi\u00e7os e das ofertas dos comerciantes.  <\/p>\n<p>Para o estaleiro de constru\u00e7\u00e3o, os nossos planos de pormenor cont\u00eam as especifica\u00e7\u00f5es para as empresas que executam os trabalhos. Um bom pormenor \u00e9 mais do que um simples design.<\/p>\n<\/div><\/section><\/div>\n\n<\/div><\/div><\/div><!-- close content main div --><\/div><\/div><div id='av_section_4' class='avia-section main_color pt-large pb-large avia-no-border-styling avia-bg-style-scroll  avia-builder-el-16  el_after_av_section  avia-builder-el-last   container_wrap fullsize' style=' '  ><div class='container' ><div class='template-page content  av-content-full alpha units'><div class='post-entry post-entry-type-page post-entry-38143'><div class='entry-content-wrapper clearfix'>\n\n\t\t\t<div id=\"av-k55bagx6-12\" class=\"headline-column flex_column av_one_full flex_column_div first \">\n\t\t\t\t<div class=\"headline-wrap is-outside align-center sub-bottom\">\n\t\t\t\t\t<h2 class=\"headline-content headline-primary\">Outros servi\u00e7os da nossa carteira<\/h2>\n\t\t\t\t\t<h3 class=\"headline-content headline-secondary\">A nossa gama completa de servi\u00e7os<\/h3>\n\t\t\t\t<\/div>\n\t\t\t<\/div>\n<ul class=\"icon-row leistungen \">\n\t<li class=\"icon-row__entry beratung\">\n\t\t<a class=\"icon-row__entry-link\" href=\"https:\/\/sha.de\/leistungen\/beratung\">\n\t\t\t<div class=\"icon-row__entry-image\">\n\t\t\t\t<div class=\"entry-image-svg\"><\/div>\n\t\t\t\t<!-- <div class=\"entry-image-hover\"><\/div> -->\n\t\t\t<\/div>\n\t\t\t<div class=\"icon-row__entry-text\">Aconselhamento<\/div>\n\t\t<\/a>\n\t<\/li>\n\t<li class=\"icon-row__entry konzept\">\n\t\t<a class=\"icon-row__entry-link\" href=\"https:\/\/sha.de\/leistungen\/analyse-und-konzept\">\n\t\t\t<div class=\"icon-row__entry-image\">\n\t\t\t\t<div class=\"entry-image-svg\"><\/div>\n\t\t\t\t<!-- <div class=\"entry-image-hover\"><\/div> -->\n\t\t\t<\/div>\n\t\t\t<div class=\"icon-row__entry-text\">An\u00e1lise e conceito<\/div>\n\t\t<\/a>\n\t<\/li>\n\t<li class=\"icon-row__entry planung\">\n\t\t<a class=\"icon-row__entry-link\" href=\"https:\/\/sha.de\/leistungen\/planung-und-koordination\">\n\t\t\t<div class=\"icon-row__entry-image\">\n\t\t\t\t<div class=\"entry-image-svg\"><\/div>\n\t\t\t\t<!-- <div class=\"entry-image-hover\"><\/div> -->\n\t\t\t<\/div>\n\t\t\t<div class=\"icon-row__entry-text\">Planeamento e coordena\u00e7\u00e3o<\/div>\n\t\t<\/a>\n\t<\/li>\n\t<li class=\"icon-row__entry realisierung\">\n\t\t<a class=\"icon-row__entry-link\" href=\"https:\/\/sha.de\/leistungen\/realisierung\">\n\t\t\t<div class=\"icon-row__entry-image\">\n\t\t\t\t<div class=\"entry-image-svg\"><\/div>\n\t\t\t\t<!-- <div class=\"entry-image-hover\"><\/div> -->\n\t\t\t<\/div>\n\t\t\t<div class=\"icon-row__entry-text\">Realiza\u00e7\u00e3o<\/div>\n\t\t<\/a>\n\t<\/li>\n\t<li class=\"icon-row__entry nachbetreuung\">\n\t\t<a class=\"icon-row__entry-link\" href=\"https:\/\/sha.de\/leistungen\/nachbetreuung\">\n\t\t\t<div class=\"icon-row__entry-image\">\n\t\t\t\t<div class=\"entry-image-svg\"><\/div>\n\t\t\t\t<!-- <div class=\"entry-image-hover\"><\/div> -->\n\t\t\t<\/div>\n\t\t\t<div class=\"icon-row__entry-text\">Cuidados posteriores<\/div>\n\t\t<\/a>\n\t<\/li>\n<\/ul>\n\n\n","protected":false},"excerpt":{"rendered":"","protected":false},"author":1,"featured_media":0,"parent":30194,"menu_order":3,"comment_status":"closed","ping_status":"closed","template":"","meta":{"_acf_changed":false,"content-type":"","footnotes":""},"class_list":["post-38143","page","type-page","status-publish","hentry"],"acf":[],"yoast_head":"<!-- This site is optimized with the Yoast SEO plugin v27.4 - https:\/\/yoast.com\/product\/yoast-seo-wordpress\/ -->\n<title>Design Planeamento Arquitetura | SHA Arquitectos<\/title>\n<meta name=\"description\" content=\"Planeamento de design espec\u00edfico do utilizador at\u00e9 ao planeamento detalhado: Somos o seu parceiro de confian\u00e7a para todas as fases do servi\u00e7o \u2713 Coordena\u00e7\u00e3o e vis\u00e3o em cada passo\" \/>\n<meta name=\"robots\" content=\"index, follow, max-snippet:-1, max-image-preview:large, max-video-preview:-1\" \/>\n<link rel=\"canonical\" href=\"https:\/\/sha.de\/pt-pt\/servicos\/planeamento-e-coordenacao\" \/>\n<meta property=\"og:locale\" content=\"pt_PT\" \/>\n<meta property=\"og:type\" content=\"article\" \/>\n<meta property=\"og:title\" content=\"Design Planeamento Arquitetura | SHA Arquitectos\" \/>\n<meta property=\"og:description\" content=\"Planeamento de design espec\u00edfico do utilizador at\u00e9 ao planeamento detalhado: Somos o seu parceiro de confian\u00e7a para todas as fases do servi\u00e7o \u2713 Coordena\u00e7\u00e3o e vis\u00e3o em cada passo\" \/>\n<meta property=\"og:url\" content=\"https:\/\/sha.de\/pt-pt\/servicos\/planeamento-e-coordenacao\" \/>\n<meta property=\"og:site_name\" content=\"SHA Scheffler Helbich Architekten GmbH\" \/>\n<meta property=\"article:modified_time\" content=\"2024-08-28T13:00:50+00:00\" \/>\n<meta name=\"twitter:card\" content=\"summary_large_image\" \/>\n<meta name=\"twitter:label1\" content=\"Tempo estimado de leitura\" \/>\n\t<meta name=\"twitter:data1\" content=\"11 minutos\" \/>\n<script type=\"application\/ld+json\" class=\"yoast-schema-graph\">{\"@context\":\"https:\\\/\\\/schema.org\",\"@graph\":[{\"@type\":\"WebPage\",\"@id\":\"https:\\\/\\\/sha.de\\\/pt-pt\\\/servicos\\\/planeamento-e-coordenacao\",\"url\":\"https:\\\/\\\/sha.de\\\/pt-pt\\\/servicos\\\/planeamento-e-coordenacao\",\"name\":\"Design Planeamento Arquitetura | SHA Arquitectos\",\"isPartOf\":{\"@id\":\"https:\\\/\\\/sha.de\\\/pt-pt#website\"},\"datePublished\":\"2020-01-13T07:07:06+00:00\",\"dateModified\":\"2024-08-28T13:00:50+00:00\",\"description\":\"Planeamento de design espec\u00edfico do utilizador at\u00e9 ao planeamento detalhado: Somos o seu parceiro de confian\u00e7a para todas as fases do servi\u00e7o \u2713 Coordena\u00e7\u00e3o e vis\u00e3o em cada passo\",\"breadcrumb\":{\"@id\":\"https:\\\/\\\/sha.de\\\/pt-pt\\\/servicos\\\/planeamento-e-coordenacao#breadcrumb\"},\"inLanguage\":\"pt-PT\",\"potentialAction\":[{\"@type\":\"ReadAction\",\"target\":[\"https:\\\/\\\/sha.de\\\/pt-pt\\\/servicos\\\/planeamento-e-coordenacao\"]}]},{\"@type\":\"BreadcrumbList\",\"@id\":\"https:\\\/\\\/sha.de\\\/pt-pt\\\/servicos\\\/planeamento-e-coordenacao#breadcrumb\",\"itemListElement\":[{\"@type\":\"ListItem\",\"position\":1,\"name\":\"Startseite\",\"item\":\"https:\\\/\\\/sha.de\\\/pt-pt\"},{\"@type\":\"ListItem\",\"position\":2,\"name\":\"Servi\u00e7os\",\"item\":\"https:\\\/\\\/sha.de\\\/pt-pt\\\/servicos\"},{\"@type\":\"ListItem\",\"position\":3,\"name\":\"Planeamento e coordena\u00e7\u00e3o\"}]},{\"@type\":\"WebSite\",\"@id\":\"https:\\\/\\\/sha.de\\\/pt-pt#website\",\"url\":\"https:\\\/\\\/sha.de\\\/pt-pt\",\"name\":\"SHA Scheffler Helbich Architekten GmbH\",\"description\":\"\",\"potentialAction\":[{\"@type\":\"SearchAction\",\"target\":{\"@type\":\"EntryPoint\",\"urlTemplate\":\"https:\\\/\\\/sha.de\\\/pt-pt?s={search_term_string}\"},\"query-input\":{\"@type\":\"PropertyValueSpecification\",\"valueRequired\":true,\"valueName\":\"search_term_string\"}}],\"inLanguage\":\"pt-PT\"}]}<\/script>\n<!-- \/ Yoast SEO plugin. -->","yoast_head_json":{"title":"Design Planeamento Arquitetura | SHA Arquitectos","description":"Planeamento de design espec\u00edfico do utilizador at\u00e9 ao planeamento detalhado: Somos o seu parceiro de confian\u00e7a para todas as fases do servi\u00e7o \u2713 Coordena\u00e7\u00e3o e vis\u00e3o em cada passo","robots":{"index":"index","follow":"follow","max-snippet":"max-snippet:-1","max-image-preview":"max-image-preview:large","max-video-preview":"max-video-preview:-1"},"canonical":"https:\/\/sha.de\/pt-pt\/servicos\/planeamento-e-coordenacao","og_locale":"pt_PT","og_type":"article","og_title":"Design Planeamento Arquitetura | SHA Arquitectos","og_description":"Planeamento de design espec\u00edfico do utilizador at\u00e9 ao planeamento detalhado: Somos o seu parceiro de confian\u00e7a para todas as fases do servi\u00e7o \u2713 Coordena\u00e7\u00e3o e vis\u00e3o em cada passo","og_url":"https:\/\/sha.de\/pt-pt\/servicos\/planeamento-e-coordenacao","og_site_name":"SHA Scheffler Helbich Architekten GmbH","article_modified_time":"2024-08-28T13:00:50+00:00","twitter_card":"summary_large_image","twitter_misc":{"Tempo estimado de leitura":"11 minutos"},"schema":{"@context":"https:\/\/schema.org","@graph":[{"@type":"WebPage","@id":"https:\/\/sha.de\/pt-pt\/servicos\/planeamento-e-coordenacao","url":"https:\/\/sha.de\/pt-pt\/servicos\/planeamento-e-coordenacao","name":"Design Planeamento Arquitetura | SHA Arquitectos","isPartOf":{"@id":"https:\/\/sha.de\/pt-pt#website"},"datePublished":"2020-01-13T07:07:06+00:00","dateModified":"2024-08-28T13:00:50+00:00","description":"Planeamento de design espec\u00edfico do utilizador at\u00e9 ao planeamento detalhado: Somos o seu parceiro de confian\u00e7a para todas as fases do servi\u00e7o \u2713 Coordena\u00e7\u00e3o e vis\u00e3o em cada passo","breadcrumb":{"@id":"https:\/\/sha.de\/pt-pt\/servicos\/planeamento-e-coordenacao#breadcrumb"},"inLanguage":"pt-PT","potentialAction":[{"@type":"ReadAction","target":["https:\/\/sha.de\/pt-pt\/servicos\/planeamento-e-coordenacao"]}]},{"@type":"BreadcrumbList","@id":"https:\/\/sha.de\/pt-pt\/servicos\/planeamento-e-coordenacao#breadcrumb","itemListElement":[{"@type":"ListItem","position":1,"name":"Startseite","item":"https:\/\/sha.de\/pt-pt"},{"@type":"ListItem","position":2,"name":"Servi\u00e7os","item":"https:\/\/sha.de\/pt-pt\/servicos"},{"@type":"ListItem","position":3,"name":"Planeamento e coordena\u00e7\u00e3o"}]},{"@type":"WebSite","@id":"https:\/\/sha.de\/pt-pt#website","url":"https:\/\/sha.de\/pt-pt","name":"SHA Scheffler Helbich Architekten GmbH","description":"","potentialAction":[{"@type":"SearchAction","target":{"@type":"EntryPoint","urlTemplate":"https:\/\/sha.de\/pt-pt?s={search_term_string}"},"query-input":{"@type":"PropertyValueSpecification","valueRequired":true,"valueName":"search_term_string"}}],"inLanguage":"pt-PT"}]}},"_links":{"self":[{"href":"https:\/\/sha.de\/pt-pt\/wp-json\/wp\/v2\/pages\/38143","targetHints":{"allow":["GET"]}}],"collection":[{"href":"https:\/\/sha.de\/pt-pt\/wp-json\/wp\/v2\/pages"}],"about":[{"href":"https:\/\/sha.de\/pt-pt\/wp-json\/wp\/v2\/types\/page"}],"author":[{"embeddable":true,"href":"https:\/\/sha.de\/pt-pt\/wp-json\/wp\/v2\/users\/1"}],"replies":[{"embeddable":true,"href":"https:\/\/sha.de\/pt-pt\/wp-json\/wp\/v2\/comments?post=38143"}],"version-history":[{"count":1,"href":"https:\/\/sha.de\/pt-pt\/wp-json\/wp\/v2\/pages\/38143\/revisions"}],"predecessor-version":[{"id":38146,"href":"https:\/\/sha.de\/pt-pt\/wp-json\/wp\/v2\/pages\/38143\/revisions\/38146"}],"up":[{"embeddable":true,"href":"https:\/\/sha.de\/pt-pt\/wp-json\/wp\/v2\/pages\/30194"}],"wp:attachment":[{"href":"https:\/\/sha.de\/pt-pt\/wp-json\/wp\/v2\/media?parent=38143"}],"curies":[{"name":"wp","href":"https:\/\/api.w.org\/{rel}","templated":true}]}}