{"id":38209,"date":"2019-04-03T11:54:02","date_gmt":"2019-04-03T09:54:02","guid":{"rendered":"https:\/\/sha.de\/servicos\/analise-e-conceito"},"modified":"2024-08-28T15:00:58","modified_gmt":"2024-08-28T13:00:58","slug":"analise-e-conceito","status":"publish","type":"page","link":"https:\/\/sha.de\/pt-pt\/servicos\/analise-e-conceito","title":{"rendered":"An\u00e1lise e conceito"},"content":{"rendered":"<div id='av_section_1' class='avia-section main_color pt-default pb-default avia-no-border-styling avia-bg-style-scroll  avia-builder-el-0  el_before_av_section  avia-builder-el-first   container_wrap fullsize' style=' '  ><div class='container' ><main  role=\"main\" itemprop=\"mainContentOfPage\"  class='template-page content  av-content-full alpha units'><div class='post-entry post-entry-type-page post-entry-38209'><div class='entry-content-wrapper clearfix'>\n\n\t\t\t<div id=\"av-k55bagx6\" class=\"headline-column flex_column av_one_full flex_column_div first \">\n\t\t\t\t<div class=\"headline-wrap is-outside align-left sub-bottom\">\n\t\t\t\t\t<h1 class=\"headline-content headline-primary\">An\u00e1lise e conceito<\/h1>\n\t\t\t\t\t<h3 class=\"headline-content headline-secondary\">O seu parceiro de A a Z<\/h3>\n\t\t\t\t<\/div>\n\t\t\t<\/div>\n<div class=\"flex_column av_two_third  flex_column_div av-zero-column-padding first bg-default  service img-left   avia-builder-el-2  el_after_pixel_sc_headline  el_before_av_one_third  w-1023-half \" style=\"background-image: url(https:\/\/sha.de\/wp-content\/uploads\/Leistungen_Analyse-und-Konzept.jpg); background-position: center left; background-repeat: no-repeat; background-size: cover; \"><\/div><div class=\"flex_column av_one_third  flex_column_div av-zero-column-padding  bg-default border-bottom   img-left   avia-builder-el-3  el_after_av_two_third  avia-builder-el-last  w-1023-half \"><section  class='av_textblock_section av-k55baqys-76fd3ab987b8edeb983c11dbb0a25821 '   itemscope=\"itemscope\" itemtype=\"https:\/\/schema.org\/CreativeWork\" ><div class='avia_textblock'  itemprop=\"text\" ><h3>Fases de trabalho 1-2:<br \/>\nEstudos de conce\u00e7\u00e3o e de viabilidade<\/h3>\n<p>Antes de come\u00e7ar a desenhar, \u00e9 necess\u00e1rio clarificar a tarefa. Apoiamo-lo no desenvolvimento e formula\u00e7\u00e3o desta tarefa e aconselhamo-lo sobre o \u00e2mbito esperado dos servi\u00e7os. Trabalhamos consigo para determinar que planeadores especializados s\u00e3o necess\u00e1rios em que fase de planeamento para a tarefa espec\u00edfica e sugerimos colegas adequados. O anteprojeto \u00e9 um conceito com esbo\u00e7os, n\u00fameros iniciais e uma estimativa de custos (ainda aproximada). As quest\u00f5es jur\u00eddicas fundamentais s\u00e3o esclarecidas.<\/p>\n<p>Nesta primeira fase, a viabilidade geral \u00e9 analisada atrav\u00e9s de v\u00e1rios conceitos. Muitas vezes, existem v\u00e1rias solu\u00e7\u00f5es poss\u00edveis, que comparamos consigo e para as quais esclarecemos as vantagens e desvantagens em conjunto consigo.<\/p>\n<\/div><\/section><\/div>\n\n<\/div><\/div><\/main><!-- close content main element --><\/div><\/div><div id='av_section_2' class='avia-section main_color pt-default pb-default avia-no-border-styling avia-bg-style-scroll  avia-builder-el-5  el_after_av_section  el_before_av_section   container_wrap fullsize' style=' '  ><div class='container' ><div class='template-page content  av-content-full alpha units'><div class='post-entry post-entry-type-page post-entry-38209'><div class='entry-content-wrapper clearfix'>\n<div class=\"flex_column av_one_third  flex_column_div av-zero-column-padding first bg-default border-bottom   img-left   avia-builder-el-6  el_before_av_one_third  avia-builder-el-first  w-1023-half \"><section  class='av_textblock_section av-k55baqys-9-4c20cb2ab722c4c625da88e31e2a79a5 '   itemscope=\"itemscope\" itemtype=\"https:\/\/schema.org\/CreativeWork\" ><div class='avia_textblock'  itemprop=\"text\" ><h3>Definir o rumo: Desenvolvimento do projeto<\/h3>\n<p>As decis\u00f5es-chave de um projeto s\u00e3o tomadas nas fases iniciais. A este respeito, o desenvolvimento inicial do projeto determina todos os custos subsequentes. A inicia\u00e7\u00e3o do projeto reveste-se de particular import\u00e2ncia neste contexto.<\/p>\n<p>\u00c9 aqui que a ideia, o local e o capital se juntam pela primeira vez. As oportunidades s\u00e3o avaliadas numa perspetiva empresarial, de planeamento e pol\u00edtica e a sua competitividade \u00e9 analisada. S\u00e3o analisados e quantificados os aspectos de compatibilidade ambiental, a manuten\u00e7\u00e3o ou a cria\u00e7\u00e3o de empregos e o risco potencial de uma medida. Teremos todo o gosto em apoi\u00e1-lo no seu projeto. Contacte-nos e beneficie da nossa experi\u00eancia espec\u00edfica no sector.<\/p>\n<\/div><\/section><\/div><div class=\"flex_column av_one_third  flex_column_div av-zero-column-padding  bg-default  fill img-left   avia-builder-el-8  el_after_av_one_third  el_before_av_one_third  w-1023-half \" style=\"background-image: url(https:\/\/sha.de\/wp-content\/uploads\/buero2-F\u00fcllfoto.jpg); background-position: center center; background-repeat: no-repeat; background-size: cover; \"><\/div><div class=\"flex_column av_one_third  flex_column_div av-zero-column-padding  bg-default  fill img-left   avia-builder-el-9  el_after_av_one_third  avia-builder-el-last  w-1023-full w-1023-ctm \" style=\"background-image: url(https:\/\/sha.de\/wp-content\/uploads\/auszeichnung_hausamsee.jpg); background-position: center center; background-repeat: no-repeat; background-size: cover; \"><\/div>\n\n<\/div><\/div><\/div><!-- close content main div --><\/div><\/div><div id='av_section_3' class='avia-section main_color pt-default pb-default avia-no-border-styling avia-bg-style-scroll  avia-builder-el-10  el_after_av_section  el_before_av_section   container_wrap fullsize' style=' '  ><div class='container' ><div class='template-page content  av-content-full alpha units'><div class='post-entry post-entry-type-page post-entry-38209'><div class='entry-content-wrapper clearfix'>\n<div class=\"flex_column av_one_third  flex_column_div av-zero-column-padding first bg-default  fill img-left   avia-builder-el-11  el_before_av_one_third  avia-builder-el-first  w-1023-half \" style=\"background-image: url(https:\/\/sha.de\/wp-content\/uploads\/leistungen_analyse_konzept.jpg); background-position: center center; background-repeat: no-repeat; background-size: cover; \"><\/div><div class=\"flex_column av_one_third  flex_column_div av-zero-column-padding  bg-default border-bottom   img-left   avia-builder-el-12  el_after_av_one_third  el_before_av_one_third  w-1023-half \"><section  class='av_textblock_section av-k55baqys-6-c72792b2a4a5e6b7582428995e54cc67 '   itemscope=\"itemscope\" itemtype=\"https:\/\/schema.org\/CreativeWork\" ><div class='avia_textblock'  itemprop=\"text\" ><h3>Procedimento e concursos VgV:<br \/>\nA luta pela melhor solu\u00e7\u00e3o<\/h3>\n<p>Com o seu projeto, tem o requisito de que apenas a melhor solu\u00e7\u00e3o seja posta em causa para si. \u00c9 por isso que enfrentamos sempre a concorr\u00eancia e, desta forma, mostramos que pensamos concetual, funcional e economicamente no interesse do cliente e procuramos o seu benef\u00edcio. A SHA Scheffler Helbich Architekten tamb\u00e9m contribui regularmente com a sua experi\u00eancia de muitos anos para os procedimentos de VgV e manifesta\u00e7\u00f5es de interesse.<\/p>\n<p>S\u00f3 queremos uma coisa: o melhor resultado para o seu projeto.<\/p>\n<\/div><\/section><\/div><div class=\"flex_column av_one_third  flex_column_div av-zero-column-padding  bg-default border-bottom   img-left   avia-builder-el-14  el_after_av_one_third  avia-builder-el-last  w-1023-full w-1023-ctm \"><section  class='av_textblock_section av-k55baqys-1-5559a95b6f073edc9fbdf2054bce7627 '   itemscope=\"itemscope\" itemtype=\"https:\/\/schema.org\/CreativeWork\" ><div class='avia_textblock'  itemprop=\"text\" ><h3>Ferramentas de planeamento: simula\u00e7\u00e3o e modeliza\u00e7\u00e3o<\/h3>\n<p>Para al\u00e9m da funcionalidade e da rela\u00e7\u00e3o custo-efic\u00e1cia, a arquitetura \u00e9 sempre uma quest\u00e3o de qualidade espacial e f\u00edsica. Isto pode ser perfeitamente verificado nas fases iniciais de planeamento em representa\u00e7\u00f5es espaciais como a simula\u00e7\u00e3o 3D e o modelo arquitet\u00f3nico cl\u00e1ssico.<\/p>\n<p>Para al\u00e9m dos planos e das figuras, os dois tipos de visualiza\u00e7\u00e3o est\u00e3o entre as ferramentas mais importantes para proporcionar aos clientes, aos projectistas especializados, \u00e0s autoridades locais e \u00e0s autoridades de aprova\u00e7\u00e3o uma compreens\u00e3o ainda melhor do projeto. Desta forma, todas as quest\u00f5es de planeamento espacial-arquitet\u00f3nico e urbano, bem como os aspectos t\u00e9cnicos, como a luz solar e o sombreamento, podem ser claramente respondidos numa fase inicial.<\/p>\n<\/div><\/section><\/div>\n\n<\/div><\/div><\/div><!-- close content main div --><\/div><\/div><div id='av_section_4' class='avia-section main_color pt-large pb-large avia-no-border-styling avia-bg-style-scroll  avia-builder-el-16  el_after_av_section  avia-builder-el-last   container_wrap fullsize' style=' '  ><div class='container' ><div class='template-page content  av-content-full alpha units'><div class='post-entry post-entry-type-page post-entry-38209'><div class='entry-content-wrapper clearfix'>\n\n\t\t\t<div id=\"av-k55bagx6-12\" class=\"headline-column flex_column av_one_full flex_column_div first \">\n\t\t\t\t<div class=\"headline-wrap is-outside align-center sub-bottom\">\n\t\t\t\t\t<h2 class=\"headline-content headline-primary\">Outros servi\u00e7os da nossa carteira<\/h2>\n\t\t\t\t\t<h3 class=\"headline-content headline-secondary\">A nossa gama completa de servi\u00e7os<\/h3>\n\t\t\t\t<\/div>\n\t\t\t<\/div>\n<ul class=\"icon-row leistungen \">\n\t<li class=\"icon-row__entry beratung\">\n\t\t<a class=\"icon-row__entry-link\" href=\"https:\/\/sha.de\/leistungen\/beratung\">\n\t\t\t<div class=\"icon-row__entry-image\">\n\t\t\t\t<div class=\"entry-image-svg\"><\/div>\n\t\t\t\t<!-- <div class=\"entry-image-hover\"><\/div> -->\n\t\t\t<\/div>\n\t\t\t<div class=\"icon-row__entry-text\">Aconselhamento<\/div>\n\t\t<\/a>\n\t<\/li>\n\t<li class=\"icon-row__entry konzept\">\n\t\t<a class=\"icon-row__entry-link\" href=\"https:\/\/sha.de\/leistungen\/analyse-und-konzept\">\n\t\t\t<div class=\"icon-row__entry-image\">\n\t\t\t\t<div class=\"entry-image-svg\"><\/div>\n\t\t\t\t<!-- <div class=\"entry-image-hover\"><\/div> -->\n\t\t\t<\/div>\n\t\t\t<div class=\"icon-row__entry-text\">An\u00e1lise e conceito<\/div>\n\t\t<\/a>\n\t<\/li>\n\t<li class=\"icon-row__entry planung\">\n\t\t<a class=\"icon-row__entry-link\" href=\"https:\/\/sha.de\/leistungen\/planung-und-koordination\">\n\t\t\t<div class=\"icon-row__entry-image\">\n\t\t\t\t<div class=\"entry-image-svg\"><\/div>\n\t\t\t\t<!-- <div class=\"entry-image-hover\"><\/div> -->\n\t\t\t<\/div>\n\t\t\t<div class=\"icon-row__entry-text\">Planeamento e coordena\u00e7\u00e3o<\/div>\n\t\t<\/a>\n\t<\/li>\n\t<li class=\"icon-row__entry realisierung\">\n\t\t<a class=\"icon-row__entry-link\" href=\"https:\/\/sha.de\/leistungen\/realisierung\">\n\t\t\t<div class=\"icon-row__entry-image\">\n\t\t\t\t<div class=\"entry-image-svg\"><\/div>\n\t\t\t\t<!-- <div class=\"entry-image-hover\"><\/div> -->\n\t\t\t<\/div>\n\t\t\t<div class=\"icon-row__entry-text\">Realiza\u00e7\u00e3o<\/div>\n\t\t<\/a>\n\t<\/li>\n\t<li class=\"icon-row__entry nachbetreuung\">\n\t\t<a class=\"icon-row__entry-link\" href=\"https:\/\/sha.de\/leistungen\/nachbetreuung\">\n\t\t\t<div class=\"icon-row__entry-image\">\n\t\t\t\t<div class=\"entry-image-svg\"><\/div>\n\t\t\t\t<!-- <div class=\"entry-image-hover\"><\/div> -->\n\t\t\t<\/div>\n\t\t\t<div class=\"icon-row__entry-text\">Cuidados posteriores<\/div>\n\t\t<\/a>\n\t<\/li>\n<\/ul>\n\n\n","protected":false},"excerpt":{"rendered":"","protected":false},"author":1,"featured_media":0,"parent":30194,"menu_order":2,"comment_status":"closed","ping_status":"closed","template":"","meta":{"_acf_changed":false,"content-type":"","footnotes":""},"class_list":["post-38209","page","type-page","status-publish","hentry"],"acf":[],"yoast_head":"<!-- This site is optimized with the Yoast SEO plugin v27.4 - https:\/\/yoast.com\/product\/yoast-seo-wordpress\/ -->\n<title>O seu conceito arquitet\u00f3nico personalizado | SHA Architekten<\/title>\n<meta name=\"description\" content=\"Como arquitectos, convencemos com an\u00e1lises e conceitos. Planeamento e coordena\u00e7\u00e3o \u2713 Desenvolvimento do projeto \u2713 Simula\u00e7\u00e3o 3D \u2713 Realiza\u00e7\u00e3o \u2713 Acompanhamento\" \/>\n<meta name=\"robots\" content=\"index, follow, max-snippet:-1, max-image-preview:large, max-video-preview:-1\" \/>\n<link rel=\"canonical\" href=\"https:\/\/sha.de\/pt-pt\/servicos\/analise-e-conceito\" \/>\n<meta property=\"og:locale\" content=\"pt_PT\" \/>\n<meta property=\"og:type\" content=\"article\" \/>\n<meta property=\"og:title\" content=\"O seu conceito arquitet\u00f3nico personalizado | SHA Architekten\" \/>\n<meta property=\"og:description\" content=\"Como arquitectos, convencemos com an\u00e1lises e conceitos. Planeamento e coordena\u00e7\u00e3o \u2713 Desenvolvimento do projeto \u2713 Simula\u00e7\u00e3o 3D \u2713 Realiza\u00e7\u00e3o \u2713 Acompanhamento\" \/>\n<meta property=\"og:url\" content=\"https:\/\/sha.de\/pt-pt\/servicos\/analise-e-conceito\" \/>\n<meta property=\"og:site_name\" content=\"SHA Scheffler Helbich Architekten GmbH\" \/>\n<meta property=\"article:modified_time\" content=\"2024-08-28T13:00:58+00:00\" \/>\n<meta name=\"twitter:card\" content=\"summary_large_image\" \/>\n<meta name=\"twitter:label1\" content=\"Tempo estimado de leitura\" \/>\n\t<meta name=\"twitter:data1\" content=\"11 minutos\" \/>\n<script type=\"application\/ld+json\" class=\"yoast-schema-graph\">{\"@context\":\"https:\\\/\\\/schema.org\",\"@graph\":[{\"@type\":\"WebPage\",\"@id\":\"https:\\\/\\\/sha.de\\\/pt-pt\\\/servicos\\\/analise-e-conceito\",\"url\":\"https:\\\/\\\/sha.de\\\/pt-pt\\\/servicos\\\/analise-e-conceito\",\"name\":\"O seu conceito arquitet\u00f3nico personalizado | SHA Architekten\",\"isPartOf\":{\"@id\":\"https:\\\/\\\/sha.de\\\/pt-pt#website\"},\"datePublished\":\"2019-04-03T09:54:02+00:00\",\"dateModified\":\"2024-08-28T13:00:58+00:00\",\"description\":\"Como arquitectos, convencemos com an\u00e1lises e conceitos. Planeamento e coordena\u00e7\u00e3o \u2713 Desenvolvimento do projeto \u2713 Simula\u00e7\u00e3o 3D \u2713 Realiza\u00e7\u00e3o \u2713 Acompanhamento\",\"breadcrumb\":{\"@id\":\"https:\\\/\\\/sha.de\\\/pt-pt\\\/servicos\\\/analise-e-conceito#breadcrumb\"},\"inLanguage\":\"pt-PT\",\"potentialAction\":[{\"@type\":\"ReadAction\",\"target\":[\"https:\\\/\\\/sha.de\\\/pt-pt\\\/servicos\\\/analise-e-conceito\"]}]},{\"@type\":\"BreadcrumbList\",\"@id\":\"https:\\\/\\\/sha.de\\\/pt-pt\\\/servicos\\\/analise-e-conceito#breadcrumb\",\"itemListElement\":[{\"@type\":\"ListItem\",\"position\":1,\"name\":\"Startseite\",\"item\":\"https:\\\/\\\/sha.de\\\/pt-pt\"},{\"@type\":\"ListItem\",\"position\":2,\"name\":\"Servi\u00e7os\",\"item\":\"https:\\\/\\\/sha.de\\\/pt-pt\\\/servicos\"},{\"@type\":\"ListItem\",\"position\":3,\"name\":\"An\u00e1lise e conceito\"}]},{\"@type\":\"WebSite\",\"@id\":\"https:\\\/\\\/sha.de\\\/pt-pt#website\",\"url\":\"https:\\\/\\\/sha.de\\\/pt-pt\",\"name\":\"SHA Scheffler Helbich Architekten GmbH\",\"description\":\"\",\"potentialAction\":[{\"@type\":\"SearchAction\",\"target\":{\"@type\":\"EntryPoint\",\"urlTemplate\":\"https:\\\/\\\/sha.de\\\/pt-pt?s={search_term_string}\"},\"query-input\":{\"@type\":\"PropertyValueSpecification\",\"valueRequired\":true,\"valueName\":\"search_term_string\"}}],\"inLanguage\":\"pt-PT\"}]}<\/script>\n<!-- \/ Yoast SEO plugin. -->","yoast_head_json":{"title":"O seu conceito arquitet\u00f3nico personalizado | SHA Architekten","description":"Como arquitectos, convencemos com an\u00e1lises e conceitos. Planeamento e coordena\u00e7\u00e3o \u2713 Desenvolvimento do projeto \u2713 Simula\u00e7\u00e3o 3D \u2713 Realiza\u00e7\u00e3o \u2713 Acompanhamento","robots":{"index":"index","follow":"follow","max-snippet":"max-snippet:-1","max-image-preview":"max-image-preview:large","max-video-preview":"max-video-preview:-1"},"canonical":"https:\/\/sha.de\/pt-pt\/servicos\/analise-e-conceito","og_locale":"pt_PT","og_type":"article","og_title":"O seu conceito arquitet\u00f3nico personalizado | SHA Architekten","og_description":"Como arquitectos, convencemos com an\u00e1lises e conceitos. Planeamento e coordena\u00e7\u00e3o \u2713 Desenvolvimento do projeto \u2713 Simula\u00e7\u00e3o 3D \u2713 Realiza\u00e7\u00e3o \u2713 Acompanhamento","og_url":"https:\/\/sha.de\/pt-pt\/servicos\/analise-e-conceito","og_site_name":"SHA Scheffler Helbich Architekten GmbH","article_modified_time":"2024-08-28T13:00:58+00:00","twitter_card":"summary_large_image","twitter_misc":{"Tempo estimado de leitura":"11 minutos"},"schema":{"@context":"https:\/\/schema.org","@graph":[{"@type":"WebPage","@id":"https:\/\/sha.de\/pt-pt\/servicos\/analise-e-conceito","url":"https:\/\/sha.de\/pt-pt\/servicos\/analise-e-conceito","name":"O seu conceito arquitet\u00f3nico personalizado | SHA Architekten","isPartOf":{"@id":"https:\/\/sha.de\/pt-pt#website"},"datePublished":"2019-04-03T09:54:02+00:00","dateModified":"2024-08-28T13:00:58+00:00","description":"Como arquitectos, convencemos com an\u00e1lises e conceitos. Planeamento e coordena\u00e7\u00e3o \u2713 Desenvolvimento do projeto \u2713 Simula\u00e7\u00e3o 3D \u2713 Realiza\u00e7\u00e3o \u2713 Acompanhamento","breadcrumb":{"@id":"https:\/\/sha.de\/pt-pt\/servicos\/analise-e-conceito#breadcrumb"},"inLanguage":"pt-PT","potentialAction":[{"@type":"ReadAction","target":["https:\/\/sha.de\/pt-pt\/servicos\/analise-e-conceito"]}]},{"@type":"BreadcrumbList","@id":"https:\/\/sha.de\/pt-pt\/servicos\/analise-e-conceito#breadcrumb","itemListElement":[{"@type":"ListItem","position":1,"name":"Startseite","item":"https:\/\/sha.de\/pt-pt"},{"@type":"ListItem","position":2,"name":"Servi\u00e7os","item":"https:\/\/sha.de\/pt-pt\/servicos"},{"@type":"ListItem","position":3,"name":"An\u00e1lise e conceito"}]},{"@type":"WebSite","@id":"https:\/\/sha.de\/pt-pt#website","url":"https:\/\/sha.de\/pt-pt","name":"SHA Scheffler Helbich Architekten GmbH","description":"","potentialAction":[{"@type":"SearchAction","target":{"@type":"EntryPoint","urlTemplate":"https:\/\/sha.de\/pt-pt?s={search_term_string}"},"query-input":{"@type":"PropertyValueSpecification","valueRequired":true,"valueName":"search_term_string"}}],"inLanguage":"pt-PT"}]}},"_links":{"self":[{"href":"https:\/\/sha.de\/pt-pt\/wp-json\/wp\/v2\/pages\/38209","targetHints":{"allow":["GET"]}}],"collection":[{"href":"https:\/\/sha.de\/pt-pt\/wp-json\/wp\/v2\/pages"}],"about":[{"href":"https:\/\/sha.de\/pt-pt\/wp-json\/wp\/v2\/types\/page"}],"author":[{"embeddable":true,"href":"https:\/\/sha.de\/pt-pt\/wp-json\/wp\/v2\/users\/1"}],"replies":[{"embeddable":true,"href":"https:\/\/sha.de\/pt-pt\/wp-json\/wp\/v2\/comments?post=38209"}],"version-history":[{"count":1,"href":"https:\/\/sha.de\/pt-pt\/wp-json\/wp\/v2\/pages\/38209\/revisions"}],"predecessor-version":[{"id":38217,"href":"https:\/\/sha.de\/pt-pt\/wp-json\/wp\/v2\/pages\/38209\/revisions\/38217"}],"up":[{"embeddable":true,"href":"https:\/\/sha.de\/pt-pt\/wp-json\/wp\/v2\/pages\/30194"}],"wp:attachment":[{"href":"https:\/\/sha.de\/pt-pt\/wp-json\/wp\/v2\/media?parent=38209"}],"curies":[{"name":"wp","href":"https:\/\/api.w.org\/{rel}","templated":true}]}}