{"id":38290,"date":"2019-10-07T09:13:56","date_gmt":"2019-10-07T07:13:56","guid":{"rendered":"https:\/\/sha.de\/carreira\/vagas"},"modified":"2024-09-19T15:25:45","modified_gmt":"2024-09-19T13:25:45","slug":"vagas","status":"publish","type":"page","link":"https:\/\/sha.de\/pt-pt\/carreira\/vagas","title":{"rendered":"Vagas"},"content":{"rendered":"<div id='av_section_1' class='avia-section main_color pt-default pb-default avia-no-border-styling avia-bg-style-scroll  avia-builder-el-0  avia-builder-el-no-sibling   container_wrap fullsize' style=' '  ><div class='container' ><main  role=\"main\" itemprop=\"mainContentOfPage\"  class='template-page content  av-content-full alpha units'><div class='post-entry post-entry-type-page post-entry-38290'><div class='entry-content-wrapper clearfix'>\n\n\t\t\t<div id=\"av-k1g2vf5m\" class=\"headline-column flex_column av_one_full flex_column_div first \">\n\t\t\t\t<div class=\"headline-wrap is-outside align-left sub-bottom\">\n\t\t\t\t\t<h1 class=\"headline-content headline-primary\"><strong>Est\u00e1 \u00e0 procura de<\/strong> um desafio <strong>?<\/strong><\/h1>\n\t\t\t\t\t<h3 class=\"headline-content headline-secondary\">As nossas vagas actuais<\/h3>\n\t\t\t\t<\/div>\n\t\t\t<\/div>\n<div class=\"flex_column av_one_third  flex_column_div av-zero-column-padding first       avia-builder-el-2  el_after_pixel_sc_headline  el_before_av_one_third  \"><section  class='av_textblock_section av-k1g2wero-fe61446603507e4bc085f1c602a33e68 '   itemscope=\"itemscope\" itemtype=\"https:\/\/schema.org\/CreativeWork\" ><div class='avia_textblock'  itemprop=\"text\" ><p>Estamos muito satisfeitos por estar aqui e por estar interessado em trabalhar no nosso gabinete de arquitetura. Somos o lugar certo para si se procura um emprego variado, tem uma atitude positiva, mant\u00e9m a cabe\u00e7a fria em tempos turbulentos, valoriza o seu desenvolvimento pessoal e profissional e gosta de assumir a responsabilidade pelos seus pr\u00f3prios projectos.<\/p>\n<\/div><\/section><\/div><div class=\"flex_column av_one_third  flex_column_div av-zero-column-padding  bg-default      avia-builder-el-4  el_after_av_one_third  el_before_av_one_third  \"><section  class='av_textblock_section av-k41gdgql-28f790d0b2b992bc79143248ec5d204a '   itemscope=\"itemscope\" itemtype=\"https:\/\/schema.org\/CreativeWork\" ><div class='avia_textblock'  itemprop=\"text\" ><p>O nosso trabalho caracteriza-se por hierarquias planas, processos de decis\u00e3o r\u00e1pidos e uma intera\u00e7\u00e3o respeitosa entre n\u00f3s. Se pensa que voc\u00ea e a SHA s\u00e3o uma boa combina\u00e7\u00e3o e gosta de trabalhar numa equipa jovem na realiza\u00e7\u00e3o de projectos de constru\u00e7\u00e3o em toda a Alemanha, esperamos receber a sua candidatura detalhada para uma das posi\u00e7\u00f5es listadas.<\/p>\n<\/div><\/section><\/div><div class=\"flex_column av_one_third  flex_column_div av-zero-column-padding  bg-default      avia-builder-el-6  el_after_av_one_third  el_before_pixel_sc_jobsgrid  \"><section  class='av_textblock_section av-k41h1ilt-5687ad1451d7cf4f8132ea409e2e2406 '   itemscope=\"itemscope\" itemtype=\"https:\/\/schema.org\/CreativeWork\" ><div class='avia_textblock'  itemprop=\"text\" ><p>Estamos ansiosos por receber os seus documentos e por o conhecer melhor. Se n\u00e3o encontrar uma posi\u00e7\u00e3o adequada aqui, n\u00e3o h\u00e1 problema: estamos sempre interessados em <a href=\"https:\/\/sha.de\/karriere\/initiativbewerbung\">candidaturas n\u00e3o solicitadas<\/a>.<\/p>\n<\/div><\/section><\/div>\t\n\n","protected":false},"excerpt":{"rendered":"","protected":false},"author":1,"featured_media":0,"parent":30046,"menu_order":2,"comment_status":"closed","ping_status":"closed","template":"","meta":{"_acf_changed":false,"content-type":"","footnotes":""},"class_list":["post-38290","page","type-page","status-publish","hentry"],"acf":[],"yoast_head":"<!-- This site is optimized with the Yoast SEO plugin v27.4 - https:\/\/yoast.com\/product\/yoast-seo-wordpress\/ -->\n<title>Vagas | SHA Scheffler Helbich Architekten GmbH<\/title>\n<meta name=\"description\" content=\"Est\u00e1 \u00e0 procura de novos desafios? Veja as nossas vagas actuais e fa\u00e7a parte da nossa equipa de arquitectos.\" \/>\n<meta name=\"robots\" content=\"index, follow, max-snippet:-1, max-image-preview:large, max-video-preview:-1\" \/>\n<link rel=\"canonical\" href=\"https:\/\/sha.de\/pt-pt\/carreira\/vagas\" \/>\n<meta property=\"og:locale\" content=\"pt_PT\" \/>\n<meta property=\"og:type\" content=\"article\" \/>\n<meta property=\"og:title\" content=\"Vagas | SHA Scheffler Helbich Architekten GmbH\" \/>\n<meta property=\"og:description\" content=\"Est\u00e1 \u00e0 procura de novos desafios? Veja as nossas vagas actuais e fa\u00e7a parte da nossa equipa de arquitectos.\" \/>\n<meta property=\"og:url\" content=\"https:\/\/sha.de\/pt-pt\/carreira\/vagas\" \/>\n<meta property=\"og:site_name\" content=\"SHA Scheffler Helbich Architekten GmbH\" \/>\n<meta property=\"article:modified_time\" content=\"2024-09-19T13:25:45+00:00\" \/>\n<meta name=\"twitter:card\" content=\"summary_large_image\" \/>\n<meta name=\"twitter:label1\" content=\"Tempo estimado de leitura\" \/>\n\t<meta name=\"twitter:data1\" content=\"2 minutos\" \/>\n<script type=\"application\/ld+json\" class=\"yoast-schema-graph\">{\"@context\":\"https:\\\/\\\/schema.org\",\"@graph\":[{\"@type\":\"WebPage\",\"@id\":\"https:\\\/\\\/sha.de\\\/pt-pt\\\/carreira\\\/vagas\",\"url\":\"https:\\\/\\\/sha.de\\\/pt-pt\\\/carreira\\\/vagas\",\"name\":\"Vagas | SHA Scheffler Helbich Architekten GmbH\",\"isPartOf\":{\"@id\":\"https:\\\/\\\/sha.de\\\/pt-pt#website\"},\"datePublished\":\"2019-10-07T07:13:56+00:00\",\"dateModified\":\"2024-09-19T13:25:45+00:00\",\"description\":\"Est\u00e1 \u00e0 procura de novos desafios? Veja as nossas vagas actuais e fa\u00e7a parte da nossa equipa de arquitectos.\",\"breadcrumb\":{\"@id\":\"https:\\\/\\\/sha.de\\\/pt-pt\\\/carreira\\\/vagas#breadcrumb\"},\"inLanguage\":\"pt-PT\",\"potentialAction\":[{\"@type\":\"ReadAction\",\"target\":[\"https:\\\/\\\/sha.de\\\/pt-pt\\\/carreira\\\/vagas\"]}]},{\"@type\":\"BreadcrumbList\",\"@id\":\"https:\\\/\\\/sha.de\\\/pt-pt\\\/carreira\\\/vagas#breadcrumb\",\"itemListElement\":[{\"@type\":\"ListItem\",\"position\":1,\"name\":\"Startseite\",\"item\":\"https:\\\/\\\/sha.de\\\/pt-pt\"},{\"@type\":\"ListItem\",\"position\":2,\"name\":\"Carreira\",\"item\":\"https:\\\/\\\/sha.de\\\/pt-pt\\\/carreira\"},{\"@type\":\"ListItem\",\"position\":3,\"name\":\"Vagas\"}]},{\"@type\":\"WebSite\",\"@id\":\"https:\\\/\\\/sha.de\\\/pt-pt#website\",\"url\":\"https:\\\/\\\/sha.de\\\/pt-pt\",\"name\":\"SHA Scheffler Helbich Architekten GmbH\",\"description\":\"\",\"potentialAction\":[{\"@type\":\"SearchAction\",\"target\":{\"@type\":\"EntryPoint\",\"urlTemplate\":\"https:\\\/\\\/sha.de\\\/pt-pt?s={search_term_string}\"},\"query-input\":{\"@type\":\"PropertyValueSpecification\",\"valueRequired\":true,\"valueName\":\"search_term_string\"}}],\"inLanguage\":\"pt-PT\"}]}<\/script>\n<!-- \/ Yoast SEO plugin. -->","yoast_head_json":{"title":"Vagas | SHA Scheffler Helbich Architekten GmbH","description":"Est\u00e1 \u00e0 procura de novos desafios? Veja as nossas vagas actuais e fa\u00e7a parte da nossa equipa de arquitectos.","robots":{"index":"index","follow":"follow","max-snippet":"max-snippet:-1","max-image-preview":"max-image-preview:large","max-video-preview":"max-video-preview:-1"},"canonical":"https:\/\/sha.de\/pt-pt\/carreira\/vagas","og_locale":"pt_PT","og_type":"article","og_title":"Vagas | SHA Scheffler Helbich Architekten GmbH","og_description":"Est\u00e1 \u00e0 procura de novos desafios? Veja as nossas vagas actuais e fa\u00e7a parte da nossa equipa de arquitectos.","og_url":"https:\/\/sha.de\/pt-pt\/carreira\/vagas","og_site_name":"SHA Scheffler Helbich Architekten GmbH","article_modified_time":"2024-09-19T13:25:45+00:00","twitter_card":"summary_large_image","twitter_misc":{"Tempo estimado de leitura":"2 minutos"},"schema":{"@context":"https:\/\/schema.org","@graph":[{"@type":"WebPage","@id":"https:\/\/sha.de\/pt-pt\/carreira\/vagas","url":"https:\/\/sha.de\/pt-pt\/carreira\/vagas","name":"Vagas | SHA Scheffler Helbich Architekten GmbH","isPartOf":{"@id":"https:\/\/sha.de\/pt-pt#website"},"datePublished":"2019-10-07T07:13:56+00:00","dateModified":"2024-09-19T13:25:45+00:00","description":"Est\u00e1 \u00e0 procura de novos desafios? Veja as nossas vagas actuais e fa\u00e7a parte da nossa equipa de arquitectos.","breadcrumb":{"@id":"https:\/\/sha.de\/pt-pt\/carreira\/vagas#breadcrumb"},"inLanguage":"pt-PT","potentialAction":[{"@type":"ReadAction","target":["https:\/\/sha.de\/pt-pt\/carreira\/vagas"]}]},{"@type":"BreadcrumbList","@id":"https:\/\/sha.de\/pt-pt\/carreira\/vagas#breadcrumb","itemListElement":[{"@type":"ListItem","position":1,"name":"Startseite","item":"https:\/\/sha.de\/pt-pt"},{"@type":"ListItem","position":2,"name":"Carreira","item":"https:\/\/sha.de\/pt-pt\/carreira"},{"@type":"ListItem","position":3,"name":"Vagas"}]},{"@type":"WebSite","@id":"https:\/\/sha.de\/pt-pt#website","url":"https:\/\/sha.de\/pt-pt","name":"SHA Scheffler Helbich Architekten GmbH","description":"","potentialAction":[{"@type":"SearchAction","target":{"@type":"EntryPoint","urlTemplate":"https:\/\/sha.de\/pt-pt?s={search_term_string}"},"query-input":{"@type":"PropertyValueSpecification","valueRequired":true,"valueName":"search_term_string"}}],"inLanguage":"pt-PT"}]}},"_links":{"self":[{"href":"https:\/\/sha.de\/pt-pt\/wp-json\/wp\/v2\/pages\/38290","targetHints":{"allow":["GET"]}}],"collection":[{"href":"https:\/\/sha.de\/pt-pt\/wp-json\/wp\/v2\/pages"}],"about":[{"href":"https:\/\/sha.de\/pt-pt\/wp-json\/wp\/v2\/types\/page"}],"author":[{"embeddable":true,"href":"https:\/\/sha.de\/pt-pt\/wp-json\/wp\/v2\/users\/1"}],"replies":[{"embeddable":true,"href":"https:\/\/sha.de\/pt-pt\/wp-json\/wp\/v2\/comments?post=38290"}],"version-history":[{"count":12,"href":"https:\/\/sha.de\/pt-pt\/wp-json\/wp\/v2\/pages\/38290\/revisions"}],"predecessor-version":[{"id":46160,"href":"https:\/\/sha.de\/pt-pt\/wp-json\/wp\/v2\/pages\/38290\/revisions\/46160"}],"up":[{"embeddable":true,"href":"https:\/\/sha.de\/pt-pt\/wp-json\/wp\/v2\/pages\/30046"}],"wp:attachment":[{"href":"https:\/\/sha.de\/pt-pt\/wp-json\/wp\/v2\/media?parent=38290"}],"curies":[{"name":"wp","href":"https:\/\/api.w.org\/{rel}","templated":true}]}}