{"id":38541,"date":"2019-11-11T14:48:39","date_gmt":"2019-11-11T13:48:39","guid":{"rendered":"https:\/\/sha.de\/carreira\/pedido-nao-solicitado"},"modified":"2024-08-28T15:01:43","modified_gmt":"2024-08-28T13:01:43","slug":"pedido-nao-solicitado","status":"publish","type":"page","link":"https:\/\/sha.de\/pt-pt\/carreira\/pedido-nao-solicitado","title":{"rendered":"Pedido n\u00e3o solicitado"},"content":{"rendered":"<div id='av_section_1' class='avia-section main_color pt-default pb-default avia-no-border-styling avia-bg-style-scroll  avia-builder-el-0  avia-builder-el-no-sibling   container_wrap fullsize' style=' '  ><div class='container' ><main  role=\"main\" itemprop=\"mainContentOfPage\"  class='template-page content  av-content-full alpha units'><div class='post-entry post-entry-type-page post-entry-38541'><div class='entry-content-wrapper clearfix'>\n\n\t\t\t<div id=\"av-k1g2vf5m\" class=\"headline-column flex_column av_one_full flex_column_div first \">\n\t\t\t\t<div class=\"headline-wrap is-outside align-left sub-bottom\">\n\t\t\t\t\t<h1 class=\"headline-content headline-primary\"><strong>Envie-nos<\/strong> agora <strong>a<\/strong> sua <strong>candidatura<\/strong> espont\u00e2nea <strong>.<\/strong><\/h1>\n\t\t\t\t\t<h3 class=\"headline-content headline-secondary\">Dortmund.&lt;br \/&gt;\nBerlim. <\/h3>\n\t\t\t\t<\/div>\n\t\t\t<\/div>\n<div class=\"flex_column av_one_third  flex_column_div av-zero-column-padding first       avia-builder-el-2  el_after_pixel_sc_headline  el_before_av_one_third  \"><section  class='av_textblock_section av-k1g2wero-fe61446603507e4bc085f1c602a33e68 '   itemscope=\"itemscope\" itemtype=\"https:\/\/schema.org\/CreativeWork\" ><div class='avia_textblock'  itemprop=\"text\" ><p>J\u00e1 deu uma vista de olhos \u00e0s nossas ofertas de emprego, mas infelizmente ainda n\u00e3o encontrou a op\u00e7\u00e3o certa para si? N\u00e3o h\u00e1 problema! Somos um gabinete de arquitetura em constante crescimento com uma orienta\u00e7\u00e3o vers\u00e1til. \u00c9 por isso que estamos sempre \u00e0 procura das melhores mentes para nos ajudar a atingir os nossos objectivos. Idade, g\u00e9nero, t\u00edtulo? Conven\u00e7a-nos com os seus servi\u00e7os!<\/p>\n<p>Somos o lugar certo para si se procura um emprego variado, tem uma atitude positiva, mant\u00e9m a cabe\u00e7a fria em tempos turbulentos, valoriza o seu desenvolvimento pessoal e profissional e gosta de assumir a responsabilidade pelos seus pr\u00f3prios projectos.<\/p>\n<\/div><\/section><\/div><div class=\"flex_column av_one_third  flex_column_div av-zero-column-padding  bg-default      avia-builder-el-4  el_after_av_one_third  el_before_av_one_third  \"><section  class='av_textblock_section av-k41grct3-280455cb34662e89d911927dd71d3c2b '   itemscope=\"itemscope\" itemtype=\"https:\/\/schema.org\/CreativeWork\" ><div class='avia_textblock'  itemprop=\"text\" ><p>O nosso trabalho caracteriza-se por hierarquias planas, processos de decis\u00e3o r\u00e1pidos e uma intera\u00e7\u00e3o respeitosa entre n\u00f3s.<\/p>\n<p>Se pensa que voc\u00ea e a SHA s\u00e3o compat\u00edveis e gosta de trabalhar numa equipa jovem na realiza\u00e7\u00e3o de projectos de constru\u00e7\u00e3o em toda a Alemanha, esperamos receber a sua candidatura informativa n\u00e3o solicitada.<\/p>\n<p>Envie-nos os seus documentos relevantes num documento PDF at\u00e9 ao m\u00e1ximo. 15 MB por correio eletr\u00f3nico para <a href=\"javascript:secureDecryptAndNavigate('8AdztbwYvValzrVrEuAm1BoKBYHVG+RNGy8wj5UXEdCG3Jsu\/\/FRkTmlKTVqkil9XKJ2XAPnc7jBs0jwDUH7R18=', '7fb6b0a631c756e2798c0419dd401ac6392a180022e45865affe1bd81a905598')\">job@sha.de<\/a>.<\/p>\n<\/div><\/section><\/div><div class=\"flex_column av_one_third  flex_column_div av-zero-column-padding        avia-builder-el-6  el_after_av_one_third  el_before_av_one_full  \"><section  class='av_textblock_section av-k1g2wero-1-cc2210e8223e719df18a1b54ce60eaf6 '   itemscope=\"itemscope\" itemtype=\"https:\/\/schema.org\/CreativeWork\" ><div class='avia_textblock'  itemprop=\"text\" ><p>E isso deve ser inclu\u00eddo:<\/p>\n<ul>\n<li>Carta de apresenta\u00e7\u00e3o com a sua motiva\u00e7\u00e3o (de mudan\u00e7a): Porque quer juntar-se \u00e0 SHA?<\/li>\n<li>Certificados e comprovativos das suas actividades anteriores<\/li>\n<li>Indique as suas expectativas de sal\u00e1rio bruto<\/li>\n<li>Especifica\u00e7\u00e3o da pr\u00f3xima data de in\u00edcio poss\u00edvel<\/li>\n<\/ul>\n<p>Estamos ansiosos por ouvir o que tem para nos dizer e entraremos em contacto consigo o mais rapidamente poss\u00edvel.<\/p>\n<\/div><\/section><\/div><div class=\"flex_column av_one_full  flex_column_div av-zero-column-padding first       avia-builder-el-8  el_after_av_one_third  avia-builder-el-last  column-top-margin\"><div  class='avia-image-container  av-styling-    avia-builder-el-9  avia-builder-el-no-sibling  avia-align-center'  itemprop=\"image\" itemscope=\"itemscope\" itemtype=\"https:\/\/schema.org\/ImageObject\"  ><div class='avia-image-container-inner'><div class='avia-image-overlay-wrap'><img class='avia_image' src='https:\/\/sha.de\/wp-content\/uploads\/kopfbild_2.jpg' alt='' title='Kopfbild 2' height=\"263\" width=\"1592\"  itemprop=\"thumbnailUrl\"  \/><\/div><\/div><\/div><\/div>\n","protected":false},"excerpt":{"rendered":"","protected":false},"author":1,"featured_media":0,"parent":30046,"menu_order":1,"comment_status":"closed","ping_status":"closed","template":"","meta":{"_acf_changed":false,"content-type":"","footnotes":""},"class_list":["post-38541","page","type-page","status-publish","hentry"],"acf":[],"yoast_head":"<!-- This site is optimized with the Yoast SEO plugin v27.4 - https:\/\/yoast.com\/product\/yoast-seo-wordpress\/ -->\n<title>Pedido n\u00e3o solicitado | SHA Scheffler Helbich Architekten GmbH<\/title>\n<meta name=\"description\" content=\"J\u00e1 deu uma vista de olhos \u00e0s nossas ofertas de emprego, mas infelizmente n\u00e3o encontrou a mais adequada para si? Aguardamos com expetativa a sua candidatura espont\u00e2nea.\" \/>\n<meta name=\"robots\" content=\"index, follow, max-snippet:-1, max-image-preview:large, max-video-preview:-1\" \/>\n<link rel=\"canonical\" href=\"https:\/\/sha.de\/pt-pt\/carreira\/pedido-nao-solicitado\" \/>\n<meta property=\"og:locale\" content=\"pt_PT\" \/>\n<meta property=\"og:type\" content=\"article\" \/>\n<meta property=\"og:title\" content=\"Pedido n\u00e3o solicitado | SHA Scheffler Helbich Architekten GmbH\" \/>\n<meta property=\"og:description\" content=\"J\u00e1 deu uma vista de olhos \u00e0s nossas ofertas de emprego, mas infelizmente n\u00e3o encontrou a mais adequada para si? Aguardamos com expetativa a sua candidatura espont\u00e2nea.\" \/>\n<meta property=\"og:url\" content=\"https:\/\/sha.de\/pt-pt\/carreira\/pedido-nao-solicitado\" \/>\n<meta property=\"og:site_name\" content=\"SHA Scheffler Helbich Architekten GmbH\" \/>\n<meta property=\"article:modified_time\" content=\"2024-08-28T13:01:43+00:00\" \/>\n<meta name=\"twitter:card\" content=\"summary_large_image\" \/>\n<meta name=\"twitter:label1\" content=\"Tempo estimado de leitura\" \/>\n\t<meta name=\"twitter:data1\" content=\"5 minutos\" \/>\n<script type=\"application\/ld+json\" class=\"yoast-schema-graph\">{\"@context\":\"https:\\\/\\\/schema.org\",\"@graph\":[{\"@type\":\"WebPage\",\"@id\":\"https:\\\/\\\/sha.de\\\/pt-pt\\\/carreira\\\/pedido-nao-solicitado\",\"url\":\"https:\\\/\\\/sha.de\\\/pt-pt\\\/carreira\\\/pedido-nao-solicitado\",\"name\":\"Pedido n\u00e3o solicitado | SHA Scheffler Helbich Architekten GmbH\",\"isPartOf\":{\"@id\":\"https:\\\/\\\/sha.de\\\/pt-pt#website\"},\"datePublished\":\"2019-11-11T13:48:39+00:00\",\"dateModified\":\"2024-08-28T13:01:43+00:00\",\"description\":\"J\u00e1 deu uma vista de olhos \u00e0s nossas ofertas de emprego, mas infelizmente n\u00e3o encontrou a mais adequada para si? Aguardamos com expetativa a sua candidatura espont\u00e2nea.\",\"breadcrumb\":{\"@id\":\"https:\\\/\\\/sha.de\\\/pt-pt\\\/carreira\\\/pedido-nao-solicitado#breadcrumb\"},\"inLanguage\":\"pt-PT\",\"potentialAction\":[{\"@type\":\"ReadAction\",\"target\":[\"https:\\\/\\\/sha.de\\\/pt-pt\\\/carreira\\\/pedido-nao-solicitado\"]}]},{\"@type\":\"BreadcrumbList\",\"@id\":\"https:\\\/\\\/sha.de\\\/pt-pt\\\/carreira\\\/pedido-nao-solicitado#breadcrumb\",\"itemListElement\":[{\"@type\":\"ListItem\",\"position\":1,\"name\":\"Startseite\",\"item\":\"https:\\\/\\\/sha.de\\\/pt-pt\"},{\"@type\":\"ListItem\",\"position\":2,\"name\":\"Carreira\",\"item\":\"https:\\\/\\\/sha.de\\\/pt-pt\\\/carreira\"},{\"@type\":\"ListItem\",\"position\":3,\"name\":\"Pedido n\u00e3o solicitado\"}]},{\"@type\":\"WebSite\",\"@id\":\"https:\\\/\\\/sha.de\\\/pt-pt#website\",\"url\":\"https:\\\/\\\/sha.de\\\/pt-pt\",\"name\":\"SHA Scheffler Helbich Architekten GmbH\",\"description\":\"\",\"potentialAction\":[{\"@type\":\"SearchAction\",\"target\":{\"@type\":\"EntryPoint\",\"urlTemplate\":\"https:\\\/\\\/sha.de\\\/pt-pt?s={search_term_string}\"},\"query-input\":{\"@type\":\"PropertyValueSpecification\",\"valueRequired\":true,\"valueName\":\"search_term_string\"}}],\"inLanguage\":\"pt-PT\"}]}<\/script>\n<!-- \/ Yoast SEO plugin. -->","yoast_head_json":{"title":"Pedido n\u00e3o solicitado | SHA Scheffler Helbich Architekten GmbH","description":"J\u00e1 deu uma vista de olhos \u00e0s nossas ofertas de emprego, mas infelizmente n\u00e3o encontrou a mais adequada para si? Aguardamos com expetativa a sua candidatura espont\u00e2nea.","robots":{"index":"index","follow":"follow","max-snippet":"max-snippet:-1","max-image-preview":"max-image-preview:large","max-video-preview":"max-video-preview:-1"},"canonical":"https:\/\/sha.de\/pt-pt\/carreira\/pedido-nao-solicitado","og_locale":"pt_PT","og_type":"article","og_title":"Pedido n\u00e3o solicitado | SHA Scheffler Helbich Architekten GmbH","og_description":"J\u00e1 deu uma vista de olhos \u00e0s nossas ofertas de emprego, mas infelizmente n\u00e3o encontrou a mais adequada para si? Aguardamos com expetativa a sua candidatura espont\u00e2nea.","og_url":"https:\/\/sha.de\/pt-pt\/carreira\/pedido-nao-solicitado","og_site_name":"SHA Scheffler Helbich Architekten GmbH","article_modified_time":"2024-08-28T13:01:43+00:00","twitter_card":"summary_large_image","twitter_misc":{"Tempo estimado de leitura":"5 minutos"},"schema":{"@context":"https:\/\/schema.org","@graph":[{"@type":"WebPage","@id":"https:\/\/sha.de\/pt-pt\/carreira\/pedido-nao-solicitado","url":"https:\/\/sha.de\/pt-pt\/carreira\/pedido-nao-solicitado","name":"Pedido n\u00e3o solicitado | SHA Scheffler Helbich Architekten GmbH","isPartOf":{"@id":"https:\/\/sha.de\/pt-pt#website"},"datePublished":"2019-11-11T13:48:39+00:00","dateModified":"2024-08-28T13:01:43+00:00","description":"J\u00e1 deu uma vista de olhos \u00e0s nossas ofertas de emprego, mas infelizmente n\u00e3o encontrou a mais adequada para si? Aguardamos com expetativa a sua candidatura espont\u00e2nea.","breadcrumb":{"@id":"https:\/\/sha.de\/pt-pt\/carreira\/pedido-nao-solicitado#breadcrumb"},"inLanguage":"pt-PT","potentialAction":[{"@type":"ReadAction","target":["https:\/\/sha.de\/pt-pt\/carreira\/pedido-nao-solicitado"]}]},{"@type":"BreadcrumbList","@id":"https:\/\/sha.de\/pt-pt\/carreira\/pedido-nao-solicitado#breadcrumb","itemListElement":[{"@type":"ListItem","position":1,"name":"Startseite","item":"https:\/\/sha.de\/pt-pt"},{"@type":"ListItem","position":2,"name":"Carreira","item":"https:\/\/sha.de\/pt-pt\/carreira"},{"@type":"ListItem","position":3,"name":"Pedido n\u00e3o solicitado"}]},{"@type":"WebSite","@id":"https:\/\/sha.de\/pt-pt#website","url":"https:\/\/sha.de\/pt-pt","name":"SHA Scheffler Helbich Architekten GmbH","description":"","potentialAction":[{"@type":"SearchAction","target":{"@type":"EntryPoint","urlTemplate":"https:\/\/sha.de\/pt-pt?s={search_term_string}"},"query-input":{"@type":"PropertyValueSpecification","valueRequired":true,"valueName":"search_term_string"}}],"inLanguage":"pt-PT"}]}},"_links":{"self":[{"href":"https:\/\/sha.de\/pt-pt\/wp-json\/wp\/v2\/pages\/38541","targetHints":{"allow":["GET"]}}],"collection":[{"href":"https:\/\/sha.de\/pt-pt\/wp-json\/wp\/v2\/pages"}],"about":[{"href":"https:\/\/sha.de\/pt-pt\/wp-json\/wp\/v2\/types\/page"}],"author":[{"embeddable":true,"href":"https:\/\/sha.de\/pt-pt\/wp-json\/wp\/v2\/users\/1"}],"replies":[{"embeddable":true,"href":"https:\/\/sha.de\/pt-pt\/wp-json\/wp\/v2\/comments?post=38541"}],"version-history":[{"count":8,"href":"https:\/\/sha.de\/pt-pt\/wp-json\/wp\/v2\/pages\/38541\/revisions"}],"predecessor-version":[{"id":38580,"href":"https:\/\/sha.de\/pt-pt\/wp-json\/wp\/v2\/pages\/38541\/revisions\/38580"}],"up":[{"embeddable":true,"href":"https:\/\/sha.de\/pt-pt\/wp-json\/wp\/v2\/pages\/30046"}],"wp:attachment":[{"href":"https:\/\/sha.de\/pt-pt\/wp-json\/wp\/v2\/media?parent=38541"}],"curies":[{"name":"wp","href":"https:\/\/api.w.org\/{rel}","templated":true}]}}