{"id":38623,"date":"2020-01-13T07:54:21","date_gmt":"2020-01-13T06:54:21","guid":{"rendered":"https:\/\/sha.de\/servicos\/aconselhamento"},"modified":"2024-08-28T15:01:49","modified_gmt":"2024-08-28T13:01:49","slug":"aconselhamento","status":"publish","type":"page","link":"https:\/\/sha.de\/pt-pt\/servicos\/aconselhamento","title":{"rendered":"Aconselhamento"},"content":{"rendered":"<div id='av_section_1' class='avia-section main_color pt-default pb-default avia-no-border-styling avia-bg-style-scroll  avia-builder-el-0  el_before_av_section  avia-builder-el-first   container_wrap fullsize' style=' '  ><div class='container' ><main  role=\"main\" itemprop=\"mainContentOfPage\"  class='template-page content  av-content-full alpha units'><div class='post-entry post-entry-type-page post-entry-38623'><div class='entry-content-wrapper clearfix'>\n\n\t\t\t<div id=\"av-k55bagx6\" class=\"headline-column flex_column av_one_full flex_column_div first \">\n\t\t\t\t<div class=\"headline-wrap is-outside align-left sub-bottom\">\n\t\t\t\t\t<h1 class=\"headline-content headline-primary\">Aconselhamento<\/h1>\n\t\t\t\t\t<h3 class=\"headline-content headline-secondary\">O seu parceiro de A a Z<\/h3>\n\t\t\t\t<\/div>\n\t\t\t<\/div>\n<div class=\"flex_column av_two_third  flex_column_div av-zero-column-padding first bg-default  service img-left   avia-builder-el-2  el_after_pixel_sc_headline  el_before_av_one_third  w-1023-half \" style=\"background-image: url(https:\/\/sha.de\/wp-content\/uploads\/065-Moods-SHA-Dortmund-Juli-2021-web-2.jpg); background-position: center right; background-repeat: no-repeat; background-size: cover; \"><\/div><div class=\"flex_column av_one_third  flex_column_div av-zero-column-padding  bg-default border-bottom   img-left   avia-builder-el-3  el_after_av_two_third  avia-builder-el-last  w-1023-half \"><section  class='av_textblock_section av-k55baqys-76fd3ab987b8edeb983c11dbb0a25821 '   itemscope=\"itemscope\" itemtype=\"https:\/\/schema.org\/CreativeWork\" ><div class='avia_textblock'  itemprop=\"text\" ><h3>Consultoria antes do in\u00edcio do projeto<\/h3>\n<p>O planeamento de um projeto de constru\u00e7\u00e3o come\u00e7a muito antes de o arquiteto desenhar a primeira linha: Como especialista para todo o projeto, aconselhamos-lhe sobre todos os aspectos da constru\u00e7\u00e3o. Apoiamo-lo no desenvolvimento das condi\u00e7\u00f5es de enquadramento e das tarefas muito antes do in\u00edcio do planeamento. Trabalhamos consigo para lan\u00e7ar as bases de um projeto bem sucedido, aconselhando-o na fase inicial e ponderando as op\u00e7\u00f5es b\u00e1sicas de desenvolvimento: A nova utiliza\u00e7\u00e3o \u00e9 poss\u00edvel num edif\u00edcio existente, com ou sem transforma\u00e7\u00e3o? Precisa de um edif\u00edcio adicional ou novo? Como \u00e9 que se trata de um terreno adequado e que restri\u00e7\u00f5es impostas por leis, regulamentos e estatutos t\u00eam de ser respeitadas? Que decis\u00f5es s\u00e3o relevantes para os custos ou para o tempo de constru\u00e7\u00e3o?<\/p>\n<\/div><\/section><\/div>\n\n<\/div><\/div><\/main><!-- close content main element --><\/div><\/div><div id='av_section_2' class='avia-section main_color pt-default pb-default avia-no-border-styling avia-bg-style-scroll  avia-builder-el-5  el_after_av_section  el_before_av_section   container_wrap fullsize' style=' '  ><div class='container' ><div class='template-page content  av-content-full alpha units'><div class='post-entry post-entry-type-page post-entry-38623'><div class='entry-content-wrapper clearfix'>\n<div class=\"flex_column av_one_third  flex_column_div av-zero-column-padding first bg-default border-bottom   img-left   avia-builder-el-6  el_before_av_one_third  avia-builder-el-first  w-1023-half \"><section  class='av_textblock_section av-k55baqys-9-4c20cb2ab722c4c625da88e31e2a79a5 '   itemscope=\"itemscope\" itemtype=\"https:\/\/schema.org\/CreativeWork\" ><div class='avia_textblock'  itemprop=\"text\" ><h3>Avalia\u00e7\u00e3o das necessidades espec\u00edficas do sector<\/h3>\n<p>A constru\u00e7\u00e3o raramente \u00e9 um fim em si mesmo. Na maioria dos casos, a constru\u00e7\u00e3o \u00e9 o resultado da otimiza\u00e7\u00e3o dos processos. A t\u00f3nica \u00e9 sempre colocada na quest\u00e3o de saber quais as medidas que podem efetivamente apoiar ou simplificar os processos comerciais relevantes da empresa.  <\/p>\n<p>A compreens\u00e3o da carteira existente e o conhecimento das oportunidades de desenvolvimento s\u00e3o dois factores fundamentais para avaliar corretamente as necessidades de uma empresa. Aconselhamo-lo e apoiamo-lo na determina\u00e7\u00e3o dos seus requisitos com os nossos conhecimentos espec\u00edficos do sector.<\/p>\n<\/div><\/section><\/div><div class=\"flex_column av_one_third  flex_column_div av-zero-column-padding  bg-default  fill img-left   avia-builder-el-8  el_after_av_one_third  el_before_av_one_third  w-1023-half \" style=\"background-image: url(https:\/\/sha.de\/wp-content\/uploads\/060-Moods-SHA-Dortmund-Juli-2021-706x368.jpg); background-position: center center; background-repeat: no-repeat; background-size: cover; \"><\/div><div class=\"flex_column av_one_third  flex_column_div av-zero-column-padding  bg-default  fill img-left   avia-builder-el-9  el_after_av_one_third  avia-builder-el-last  w-1023-full w-1023-ml-off w-1023-ctm \" style=\"background-image: url(https:\/\/sha.de\/wp-content\/uploads\/Stadteingang-blau-706x564.jpg); background-position: center center; background-repeat: no-repeat; background-size: cover; \"><\/div><\/div><\/div><\/div><!-- close content main div --><\/div><\/div><div id='av_section_3' class='avia-section main_color pt-default pb-default avia-no-border-styling avia-bg-style-scroll  avia-builder-el-10  el_after_av_section  el_before_av_section   container_wrap fullsize' style=' '  ><div class='container' ><div class='template-page content  av-content-full alpha units'><div class='post-entry post-entry-type-page post-entry-38623'><div class='entry-content-wrapper clearfix'>\n<div class=\"flex_column av_one_third  flex_column_div av-zero-column-padding first bg-default  fill img-left   avia-builder-el-11  el_before_av_one_third  avia-builder-el-first  w-1023-half \" style=\"background-image: url(https:\/\/sha.de\/wp-content\/uploads\/massstab_srgb-F\u00fcllfoto-706x564.jpg); background-position: center center; background-repeat: no-repeat; background-size: cover; \"><\/div><div class=\"flex_column av_one_third  flex_column_div av-zero-column-padding  bg-default border-bottom   img-left   avia-builder-el-12  el_after_av_one_third  el_before_av_one_third  w-1023-half \"><section  class='av_textblock_section av-k55baqys-6-2201cada4e51a6b2c48b894346007508 '   itemscope=\"itemscope\" itemtype=\"https:\/\/schema.org\/CreativeWork\" ><div class='avia_textblock'  itemprop=\"text\" ><h3>Programa de salas e fun\u00e7\u00f5es:<br \/>\nElabora\u00e7\u00e3o de um organigrama<\/h3>\n<p>A raz\u00e3o para um projeto de constru\u00e7\u00e3o \u00e9 frequentemente uma reestrutura\u00e7\u00e3o espacial necess\u00e1ria e a reorganiza\u00e7\u00e3o das fun\u00e7\u00f5es existentes. Com base nas suas especifica\u00e7\u00f5es e na nossa an\u00e1lise, desenvolvemos para si programas de salas e funcionais coordenados que re\u00fanem as necessidades dos utilizadores de forma econ\u00f3mica e arquitet\u00f3nica.  <\/p>\n<p>Nesta altura, j\u00e1 lhe podemos fornecer uma primeira previs\u00e3o de custos aproximada, com base nos valores de metros quadrados dispon\u00edveis.<\/p>\n<\/div><\/section><\/div><div class=\"flex_column av_one_third  flex_column_div av-zero-column-padding  bg-default border-bottom   img-left   avia-builder-el-14  el_after_av_one_third  avia-builder-el-last  w-1023-full w-1023-ctm \"><section  class='av_textblock_section av-k55baqys-1-5559a95b6f073edc9fbdf2054bce7627 '   itemscope=\"itemscope\" itemtype=\"https:\/\/schema.org\/CreativeWork\" ><div class='avia_textblock'  itemprop=\"text\" ><h3>An\u00e1lise do patrim\u00f3nio:<br \/>\nFactores de localiza\u00e7\u00e3o e os genius loci<\/h3>\n<p>A escolha do local certo \u00e9 um dos factores de sucesso mais importantes do ponto de vista log\u00edstico e econ\u00f3mico. Na maioria dos casos, a disposi\u00e7\u00e3o, a orienta\u00e7\u00e3o e a liga\u00e7\u00e3o da propriedade s\u00e3o os factores externos que influenciam a estrutura posterior do edif\u00edcio. J\u00e1 \u00e9 necess\u00e1rio verificar se os processos internos do edif\u00edcio podem ser posicionados no terreno. Ao mesmo tempo, as condi\u00e7\u00f5es existentes no solo e nas \u00e1guas subterr\u00e2neas devem ser tidas em conta numa fase inicial, a fim de garantir a seguran\u00e7a dos custos e do calend\u00e1rio durante a fase de planeamento e de realiza\u00e7\u00e3o. Aconselhamo-lo e apoiamo-lo na sua procura de um local adequado.<\/p>\n<\/div><\/section><\/div>\n<\/p>\n<\/div><\/div><\/div><!-- close content main div --><\/div><\/div><div id='av_section_4' class='avia-section main_color pt-large pb-large avia-no-border-styling avia-bg-style-scroll  avia-builder-el-16  el_after_av_section  avia-builder-el-last   container_wrap fullsize' style=' '  ><div class='container' ><div class='template-page content  av-content-full alpha units'><div class='post-entry post-entry-type-page post-entry-38623'><div class='entry-content-wrapper clearfix'>\n\n\t\t\t<div id=\"av-k55bagx6-12\" class=\"headline-column flex_column av_one_full flex_column_div first \">\n\t\t\t\t<div class=\"headline-wrap is-outside align-center sub-bottom\">\n\t\t\t\t\t<h2 class=\"headline-content headline-primary\">Outros servi\u00e7os da nossa carteira<\/h2>\n\t\t\t\t\t<h3 class=\"headline-content headline-secondary\">A nossa gama completa de servi\u00e7os<\/h3>\n\t\t\t\t<\/div>\n\t\t\t<\/div>\n<ul class=\"icon-row leistungen \">\n\t<li class=\"icon-row__entry beratung\">\n\t\t<a class=\"icon-row__entry-link\" href=\"https:\/\/sha.de\/leistungen\/beratung\">\n\t\t\t<div class=\"icon-row__entry-image\">\n\t\t\t\t<div class=\"entry-image-svg\"><\/div>\n\t\t\t\t<!-- <div class=\"entry-image-hover\"><\/div> -->\n\t\t\t<\/div>\n\t\t\t<div class=\"icon-row__entry-text\">Aconselhamento<\/div>\n\t\t<\/a>\n\t<\/li>\n\t<li class=\"icon-row__entry konzept\">\n\t\t<a class=\"icon-row__entry-link\" href=\"https:\/\/sha.de\/leistungen\/analyse-und-konzept\">\n\t\t\t<div class=\"icon-row__entry-image\">\n\t\t\t\t<div class=\"entry-image-svg\"><\/div>\n\t\t\t\t<!-- <div class=\"entry-image-hover\"><\/div> -->\n\t\t\t<\/div>\n\t\t\t<div class=\"icon-row__entry-text\">An\u00e1lise e conceito<\/div>\n\t\t<\/a>\n\t<\/li>\n\t<li class=\"icon-row__entry planung\">\n\t\t<a class=\"icon-row__entry-link\" href=\"https:\/\/sha.de\/leistungen\/planung-und-koordination\">\n\t\t\t<div class=\"icon-row__entry-image\">\n\t\t\t\t<div class=\"entry-image-svg\"><\/div>\n\t\t\t\t<!-- <div class=\"entry-image-hover\"><\/div> -->\n\t\t\t<\/div>\n\t\t\t<div class=\"icon-row__entry-text\">Planeamento e coordena\u00e7\u00e3o<\/div>\n\t\t<\/a>\n\t<\/li>\n\t<li class=\"icon-row__entry realisierung\">\n\t\t<a class=\"icon-row__entry-link\" href=\"https:\/\/sha.de\/leistungen\/realisierung\">\n\t\t\t<div class=\"icon-row__entry-image\">\n\t\t\t\t<div class=\"entry-image-svg\"><\/div>\n\t\t\t\t<!-- <div class=\"entry-image-hover\"><\/div> -->\n\t\t\t<\/div>\n\t\t\t<div class=\"icon-row__entry-text\">Realiza\u00e7\u00e3o<\/div>\n\t\t<\/a>\n\t<\/li>\n\t<li class=\"icon-row__entry nachbetreuung\">\n\t\t<a class=\"icon-row__entry-link\" href=\"https:\/\/sha.de\/leistungen\/nachbetreuung\">\n\t\t\t<div class=\"icon-row__entry-image\">\n\t\t\t\t<div class=\"entry-image-svg\"><\/div>\n\t\t\t\t<!-- <div class=\"entry-image-hover\"><\/div> -->\n\t\t\t<\/div>\n\t\t\t<div class=\"icon-row__entry-text\">Cuidados posteriores<\/div>\n\t\t<\/a>\n\t<\/li>\n<\/ul>\n\n\n","protected":false},"excerpt":{"rendered":"","protected":false},"author":1,"featured_media":0,"parent":30194,"menu_order":1,"comment_status":"closed","ping_status":"closed","template":"","meta":{"_acf_changed":false,"content-type":"","footnotes":""},"class_list":["post-38623","page","type-page","status-publish","hentry"],"acf":[],"yoast_head":"<!-- This site is optimized with the Yoast SEO plugin v27.4 - https:\/\/yoast.com\/product\/yoast-seo-wordpress\/ -->\n<title>Consultoria abrangente em arquitetura | SHA Architekten<\/title>\n<meta name=\"description\" content=\"Desde o in\u00edcio do projeto at\u00e9 ao acompanhamento: a SHA oferece uma determina\u00e7\u00e3o espec\u00edfica do sector, um programa de espa\u00e7o detalhado e an\u00e1lises precisas da propriedade \u27a7 Contacte-nos agora\" \/>\n<meta name=\"robots\" content=\"index, follow, max-snippet:-1, max-image-preview:large, max-video-preview:-1\" \/>\n<link rel=\"canonical\" href=\"https:\/\/sha.de\/pt-pt\/servicos\/aconselhamento\" \/>\n<meta property=\"og:locale\" content=\"pt_PT\" \/>\n<meta property=\"og:type\" content=\"article\" \/>\n<meta property=\"og:title\" content=\"Consultoria abrangente em arquitetura | SHA Architekten\" \/>\n<meta property=\"og:description\" content=\"Desde o in\u00edcio do projeto at\u00e9 ao acompanhamento: a SHA oferece uma determina\u00e7\u00e3o espec\u00edfica do sector, um programa de espa\u00e7o detalhado e an\u00e1lises precisas da propriedade \u27a7 Contacte-nos agora\" \/>\n<meta property=\"og:url\" content=\"https:\/\/sha.de\/pt-pt\/servicos\/aconselhamento\" \/>\n<meta property=\"og:site_name\" content=\"SHA Scheffler Helbich Architekten GmbH\" \/>\n<meta property=\"article:modified_time\" content=\"2024-08-28T13:01:49+00:00\" \/>\n<meta name=\"twitter:card\" content=\"summary_large_image\" \/>\n<meta name=\"twitter:label1\" content=\"Tempo estimado de leitura\" \/>\n\t<meta name=\"twitter:data1\" content=\"11 minutos\" \/>\n<script type=\"application\/ld+json\" class=\"yoast-schema-graph\">{\"@context\":\"https:\\\/\\\/schema.org\",\"@graph\":[{\"@type\":\"WebPage\",\"@id\":\"https:\\\/\\\/sha.de\\\/pt-pt\\\/servicos\\\/aconselhamento\",\"url\":\"https:\\\/\\\/sha.de\\\/pt-pt\\\/servicos\\\/aconselhamento\",\"name\":\"Consultoria abrangente em arquitetura | SHA Architekten\",\"isPartOf\":{\"@id\":\"https:\\\/\\\/sha.de\\\/pt-pt#website\"},\"datePublished\":\"2020-01-13T06:54:21+00:00\",\"dateModified\":\"2024-08-28T13:01:49+00:00\",\"description\":\"Desde o in\u00edcio do projeto at\u00e9 ao acompanhamento: a SHA oferece uma determina\u00e7\u00e3o espec\u00edfica do sector, um programa de espa\u00e7o detalhado e an\u00e1lises precisas da propriedade \u27a7 Contacte-nos agora\",\"breadcrumb\":{\"@id\":\"https:\\\/\\\/sha.de\\\/pt-pt\\\/servicos\\\/aconselhamento#breadcrumb\"},\"inLanguage\":\"pt-PT\",\"potentialAction\":[{\"@type\":\"ReadAction\",\"target\":[\"https:\\\/\\\/sha.de\\\/pt-pt\\\/servicos\\\/aconselhamento\"]}]},{\"@type\":\"BreadcrumbList\",\"@id\":\"https:\\\/\\\/sha.de\\\/pt-pt\\\/servicos\\\/aconselhamento#breadcrumb\",\"itemListElement\":[{\"@type\":\"ListItem\",\"position\":1,\"name\":\"Startseite\",\"item\":\"https:\\\/\\\/sha.de\\\/pt-pt\"},{\"@type\":\"ListItem\",\"position\":2,\"name\":\"Servi\u00e7os\",\"item\":\"https:\\\/\\\/sha.de\\\/pt-pt\\\/servicos\"},{\"@type\":\"ListItem\",\"position\":3,\"name\":\"Aconselhamento\"}]},{\"@type\":\"WebSite\",\"@id\":\"https:\\\/\\\/sha.de\\\/pt-pt#website\",\"url\":\"https:\\\/\\\/sha.de\\\/pt-pt\",\"name\":\"SHA Scheffler Helbich Architekten GmbH\",\"description\":\"\",\"potentialAction\":[{\"@type\":\"SearchAction\",\"target\":{\"@type\":\"EntryPoint\",\"urlTemplate\":\"https:\\\/\\\/sha.de\\\/pt-pt?s={search_term_string}\"},\"query-input\":{\"@type\":\"PropertyValueSpecification\",\"valueRequired\":true,\"valueName\":\"search_term_string\"}}],\"inLanguage\":\"pt-PT\"}]}<\/script>\n<!-- \/ Yoast SEO plugin. -->","yoast_head_json":{"title":"Consultoria abrangente em arquitetura | SHA Architekten","description":"Desde o in\u00edcio do projeto at\u00e9 ao acompanhamento: a SHA oferece uma determina\u00e7\u00e3o espec\u00edfica do sector, um programa de espa\u00e7o detalhado e an\u00e1lises precisas da propriedade \u27a7 Contacte-nos agora","robots":{"index":"index","follow":"follow","max-snippet":"max-snippet:-1","max-image-preview":"max-image-preview:large","max-video-preview":"max-video-preview:-1"},"canonical":"https:\/\/sha.de\/pt-pt\/servicos\/aconselhamento","og_locale":"pt_PT","og_type":"article","og_title":"Consultoria abrangente em arquitetura | SHA Architekten","og_description":"Desde o in\u00edcio do projeto at\u00e9 ao acompanhamento: a SHA oferece uma determina\u00e7\u00e3o espec\u00edfica do sector, um programa de espa\u00e7o detalhado e an\u00e1lises precisas da propriedade \u27a7 Contacte-nos agora","og_url":"https:\/\/sha.de\/pt-pt\/servicos\/aconselhamento","og_site_name":"SHA Scheffler Helbich Architekten GmbH","article_modified_time":"2024-08-28T13:01:49+00:00","twitter_card":"summary_large_image","twitter_misc":{"Tempo estimado de leitura":"11 minutos"},"schema":{"@context":"https:\/\/schema.org","@graph":[{"@type":"WebPage","@id":"https:\/\/sha.de\/pt-pt\/servicos\/aconselhamento","url":"https:\/\/sha.de\/pt-pt\/servicos\/aconselhamento","name":"Consultoria abrangente em arquitetura | SHA Architekten","isPartOf":{"@id":"https:\/\/sha.de\/pt-pt#website"},"datePublished":"2020-01-13T06:54:21+00:00","dateModified":"2024-08-28T13:01:49+00:00","description":"Desde o in\u00edcio do projeto at\u00e9 ao acompanhamento: a SHA oferece uma determina\u00e7\u00e3o espec\u00edfica do sector, um programa de espa\u00e7o detalhado e an\u00e1lises precisas da propriedade \u27a7 Contacte-nos agora","breadcrumb":{"@id":"https:\/\/sha.de\/pt-pt\/servicos\/aconselhamento#breadcrumb"},"inLanguage":"pt-PT","potentialAction":[{"@type":"ReadAction","target":["https:\/\/sha.de\/pt-pt\/servicos\/aconselhamento"]}]},{"@type":"BreadcrumbList","@id":"https:\/\/sha.de\/pt-pt\/servicos\/aconselhamento#breadcrumb","itemListElement":[{"@type":"ListItem","position":1,"name":"Startseite","item":"https:\/\/sha.de\/pt-pt"},{"@type":"ListItem","position":2,"name":"Servi\u00e7os","item":"https:\/\/sha.de\/pt-pt\/servicos"},{"@type":"ListItem","position":3,"name":"Aconselhamento"}]},{"@type":"WebSite","@id":"https:\/\/sha.de\/pt-pt#website","url":"https:\/\/sha.de\/pt-pt","name":"SHA Scheffler Helbich Architekten GmbH","description":"","potentialAction":[{"@type":"SearchAction","target":{"@type":"EntryPoint","urlTemplate":"https:\/\/sha.de\/pt-pt?s={search_term_string}"},"query-input":{"@type":"PropertyValueSpecification","valueRequired":true,"valueName":"search_term_string"}}],"inLanguage":"pt-PT"}]}},"_links":{"self":[{"href":"https:\/\/sha.de\/pt-pt\/wp-json\/wp\/v2\/pages\/38623","targetHints":{"allow":["GET"]}}],"collection":[{"href":"https:\/\/sha.de\/pt-pt\/wp-json\/wp\/v2\/pages"}],"about":[{"href":"https:\/\/sha.de\/pt-pt\/wp-json\/wp\/v2\/types\/page"}],"author":[{"embeddable":true,"href":"https:\/\/sha.de\/pt-pt\/wp-json\/wp\/v2\/users\/1"}],"replies":[{"embeddable":true,"href":"https:\/\/sha.de\/pt-pt\/wp-json\/wp\/v2\/comments?post=38623"}],"version-history":[{"count":1,"href":"https:\/\/sha.de\/pt-pt\/wp-json\/wp\/v2\/pages\/38623\/revisions"}],"predecessor-version":[{"id":38628,"href":"https:\/\/sha.de\/pt-pt\/wp-json\/wp\/v2\/pages\/38623\/revisions\/38628"}],"up":[{"embeddable":true,"href":"https:\/\/sha.de\/pt-pt\/wp-json\/wp\/v2\/pages\/30194"}],"wp:attachment":[{"href":"https:\/\/sha.de\/pt-pt\/wp-json\/wp\/v2\/media?parent=38623"}],"curies":[{"name":"wp","href":"https:\/\/api.w.org\/{rel}","templated":true}]}}