{"id":38797,"date":"2020-01-08T13:57:58","date_gmt":"2020-01-08T12:57:58","guid":{"rendered":"https:\/\/sha.de\/carreira\/a-sha-como-empregador"},"modified":"2024-08-28T15:02:11","modified_gmt":"2024-08-28T13:02:11","slug":"a-sha-como-empregador","status":"publish","type":"page","link":"https:\/\/sha.de\/pt-pt\/carreira\/a-sha-como-empregador","title":{"rendered":"A SHA como empregador"},"content":{"rendered":"<div id='av_section_1' class='avia-section main_color pt-default pb-default avia-no-border-styling avia-bg-style-scroll  avia-builder-el-0  el_before_av_section  avia-builder-el-first   container_wrap fullsize' style=' '  ><div class='container' ><main  role=\"main\" itemprop=\"mainContentOfPage\"  class='template-page content  av-content-full alpha units'><div class='post-entry post-entry-type-page post-entry-38797'><div class='entry-content-wrapper clearfix'>\n\n\t\t\t<div id=\"av-k55bagx6\" class=\"headline-column flex_column av_one_full flex_column_div first \">\n\t\t\t\t<div class=\"headline-wrap is-outside align-left sub-bottom\">\n\t\t\t\t\t<h1 class=\"headline-content headline-primary\">O que lhe oferecemos<\/h1>\n\t\t\t\t\t<h3 class=\"headline-content headline-secondary\">A SHA como empregador<\/h3>\n\t\t\t\t<\/div>\n\t\t\t<\/div>\n<div class=\"flex_column av_one_third  flex_column_div av-zero-column-padding first bg-default border-bottom connected  img-left   avia-builder-el-2  el_after_pixel_sc_headline  el_before_av_one_third  w-1023-half \"><section  class='av_textblock_section av-k55baqys-574ab31680f910a237e7ede106711d9f '   itemscope=\"itemscope\" itemtype=\"https:\/\/schema.org\/CreativeWork\" ><div class='avia_textblock'  itemprop=\"text\" ><p>N\u00e3o somos apenas uma empresa familiar, tamb\u00e9m vivemos esta atitude. E dar aos nossos colegas um impulso em todas as situa\u00e7\u00f5es. Afinal, uma empresa \u00e9 t\u00e3o boa quanto os seus empregados, que dominam as pequenas e grandes tarefas quotidianas todos os dias. Criamos um ambiente em que se pode sentir confort\u00e1vel. O ambiente de trabalho correto surge ent\u00e3o por si s\u00f3.<\/p>\n<p>A SHA permite modelos de tempo de trabalho muito diferentes, consoante a sua situa\u00e7\u00e3o de vida. Quer sejam 40 ou 26 horas, quer seja uma semana de 4 dias ou um escrit\u00f3rio flex\u00edvel em casa: juntos encontraremos solu\u00e7\u00f5es para a sua e a nossa ideia de colabora\u00e7\u00e3o. O mesmo se aplica se a creche entrar em greve ou se o seu m\u00e9dico tiver um hor\u00e1rio de consulta limitado.<\/p>\n<\/div><\/section><\/div><div class=\"flex_column av_one_third  flex_column_div av-zero-column-padding  bg-default border-bottom   img-left   avia-builder-el-4  el_after_av_one_third  el_before_av_one_third  w-1023-half \"><section  class='av_textblock_section av-k55baqys-12-19bca22979aa7e5f2089d2cd2d783e2f '   itemscope=\"itemscope\" itemtype=\"https:\/\/schema.org\/CreativeWork\" ><div class='avia_textblock'  itemprop=\"text\" ><p>Se trabalha arduamente, deve receber algo em troca. As horas extraordin\u00e1rias exigidas s\u00e3o pagas de forma justa na SHA ou podem ser gozadas como folga, mediante acordo. Como gere os seus projectos? A transfer\u00eancia interna de conhecimentos \u00e9 muito importante para n\u00f3s.<\/p>\n<p>N\u00e3o damos palestras, mas entramos em di\u00e1logo uns com os outros. Tamb\u00e9m sobre erros. E sempre de forma construtiva e com uma atitude aberta e justa. O feedback regular e as entrevistas de avalia\u00e7\u00e3o ajudam cada indiv\u00edduo e a empresa a progredir. Temos hierarquias planas, responsabilidades claras e oferecemos boas oportunidades de carreira.<\/p>\n<\/div><\/section><\/div><div class=\"flex_column av_one_third  flex_column_div av-zero-column-padding  bg-grey   img-left   avia-builder-el-6  el_after_av_one_third  avia-builder-el-last  w-1023-full w-1023-ctm \"><div class=\"factlist-wrap  avia-builder-el-7  avia-builder-el-no-sibling \"><h4>Num <strong>relance<\/strong><\/h4><ul class=\"factlist\"><li class=\"factlist__entry av-1z1iu7\"><span class=\"\">Empresa familiar na sua quarta gera\u00e7\u00e3o<\/span><p class=\"factlist__entry-desc\"><\/p><\/li><li class=\"factlist__entry av-5u7drz\"><span class=\"\">Modelos de hor\u00e1rios de trabalho flex\u00edveis<\/span><p class=\"factlist__entry-desc\"><\/p><\/li><li class=\"factlist__entry av-dyp2n\"><span class=\"\">Cuidados de sa\u00fade no trabalho<\/span><p class=\"factlist__entry-desc\"><\/p><\/li><li class=\"factlist__entry av-2a5opb\"><span class=\"\">Locais de trabalho modernos num edif\u00edcio de escrit\u00f3rios inovador e sempre com o mais recente software de planeamento<\/span><p class=\"factlist__entry-desc\"><\/p><\/li><li class=\"factlist__entry av-2i0lvz\"><span class=\"\">pela FOCUS Business como <strong><a href=&quot;https:\/\/sha.de\/pt-pt\/aktuelles\/distinguido-sha-como-top-employer-for-medium-sized-companies-2020&quot;>&quot;Melhor empregador para m\u00e9dias empresas em 2020&quot;<\/a><\/strong> e <strong>2021<\/strong> distinguido<\/span><p class=\"factlist__entry-desc\"><\/p><\/li><li class=\"factlist__entry av-3wkqkv\"><span class=\"\">Distinguido com o pr\u00e9mio <strong><a href=&quot;https:\/\/sha.de\/pt-pt\/aktuelles\/a-sha-recebe-o-premio-total-e-quality-pela-igualdade-de-oportunidades&quot;>Pr\u00e9mio &quot;TOTAL E-QUALITY&quot; para a igualdade de oportunidades&quot;<\/a><\/strong><\/span><p class=\"factlist__entry-desc\"><\/p><\/li><li class=\"factlist__entry av-2wzg1b\"><span class=\"\">Membro da rede <strong><a href=&quot;https:\/\/sha.de\/pt-pt\/aktuelles\/a-sha-e-membro-da-rede-success-fator-family-familia-fator-de-sucesso&quot;>&quot;Fam\u00edlia fator de sucesso&quot;<\/a><\/strong><\/span><p class=\"factlist__entry-desc\"><\/p><\/li><\/ul><\/div><\/div><\/div><\/div><\/main><!-- close content main element --><\/div><\/div><div id='av_section_2' class='avia-section main_color pt-default pb-default avia-no-border-styling avia-bg-style-scroll  avia-builder-el-8  el_after_av_section  el_before_av_section   container_wrap fullsize' style=' '  ><div class='container' ><div class='template-page content  av-content-full alpha units'><div class='post-entry post-entry-type-page post-entry-38797'><div class='entry-content-wrapper clearfix'>\n<div class=\"flex_column av_one_third  flex_column_div av-zero-column-padding first bg-default connected fill img-left   avia-builder-el-9  el_before_av_one_third  avia-builder-el-first  w-1023-full \" style=\"background-image: url(https:\/\/sha.de\/wp-content\/uploads\/Firmenlauf_2019-4-1030x773.jpg); background-position: center center; background-repeat: no-repeat; background-size: cover; \"><\/div><div class=\"flex_column av_one_third  flex_column_div av-zero-column-padding  bg-default border-bottom connected  img-left   avia-builder-el-10  el_after_av_one_third  el_before_av_one_third  w-1023-half w-1023-ctm w-1023-reset w-1023-ml-off \"><section  class='av_textblock_section av-k55baqys-10-a2ecba450abd69539e4b0bf6b947d6cf '   itemscope=\"itemscope\" itemtype=\"https:\/\/schema.org\/CreativeWork\" ><div class='avia_textblock'  itemprop=\"text\" ><h3>Promo\u00e7\u00e3o da sa\u00fade na vida profissional quotidiana<\/h3>\n<p>Infelizmente, o movimento \u00e9 por vezes negligenciado na vida quotidiana do escrit\u00f3rio. Estamos a tomar medidas de combate e a fazer algo em mat\u00e9ria de preven\u00e7\u00e3o: com o nosso pr\u00f3prio grupo desportivo da empresa, que se re\u00fane semanalmente para correr, coordenar e fazer exerc\u00edcio f\u00edsico. Com esta\u00e7\u00f5es de trabalho flex\u00edveis e acess\u00f3rios ergon\u00f3micos para computadores. Ao participar nas corridas de empresas de Dortmund. Com a possibilidade de alugar uma bicicleta el\u00e9ctrica para o trajeto para o trabalho. Isso f\u00e1-lo suar? N\u00e3o h\u00e1 problema. Pode tomar um duche no Phoenixwerk.<\/p>\n<p>Se pratica desporto, precisa de material. E tamb\u00e9m a pessoa que trabalha nos planos do projeto atual. \u00c1gua e fruta fresca est\u00e3o dispon\u00edveis: Sirva-se!<\/p>\n<\/div><\/section><\/div><div class=\"flex_column av_one_third  flex_column_div av-zero-column-padding  bg-default border-bottom   img-left   avia-builder-el-12  el_after_av_one_third  avia-builder-el-last  w-1023-half w-1023-ctm w-1023-reset \"><p>\n<style type=\"text\/css\" data-created_by=\"avia_inline_auto\" id=\"style-css-av-27oy9b-2c68b9c521398cde06b76015e5a63e8f\">\n#top .hr.hr-invisible.av-27oy9b-2c68b9c521398cde06b76015e5a63e8f{\nheight:46px;\n}\n<\/style>\n<div  class='hr av-27oy9b-2c68b9c521398cde06b76015e5a63e8f hr-invisible  avia-builder-el-13  el_before_av_textblock  avia-builder-el-first '><span class='hr-inner '><span class=\"hr-inner-style\"><\/span><\/span><\/div><br \/>\n<section  class='av_textblock_section av-k55baqys-5-b022a28056e9df99715d9f85c6c8159e '   itemscope=\"itemscope\" itemtype=\"https:\/\/schema.org\/CreativeWork\" ><div class='avia_textblock'  itemprop=\"text\" ><p>Para n\u00f3s, estes cuidados b\u00e1sicos de sa\u00fade s\u00e3o uma quest\u00e3o natural. O mais tardar durante a pausa para o almo\u00e7o em comum, cada um \u00e9 respons\u00e1vel por si pr\u00f3prio: &#8220;Currywurst com tudo&#8221; ou salada? Somos tolerantes&#8230;<\/p>\n<p>Tamb\u00e9m refor\u00e7amos o sentido de comunidade com as tradicionais festas de Natal, divertidas festas de ver\u00e3o e excurs\u00f5es especiais para todos os funcion\u00e1rios. E, claro, nas competi\u00e7\u00f5es di\u00e1rias na mesa de matraquilhos.<\/p>\n<p>Em suma: uma for\u00e7a de trabalho satisfeita \u00e9 importante para a SHA.<\/p>\n<\/div><\/section><\/p><\/div>\n<\/p>\n<\/div><\/div><\/div><!-- close content main div --><\/div><\/div><div id='av_section_3' class='avia-section main_color pt-default pb-0 avia-no-border-styling avia-bg-style-scroll  avia-builder-el-15  el_after_av_section  el_before_av_hr   container_wrap fullsize' style=' '  ><div class='container' ><div class='template-page content  av-content-full alpha units'><div class='post-entry post-entry-type-page post-entry-38797'><div class='entry-content-wrapper clearfix'>\n<div class=\"flex_column av_one_fourth  flex_column_div av-zero-column-padding first bg-default   img-left   avia-builder-el-16  el_before_av_one_fourth  avia-builder-el-first  iframe-column \"><\/div><div class=\"flex_column av_one_fourth  flex_column_div av-zero-column-padding  bg-default   img-left   avia-builder-el-18  el_after_av_one_fourth  el_before_av_one_fourth  logo-column \"><div  class='avia-image-container  av-styling- av-hover-grow   avia-builder-el-19  avia-builder-el-no-sibling  avia-align-center'  itemprop=\"image\" itemscope=\"itemscope\" itemtype=\"https:\/\/schema.org\/ImageObject\"  ><div class='avia-image-container-inner'><div class='avia-image-overlay-wrap'><a href='https:\/\/sha.de\/pt-pt\/aktuelles\/a-sha-recebe-o-premio-total-e-quality-pela-igualdade-de-oportunidades' class='avia_image'  ><img class='avia_image ' src='https:\/\/sha.de\/wp-content\/uploads\/Total-E-Quality-2.jpg' alt='' title='Total E-Quality'  itemprop=\"thumbnailUrl\"  \/><\/a><\/div><\/div><\/div><\/div><div class=\"flex_column av_one_fourth  flex_column_div av-zero-column-padding  bg-default   img-left   avia-builder-el-20  el_after_av_one_fourth  el_before_av_one_fourth  logo-column \"><div  class='avia-image-container  av-styling- av-hover-grow   avia-builder-el-21  avia-builder-el-no-sibling  avia-align-center'  itemprop=\"image\" itemscope=\"itemscope\" itemtype=\"https:\/\/schema.org\/ImageObject\"  ><div class='avia-image-container-inner'><div class='avia-image-overlay-wrap'><a href='https:\/\/sha.de\/pt-pt\/aktuelles\/sha-families-company-dortmund' class='avia_image'  ><img class='avia_image ' src='https:\/\/sha.de\/wp-content\/uploads\/Famundo-2.jpg' alt='' title='Famundo'  itemprop=\"thumbnailUrl\"  \/><\/a><\/div><\/div><\/div><\/div><div class=\"flex_column av_one_fourth  flex_column_div av-zero-column-padding  bg-default   img-left   avia-builder-el-22  el_after_av_one_fourth  avia-builder-el-last  logo-column \"><div  class='avia-image-container  av-styling- av-hover-grow   avia-builder-el-23  avia-builder-el-no-sibling  avia-align-center'  itemprop=\"image\" itemscope=\"itemscope\" itemtype=\"https:\/\/schema.org\/ImageObject\"  ><div class='avia-image-container-inner'><div class='avia-image-overlay-wrap'><a href='https:\/\/sha.de\/pt-pt\/aktuelles\/a-sha-e-membro-da-rede-success-fator-family-familia-fator-de-sucesso' class='avia_image'  ><img class='avia_image ' src='https:\/\/sha.de\/wp-content\/uploads\/Erfolgsfaktor-Familie-1.jpg' alt='' title='Erfolgsfaktor Familie'  itemprop=\"thumbnailUrl\"  \/><\/a><\/div><\/div><\/div><\/div>\n<\/div><\/div><\/div><!-- close content main div --><\/div><\/div><div id='after_section_3' class='main_color av_default_container_wrap container_wrap fullsize' style=' '  ><div class='container' ><div class='template-page content  av-content-full alpha units'><div class='post-entry post-entry-type-page post-entry-38797'><div class='entry-content-wrapper clearfix'>\n<div  class='hr av-aqb9b-ef95ded3c80275504857b40f8d8c428f hr-default  avia-builder-el-24  el_after_av_section  el_before_av_section  avia-builder-el-no-sibling '><span class='hr-inner '><span class=\"hr-inner-style\"><\/span><\/span><\/div>\n<\/div><\/div><\/div><!-- close content main div --><\/div><\/div><div id='av_section_4' class='avia-section main_color pt-0 pb-default avia-no-border-styling avia-bg-style-scroll  avia-builder-el-25  el_after_av_hr  avia-builder-el-last   container_wrap fullsize' style=' '  ><div class='container' ><div class='template-page content  av-content-full alpha units'><div class='post-entry post-entry-type-page post-entry-38797'><div class='entry-content-wrapper clearfix'>\n<div class=\"flex_column av_one_third  flex_column_div av-zero-column-padding first bg-default  fill img-left   avia-builder-el-26  el_before_av_two_third  avia-builder-el-first  w-1023-hide \" style=\"background-image: url(https:\/\/sha.de\/wp-content\/uploads\/philosophie_langfristigkeit.jpg); background-position: center center; background-repeat: no-repeat; background-size: cover; \"><\/div><div class=\"flex_column av_two_third  flex_column_div av-zero-column-padding  bg-default   img-left   avia-builder-el-27  el_after_av_one_third  avia-builder-el-last  home-column-journal w-1023-full w-1023-ctm \"><section  class='av_textblock_section av-jtzqb1vo-5c1bd172d354b675e4023f23ce55b54c '   itemscope=\"itemscope\" itemtype=\"https:\/\/schema.org\/CreativeWork\" ><div class='avia_textblock h2-h1'  itemprop=\"text\" ><h2>O<br \/>\nJornal SHA<strong>.<\/strong><\/h2>\n<h3>Hist\u00f3rias de arquitetura<br \/>\ndo nosso trabalho quotidiano.<\/h3>\n<\/div><\/section><br \/>\n<div class='avia-button-wrap theme-fill avia-button-left  avia-builder-el-29  el_after_av_textblock  avia-builder-el-last  black align-bottom float'><a href='\/wp-content\/uploads\/SHAJournal_N01.pdf'  class='avia-button  color-ci-black hover-yellow  avia-icon_select-no avia-size-medium avia-position-left'   ><span class='avia_iconbox_title' >Veja agora<\/span><\/a><\/div><\/p><\/div>\n\n","protected":false},"excerpt":{"rendered":"","protected":false},"author":1,"featured_media":0,"parent":30046,"menu_order":0,"comment_status":"closed","ping_status":"closed","template":"","meta":{"_acf_changed":false,"content-type":"","footnotes":""},"class_list":["post-38797","page","type-page","status-publish","hentry"],"acf":[],"yoast_head":"<!-- This site is optimized with the Yoast SEO plugin v27.4 - https:\/\/yoast.com\/product\/yoast-seo-wordpress\/ -->\n<title>A SHA como empregador | SHA Scheffler Helbich Architekten GmbH<\/title>\n<meta name=\"description\" content=\"Fa\u00e7a parte da SHA! Beneficie de modelos de hor\u00e1rio de trabalho flex\u00edveis \u2713 cuidados de sa\u00fade ocupacional \u2713 locais de trabalho modernos e inovadores \u2713\" \/>\n<meta name=\"robots\" content=\"index, follow, max-snippet:-1, max-image-preview:large, max-video-preview:-1\" \/>\n<link rel=\"canonical\" href=\"https:\/\/sha.de\/pt-pt\/carreira\/a-sha-como-empregador\" \/>\n<meta property=\"og:locale\" content=\"pt_PT\" \/>\n<meta property=\"og:type\" content=\"article\" \/>\n<meta property=\"og:title\" content=\"A SHA como empregador | SHA Scheffler Helbich Architekten GmbH\" \/>\n<meta property=\"og:description\" content=\"Fa\u00e7a parte da SHA! Beneficie de modelos de hor\u00e1rio de trabalho flex\u00edveis \u2713 cuidados de sa\u00fade ocupacional \u2713 locais de trabalho modernos e inovadores \u2713\" \/>\n<meta property=\"og:url\" content=\"https:\/\/sha.de\/pt-pt\/carreira\/a-sha-como-empregador\" \/>\n<meta property=\"og:site_name\" content=\"SHA Scheffler Helbich Architekten GmbH\" \/>\n<meta property=\"article:modified_time\" content=\"2024-08-28T13:02:11+00:00\" \/>\n<meta property=\"og:image\" content=\"https:\/\/widgets.kununu.com\/widget_score_review_count_logo_big\/profiles\/b3ec87d5-a6cc-4da1-9bf0-0a6160bfdfac\" \/>\n<meta name=\"twitter:card\" content=\"summary_large_image\" \/>\n<meta name=\"twitter:label1\" content=\"Tempo estimado de leitura\" \/>\n\t<meta name=\"twitter:data1\" content=\"17 minutos\" \/>\n<script type=\"application\/ld+json\" class=\"yoast-schema-graph\">{\"@context\":\"https:\\\/\\\/schema.org\",\"@graph\":[{\"@type\":\"WebPage\",\"@id\":\"https:\\\/\\\/sha.de\\\/pt-pt\\\/carreira\\\/a-sha-como-empregador\",\"url\":\"https:\\\/\\\/sha.de\\\/pt-pt\\\/carreira\\\/a-sha-como-empregador\",\"name\":\"A SHA como empregador | SHA Scheffler Helbich Architekten GmbH\",\"isPartOf\":{\"@id\":\"https:\\\/\\\/sha.de\\\/pt-pt#website\"},\"primaryImageOfPage\":{\"@id\":\"https:\\\/\\\/sha.de\\\/pt-pt\\\/carreira\\\/a-sha-como-empregador#primaryimage\"},\"image\":{\"@id\":\"https:\\\/\\\/sha.de\\\/pt-pt\\\/carreira\\\/a-sha-como-empregador#primaryimage\"},\"thumbnailUrl\":\"https:\\\/\\\/widgets.kununu.com\\\/widget_score_review_count_logo_big\\\/profiles\\\/b3ec87d5-a6cc-4da1-9bf0-0a6160bfdfac\",\"datePublished\":\"2020-01-08T12:57:58+00:00\",\"dateModified\":\"2024-08-28T13:02:11+00:00\",\"description\":\"Fa\u00e7a parte da SHA! Beneficie de modelos de hor\u00e1rio de trabalho flex\u00edveis \u2713 cuidados de sa\u00fade ocupacional \u2713 locais de trabalho modernos e inovadores \u2713\",\"breadcrumb\":{\"@id\":\"https:\\\/\\\/sha.de\\\/pt-pt\\\/carreira\\\/a-sha-como-empregador#breadcrumb\"},\"inLanguage\":\"pt-PT\",\"potentialAction\":[{\"@type\":\"ReadAction\",\"target\":[\"https:\\\/\\\/sha.de\\\/pt-pt\\\/carreira\\\/a-sha-como-empregador\"]}]},{\"@type\":\"ImageObject\",\"inLanguage\":\"pt-PT\",\"@id\":\"https:\\\/\\\/sha.de\\\/pt-pt\\\/carreira\\\/a-sha-como-empregador#primaryimage\",\"url\":\"https:\\\/\\\/widgets.kununu.com\\\/widget_score_review_count_logo_big\\\/profiles\\\/b3ec87d5-a6cc-4da1-9bf0-0a6160bfdfac\",\"contentUrl\":\"https:\\\/\\\/widgets.kununu.com\\\/widget_score_review_count_logo_big\\\/profiles\\\/b3ec87d5-a6cc-4da1-9bf0-0a6160bfdfac\"},{\"@type\":\"BreadcrumbList\",\"@id\":\"https:\\\/\\\/sha.de\\\/pt-pt\\\/carreira\\\/a-sha-como-empregador#breadcrumb\",\"itemListElement\":[{\"@type\":\"ListItem\",\"position\":1,\"name\":\"Startseite\",\"item\":\"https:\\\/\\\/sha.de\\\/pt-pt\"},{\"@type\":\"ListItem\",\"position\":2,\"name\":\"Carreira\",\"item\":\"https:\\\/\\\/sha.de\\\/pt-pt\\\/carreira\"},{\"@type\":\"ListItem\",\"position\":3,\"name\":\"A SHA como empregador\"}]},{\"@type\":\"WebSite\",\"@id\":\"https:\\\/\\\/sha.de\\\/pt-pt#website\",\"url\":\"https:\\\/\\\/sha.de\\\/pt-pt\",\"name\":\"SHA Scheffler Helbich Architekten GmbH\",\"description\":\"\",\"potentialAction\":[{\"@type\":\"SearchAction\",\"target\":{\"@type\":\"EntryPoint\",\"urlTemplate\":\"https:\\\/\\\/sha.de\\\/pt-pt?s={search_term_string}\"},\"query-input\":{\"@type\":\"PropertyValueSpecification\",\"valueRequired\":true,\"valueName\":\"search_term_string\"}}],\"inLanguage\":\"pt-PT\"}]}<\/script>\n<!-- \/ Yoast SEO plugin. -->","yoast_head_json":{"title":"A SHA como empregador | SHA Scheffler Helbich Architekten GmbH","description":"Fa\u00e7a parte da SHA! Beneficie de modelos de hor\u00e1rio de trabalho flex\u00edveis \u2713 cuidados de sa\u00fade ocupacional \u2713 locais de trabalho modernos e inovadores \u2713","robots":{"index":"index","follow":"follow","max-snippet":"max-snippet:-1","max-image-preview":"max-image-preview:large","max-video-preview":"max-video-preview:-1"},"canonical":"https:\/\/sha.de\/pt-pt\/carreira\/a-sha-como-empregador","og_locale":"pt_PT","og_type":"article","og_title":"A SHA como empregador | SHA Scheffler Helbich Architekten GmbH","og_description":"Fa\u00e7a parte da SHA! Beneficie de modelos de hor\u00e1rio de trabalho flex\u00edveis \u2713 cuidados de sa\u00fade ocupacional \u2713 locais de trabalho modernos e inovadores \u2713","og_url":"https:\/\/sha.de\/pt-pt\/carreira\/a-sha-como-empregador","og_site_name":"SHA Scheffler Helbich Architekten GmbH","article_modified_time":"2024-08-28T13:02:11+00:00","og_image":[{"url":"https:\/\/widgets.kununu.com\/widget_score_review_count_logo_big\/profiles\/b3ec87d5-a6cc-4da1-9bf0-0a6160bfdfac","type":"","width":"","height":""}],"twitter_card":"summary_large_image","twitter_misc":{"Tempo estimado de leitura":"17 minutos"},"schema":{"@context":"https:\/\/schema.org","@graph":[{"@type":"WebPage","@id":"https:\/\/sha.de\/pt-pt\/carreira\/a-sha-como-empregador","url":"https:\/\/sha.de\/pt-pt\/carreira\/a-sha-como-empregador","name":"A SHA como empregador | SHA Scheffler Helbich Architekten GmbH","isPartOf":{"@id":"https:\/\/sha.de\/pt-pt#website"},"primaryImageOfPage":{"@id":"https:\/\/sha.de\/pt-pt\/carreira\/a-sha-como-empregador#primaryimage"},"image":{"@id":"https:\/\/sha.de\/pt-pt\/carreira\/a-sha-como-empregador#primaryimage"},"thumbnailUrl":"https:\/\/widgets.kununu.com\/widget_score_review_count_logo_big\/profiles\/b3ec87d5-a6cc-4da1-9bf0-0a6160bfdfac","datePublished":"2020-01-08T12:57:58+00:00","dateModified":"2024-08-28T13:02:11+00:00","description":"Fa\u00e7a parte da SHA! Beneficie de modelos de hor\u00e1rio de trabalho flex\u00edveis \u2713 cuidados de sa\u00fade ocupacional \u2713 locais de trabalho modernos e inovadores \u2713","breadcrumb":{"@id":"https:\/\/sha.de\/pt-pt\/carreira\/a-sha-como-empregador#breadcrumb"},"inLanguage":"pt-PT","potentialAction":[{"@type":"ReadAction","target":["https:\/\/sha.de\/pt-pt\/carreira\/a-sha-como-empregador"]}]},{"@type":"ImageObject","inLanguage":"pt-PT","@id":"https:\/\/sha.de\/pt-pt\/carreira\/a-sha-como-empregador#primaryimage","url":"https:\/\/widgets.kununu.com\/widget_score_review_count_logo_big\/profiles\/b3ec87d5-a6cc-4da1-9bf0-0a6160bfdfac","contentUrl":"https:\/\/widgets.kununu.com\/widget_score_review_count_logo_big\/profiles\/b3ec87d5-a6cc-4da1-9bf0-0a6160bfdfac"},{"@type":"BreadcrumbList","@id":"https:\/\/sha.de\/pt-pt\/carreira\/a-sha-como-empregador#breadcrumb","itemListElement":[{"@type":"ListItem","position":1,"name":"Startseite","item":"https:\/\/sha.de\/pt-pt"},{"@type":"ListItem","position":2,"name":"Carreira","item":"https:\/\/sha.de\/pt-pt\/carreira"},{"@type":"ListItem","position":3,"name":"A SHA como empregador"}]},{"@type":"WebSite","@id":"https:\/\/sha.de\/pt-pt#website","url":"https:\/\/sha.de\/pt-pt","name":"SHA Scheffler Helbich Architekten GmbH","description":"","potentialAction":[{"@type":"SearchAction","target":{"@type":"EntryPoint","urlTemplate":"https:\/\/sha.de\/pt-pt?s={search_term_string}"},"query-input":{"@type":"PropertyValueSpecification","valueRequired":true,"valueName":"search_term_string"}}],"inLanguage":"pt-PT"}]}},"_links":{"self":[{"href":"https:\/\/sha.de\/pt-pt\/wp-json\/wp\/v2\/pages\/38797","targetHints":{"allow":["GET"]}}],"collection":[{"href":"https:\/\/sha.de\/pt-pt\/wp-json\/wp\/v2\/pages"}],"about":[{"href":"https:\/\/sha.de\/pt-pt\/wp-json\/wp\/v2\/types\/page"}],"author":[{"embeddable":true,"href":"https:\/\/sha.de\/pt-pt\/wp-json\/wp\/v2\/users\/1"}],"replies":[{"embeddable":true,"href":"https:\/\/sha.de\/pt-pt\/wp-json\/wp\/v2\/comments?post=38797"}],"version-history":[{"count":1,"href":"https:\/\/sha.de\/pt-pt\/wp-json\/wp\/v2\/pages\/38797\/revisions"}],"predecessor-version":[{"id":38802,"href":"https:\/\/sha.de\/pt-pt\/wp-json\/wp\/v2\/pages\/38797\/revisions\/38802"}],"up":[{"embeddable":true,"href":"https:\/\/sha.de\/pt-pt\/wp-json\/wp\/v2\/pages\/30046"}],"wp:attachment":[{"href":"https:\/\/sha.de\/pt-pt\/wp-json\/wp\/v2\/media?parent=38797"}],"curies":[{"name":"wp","href":"https:\/\/api.w.org\/{rel}","templated":true}]}}