{"id":39232,"date":"2020-01-13T08:15:56","date_gmt":"2020-01-13T07:15:56","guid":{"rendered":"https:\/\/sha.de\/servicos\/realizacao"},"modified":"2024-08-28T15:04:01","modified_gmt":"2024-08-28T13:04:01","slug":"realizacao","status":"publish","type":"page","link":"https:\/\/sha.de\/pt-pt\/servicos\/realizacao","title":{"rendered":"Realiza\u00e7\u00e3o"},"content":{"rendered":"<div id='av_section_1' class='avia-section main_color pt-default pb-default avia-no-border-styling avia-bg-style-scroll  avia-builder-el-0  el_before_av_section  avia-builder-el-first   container_wrap fullsize' style=' '  ><div class='container' ><main  role=\"main\" itemprop=\"mainContentOfPage\"  class='template-page content  av-content-full alpha units'><div class='post-entry post-entry-type-page post-entry-39232'><div class='entry-content-wrapper clearfix'>\n\n\t\t\t<div id=\"av-k55bagx6\" class=\"headline-column flex_column av_one_full flex_column_div first \">\n\t\t\t\t<div class=\"headline-wrap is-outside align-left sub-bottom\">\n\t\t\t\t\t<h1 class=\"headline-content headline-primary\">Realiza\u00e7\u00e3o<\/h1>\n\t\t\t\t\t<h3 class=\"headline-content headline-secondary\">O seu parceiro de A a Z<\/h3>\n\t\t\t\t<\/div>\n\t\t\t<\/div>\n<div class=\"flex_column av_two_third  flex_column_div av-zero-column-padding first bg-default  service img-left   avia-builder-el-2  el_after_pixel_sc_headline  el_before_av_one_third  w-1023-half \" style=\"background-image: url(https:\/\/sha.de\/wp-content\/uploads\/sport-2.jpg); background-position: center center; background-repeat: no-repeat; background-size: cover; \"><\/div><div class=\"flex_column av_one_third  flex_column_div av-zero-column-padding  bg-default border-bottom   img-left   avia-builder-el-3  el_after_av_two_third  avia-builder-el-last  w-1023-half \"><section  class='av_textblock_section av-k55baqys-574ab31680f910a237e7ede106711d9f '   itemscope=\"itemscope\" itemtype=\"https:\/\/schema.org\/CreativeWork\" ><div class='avia_textblock'  itemprop=\"text\" ><h3>Fase de desempenho 6:<br \/>\nPrepara\u00e7\u00e3o de cadernos de encargos e concursos<\/h3>\n<p>Descrevemos os servi\u00e7os dos profissionais em etapas de trabalho individuais e preparamos especifica\u00e7\u00f5es de servi\u00e7o que listam os componentes e o seu processamento em pormenor. Nesta base, obtemos ofertas compar\u00e1veis.<\/p>\n<p>Em fun\u00e7\u00e3o dos desejos do cliente e do projeto de constru\u00e7\u00e3o, propomos os servi\u00e7os em regime &#8220;chave na m\u00e3o&#8221; ou por of\u00edcio. Isto oferece a vantagem de o cliente poder optar por ter tudo de uma \u00fanica fonte ou de comerciantes individuais.<\/p>\n<\/div><\/section><\/div>\n\n<\/div><\/div><\/main><!-- close content main element --><\/div><\/div><div id='av_section_2' class='avia-section main_color pt-default pb-default avia-no-border-styling avia-bg-style-scroll  avia-builder-el-5  el_after_av_section  el_before_av_section   container_wrap fullsize' style=' '  ><div class='container' ><div class='template-page content  av-content-full alpha units'><div class='post-entry post-entry-type-page post-entry-39232'><div class='entry-content-wrapper clearfix'>\n<div class=\"flex_column av_one_third  flex_column_div av-zero-column-padding first bg-default border-bottom   img-left   avia-builder-el-6  el_before_av_one_third  avia-builder-el-first  w-1023-half \"><section  class='av_textblock_section av-k55baqys-10-a2ecba450abd69539e4b0bf6b947d6cf '   itemscope=\"itemscope\" itemtype=\"https:\/\/schema.org\/CreativeWork\" ><div class='avia_textblock'  itemprop=\"text\" ><h3>Fase de desempenho 7:<br \/>\nAvalia\u00e7\u00e3o das propostas e adjudica\u00e7\u00e3o dos contratos<\/h3>\n<p>Uma vez devolvidas as ofertas, comparamos os pre\u00e7os individuais e totais em compara\u00e7\u00f5es de pre\u00e7os claras. Em seguida, examinamos cuidadosamente as propostas para verificar a sua plausibilidade antes de realizar discuss\u00f5es de adjudica\u00e7\u00e3o do contrato com os proponentes, a fim de esclarecer quaisquer discrep\u00e2ncias antes da adjudica\u00e7\u00e3o do contrato e de negociar os termos finais.<\/p>\n<p>Uma vez tomadas as decis\u00f5es a favor das empresas individuais, preparamos as encomendas e asseguramos uma base contratual fi\u00e1vel.<\/p>\n<\/div><\/section><\/div><div class=\"flex_column av_one_third  flex_column_div av-zero-column-padding  bg-default  fill img-left   avia-builder-el-8  el_after_av_one_third  el_before_av_one_third  w-1023-half \" style=\"background-image: url(https:\/\/sha.de\/wp-content\/uploads\/PHOENIXWERK_Spatenstich_Helme_Hochofen.jpg); background-position: center center; background-repeat: no-repeat; background-size: cover; \"><\/div><div class=\"flex_column av_one_third  flex_column_div av-zero-column-padding  bg-default border-bottom   img-left   avia-builder-el-9  el_after_av_one_third  avia-builder-el-last  w-1023-full w-1023-ctm \"><section  class='av_textblock_section av-k55baqys-7-5c812e72bc59216d670cbd5a8ca57c30 '   itemscope=\"itemscope\" itemtype=\"https:\/\/schema.org\/CreativeWork\" ><div class='avia_textblock'  itemprop=\"text\" ><h3>Fases de trabalho 8-9:<br \/>\nControlo da constru\u00e7\u00e3o durante a realiza\u00e7\u00e3o<\/h3>\n<p>Para obter uma seguran\u00e7a \u00f3ptima em termos de custos, prazos e qualidade arquitet\u00f3nica, consideramo-nos como o representante do cliente no local da constru\u00e7\u00e3o. Como uma equipa experiente que j\u00e1 planeou o seu projeto, tamb\u00e9m supervisionamos a sua realiza\u00e7\u00e3o. Durante todo o per\u00edodo de constru\u00e7\u00e3o, os projectos s\u00e3o supervisionados por gestores de obra experientes em toda a Alemanha. A coordena\u00e7\u00e3o e o controlo das empresas especializadas envolvidas na constru\u00e7\u00e3o s\u00e3o o foco principal do nosso trabalho.  <\/p>\n<p>Para al\u00e9m de garantir a qualidade t\u00e9cnica e arquitet\u00f3nica, este controlo garante-lhe uma seguran\u00e7a e uma transpar\u00eancia \u00f3ptimas dos custos e do calend\u00e1rio de constru\u00e7\u00e3o em qualquer momento.<\/p>\n<\/div><\/section><\/div>\n\n<\/div><\/div><\/div><!-- close content main div --><\/div><\/div><div id='av_section_3' class='avia-section main_color pt-default pb-default avia-no-border-styling avia-bg-style-scroll  avia-builder-el-11  el_after_av_section  el_before_av_section   container_wrap fullsize' style=' '  ><div class='container' ><div class='template-page content  av-content-full alpha units'><div class='post-entry post-entry-type-page post-entry-39232'><div class='entry-content-wrapper clearfix'>\n<div class=\"flex_column av_one_third  flex_column_div av-zero-column-padding first bg-default  fill img-left   avia-builder-el-12  el_before_av_one_third  avia-builder-el-first  w-1023-full \" style=\"background-image: url(https:\/\/sha.de\/wp-content\/uploads\/Leistungen_R\u00fcckschau.jpg); background-position: center center; background-repeat: no-repeat; background-size: cover; \"><\/div><div class=\"flex_column av_one_third  flex_column_div av-zero-column-padding  bg-default border-bottom   img-left   avia-builder-el-13  el_after_av_one_third  el_before_av_one_third  w-1023-half w-1023-ml-off w-1023-ctm \"><section  class='av_textblock_section av-k55baqys-4-e26b4d661f97a866b660d1aaff0a150f '   itemscope=\"itemscope\" itemtype=\"https:\/\/schema.org\/CreativeWork\" ><div class='avia_textblock'  itemprop=\"text\" ><h3>Controlo dos custos e do calend\u00e1rio<\/h3>\n<p>Preparamos sempre previs\u00f5es actualizadas de custos e prazos durante o planeamento e a constru\u00e7\u00e3o. A exatid\u00e3o destes n\u00fameros evolui com o planeamento. As estimativas iniciais de custos continuam a basear-se em \u00edndices de custos por metro quadrado de \u00e1rea bruta ou por metro c\u00fabico de volume bruto. Um c\u00e1lculo de custos com base em componentes ou servi\u00e7os parciais de cada uma das profiss\u00f5es fornece ent\u00e3o valores mais precisos.<\/p>\n<p>Na estimativa de custos, resumimos os resultados dos or\u00e7amentos dos profissionais e, na avalia\u00e7\u00e3o de custos, os valores das suas facturas finais.<\/p>\n<\/div><\/section><\/div><div class=\"flex_column av_one_third  flex_column_div av-zero-column-padding  bg-default border-bottom   img-left   avia-builder-el-15  el_after_av_one_third  avia-builder-el-last  w-1023-half w-1023-ctm \"><section  class='av_textblock_section av-k55baqys-1-5559a95b6f073edc9fbdf2054bce7627 '   itemscope=\"itemscope\" itemtype=\"https:\/\/schema.org\/CreativeWork\" ><div class='avia_textblock'  itemprop=\"text\" ><p>Todos os valores dispon\u00edveis s\u00e3o claramente apresentados nos nossos quadros de controlo de custos. Isto d\u00e1-nos uma boa ferramenta para o controlo dos custos e permite-nos reagir atempadamente se, por exemplo, o quadro de custos inicialmente acordado mudar devido a pedidos de altera\u00e7\u00e3o. O mesmo se aplica ao cumprimento dos prazos. Tamb\u00e9m aqui, os prazos s\u00e3o tidos em conta durante todo o per\u00edodo de planeamento e desenvolvidos em calend\u00e1rios coerentes.<\/p>\n<p>E aqui, tamb\u00e9m, tem sempre uma vis\u00e3o precisa sobre se tudo est\u00e1 a evoluir como combinado.<\/p>\n<\/div><\/section><\/div>\n\n<\/div><\/div><\/div><!-- close content main div --><\/div><\/div><div id='av_section_4' class='avia-section main_color pt-large pb-large avia-no-border-styling avia-bg-style-scroll  avia-builder-el-17  el_after_av_section  avia-builder-el-last   container_wrap fullsize' style=' '  ><div class='container' ><div class='template-page content  av-content-full alpha units'><div class='post-entry post-entry-type-page post-entry-39232'><div class='entry-content-wrapper clearfix'>\n\n\t\t\t<div id=\"av-k55bagx6-13\" class=\"headline-column flex_column av_one_full flex_column_div first \">\n\t\t\t\t<div class=\"headline-wrap is-outside align-center sub-bottom\">\n\t\t\t\t\t<h2 class=\"headline-content headline-primary\">Outros servi\u00e7os da nossa carteira<\/h2>\n\t\t\t\t\t<h3 class=\"headline-content headline-secondary\">A nossa gama completa de servi\u00e7os<\/h3>\n\t\t\t\t<\/div>\n\t\t\t<\/div>\n<ul class=\"icon-row leistungen \">\n\t<li class=\"icon-row__entry beratung\">\n\t\t<a class=\"icon-row__entry-link\" href=\"https:\/\/sha.de\/leistungen\/beratung\">\n\t\t\t<div class=\"icon-row__entry-image\">\n\t\t\t\t<div class=\"entry-image-svg\"><\/div>\n\t\t\t\t<!-- <div class=\"entry-image-hover\"><\/div> -->\n\t\t\t<\/div>\n\t\t\t<div class=\"icon-row__entry-text\">Aconselhamento<\/div>\n\t\t<\/a>\n\t<\/li>\n\t<li class=\"icon-row__entry konzept\">\n\t\t<a class=\"icon-row__entry-link\" href=\"https:\/\/sha.de\/leistungen\/analyse-und-konzept\">\n\t\t\t<div class=\"icon-row__entry-image\">\n\t\t\t\t<div class=\"entry-image-svg\"><\/div>\n\t\t\t\t<!-- <div class=\"entry-image-hover\"><\/div> -->\n\t\t\t<\/div>\n\t\t\t<div class=\"icon-row__entry-text\">An\u00e1lise e conceito<\/div>\n\t\t<\/a>\n\t<\/li>\n\t<li class=\"icon-row__entry planung\">\n\t\t<a class=\"icon-row__entry-link\" href=\"https:\/\/sha.de\/leistungen\/planung-und-koordination\">\n\t\t\t<div class=\"icon-row__entry-image\">\n\t\t\t\t<div class=\"entry-image-svg\"><\/div>\n\t\t\t\t<!-- <div class=\"entry-image-hover\"><\/div> -->\n\t\t\t<\/div>\n\t\t\t<div class=\"icon-row__entry-text\">Planeamento e coordena\u00e7\u00e3o<\/div>\n\t\t<\/a>\n\t<\/li>\n\t<li class=\"icon-row__entry realisierung\">\n\t\t<a class=\"icon-row__entry-link\" href=\"https:\/\/sha.de\/leistungen\/realisierung\">\n\t\t\t<div class=\"icon-row__entry-image\">\n\t\t\t\t<div class=\"entry-image-svg\"><\/div>\n\t\t\t\t<!-- <div class=\"entry-image-hover\"><\/div> -->\n\t\t\t<\/div>\n\t\t\t<div class=\"icon-row__entry-text\">Realiza\u00e7\u00e3o<\/div>\n\t\t<\/a>\n\t<\/li>\n\t<li class=\"icon-row__entry nachbetreuung\">\n\t\t<a class=\"icon-row__entry-link\" href=\"https:\/\/sha.de\/leistungen\/nachbetreuung\">\n\t\t\t<div class=\"icon-row__entry-image\">\n\t\t\t\t<div class=\"entry-image-svg\"><\/div>\n\t\t\t\t<!-- <div class=\"entry-image-hover\"><\/div> -->\n\t\t\t<\/div>\n\t\t\t<div class=\"icon-row__entry-text\">Cuidados posteriores<\/div>\n\t\t<\/a>\n\t<\/li>\n<\/ul>\n\n\n","protected":false},"excerpt":{"rendered":"","protected":false},"author":1,"featured_media":0,"parent":30194,"menu_order":4,"comment_status":"closed","ping_status":"closed","template":"","meta":{"_acf_changed":false,"content-type":"","footnotes":""},"class_list":["post-39232","page","type-page","status-publish","hentry"],"acf":[],"yoast_head":"<!-- This site is optimized with the Yoast SEO plugin v27.4 - https:\/\/yoast.com\/product\/yoast-seo-wordpress\/ -->\n<title>Supervis\u00e3o da constru\u00e7\u00e3o e controlo de custos | SHA Architekten<\/title>\n<meta name=\"description\" content=\"Supervis\u00e3o abrangente da constru\u00e7\u00e3o durante a realiza\u00e7\u00e3o, combinada com o controlo dos custos e do calend\u00e1rio. Apoio desde o caderno de encargos at\u00e9 \u00e0 avalia\u00e7\u00e3o das propostas.\" \/>\n<meta name=\"robots\" content=\"index, follow, max-snippet:-1, max-image-preview:large, max-video-preview:-1\" \/>\n<link rel=\"canonical\" href=\"https:\/\/sha.de\/pt-pt\/servicos\/realizacao\" \/>\n<meta property=\"og:locale\" content=\"pt_PT\" \/>\n<meta property=\"og:type\" content=\"article\" \/>\n<meta property=\"og:title\" content=\"Supervis\u00e3o da constru\u00e7\u00e3o e controlo de custos | SHA Architekten\" \/>\n<meta property=\"og:description\" content=\"Supervis\u00e3o abrangente da constru\u00e7\u00e3o durante a realiza\u00e7\u00e3o, combinada com o controlo dos custos e do calend\u00e1rio. Apoio desde o caderno de encargos at\u00e9 \u00e0 avalia\u00e7\u00e3o das propostas.\" \/>\n<meta property=\"og:url\" content=\"https:\/\/sha.de\/pt-pt\/servicos\/realizacao\" \/>\n<meta property=\"og:site_name\" content=\"SHA Scheffler Helbich Architekten GmbH\" \/>\n<meta property=\"article:modified_time\" content=\"2024-08-28T13:04:01+00:00\" \/>\n<meta name=\"twitter:card\" content=\"summary_large_image\" \/>\n<meta name=\"twitter:label1\" content=\"Tempo estimado de leitura\" \/>\n\t<meta name=\"twitter:data1\" content=\"12 minutos\" \/>\n<script type=\"application\/ld+json\" class=\"yoast-schema-graph\">{\"@context\":\"https:\\\/\\\/schema.org\",\"@graph\":[{\"@type\":\"WebPage\",\"@id\":\"https:\\\/\\\/sha.de\\\/pt-pt\\\/servicos\\\/realizacao\",\"url\":\"https:\\\/\\\/sha.de\\\/pt-pt\\\/servicos\\\/realizacao\",\"name\":\"Supervis\u00e3o da constru\u00e7\u00e3o e controlo de custos | SHA Architekten\",\"isPartOf\":{\"@id\":\"https:\\\/\\\/sha.de\\\/pt-pt#website\"},\"datePublished\":\"2020-01-13T07:15:56+00:00\",\"dateModified\":\"2024-08-28T13:04:01+00:00\",\"description\":\"Supervis\u00e3o abrangente da constru\u00e7\u00e3o durante a realiza\u00e7\u00e3o, combinada com o controlo dos custos e do calend\u00e1rio. Apoio desde o caderno de encargos at\u00e9 \u00e0 avalia\u00e7\u00e3o das propostas.\",\"breadcrumb\":{\"@id\":\"https:\\\/\\\/sha.de\\\/pt-pt\\\/servicos\\\/realizacao#breadcrumb\"},\"inLanguage\":\"pt-PT\",\"potentialAction\":[{\"@type\":\"ReadAction\",\"target\":[\"https:\\\/\\\/sha.de\\\/pt-pt\\\/servicos\\\/realizacao\"]}]},{\"@type\":\"BreadcrumbList\",\"@id\":\"https:\\\/\\\/sha.de\\\/pt-pt\\\/servicos\\\/realizacao#breadcrumb\",\"itemListElement\":[{\"@type\":\"ListItem\",\"position\":1,\"name\":\"Startseite\",\"item\":\"https:\\\/\\\/sha.de\\\/pt-pt\"},{\"@type\":\"ListItem\",\"position\":2,\"name\":\"Servi\u00e7os\",\"item\":\"https:\\\/\\\/sha.de\\\/pt-pt\\\/servicos\"},{\"@type\":\"ListItem\",\"position\":3,\"name\":\"Realiza\u00e7\u00e3o\"}]},{\"@type\":\"WebSite\",\"@id\":\"https:\\\/\\\/sha.de\\\/pt-pt#website\",\"url\":\"https:\\\/\\\/sha.de\\\/pt-pt\",\"name\":\"SHA Scheffler Helbich Architekten GmbH\",\"description\":\"\",\"potentialAction\":[{\"@type\":\"SearchAction\",\"target\":{\"@type\":\"EntryPoint\",\"urlTemplate\":\"https:\\\/\\\/sha.de\\\/pt-pt?s={search_term_string}\"},\"query-input\":{\"@type\":\"PropertyValueSpecification\",\"valueRequired\":true,\"valueName\":\"search_term_string\"}}],\"inLanguage\":\"pt-PT\"}]}<\/script>\n<!-- \/ Yoast SEO plugin. -->","yoast_head_json":{"title":"Supervis\u00e3o da constru\u00e7\u00e3o e controlo de custos | SHA Architekten","description":"Supervis\u00e3o abrangente da constru\u00e7\u00e3o durante a realiza\u00e7\u00e3o, combinada com o controlo dos custos e do calend\u00e1rio. Apoio desde o caderno de encargos at\u00e9 \u00e0 avalia\u00e7\u00e3o das propostas.","robots":{"index":"index","follow":"follow","max-snippet":"max-snippet:-1","max-image-preview":"max-image-preview:large","max-video-preview":"max-video-preview:-1"},"canonical":"https:\/\/sha.de\/pt-pt\/servicos\/realizacao","og_locale":"pt_PT","og_type":"article","og_title":"Supervis\u00e3o da constru\u00e7\u00e3o e controlo de custos | SHA Architekten","og_description":"Supervis\u00e3o abrangente da constru\u00e7\u00e3o durante a realiza\u00e7\u00e3o, combinada com o controlo dos custos e do calend\u00e1rio. Apoio desde o caderno de encargos at\u00e9 \u00e0 avalia\u00e7\u00e3o das propostas.","og_url":"https:\/\/sha.de\/pt-pt\/servicos\/realizacao","og_site_name":"SHA Scheffler Helbich Architekten GmbH","article_modified_time":"2024-08-28T13:04:01+00:00","twitter_card":"summary_large_image","twitter_misc":{"Tempo estimado de leitura":"12 minutos"},"schema":{"@context":"https:\/\/schema.org","@graph":[{"@type":"WebPage","@id":"https:\/\/sha.de\/pt-pt\/servicos\/realizacao","url":"https:\/\/sha.de\/pt-pt\/servicos\/realizacao","name":"Supervis\u00e3o da constru\u00e7\u00e3o e controlo de custos | SHA Architekten","isPartOf":{"@id":"https:\/\/sha.de\/pt-pt#website"},"datePublished":"2020-01-13T07:15:56+00:00","dateModified":"2024-08-28T13:04:01+00:00","description":"Supervis\u00e3o abrangente da constru\u00e7\u00e3o durante a realiza\u00e7\u00e3o, combinada com o controlo dos custos e do calend\u00e1rio. Apoio desde o caderno de encargos at\u00e9 \u00e0 avalia\u00e7\u00e3o das propostas.","breadcrumb":{"@id":"https:\/\/sha.de\/pt-pt\/servicos\/realizacao#breadcrumb"},"inLanguage":"pt-PT","potentialAction":[{"@type":"ReadAction","target":["https:\/\/sha.de\/pt-pt\/servicos\/realizacao"]}]},{"@type":"BreadcrumbList","@id":"https:\/\/sha.de\/pt-pt\/servicos\/realizacao#breadcrumb","itemListElement":[{"@type":"ListItem","position":1,"name":"Startseite","item":"https:\/\/sha.de\/pt-pt"},{"@type":"ListItem","position":2,"name":"Servi\u00e7os","item":"https:\/\/sha.de\/pt-pt\/servicos"},{"@type":"ListItem","position":3,"name":"Realiza\u00e7\u00e3o"}]},{"@type":"WebSite","@id":"https:\/\/sha.de\/pt-pt#website","url":"https:\/\/sha.de\/pt-pt","name":"SHA Scheffler Helbich Architekten GmbH","description":"","potentialAction":[{"@type":"SearchAction","target":{"@type":"EntryPoint","urlTemplate":"https:\/\/sha.de\/pt-pt?s={search_term_string}"},"query-input":{"@type":"PropertyValueSpecification","valueRequired":true,"valueName":"search_term_string"}}],"inLanguage":"pt-PT"}]}},"_links":{"self":[{"href":"https:\/\/sha.de\/pt-pt\/wp-json\/wp\/v2\/pages\/39232","targetHints":{"allow":["GET"]}}],"collection":[{"href":"https:\/\/sha.de\/pt-pt\/wp-json\/wp\/v2\/pages"}],"about":[{"href":"https:\/\/sha.de\/pt-pt\/wp-json\/wp\/v2\/types\/page"}],"author":[{"embeddable":true,"href":"https:\/\/sha.de\/pt-pt\/wp-json\/wp\/v2\/users\/1"}],"replies":[{"embeddable":true,"href":"https:\/\/sha.de\/pt-pt\/wp-json\/wp\/v2\/comments?post=39232"}],"version-history":[{"count":10,"href":"https:\/\/sha.de\/pt-pt\/wp-json\/wp\/v2\/pages\/39232\/revisions"}],"predecessor-version":[{"id":39269,"href":"https:\/\/sha.de\/pt-pt\/wp-json\/wp\/v2\/pages\/39232\/revisions\/39269"}],"up":[{"embeddable":true,"href":"https:\/\/sha.de\/pt-pt\/wp-json\/wp\/v2\/pages\/30194"}],"wp:attachment":[{"href":"https:\/\/sha.de\/pt-pt\/wp-json\/wp\/v2\/media?parent=39232"}],"curies":[{"name":"wp","href":"https:\/\/api.w.org\/{rel}","templated":true}]}}